{"id":164658,"date":"2023-11-17T14:17:25","date_gmt":"2023-11-17T14:17:25","guid":{"rendered":"https:\/\/gpdstore.net\/sem%20categoria\/gpd-win-4-2023-pc-portatil-para-jogos\/"},"modified":"2026-01-09T00:12:50","modified_gmt":"2026-01-09T00:12:50","slug":"gpd-win-4-2023","status":"publish","type":"product","link":"https:\/\/gpdstore.net\/pt-pt\/product\/gpd-win-4-2023\/","title":{"rendered":"GPD WIN 4 2023 PC port\u00e1til para jogos"},"content":{"rendered":"\n<figure class=\"wp-block-video\"><video controls=\"\" muted=\"\" poster=\"https:\/\/gpdstore.net\/wp-content\/uploads\/2024\/03\/gpd-win4-indiegogo-time-is-here-v0-te3iiclycf5a1.webp\" src=\"https:\/\/gpdstore.net\/wp-content\/uploads\/\"><\/video><\/figure>\n\n<div class=\"wp-block-columns is-layout-flex wp-container-core-columns-is-layout-28f84493 wp-block-columns-is-layout-flex\">\n<div class=\"wp-block-column is-layout-flow wp-block-column-is-layout-flow\" style=\"flex-basis:33.33%\">\n<figure class=\"wp-block-image size-full\"><img fetchpriority=\"high\" decoding=\"async\" width=\"1000\" height=\"1000\" src=\"https:\/\/gpdstore.net\/wp-content\/uploads\/2024\/05\/GPD-WIN-4-2024-WHITE-DONE-LISTING-IMAGE-5.jpg\" alt=\"gpd win 4 em branco\" class=\"wp-image-1555\" srcset=\"https:\/\/gpdstore.net\/wp-content\/uploads\/2024\/05\/GPD-WIN-4-2024-WHITE-DONE-LISTING-IMAGE-5.jpg 1000w, https:\/\/gpdstore.net\/wp-content\/uploads\/2024\/05\/GPD-WIN-4-2024-WHITE-DONE-LISTING-IMAGE-5-600x600.jpg 600w, https:\/\/gpdstore.net\/wp-content\/uploads\/2024\/05\/GPD-WIN-4-2024-WHITE-DONE-LISTING-IMAGE-5-150x150.jpg 150w, https:\/\/gpdstore.net\/wp-content\/uploads\/2024\/05\/GPD-WIN-4-2024-WHITE-DONE-LISTING-IMAGE-5-768x768.jpg 768w, https:\/\/gpdstore.net\/wp-content\/uploads\/2024\/05\/GPD-WIN-4-2024-WHITE-DONE-LISTING-IMAGE-5-990x990.jpg 990w, https:\/\/gpdstore.net\/wp-content\/uploads\/2024\/05\/GPD-WIN-4-2024-WHITE-DONE-LISTING-IMAGE-5-441x441.jpg 441w, https:\/\/gpdstore.net\/wp-content\/uploads\/2024\/05\/GPD-WIN-4-2024-WHITE-DONE-LISTING-IMAGE-5-100x100.jpg 100w\" sizes=\"(max-width: 1000px) 100vw, 1000px\" \/><\/figure>\n<\/div>\n\n\n\n<div class=\"wp-block-column is-layout-flow wp-block-column-is-layout-flow\" style=\"flex-basis:66.66%\">\n<h2 class=\"wp-block-heading\"><strong>Bem-vindo ao GPD WIN 4 2023: A tua melhor experi\u00eancia de jogo em movimento<\/strong><\/h2>\n\n\n\n<p>Diga adeus \u00e0s limita\u00e7\u00f5es da sua configura\u00e7\u00e3o de jogos em casa e ol\u00e1 \u00e0 liberdade de jogar em qualquer lugar, a qualquer hora! Apresentamos o <strong>GPD WIN 4 2023<\/strong>, o derradeiro PC de jogos port\u00e1til que lhe permite libertar as suas capacidades de jogo em movimento. Este extraordin\u00e1rio dispositivo combina na perfei\u00e7\u00e3o a pot\u00eancia de um PC para jogos de elevado desempenho com a comodidade de um dispositivo port\u00e1til, permitindo-lhe mergulhar nos seus jogos favoritos onde quer que a vida o leve.  <br\/><\/p>\n<\/div>\n<\/div>\n\n<h2 class=\"wp-block-heading has-text-align-center\">Constru\u00eddo para a vit\u00f3ria: Controlos de precis\u00e3o, armazenamento massivo e refrigera\u00e7\u00e3o avan\u00e7ada<\/h2>\n\n<div class=\"wp-block-columns is-layout-flex wp-container-core-columns-is-layout-28f84493 wp-block-columns-is-layout-flex\">\n<div class=\"wp-block-column is-layout-flow wp-block-column-is-layout-flow\">\n<figure class=\"wp-block-image size-full\"><img decoding=\"async\" src=\"https:\/\/gpdstore.net\/wp-content\/uploads\/\" alt=\"stick anal&#xF3;gico para gpd win 4\" class=\"wp-image-1557\"\/><\/figure>\n\n\n\n<h3 class=\"wp-block-heading\"><strong><strong><strong>Controlo m\u00e1ximo:<\/strong> Domina a jogabilidade com os joysticks ALPS 3D e o movimento de 6 eixos.<\/strong><\/strong><\/h3>\n\n\n\n<p>O GPD WIN 4 2023 oferece-te uma experi\u00eancia de jogo superior com os seus joysticks ALPS 3D e bot\u00f5es de jogo. Estes controlos de alta qualidade proporcionam uma entrada precisa e um feedback \u00f3timo, garantindo uma jogabilidade precisa e envolvente. Com o girosc\u00f3pio de 6 eixos, poder\u00e1s desfrutar de controlos de movimento melhorados, permitindo movimentos intuitivos em jogos compat\u00edveis. Os motores de vibra\u00e7\u00e3o dupla melhoram ainda mais a tua experi\u00eancia de jogo, proporcionando um feedback t\u00e1til que acrescenta um novo n\u00edvel de imers\u00e3o \u00e0s tuas aventuras.   <\/p>\n<\/div>\n\n\n\n<div class=\"wp-block-column is-layout-flow wp-block-column-is-layout-flow\">\n<figure class=\"wp-block-image size-full\"><img decoding=\"async\" width=\"300\" height=\"300\" src=\"https:\/\/gpdstore.net\/wp-content\/uploads\/2024\/05\/078c9d42-e74f-4fb3-893b-5f22ffd9d6ed.__CR1300600600_PT0_SX300_V1___.jpg\" alt=\"ssd no gpd win 4\" class=\"wp-image-1558\" srcset=\"https:\/\/gpdstore.net\/wp-content\/uploads\/2024\/05\/078c9d42-e74f-4fb3-893b-5f22ffd9d6ed.__CR1300600600_PT0_SX300_V1___.jpg 300w, https:\/\/gpdstore.net\/wp-content\/uploads\/2024\/05\/078c9d42-e74f-4fb3-893b-5f22ffd9d6ed.__CR1300600600_PT0_SX300_V1___-150x150.jpg 150w, https:\/\/gpdstore.net\/wp-content\/uploads\/2024\/05\/078c9d42-e74f-4fb3-893b-5f22ffd9d6ed.__CR1300600600_PT0_SX300_V1___-100x100.jpg 100w\" sizes=\"(max-width: 300px) 100vw, 300px\" \/><\/figure>\n\n\n\n<h3 class=\"wp-block-heading\"><strong><strong><strong>Atraso zero:<\/strong> Elimina os tempos de carregamento com at\u00e9 4TB de armazenamento SSD PCIe 4.0.<\/strong><\/strong><\/h3>\n\n\n\n<p>O GPD WIN 4 2023 oferece amplas op\u00e7\u00f5es de armazenamento para satisfazer as tuas necessidades em termos de biblioteca de jogos e multim\u00e9dia. Com um PCIe 4.0 M.2 2280 SSD, podes escolher entre 512GB, 2TB ou uns impressionantes 4TB de espa\u00e7o de armazenamento. Este SSD de alta velocidade garante um acesso r\u00e1pido aos dados e tempos de carregamento reduzidos, permitindo-te saltar para os teus jogos favoritos sem demora. Com uma capacidade de armazenamento t\u00e3o grande, nunca ter\u00e1s de te preocupar em ficar sem espa\u00e7o para a tua cole\u00e7\u00e3o crescente de jogos, filmes ou outros ficheiros multim\u00e9dia.    <\/p>\n<\/div>\n\n\n\n<div class=\"wp-block-column is-layout-flow wp-block-column-is-layout-flow\">\n<figure class=\"wp-block-image size-full\"><img decoding=\"async\" width=\"300\" height=\"300\" src=\"https:\/\/gpdstore.net\/wp-content\/uploads\/2024\/05\/a8eb6f30-f8ed-4e5f-8fa9-fd52740523bc.__CR1530747747_PT0_SX300_V1___.jpg\" alt=\"sistema de arrefecimento para gpd win mini\" class=\"wp-image-1559\" srcset=\"https:\/\/gpdstore.net\/wp-content\/uploads\/2024\/05\/a8eb6f30-f8ed-4e5f-8fa9-fd52740523bc.__CR1530747747_PT0_SX300_V1___.jpg 300w, https:\/\/gpdstore.net\/wp-content\/uploads\/2024\/05\/a8eb6f30-f8ed-4e5f-8fa9-fd52740523bc.__CR1530747747_PT0_SX300_V1___-150x150.jpg 150w, https:\/\/gpdstore.net\/wp-content\/uploads\/2024\/05\/a8eb6f30-f8ed-4e5f-8fa9-fd52740523bc.__CR1530747747_PT0_SX300_V1___-100x100.jpg 100w\" sizes=\"(max-width: 300px) 100vw, 300px\" \/><\/figure>\n\n\n\n<h3 class=\"wp-block-heading\"><strong><strong><strong>Desempenho m\u00e1ximo:<\/strong> Evita o estrangulamento com o sistema de arrefecimento de tubo de calor duplo 50% mais eficiente.<\/strong><\/strong><\/h3>\n\n\n\n<p>O GPD WIN 4 2023 incorpora um sistema de arrefecimento sofisticado para garantir um desempenho \u00f3timo mesmo durante sess\u00f5es de jogo prolongadas. Com tubos de calor duplos e espessos, este PC port\u00e1til para jogos aumenta a efici\u00eancia t\u00e9rmica em 50% em compara\u00e7\u00e3o com os modelos anteriores. A dissipa\u00e7\u00e3o de calor melhorada garante que o teu dispositivo se mant\u00e9m fresco sob cargas pesadas, evitando a acelera\u00e7\u00e3o do desempenho e mantendo uma jogabilidade suave e ininterrupta.  <\/p>\n<\/div>\n<\/div>\n\n<h2 class=\"wp-block-heading\">GPD WIN 4 2024: Um avan\u00e7o nos PCs port\u00e1teis para jogos<\/h2>\n\n<figure class=\"wp-block-image size-large\"><img decoding=\"async\" src=\"https:\/\/gpdstore.net\/wp-content\/uploads\/\" alt=\"gpd win 4 em branco\" class=\"wp-image-1626\"\/><\/figure>\n\n<h2 class=\"wp-block-heading\"><strong>Desempenho inigual\u00e1vel: Com os processadores AMD Ryzen 7 e 5<\/strong><\/h2>\n\n<p>No centro do <strong>GPD WIN 4 2023<\/strong> encontra-se a escolha entre o processador <a href=\"https:\/\/www.amd.com\/en\/products\/apu\/amd-ryzen-7-7840u\" target=\"_blank\" rel=\"noreferrer noopener\">AMD Ryzen 7 7840U<\/a>, com 8 n\u00facleos e 16 threads que funcionam at\u00e9 5,1 GHz, e o <a href=\"https:\/\/www.amd.com\/en\/products\/apu\/amd-ryzen-5-7640u\" target=\"_blank\" rel=\"noreferrer noopener\">AMD Ryzen 5 7640U<\/a> com 6 n\u00facleos e 12 threads, atingindo velocidades at\u00e9 4,9 GHz. Em conjunto com as GPUs AMD Radeon, o <strong>GPD WIN 4 2023<\/strong> garante-te uma jogabilidade suave mesmo nos t\u00edtulos mais exigentes. A sua potente placa gr\u00e1fica proporciona visuais deslumbrantes e velocidades de fotogramas suaves, oferecendo uma experi\u00eancia de jogo envolvente, quer estejas a explorar vastos mundos abertos ou a participar em intensas batalhas multijogador.<\/p>\n\n<h2 class=\"wp-block-heading\"><strong>Liberta a tua criatividade: At\u00e9 64GB de RAM LPDDR5X<\/strong><\/h2>\n\n<p>Para complementar o incr\u00edvel desempenho, o <strong>GPD WIN 4 2023<\/strong> est\u00e1 equipado com 32 GB ou 64 GB de RAM LPDDR5X no modelo 7840U e 16 GB de RAM <a href=\"https:\/\/en.wikipedia.org\/wiki\/LPDDR\" target=\"_blank\" rel=\"noreferrer noopener\">LPDDR5X<\/a> no modelo 7640U. Com uma velocidade de mem\u00f3ria ultra-r\u00e1pida de 6400 MT\/s, experimenta tempos de carregamento r\u00e1pidos e multitarefas sem falhas. Diz adeus ao lag e diverte-te com uma jogabilidade ininterrupta enquanto conquistas miss\u00f5es, exploras novos reinos ou crias as tuas obras-primas virtuais.<\/p>\n\n<h2 class=\"wp-block-heading\"><strong>Imagens cativantes: Ecr\u00e3 t\u00e1til de 6<\/strong><\/h2>\n\n<p>Experimente os jogos como nunca antes com o fant\u00e1stico ecr\u00e3 t\u00e1til de 6&#8243; do <strong>GPD WIN 4 2023<\/strong>. Com uma resolu\u00e7\u00e3o Full HD (1920&#215;1080) e uma densidade de p\u00edxeis de 368 <a href=\"https:\/\/en.wikipedia.org\/wiki\/Pixel_density\" target=\"_blank\" rel=\"noreferrer noopener\">PPI<\/a>, todos os fotogramas s\u00e3o reproduzidos com precis\u00e3o e nitidez. O ecr\u00e3 suporta uma taxa de atualiza\u00e7\u00e3o de 44Hz e 60Hz, garantindo uma jogabilidade suave e minimizando a desfocagem dos movimentos. Mergulhe nos mundos cativantes dos seus jogos favoritos com imagens que ganham vida.   <\/p>\n\n<h2 class=\"wp-block-heading\"><strong>Escreve sem esfor\u00e7o: Teclado QWERTY com retroilumina\u00e7\u00e3o ajust\u00e1vel<\/strong><\/h2>\n\n<p>Concebido para ser pr\u00e1tico, o <strong>GPD WIN 4 2023<\/strong> inclui um teclado QWERTY com teclas de tesoura. Proporcionando uma experi\u00eancia de digita\u00e7\u00e3o t\u00e1til, este teclado permite-lhe conversar com amigos, navegar na Internet ou tomar notas sem esfor\u00e7o. A retroilumina\u00e7\u00e3o ajust\u00e1vel sempre ligada garante que pode continuar a jogar ou a trabalhar mesmo em ambientes pouco iluminados. Transite sem problemas dos jogos para a produtividade com o teclado confort\u00e1vel e vers\u00e1til do <strong>GPD WIN 4 2023<\/strong>.   <\/p>\n\n<h2 class=\"wp-block-heading\"><strong>Navega\u00e7\u00e3o fluida: Navega\u00e7\u00e3o \u00f3tica com os dedos<\/strong><\/h2>\n\n<p>Navegar pelos seus jogos e aplica\u00e7\u00f5es favoritos \u00e9 f\u00e1cil com a navega\u00e7\u00e3o \u00f3tica com o dedo do <strong>GPD WIN 4 2023<\/strong>. Diga adeus aos inc\u00f3modos touchpads e desfrute de um controlo preciso e reativo com esta funcionalidade intuitiva. Quer esteja a percorrer menus ou a explorar ambientes expansivos, a navega\u00e7\u00e3o \u00f3tica com o dedo proporciona uma navega\u00e7\u00e3o suave e precisa para uma experi\u00eancia de utiliza\u00e7\u00e3o perfeita.  <\/p>\n\n<h2 class=\"wp-block-heading\"><strong>Conectividade vers\u00e1til: USB4, OCuLink, USB Type-C e ranhura para cart\u00e3o microSD<\/strong><\/h2>\n\n<figure class=\"wp-block-image size-full\"><img decoding=\"async\" src=\"https:\/\/gpdstore.net\/wp-content\/uploads\/\" alt=\"gpd win 4 com gpd g1\" class=\"wp-image-1625\"\/><\/figure>\n\n<p>O <strong>GPD WIN 4 2023<\/strong> satisfaz as suas necessidades de conetividade com uma gama de op\u00e7\u00f5es. A porta USB4 permite-lhe ligar dispositivos externos e perif\u00e9ricos, expandindo as suas possibilidades de jogo. A porta <a href=\"https:\/\/droix.net\/blogs\/oculink-transforming-graphics-card-connectivity\/\" target=\"_blank\" rel=\"noreferrer noopener\">OCuLink<\/a> fornece uma liga\u00e7\u00e3o <a href=\"https:\/\/en.wikipedia.org\/wiki\/PCI_Express\" target=\"_blank\" rel=\"noreferrer noopener\">PCIe<\/a> Gen4 x4 direta com uma impressionante largura de banda efectiva de 63 Gbps, suportando uma transfer\u00eancia de dados extremamente r\u00e1pida, e a GPD G1 Docking Station para op\u00e7\u00f5es de conetividade adicionais. A porta USB Type-C assegura a compatibilidade com uma variedade de dispositivos e a ranhura para cart\u00f5es microSD permite uma expans\u00e3o de armazenamento conveniente.   <\/p>\n\n<h2 class=\"wp-block-heading\"><strong>Conectividade de alta velocidade: Wi-Fi 6 e Bluetooth 5.2<\/strong><\/h2>\n\n<p>Mantenha-se ligado sem problemas com a capacidade Wi-Fi 6 do <strong>GPD WIN 4 2023<\/strong>. Oferecendo velocidades at\u00e9 2042 Mbps, desfrute de jogos online sem atrasos, streaming suave e transfer\u00eancias r\u00e1pidas. Diga adeus aos atrasos e desfrute de uma liga\u00e7\u00e3o est\u00e1vel e r\u00e1pida onde quer que as suas aventuras o levem. Quer esteja a lutar contra advers\u00e1rios online ou a transmitir os seus conte\u00fados favoritos, o <strong>GPD WIN 4 2023<\/strong> mant\u00e9m-no ligado com uma velocidade sem paralelo.   <\/p>\n\n<h2 class=\"wp-block-heading\"><strong>M\u00f3dulo 4G LTE opcional: Fica ligado em qualquer lugar<\/strong><\/h2>\n\n<p>Para aqueles que anseiam por uma conetividade ininterrupta longe das redes Wi-Fi, o <strong>GPD WIN 4 2023<\/strong> oferece um m\u00f3dulo GPD 4G LTE opcional. Compat\u00edvel com redes 4G TD-LTE, FDD-LTE e 3G CDMA, este m\u00f3dulo garante-lhe uma liga\u00e7\u00e3o permanente onde quer que esteja. Basta inserir um cart\u00e3o Nano-SIM e ter\u00e1 acesso a dados m\u00f3veis r\u00e1pidos e fi\u00e1veis em qualquer lugar. Mantenha-se ligado aos seus amigos, participe em jogos multijogador online e desfrute de entretenimento em streaming sem depender de redes Wi-Fi.   <\/p>\n\n<h2 class=\"wp-block-heading\"><strong>Apresentamos o MotionAssistant: Melhora a tua experi\u00eancia de jogo<\/strong><\/h2>\n\n<p>Para melhorar ainda mais a sua experi\u00eancia de jogo, o <strong>GPD WIN 4 2023<\/strong> vem equipado com o poderoso software MotionAssistant. Desenvolvido especificamente para a s\u00e9rie de dispositivos de jogos port\u00e1teis GPD, esta ferramenta oferece uma variedade de funcionalidades de otimiza\u00e7\u00e3o para afinar a sua experi\u00eancia de jogo. Desde a afina\u00e7\u00e3o do TDP em incrementos de 1W at\u00e9 \u00e0 frequ\u00eancia de bloqueio da GPU, tem controlo total sobre o desempenho do seu dispositivo. As defini\u00e7\u00f5es predefinidas de consumo de energia permitem-lhe equilibrar o desempenho e a dura\u00e7\u00e3o da bateria de acordo com as suas necessidades. O software tamb\u00e9m fornece teclas de atalho para alternar entre primeiro plano, sobreposi\u00e7\u00e3o no ecr\u00e3 de jogo para acesso r\u00e1pido a fun\u00e7\u00f5es essenciais e mapeamento personalizado dos bot\u00f5es traseiros para teclas de atalho. Com o MotionAssistant, pode alterar as defini\u00e7\u00f5es sem interromper o jogo, tornando mais f\u00e1cil do que nunca otimizar a sua experi\u00eancia de jogo.     <\/p>\n\n<h2 class=\"wp-block-heading\"><strong>Em conclus\u00e3o<\/strong><\/h2>\n\n<p>O <strong>GPD WIN 4 2023<\/strong> redefine os jogos em movimento, oferecendo um formato compacto com hardware potente, um ecr\u00e3 cativante, controlos confort\u00e1veis e conetividade vers\u00e1til. Quer seja um jogador casual que desfruta dos seus t\u00edtulos favoritos ou um entusiasta s\u00e9rio que procura jogos de elevado desempenho em movimento, o <strong>GPD WIN 4 2023<\/strong> \u00e9 o companheiro perfeito. Liberte o seu poder de jogo em qualquer lugar e em qualquer altura com este dispositivo extraordin\u00e1rio. Prepare-se para redefinir os jogos port\u00e1teis com o <strong>GPD WIN 4 2023<\/strong>.   <\/p>\n\n<h3 class=\"wp-block-heading\"><strong>Pr\u00f3s do GPD WIN 4 2023:<\/strong><\/h3>\n\n<ol class=\"wp-block-list\">\n<li><strong>Desempenho poderoso:<\/strong> Inclui CPU e GPU AMD Ryzen s\u00e9rie 5 e 7 de alto desempenho, oferecendo um desempenho excecional em jogos e capacidades multitarefa.<\/li>\n\n\n\n<li><strong>Design compacto e port\u00e1til:<\/strong> O formato port\u00e1til proporciona a conveni\u00eancia de jogar em qualquer lugar. \u00c9 leve e cabe facilmente na tua mala, permitindo-te desfrutar dos jogos onde quer que estejas. <\/li>\n\n\n\n<li><strong>Conectividade vers\u00e1til:<\/strong> Oferece uma gama de op\u00e7\u00f5es de conetividade, incluindo USB4, Oculink, USB Type-C e uma ranhura para cart\u00f5es microSD. Estas op\u00e7\u00f5es proporcionam flexibilidade para ligares dispositivos externos e expandires o armazenamento. <\/li>\n\n\n\n<li><strong>Op\u00e7\u00f5es de personaliza\u00e7\u00e3o:<\/strong> Com o software MotionAssistant, afine e optimize a sua experi\u00eancia de jogo. Desde o ajuste do TDP at\u00e9 ao mapeamento personalizado dos bot\u00f5es, personalize o dispositivo de acordo com as suas prefer\u00eancias. <\/li>\n\n\n\n<li><strong>Solu\u00e7\u00e3o de jogos tudo-em-um:<\/strong> Combina a funcionalidade de um PC para jogos com a portabilidade de um dispositivo port\u00e1til, eliminando a necessidade de consolas de jogos separadas e permitindo-te desfrutar de uma vasta gama de jogos num \u00fanico dispositivo.<\/li>\n<\/ol>\n\n<h3 class=\"wp-block-heading\"><strong>Contras do GPD WIN 4 2023:<\/strong><\/h3>\n\n<ol class=\"wp-block-list\">\n<li><strong>Tamanho de ecr\u00e3 limitado:<\/strong> Com um ecr\u00e3 t\u00e1til de 6&#8243;, que pode parecer pequeno em compara\u00e7\u00e3o com os monitores de secret\u00e1ria ou port\u00e1teis para jogos maiores, o que pode afetar a experi\u00eancia de imers\u00e3o de alguns jogadores.<\/li>\n\n\n\n<li><strong>Tamanho reduzido do teclado:<\/strong> Devido ao formato compacto, o teclado \u00e9 mais pequeno e pode demorar algum tempo a adaptar-se para os utilizadores habituados a teclados de tamanho normal.<\/li>\n\n\n\n<li><strong>Depend\u00eancia da bateria:<\/strong> Sendo um dispositivo port\u00e1til, o GPD WIN 4 2023 depende da sua bateria interna para ser alimentado. As sess\u00f5es de jogo prolongadas podem exigir recargas frequentes, limitando a quantidade de jogos ininterruptos&#8230; <\/li>\n<\/ol>\n","protected":false},"excerpt":{"rendered":"<ul>\n<li>CPU: AMD Ryzen 5 \/ 7<strong> 7640U \/ 7840U <\/strong> <\/li>\n<li>GPU: AMD Radeon<strong> 760M \/ 780M<\/strong><\/li>\n<li>RAM: at\u00e9<strong> 64GB LPDDR5X @ 6400 MT\/s<\/strong><\/li>\n<li>ARMAZENAMENTO: at\u00e9<strong> 4TB<\/strong> <strong>Gen 4<\/strong> PCI-E NVMe SSD<\/li>\n<li>CONECTIVIDADE: Suporta Wi-Fi<strong> 6<\/strong> e Bluetooth <strong>5.2<\/strong> <\/li>\n<\/ul>\n<p><img loading=\"lazy\" decoding=\"async\" src=\"https:\/\/gpdstore.net\/wp-content\/uploads\/2024\/03\/WIN-4-FREE-GIFTS.jpg\" alt=\"\" width=\"2000\" height=\"500\" class=\"alignnone size-full wp-image-4175\" srcset=\"https:\/\/gpdstore.net\/wp-content\/uploads\/2024\/03\/WIN-4-FREE-GIFTS.jpg 2000w, https:\/\/gpdstore.net\/wp-content\/uploads\/2024\/03\/WIN-4-FREE-GIFTS-600x150.jpg 600w, https:\/\/gpdstore.net\/wp-content\/uploads\/2024\/03\/WIN-4-FREE-GIFTS-1200x300.jpg 1200w, https:\/\/gpdstore.net\/wp-content\/uploads\/2024\/03\/WIN-4-FREE-GIFTS-768x192.jpg 768w, https:\/\/gpdstore.net\/wp-content\/uploads\/2024\/03\/WIN-4-FREE-GIFTS-1536x384.jpg 1536w, https:\/\/gpdstore.net\/wp-content\/uploads\/2024\/03\/WIN-4-FREE-GIFTS-360x90.jpg 360w, https:\/\/gpdstore.net\/wp-content\/uploads\/2024\/03\/WIN-4-FREE-GIFTS-990x248.jpg 990w, https:\/\/gpdstore.net\/wp-content\/uploads\/2024\/03\/WIN-4-FREE-GIFTS-441x110.jpg 441w, https:\/\/gpdstore.net\/wp-content\/uploads\/2024\/03\/WIN-4-FREE-GIFTS-150x38.jpg 150w\" sizes=\"(max-width: 2000px) 100vw, 2000px\" \/><\/p>\n[cg_accordion title=\"INFORMA\u00c7\u00d5ES DE PAGAMENTO\"]<\/p>\n<p>Utilizamos a mais recente tecnologia em processamento de pagamentos, o que lhe permite efetuar o checkout atrav\u00e9s do seu cart\u00e3o de d\u00e9bito\/cr\u00e9dito ou PayPal para uma experi\u00eancia r\u00e1pida e segura.[\/cg_accordion]\n[cg_accordion title=\"GARANTIA\"]<\/p>\n<p>2 anos de garantia da <a href=\"https:\/\/droix.net\/\" target=\"_blank\" rel=\"nofollow noopener\">DROIX Global<\/a> para a sua paz de esp\u00edrito[\/cg_accordion]\n[cg_accordion title=\"GARANTIA DE QUALIDADE E ENSAIOS PR\u00c9-EXPEDI\u00c7\u00c3O\"]<\/p>\n<p>Garante a satisfa\u00e7\u00e3o do cliente ao mais alto n\u00edvel: Todos os dispositivos s\u00e3o submetidos a testes rigorosos e a uma verifica\u00e7\u00e3o de garantia de qualidade multiponto antes de serem enviados. A nossa equipa dedicada verifica o desempenho, a funcionalidade e a integridade dos componentes para garantir que o teu dispositivo GPD est\u00e1 em perfeitas condi\u00e7\u00f5es de funcionamento \u00e0 chegada, proporcionando-te confian\u00e7a e paz de esp\u00edrito. [\/cg_accordion]\n[cg_accordion title=\"PRE\u00c7OS, IMPOSTOS E ENVIO\"]<\/p>\n<p><strong><u>Nota:<\/u><\/strong><\/p>\n<ul>\n<li>Clientes dos Estados Unidos: O pre\u00e7o apresentado N\u00c3O inclui TAXAS nem impostos. A responsabilidade pelo desalfandegamento e pelo pagamento de quaisquer impostos\/taxas associadas recai sobre o cliente. <\/li>\n<li>Clientes da UE: O pre\u00e7o apresentado inclui o IMPOSTO aplic\u00e1vel, que pode ir at\u00e9 25% consoante o pa\u00eds.<\/li>\n<li>Clientes do Canad\u00e1: O pre\u00e7o apresentado inclui os impostos aplic\u00e1veis, que podem incluir 5% de GST e impostos adicionais sobre vendas provinciais (PST), imposto sobre vendas harmonizado (HST) ou imposto sobre vendas do Quebec (QST), dependendo da sua prov\u00edncia.<\/li>\n<\/ul>\n<p><strong>APENAS para clientes da UE:<\/strong> Expresso DDP (Delivered Duty Paid). Isto significa que: <\/p>\n<ul>\n<li>Todos os direitos aduaneiros e impostos est\u00e3o inclu\u00eddos no pre\u00e7o apresentado na p\u00e1gina do produto.<\/li>\n<li>N\u00e3o ter\u00e1 de pagar quaisquer encargos adicionais aquando da entrega.<\/li>\n<li>Na rara eventualidade de problemas relacionados com a alf\u00e2ndega, a nossa equipa tratar\u00e1 do processo de desalfandegamento em seu nome para garantir uma experi\u00eancia de entrega sem problemas.<\/li>\n<p>Informa\u00e7\u00f5es importantes sobre as devolu\u00e7\u00f5es:<\/p>\n<li>Se decidir devolver a sua encomenda ou solicitar um reembolso, tenha em aten\u00e7\u00e3o que os impostos e direitos pagos em seu nome ao abrigo das condi\u00e7\u00f5es DDP n\u00e3o podem ser reembolsados.<\/li>\n<p>Consulte os nossos <a href=\"https:\/\/droix.net\/terms-and-conditions\/\" target=\"_blank\" rel=\"nofollow noopener\">Termos e Condi\u00e7\u00f5es<\/a> para obter informa\u00e7\u00f5es pormenorizadas.\n<\/ul>\n<p>[\/cg_accordion]\n[cg_accordion title=\"APOIO AO CLIENTE\"]<\/p>\n<p>Tem uma pergunta? Estamos a uma curta mensagem de texto de ter o seu problema resolvido! <\/p>\n<p>Consulte os nossos <a href=\"https:\/\/gpdstore.net\/pt-pt\/terms-of-service\/\" target=\"_blank\" rel=\"nofollow noopener\">Termos e Condi\u00e7\u00f5es<\/a> para obter informa\u00e7\u00f5es pormenorizadas.\n<\/ul>\n<p>[\/cg_accordion]\n[cg_accordion title=\"O QUE EST\u00c1 INCLU\u00cdDO\"]<\/p>\n<ul>\n<li>1x GPD WIN 4 2023<\/li>\n<li>1x Adaptador de alimenta\u00e7\u00e3o<\/li>\n<li>1x Cabo USB tipo C<\/li>\n<li>1x Manual do utilizador<\/li>\n<\/ul>\n<p>[\/cg_accordion]\n","protected":false},"featured_media":164711,"template":"","meta":{"_acf_changed":false},"product_brand":[],"product_cat":[5901],"product_tag":[6882],"woo-feed-brand":[5757],"class_list":{"0":"post-164658","1":"product","2":"type-product","3":"status-publish","4":"has-post-thumbnail","6":"product_cat-gpd-handheld-pc-para-jogos-2","7":"product_tag-gpd-win-4-pt-pt","8":"product_shipping_class-premium","9":"pa_bluetooth-5-2-pt-pt","10":"pa_brand-gpd","11":"pa_graphics-gpu-model-radeon-760m-pt-pt","12":"pa_graphics-gpu-model-radeon-780m-pt-pt","13":"pa_i-o-video-1x-oculink-pt-pt","14":"pa_i-o-video-via-1x-usb-4-0-type-c-40gb-s-pt-pt","15":"pa_memory-ram-capacity-16-gb-pt-pt-2","16":"pa_memory-ram-capacity-32-gb-pt-pt","17":"pa_memory-ram-capacity-64-gb-pt-pt","18":"pa_memory-ram-technology-lpddr5x-pt-pt","19":"pa_processor-cpu-model-amd-ryzen-5-7640u","20":"pa_processor-cpu-model-amd-ryzen-7-7840u","21":"pa_storage-capacity-512-gb-pt-pt","22":"pa_storage-capacity-1tb-pt-pt-2","23":"pa_storage-capacity-2tb-pt-pt","24":"pa_storage-capacity-4tb-pt-pt","25":"pa_storage-technology-pcie-gen-4-pt-pt","26":"pa_wi-fi-wi-fi-6-pt-pt","27":"woo-feed-brand-gpd-pt-pt","29":"first","30":"outofstock","31":"sale","32":"taxable","33":"shipping-taxable","34":"purchasable","35":"product-type-variable","36":"has-default-attributes"},"acf":[],"aioseo_notices":[],"_links":{"self":[{"href":"https:\/\/gpdstore.net\/pt-pt\/wp-json\/wp\/v2\/product\/164658","targetHints":{"allow":["GET"]}}],"collection":[{"href":"https:\/\/gpdstore.net\/pt-pt\/wp-json\/wp\/v2\/product"}],"about":[{"href":"https:\/\/gpdstore.net\/pt-pt\/wp-json\/wp\/v2\/types\/product"}],"wp:featuredmedia":[{"embeddable":true,"href":"https:\/\/gpdstore.net\/pt-pt\/wp-json\/wp\/v2\/media\/164711"}],"wp:attachment":[{"href":"https:\/\/gpdstore.net\/pt-pt\/wp-json\/wp\/v2\/media?parent=164658"}],"wp:term":[{"taxonomy":"product_brand","embeddable":true,"href":"https:\/\/gpdstore.net\/pt-pt\/wp-json\/wp\/v2\/product_brand?post=164658"},{"taxonomy":"product_cat","embeddable":true,"href":"https:\/\/gpdstore.net\/pt-pt\/wp-json\/wp\/v2\/product_cat?post=164658"},{"taxonomy":"product_tag","embeddable":true,"href":"https:\/\/gpdstore.net\/pt-pt\/wp-json\/wp\/v2\/product_tag?post=164658"},{"taxonomy":"woo-feed-brand","embeddable":true,"href":"https:\/\/gpdstore.net\/pt-pt\/wp-json\/wp\/v2\/woo-feed-brand?post=164658"}],"curies":[{"name":"wp","href":"https:\/\/api.w.org\/{rel}","templated":true}]}}