{"id":135349,"date":"2024-01-23T13:57:51","date_gmt":"2024-01-23T13:57:51","guid":{"rendered":"https:\/\/gpdstore.net\/sem%20categoria\/cabo-usb-4-0-tipo-c\/"},"modified":"2025-12-23T10:23:15","modified_gmt":"2025-12-23T10:23:15","slug":"usb-4-0-type-c-cable","status":"publish","type":"product","link":"https:\/\/gpdstore.net\/pt-pt\/product\/usb-4-0-type-c-cable\/","title":{"rendered":"Cabo USB 4.0 Tipo C"},"content":{"rendered":"\n<h3 class=\"wp-block-heading\"><strong>Melhora a conetividade com o nosso cabo USB 4.0 Type-C topo de gama<\/strong><br\/><strong>Explora o poder da conetividade sem falhas<\/strong><\/h3>\n\n<h4 class=\"wp-block-heading\"><strong>Liberta o potencial dos dados<\/strong><\/h4>\n\n<p>Liberta o potencial dos dados com o nosso revolucion\u00e1rio cabo USB 4.0 Type-C. Com uma impressionante velocidade de transfer\u00eancia de dados de 40 Gbps, garante transfer\u00eancias r\u00e1pidas de ficheiros, eliminando o inc\u00f3modo das transmiss\u00f5es com atraso. <\/p>\n\n<h4 class=\"wp-block-heading\"><strong>Compatibilidade pronta para o futuro<\/strong><\/h4>\n\n<p>Mant\u00e9m-te na vanguarda da tecnologia com a compatibilidade do nosso cabo com Thunderbolt 3 e 4. Isto garante uma integra\u00e7\u00e3o suave com os dispositivos mais recentes, assegurando que a tua solu\u00e7\u00e3o de conetividade se mant\u00e9m actualizada no futuro. <\/p>\n\n<h4 class=\"wp-block-heading\"><strong>Fornecimento de energia incompar\u00e1vel<\/strong><\/h4>\n\n<p>Experimenta capacidades de fornecimento de energia de topo com o nosso cabo USB 4.0 Type-C, que fornece uns extraordin\u00e1rios 240 W. Isto traduz-se num carregamento mais r\u00e1pido e num tempo de funcionamento prolongado do dispositivo, permitindo uma conetividade ininterrupta. <\/p>\n\n<h4 class=\"wp-block-heading\"><strong>Mergulha numa fidelidade visual excecional<\/strong><\/h4>\n\n<p>Mergulha num mundo de nitidez impressionante com suporte para at\u00e9 8K a 60Hz. Todos os detalhes ganham vida com uma precis\u00e3o not\u00e1vel, atendendo aos criadores de conte\u00fado de alta resolu\u00e7\u00e3o, jogadores e entusiastas do entretenimento. <\/p>\n\n<h4 class=\"wp-block-heading\"><strong>Ecr\u00e3 de utiliza\u00e7\u00e3o de energia inovador<\/strong><\/h4>\n\n<p>Mant\u00e9m-te informado sobre o consumo de energia com o ecr\u00e3 integrado no conetor USB, que fornece informa\u00e7\u00f5es sobre a utiliza\u00e7\u00e3o de energia em tempo real. Monitoriza a utiliza\u00e7\u00e3o de energia dos teus dispositivos para uma experi\u00eancia de carregamento mais eficiente e controlada. <\/p>\n\n<h4 class=\"wp-block-heading\"><strong>Solu\u00e7\u00f5es \u00e0 medida das tuas necessidades<\/strong><\/h4>\n\n<p>Seleciona o comprimento que melhor complementa a tua configura\u00e7\u00e3o, com op\u00e7\u00f5es que incluem o cabo padr\u00e3o em 0,8M e 1,5M, ou o cabo em forma de L, tamb\u00e9m dispon\u00edvel em variantes de 0,8M e 1,5M. Quer d\u00eas prioridade \u00e0 flexibilidade ou precises de uma solu\u00e7\u00e3o que poupe espa\u00e7o, o nosso Cabo USB 4.0 Tipo C satisfaz as tuas necessidades de conetividade. <\/p>\n\n<h4 class=\"wp-block-heading\"><strong>Experimenta a conetividade sem compromissos<\/strong><\/h4>\n\n<p>Criado com precis\u00e3o e per\u00edcia, o nosso cabo USB 4.0 Tipo-C \u00e9 o melhor companheiro para entusiastas da tecnologia, profissionais criativos e utilizadores quotidianos que exigem excel\u00eancia nas suas solu\u00e7\u00f5es de conetividade. Abra\u00e7a um mundo de possibilidades sem limites com o cabo USB 4.0 Type-C. <\/p>\n","protected":false},"excerpt":{"rendered":"<ul>\n<li>Velocidade de transfer\u00eancia de dados <strong>de 40 Gbps<\/strong> <\/li>\n<li>Thunderbolt <strong>3<\/strong> e <strong>4<\/strong><\/li>\n<li>Fornecimento de energia at\u00e9 <strong>240W<\/strong> <\/li>\n<li>Suporta at\u00e9 <strong>8K @ 60Hz<\/strong> de sa\u00edda de v\u00eddeo<\/li>\n<li><strong>Indicador de pot\u00eancia<\/strong> incorporado<\/li>\n<\/ul>\n[cg_accordion title=\"INFORMA\u00c7\u00d5ES DE PAGAMENTO\"]<\/p>\n<p>Utilizamos a mais recente tecnologia em processamento de pagamentos, o que lhe permite efetuar o checkout atrav\u00e9s do seu cart\u00e3o de d\u00e9bito\/cr\u00e9dito ou PayPal para uma experi\u00eancia r\u00e1pida e segura.[\/cg_accordion]\n[cg_accordion title=\"GARANTIA\"]<\/p>\n<p>2 anos de garantia da <a href=\"https:\/\/droix.net\/\" target=\"_blank\" rel=\"nofollow noopener\">DROIX Global<\/a> para a sua paz de esp\u00edrito[\/cg_accordion]\n[cg_accordion title=\"PRE\u00c7OS, IMPOSTOS E ENVIO\"]<\/p>\n<p><strong><u>Nota:<\/u><\/strong><\/p>\n<ul>\n<li>Clientes dos Estados Unidos: O pre\u00e7o apresentado N\u00c3O inclui TAXAS nem impostos. A responsabilidade pelo desalfandegamento e pelo pagamento de quaisquer impostos\/taxas associadas recai sobre o cliente. <\/li>\n<li>Clientes da UE: O pre\u00e7o apresentado inclui o IMPOSTO aplic\u00e1vel, que pode ir at\u00e9 25% consoante o pa\u00eds.<\/li>\n<li>Clientes do Canad\u00e1: O pre\u00e7o apresentado inclui os impostos aplic\u00e1veis, que podem incluir 5% de GST e impostos adicionais sobre vendas provinciais (PST), imposto sobre vendas harmonizado (HST) ou imposto sobre vendas do Quebec (QST), dependendo da sua prov\u00edncia.<\/li>\n<\/ul>\n<p><strong>APENAS para clientes da UE:<\/strong> Expresso DDP (Delivered Duty Paid). Isto significa que: <\/p>\n<ul>\n<li>Todos os direitos aduaneiros e impostos est\u00e3o inclu\u00eddos no pre\u00e7o apresentado na p\u00e1gina do produto.<\/li>\n<li>N\u00e3o ter\u00e1 de pagar quaisquer encargos adicionais aquando da entrega.<\/li>\n<li>Na rara eventualidade de problemas relacionados com a alf\u00e2ndega, a nossa equipa tratar\u00e1 do processo de desalfandegamento em seu nome para garantir uma experi\u00eancia de entrega sem problemas.<\/li>\n<p>Informa\u00e7\u00f5es importantes sobre as devolu\u00e7\u00f5es:<\/p>\n<li>Se decidir devolver a sua encomenda ou solicitar um reembolso, tenha em aten\u00e7\u00e3o que os impostos e direitos pagos em seu nome ao abrigo das condi\u00e7\u00f5es DDP n\u00e3o podem ser reembolsados.<\/li>\n<p>Consulte os nossos <a href=\"https:\/\/droix.net\/terms-and-conditions\/\" target=\"_blank\" rel=\"nofollow noopener\">Termos e Condi\u00e7\u00f5es<\/a> para obter informa\u00e7\u00f5es pormenorizadas.\n<\/ul>\n<p>[\/cg_accordion]\n[cg_accordion title=\"APOIO AO CLIENTE\"]<\/p>\n<p>Tem uma pergunta? Estamos a uma curta mensagem de texto de ter o seu problema resolvido! <\/p>\n<p>Consulte os nossos <a href=\"https:\/\/gpdstore.net\/pt-pt\/terms-of-service\/\" target=\"_blank\" rel=\"nofollow noopener\">Termos e Condi\u00e7\u00f5es<\/a> para obter informa\u00e7\u00f5es pormenorizadas.\n<\/ul>\n<p>[\/cg_accordion]\n[cg_accordion title=\"O QUE EST\u00c1 INCLU\u00cdDO\"]<\/p>\n<ul>\n<li>1x Cabo USB 4.0 Tipo C<\/li>\n<\/ul>\n<p>[\/cg_accordion]\n","protected":false},"featured_media":135369,"template":"","meta":{"_acf_changed":false},"product_brand":[],"product_cat":[5392],"product_tag":[12587,7286],"woo-feed-brand":[5451],"class_list":{"0":"post-135349","1":"product","2":"type-product","3":"status-publish","4":"has-post-thumbnail","6":"product_cat-acessorios","7":"product_tag-40bfsale-pt-pt","8":"product_tag-acessorios-gerais","9":"product_shipping_class-low-end","10":"pa_accessory-type-cabo","11":"pa_i-o-video-1x-via-usb-4-0-type-c-dp-8k60hz-pt-pt","12":"woo-feed-brand-droix-pt-pt","14":"first","15":"outofstock","16":"sale","17":"taxable","18":"shipping-taxable","19":"purchasable","20":"product-type-variable","21":"has-default-attributes"},"acf":[],"aioseo_notices":[],"_links":{"self":[{"href":"https:\/\/gpdstore.net\/pt-pt\/wp-json\/wp\/v2\/product\/135349","targetHints":{"allow":["GET"]}}],"collection":[{"href":"https:\/\/gpdstore.net\/pt-pt\/wp-json\/wp\/v2\/product"}],"about":[{"href":"https:\/\/gpdstore.net\/pt-pt\/wp-json\/wp\/v2\/types\/product"}],"wp:featuredmedia":[{"embeddable":true,"href":"https:\/\/gpdstore.net\/pt-pt\/wp-json\/wp\/v2\/media\/135369"}],"wp:attachment":[{"href":"https:\/\/gpdstore.net\/pt-pt\/wp-json\/wp\/v2\/media?parent=135349"}],"wp:term":[{"taxonomy":"product_brand","embeddable":true,"href":"https:\/\/gpdstore.net\/pt-pt\/wp-json\/wp\/v2\/product_brand?post=135349"},{"taxonomy":"product_cat","embeddable":true,"href":"https:\/\/gpdstore.net\/pt-pt\/wp-json\/wp\/v2\/product_cat?post=135349"},{"taxonomy":"product_tag","embeddable":true,"href":"https:\/\/gpdstore.net\/pt-pt\/wp-json\/wp\/v2\/product_tag?post=135349"},{"taxonomy":"woo-feed-brand","embeddable":true,"href":"https:\/\/gpdstore.net\/pt-pt\/wp-json\/wp\/v2\/woo-feed-brand?post=135349"}],"curies":[{"name":"wp","href":"https:\/\/api.w.org\/{rel}","templated":true}]}}