{"id":128304,"date":"2024-08-22T08:22:33","date_gmt":"2024-08-22T08:22:33","guid":{"rendered":"https:\/\/gpdstore.net\/sem%20categoria\/mini-computador-portatil-gpd-p2-max-2022\/"},"modified":"2025-12-23T10:07:40","modified_gmt":"2025-12-23T10:07:40","slug":"gpd-p2-max-2022-mini-laptop","status":"publish","type":"product","link":"https:\/\/gpdstore.net\/pt-pt\/product\/gpd-p2-max-2022-mini-laptop\/","title":{"rendered":"GPD P2 Max Mini port\u00e1til 2022"},"content":{"rendered":"\n<figure class=\"wp-block-image aligncenter\"><a href=\"https:\/\/droix.net\/wp-content\/uploads\/2022\/01\/GPD-P2-MAX-2022-MARKETING-IMAGE-1.png\"><img decoding=\"async\" src=\"https:\/\/droix.net\/wp-content\/uploads\/2022\/01\/GPD-P2-MAX-2022-MARKETING-IMAGE-1.png\" alt=\"GPD P2 Max Ultrabook 2022 com caneta stylus\" class=\"wp-image-10581\"\/><\/a><\/figure>\n\n<figure class=\"wp-block-image aligncenter\"><a href=\"https:\/\/droix.net\/wp-content\/uploads\/2022\/01\/GPD-P2-MAX-2022-MARKETING-IMAGE-2.png\"><img decoding=\"async\" src=\"https:\/\/droix.net\/wp-content\/uploads\/2022\/01\/GPD-P2-MAX-2022-MARKETING-IMAGE-2.png\" alt=\"GPD P2 Max Ultrabook 2022 com teclado\" class=\"wp-image-10582\"\/><\/a><\/figure>\n\n<figure class=\"wp-block-image aligncenter\"><a href=\"https:\/\/droix.net\/wp-content\/uploads\/2022\/01\/GPD-P2-MAX-2022-MARKETING-IMAGE-3.png\"><img decoding=\"async\" src=\"https:\/\/droix.net\/wp-content\/uploads\/2022\/01\/GPD-P2-MAX-2022-MARKETING-IMAGE-3.png\" alt=\"GPD P2 Max Ultrabook 2022 com sensor de impress&#xF5;es digitais\" class=\"wp-image-10583\"\/><\/a><\/figure>\n\n<figure class=\"wp-block-image aligncenter\"><a href=\"https:\/\/droix.net\/wp-content\/uploads\/2022\/01\/GPD-P2-MAX-2022-MARKETING-IMAGE-4.png\"><img decoding=\"async\" src=\"https:\/\/droix.net\/wp-content\/uploads\/2022\/01\/GPD-P2-MAX-2022-MARKETING-IMAGE-4.png\" alt=\"GPD P2 Max 2022 Ultrabook com processador\" class=\"wp-image-10584\"\/><\/a><\/figure>\n\n<figure class=\"wp-block-image aligncenter\"><a href=\"https:\/\/droix.net\/wp-content\/uploads\/2022\/01\/GPD-P2-MAX-2022-MARKETING-IMAGE-5.png\"><img decoding=\"async\" src=\"https:\/\/droix.net\/wp-content\/uploads\/2022\/01\/GPD-P2-MAX-2022-MARKETING-IMAGE-5.png\" alt=\"GPD P2 Max 2022 Ultrabook mostrando usb c\" class=\"wp-image-10585\"\/><\/a><\/figure>\n\n<p><span data-contrast=\"none\">A atualiza\u00e7\u00e3o de um ultrabook popular est\u00e1 aqui! O <strong>GPD P2 Max 2022<\/strong> sobe ao palco com uma s\u00e9rie de actualiza\u00e7\u00f5es para o manter atualizado e relevante na era atual! \u00c9 o companheiro perfeito para longas desloca\u00e7\u00f5es, para o escritor viajante e para todos os outros tipos de situa\u00e7\u00f5es.  <\/span><\/p>\n\n<p><span data-contrast=\"none\">No cora\u00e7\u00e3o do <strong>P2 Max 2022<\/strong> est\u00e1 o Intel Pentium N6000. Este processador quad-core combina efici\u00eancia energ\u00e9tica com um desempenho respeit\u00e1vel. Lida confortavelmente com qualquer tarefa do dia a dia.  <\/span><\/p>\n\n<p><span data-contrast=\"none\"><strong>16 GB de RAM LPDDR4x<\/strong> sustentam um desempenho est\u00e1vel e fi\u00e1vel em multitarefas e na produ\u00e7\u00e3o\/edi\u00e7\u00e3o de conte\u00fados. Combine isto com <strong>1 TB de<\/strong> armazenamento <strong>NVMe r\u00e1pido<\/strong> e ter\u00e1 uma esta\u00e7\u00e3o de trabalho maravilhosamente flex\u00edvel e altamente port\u00e1til. <\/span><\/p>\n\n<p><span data-contrast=\"none\">O <strong>ecr\u00e3<\/strong> consider\u00e1vel <strong>de 8,9 polegadas<\/strong> possui uma resolu\u00e7\u00e3o impressionante de 2560x1600p, proporcionando-lhe imagens n\u00edtidas e claras para todos os seus programas, fotografias, v\u00eddeos e muito mais. Este ecr\u00e3 \u00e9 tamb\u00e9m <strong>sens\u00edvel ao toque<\/strong> e pode at\u00e9 ser utilizado com stylus! <\/span><\/p>\n\n<p><span data-contrast=\"none\">Em termos de conetividade, este <strong>Mini Laptop<\/strong> tem o suficiente dispon\u00edvel sem se tornar demasiado volumoso. Com duas portas USB tipo A, uma porta USB tipo C, uma tomada de \u00e1udio de 3,5 mm   <\/span><strong><span data-contrast=\"none\">e<\/span><\/strong><span data-contrast=\"none\">  e uma porta Micro HDMI, o P2 Max 2022 \u00e9 t\u00e3o confort\u00e1vel no seu colo como numa esta\u00e7\u00e3o de ancoragem! Para aqueles que preferem a conetividade sem fios, o <strong>GPD P2 Max 2022<\/strong> inclui Wi-Fi 6 para m\u00e1xima velocidade e estabilidade da rede. <\/span>.<\/p>\n\n<p><\/p>\n","protected":false},"excerpt":{"rendered":"<ul>\n<li>Processador Intel\u00ae Pentium\u00ae Silver N6000<\/li>\n<li><strong>16GB LPDDR4x RAM<\/strong> @2933Mhz<\/li>\n<li><strong>Ecr\u00e3 t\u00e1til de 8,9&#8243; \/ Scanner de impress\u00f5es digitais<\/strong><\/li>\n<li><strong>1TB<\/strong> de PCI-E NVMe SSD<\/li>\n<li>Compat\u00edvel com <strong>Windows 11<\/strong><\/li>\n<\/ul>\n<p> [cg_accordion title=\"INFORMA\u00c7\u00d5ES DE PAGAMENTO\"] Utilizamos a mais recente tecnologia de processamento de pagamentos, que lhe permite efetuar o checkout atrav\u00e9s de Apple Pay, Google Pay, cart\u00e3o de d\u00e9bito\/cr\u00e9dito, PayPal ou m\u00e9todos BNPL, como Klarna, Affirm ou AfterPay, para uma experi\u00eancia r\u00e1pida e segura.[\/cg_accordion] [cg_accordion title=\"GARANTIA\"] 2 anos de garantia da <a href=\"https:\/\/droix.net\/\" target=\"_blank\" rel=\"nofollow noopener\">DROIX Global<\/a> para sua tranquilidade[\/cg_accordion] [cg_accordion title=\"PRICING, TAXES AND SHIPPING\"] <strong><u>Nota:<\/u><\/strong><\/p>\n<ul>\n<li>Clientes dos Estados Unidos: O pre\u00e7o apresentado N\u00c3O inclui TAXAS nem impostos. A responsabilidade pelo desalfandegamento e pelo pagamento de quaisquer impostos\/taxas associadas recai sobre o cliente. <\/li>\n<li>Clientes da UE: O pre\u00e7o apresentado inclui o IMPOSTO aplic\u00e1vel, que pode ir at\u00e9 25% consoante o pa\u00eds.<\/li>\n<li>Clientes do Canad\u00e1: O pre\u00e7o apresentado inclui os impostos aplic\u00e1veis, que podem incluir 5% de GST e impostos adicionais sobre vendas provinciais (PST), imposto sobre vendas harmonizado (HST) ou imposto sobre vendas do Quebec (QST), dependendo da sua prov\u00edncia.<\/li>\n<\/ul>\n<p><strong>APENAS para clientes da UE:<\/strong> Expresso DDP (Delivered Duty Paid). Isto significa que: <\/p>\n<ul>\n<li style=\"list-style-type: none;\">\n<ul>\n<li>Todos os direitos aduaneiros e impostos est\u00e3o inclu\u00eddos no pre\u00e7o apresentado na p\u00e1gina do produto.<\/li>\n<li>N\u00e3o ter\u00e1 de pagar quaisquer encargos adicionais aquando da entrega.<\/li>\n<li>Na rara eventualidade de problemas relacionados com a alf\u00e2ndega, a nossa equipa tratar\u00e1 do processo de desalfandegamento em seu nome para garantir uma experi\u00eancia de entrega sem problemas.<\/li>\n<p>Informa\u00e7\u00f5es importantes sobre as devolu\u00e7\u00f5es:<\/p>\n<li>Se decidir devolver a sua encomenda ou solicitar um reembolso, tenha em aten\u00e7\u00e3o que os impostos e direitos pagos em seu nome ao abrigo das condi\u00e7\u00f5es DDP n\u00e3o podem ser reembolsados.<\/li>\n<p>Consulte a nossa<\/ul>\n<\/li>\n<\/ul>\n<p><a href=\"https:\/\/gpdstore.net\/pt-pt\/terms-of-service\/\" target=\"_blank\" rel=\"nofollow noopener\">Termos e condi\u00e7\u00f5es<\/a><\/p>\n<ul>para obter informa\u00e7\u00f5es pormenorizadas.<\/ul>\n<p>[\/cg_accordion] [cg_accordion title=\"APOIO AO CLIENTE\"]  Tem uma pergunta? Estamos a uma curta mensagem de texto de ter o seu problema resolvido!   [\/cg_accordion] [cg_accordion title=\"WHAT'S INCLUDED\"]<\/p>\n<ul>\n<li>1x Cabo USB tipo C<\/li>\n<li>1x Adaptador de alimenta\u00e7\u00e3o<\/li>\n<li>1x Manual do utilizador<\/li>\n<\/ul>\n<p>[\/cg_accordion]<\/p>\n","protected":false},"featured_media":128305,"template":"","meta":{"_acf_changed":false},"product_brand":[],"product_cat":[7061,7060],"product_tag":[7062],"woo-feed-brand":[5757],"class_list":{"0":"post-128304","1":"product","2":"type-product","3":"status-publish","4":"has-post-thumbnail","6":"product_cat-computadores-portateis","7":"product_cat-mini-computadores-portateis-gpd","8":"product_tag-gpd-p2-max-pt-pt-2","9":"product_shipping_class-premium","10":"pa_bluetooth-5-pt-pt","11":"pa_brand-gpd","12":"pa_display-type-h-ips-pt-pt","13":"pa_graphics-gpu-model-graficos-uhd-intel","14":"pa_i-o-video-via-1x-usb-3-2-gen-2-type-c-pt-pt","15":"pa_memory-ram-capacity-16-gb-pt-pt-2","16":"pa_memory-ram-technology-lpddr4x-pt-pt-2","17":"pa_storage-capacity-1tb-pt-pt-2","18":"pa_wi-fi-wi-fi-6-pt-pt","19":"woo-feed-brand-gpd-pt-pt","21":"first","22":"outofstock","23":"sale","24":"taxable","25":"shipping-taxable","26":"purchasable","27":"product-type-variable","28":"has-default-attributes"},"acf":[],"aioseo_notices":[],"_links":{"self":[{"href":"https:\/\/gpdstore.net\/pt-pt\/wp-json\/wp\/v2\/product\/128304","targetHints":{"allow":["GET"]}}],"collection":[{"href":"https:\/\/gpdstore.net\/pt-pt\/wp-json\/wp\/v2\/product"}],"about":[{"href":"https:\/\/gpdstore.net\/pt-pt\/wp-json\/wp\/v2\/types\/product"}],"wp:featuredmedia":[{"embeddable":true,"href":"https:\/\/gpdstore.net\/pt-pt\/wp-json\/wp\/v2\/media\/128305"}],"wp:attachment":[{"href":"https:\/\/gpdstore.net\/pt-pt\/wp-json\/wp\/v2\/media?parent=128304"}],"wp:term":[{"taxonomy":"product_brand","embeddable":true,"href":"https:\/\/gpdstore.net\/pt-pt\/wp-json\/wp\/v2\/product_brand?post=128304"},{"taxonomy":"product_cat","embeddable":true,"href":"https:\/\/gpdstore.net\/pt-pt\/wp-json\/wp\/v2\/product_cat?post=128304"},{"taxonomy":"product_tag","embeddable":true,"href":"https:\/\/gpdstore.net\/pt-pt\/wp-json\/wp\/v2\/product_tag?post=128304"},{"taxonomy":"woo-feed-brand","embeddable":true,"href":"https:\/\/gpdstore.net\/pt-pt\/wp-json\/wp\/v2\/woo-feed-brand?post=128304"}],"curies":[{"name":"wp","href":"https:\/\/api.w.org\/{rel}","templated":true}]}}