{"id":1278794,"date":"2026-02-16T12:09:41","date_gmt":"2026-02-16T12:09:41","guid":{"rendered":"https:\/\/gpdstore.net\/product\/cabo-usb-4-0-tipo-c\/"},"modified":"2026-04-24T10:27:56","modified_gmt":"2026-04-24T10:27:56","slug":"usb-4-0-type-c-cable-2","status":"publish","type":"product","link":"https:\/\/gpdstore.net\/pt-pt\/product\/usb-4-0-type-c-cable-2\/","title":{"rendered":"Cabo USB 4.0 Tipo C"},"content":{"rendered":"\n<h2 class=\"wp-block-heading\"><strong>Cabo USB4 USB C: A melhor solu\u00e7\u00e3o de alimenta\u00e7\u00e3o e dados Thunderbolt 4<\/strong><\/h2>\n\n<p>O cabo USB4 USB C \u00e9 uma solu\u00e7\u00e3o de conetividade de alto desempenho concebida para satisfazer as rigorosas exig\u00eancias das modernas configura\u00e7\u00f5es profissionais e de jogos. Quer estejas a ligar um MacBook topo de gama, uma eGPU ou um SSD de alta velocidade, este cabo garante que o teu hardware funciona no seu pico absoluto. Uma vez que integra as mais recentes normas Thunderbolt 4, proporciona uma ponte universal para todos os teus dispositivos Type-C, oferecendo uma versatilidade sem paralelo numa embalagem \u00fanica e elegante.  <\/p>\n\n<p>Crucialmente, este cabo USB4 USB C \u00e9 o companheiro perfeito para a \u00faltima gera\u00e7\u00e3o de PCs de jogos port\u00e1teis ultra-poderosos. Se estiveres a utilizar o <a href=\"https:\/\/gpdstore.net\/pt-pt\/product\/gpd-win-5\/\" target=\"_blank\" rel=\"noopener\" title=\"\">GPD WIN 5<\/a> ou o ONEXPLAYER APEX, este cabo permite-te explorar plenamente as suas portas USB4 de 40 Gbps para bases de liga\u00e7\u00e3o GPU externas ou transfer\u00eancia de dados a alta velocidade. <\/p>\n\n<hr class=\"wp-block-separator has-alpha-channel-opacity\"\/>\n\n<h2 class=\"wp-block-heading\"><strong>Experimenta velocidades incr\u00edveis com o cabo USB4 de 40 Gbps USB C<\/strong><\/h2>\n\n<p>A transfer\u00eancia de dados atinge novos patamares com este cabo, oferecendo velocidades de at\u00e9 40 Gbps. Isto \u00e9 significativamente mais r\u00e1pido do que as alternativas USB-C padr\u00e3o, permitindo-te mover ficheiros enormes em segundos em vez de minutos. Como \u00e9 totalmente compat\u00edvel com <a href=\"https:\/\/www.thunderbolttechnology.net\/blog\/thunderbolt-3-usb-c-does-it-all\" target=\"_blank\" rel=\"noopener nofollow\" title=\"\">Thunderbolt 3<\/a> e USB 3.2, podes utiliz\u00e1-lo numa vasta gama de hardware antigo e moderno sem sacrificar o desempenho. Consequentemente, \u00e9 uma ferramenta essencial para os utilizadores que precisam de fazer a ponte entre os seus dispositivos port\u00e1teis e os perif\u00e9ricos de classe desktop.   <\/p>\n\n<h2 class=\"wp-block-heading\"><strong>Fornecimento r\u00e1pido de energia de 240 W para computadores port\u00e1teis de elevado desempenho<\/strong><\/h2>\n\n<p>A alimenta\u00e7\u00e3o dos teus dispositivos \u00e9 t\u00e3o eficiente como a transfer\u00eancia de dados. O Cabo USB4 USB C suporta PD 3.1 EPR, o que permite uma enorme capacidade de carregamento r\u00e1pido de 240W (48V\/5A). Isto significa que consegue lidar facilmente com os requisitos de energia de um MacBook Pro de 16 polegadas ou dos mais recentes port\u00e1teis para jogos.  <\/p>\n\n<p>Para garantir a seguran\u00e7a durante estas transfer\u00eancias de alta tens\u00e3o, o cabo inclui um chip E-Marker incorporado, que gere de forma inteligente o fluxo de energia e evita o sobreaquecimento. Este n\u00edvel de pot\u00eancia \u00e9 particularmente ben\u00e9fico para o <a href=\"https:\/\/gpdstore.net\/pt-pt\/product\/gpd-win-5\/\" target=\"_blank\" rel=\"noopener\" title=\"\">GPD WIN 5<\/a>, fornecendo uma fonte de alimenta\u00e7\u00e3o est\u00e1vel durante sess\u00f5es de jogo intensas de 120 W TDP ou durante o carregamento r\u00e1pido das suas baterias de alta capacidade. <\/p>\n\n<hr class=\"wp-block-separator has-alpha-channel-opacity\"\/>\n\n<h2 class=\"wp-block-heading\"><strong>Excel\u00eancia visual com 8K60Hz e suporte duplo para 4K<\/strong><\/h2>\n\n<p>Se \u00e9s um profissional criativo ou um entusiasta de jogos, as capacidades de v\u00eddeo deste Cabo USB4 USB C v\u00e3o impressionar-te. Suporta um \u00fanico monitor 8K Ultra HD a uma taxa de atualiza\u00e7\u00e3o suave de 60Hz, garantindo que todos os detalhes sejam renderizados com clareza n\u00edtida. Em alternativa, o cabo pode suportar dois monitores 4K, tornando-o uma ferramenta essencial para esta\u00e7\u00f5es de trabalho multitarefas e imersivas. Al\u00e9m disso, os utilizadores do GPD WIN 5 podem desfrutar de uma sa\u00edda 8K cont\u00ednua para monitores externos para uma verdadeira experi\u00eancia de desktop.   <\/p>\n\n<h2 class=\"wp-block-heading\"><strong>Qualidade de constru\u00e7\u00e3o robusta e compatibilidade universal<\/strong><\/h2>\n\n<p>A durabilidade est\u00e1 no centro do design. O cabo \u00e9 constru\u00eddo com um exterior entran\u00e7ado de PVC e nylon de 48 fios, especificamente concebido para suportar mais de 10.000 curvas. Al\u00e9m disso, o revestimento em liga de alum\u00ednio proporciona uma sensa\u00e7\u00e3o de qualidade superior, protegendo simultaneamente o n\u00facleo interno de cobre isento de oxig\u00e9nio. Esta constru\u00e7\u00e3o robusta garante que o Cabo USB4 USB C continua a ser uma parte fi\u00e1vel do teu kit durante muitos anos, quer seja colocado numa mala de viagem com o teu computador de m\u00e3o ou permanentemente na tua secret\u00e1ria.   <\/p>\n\n<hr class=\"wp-block-separator has-alpha-channel-opacity\"\/>\n\n<h2 class=\"wp-block-heading\"><strong>Protege hoje o teu cabo USB4 USB C<\/strong><\/h2>\n\n<p>N\u00e3o deixes que as velocidades de dados lentas ou os carregamentos fracos continuem a impedir a tua configura\u00e7\u00e3o. Este cabo premium \u00e9 a atualiza\u00e7\u00e3o definitiva para quem usa um iPhone s\u00e9rie 15, iPad Pro, GPD WIN 5 ou PC de alto desempenho. A procura \u00e9 elevada para esta especifica\u00e7\u00e3o espec\u00edfica Thunderbolt 4 de 240 W, por isso age agora para garantir que recebes o teu a tempo. Visita a nossa loja hoje para experimentares o futuro da conetividade e garantires que os teus dispositivos est\u00e3o sempre a funcionar a todo o vapor!   <\/p>\n","protected":false},"excerpt":{"rendered":"<ul>\n<li><strong>40Gbps de dados<\/strong> &#8211; Transfer\u00eancia extremamente r\u00e1pida para ficheiros enormes.<\/li>\n<li><strong>Carregamento de 240 W<\/strong> &#8211; PD 3.1 para computadores port\u00e1teis de alto desempenho.<\/li>\n<li><strong>V\u00eddeo 8K60Hz<\/strong> &#8211; Suporta um ecr\u00e3 Sharp 8K ou duplo 4K.<\/li>\n<li><strong>Chip E-Marker<\/strong> &#8211; Seguran\u00e7a inteligente para um fornecimento de energia est\u00e1vel.<\/li>\n<li><strong>Constru\u00e7\u00e3o entran\u00e7ada<\/strong> &#8211; Refor\u00e7ada com nylon e alum\u00ednio.<\/li>\n<\/ul>\n[cg_accordion title=\"INFORMA\u00c7\u00d5ES DE PAGAMENTO\"]<\/p>\n<p>Utilizamos a mais recente tecnologia em processamento de pagamentos, o que lhe permite efetuar o checkout atrav\u00e9s do seu cart\u00e3o de d\u00e9bito\/cr\u00e9dito ou PayPal para uma experi\u00eancia r\u00e1pida e segura.[\/cg_accordion]\n[cg_accordion title=\"GARANTIA\"]<\/p>\n<p>1 ano de garantia da <a href=\"https:\/\/droix.net\/\" target=\"_blank\" rel=\"nofollow noopener\">DROIX Global<\/a> para a tua paz de esp\u00edrito[\/cg_accordion]\n[cg_accordion title=\"GARANTIA DE QUALIDADE E ENSAIOS PR\u00c9-EXPEDI\u00c7\u00c3O\"]<\/p>\n<p>Garante a satisfa\u00e7\u00e3o do cliente ao mais alto n\u00edvel: Todos os dispositivos s\u00e3o submetidos a testes rigorosos e a uma verifica\u00e7\u00e3o de garantia de qualidade multiponto antes de serem enviados. A nossa equipa dedicada verifica o desempenho, a funcionalidade e a integridade dos componentes para garantir que o teu dispositivo GPD est\u00e1 em perfeitas condi\u00e7\u00f5es de funcionamento \u00e0 chegada, proporcionando-te confian\u00e7a e paz de esp\u00edrito. [\/cg_accordion]\n[cg_accordion title=\"PRE\u00c7OS, IMPOSTOS E ENVIO\"]<\/p>\n<p><strong><u>Nota:<\/u><\/strong><\/p>\n<ul>\n<li>Clientes dos Estados Unidos: O pre\u00e7o apresentado N\u00c3O inclui TAXAS nem impostos. A responsabilidade pelo desalfandegamento e pelo pagamento de quaisquer impostos\/taxas associadas recai sobre o cliente. <\/li>\n<li>Clientes da UE: O pre\u00e7o apresentado inclui o IMPOSTO aplic\u00e1vel, que pode ir at\u00e9 25% consoante o pa\u00eds.<\/li>\n<li>Clientes do Canad\u00e1: O pre\u00e7o apresentado inclui os impostos aplic\u00e1veis, que podem incluir 5% de GST e impostos adicionais sobre vendas provinciais (PST), imposto sobre vendas harmonizado (HST) ou imposto sobre vendas do Quebec (QST), dependendo da sua prov\u00edncia.<\/li>\n<\/ul>\n<p>Para os nossos clientes dos EUA: As encomendas s\u00e3o enviadas DAP (Delivered At Place). Embora os clientes sejam respons\u00e1veis pelo pagamento de quaisquer tarifas aplic\u00e1veis, baseamo-nos na nossa vasta experi\u00eancia de envio a partir do Reino Unido para garantir que pagas o m\u00ednimo poss\u00edvel. Com base nos nossos registos, estes encargos n\u00e3o excedem normalmente 10% do valor do artigo.  <\/p>\n<p><strong>APENAS para clientes da UE:<\/strong> Expresso DDP (Delivered Duty Paid). Isto significa que: <\/p>\n<ul>\n<li>Todos os direitos aduaneiros e impostos est\u00e3o inclu\u00eddos no pre\u00e7o apresentado na p\u00e1gina do produto.<\/li>\n<li>N\u00e3o ter\u00e1 de pagar quaisquer encargos adicionais aquando da entrega.<\/li>\n<li>Na rara eventualidade de problemas relacionados com a alf\u00e2ndega, a nossa equipa tratar\u00e1 do processo de desalfandegamento em seu nome para garantir uma experi\u00eancia de entrega sem problemas.<\/li>\n<p>Informa\u00e7\u00f5es importantes sobre as devolu\u00e7\u00f5es:<\/p>\n<li>Se decidir devolver a sua encomenda ou solicitar um reembolso, tenha em aten\u00e7\u00e3o que os impostos e direitos pagos em seu nome ao abrigo das condi\u00e7\u00f5es DDP n\u00e3o podem ser reembolsados.<\/li>\n<p>Consulte os nossos <a href=\"https:\/\/droix.net\/terms-and-conditions\/\" target=\"_blank\" rel=\"nofollow noopener\">Termos e Condi\u00e7\u00f5es<\/a> para obter informa\u00e7\u00f5es pormenorizadas.\n<\/ul>\n<p>[\/cg_accordion]\n[cg_accordion title=\"APOIO AO CLIENTE\"]<\/p>\n<p>Tem uma pergunta? Estamos a uma curta mensagem de texto de ter o seu problema resolvido! <\/p>\n<p>Consulte os nossos <a href=\"https:\/\/gpdstore.net\/pt-pt\/terms-of-service\/\" target=\"_blank\" rel=\"nofollow noopener\">Termos e Condi\u00e7\u00f5es<\/a> para obter informa\u00e7\u00f5es pormenorizadas.\n<\/ul>\n<p>[\/cg_accordion]\n[cg_accordion title=\"O QUE EST\u00c1 INCLU\u00cdDO\"]<\/p>\n<ul>\n<li>1x Cabo USB 4.0 Tipo C<\/li>\n<\/ul>\n<p>[\/cg_accordion]\n","protected":false},"featured_media":1278804,"template":"","meta":{"_acf_changed":false},"product_brand":[],"product_cat":[5392],"product_tag":[],"woo-feed-brand":[5451],"class_list":{"0":"post-1278794","1":"product","2":"type-product","3":"status-publish","4":"has-post-thumbnail","6":"product_cat-acessorios","7":"product_shipping_class-low-end","8":"pa_i-o-video-1x-via-usb-4-0-type-c-dp-8k60hz-pt-pt","9":"woo-feed-brand-droix-pt-pt","11":"first","12":"instock","13":"sale","14":"taxable","15":"shipping-taxable","16":"purchasable","17":"product-type-variable","18":"has-default-attributes"},"acf":[],"aioseo_notices":[],"_links":{"self":[{"href":"https:\/\/gpdstore.net\/pt-pt\/wp-json\/wp\/v2\/product\/1278794","targetHints":{"allow":["GET"]}}],"collection":[{"href":"https:\/\/gpdstore.net\/pt-pt\/wp-json\/wp\/v2\/product"}],"about":[{"href":"https:\/\/gpdstore.net\/pt-pt\/wp-json\/wp\/v2\/types\/product"}],"wp:featuredmedia":[{"embeddable":true,"href":"https:\/\/gpdstore.net\/pt-pt\/wp-json\/wp\/v2\/media\/1278804"}],"wp:attachment":[{"href":"https:\/\/gpdstore.net\/pt-pt\/wp-json\/wp\/v2\/media?parent=1278794"}],"wp:term":[{"taxonomy":"product_brand","embeddable":true,"href":"https:\/\/gpdstore.net\/pt-pt\/wp-json\/wp\/v2\/product_brand?post=1278794"},{"taxonomy":"product_cat","embeddable":true,"href":"https:\/\/gpdstore.net\/pt-pt\/wp-json\/wp\/v2\/product_cat?post=1278794"},{"taxonomy":"product_tag","embeddable":true,"href":"https:\/\/gpdstore.net\/pt-pt\/wp-json\/wp\/v2\/product_tag?post=1278794"},{"taxonomy":"woo-feed-brand","embeddable":true,"href":"https:\/\/gpdstore.net\/pt-pt\/wp-json\/wp\/v2\/woo-feed-brand?post=1278794"}],"curies":[{"name":"wp","href":"https:\/\/api.w.org\/{rel}","templated":true}]}}