{"id":1275894,"date":"2026-01-22T10:18:28","date_gmt":"2026-01-22T10:18:28","guid":{"rendered":"https:\/\/gpdstore.net\/product\/biwin-rd510-mini-leitor-ssd\/"},"modified":"2026-03-29T00:46:55","modified_gmt":"2026-03-29T00:46:55","slug":"biwin-rd510-mini-ssd-reader","status":"publish","type":"product","link":"https:\/\/gpdstore.net\/pt-pt\/product\/biwin-rd510-mini-ssd-reader\/","title":{"rendered":"Biwin RD510 Mini Leitor SSD"},"content":{"rendered":"\n<h2 class=\"wp-block-heading\">Biwin Mini Leitor SSD: A melhor solu\u00e7\u00e3o de armazenamento USB 4.0 para profissionais<\/h2>\n\n<p>O <strong>Biwin RD510 Mini SSD Reader<\/strong> representa um avan\u00e7o na tecnologia de armazenamento port\u00e1til. Este leitor de alto desempenho \u00e9 o primeiro do seu g\u00e9nero, especificamente concebido para o formato ultra-compacto &#8220;Mini SSD&#8221;. Estas unidades min\u00fasculas, que medem apenas 15,0 mm \u00d7 17,0 mm \u00d7 1,4 mm, requerem um alojamento preciso para funcionarem no seu m\u00e1ximo<sup>.2<\/sup> Uma vez que esta solu\u00e7\u00e3o <strong>biwin SSD<\/strong> foi concebida para dimens\u00f5es t\u00e3o pequenas, oferece um n\u00edvel de portabilidade nunca antes visto no mercado de hardware profissional.  <\/p>\n\n<h2 class=\"wp-block-heading\">Velocidades extremamente r\u00e1pidas com o Mini Leitor SSD Biwin RD510<\/h2>\n\n<p>O desempenho \u00e9 onde este <strong>mini leitor SSD da Biwinn<\/strong> realmente brilha. Utiliza o avan\u00e7ado protocolo USB 4.0 para proporcionar velocidades de transfer\u00eancia de dados surpreendentes de at\u00e9 40 Gbps<sup>.3<\/sup> Consequentemente, o <strong>Biwin RD510 Mini SSD Reader<\/strong> atinge velocidades de leitura sequencial de 3300 MB\/s e velocidades de escrita de 3000 MB\/s<sup>.4<\/sup> Estes valores representam uma combina\u00e7\u00e3o perfeita para os utilizadores que lidam frequentemente com ficheiros de v\u00eddeo de 8K ou reposit\u00f3rios de software maci\u00e7os. <\/p>\n\n<p>Al\u00e9m disso, a arquitetura <strong>do driver biwin SSD<\/strong> \u00e9 optimizada para sistemas operativos modernos para garantir a simplicidade do plug-and-play. Verificar\u00e1 que os backups de dados em grande escala s\u00e3o conclu\u00eddos em segundos em vez de minutos. Como a interface \u00e9 t\u00e3o eficiente, a lat\u00eancia \u00e9 mantida a um m\u00ednimo absoluto durante aplica\u00e7\u00f5es profissionais intensivas.  <\/p>\n\n<h2 class=\"wp-block-heading\">Arrefecimento ativo para um desempenho sustentado do SSD Biwin<\/h2>\n\n<p>A manuten\u00e7\u00e3o de velocidades elevadas conduz frequentemente a desafios t\u00e9rmicos. Por isso, o <strong>Biwin RD510 Mini SSD Reader<\/strong> est\u00e1 equipado com uma ventoinha de arrefecimento incorporada para uma gest\u00e3o ativa do calor. Esta solu\u00e7\u00e3o t\u00e9rmica evita as quedas de desempenho associadas ao sobreaquecimento. Consequentemente, o teu <strong>biwin SSD<\/strong> manter\u00e1 a sua velocidade m\u00e1xima mesmo durante migra\u00e7\u00f5es de dados de uma hora.   <\/p>\n\n<p>A constru\u00e7\u00e3o robusta do <strong>Biwin RD510 Mini SSD Reader<\/strong> garante que consegue sobreviver \u00e0s desloca\u00e7\u00f5es di\u00e1rias. Enquanto o exterior tem um aspeto elegante e profissional, os componentes internos est\u00e3o protegidos contra choques f\u00edsicos. \u00c9 dada prioridade a um funcionamento est\u00e1vel e ininterrupto, o que, em \u00faltima an\u00e1lise, ajuda a prolongar a vida \u00fatil dos teus suportes de armazenamento.  <\/p>\n\n<h2 class=\"wp-block-heading\">Conectividade Multi-Plataforma para o Leitor Biwinn Mini SSD<\/h2>\n\n<p>A versatilidade \u00e9 um ponto forte deste <strong>mini leitor SSD da Biwinn<\/strong>. Vem com um cabo USB 4.0 Type-C para Type-C de alta qualidade para desbloquear todo o potencial do teu hardware<sup>.5<\/sup> Isto garante que o <strong>Biwin RD510 Mini SSD Reader<\/strong> \u00e9 compat\u00edvel com uma vasta gama de ecossistemas modernos. <\/p>\n\n<figure class=\"wp-block-table\"><table class=\"has-fixed-layout\"><thead><tr><td><strong>Categoria do sistema<\/strong><\/td><td><strong>Plataformas suportadas<\/strong><\/td><\/tr><\/thead><tbody><tr><td><strong>Computadores<\/strong><\/td><td>Windows 10\/11, macOS 11.0+<\/td><\/tr><tr><td><strong>Telem\u00f3vel<\/strong><\/td><td>iOS 17.0+, Android 11.0+<\/td><\/tr><tr><td><strong>Jogos<\/strong><\/td><td>PlayStation 5 (Sistema 08+)<\/td><\/tr><tr><td><strong>Sistemas operativos<\/strong><\/td><td>HyperOS 1.0+, HarmonyOS 3.0+<\/td><\/tr><\/tbody><\/table><\/figure>\n","protected":false},"excerpt":{"rendered":"<ul>\n<li><strong>Biwin RD510<\/strong> Leitor Mini SSD USB 4.0<\/li>\n<li><strong>Interface USB 4.0<\/strong> &#8211; Transfer\u00eancia de dados a alta velocidade at\u00e9 40 Gbps<\/li>\n<li><strong>3300MB\/s de leitura e 3000MB\/s de escrita<\/strong> &#8211; Optimizado para v\u00eddeo 8K e ficheiros grandes<\/li>\n<li><strong>Sistema de arrefecimento ativo<\/strong> &#8211; Ventoinha incorporada para um desempenho m\u00e1ximo sustentado<\/li>\n<li><strong>Design ultraport\u00e1til<\/strong> &#8211; Especificamente concebido para o formato Mini SSD<\/li>\n<\/ul>\n[cg_accordion title=\"INFORMA\u00c7\u00d5ES DE PAGAMENTO\"]<\/p>\n<p>Utilizamos a mais recente tecnologia em processamento de pagamentos, o que lhe permite efetuar o checkout atrav\u00e9s do seu cart\u00e3o de d\u00e9bito\/cr\u00e9dito ou PayPal para uma experi\u00eancia r\u00e1pida e segura.[\/cg_accordion]\n[cg_accordion title=\"GARANTIA\"]<\/p>\n<p>2 anos de garantia da <a href=\"https:\/\/droix.net\/\" target=\"_blank\" rel=\"nofollow noopener\">DROIX Global<\/a> para a sua paz de esp\u00edrito[\/cg_accordion]\n[cg_accordion title=\"GARANTIA DE QUALIDADE E ENSAIOS PR\u00c9-EXPEDI\u00c7\u00c3O\"]<\/p>\n<p>Garante a satisfa\u00e7\u00e3o do cliente ao mais alto n\u00edvel: Todos os dispositivos s\u00e3o submetidos a testes rigorosos e a uma verifica\u00e7\u00e3o de garantia de qualidade multiponto antes de serem enviados. A nossa equipa dedicada verifica o desempenho, a funcionalidade e a integridade dos componentes para garantir que o teu dispositivo GPD est\u00e1 em perfeitas condi\u00e7\u00f5es de funcionamento \u00e0 chegada, proporcionando-te confian\u00e7a e paz de esp\u00edrito. [\/cg_accordion]\n[cg_accordion title=\"PRE\u00c7OS, IMPOSTOS E ENVIO\"]<\/p>\n<p><strong><u>Nota:<\/u><\/strong><\/p>\n<ul>\n<li>Clientes dos Estados Unidos: O pre\u00e7o apresentado N\u00c3O inclui TAXAS nem impostos. A responsabilidade pelo desalfandegamento e pelo pagamento de quaisquer impostos\/taxas associadas recai sobre o cliente. <\/li>\n<li>Clientes da UE: O pre\u00e7o apresentado inclui o IMPOSTO aplic\u00e1vel, que pode ir at\u00e9 25% consoante o pa\u00eds.<\/li>\n<li>Clientes do Canad\u00e1: O pre\u00e7o apresentado inclui os impostos aplic\u00e1veis, que podem incluir 5% de GST e impostos adicionais sobre vendas provinciais (PST), imposto sobre vendas harmonizado (HST) ou imposto sobre vendas do Quebec (QST), dependendo da sua prov\u00edncia.<\/li>\n<\/ul>\n<p>Para os nossos clientes dos EUA: As encomendas s\u00e3o enviadas DAP (Delivered At Place). Embora os clientes sejam respons\u00e1veis pelo pagamento de quaisquer tarifas aplic\u00e1veis, baseamo-nos na nossa vasta experi\u00eancia de envio a partir do Reino Unido para garantir que pagas o m\u00ednimo poss\u00edvel. Com base nos nossos registos, estes encargos n\u00e3o excedem normalmente 10% do valor do artigo.  <\/p>\n<p><strong>APENAS para clientes da UE:<\/strong> Expresso DDP (Delivered Duty Paid). Isto significa que: <\/p>\n<ul>\n<li>Todos os direitos aduaneiros e impostos est\u00e3o inclu\u00eddos no pre\u00e7o apresentado na p\u00e1gina do produto.<\/li>\n<li>N\u00e3o ter\u00e1 de pagar quaisquer encargos adicionais aquando da entrega.<\/li>\n<li>Na rara eventualidade de problemas relacionados com a alf\u00e2ndega, a nossa equipa tratar\u00e1 do processo de desalfandegamento em seu nome para garantir uma experi\u00eancia de entrega sem problemas.<\/li>\n<p>Informa\u00e7\u00f5es importantes sobre as devolu\u00e7\u00f5es:<\/p>\n<li>Se decidir devolver a sua encomenda ou solicitar um reembolso, tenha em aten\u00e7\u00e3o que os impostos e direitos pagos em seu nome ao abrigo das condi\u00e7\u00f5es DDP n\u00e3o podem ser reembolsados.<\/li>\n<p>Consulte os nossos <a href=\"https:\/\/droix.net\/terms-and-conditions\/\" target=\"_blank\" rel=\"nofollow noopener\">Termos e Condi\u00e7\u00f5es<\/a> para obter informa\u00e7\u00f5es pormenorizadas.\n<\/ul>\n<p>[\/cg_accordion]\n[cg_accordion title=\"APOIO AO CLIENTE\"]<\/p>\n<p>Tem uma pergunta? Estamos a uma curta mensagem de texto de ter o seu problema resolvido! <\/p>\n<p>Consulte os nossos <a href=\"https:\/\/gpdstore.net\/terms-of-service\/\" target=\"_blank\" rel=\"nofollow noopener\">Termos e Condi\u00e7\u00f5es<\/a> para obter informa\u00e7\u00f5es pormenorizadas.\n<\/ul>\n<p>[\/cg_accordion]\n[cg_accordion title=\"O QUE EST\u00c1 INCLU\u00cdDO\"]<\/p>\n<ul>\n<li>1x Leitor Biwin RD510 Mini SSD<\/li>\n<\/ul>\n<p>[\/cg_accordion]\n","protected":false},"featured_media":1275902,"template":"","meta":{"_acf_changed":false},"product_brand":[],"product_cat":[5392],"product_tag":[],"woo-feed-brand":[],"class_list":{"0":"post-1275894","1":"product","2":"type-product","3":"status-publish","4":"has-post-thumbnail","6":"product_cat-acessorios","7":"product_shipping_class-low-end","9":"pa_brand-biwin","11":"first","12":"outofstock","13":"sale","14":"taxable","15":"shipping-taxable","16":"purchasable","17":"product-type-simple"},"acf":[],"aioseo_notices":[],"_links":{"self":[{"href":"https:\/\/gpdstore.net\/pt-pt\/wp-json\/wp\/v2\/product\/1275894","targetHints":{"allow":["GET"]}}],"collection":[{"href":"https:\/\/gpdstore.net\/pt-pt\/wp-json\/wp\/v2\/product"}],"about":[{"href":"https:\/\/gpdstore.net\/pt-pt\/wp-json\/wp\/v2\/types\/product"}],"wp:featuredmedia":[{"embeddable":true,"href":"https:\/\/gpdstore.net\/pt-pt\/wp-json\/wp\/v2\/media\/1275902"}],"wp:attachment":[{"href":"https:\/\/gpdstore.net\/pt-pt\/wp-json\/wp\/v2\/media?parent=1275894"}],"wp:term":[{"taxonomy":"product_brand","embeddable":true,"href":"https:\/\/gpdstore.net\/pt-pt\/wp-json\/wp\/v2\/product_brand?post=1275894"},{"taxonomy":"product_cat","embeddable":true,"href":"https:\/\/gpdstore.net\/pt-pt\/wp-json\/wp\/v2\/product_cat?post=1275894"},{"taxonomy":"product_tag","embeddable":true,"href":"https:\/\/gpdstore.net\/pt-pt\/wp-json\/wp\/v2\/product_tag?post=1275894"},{"taxonomy":"woo-feed-brand","embeddable":true,"href":"https:\/\/gpdstore.net\/pt-pt\/wp-json\/wp\/v2\/woo-feed-brand?post=1275894"}],"curies":[{"name":"wp","href":"https:\/\/api.w.org\/{rel}","templated":true}]}}