{"id":1274641,"date":"2025-01-09T09:45:24","date_gmt":"2025-01-09T09:45:24","guid":{"rendered":"https:\/\/gpdstore.net\/product\/complemento-gpd-win-max-2025-4g-lte\/"},"modified":"2026-03-29T00:40:31","modified_gmt":"2026-03-29T00:40:31","slug":"gpd-win-max-2-2025-4g-lte-add-on","status":"publish","type":"product","link":"https:\/\/gpdstore.net\/pt-pt\/product\/gpd-win-max-2-2025-4g-lte-add-on\/","title":{"rendered":"Complemento GPD WIN MAX 2025 4G LTE"},"content":{"rendered":"\n<h2 class=\"wp-block-heading\">Experimenta a verdadeira portabilidade com o m\u00f3dulo suplementar 4G LTE para o GPD WIN MAX 2 (2025)<\/h2>\n\n<p>Transforme o seu <a href=\"https:\/\/gpdstore.net\/gpd-win-max-2-2025-review\/gpd-win-max-2-2025\/\" target=\"_blank\" rel=\"noreferrer noopener\">GPD WIN MAX 2 (2025<\/a>) na derradeira pot\u00eancia port\u00e1til para jogos e produtividade com o m\u00f3dulo 4G LTE opcional. Concebido exclusivamente para este dispositivo, o m\u00f3dulo garante uma conetividade sem falhas, permitindo-lhe ficar online a qualquer hora e em qualquer lugar. <\/p>\n\n<p>Concebido tendo em mente a precis\u00e3o e a facilidade de utiliza\u00e7\u00e3o, este m\u00f3dulo suporta uma vasta gama de redes, incluindo <strong>4G TD-LTE, FDD-LTE e 3G CDMA<\/strong>, oferecendo uma versatilidade inigual\u00e1vel para compatibilidade global. N\u00e3o \u00e9 necess\u00e1ria qualquer desmontagem ou instala\u00e7\u00e3o complexa &#8211; a ranhura do m\u00f3dulo 4G virada para a retaguarda permite uma configura\u00e7\u00e3o r\u00e1pida e direta. <\/p>\n\n<p>Quer esteja a jogar, a trabalhar ou a fazer streaming, o m\u00f3dulo 4G LTE proporciona um desempenho est\u00e1vel e de alta velocidade que rivaliza com os computadores port\u00e1teis convencionais. Com este acess\u00f3rio essencial, pode desfrutar de uma jogabilidade e produtividade ininterruptas, mesmo em cen\u00e1rios complexos ou em viagem.<\/p>\n\n<h4 class=\"wp-block-heading\">Carater\u00edsticas:<\/h4>\n\n<ul class=\"wp-block-list\">\n<li><strong>Design concebido para o efeito<\/strong>: Criado exclusivamente para o GPD WIN MAX 2 (2025) para garantir um ajuste perfeito e uma funcionalidade perfeita.<\/li>\n\n\n\n<li><strong>Conectividade fi\u00e1vel<\/strong>: Permite o acesso 4G LTE de alta velocidade, tornando-o ideal para jogos, streaming e trabalho.<\/li>\n\n\n\n<li><strong>Suporte de rede global<\/strong>: Compat\u00edvel com 4G TD-LTE, FDD-LTE e 3G CDMA para utiliza\u00e7\u00e3o a n\u00edvel mundial.<\/li>\n\n\n\n<li><strong>Instala\u00e7\u00e3o sem esfor\u00e7o<\/strong>: Instala\u00e7\u00e3o r\u00e1pida e segura atrav\u00e9s da ranhura para o m\u00f3dulo 4G virada para tr\u00e1s.<\/li>\n<\/ul>\n\n<h4 class=\"wp-block-heading\">Avisos:<\/h4>\n\n<ol class=\"wp-block-list\">\n<li>Este acess\u00f3rio <strong>n\u00e3o \u00e9 compat\u00edvel<\/strong> com os modelos anteriores da s\u00e9rie GPD WIN Max, incluindo as <strong>vers\u00f5es 2024, 2023 e 2021<\/strong>. Foi concebido exclusivamente para o <strong>GPD WIN Max 2 (2025)<\/strong>. <\/li>\n\n\n\n<li>Verifique o ano do modelo do seu dispositivo para garantir a compatibilidade antes da compra.<\/li>\n<\/ol>\n","protected":false},"excerpt":{"rendered":"<ul>\n<li>Concebido especificamente para o GPD WIN MAX 2 (2025)<\/li>\n<li>Suporta &#8211; 4G TD-LTE, FDD-LTE, 3G CDMA.<\/li>\n<li>Suporte para 4G TD-LTE, FDD-LTE e 3G CDMA<\/li>\n<li>Ranhura Nano-SIM para uma utiliza\u00e7\u00e3o f\u00e1cil<\/li>\n<li>Modelo Quectel EG25-G<\/li>\n<\/ul>\n<pre><b>IMPORTANTE<\/b>\nA INSTALA\u00c7\u00c3O REQUER UM DISPOSITIVO DE ABERTURA\nOS COMPONENTES S\u00c3O PEQUENOS E DELICADOS\nN\u00c3O NOS RESPONSABILIZAMOS POR QUAISQUER DANOS CAUSADOS PELO CLIENTE<\/pre>\n[cg_accordion title=\"INFORMA\u00c7\u00d5ES DE PAGAMENTO\"]<\/p>\n<p>Utilizamos a mais recente tecnologia em processamento de pagamentos, o que lhe permite efetuar o checkout atrav\u00e9s do seu cart\u00e3o de d\u00e9bito\/cr\u00e9dito ou PayPal para uma experi\u00eancia r\u00e1pida e segura.[\/cg_accordion]\n[cg_accordion title=\"GARANTIA\"]<\/p>\n<p>2 anos de garantia da <a href=\"https:\/\/droix.net\/\" target=\"_blank\" rel=\"nofollow noopener\">DROIX Global<\/a> para a sua paz de esp\u00edrito[\/cg_accordion]\n[cg_accordion title=\"GARANTIA DE QUALIDADE E ENSAIOS PR\u00c9-EXPEDI\u00c7\u00c3O\"]<\/p>\n<p>Garante a satisfa\u00e7\u00e3o do cliente ao mais alto n\u00edvel: Todos os dispositivos s\u00e3o submetidos a testes rigorosos e a uma verifica\u00e7\u00e3o de garantia de qualidade multiponto antes de serem enviados. A nossa equipa dedicada verifica o desempenho, a funcionalidade e a integridade dos componentes para garantir que o teu dispositivo GPD est\u00e1 em perfeitas condi\u00e7\u00f5es de funcionamento \u00e0 chegada, proporcionando-te confian\u00e7a e paz de esp\u00edrito. [\/cg_accordion]\n[cg_accordion title=\"PRE\u00c7OS, IMPOSTOS E ENVIO\"]<\/p>\n<p><strong><u>Nota:<\/u><\/strong><\/p>\n<ul>\n<li>Clientes dos Estados Unidos: O pre\u00e7o apresentado N\u00c3O inclui TAXAS nem impostos. A responsabilidade pelo desalfandegamento e pelo pagamento de quaisquer impostos\/taxas associadas recai sobre o cliente. <\/li>\n<li>Clientes da UE: O pre\u00e7o apresentado inclui o IMPOSTO aplic\u00e1vel, que pode ir at\u00e9 25% consoante o pa\u00eds.<\/li>\n<li>Clientes do Canad\u00e1: O pre\u00e7o apresentado inclui os impostos aplic\u00e1veis, que podem incluir 5% de GST e impostos adicionais sobre vendas provinciais (PST), imposto sobre vendas harmonizado (HST) ou imposto sobre vendas do Quebec (QST), dependendo da sua prov\u00edncia.<\/li>\n<\/ul>\n<p>Para os nossos clientes dos EUA: As encomendas s\u00e3o enviadas DAP (Delivered At Place). Embora os clientes sejam respons\u00e1veis pelo pagamento de quaisquer tarifas aplic\u00e1veis, baseamo-nos na nossa vasta experi\u00eancia de envio a partir do Reino Unido para garantir que pagas o m\u00ednimo poss\u00edvel. Com base nos nossos registos, estes encargos n\u00e3o excedem normalmente 10% do valor do artigo.  <\/p>\n<p><strong>APENAS para clientes da UE:<\/strong> Expresso DDP (Delivered Duty Paid). Isto significa que: <\/p>\n<ul>\n<li>Todos os direitos aduaneiros e impostos est\u00e3o inclu\u00eddos no pre\u00e7o apresentado na p\u00e1gina do produto.<\/li>\n<li>N\u00e3o ter\u00e1 de pagar quaisquer encargos adicionais aquando da entrega.<\/li>\n<li>Na rara eventualidade de problemas relacionados com a alf\u00e2ndega, a nossa equipa tratar\u00e1 do processo de desalfandegamento em seu nome para garantir uma experi\u00eancia de entrega sem problemas.<\/li>\n<p>Informa\u00e7\u00f5es importantes sobre as devolu\u00e7\u00f5es:<\/p>\n<li>Se decidir devolver a sua encomenda ou solicitar um reembolso, tenha em aten\u00e7\u00e3o que os impostos e direitos pagos em seu nome ao abrigo das condi\u00e7\u00f5es DDP n\u00e3o podem ser reembolsados.<\/li>\n<p>Consulte os nossos <a href=\"https:\/\/droix.net\/terms-and-conditions\/\" target=\"_blank\" rel=\"nofollow noopener\">Termos e Condi\u00e7\u00f5es<\/a> para obter informa\u00e7\u00f5es pormenorizadas.\n<\/ul>\n<p>[\/cg_accordion]\n[cg_accordion title=\"APOIO AO CLIENTE\"]<\/p>\n<p>Tem uma pergunta? Estamos a uma curta mensagem de texto de ter o seu problema resolvido! <\/p>\n<p>Consulte os nossos <a href=\"https:\/\/gpdstore.net\/terms-of-service\/\" target=\"_blank\" rel=\"nofollow noopener\">Termos e Condi\u00e7\u00f5es<\/a> para obter informa\u00e7\u00f5es pormenorizadas.\n<\/ul>\n<p>[\/cg_accordion]\n[cg_accordion title=\"O QUE EST\u00c1 INCLU\u00cdDO\"]<\/p>\n<ul>\n<li>1x M\u00f3dulo LTE GPD WIN MAX 2 2025<\/li>\n<\/ul>\n<p>[\/cg_accordion]\n","protected":false},"featured_media":1015,"template":"","meta":{"_acf_changed":false},"product_brand":[],"product_cat":[5392],"product_tag":[15763,6113],"woo-feed-brand":[],"class_list":{"0":"post-1274641","1":"product","2":"type-product","3":"status-publish","4":"has-post-thumbnail","6":"product_cat-acessorios","7":"product_tag-20xmsale-pt-pt-2","8":"product_tag-gpd-wm2-acessorio","9":"product_shipping_class-low-end","10":"pa_accessory-type-suplementos","11":"pa_brand-gpd","13":"first","14":"instock","15":"sale","16":"taxable","17":"shipping-taxable","18":"purchasable","19":"product-type-simple"},"acf":[],"aioseo_notices":[],"_links":{"self":[{"href":"https:\/\/gpdstore.net\/pt-pt\/wp-json\/wp\/v2\/product\/1274641","targetHints":{"allow":["GET"]}}],"collection":[{"href":"https:\/\/gpdstore.net\/pt-pt\/wp-json\/wp\/v2\/product"}],"about":[{"href":"https:\/\/gpdstore.net\/pt-pt\/wp-json\/wp\/v2\/types\/product"}],"wp:featuredmedia":[{"embeddable":true,"href":"https:\/\/gpdstore.net\/pt-pt\/wp-json\/wp\/v2\/media\/1015"}],"wp:attachment":[{"href":"https:\/\/gpdstore.net\/pt-pt\/wp-json\/wp\/v2\/media?parent=1274641"}],"wp:term":[{"taxonomy":"product_brand","embeddable":true,"href":"https:\/\/gpdstore.net\/pt-pt\/wp-json\/wp\/v2\/product_brand?post=1274641"},{"taxonomy":"product_cat","embeddable":true,"href":"https:\/\/gpdstore.net\/pt-pt\/wp-json\/wp\/v2\/product_cat?post=1274641"},{"taxonomy":"product_tag","embeddable":true,"href":"https:\/\/gpdstore.net\/pt-pt\/wp-json\/wp\/v2\/product_tag?post=1274641"},{"taxonomy":"woo-feed-brand","embeddable":true,"href":"https:\/\/gpdstore.net\/pt-pt\/wp-json\/wp\/v2\/woo-feed-brand?post=1274641"}],"curies":[{"name":"wp","href":"https:\/\/api.w.org\/{rel}","templated":true}]}}