{"id":1258300,"date":"2025-10-21T14:46:01","date_gmt":"2025-10-21T14:46:01","guid":{"rendered":"https:\/\/gpdstore.net\/product\/estacao-de-ancoragem-gpd-win-5\/"},"modified":"2026-01-19T15:13:13","modified_gmt":"2026-01-19T15:13:13","slug":"gpd-win-5-docking-station","status":"publish","type":"product","link":"https:\/\/gpdstore.net\/pt-pt\/product\/gpd-win-5-docking-station\/","title":{"rendered":"Esta\u00e7\u00e3o de ancoragem GPD WIN 5"},"content":{"rendered":"\n<p>A <strong>GPD WIN 5 Docking Station<\/strong> (muitas vezes referida como Smart Dock) \u00e9 o hub de secret\u00e1ria essencial concebido para libertar todo o potencial do teu <a href=\"https:\/\/gpdstore.net\/pt-pt\/product\/gpd-win-5\/\" target=\"_blank\" rel=\"noopener\" title=\"\">PC de jogos port\u00e1til GPD WIN 5<\/a>. Transforma a tua pot\u00eancia port\u00e1til numa configura\u00e7\u00e3o completa para jogos e produtividade no ambiente de trabalho com uma simples liga\u00e7\u00e3o, garantindo o m\u00e1ximo fornecimento de energia e uma integra\u00e7\u00e3o perfeita de perif\u00e9ricos.<\/p>\n\n<hr class=\"wp-block-separator has-alpha-channel-opacity\"\/>\n\n<h2 class=\"wp-block-heading\">Carater\u00edsticas principais:<\/h2>\n\n<p><strong>M\u00e1ximo fornecimento de energia para um desempenho de topo<\/strong> A base foi concebida para se ligar \u00e0 porta de alimenta\u00e7\u00e3o dedicada do GPD WIN 5, permitindo que o dispositivo funcione com os <strong>100W<\/strong> totais do seu carregador. Isto permite que a APU Strix Halo de alto desempenho sustente o seu TDP m\u00e1ximo para taxas de fotogramas de classe desktop sem estrangulamento t\u00e9rmico. <\/p>\n\n<p>\ud83d\udcbb <strong>Transforma\u00e7\u00e3o instant\u00e2nea<\/strong> do ambiente de trabalho Coloca facilmente o teu GPD WIN 5 na base para te ligares instantaneamente a todos os perif\u00e9ricos do teu ambiente de trabalho.<sup><\/sup> Transforma a tua consola port\u00e1til num PC Windows 11 completo, pronto para jogos competitivos, trabalho ou consumo de multim\u00e9dia.<sup><\/sup><\/p>\n\n<p>\ud83d\udda5\ufe0f <strong>Sa\u00edda de ecr\u00e3 4K de alta velocidade<\/strong> Equipada com uma <strong>porta HDMI 2.1<\/strong> dedicada, a Smart Dock pode enviar uma <strong>resolu\u00e7\u00e3o de<\/strong> at\u00e9 <strong>4K a <sup><\/sup>144 Hz<\/strong> para um monitor ou televisor de jogos externo, proporcionando uma experi\u00eancia de alta fidelidade suave como manteiga que rivaliza com os PCs de secret\u00e1ria tradicionais.<sup><\/sup><\/p>\n\n<p><strong>Expans\u00e3o abrangente de E\/S<\/strong> Expande significativamente as tuas op\u00e7\u00f5es de conetividade para acomodar todo o teu equipamento de jogo e de trabalho:<\/p>\n\n<ul class=\"wp-block-list\">\n<li><strong>1x porta HDMI 2.1:<\/strong> Para sa\u00edda de ecr\u00e3 de alta resolu\u00e7\u00e3o e alta taxa de atualiza\u00e7\u00e3o.<\/li>\n\n\n\n<li><strong>3x portas USB tipo A:<\/strong> Liga teclados externos, ratos, unidades flash e outros perif\u00e9ricos.<\/li>\n\n\n\n<li><strong>1x Porta Ethernet (RJ45):<\/strong> Assegura uma liga\u00e7\u00e3o com fios est\u00e1vel e de baixa lat\u00eancia para jogos online competitivos.<\/li>\n\n\n\n<li><strong>1x Porta USB Tipo C:<\/strong> Para dados ou liga\u00e7\u00f5es perif\u00e9ricas adicionais.<\/li>\n<\/ul>\n\n<p><strong>Ber\u00e7o inteligente tudo-em-um<\/strong> O design exclusivo funciona como um suporte seguro e um hub de energia. Fornece um local de descanso est\u00e1vel e vertical para o teu GPD WIN 5 enquanto carrega ativamente o sistema e fornece a energia necess\u00e1ria para jogos sustentados de alto desempenho. <\/p>\n\n<h2 class=\"wp-block-heading\">Porqu\u00ea escolher a esta\u00e7\u00e3o de ancoragem GPD WIN 5?<\/h2>\n\n<p>O GPD WIN 5 foi concebido para ser um substituto do computador de secret\u00e1ria e esta Smart Dock \u00e9 a ponte. Elimina a confus\u00e3o de cabos e assegura que o teu poderoso chip Strix Halo recebe os 100 W de pot\u00eancia necess\u00e1rios para proporcionar um desempenho de classe RTX 4060 no teu grande ecr\u00e3. \u00c9 o acess\u00f3rio essencial para a derradeira experi\u00eancia de jogo em ambiente de trabalho plug-and-play. <\/p>\n\n<hr class=\"wp-block-separator has-alpha-channel-opacity\"\/>\n\n<h3 class=\"wp-block-heading\">Especifica\u00e7\u00f5es:<\/h3>\n\n<figure class=\"wp-block-table\"><table class=\"has-fixed-layout\"><thead><tr><td>Detalhe<\/td><td>Especifica\u00e7\u00e3o<\/td><\/tr><\/thead><tbody><tr><td><strong>Compatibilidade<\/strong><\/td><td>GPD WIN 5 Handheld Gaming PC<\/td><\/tr><tr><td><strong>Sa\u00edda de v\u00eddeo<\/strong><\/td><td>1\u00d7HDMI 2.1 (at\u00e9 4K @144 Hz)<\/td><\/tr><tr><td><strong>Portas USB<\/strong><\/td><td>3\u00d7USB Tipo A, 1\u00d7USB Tipo C<\/td><\/tr><tr><td><strong>Rede<\/strong><\/td><td>1\u00d7Porta Ethernet (RJ45)<\/td><\/tr><tr><td><strong>Entrada de energia<\/strong><\/td><td>Macaco de barril (concebido para carregador de 100 W GPD WIN 5)<\/td><\/tr><tr><td><strong>Fun\u00e7\u00e3o<\/strong><\/td><td>Ancoragem, carregamento, sa\u00edda do ecr\u00e3, suporte<\/td><\/tr><\/tbody><\/table><\/figure>\n\n<p><\/p>\n","protected":false},"excerpt":{"rendered":"<ul>\n<li><strong>Passagem de pot\u00eancia de 180 W:<\/strong> Fornece a pot\u00eancia m\u00e1xima para um desempenho de topo.<\/li>\n<li><strong>Modo Desktop:<\/strong> Transforma instantaneamente o handheld num PC de secret\u00e1ria completo.<\/li>\n<li><strong>Sa\u00edda de ecr\u00e3 4K:<\/strong> Inclui HDMI 2.1 para monitores externos de alta resolu\u00e7\u00e3o.<\/li>\n<li><strong>Jogos com fios:<\/strong> Inclui uma porta Ethernet para um jogo online est\u00e1vel e sem atrasos.<\/li>\n<li><strong>Adapta\u00e7\u00e3o oficial:<\/strong> Acess\u00f3rio GPD WIN 5 concebido \u00e0 medida para ti.<\/li>\n<\/ul>\n[cg_accordion title=\"INFORMA\u00c7\u00d5ES DE PAGAMENTO\"]<\/p>\n<p>Utilizamos a mais recente tecnologia em processamento de pagamentos, o que lhe permite efetuar o checkout atrav\u00e9s do seu cart\u00e3o de d\u00e9bito\/cr\u00e9dito ou PayPal para uma experi\u00eancia r\u00e1pida e segura.[\/cg_accordion]\n[cg_accordion title=\"GARANTIA\"]<\/p>\n<p>2 anos de garantia da <a href=\"https:\/\/droix.net\/\" target=\"_blank\" rel=\"nofollow noopener\">DROIX Global<\/a> para a sua paz de esp\u00edrito[\/cg_accordion]\n[cg_accordion title=\"GARANTIA DE QUALIDADE E ENSAIOS PR\u00c9-EXPEDI\u00c7\u00c3O\"]<\/p>\n<p>Garante a satisfa\u00e7\u00e3o do cliente ao mais alto n\u00edvel: Todos os dispositivos s\u00e3o submetidos a testes rigorosos e a uma verifica\u00e7\u00e3o de garantia de qualidade multiponto antes de serem enviados. A nossa equipa dedicada verifica o desempenho, a funcionalidade e a integridade dos componentes para garantir que o teu dispositivo GPD est\u00e1 em perfeitas condi\u00e7\u00f5es de funcionamento \u00e0 chegada, proporcionando-te confian\u00e7a e paz de esp\u00edrito. [\/cg_accordion]\n[cg_accordion title=\"PRE\u00c7OS, IMPOSTOS E ENVIO\"]<\/p>\n<p><strong><u>Nota:<\/u><\/strong><\/p>\n<ul>\n<li>Clientes dos Estados Unidos: O pre\u00e7o apresentado N\u00c3O inclui TAXAS nem impostos. A responsabilidade pelo desalfandegamento e pelo pagamento de quaisquer impostos\/taxas associadas recai sobre o cliente. <\/li>\n<li>Clientes da UE: O pre\u00e7o apresentado inclui o IMPOSTO aplic\u00e1vel, que pode ir at\u00e9 25% consoante o pa\u00eds.<\/li>\n<li>Clientes do Canad\u00e1: O pre\u00e7o apresentado inclui os impostos aplic\u00e1veis, que podem incluir 5% de GST e impostos adicionais sobre vendas provinciais (PST), imposto sobre vendas harmonizado (HST) ou imposto sobre vendas do Quebec (QST), dependendo da sua prov\u00edncia.<\/li>\n<\/ul>\n<p>Para os nossos clientes dos EUA: As encomendas s\u00e3o enviadas DAP (Delivered At Place). Embora os clientes sejam respons\u00e1veis pelo pagamento de quaisquer tarifas aplic\u00e1veis, baseamo-nos na nossa vasta experi\u00eancia de envio a partir do Reino Unido para garantir que pagas o m\u00ednimo poss\u00edvel. Com base nos nossos registos, estes encargos n\u00e3o excedem normalmente 10% do valor do artigo.  <\/p>\n<p><strong>APENAS para clientes da UE:<\/strong> Expresso DDP (Delivered Duty Paid). Isto significa que: <\/p>\n<ul>\n<li>Todos os direitos aduaneiros e impostos est\u00e3o inclu\u00eddos no pre\u00e7o apresentado na p\u00e1gina do produto.<\/li>\n<li>N\u00e3o ter\u00e1 de pagar quaisquer encargos adicionais aquando da entrega.<\/li>\n<li>Na rara eventualidade de problemas relacionados com a alf\u00e2ndega, a nossa equipa tratar\u00e1 do processo de desalfandegamento em seu nome para garantir uma experi\u00eancia de entrega sem problemas.<\/li>\n<p>Informa\u00e7\u00f5es importantes sobre as devolu\u00e7\u00f5es:<\/p>\n<li>Se decidir devolver a sua encomenda ou solicitar um reembolso, tenha em aten\u00e7\u00e3o que os impostos e direitos pagos em seu nome ao abrigo das condi\u00e7\u00f5es DDP n\u00e3o podem ser reembolsados.<\/li>\n<p>Consulte os nossos <a href=\"https:\/\/droix.net\/terms-and-conditions\/\" target=\"_blank\" rel=\"nofollow noopener\">Termos e Condi\u00e7\u00f5es<\/a> para obter informa\u00e7\u00f5es pormenorizadas.\n<\/ul>\n<p>[\/cg_accordion]\n[cg_accordion title=\"APOIO AO CLIENTE\"]<\/p>\n<p>Tem uma pergunta? Estamos a uma curta mensagem de texto de ter o seu problema resolvido! <\/p>\n<p>Consulte os nossos <a href=\"https:\/\/gpdstore.net\/pt-pt\/terms-of-service\/\" target=\"_blank\" rel=\"nofollow noopener\">Termos e Condi\u00e7\u00f5es<\/a> para obter informa\u00e7\u00f5es pormenorizadas.\n<\/ul>\n<p>[\/cg_accordion]\n[cg_accordion title=\"O QUE EST\u00c1 INCLU\u00cdDO\"]<\/p>\n<ul>\n<li>1x Esta\u00e7\u00e3o de ancoragem oficial GPD WIN 5<\/li>\n<\/ul>\n<p>[\/cg_accordion]\n","protected":false},"featured_media":1261031,"template":"","meta":{"_acf_changed":false},"product_brand":[],"product_cat":[5392],"product_tag":[],"woo-feed-brand":[],"class_list":{"0":"post-1258300","1":"product","2":"type-product","3":"status-publish","4":"has-post-thumbnail","6":"product_cat-acessorios","7":"product_shipping_class-low-end","8":"product_shipping_class-premium","9":"pa_accessory-type-estacao-de-ancoragem","10":"pa_brand-gpd","12":"first","13":"instock","14":"taxable","15":"shipping-taxable","16":"purchasable","17":"product-type-variable","18":"has-default-attributes"},"acf":[],"aioseo_notices":[],"_links":{"self":[{"href":"https:\/\/gpdstore.net\/pt-pt\/wp-json\/wp\/v2\/product\/1258300","targetHints":{"allow":["GET"]}}],"collection":[{"href":"https:\/\/gpdstore.net\/pt-pt\/wp-json\/wp\/v2\/product"}],"about":[{"href":"https:\/\/gpdstore.net\/pt-pt\/wp-json\/wp\/v2\/types\/product"}],"wp:featuredmedia":[{"embeddable":true,"href":"https:\/\/gpdstore.net\/pt-pt\/wp-json\/wp\/v2\/media\/1261031"}],"wp:attachment":[{"href":"https:\/\/gpdstore.net\/pt-pt\/wp-json\/wp\/v2\/media?parent=1258300"}],"wp:term":[{"taxonomy":"product_brand","embeddable":true,"href":"https:\/\/gpdstore.net\/pt-pt\/wp-json\/wp\/v2\/product_brand?post=1258300"},{"taxonomy":"product_cat","embeddable":true,"href":"https:\/\/gpdstore.net\/pt-pt\/wp-json\/wp\/v2\/product_cat?post=1258300"},{"taxonomy":"product_tag","embeddable":true,"href":"https:\/\/gpdstore.net\/pt-pt\/wp-json\/wp\/v2\/product_tag?post=1258300"},{"taxonomy":"woo-feed-brand","embeddable":true,"href":"https:\/\/gpdstore.net\/pt-pt\/wp-json\/wp\/v2\/woo-feed-brand?post=1258300"}],"curies":[{"name":"wp","href":"https:\/\/api.w.org\/{rel}","templated":true}]}}