{"id":1199261,"date":"2025-10-08T14:34:02","date_gmt":"2025-10-08T14:34:02","guid":{"rendered":"https:\/\/gpdstore.net\/product\/biwin-mini-ssd\/"},"modified":"2026-01-19T14:32:39","modified_gmt":"2026-01-19T14:32:39","slug":"biwin-mini-ssd","status":"publish","type":"product","link":"https:\/\/gpdstore.net\/pt-pt\/product\/biwin-mini-ssd\/","title":{"rendered":"BIWIN Mini SSD"},"content":{"rendered":"\n<h2 class=\"wp-block-heading\"><strong>Liberta o verdadeiro potencial do teu dispositivo<\/strong><\/h2>\n\n<p>No mundo da tecnologia de elite, a velocidade \u00e9 tudo. O BIWIN Mini SSD \u00e9 uma declara\u00e7\u00e3o de poder sem compromissos, concebido com a tecnologia PCIe Gen4x2 para atingir uma velocidade te\u00f3rica impressionante de <strong>3.700 MB\/s<\/strong>.<sup><\/sup> N\u00e3o se trata apenas de uma atualiza\u00e7\u00e3o; \u00e9 uma revolu\u00e7\u00e3o numa embalagem mais pequena do que um selo postal. <\/p>\n\n<p>Para os utilizadores de dispositivos port\u00e1teis de \u00faltima gera\u00e7\u00e3o como o <a href=\"https:\/\/gpdstore.net\/pt-pt\/product\/gpd-win-5\/\" target=\"_blank\" rel=\"noopener\" title=\"\">GPD WIN 5<\/a>, o BIWIN Mini SSD \u00e9 a chave para desbloquear a velocidade m\u00e1xima de armazenamento do teu dispositivo. Embora estes dispositivos utilizem uma ranhura PCIe 4&#215;1, o nosso Mini SSD continua a oferecer uns impressionantes <strong>~1.700 MB\/s<\/strong> de desempenho no mundo real &#8211; superando as velocidades de qualquer cart\u00e3o microSD e garantindo que os teus jogos s\u00e3o carregados num instante.<\/p>\n\n<p>Forjado para os extremos, o seu corpo <strong>\u00e0 prova de<\/strong> <strong>\u00e1gua IP68<\/strong> e <strong>\u00e0 prova de queda de 3 metros<\/strong> significa que este poder \u00e9 acompanhado por uma durabilidade lend\u00e1ria.<sup><\/sup> Com at\u00e9 <strong>2TB<\/strong> de capacidade, o BIWIN Mini SSD \u00e9 a solu\u00e7\u00e3o de armazenamento definitiva e sem compromissos para aqueles que exigem o melhor.<\/p>\n","protected":false},"excerpt":{"rendered":"<ul>\n<li>Interface: <strong>PCIe Gen4x2<\/strong> com protocolo **NVMe 1.4<\/li>\n<li>Formato: <strong>Pacote LGA ultra-compacto<\/strong> (15,0 mm \u00d7 17,0 mm \u00d7 1,4 mm)<\/li>\n<li>Desempenho: At\u00e9 **3.700 MB\/s de leitura** \/ At\u00e9 **3.400 MB\/s de grava\u00e7\u00e3o**<\/li>\n<li>Capacidade: 512GB, 1TB ou 2TB 3D TLC NAND<\/li>\n<li>Durabilidade: <strong>IP68<\/strong> Resist\u00eancia \u00e0 poeira e \u00e0 \u00e1gua \/ **Resist\u00eancia a 3 metros de queda**<\/li>\n<li>Tecnologia: Cache **SLC din\u00e2mico** e **nivelamento de desgaste**<\/li>\n<\/ul>\n[cg_accordion title=\"INFORMA\u00c7\u00d5ES DE PAGAMENTO\"]<\/p>\n<p>Utilizamos a mais recente tecnologia em processamento de pagamentos, o que lhe permite efetuar o checkout atrav\u00e9s do seu cart\u00e3o de d\u00e9bito\/cr\u00e9dito ou PayPal para uma experi\u00eancia r\u00e1pida e segura.[\/cg_accordion]\n[cg_accordion title=\"GARANTIA\"]<\/p>\n<p>2 anos de garantia da <a href=\"https:\/\/droix.net\/\" target=\"_blank\" rel=\"nofollow noopener\">DROIX Global<\/a> para a sua paz de esp\u00edrito[\/cg_accordion]\n[cg_accordion title=\"GARANTIA DE QUALIDADE E ENSAIOS PR\u00c9-EXPEDI\u00c7\u00c3O\"]<\/p>\n<p>Garante a satisfa\u00e7\u00e3o do cliente ao mais alto n\u00edvel: Todos os dispositivos s\u00e3o submetidos a testes rigorosos e a uma verifica\u00e7\u00e3o de garantia de qualidade multiponto antes de serem enviados. A nossa equipa dedicada verifica o desempenho, a funcionalidade e a integridade dos componentes para garantir que o teu dispositivo GPD est\u00e1 em perfeitas condi\u00e7\u00f5es de funcionamento \u00e0 chegada, proporcionando-te confian\u00e7a e paz de esp\u00edrito. [\/cg_accordion]\n[cg_accordion title=\"PRE\u00c7OS, IMPOSTOS E ENVIO\"]<\/p>\n<p><strong><u>Nota:<\/u><\/strong><\/p>\n<ul>\n<li>Clientes dos Estados Unidos: O pre\u00e7o apresentado N\u00c3O inclui TAXAS nem impostos. A responsabilidade pelo desalfandegamento e pelo pagamento de quaisquer impostos\/taxas associadas recai sobre o cliente. <\/li>\n<li>Clientes da UE: O pre\u00e7o apresentado inclui o IMPOSTO aplic\u00e1vel, que pode ir at\u00e9 25% consoante o pa\u00eds.<\/li>\n<li>Clientes do Canad\u00e1: O pre\u00e7o apresentado inclui os impostos aplic\u00e1veis, que podem incluir 5% de GST e impostos adicionais sobre vendas provinciais (PST), imposto sobre vendas harmonizado (HST) ou imposto sobre vendas do Quebec (QST), dependendo da sua prov\u00edncia.<\/li>\n<\/ul>\n<p>Para os nossos clientes dos EUA: As encomendas s\u00e3o enviadas DAP (Delivered At Place). Embora os clientes sejam respons\u00e1veis pelo pagamento de quaisquer tarifas aplic\u00e1veis, baseamo-nos na nossa vasta experi\u00eancia de envio a partir do Reino Unido para garantir que pagas o m\u00ednimo poss\u00edvel. Com base nos nossos registos, estes encargos n\u00e3o excedem normalmente 10% do valor do artigo.  <\/p>\n<p><strong>APENAS para clientes da UE:<\/strong> Expresso DDP (Delivered Duty Paid). Isto significa que: <\/p>\n<ul>\n<li>Todos os direitos aduaneiros e impostos est\u00e3o inclu\u00eddos no pre\u00e7o apresentado na p\u00e1gina do produto.<\/li>\n<li>N\u00e3o ter\u00e1 de pagar quaisquer encargos adicionais aquando da entrega.<\/li>\n<li>Na rara eventualidade de problemas relacionados com a alf\u00e2ndega, a nossa equipa tratar\u00e1 do processo de desalfandegamento em seu nome para garantir uma experi\u00eancia de entrega sem problemas.<\/li>\n<p>Informa\u00e7\u00f5es importantes sobre as devolu\u00e7\u00f5es:<\/p>\n<li>Se decidir devolver a sua encomenda ou solicitar um reembolso, tenha em aten\u00e7\u00e3o que os impostos e direitos pagos em seu nome ao abrigo das condi\u00e7\u00f5es DDP n\u00e3o podem ser reembolsados.<\/li>\n<p>Consulte os nossos <a href=\"https:\/\/droix.net\/terms-and-conditions\/\" target=\"_blank\" rel=\"nofollow noopener\">Termos e Condi\u00e7\u00f5es<\/a> para obter informa\u00e7\u00f5es pormenorizadas.\n<\/ul>\n<p>[\/cg_accordion]\n[cg_accordion title=\"APOIO AO CLIENTE\"]<\/p>\n<p>Tem uma pergunta? Estamos a uma curta mensagem de texto de ter o seu problema resolvido! <\/p>\n<p>Consulte os nossos <a href=\"https:\/\/gpdstore.net\/pt-pt\/terms-of-service\/\" target=\"_blank\" rel=\"nofollow noopener\">Termos e Condi\u00e7\u00f5es<\/a> para obter informa\u00e7\u00f5es pormenorizadas.\n<\/ul>\n<p>[\/cg_accordion]\n[cg_accordion title=\"O QUE EST\u00c1 INCLU\u00cdDO\"]<\/p>\n<ul>\n<li>1x BIWIN Mini SSD<\/li>\n<\/ul>\n<p>[\/cg_accordion]\n","protected":false},"featured_media":1196756,"template":"","meta":{"_acf_changed":false},"product_brand":[],"product_cat":[5392],"product_tag":[],"woo-feed-brand":[],"class_list":{"0":"post-1199261","1":"product","2":"type-product","3":"status-publish","4":"has-post-thumbnail","6":"product_cat-acessorios","7":"product_shipping_class-standard","8":"product_shipping_class-premium","9":"pa_brand-biwin","10":"pa_storage-capacity-512-gb-pt-pt","11":"pa_storage-capacity-512gb-fr","12":"pa_storage-capacity-512gb","13":"pa_storage-capacity-1tb","14":"pa_storage-capacity-1tb-pt-pt-2","15":"pa_storage-capacity-1tb-fr","16":"pa_storage-capacity-2tb-fr","17":"pa_storage-capacity-2tb","18":"pa_storage-capacity-2tb-pt-pt","20":"first","21":"instock","22":"taxable","23":"shipping-taxable","24":"purchasable","25":"product-type-variable","26":"has-default-attributes"},"acf":[],"aioseo_notices":[],"_links":{"self":[{"href":"https:\/\/gpdstore.net\/pt-pt\/wp-json\/wp\/v2\/product\/1199261","targetHints":{"allow":["GET"]}}],"collection":[{"href":"https:\/\/gpdstore.net\/pt-pt\/wp-json\/wp\/v2\/product"}],"about":[{"href":"https:\/\/gpdstore.net\/pt-pt\/wp-json\/wp\/v2\/types\/product"}],"wp:featuredmedia":[{"embeddable":true,"href":"https:\/\/gpdstore.net\/pt-pt\/wp-json\/wp\/v2\/media\/1196756"}],"wp:attachment":[{"href":"https:\/\/gpdstore.net\/pt-pt\/wp-json\/wp\/v2\/media?parent=1199261"}],"wp:term":[{"taxonomy":"product_brand","embeddable":true,"href":"https:\/\/gpdstore.net\/pt-pt\/wp-json\/wp\/v2\/product_brand?post=1199261"},{"taxonomy":"product_cat","embeddable":true,"href":"https:\/\/gpdstore.net\/pt-pt\/wp-json\/wp\/v2\/product_cat?post=1199261"},{"taxonomy":"product_tag","embeddable":true,"href":"https:\/\/gpdstore.net\/pt-pt\/wp-json\/wp\/v2\/product_tag?post=1199261"},{"taxonomy":"woo-feed-brand","embeddable":true,"href":"https:\/\/gpdstore.net\/pt-pt\/wp-json\/wp\/v2\/woo-feed-brand?post=1199261"}],"curies":[{"name":"wp","href":"https:\/\/api.w.org\/{rel}","templated":true}]}}