{"id":221263,"date":"2023-03-23T16:49:44","date_gmt":"2023-03-23T16:49:44","guid":{"rendered":"https:\/\/gpdstore.net\/politica-de-cookies\/"},"modified":"2024-12-11T13:42:00","modified_gmt":"2024-12-11T13:42:00","slug":"politica-de-cookies","status":"publish","type":"page","link":"https:\/\/gpdstore.net\/pt-pt\/politica-de-cookies\/","title":{"rendered":"Pol\u00edtica de cookies"},"content":{"rendered":"\n<p>A seguinte Pol\u00edtica de Cookies deve ser considerada em conson\u00e2ncia com (emparelhada com), &#8220;como um s\u00f3&#8221; com os <a href=\"https:\/\/gpdstore.net\/pt-pt\/termos-de-servico\/\" target=\"_blank\" data-type=\"URL\" data-id=\"\/terms-of-service\/\" rel=\"noreferrer noopener\">Termos e Condi\u00e7\u00f5es<\/a>, <a href=\"https:\/\/gpdstore.net\/pt-pt\/politica-de-reembolso-e-devolucao\/\" target=\"_blank\" data-type=\"URL\" data-id=\"\/refund-and-returns-policy\/\" rel=\"noreferrer noopener\">a Pol\u00edtica de Devolu\u00e7\u00f5es e Reembolsos<\/a> e <a href=\"https:\/\/gpdstore.net\/pt-pt\/politica-de-privacidade\/\" target=\"_blank\" data-type=\"URL\" data-id=\"\/privacy-policy\/\" rel=\"noreferrer noopener\">a Pol\u00edtica de Privacidade<\/a><\/p>\n\n<ol class=\"wp-block-list\">\n<li>Esses termos de venda se aplicam a todos os produtos fornecidos pela DroiX US Corp (o Fornecedor).\n<ol class=\"wp-block-list\">\n<li>No contrato estabelecido, as refer\u00eancias s\u00e3o para: N\u00f3s (DroiX US Corp) somos o Fornecedor, e tu (o Cliente)<\/li>\n<\/ol>\n<\/li>\n<\/ol>\n\n<ol class=\"wp-block-list\">\n<li>O site do Fornecedor utiliza cookies para distinguir o cliente, ou seja, Tu, de outros utilizadores do site. Isto ajuda o Fornecedor a proporcionar-te uma boa experi\u00eancia quando navegas no site do Fornecedor e tamb\u00e9m permite que o Fornecedor melhore o nosso site. Ao continuar a navegar no site, est\u00e1s a concordar com a utiliza\u00e7\u00e3o de cookies pelo Fornecedor.  <\/li>\n\n\n\n<li>Um cookie \u00e9 um pequeno ficheiro de letras e n\u00fameros que o Fornecedor armazena no teu browser ou no disco r\u00edgido do teu computador ou telem\u00f3vel, se concordares. Os cookies cont\u00eam informa\u00e7\u00f5es que s\u00e3o transferidas para o disco r\u00edgido do teu computador. <\/li>\n\n\n\n<li>O Fornecedor utiliza os seguintes cookies:\n<ol class=\"wp-block-list\">\n<li>Cookies estritamente necess\u00e1rios. Trata-se de cookies que s\u00e3o necess\u00e1rios para o funcionamento do s\u00edtio Web do Fornecedor. Incluem, por exemplo, cookies que te permitem entrar em \u00e1reas seguras do website do Fornecedor e efetuar transac\u00e7\u00f5es.  <\/li>\n\n\n\n<li>Cookies anal\u00edticos\/de desempenho. Permitem que o Fornecedor reconhe\u00e7a e conte o n\u00famero de visitantes e veja como os visitantes se movimentam no site do Fornecedor quando o est\u00e3o a utilizar. Isto ajuda o Fornecedor a melhorar a forma como o site funciona, por exemplo, garantindo que os utilizadores encontram o que procuram facilmente e sem problemas.  <\/li>\n\n\n\n<li>O Fornecedor utiliza cookies do Google Analytics. O Google Analytics recolhe informa\u00e7\u00f5es de forma an\u00f3nima. Relata as tend\u00eancias do site sem identificar os visitantes individuais. Podes optar por sair do Google Analytics sem afetar a forma como visitas este site. Para mais informa\u00e7\u00f5es sobre o Google Analytics, clica aqui.    <\/li>\n\n\n\n<li>Cookies de segmenta\u00e7\u00e3o. Estes cookies registam a tua visita ao s\u00edtio Web do Fornecedor, as p\u00e1ginas que visitaste e as liga\u00e7\u00f5es que seguiste. O Fornecedor utiliza esta informa\u00e7\u00e3o para tornar o website e a publicidade nele apresentada mais relevantes para os teus interesses. O Fornecedor pode tamb\u00e9m partilhar esta informa\u00e7\u00e3o com terceiros para este fim.   <\/li>\n<\/ol>\n<\/li>\n\n\n\n<li>Tem em aten\u00e7\u00e3o que terceiros (incluindo, por exemplo, redes de publicidade e fornecedores de servi\u00e7os externos, como servi\u00e7os de an\u00e1lise de tr\u00e1fego web) tamb\u00e9m podem utilizar cookies, sobre os quais o Fornecedor n\u00e3o tem qualquer controlo. \u00c9 prov\u00e1vel que estes cookies sejam cookies de an\u00e1lise\/desempenho ou cookies de segmenta\u00e7\u00e3o. <\/li>\n\n\n\n<li>Podes bloquear os cookies activando a defini\u00e7\u00e3o no teu browser que te permite recusar a defini\u00e7\u00e3o de todos ou alguns cookies. No entanto, se utilizares as defini\u00e7\u00f5es do teu browser para bloquear todos os cookies (incluindo os cookies essenciais), poder\u00e1s n\u00e3o conseguir aceder \u00e0 totalidade ou a partes do website do Fornecedor. <\/li>\n<\/ol>\n\n<p>\u00daltima atualiza\u00e7\u00e3o da Pol\u00edtica de Cookies: 23 mar\u00e7o, 2023 &#8211; 4:48PM.<\/p>\n","protected":false},"excerpt":{"rendered":"<p>A seguinte Pol\u00edtica de Cookies deve ser considerada em conson\u00e2ncia com (emparelhada com), &#8220;como um s\u00f3&#8221; com os Termos e Condi\u00e7\u00f5es, a Pol\u00edtica de Devolu\u00e7\u00f5es e Reembolsos e a Pol\u00edtica de Privacidade \u00daltima atualiza\u00e7\u00e3o da Pol\u00edtica de Cookies: 23 mar\u00e7o, 2023 &#8211; 4:48PM.<\/p>\n","protected":false},"author":1,"featured_media":0,"parent":0,"menu_order":0,"comment_status":"closed","ping_status":"closed","template":"template-fullwidth.php","meta":{"_acf_changed":false,"footnotes":""},"class_list":["post-221263","page","type-page","status-publish","hentry"],"acf":[],"aioseo_notices":[],"_links":{"self":[{"href":"https:\/\/gpdstore.net\/pt-pt\/wp-json\/wp\/v2\/pages\/221263","targetHints":{"allow":["GET"]}}],"collection":[{"href":"https:\/\/gpdstore.net\/pt-pt\/wp-json\/wp\/v2\/pages"}],"about":[{"href":"https:\/\/gpdstore.net\/pt-pt\/wp-json\/wp\/v2\/types\/page"}],"author":[{"embeddable":true,"href":"https:\/\/gpdstore.net\/pt-pt\/wp-json\/wp\/v2\/users\/1"}],"replies":[{"embeddable":true,"href":"https:\/\/gpdstore.net\/pt-pt\/wp-json\/wp\/v2\/comments?post=221263"}],"version-history":[{"count":0,"href":"https:\/\/gpdstore.net\/pt-pt\/wp-json\/wp\/v2\/pages\/221263\/revisions"}],"wp:attachment":[{"href":"https:\/\/gpdstore.net\/pt-pt\/wp-json\/wp\/v2\/media?parent=221263"}],"curies":[{"name":"wp","href":"https:\/\/api.w.org\/{rel}","templated":true}]}}