{"id":8546,"date":"2024-01-24T17:32:18","date_gmt":"2024-01-24T17:32:18","guid":{"rendered":"https:\/\/gpdstore.net\/bez-kategorii\/stacja-dokujaca-sd1\/"},"modified":"2025-12-23T10:21:28","modified_gmt":"2025-12-23T10:21:28","slug":"sd1-docking-station","status":"publish","type":"product","link":"https:\/\/gpdstore.net\/pl\/product\/sd1-docking-station\/","title":{"rendered":"Stacja dokuj\u0105ca SD1"},"content":{"rendered":"\n<h1 class=\"wp-block-heading\"><strong>Uwolnij pe\u0142ny potencja\u0142 gier przeno\u015bnych dzi\u0119ki stacji dokuj\u0105cej SD1!<\/strong><\/h1>\n\n<h3 class=\"wp-block-heading\">Bezproblemowa integracja z grami na wyci\u0105gni\u0119cie r\u0119ki!<\/h3>\n\n<p>Witamy w nowej ods\u0142onie akcesori\u00f3w do komputer\u00f3w przeno\u015bnych! Przedstawiamy stacj\u0119 dokuj\u0105c\u0105 SD1, stworzon\u0105 specjalnie dla zapalonych graczy, kt\u00f3rzy pragn\u0105 p\u0142ynnej i nieprzerwanej rozgrywki. Dzi\u0119ki tej najnowocze\u015bniejszej stacji dokuj\u0105cej gracze mog\u0105 zwi\u0119kszy\u0107 mo\u017cliwo\u015bci swoich przeno\u015bnych komputer\u00f3w do gier, jak nigdy dot\u0105d. Od popularnego Steam Deck po wykwintny AYA NEO Geek 1S, SD1 obejmuje wszechstronno\u015b\u0107, zapewniaj\u0105c, \u017ce Twoje ulubione urz\u0105dzenie przeno\u015bne otrzyma niezb\u0119dny impuls. Wystarczy go zadokowa\u0107, pod\u0142\u0105czy\u0107 za pomoc\u0105 kabla USB typu C i obserwowa\u0107, jak rozwija si\u0119 magia.    <\/p>\n\n<h3 class=\"wp-block-heading\"><strong>Ultraszybkie i stabilne po\u0142\u0105czenie internetowe<\/strong><\/h3>\n\n<p>Koniec z op\u00f3\u017anieniami. Koniec z przerwami. Zanurz si\u0119 w \u015bwiecie gier dzi\u0119ki RJ45 Gigabit Ethernet SD1. Dzi\u0119ki pr\u0119dko\u015bci do 1000 M, ta stacja dokuj\u0105ca zapewnia przewag\u0119 w grach wieloosobowych, zapewniaj\u0105c ultra-responsywne sesje gier. Po\u017cegnaj si\u0119 z frustruj\u0105cymi op\u00f3\u017anieniami i powitaj p\u0142ynne interakcje w czasie rzeczywistym. Gdy liczy si\u0119 ka\u017cda milisekunda, SD1 zapewnia, \u017ce zawsze jeste\u015b o krok do przodu.     <\/p>\n\n<h3 class=\"wp-block-heading\"><strong>\u017bywe i wyra\u017ane wra\u017cenia wizualne<\/strong><\/h3>\n\n<p>Podnie\u015b swoje wra\u017cenia wizualne w grach! Stacja dokuj\u0105ca SD1 jest wyposa\u017cona w wyj\u015bcie HDMI 2.0, dzi\u0119ki czemu gracze mog\u0105 zanurzy\u0107 si\u0119 w bogatej grafice 4K z jedwabi\u015bcie p\u0142ynn\u0105 cz\u0119stotliwo\u015bci\u0105 60 Hz. Rozdzielczo\u015b\u0107 do 4096&#215;2160 sprawia, \u017ce ka\u017cdy piksel o\u017cywa i pozwala znale\u017a\u0107 si\u0119 w samym sercu akcji. Do\u015bwiadcz gier w ca\u0142ej ich okaza\u0142o\u015bci, z nienagann\u0105 szczeg\u00f3\u0142owo\u015bci\u0105, \u017cywymi kolorami i niezr\u00f3wnan\u0105 klarowno\u015bci\u0105.   <\/p>\n\n<h3 class=\"wp-block-heading\"><strong>Szybkie i wydajne dostarczanie energii<\/strong><\/h3>\n\n<p>Moc do grania bez ko\u0144ca! Stacja dokuj\u0105ca SD1 to nie tylko \u0142\u0105czno\u015b\u0107 i grafika; to tak\u017ce zapewnienie, \u017ce urz\u0105dzenie do gier pozostanie na\u0142adowane. Dzi\u0119ki niesamowitym mo\u017cliwo\u015bciom \u0142adowania PD o mocy 100 W, szybko uzupe\u0142nia energi\u0119 w urz\u0105dzeniu, zapewniaj\u0105c, \u017ce nigdy nie wyczerpie si\u0119 bateria w ogniu walki. Graj dalej, maj\u0105c pewno\u015b\u0107, \u017ce Twoje urz\u0105dzenie jest stale zasilane przez niezawodny i szybki system \u0142adowania.   <\/p>\n\n<h3 class=\"wp-block-heading\"><strong>Dost\u0119pno\u015b\u0107 wielu port\u00f3w dla wi\u0119kszej u\u017cyteczno\u015bci<\/strong><\/h3>\n\n<p>Wszechstronno\u015b\u0107 w najlepszym wydaniu! SD1 jest wyposa\u017cona w trzy porty USB typu A 3.0, oferuj\u0105c graczom luksus pod\u0142\u0105czenia wielu urz\u0105dze\u0144 peryferyjnych. Niezale\u017cnie od tego, czy jest to dodatkowy kontroler, zestaw s\u0142uchawkowy czy inne akcesorium oparte na USB, stacja dokuj\u0105ca SD1 zapewnia, \u017ce jeste\u015b przygotowany na ka\u017cdy scenariusz gry. Do\u015bwiadcz szybszego transferu danych i ciesz si\u0119 wolnym od ba\u0142aganu \u015brodowiskiem gry.   <\/p>\n\n<h3 class=\"wp-block-heading\"><strong>Solidna i wydajna \u0142\u0105czno\u015b\u0107<\/strong><\/h3>\n\n<p>\u015awiat gier odblokowany za pomoc\u0105 jednego kabla. SD1 wykorzystuje moc USB Type-C, zapewniaj\u0105c stabilne i wydajne po\u0142\u0105czenie mi\u0119dzy stacj\u0105 dokuj\u0105c\u0105 a przeno\u015bnym urz\u0105dzeniem do gier. To innowacyjne rozwi\u0105zanie zapewnia nie tylko szybszy transfer danych, ale tak\u017ce uniwersaln\u0105 kompatybilno\u015b\u0107 z najnowszymi urz\u0105dzeniami do gier.  <\/p>\n\n<h3 class=\"wp-block-heading\"><strong>Solidna konstrukcja i elegancka estetyka<\/strong><\/h3>\n\n<p>Poza swoimi mo\u017cliwo\u015bciami technicznymi, SD1 jest \u015bwiadectwem eleganckiego wzornictwa i solidnej konstrukcji. Wykonana z szarego aluminium, emanuje wysokiej jako\u015bci wygl\u0105dem, jednocze\u015bnie obiecuj\u0105c d\u0142ugowieczno\u015b\u0107. Aby zapewni\u0107, \u017ce cenne urz\u0105dzenia do gier s\u0105 zawsze chronione, jest on wyposa\u017cony w czarne silikonowe podk\u0142adki, oferuj\u0105ce dodatkow\u0105 warstw\u0119 bezpiecze\u0144stwa przed zadrapaniami i przypadkowymi po\u015blizgami.  <\/p>\n\n<h3 class=\"wp-block-heading\"><strong>Uniwersalna kompatybilno\u015b\u0107: Rozkosz dla graczy!<\/strong><\/h3>\n\n<p>Znakiem rozpoznawczym doskona\u0142ego akcesorium jest jego zdolno\u015b\u0107 adaptacji, a SD1 \u015bwieci jasno w tym aspekcie. Zaprojektowany, aby pomie\u015bci\u0107 szerok\u0105 gam\u0119 przeno\u015bnych komputer\u00f3w do gier, zapewnia, \u017ce \u017caden gracz nie pozostanie w tyle. Niezale\u017cnie od tego, czy posiadasz najnowszy GPD WIN 4 2023, czy ONEXPLAYER 2, ta stacja dokuj\u0105ca jest kompleksowym rozwi\u0105zaniem zapewniaj\u0105cym zwi\u0119kszone mo\u017cliwo\u015bci grania. Przetestowano z Steam Deck, ROG Ally, GPD WIN 4, GPD WIN 4 2023, ONEXPLAYER 2, AYA NEO 2S, AYA NEO Geek i AYA NEO Geek 1S.   <\/p>\n\n<h3 class=\"wp-block-heading\"><strong>Podsumowuj\u0105c<\/strong><\/h3>\n\n<p>Wkrocz w przysz\u0142o\u015b\u0107 gier przeno\u015bnych dzi\u0119ki stacji dokuj\u0105cej SD1. To nie tylko stacja dokuj\u0105ca; to do\u015bwiadczenie, podr\u00f3\u017c, nowy spos\u00f3b grania. Podnie\u015b poziom swoich sesji gamingowych i wejd\u017a w now\u0105 er\u0119 gier przeno\u015bnych dzi\u0119ki stacji dokuj\u0105cej SD1.  <\/p>\n\n<p><\/p>\n","protected":false},"excerpt":{"rendered":"<ul>\n<li>Stacja dokuj\u0105ca <strong>SD1 <\/strong><\/li>\n<li>Gigabit Ethernet<\/li>\n<li>100W PD USB-C<\/li>\n<li>Wyj\u015bcie HDMI<\/li>\n<li><strong>Kompatybilny z<\/strong> GPD WIN 4 2024 i wieloma innymi.<\/li>\n<\/ul>\n[cg_accordion title=\"INFORMACJE O P\u0141ATNO\u015aCIACH\"]<\/p>\n<p>Korzystamy z najnowszej technologii przetwarzania p\u0142atno\u015bci, kt\u00f3ra umo\u017cliwia dokonywanie p\u0142atno\u015bci za po\u015brednictwem Apple Pay, Google Pay, karty debetowej\/kredytowej, PayPal lub metod BNPL, takich jak Klarna, Affirm lub AfterPay, zapewniaj\u0105c szybkie i bezpieczne do\u015bwiadczenie.[\/cg_accordion]\n[cg_accordion title=\"GWARANCJA\"]<\/p>\n<p>2 lata gwarancji od <a href=\"https:\/\/droix.net\/\" target=\"_blank\" rel=\"nofollow noopener\">DROIX<\/a> Global dla Twojego spokoju ducha[\/cg_accordion]\n[cg_accordion title=\"CENY, PODATKI I WYSY\u0141KA\"]<\/p>\n<p><strong><u>Uwaga:<\/u><\/strong><\/p>\n<ul>\n<li>Klienci ze Stan\u00f3w Zjednoczonych: Wy\u015bwietlana cena NIE ZAWIERA PODATKU ani c\u0142a. Odpowiedzialno\u015b\u0107 za odpraw\u0119 celn\u0105 i zap\u0142at\u0119 wszelkich powi\u0105zanych podatk\u00f3w \/ ce\u0142 spoczywa na kliencie. <\/li>\n<li>Klienci z UE: Wy\u015bwietlana cena zawiera obowi\u0105zuj\u0105cy PODATEK, kt\u00f3ry mo\u017ce wynosi\u0107 do 25% w zale\u017cno\u015bci od kraju.<\/li>\n<li>Klienci z Kanady: Wy\u015bwietlana cena zawiera obowi\u0105zuj\u0105ce podatki, kt\u00f3re mog\u0105 obejmowa\u0107 5% GST i dodatkowe prowincjonalne podatki od sprzeda\u017cy (PST), zharmonizowany podatek od sprzeda\u017cy (HST) lub podatek od sprzeda\u017cy w Quebecu (QST), w zale\u017cno\u015bci od prowincji.<\/li>\n<\/ul>\n<p><strong>TYLKO dla klient\u00f3w z UE:<\/strong> Express DDP (Delivered Duty Paid). Oznacza to: <\/p>\n<ul>\n<li>Wszystkie op\u0142aty celne i podatki s\u0105 wliczone w cen\u0119 wy\u015bwietlan\u0105 na stronie produktu.<\/li>\n<li>Przy dostawie nie trzeba b\u0119dzie uiszcza\u0107 \u017cadnych dodatkowych op\u0142at.<\/li>\n<li>W rzadkich przypadkach zwi\u0105zanych z kwestiami celnymi nasz zesp\u00f3\u0142 zajmie si\u0119 procesem odprawy celnej w Twoim imieniu, aby zapewni\u0107 sprawn\u0105 dostaw\u0119.<\/li>\n<p>Wa\u017cne informacje dotycz\u0105ce zwrot\u00f3w:<\/p>\n<li>Je\u015bli zdecydujesz si\u0119 zwr\u00f3ci\u0107 zam\u00f3wienie lub za\u017c\u0105da\u0107 zwrotu pieni\u0119dzy, pami\u0119taj, \u017ce podatki i c\u0142a zap\u0142acone w Twoim imieniu zgodnie z warunkami DDP nie mog\u0105 zosta\u0107 zwr\u00f3cone.<\/li>\n<p>Szczeg\u00f3\u0142owe informacje mo\u017cna znale\u017a\u0107 w naszym <a href=\"https:\/\/gpdstore.net\/pl\/terms-of-service\/\" target=\"_blank\" rel=\"nofollow noopener\">Regulaminie<\/a>.\n<\/ul>\n<p>[\/cg_accordion]\n[cg_accordion title=\"OBS\u0141UGA KLIENTA\"]<\/p>\n<p>Masz pytanie? Wystarczy kr\u00f3tka wiadomo\u015b\u0107 tekstowa, aby rozwi\u0105za\u0107 Tw\u00f3j problem!<br \/>\n[\/cg_accordion]\n[cg_accordion title=\"CO ZAWIERA\"]<\/p>\n<ul>\n<li>1x Stacja dokuj\u0105ca SD1<\/li>\n<\/ul>\n<p>[\/cg_accordion]\n","protected":false},"featured_media":11342,"template":"","meta":{"_acf_changed":false},"product_brand":[],"product_cat":[1226],"product_tag":[14801,3151],"woo-feed-brand":[2425],"class_list":{"0":"post-8546","1":"product","2":"type-product","3":"status-publish","4":"has-post-thumbnail","6":"product_cat-akcesoria","7":"product_tag-40xmsale-pl","8":"product_tag-droix-hub-pl","9":"product_shipping_class-standard","11":"pa_accessory-type-stacja-dokujaca","12":"pa_i-o-video-1x-hdmi-pl","13":"woo-feed-brand-droix-pl","15":"first","16":"outofstock","17":"sale","18":"taxable","19":"shipping-taxable","20":"purchasable","21":"product-type-simple"},"acf":[],"aioseo_notices":[],"_links":{"self":[{"href":"https:\/\/gpdstore.net\/pl\/wp-json\/wp\/v2\/product\/8546","targetHints":{"allow":["GET"]}}],"collection":[{"href":"https:\/\/gpdstore.net\/pl\/wp-json\/wp\/v2\/product"}],"about":[{"href":"https:\/\/gpdstore.net\/pl\/wp-json\/wp\/v2\/types\/product"}],"wp:featuredmedia":[{"embeddable":true,"href":"https:\/\/gpdstore.net\/pl\/wp-json\/wp\/v2\/media\/11342"}],"wp:attachment":[{"href":"https:\/\/gpdstore.net\/pl\/wp-json\/wp\/v2\/media?parent=8546"}],"wp:term":[{"taxonomy":"product_brand","embeddable":true,"href":"https:\/\/gpdstore.net\/pl\/wp-json\/wp\/v2\/product_brand?post=8546"},{"taxonomy":"product_cat","embeddable":true,"href":"https:\/\/gpdstore.net\/pl\/wp-json\/wp\/v2\/product_cat?post=8546"},{"taxonomy":"product_tag","embeddable":true,"href":"https:\/\/gpdstore.net\/pl\/wp-json\/wp\/v2\/product_tag?post=8546"},{"taxonomy":"woo-feed-brand","embeddable":true,"href":"https:\/\/gpdstore.net\/pl\/wp-json\/wp\/v2\/woo-feed-brand?post=8546"}],"curies":[{"name":"wp","href":"https:\/\/api.w.org\/{rel}","templated":true}]}}