{"id":8466,"date":"2024-01-23T12:16:16","date_gmt":"2024-01-23T12:16:16","guid":{"rendered":"https:\/\/gpdstore.net\/bez-kategorii\/gpd-micro-pc\/"},"modified":"2025-12-23T10:25:14","modified_gmt":"2025-12-23T10:25:14","slug":"gpd-micro-pc","status":"publish","type":"product","link":"https:\/\/gpdstore.net\/pl\/product\/gpd-micro-pc\/","title":{"rendered":"GPD Micro PC UMPC"},"content":{"rendered":"\n<figure class=\"wp-block-video\"><video controls=\"\" muted=\"\" poster=\"https:\/\/gpdstore.net\/wp-content\/uploads\/2024\/01\/gpd-hero.jpg\" src=\"https:\/\/gpdstore.net\/wp-content\/uploads\/2024\/01\/Video-Project-22.mp4\"><\/video><\/figure>\n\n<div class=\"wp-block-columns is-layout-flex wp-container-core-columns-is-layout-28f84493 wp-block-columns-is-layout-flex\">\n<div class=\"wp-block-column is-layout-flow wp-block-column-is-layout-flow\" style=\"flex-basis:33.33%\">\n<figure class=\"wp-block-image size-full\"><img fetchpriority=\"high\" decoding=\"async\" width=\"1200\" height=\"929\" src=\"https:\/\/gpdstore.net\/wp-content\/uploads\/2024\/05\/1271643.jpg\" alt=\"GPD Micro PC, kompaktowy i wszechstronny mini PC zaprojektowany do pracy w podr&#xF3;&#x17C;y.\" class=\"wp-image-1670\" srcset=\"https:\/\/gpdstore.net\/wp-content\/uploads\/2024\/05\/1271643.jpg 1200w, https:\/\/gpdstore.net\/wp-content\/uploads\/2024\/05\/1271643-150x116.jpg 150w, https:\/\/gpdstore.net\/wp-content\/uploads\/2024\/05\/1271643-600x465.jpg 600w, https:\/\/gpdstore.net\/wp-content\/uploads\/2024\/05\/1271643-768x595.jpg 768w, https:\/\/gpdstore.net\/wp-content\/uploads\/2024\/05\/1271643-990x766.jpg 990w, https:\/\/gpdstore.net\/wp-content\/uploads\/2024\/05\/1271643-441x341.jpg 441w\" sizes=\"(max-width: 1200px) 100vw, 1200px\" \/><\/figure>\n<\/div>\n\n\n\n<div class=\"wp-block-column is-layout-flow wp-block-column-is-layout-flow\" style=\"flex-basis:66.66%\">\n<h2 class=\"wp-block-heading\">Mobilne narz\u0119dzie produktywno\u015bci z wieloma interfejsami: 6-calowy MicroPC!<\/h2>\n\n\n\n<p>Podczas gdy Microsoft Surface Go zosta\u0142 uznany za kompaktowe, lekkie i niedrogie urz\u0105dzenie, 6-calowy MicroPC przenosi go na wy\u017cszy poziom. Jest nie tylko mniejszy ni\u017c Surface Go, ale ma te\u017c wi\u0119cej interfejs\u00f3w, co czyni go niezwykle wszechstronnym urz\u0105dzeniem. To cudo wielko\u015bci d\u0142oni, mierz\u0105ce zaledwie 15 mm w najcie\u0144szym miejscu i wa\u017c\u0105ce zaledwie 440 g, zosta\u0142o zaprojektowane z my\u015bl\u0105 o ultraprzeno\u015bno\u015bci bez uszczerbku dla wydajno\u015bci. Dzi\u0119ki poborowi mocy wynosz\u0105cemu zaledwie 10 W, MicroPC zapewnia wydajno\u015b\u0107 por\u00f3wnywaln\u0105 z Surface Go, a wszystko to w bardziej przyst\u0119pnej cenie. Idealny dla profesjonalist\u00f3w ze wszystkich bran\u017c, MicroPC jest kwintesencj\u0105 mobilnego narz\u0119dzia produktywno\u015bci!<\/p>\n<\/div>\n<\/div>\n\n<h2 class=\"wp-block-heading has-text-align-center\">Ekstremalna przeno\u015bno\u015b\u0107 i praktyczny design: GPD Micro PC &#8211; specyfikacja i format<\/h2>\n\n<div class=\"wp-block-columns is-layout-flex wp-container-core-columns-is-layout-28f84493 wp-block-columns-is-layout-flex\">\n<div class=\"wp-block-column is-layout-flow wp-block-column-is-layout-flow\">\n<figure class=\"wp-block-image size-full is-resized\"><img decoding=\"async\" width=\"1000\" height=\"899\" src=\"https:\/\/gpdstore.net\/wp-content\/uploads\/2024\/05\/714PPtewL._AC_UF10001000_QL80_.jpg\" alt=\"GPD Micro PC wyposa&#x17C;ony w 6-calowy wy&#x15B;wietlacz IPS, idealny do przeno&#x15B;nych komputer&#xF3;w i zada&#x144; multimedialnych.\" class=\"wp-image-1675\" style=\"width:299px;height:auto\" srcset=\"https:\/\/gpdstore.net\/wp-content\/uploads\/2024\/05\/714PPtewL._AC_UF10001000_QL80_.jpg 1000w, https:\/\/gpdstore.net\/wp-content\/uploads\/2024\/05\/714PPtewL._AC_UF10001000_QL80_-150x135.jpg 150w, https:\/\/gpdstore.net\/wp-content\/uploads\/2024\/05\/714PPtewL._AC_UF10001000_QL80_-600x539.jpg 600w, https:\/\/gpdstore.net\/wp-content\/uploads\/2024\/05\/714PPtewL._AC_UF10001000_QL80_-768x690.jpg 768w, https:\/\/gpdstore.net\/wp-content\/uploads\/2024\/05\/714PPtewL._AC_UF10001000_QL80_-990x890.jpg 990w, https:\/\/gpdstore.net\/wp-content\/uploads\/2024\/05\/714PPtewL._AC_UF10001000_QL80_-441x396.jpg 441w\" sizes=\"(max-width: 1000px) 100vw, 1000px\" \/><\/figure>\n\n\n\n<h3 class=\"wp-block-heading\">Najlepszy komputer kieszonkowy: Dlaczego 6-calowy format jest idealny dla cyfrowych nomad\u00f3w?<\/h3>\n\n\n\n<p>Mierz\u0105cy zaledwie 6 cali na 4 cale i wa\u017c\u0105cy tylko 440 gram\u00f3w, ten mini PC jest idealny dla profesjonalist\u00f3w, student\u00f3w i cyfrowych nomad\u00f3w zawsze w ruchu. Dzi\u0119ki czterordzeniowemu procesorowi Intel, <a href=\"https:\/\/gpdstore.net\/pl\/product-attribute\/memory-ram-capacity\/8-gb\/\" target=\"_blank\" rel=\"noreferrer noopener\">8 GB<\/a> pami\u0119ci RAM i <a href=\"https:\/\/gpdstore.net\/pl\/product-attribute\/storage-capacity\/256-gb-pl\/\" target=\"_blank\" data-type=\"link\" data-id=\"https:\/\/gpdstore.net\/product-attribute\/storage-capacity\/256gb\/\" rel=\"noreferrer noopener\">256 GB<\/a>, <a href=\"https:\/\/gpdstore.net\/pl\/product-attribute\/storage-capacity\/512-gb-pl\/\" target=\"_blank\" rel=\"noreferrer noopener\">512 GB<\/a> lub <a href=\"https:\/\/gpdstore.net\/pl\/product-attribute\/storage-capacity\/1tb-pl\/\" target=\"_blank\" rel=\"noreferrer noopener\">1 TB<\/a> pami\u0119ci masowej, zapewnia szybk\u0105 wydajno\u015b\u0107 do wielozadaniowo\u015bci i rozrywki na wy\u015bwietlaczu o wysokiej rozdzielczo\u015bci.<\/p>\n<\/div>\n\n\n\n<div class=\"wp-block-column is-layout-flow wp-block-column-is-layout-flow\">\n<figure class=\"wp-block-image size-full\"><img decoding=\"async\" width=\"300\" height=\"300\" src=\"https:\/\/gpdstore.net\/wp-content\/uploads\/2024\/05\/078e6b89-8d78-4318-bf09-8caf8fecef63.__CR1800840840_PT0_SX300_V1___.jpg\" alt=\"GPD Micro PC, zaprojektowany jako odporny na uderzenia dla zapewnienia trwa&#x142;o&#x15B;ci w r&#xF3;&#x17C;nych &#x15B;rodowiskach\" class=\"wp-image-1672\" srcset=\"https:\/\/gpdstore.net\/wp-content\/uploads\/2024\/05\/078e6b89-8d78-4318-bf09-8caf8fecef63.__CR1800840840_PT0_SX300_V1___.jpg 300w, https:\/\/gpdstore.net\/wp-content\/uploads\/2024\/05\/078e6b89-8d78-4318-bf09-8caf8fecef63.__CR1800840840_PT0_SX300_V1___-150x150.jpg 150w, https:\/\/gpdstore.net\/wp-content\/uploads\/2024\/05\/078e6b89-8d78-4318-bf09-8caf8fecef63.__CR1800840840_PT0_SX300_V1___-100x100.jpg 100w\" sizes=\"(max-width: 300px) 100vw, 300px\" \/><\/figure>\n\n\n\n<h3 class=\"wp-block-heading\"><strong>Obudowa ABS klasy lotniczej: Ocena wytrzyma\u0142o\u015bci i ochrony GPD Micro PC<\/strong><\/h3>\n\n\n\n<p>Wykonany z najwy\u017cszej jako\u015bci przeciwwstrz\u0105sowej \u017cywicy syntetycznej ABS LG-DOW 121H, importowanej z Korei Po\u0142udniowej, materia\u0142 ten zapewnia wyj\u0105tkow\u0105 trwa\u0142o\u015b\u0107 i ochron\u0119. Dzi\u0119ki znacznej grubo\u015bci wynosz\u0105cej 1 mm, charakteryzuje si\u0119 trudnopalno\u015bci\u0105, odporno\u015bci\u0105 na wysokie temperatury i certyfikatem ognioodporno\u015bci V-0. Imponuj\u0105ca twardo\u015b\u0107 Rockwella do 109 R i wytrzyma\u0142o\u015b\u0107 na zginanie 26000 kg\/cm\u00b2.<\/p>\n<\/div>\n\n\n\n<div class=\"wp-block-column is-layout-flow wp-block-column-is-layout-flow\">\n<figure class=\"wp-block-image size-full\"><img loading=\"lazy\" decoding=\"async\" width=\"300\" height=\"300\" src=\"https:\/\/gpdstore.net\/wp-content\/uploads\/2024\/05\/84908091-c530-4179-9369-d0a566b13ce8.__CR1260949949_PT0_SX300_V1___.jpg\" alt=\"GPD Micro PC z obs&#x142;ug&#x105; rozszerzonych urz&#x105;dze&#x144; peryferyjnych, umo&#x17C;liwiaj&#x105;cy wszechstronn&#x105; &#x142;&#x105;czno&#x15B;&#x107; i funkcjonalno&#x15B;&#x107; w kompaktowej formie\" class=\"wp-image-1674\" srcset=\"https:\/\/gpdstore.net\/wp-content\/uploads\/2024\/05\/84908091-c530-4179-9369-d0a566b13ce8.__CR1260949949_PT0_SX300_V1___.jpg 300w, https:\/\/gpdstore.net\/wp-content\/uploads\/2024\/05\/84908091-c530-4179-9369-d0a566b13ce8.__CR1260949949_PT0_SX300_V1___-150x150.jpg 150w, https:\/\/gpdstore.net\/wp-content\/uploads\/2024\/05\/84908091-c530-4179-9369-d0a566b13ce8.__CR1260949949_PT0_SX300_V1___-100x100.jpg 100w\" sizes=\"(max-width: 300px) 100vw, 300px\" \/><\/figure>\n\n\n\n<h3 class=\"wp-block-heading\"><strong>Rozszerzanie pami\u0119ci masowej i funkcjonalno\u015bci: Korzystanie z USB 3.0 i gniazda Micro SD<\/strong><\/h3>\n\n\n\n<p>Wyposa\u017cone w trzy interfejsy USB 3.0 i gniazdo Micro SD, urz\u0105dzenie to mo\u017ce pomie\u015bci\u0107 do czterech zewn\u0119trznych urz\u0105dze\u0144 pami\u0119ci masowej, oferuj\u0105c praktycznie nieograniczon\u0105 pojemno\u015b\u0107. Na tym jednak wszechstronno\u015b\u0107 si\u0119 nie ko\u0144czy. Dzi\u0119ki mo\u017cliwo\u015bci pod\u0142\u0105czenia dodatkowych urz\u0105dze\u0144 peryferyjnych za po\u015brednictwem koncentratora, mo\u017cna dostosowa\u0107 konfiguracj\u0119 do w\u0142asnych potrzeb, niezale\u017cnie od tego, czy chodzi o zwi\u0119kszenie produktywno\u015bci, czy rozszerzenie funkcjonalno\u015bci.<\/p>\n<\/div>\n<\/div>\n\n<figure class=\"wp-block-image size-large\"><img loading=\"lazy\" decoding=\"async\" width=\"1200\" height=\"563\" src=\"https:\/\/gpdstore.net\/wp-content\/uploads\/2024\/05\/1068053-1200x563.jpg\" alt=\"GPD Micro PC, kompaktowy i wydajny minikomputer idealny do mobilnej pracy i produktywno&#x15B;ci w podr&#xF3;&#x17C;y.\" class=\"wp-image-1678\" srcset=\"https:\/\/gpdstore.net\/wp-content\/uploads\/2024\/05\/1068053-1200x563.jpg 1200w, https:\/\/gpdstore.net\/wp-content\/uploads\/2024\/05\/1068053-150x70.jpg 150w, https:\/\/gpdstore.net\/wp-content\/uploads\/2024\/05\/1068053-600x281.jpg 600w, https:\/\/gpdstore.net\/wp-content\/uploads\/2024\/05\/1068053-768x360.jpg 768w, https:\/\/gpdstore.net\/wp-content\/uploads\/2024\/05\/1068053-1536x720.jpg 1536w, https:\/\/gpdstore.net\/wp-content\/uploads\/2024\/05\/1068053-990x464.jpg 990w, https:\/\/gpdstore.net\/wp-content\/uploads\/2024\/05\/1068053-441x207.jpg 441w, https:\/\/gpdstore.net\/wp-content\/uploads\/2024\/05\/1068053.jpg 1920w\" sizes=\"(max-width: 1200px) 100vw, 1200px\" \/><\/figure>\n\n<p><br\/>Do\u015bwiadcz najwy\u017cszej wydajno\u015bci w kompaktowej obudowie dzi\u0119ki GPD Micro PC. Ten mini laptop z systemem Windows 10 PRO jest przeznaczony dla os\u00f3b poszukuj\u0105cych szybkiego i wydajnego komputera przemys\u0142owego z solidnymi portami komunikacyjnymi.<\/p>\n\n<figure class=\"wp-block-image size-large\"><img loading=\"lazy\" decoding=\"async\" width=\"1200\" height=\"600\" src=\"https:\/\/gpdstore.net\/wp-content\/uploads\/2024\/05\/MicroPC-1200x600.jpg\" alt=\"GPD Micro PC, ma&#x142;y, ale pot&#x119;&#x17C;ny komputer przeno&#x15B;ny przeznaczony do wszechstronnych zada&#x144; obliczeniowych\" class=\"wp-image-1677\" srcset=\"https:\/\/gpdstore.net\/wp-content\/uploads\/2024\/05\/MicroPC-1200x600.jpg 1200w, https:\/\/gpdstore.net\/wp-content\/uploads\/2024\/05\/MicroPC-150x75.jpg 150w, https:\/\/gpdstore.net\/wp-content\/uploads\/2024\/05\/MicroPC-600x300.jpg 600w, https:\/\/gpdstore.net\/wp-content\/uploads\/2024\/05\/MicroPC-768x384.jpg 768w, https:\/\/gpdstore.net\/wp-content\/uploads\/2024\/05\/MicroPC-1536x768.jpg 1536w, https:\/\/gpdstore.net\/wp-content\/uploads\/2024\/05\/MicroPC-990x495.jpg 990w, https:\/\/gpdstore.net\/wp-content\/uploads\/2024\/05\/MicroPC-441x221.jpg 441w, https:\/\/gpdstore.net\/wp-content\/uploads\/2024\/05\/MicroPC.jpg 1920w\" sizes=\"(max-width: 1200px) 100vw, 1200px\" \/><\/figure>\n\n<p>Dzi\u0119ki szybkiemu czterordzeniowemu procesorowi Intel\u00ae Celeron\u00ae N4120, osi\u0105gaj\u0105cemu cz\u0119stotliwo\u015b\u0107 turbo do 2,6 GHz i wspartemu <a href=\"https:\/\/gpdstore.net\/pl\/product-attribute\/memory-ram-capacity\/8-gb\/\" target=\"_blank\" rel=\"noreferrer noopener\">8 GB<\/a> szybkiej pami\u0119ci RAM <a href=\"https:\/\/gpdstore.net\/pl\/product-attribute\/memory-ram-technology\/lpddr4-pl\/\" target=\"_blank\" rel=\"noreferrer noopener\">LPDDR4<\/a>, Micro PC zapewnia imponuj\u0105c\u0105 wydajno\u015b\u0107. Do wyboru s\u0105 trzy opcje pami\u0119ci masowej: <a href=\"https:\/\/gpdstore.net\/pl\/product-attribute\/storage-capacity\/256-gb-pl\/\" target=\"_blank\" rel=\"noreferrer noopener\">256 GB<\/a>, <a href=\"https:\/\/gpdstore.net\/pl\/product-attribute\/storage-capacity\/512-gb-pl\/\" target=\"_blank\" rel=\"noreferrer noopener\">512 GB<\/a> lub <a href=\"https:\/\/gpdstore.net\/pl\/product-attribute\/storage-capacity\/1tb-pl\/\" target=\"_blank\" rel=\"noreferrer noopener\">1 TB<\/a> NGFF M.2 SATA SSD, z mo\u017cliwo\u015bci\u0105 p\u00f3\u017aniejszej rozbudowy.<\/p>\n\n<p>Najwa\u017cniejszym elementem jest \u0142\u0105czno\u015b\u0107, rywalizuj\u0105ca nawet z pe\u0142nowymiarowymi komputerami przemys\u0142owymi, z trzema portami USB 3.0 typu A, jednym portem USB typu C, portem szeregowym RS232, portem Ethernet RJ45 1 GB \/ s, portem HDMI i czytnikiem kart MicroSD. Opcje \u0142\u0105czno\u015bci bezprzewodowej obejmuj\u0105 802.11b\/g\/n\/ac, dwuzakresowe Wi-Fi 2.4G\/5G i <a href=\"https:\/\/gpdstore.net\/pl\/product-attribute\/bluetooth\/4-2-pl\/\" target=\"_blank\" rel=\"noreferrer noopener\">Bluetooth 4.2<\/a>.<\/p>\n\n<p>6-calowy wy\u015bwietlacz Micro PC mo\u017ce pochwali\u0107 si\u0119 rozdzielczo\u015bci\u0105 1280&#215;720, chronion\u0105 przez odporne na zarysowania szk\u0142o Corning Gorilla Glass 4. Pomimo pot\u0119\u017cnego sprz\u0119tu, urz\u0105dzenie to jest kompaktowe, mierz\u0105c zaledwie 6&#8243; x 4,4&#8243; x 0,9&#8243; po zamkni\u0119ciu &#8211; wystarczaj\u0105co ma\u0142e, aby zmie\u015bci\u0107 si\u0119 w kieszeni lub ma\u0142ej torbie.<\/p>\n\n<p>GPD Micro PC oferuje wyj\u0105tkow\u0105 przeno\u015bno\u015b\u0107, szerokie mo\u017cliwo\u015bci po\u0142\u0105cze\u0144 i wysok\u0105 wydajno\u015b\u0107, co czyni go idealnym wyborem dla entuzjast\u00f3w mikrokomputer\u00f3w z systemem Windows 10.<\/p>\n\n<figure class=\"wp-block-image size-large\"><img loading=\"lazy\" decoding=\"async\" width=\"1200\" height=\"500\" src=\"https:\/\/gpdstore.net\/wp-content\/uploads\/2024\/05\/1068559-1200x500.jpg\" alt=\"GPD Micro PC, kompaktowy i wytrzyma&#x142;y minikomputer idealny do mobilnej pracy i produktywno&#x15B;ci.\" class=\"wp-image-1676\" srcset=\"https:\/\/gpdstore.net\/wp-content\/uploads\/2024\/05\/1068559-1200x500.jpg 1200w, https:\/\/gpdstore.net\/wp-content\/uploads\/2024\/05\/1068559-150x63.jpg 150w, https:\/\/gpdstore.net\/wp-content\/uploads\/2024\/05\/1068559-600x250.jpg 600w, https:\/\/gpdstore.net\/wp-content\/uploads\/2024\/05\/1068559-768x320.jpg 768w, https:\/\/gpdstore.net\/wp-content\/uploads\/2024\/05\/1068559-1536x640.jpg 1536w, https:\/\/gpdstore.net\/wp-content\/uploads\/2024\/05\/1068559-990x413.jpg 990w, https:\/\/gpdstore.net\/wp-content\/uploads\/2024\/05\/1068559-441x184.jpg 441w, https:\/\/gpdstore.net\/wp-content\/uploads\/2024\/05\/1068559.jpg 1920w\" sizes=\"(max-width: 1200px) 100vw, 1200px\" \/><\/figure>\n","protected":false},"excerpt":{"rendered":"<ul>\n<li>Dostosowane do potrzeb specjalist\u00f3w IT<\/li>\n<li>Chipset Intel N4120<\/li>\n<li>Windows 10 <strong>Pro<\/strong><\/li>\n<li>Port szeregowy RS-232<\/li>\n<li>Dwuzakresowe Wi-Fi i 1 gigabitowy port RJ45<\/li>\n<\/ul>\n<p>[cg_accordion title=\"INFORMACJE O P\u0141ATNO\u015aCIACH\"]  Korzystamy z najnowszej technologii przetwarzania p\u0142atno\u015bci, kt\u00f3ra umo\u017cliwia szybkie i bezpieczne dokonywanie p\u0142atno\u015bci za pomoc\u0105 karty debetowej\/kredytowej lub PayPal.[\/cg_accordion] [cg_accordion title=\"GWARANCJA\"]  2 lata gwarancji od <a href=\"https:\/\/droix.net\/\" target=\"_blank\" rel=\"nofollow noopener\">DROIX<\/a> Global dla Twojego spokoju ducha[\/cg_accordion] [cg_accordion title=\"ZAPEWNIENIE JAKO\u015aCI I TESTY PRZED WYSY\u0141K\u0104\"]  Zapewnienie satysfakcji klienta na najwy\u017cszym poziomie: Ka\u017cde urz\u0105dzenie przechodzi rygorystyczne testy i wielopunktow\u0105 kontrol\u0119 jako\u015bci przed wysy\u0142k\u0105. Nasz dedykowany zesp\u00f3\u0142 weryfikuje wydajno\u015b\u0107, funkcjonalno\u015b\u0107 i integralno\u015b\u0107 komponent\u00f3w, aby zagwarantowa\u0107, \u017ce urz\u0105dzenie GPD jest w idealnym stanie po dostarczeniu, zapewniaj\u0105c pewno\u015b\u0107 i spok\u00f3j ducha. [\/cg_accordion] [cg_accordion title=\"PRICING, TAXES AND SHIPPING\"] <strong><u>Uwaga:<\/u><\/strong><\/p>\n<ul>\n<li>Klienci ze Stan\u00f3w Zjednoczonych: Wy\u015bwietlana cena NIE ZAWIERA PODATKU ani c\u0142a. Odpowiedzialno\u015b\u0107 za odpraw\u0119 celn\u0105 i zap\u0142at\u0119 wszelkich powi\u0105zanych podatk\u00f3w \/ ce\u0142 spoczywa na kliencie. <\/li>\n<li>Klienci z UE: Wy\u015bwietlana cena zawiera obowi\u0105zuj\u0105cy PODATEK, kt\u00f3ry mo\u017ce wynosi\u0107 do 25% w zale\u017cno\u015bci od kraju.<\/li>\n<li>Klienci z Kanady: Wy\u015bwietlana cena zawiera obowi\u0105zuj\u0105ce podatki, kt\u00f3re mog\u0105 obejmowa\u0107 5% GST i dodatkowe prowincjonalne podatki od sprzeda\u017cy (PST), zharmonizowany podatek od sprzeda\u017cy (HST) lub podatek od sprzeda\u017cy w Quebecu (QST), w zale\u017cno\u015bci od prowincji.<\/li>\n<\/ul>\n<p><strong>TYLKO dla klient\u00f3w z UE:<\/strong> Express DDP (Delivered Duty Paid). Oznacza to: <\/p>\n<ul>\n<li style=\"list-style-type: none;\">\n<ul>\n<li>Wszystkie op\u0142aty celne i podatki s\u0105 wliczone w cen\u0119 wy\u015bwietlan\u0105 na stronie produktu.<\/li>\n<li>Przy dostawie nie trzeba b\u0119dzie uiszcza\u0107 \u017cadnych dodatkowych op\u0142at.<\/li>\n<li>W rzadkich przypadkach zwi\u0105zanych z kwestiami celnymi nasz zesp\u00f3\u0142 zajmie si\u0119 procesem odprawy celnej w Twoim imieniu, aby zapewni\u0107 sprawn\u0105 dostaw\u0119.<\/li>\n<p>Wa\u017cne informacje dotycz\u0105ce zwrot\u00f3w:<\/p>\n<li>Je\u015bli zdecydujesz si\u0119 zwr\u00f3ci\u0107 zam\u00f3wienie lub za\u017c\u0105da\u0107 zwrotu pieni\u0119dzy, pami\u0119taj, \u017ce podatki i c\u0142a zap\u0142acone w Twoim imieniu zgodnie z warunkami DDP nie mog\u0105 zosta\u0107 zwr\u00f3cone.<\/li>\n<p>Prosimy o zapoznanie si\u0119 z nasz\u0105<\/ul>\n<\/li>\n<\/ul>\n<p><a href=\"https:\/\/droix.net\/terms-and-conditions\/\" target=\"_blank\" rel=\"nofollow noopener\">Regulamin<\/a><\/p>\n<ul>w celu uzyskania szczeg\u00f3\u0142owych informacji.<\/ul>\n<p>[\/cg_accordion] [cg_accordion title=\"OBS\u0141UGA KLIENTA\"]  Masz pytanie? Wystarczy kr\u00f3tka wiadomo\u015b\u0107 tekstowa, aby rozwi\u0105za\u0107 Tw\u00f3j problem!  Szczeg\u00f3\u0142owe informacje mo\u017cna znale\u017a\u0107 w naszym <a href=\"https:\/\/gpdstore.net\/pl\/terms-of-service\/\" target=\"_blank\" rel=\"nofollow noopener\">Regulaminie<\/a>.  [\/cg_accordion] [cg_accordion title=\"WHAT'S INCLUDED\"]<\/p>\n<ul>\n<li>1x GPD Micro PC<\/li>\n<li>1x Zasilacz<\/li>\n<li>1x Kabel USB typu C<\/li>\n<li>1x Instrukcja obs\u0142ugi<\/li>\n<\/ul>\n<p>[\/cg_accordion]<\/p>\n","protected":false},"featured_media":10853,"template":"","meta":{"_acf_changed":false},"product_brand":[],"product_cat":[1440],"product_tag":[16886,4627],"woo-feed-brand":[779],"class_list":{"0":"post-8466","1":"product","2":"type-product","3":"status-publish","4":"has-post-thumbnail","6":"product_cat-mini-laptopy-gpd","7":"product_tag-10xmsale-pl","8":"product_tag-gpd-micro-pc-pl","9":"product_shipping_class-standard","10":"pa_bluetooth-4-2-pl","11":"pa_brand-gpd","12":"pa_graphics-gpu-model-uhd-graphics-600-pl","13":"pa_i-o-video-1x-hdmi-2-0-typ-a","14":"pa_memory-ram-capacity-8-gb","15":"pa_memory-ram-technology-lpddr4-pl","16":"pa_processor-cpu-model-celeron-n4120-processor","17":"pa_processor-cpu-model-procesor-celeron-n4120","18":"pa_storage-capacity-1tb","19":"pa_storage-capacity-1tb-pl","20":"pa_storage-capacity-256-gb-pl","21":"pa_storage-capacity-256gb","22":"pa_storage-capacity-512-gb-pl","23":"pa_storage-capacity-512gb","24":"pa_storage-technology-dysk-ssd-m-2-2242","25":"pa_wi-fi-2-4g-5g-dual-band-pl","26":"woo-feed-brand-gpd-pl","28":"first","29":"outofstock","30":"sale","31":"taxable","32":"shipping-taxable","33":"purchasable","34":"product-type-variable","35":"has-default-attributes"},"acf":[],"aioseo_notices":[],"_links":{"self":[{"href":"https:\/\/gpdstore.net\/pl\/wp-json\/wp\/v2\/product\/8466","targetHints":{"allow":["GET"]}}],"collection":[{"href":"https:\/\/gpdstore.net\/pl\/wp-json\/wp\/v2\/product"}],"about":[{"href":"https:\/\/gpdstore.net\/pl\/wp-json\/wp\/v2\/types\/product"}],"wp:featuredmedia":[{"embeddable":true,"href":"https:\/\/gpdstore.net\/pl\/wp-json\/wp\/v2\/media\/10853"}],"wp:attachment":[{"href":"https:\/\/gpdstore.net\/pl\/wp-json\/wp\/v2\/media?parent=8466"}],"wp:term":[{"taxonomy":"product_brand","embeddable":true,"href":"https:\/\/gpdstore.net\/pl\/wp-json\/wp\/v2\/product_brand?post=8466"},{"taxonomy":"product_cat","embeddable":true,"href":"https:\/\/gpdstore.net\/pl\/wp-json\/wp\/v2\/product_cat?post=8466"},{"taxonomy":"product_tag","embeddable":true,"href":"https:\/\/gpdstore.net\/pl\/wp-json\/wp\/v2\/product_tag?post=8466"},{"taxonomy":"woo-feed-brand","embeddable":true,"href":"https:\/\/gpdstore.net\/pl\/wp-json\/wp\/v2\/woo-feed-brand?post=8466"}],"curies":[{"name":"wp","href":"https:\/\/api.w.org\/{rel}","templated":true}]}}