{"id":8399,"date":"2024-01-23T13:57:51","date_gmt":"2024-01-23T13:57:51","guid":{"rendered":"https:\/\/gpdstore.net\/bez-kategorii\/kabel-usb-4-0-typu-c\/"},"modified":"2025-12-23T10:23:13","modified_gmt":"2025-12-23T10:23:13","slug":"usb-4-0-type-c-cable","status":"publish","type":"product","link":"https:\/\/gpdstore.net\/pl\/product\/usb-4-0-type-c-cable\/","title":{"rendered":"Kabel USB 4.0 typu C"},"content":{"rendered":"\n<h3 class=\"wp-block-heading\"><strong>Lepsza \u0142\u0105czno\u015b\u0107 dzi\u0119ki naszemu najnowocze\u015bniejszemu kablowi USB 4.0 Type-C<\/strong><br\/><strong>Odkryj moc p\u0142ynnej \u0142\u0105czno\u015bci<\/strong><\/h3>\n\n<h4 class=\"wp-block-heading\"><strong>Uwolnij potencja\u0142 danych<\/strong><\/h4>\n\n<p>Uwolnij potencja\u0142 danych dzi\u0119ki naszemu rewolucyjnemu kablowi USB 4.0 Type-C. Dzi\u0119ki imponuj\u0105cej pr\u0119dko\u015bci transferu danych 40 Gb\/s zapewnia on szybkie przesy\u0142anie plik\u00f3w, eliminuj\u0105c k\u0142opoty zwi\u0105zane z op\u00f3\u017anieniami w transmisji. <\/p>\n\n<h4 class=\"wp-block-heading\"><strong>Kompatybilno\u015b\u0107 gotowa na przysz\u0142o\u015b\u0107<\/strong><\/h4>\n\n<p>Pozosta\u0144 w czo\u0142\u00f3wce technologii dzi\u0119ki kompatybilno\u015bci naszego kabla z Thunderbolt 3 i 4. Gwarantuje to p\u0142ynn\u0105 integracj\u0119 z najnowszymi urz\u0105dzeniami, zapewniaj\u0105c, \u017ce Twoje rozwi\u0105zanie \u0142\u0105czno\u015bci pozostanie aktualne w przysz\u0142o\u015bci. <\/p>\n\n<h4 class=\"wp-block-heading\"><strong>Niezr\u00f3wnane zasilanie<\/strong><\/h4>\n\n<p>Do\u015bwiadcz najwy\u017cszej klasy mo\u017cliwo\u015bci dostarczania energii dzi\u0119ki naszemu kablowi USB 4.0 Type-C, zapewniaj\u0105cemu wyj\u0105tkow\u0105 moc 240 W. Przek\u0142ada si\u0119 to na szybsze \u0142adowanie i d\u0142u\u017cszy czas pracy urz\u0105dzenia, umo\u017cliwiaj\u0105c nieprzerwan\u0105 \u0142\u0105czno\u015b\u0107. <\/p>\n\n<h4 class=\"wp-block-heading\"><strong>Zanurz si\u0119 w wyj\u0105tkowej wierno\u015bci wizualnej<\/strong><\/h4>\n\n<p>Zanurz si\u0119 w \u015bwiecie osza\u0142amiaj\u0105cej wyrazisto\u015bci dzi\u0119ki obs\u0142udze rozdzielczo\u015bci do 8K przy 60 Hz. Ka\u017cdy szczeg\u00f3\u0142 o\u017cywa z niezwyk\u0142\u0105 precyzj\u0105, zaspokajaj\u0105c potrzeby tw\u00f3rc\u00f3w tre\u015bci w wysokiej rozdzielczo\u015bci, graczy i entuzjast\u00f3w rozrywki. <\/p>\n\n<h4 class=\"wp-block-heading\"><strong>Innowacyjny ekran zu\u017cycia energii<\/strong><\/h4>\n\n<p>Zintegrowany ekran na z\u0142\u0105czu USB zapewnia informacje o zu\u017cyciu energii w czasie rzeczywistym. Monitoruj wykorzystanie energii przez urz\u0105dzenia, aby uzyska\u0107 bardziej wydajne i kontrolowane \u0142adowanie. <\/p>\n\n<h4 class=\"wp-block-heading\"><strong>Rozwi\u0105zania dostosowane do indywidualnych potrzeb<\/strong><\/h4>\n\n<p>Wybierz d\u0142ugo\u015b\u0107, kt\u00f3ra najlepiej pasuje do Twojej konfiguracji, dzi\u0119ki opcjom obejmuj\u0105cym standardowy kabel o d\u0142ugo\u015bci 0,8 m i 1,5 m lub kabel w kszta\u0142cie litery L, r\u00f3wnie\u017c dost\u0119pny w wariantach 0,8 m i 1,5 m. Niezale\u017cnie od tego, czy priorytetem jest elastyczno\u015b\u0107, czy te\u017c potrzebujesz rozwi\u0105zania oszcz\u0119dzaj\u0105cego miejsce, nasz kabel USB 4.0 Type-C zaspokoi Twoje potrzeby w zakresie \u0142\u0105czno\u015bci. <\/p>\n\n<h4 class=\"wp-block-heading\"><strong>\u0141\u0105czno\u015b\u0107 bez kompromis\u00f3w<\/strong><\/h4>\n\n<p>Wykonany z precyzj\u0105 i do\u015bwiadczeniem, nasz kabel USB 4.0 Type-C jest najlepszym towarzyszem dla entuzjast\u00f3w technologii, kreatywnych profesjonalist\u00f3w i codziennych u\u017cytkownik\u00f3w, kt\u00f3rzy wymagaj\u0105 doskona\u0142o\u015bci w swoich rozwi\u0105zaniach \u0142\u0105czno\u015bci. Wejd\u017a do \u015bwiata nieograniczonych mo\u017cliwo\u015bci dzi\u0119ki kablowi USB 4.0 Type-C. <\/p>\n","protected":false},"excerpt":{"rendered":"<ul>\n<li>Pr\u0119dko\u015b\u0107 transferu danych <strong>40 Gb\/s<\/strong> <\/li>\n<li>Thunderbolt <strong>3<\/strong> i <strong>4<\/strong><\/li>\n<li>Dostarczanie mocy do <strong>240 W<\/strong> <\/li>\n<li>Obs\u0142uga wyj\u015bcia wideo do <strong>8K przy 60 Hz<\/strong> <\/li>\n<li>Wbudowany <strong>wy\u015bwietlacz mocy<\/strong><\/li>\n<\/ul>\n[cg_accordion title=\"INFORMACJE O P\u0141ATNO\u015aCIACH\"]<\/p>\n<p>Korzystamy z najnowszej technologii przetwarzania p\u0142atno\u015bci, kt\u00f3ra umo\u017cliwia szybkie i bezpieczne dokonywanie p\u0142atno\u015bci za pomoc\u0105 karty debetowej\/kredytowej lub PayPal.[\/cg_accordion]\n[cg_accordion title=\"GWARANCJA\"]<\/p>\n<p>2 lata gwarancji od <a href=\"https:\/\/droix.net\/\" target=\"_blank\" rel=\"nofollow noopener\">DROIX<\/a> Global dla Twojego spokoju ducha[\/cg_accordion]\n[cg_accordion title=\"CENY, PODATKI I WYSY\u0141KA\"]<\/p>\n<p><strong><u>Uwaga:<\/u><\/strong><\/p>\n<ul>\n<li>Klienci ze Stan\u00f3w Zjednoczonych: Wy\u015bwietlana cena NIE ZAWIERA PODATKU ani c\u0142a. Odpowiedzialno\u015b\u0107 za odpraw\u0119 celn\u0105 i zap\u0142at\u0119 wszelkich powi\u0105zanych podatk\u00f3w \/ ce\u0142 spoczywa na kliencie. <\/li>\n<li>Klienci z UE: Wy\u015bwietlana cena zawiera obowi\u0105zuj\u0105cy PODATEK, kt\u00f3ry mo\u017ce wynosi\u0107 do 25% w zale\u017cno\u015bci od kraju.<\/li>\n<li>Klienci z Kanady: Wy\u015bwietlana cena zawiera obowi\u0105zuj\u0105ce podatki, kt\u00f3re mog\u0105 obejmowa\u0107 5% GST i dodatkowe prowincjonalne podatki od sprzeda\u017cy (PST), zharmonizowany podatek od sprzeda\u017cy (HST) lub podatek od sprzeda\u017cy w Quebecu (QST), w zale\u017cno\u015bci od prowincji.<\/li>\n<\/ul>\n<p><strong>TYLKO dla klient\u00f3w z UE:<\/strong> Express DDP (Delivered Duty Paid). Oznacza to: <\/p>\n<ul>\n<li>Wszystkie op\u0142aty celne i podatki s\u0105 wliczone w cen\u0119 wy\u015bwietlan\u0105 na stronie produktu.<\/li>\n<li>Przy dostawie nie trzeba b\u0119dzie uiszcza\u0107 \u017cadnych dodatkowych op\u0142at.<\/li>\n<li>W rzadkich przypadkach zwi\u0105zanych z kwestiami celnymi nasz zesp\u00f3\u0142 zajmie si\u0119 procesem odprawy celnej w Twoim imieniu, aby zapewni\u0107 sprawn\u0105 dostaw\u0119.<\/li>\n<p>Wa\u017cne informacje dotycz\u0105ce zwrot\u00f3w:<\/p>\n<li>Je\u015bli zdecydujesz si\u0119 zwr\u00f3ci\u0107 zam\u00f3wienie lub za\u017c\u0105da\u0107 zwrotu pieni\u0119dzy, pami\u0119taj, \u017ce podatki i c\u0142a zap\u0142acone w Twoim imieniu zgodnie z warunkami DDP nie mog\u0105 zosta\u0107 zwr\u00f3cone.<\/li>\n<p>Szczeg\u00f3\u0142owe informacje mo\u017cna znale\u017a\u0107 w naszym <a href=\"https:\/\/droix.net\/terms-and-conditions\/\" target=\"_blank\" rel=\"nofollow noopener\">Regulaminie<\/a>.\n<\/ul>\n<p>[\/cg_accordion]\n[cg_accordion title=\"OBS\u0141UGA KLIENTA\"]<\/p>\n<p>Masz pytanie? Wystarczy kr\u00f3tka wiadomo\u015b\u0107 tekstowa, aby rozwi\u0105za\u0107 Tw\u00f3j problem! <\/p>\n<p>Szczeg\u00f3\u0142owe informacje mo\u017cna znale\u017a\u0107 w naszym <a href=\"https:\/\/gpdstore.net\/pl\/terms-of-service\/\" target=\"_blank\" rel=\"nofollow noopener\">Regulaminie<\/a>.\n<\/ul>\n<p>[\/cg_accordion]\n[cg_accordion title=\"CO ZAWIERA\"]<\/p>\n<ul>\n<li>1x Kabel USB 4.0 typu C<\/li>\n<\/ul>\n<p>[\/cg_accordion]\n","protected":false},"featured_media":10968,"template":"","meta":{"_acf_changed":false},"product_brand":[],"product_cat":[1226],"product_tag":[12594,4575],"woo-feed-brand":[2425],"class_list":{"0":"post-8399","1":"product","2":"type-product","3":"status-publish","4":"has-post-thumbnail","6":"product_cat-akcesoria","7":"product_tag-40bfsale-pl","8":"product_tag-akcesoria-ogolne","9":"product_shipping_class-low-end","10":"pa_accessory-type-kabel-pl","11":"pa_i-o-video-1x-przez-usb-4-0-type-c-dp-8k60hz","12":"woo-feed-brand-droix-pl","14":"first","15":"outofstock","16":"sale","17":"taxable","18":"shipping-taxable","19":"purchasable","20":"product-type-variable","21":"has-default-attributes"},"acf":[],"aioseo_notices":[],"_links":{"self":[{"href":"https:\/\/gpdstore.net\/pl\/wp-json\/wp\/v2\/product\/8399","targetHints":{"allow":["GET"]}}],"collection":[{"href":"https:\/\/gpdstore.net\/pl\/wp-json\/wp\/v2\/product"}],"about":[{"href":"https:\/\/gpdstore.net\/pl\/wp-json\/wp\/v2\/types\/product"}],"wp:featuredmedia":[{"embeddable":true,"href":"https:\/\/gpdstore.net\/pl\/wp-json\/wp\/v2\/media\/10968"}],"wp:attachment":[{"href":"https:\/\/gpdstore.net\/pl\/wp-json\/wp\/v2\/media?parent=8399"}],"wp:term":[{"taxonomy":"product_brand","embeddable":true,"href":"https:\/\/gpdstore.net\/pl\/wp-json\/wp\/v2\/product_brand?post=8399"},{"taxonomy":"product_cat","embeddable":true,"href":"https:\/\/gpdstore.net\/pl\/wp-json\/wp\/v2\/product_cat?post=8399"},{"taxonomy":"product_tag","embeddable":true,"href":"https:\/\/gpdstore.net\/pl\/wp-json\/wp\/v2\/product_tag?post=8399"},{"taxonomy":"woo-feed-brand","embeddable":true,"href":"https:\/\/gpdstore.net\/pl\/wp-json\/wp\/v2\/woo-feed-brand?post=8399"}],"curies":[{"name":"wp","href":"https:\/\/api.w.org\/{rel}","templated":true}]}}