{"id":8344,"date":"2023-11-29T11:23:37","date_gmt":"2023-11-29T11:23:37","guid":{"rendered":"https:\/\/gpdstore.net\/bez-kategorii\/stacja-dokujaca-egpu-gpd-g1-2024\/"},"modified":"2026-03-27T11:14:14","modified_gmt":"2026-03-27T11:14:14","slug":"gpd-g1","status":"publish","type":"product","link":"https:\/\/gpdstore.net\/pl\/product\/gpd-g1\/","title":{"rendered":"GPD G1 (2024) Stacja dokuj\u0105ca eGPU"},"content":{"rendered":"\n<figure class=\"wp-block-image aligncenter size-full\"><img decoding=\"async\" src=\"https:\/\/gpdstore.net\/wp-content\/uploads\/\" alt=\"Obraz stacji dokuj&#x105;cej GPD G1 2024 eGPU, wyposa&#x17C;onej w procesor graficzny AMD Radeon RX 7600M XT, prze&#x142;&#x105;cznik TGP Toggle Switch i wszechstronn&#x105; &#x142;&#x105;czno&#x15B;&#x107;. Idealny dla graczy i profesjonalist&#xF3;w. Zam&#xF3;w ju&#x17C; teraz w przedsprzeda&#x17C;y, aby uzyska&#x107; rewolucyjne mo&#x17C;liwo&#x15B;ci\" class=\"wp-image-1471\"\/><\/figure>\n\n<h2 class=\"wp-block-heading\"><strong>Stacja dokuj\u0105ca GPD G1 2024 eGPU: Rewolucyjny skok<\/strong><\/h2>\n\n<p>Stacja dokuj\u0105ca eGPU GPD G1 2024 stanowi znacz\u0105cy krok naprz\u00f3d w \u015bwiecie zewn\u0119trznych procesor\u00f3w graficznych. Zaprojektowana z my\u015bl\u0105 o u\u017cytkownikach wymagaj\u0105cych zar\u00f3wno mobilno\u015bci, jak i wysokiej wydajno\u015bci obliczeniowej, ta stacja dokuj\u0105ca na nowo definiuje standardy w bran\u017cy eGPU. Dzi\u0119ki najnowocze\u015bniejszej technologii, w tym karcie graficznej AMD Radeon RX 7600M XT, oraz innowacyjnym funkcjom, takim jak TGP Toggle Switch, stacja dokuj\u0105ca GPD G1 eGPU jest przeznaczona zar\u00f3wno dla graczy, jak i profesjonalist\u00f3w. Jej elegancka i przeno\u015bna konstrukcja nie tylko zwi\u0119ksza przestrze\u0144 robocz\u0105, ale tak\u017ce zapewnia pot\u0119\u017cn\u0105 wydajno\u015b\u0107, gdziekolwiek jeste\u015b. Dzi\u0119ki GPD G1 mo\u017cesz cieszy\u0107 si\u0119 przysz\u0142o\u015bci\u0105 rozrywki i produktywno\u015bci bez kompromis\u00f3w.    <\/p>\n\n<figure class=\"wp-block-gallery has-nested-images columns-default is-cropped wp-block-gallery-1 is-layout-flex wp-block-gallery-is-layout-flex\">\n<figure class=\"wp-block-image size-large\"><img decoding=\"async\" data-id=\"1494\" src=\"https:\/\/gpdstore.net\/wp-content\/uploads\/\" alt=\"Obraz przedstawiaj&#x105;cy urz&#x105;dzenie r&#x119;czne GPD G1 pod&#x142;&#x105;czone do laptopa WIN MAX 2, z obydwoma urz&#x105;dzeniami pod&#x142;&#x105;czonymi do zewn&#x119;trznych monitor&#xF3;w w celu rozszerzenia konfiguracji wy&#x15B;wietlania.\" class=\"wp-image-1494\"\/><\/figure>\n\n\n\n<figure class=\"wp-block-image size-large\"><img decoding=\"async\" data-id=\"1493\" src=\"https:\/\/gpdstore.net\/wp-content\/uploads\/\" alt=\"Obraz przedstawiaj&#x105;cy urz&#x105;dzenie r&#x119;czne GPD G1 pod&#x142;&#x105;czone do laptopa z systemem WIN 4 wraz z zewn&#x119;trznymi monitorami, umo&#x17C;liwiaj&#x105;ce konfiguracj&#x119; z wieloma wy&#x15B;wietlaczami.\" class=\"wp-image-1493\"\/><\/figure>\n\n\n\n<figure class=\"wp-block-image size-large\"><img decoding=\"async\" data-id=\"1467\" src=\"https:\/\/gpdstore.net\/wp-content\/uploads\/\" alt=\"Obraz przedstawiaj&#x105;cy urz&#x105;dzenie r&#x119;czne GPD G1 pod&#x142;&#x105;czone do GPD Pocket 3, z obydwoma urz&#x105;dzeniami pod&#x142;&#x105;czonymi do zewn&#x119;trznych monitor&#xF3;w w konfiguracji z wieloma wy&#x15B;wietlaczami.\" class=\"wp-image-1467\"\/><\/figure>\n\n\n\n<figure class=\"wp-block-image size-large\"><img decoding=\"async\" data-id=\"1464\" src=\"https:\/\/gpdstore.net\/wp-content\/uploads\/\" alt=\"GPD G1 2024 to eleganckie, przeno&#x15B;ne urz&#x105;dzenie do gier wyposa&#x17C;one w &#x17C;ywy wy&#x15B;wietlacz, ergonomiczne elementy steruj&#x105;ce i nowoczesny design.\" class=\"wp-image-1464\"\/><\/figure>\n\n\n\n<figure class=\"wp-block-image size-large\"><img fetchpriority=\"high\" decoding=\"async\" width=\"1000\" height=\"1000\" data-id=\"1465\" src=\"https:\/\/gpdstore.net\/wp-content\/uploads\/2024\/05\/GPD-G1_2024-USAGE-IMAGE-5.jpg\" alt=\"Obraz urz&#x105;dzenia r&#x119;cznego GPD G1 pod&#x142;&#x105;czonego do laptopa.\" class=\"wp-image-1465\" srcset=\"https:\/\/gpdstore.net\/wp-content\/uploads\/2024\/05\/GPD-G1_2024-USAGE-IMAGE-5.jpg 1000w, https:\/\/gpdstore.net\/wp-content\/uploads\/2024\/05\/GPD-G1_2024-USAGE-IMAGE-5-600x600.jpg 600w, https:\/\/gpdstore.net\/wp-content\/uploads\/2024\/05\/GPD-G1_2024-USAGE-IMAGE-5-150x150.jpg 150w, https:\/\/gpdstore.net\/wp-content\/uploads\/2024\/05\/GPD-G1_2024-USAGE-IMAGE-5-768x768.jpg 768w, https:\/\/gpdstore.net\/wp-content\/uploads\/2024\/05\/GPD-G1_2024-USAGE-IMAGE-5-990x990.jpg 990w, https:\/\/gpdstore.net\/wp-content\/uploads\/2024\/05\/GPD-G1_2024-USAGE-IMAGE-5-441x441.jpg 441w, https:\/\/gpdstore.net\/wp-content\/uploads\/2024\/05\/GPD-G1_2024-USAGE-IMAGE-5-100x100.jpg 100w\" sizes=\"(max-width: 1000px) 100vw, 1000px\" \/><\/figure>\n\n\n\n<figure class=\"wp-block-image size-large\"><img decoding=\"async\" data-id=\"1466\" src=\"https:\/\/gpdstore.net\/wp-content\/uploads\/\" alt=\"GPD G1 Stacja dokuj&#x105;ca 2024 eGPU: Procesor graficzny AMD Radeon RX 7600M XT, prze&#x142;&#x105;cznik TGP Toggle Switch i wszechstronna &#x142;&#x105;czno&#x15B;&#x107;. Idealna dla graczy i profesjonalist&#xF3;w. \" class=\"wp-image-1466\"\/><\/figure>\n<\/figure>\n\n<div class=\"wp-block-columns is-layout-flex wp-container-core-columns-is-layout-28f84493 wp-block-columns-is-layout-flex\">\n<div class=\"wp-block-column is-layout-flow wp-block-column-is-layout-flow\" style=\"flex-basis:66.66%\">\n<figure class=\"wp-block-image size-full\"><img decoding=\"async\" src=\"https:\/\/gpdstore.net\/wp-content\/uploads\/\" alt=\"Zdj&#x119;cie przedstawiaj&#x105;ce stacj&#x119; dokuj&#x105;c&#x105; eGPU GPD G1 2024, kt&#xF3;ra wyr&#xF3;&#x17C;nia si&#x119; procesorem graficznym AMD Radeon RX 7600M XT, prze&#x142;&#x105;cznikiem TGP i wszechstronnymi opcjami &#x142;&#x105;czno&#x15B;ci. Idealna dla graczy i profesjonalist&#xF3;w poszukuj&#x105;cych niezr&#xF3;wnanej wydajno&#x15B;ci i eleganckiego wygl&#x105;du. \" class=\"wp-image-995\"\/><\/figure>\n<\/div>\n\n\n\n<div class=\"wp-block-column is-layout-flow wp-block-column-is-layout-flow\" style=\"flex-basis:33.33%\">\n<h2 class=\"wp-block-heading has-text-align-left\"><strong>GPD G1 2024<\/strong> &#8211; <strong><strong>Najmniejsza stacja dokuj\u0105ca do kart graficznych <\/strong><\/strong> <\/h2>\n\n\n\n<p>Stacja dokuj\u0105ca eGPU wyznacza nowe standardy technologiczne, oferuj\u0105c niezr\u00f3wnan\u0105 wydajno\u015b\u0107, wygl\u0105d i funkcjonalno\u015b\u0107. Dzi\u0119ki pot\u0119\u017cnemu procesorowi graficznemu AMD Radeon RX 7600M XT, innowacyjnemu prze\u0142\u0105cznikowi TGP Toggle Switch i wszechstronnym opcjom \u0142\u0105czno\u015bci, jest to najlepsze rozwi\u0105zanie dla graczy i profesjonalist\u00f3w. Ju\u017c dzi\u015b zam\u00f3w w przedsprzeda\u017cy stacj\u0119 dokuj\u0105c\u0105 eGPU GPD G1 2024 i b\u0105d\u017a jednym z pierwszych, kt\u00f3rzy do\u015bwiadcz\u0105 jej prze\u0142omowych funkcji. Wkrocz w przysz\u0142o\u015b\u0107 z GPD G1 &#8211; gdzie wydajno\u015b\u0107 \u0142\u0105czy si\u0119 z przeno\u015bno\u015bci\u0105.   <\/p>\n<\/div>\n<\/div>\n\n<h2 class=\"wp-block-heading has-text-align-center\">Kontrola wydajno\u015bci nowej generacji: TGP i \u0142\u0105czno\u015b\u0107 dla zaawansowanych u\u017cytkownik\u00f3w<\/h2>\n\n<div class=\"wp-block-columns is-layout-flex wp-container-core-columns-is-layout-28f84493 wp-block-columns-is-layout-flex\">\n<div class=\"wp-block-column is-layout-flow wp-block-column-is-layout-flow\">\n<figure class=\"wp-block-image size-full is-resized\"><img decoding=\"async\" src=\"https:\/\/gpdstore.net\/wp-content\/uploads\/\" alt=\"Obraz stacji dokuj&#x105;cej GPD G1 2024 eGPU, wyposa&#x17C;onej w procesor graficzny AMD Radeon RX 7600M XT, prze&#x142;&#x105;cznik TGP Toggle Switch dla lepszej kontroli wydajno&#x15B;ci i wszechstronn&#x105; &#x142;&#x105;czno&#x15B;&#x107;. Idealny dla graczy i profesjonalist&#xF3;w. Zam&#xF3;w teraz w przedsprzeda&#x17C;y, aby uzyska&#x107; rewolucyjne mo&#x17C;liwo&#x15B;ci.\" class=\"wp-image-1510\" style=\"width:281px;height:auto\"\/><\/figure>\n\n\n\n<h3 class=\"wp-block-heading\"><strong>Tryb cichy a zwi\u0119kszona wydajno\u015b\u0107: Jak prze\u0142\u0105cznik TGP (60W\/100W) optymalizuje wra\u017cenia u\u017cytkownika?<\/strong><\/h3>\n\n\n\n<p>Ekskluzywny \u201eTGP Toggle Key\u201d umo\u017cliwia swobodne prze\u0142\u0105czanie mi\u0119dzy trybem cichym i wydajnym podczas grania.<br\/>Prze\u0142\u0105cznik TGP Toggle Switch pozwala u\u017cytkownikom wybiera\u0107 mi\u0119dzy trybem cichym (60W TGP) dla mniejszego ha\u0142asu i trybem normalnym (100W TGP) dla zwi\u0119kszonej wydajno\u015bci, oferuj\u0105c elastyczno\u015b\u0107 w zale\u017cno\u015bci od potrzeb u\u017cytkownik\u00f3w.<\/p>\n<\/div>\n\n\n\n<div class=\"wp-block-column is-layout-flow wp-block-column-is-layout-flow\">\n<figure class=\"wp-block-image size-full is-resized\"><img decoding=\"async\" src=\"https:\/\/gpdstore.net\/wp-content\/uploads\/\" alt=\"Obraz karty adaptera interfejsu GPD G1 2024 M.2 NVMe Protocol to Oculink SFF-8612, oferuj&#x105;cej kompaktow&#x105; rozbudow&#x119; dla kart graficznych \" class=\"wp-image-1507\" style=\"width:284px;height:auto\"\/><\/figure>\n\n\n\n<h3 class=\"wp-block-heading\"><strong>Przewaga Oculink: Dlaczego interfejs SFF-8612 zapewnia lepsz\u0105 przepustowo\u015b\u0107 dla eGPU<\/strong><\/h3>\n\n\n\n<p>P\u0142yty g\u0142\u00f3wne ITX, takie jak Z690I, zazwyczaj zapewniaj\u0105 trzy interfejsy M.2, z kt\u00f3rych jeden mo\u017ce by\u0107 u\u017cyty do pod\u0142\u0105czenia karty adaptera. Dwuportowy kabel Oculink SF-8611 mo\u017ce by\u0107 nast\u0119pnie u\u017cyty do pod\u0142\u0105czenia interfejsu Oculink SFF-8612 karty adaptera do interfejsu Oculink SFF-8612 GPD G1. <\/p>\n<\/div>\n\n\n\n<div class=\"wp-block-column is-layout-flow wp-block-column-is-layout-flow\">\n<figure class=\"wp-block-image size-full is-resized\"><img decoding=\"async\" src=\"https:\/\/gpdstore.net\/wp-content\/uploads\/\" alt=\"Obraz karty adaptera interfejsu GPD G1 2024 SFF-8612, najmniejszej stacji dokuj&#x105;cej do rozbudowy kart graficznych.\" class=\"wp-image-1508\" style=\"width:227px;height:auto\"\/><\/figure>\n\n\n\n<h3 class=\"wp-block-heading\"><strong>Rozwi\u0105zanie problemu po\u0142owy wysoko\u015bci: u\u017cycie d\u0142ugiego i kr\u00f3tkiego wspornika do monta\u017cu karty graficznej<\/strong><\/h3>\n\n\n\n<p>Karty graficzne o po\u0142owie wysoko\u015bci pasuj\u0105ce do obud\u00f3w ITX s\u0105 rzadko\u015bci\u0105, a wysokowydajne karty graficzne o po\u0142owie wysoko\u015bci prawie nie istniej\u0105. W zwi\u0105zku z tym mo\u017cna zainstalowa\u0107 kart\u0119 adaptera interfejsu PCIe 3.0 x4 do Oculink SFF-8612, aby pod\u0142\u0105czy\u0107 GPD G1. D\u0142ugi i kr\u00f3tki wspornik mo\u017cna \u0142atwo wymieni\u0107.  <\/p>\n\n\n\n<h3 class=\"wp-block-heading\"><strong><br\/><\/strong><\/h3>\n<\/div>\n<\/div>\n\n<h2 class=\"wp-block-heading\"><strong>Przegl\u0105d produkt\u00f3w<\/strong><\/h2>\n\n<p>Stacja dokuj\u0105ca eGPU GPD G1 2024 to uciele\u015bnienie zaawansowanej technologii i ergonomicznej konstrukcji. Zasilana przez procesor graficzny AMD Radeon RX 7600M XT i architektur\u0119 RDNA 3.0, oferuje niezr\u00f3wnan\u0105 wydajno\u015b\u0107 graficzn\u0105 odpowiedni\u0105 do gier AAA w rozdzielczo\u015bci do 4K. Od entuzjast\u00f3w gier poszukuj\u0105cych wysokiej wydajno\u015bci po profesjonalist\u00f3w wymagaj\u0105cych mocy obliczeniowej w podr\u00f3\u017cy, urz\u0105dzenie to zaspokaja potrzeby szerokiego grona u\u017cytkownik\u00f3w.  <\/p>\n\n<figure class=\"wp-block-image size-full\"><img decoding=\"async\" src=\"https:\/\/gpdstore.net\/wp-content\/uploads\/\" alt=\"Obraz stacji dokuj&#x105;cej GPD G1 2024 eGPU z procesorem graficznym AMD Radeon RX 7600M XT, prze&#x142;&#x105;cznikiem TGP i  \" class=\"wp-image-1511\"\/><\/figure>\n\n<p>Stacja dokuj\u0105ca GPD G1 2024 eGPU oferuje wyj\u0105tkow\u0105 wszechstronno\u015b\u0107 dzi\u0119ki opcjom \u0142\u0105czno\u015bci OcuLink i USB 4, obs\u0142uguj\u0105c szerok\u0105 gam\u0119 przeno\u015bnych komputer\u00f3w i urz\u0105dze\u0144 do gier. Kompaktowa i lekka konstrukcja o wymiarach zaledwie 22,5 \u00d7 11,1 \u00d7 3,0 cm i wadze 920 g zapewnia przeno\u015bno\u015b\u0107 bez po\u015bwi\u0119cania wydajno\u015bci. Niezale\u017cnie od tego, czy jeste\u015b w domu, czy w podr\u00f3\u017cy, stacja dokuj\u0105ca GPD G1 eGPU z \u0142atwo\u015bci\u0105 usprawni zar\u00f3wno sesje gamingowe, jak i zadania zwi\u0105zane z produktywno\u015bci\u0105. Dodatkowo, jej kompatybilno\u015b\u0107 z ROG ALLY X rozszerza jej u\u017cyteczno\u015b\u0107 na wi\u0119cej system\u00f3w gamingowych.   <\/p>\n\n<figure class=\"wp-block-image aligncenter size-full\"><img decoding=\"async\" width=\"900\" height=\"559\" src=\"https:\/\/gpdstore.net\/wp-content\/uploads\/2024\/05\/3-1.png\" alt=\"Wymiary GPD G1 eGPU: Kompaktowy i zajmuj&#x105;cy niewiele miejsca dla bezproblemowej integracji.\" class=\"wp-image-1512\" srcset=\"https:\/\/gpdstore.net\/wp-content\/uploads\/2024\/05\/3-1.png 900w, https:\/\/gpdstore.net\/wp-content\/uploads\/2024\/05\/3-1-600x373.png 600w, https:\/\/gpdstore.net\/wp-content\/uploads\/2024\/05\/3-1-768x477.png 768w, https:\/\/gpdstore.net\/wp-content\/uploads\/2024\/05\/3-1-320x200.png 320w, https:\/\/gpdstore.net\/wp-content\/uploads\/2024\/05\/3-1-360x224.png 360w, https:\/\/gpdstore.net\/wp-content\/uploads\/2024\/05\/3-1-441x274.png 441w, https:\/\/gpdstore.net\/wp-content\/uploads\/2024\/05\/3-1-150x93.png 150w\" sizes=\"(max-width: 900px) 100vw, 900px\" \/><\/figure>\n\n<h2 class=\"wp-block-heading\"><strong>Szczeg\u00f3\u0142owe funkcje<\/strong><\/h2>\n\n<p><strong>Wydajno\u015b\u0107:<\/strong> Stacja dokuj\u0105ca GPD G1 2024, stworzona z my\u015bl\u0105 o najbardziej wymagaj\u0105cych grach i kreatywnych zastosowaniach, wyposa\u017cona jest w procesor graficzny AMD Radeon RX 7600M XT z 32 jednostkami obliczeniowymi taktowanymi zegarem do 2300 MHz i 8 GB pami\u0119ci GDDR6. Wbudowana w urz\u0105dzenie \u0142adowarka GaN o mocy 240 W zapewnia wystarczaj\u0105c\u0105 moc do d\u0142ugotrwa\u0142ego dzia\u0142ania. <\/p>\n\n<p><strong>Wydajno\u015b\u0107 graficzna:<\/strong> Sercem wyj\u0105tkowej wydajno\u015bci GPD G1 jest procesor graficzny. Zdolny do obs\u0142ugi gier i aplikacji w rozdzielczo\u015bci do 4K, zapewnia \u017cywe efekty wizualne i p\u0142ynn\u0105 rozgrywk\u0119, idealn\u0105 dla tytu\u0142\u00f3w AAA. <\/p>\n\n<figure class=\"wp-block-image aligncenter size-full\"><img decoding=\"async\" src=\"https:\/\/gpdstore.net\/wp-content\/uploads\/\" alt=\"Obraz stacji dokuj&#x105;cej GPD G1 2024 eGPU z procesorem graficznym AMD Radeon RX 7600M XT, prze&#x142;&#x105;cznikiem TGP i wszechstronnymi opcjami &#x142;&#x105;czno&#x15B;ci. Idealna dla graczy i profesjonalist&#xF3;w.  Zam&#xF3;w teraz w przedsprzeda&#x17C;y, aby uzyska&#x107; rewolucyjne mo&#x17C;liwo&#x15B;ci.\" class=\"wp-image-1505\"\/><\/figure>\n\n<h2 class=\"wp-block-heading\"><strong>Zaktualizowane porty HDMI i USB<\/strong><\/h2>\n\n<p>Model GPD G1 2024 eGPU posiada zaktualizowany port HDMI 2.1 obs\u0142uguj\u0105cy wyj\u015bcie 4K 120Hz oraz port USB 4 z wyj\u015bciem mocy 65W, co poprawia jako\u015b\u0107 obrazu i kompatybilno\u015b\u0107 urz\u0105dze\u0144.<\/p>\n\n<h2 class=\"wp-block-heading\"><strong>Do\u015bwiadczenie u\u017cytkownika<\/strong><\/h2>\n\n<p>GPD G1 na nowo definiuje wra\u017cenia u\u017cytkownika, oferuj\u0105c wydajno\u015b\u0107 gier na poziomie komputera stacjonarnego w przeno\u015bnym formacie. Dzi\u0119ki wielu portom USB oraz wyj\u015bciom HDMI i dw\u00f3m DisplayPort, u\u017cytkownicy mog\u0105 tworzy\u0107 wci\u0105gaj\u0105ce konfiguracje do gier lub wydajne \u015brodowiska wielozadaniowe. Ergonomiczna konstrukcja urz\u0105dzenia i \u0142atwy proces konfiguracji sprawiaj\u0105, \u017ce u\u017cytkownicy mog\u0105 rozpocz\u0105\u0107 gr\u0119 lub prac\u0119 w ci\u0105gu kilku minut.  <\/p>\n\n<div class=\"wp-block-columns is-layout-flex wp-container-core-columns-is-layout-28f84493 wp-block-columns-is-layout-flex\">\n<div class=\"wp-block-column is-layout-flow wp-block-column-is-layout-flow\" style=\"flex-basis:100%\">\n<h2 class=\"wp-block-heading\"><strong>Wnioski<\/strong><\/h2>\n<\/div>\n<\/div>\n\n<p>Stacja dokuj\u0105ca GPD G1 2024 eGPU jest liderem w dziedzinie innowacji technologicznych, \u0142\u0105cz\u0105c w sobie doskona\u0142\u0105 wydajno\u015b\u0107, elegancki wygl\u0105d i wyj\u0105tkow\u0105 funkcjonalno\u015b\u0107. Wyposa\u017cona w pot\u0119\u017cny procesor graficzny AMD Radeon RX 7600M XT i pionierski prze\u0142\u0105cznik TGP Toggle Switch, zapewnia wszechstronne opcje \u0142\u0105czno\u015bci i jest kompatybilna z ROG Ally X. Stacja dokuj\u0105ca GPD G1 eGPU to ostateczny wyb\u00f3r dla tych, kt\u00f3rzy d\u0105\u017c\u0105 do najwy\u017cszego poziomu gier i produktywno\u015bci.  Wkrocz w przysz\u0142o\u015b\u0107 rozrywki z urz\u0105dzeniem, kt\u00f3re prze\u0142amuje ograniczenia konwencjonalnych komputer\u00f3w.<\/p>\n\n<h2 class=\"wp-block-heading has-text-align-center\">Najlepsze handheldy do gier na PC dla GPD G1<\/h2>\n\n<p>GPD G1 2024 to najnowocze\u015bniejszy eGPU, kt\u00f3ry znacznie podnosi wydajno\u015b\u0107 gier na r\u00f3\u017cnych komputerach przeno\u015bnych, dzi\u0119ki czemu jest idealnym akcesorium dla GPD Win Max 2 2024, Win 4 2024 i Win Mini 2024. GPD Win Max 2 2024 mo\u017ce pochwali\u0107 si\u0119 du\u017cym 10,1-calowym ekranem, wydajnym procesorem Intel 12. generacji i pe\u0142nowymiarow\u0105 klawiatur\u0105, oferuj\u0105c wszechstronne rozwi\u0105zanie zar\u00f3wno do gier, jak i produktywno\u015bci. GPD Win 4 2024 ma kompaktow\u0105 konstrukcj\u0119 z wysuwan\u0105 klawiatur\u0105 i jest nap\u0119dzany procesorem AMD Ryzen 7 7840U, zapewniaj\u0105c idealn\u0105 r\u00f3wnowag\u0119 mi\u0119dzy przeno\u015bno\u015bci\u0105 a moc\u0105. GPD Win Mini 2024, najnowszy i najmniejszy w ofercie, zapewnia imponuj\u0105c\u0105 wydajno\u015b\u0107 dzi\u0119ki wydajnej konstrukcji i wysokiej klasy komponentom wewn\u0119trznym, co czyni go idealnym wyborem dla graczy w podr\u00f3\u017cy. Po sparowaniu z GPD G1 2024, urz\u0105dzenia te przekszta\u0142caj\u0105 si\u0119 w przeno\u015bne pot\u0119gi gamingowe, zdolne do obs\u0142ugi najnowszych tytu\u0142\u00f3w AAA z \u0142atwo\u015bci\u0105 i zapewniaj\u0105ce p\u0142ynne, wci\u0105gaj\u0105ce wra\u017cenia z gry.    <\/p>\n","protected":false},"excerpt":{"rendered":"<ul>\n<li>GPU: AMD Radeon\u2122<strong> RX 7600M XT<\/strong> eGPU  <\/li>\n<li>KOMPATYBILNO\u015a\u0106:<strong> OCuLink, USB 4, Thunderbolt 3 i 4<\/strong><\/li>\n<li>OCULINK:<strong> \u0141\u0105czno\u015b\u0107 PCI Express<\/strong><\/li>\n<li>USB 4:<strong> do 40 Gb\/s<\/strong><\/li>\n<li>Zaprojektowany dla: <strong>GPD<\/strong> WIN MAX 2, WIN 4, WIN Mini, ROG Ally X  <\/li>\n<\/ul>\n[cg_accordion title=\"INFORMACJE O P\u0141ATNO\u015aCIACH\"]<\/p>\n<p>Korzystamy z najnowszej technologii przetwarzania p\u0142atno\u015bci, kt\u00f3ra umo\u017cliwia szybkie i bezpieczne dokonywanie p\u0142atno\u015bci za pomoc\u0105 karty debetowej\/kredytowej lub PayPal.[\/cg_accordion]\n[cg_accordion title=\"GWARANCJA\"]<\/p>\n<p>2 lata gwarancji od <a href=\"https:\/\/droix.net\/\" target=\"_blank\" rel=\"nofollow noopener\">DROIX<\/a> Global dla Twojego spokoju ducha[\/cg_accordion]\n[cg_accordion title=\"ZAPEWNIENIE JAKO\u015aCI I TESTY PRZED WYSY\u0141K\u0104\"]<\/p>\n<p>Zapewnienie satysfakcji klienta na najwy\u017cszym poziomie: Ka\u017cde urz\u0105dzenie przechodzi rygorystyczne testy i wielopunktow\u0105 kontrol\u0119 jako\u015bci przed wysy\u0142k\u0105. Nasz dedykowany zesp\u00f3\u0142 weryfikuje wydajno\u015b\u0107, funkcjonalno\u015b\u0107 i integralno\u015b\u0107 komponent\u00f3w, aby zagwarantowa\u0107, \u017ce urz\u0105dzenie GPD jest w idealnym stanie po dostarczeniu, zapewniaj\u0105c pewno\u015b\u0107 i spok\u00f3j ducha. [\/cg_accordion]\n[cg_accordion title=\"CENY, PODATKI I WYSY\u0141KA\"]<\/p>\n<p><strong><u>Uwaga:<\/u><\/strong><\/p>\n<ul>\n<li>Klienci ze Stan\u00f3w Zjednoczonych: Wy\u015bwietlana cena NIE ZAWIERA PODATKU ani c\u0142a. Odpowiedzialno\u015b\u0107 za odpraw\u0119 celn\u0105 i zap\u0142at\u0119 wszelkich powi\u0105zanych podatk\u00f3w \/ ce\u0142 spoczywa na kliencie. <\/li>\n<li>Klienci z UE: Wy\u015bwietlana cena zawiera obowi\u0105zuj\u0105cy PODATEK, kt\u00f3ry mo\u017ce wynosi\u0107 do 25% w zale\u017cno\u015bci od kraju.<\/li>\n<li>Klienci z Kanady: Wy\u015bwietlana cena zawiera obowi\u0105zuj\u0105ce podatki, kt\u00f3re mog\u0105 obejmowa\u0107 5% GST i dodatkowe prowincjonalne podatki od sprzeda\u017cy (PST), zharmonizowany podatek od sprzeda\u017cy (HST) lub podatek od sprzeda\u017cy w Quebecu (QST), w zale\u017cno\u015bci od prowincji.<\/li>\n<\/ul>\n<p><strong>TYLKO dla klient\u00f3w z UE:<\/strong> Express DDP (Delivered Duty Paid). Oznacza to: <\/p>\n<ul>\n<li>Wszystkie op\u0142aty celne i podatki s\u0105 wliczone w cen\u0119 wy\u015bwietlan\u0105 na stronie produktu.<\/li>\n<li>Przy dostawie nie trzeba b\u0119dzie uiszcza\u0107 \u017cadnych dodatkowych op\u0142at.<\/li>\n<li>W rzadkich przypadkach zwi\u0105zanych z kwestiami celnymi nasz zesp\u00f3\u0142 zajmie si\u0119 procesem odprawy celnej w Twoim imieniu, aby zapewni\u0107 sprawn\u0105 dostaw\u0119.<\/li>\n<p>Wa\u017cne informacje dotycz\u0105ce zwrot\u00f3w:<\/p>\n<li>Je\u015bli zdecydujesz si\u0119 zwr\u00f3ci\u0107 zam\u00f3wienie lub za\u017c\u0105da\u0107 zwrotu pieni\u0119dzy, pami\u0119taj, \u017ce podatki i c\u0142a zap\u0142acone w Twoim imieniu zgodnie z warunkami DDP nie mog\u0105 zosta\u0107 zwr\u00f3cone.<\/li>\n<p>Szczeg\u00f3\u0142owe informacje mo\u017cna znale\u017a\u0107 w naszym <a href=\"https:\/\/droix.net\/terms-and-conditions\/\" target=\"_blank\" rel=\"nofollow noopener\">Regulaminie<\/a>.\n<\/ul>\n<p>[\/cg_accordion]\n[cg_accordion title=\"OBS\u0141UGA KLIENTA\"]<\/p>\n<p>Masz pytanie? Wystarczy kr\u00f3tka wiadomo\u015b\u0107 tekstowa, aby rozwi\u0105za\u0107 Tw\u00f3j problem! <\/p>\n<p>Szczeg\u00f3\u0142owe informacje mo\u017cna znale\u017a\u0107 w naszym <a href=\"https:\/\/gpdstore.net\/pl\/terms-of-service\/\" target=\"_blank\" rel=\"nofollow noopener\">Regulaminie<\/a>.\n<\/ul>\n<p>[\/cg_accordion]\n[cg_accordion title=\"CO ZAWIERA\"]<\/p>\n<ul>\n<li>1x GPD G1 2024<\/li>\n<li>1x Zasilacz<\/li>\n<li>1x Kabel USB typu C<\/li>\n<li>1x Instrukcja obs\u0142ugi<\/li>\n<\/ul>\n<p>[\/cg_accordion]\n","protected":false},"featured_media":15379,"template":"","meta":{"_acf_changed":false},"product_brand":[],"product_cat":[1226],"product_tag":[16886,1961],"woo-feed-brand":[779],"class_list":{"0":"post-8344","1":"product","2":"type-product","3":"status-publish","4":"has-post-thumbnail","6":"product_cat-akcesoria","7":"product_tag-10xmsale-pl","8":"product_tag-gpd-g1-pl","9":"product_shipping_class-premium","10":"pa_brand-gpd","11":"pa_graphics-gpu-model-radeon-rx-7600m-xt-pl","12":"pa_i-o-video-1x-oculink-pl","13":"pa_i-o-video-przez-1x-usb-4-0-type-c-40-gb-s","14":"woo-feed-brand-gpd-pl","16":"first","17":"outofstock","18":"taxable","19":"shipping-taxable","20":"purchasable","21":"product-type-variable","22":"has-default-attributes"},"acf":[],"aioseo_notices":[],"_links":{"self":[{"href":"https:\/\/gpdstore.net\/pl\/wp-json\/wp\/v2\/product\/8344","targetHints":{"allow":["GET"]}}],"collection":[{"href":"https:\/\/gpdstore.net\/pl\/wp-json\/wp\/v2\/product"}],"about":[{"href":"https:\/\/gpdstore.net\/pl\/wp-json\/wp\/v2\/types\/product"}],"wp:featuredmedia":[{"embeddable":true,"href":"https:\/\/gpdstore.net\/pl\/wp-json\/wp\/v2\/media\/15379"}],"wp:attachment":[{"href":"https:\/\/gpdstore.net\/pl\/wp-json\/wp\/v2\/media?parent=8344"}],"wp:term":[{"taxonomy":"product_brand","embeddable":true,"href":"https:\/\/gpdstore.net\/pl\/wp-json\/wp\/v2\/product_brand?post=8344"},{"taxonomy":"product_cat","embeddable":true,"href":"https:\/\/gpdstore.net\/pl\/wp-json\/wp\/v2\/product_cat?post=8344"},{"taxonomy":"product_tag","embeddable":true,"href":"https:\/\/gpdstore.net\/pl\/wp-json\/wp\/v2\/product_tag?post=8344"},{"taxonomy":"woo-feed-brand","embeddable":true,"href":"https:\/\/gpdstore.net\/pl\/wp-json\/wp\/v2\/woo-feed-brand?post=8344"}],"curies":[{"name":"wp","href":"https:\/\/api.w.org\/{rel}","templated":true}]}}