{"id":808701,"date":"2024-11-21T09:56:41","date_gmt":"2024-11-21T09:56:41","guid":{"rendered":"https:\/\/gpdstore.net\/?post_type=product&#038;p=808701"},"modified":"2025-12-23T10:03:50","modified_gmt":"2025-12-23T10:03:50","slug":"gpd-duo-protective-case","status":"publish","type":"product","link":"https:\/\/gpdstore.net\/pl\/product\/gpd-duo-protective-case\/","title":{"rendered":"Etui ochronne GPD DUO"},"content":{"rendered":"\n<p>Chro\u0144 sw\u00f3j GPD DUO w dobrym stylu dzi\u0119ki <strong>oficjalnemu etui ochronnemu GPD DUO<\/strong>. Zaprojektowany wy\u0142\u0105cznie dla GPD DUO, ten elegancki i wytrzyma\u0142y futera\u0142 oferuje idealne po\u0142\u0105czenie funkcjonalno\u015bci i ochrony. Niezale\u017cnie od tego, czy doje\u017cd\u017casz do pracy, podr\u00f3\u017cujesz, czy po prostu przechowujesz swoje urz\u0105dzenie, ten futera\u0142 zapewnia bezpiecze\u0144stwo GPD DUO.  <\/p>\n\n<p>Etui posiada <strong>wytrzyma\u0142\u0105 zewn\u0119trzn\u0105 pow\u0142ok\u0119 z tkaniny<\/strong>, kt\u00f3ra chroni urz\u0105dzenie przed uszkodzeniami zewn\u0119trznymi oraz <strong>mi\u0119kkie, wy\u015bcie\u0142ane wn\u0119trze<\/strong>, kt\u00f3re chroni przed zadrapaniami i uderzeniami. Dzi\u0119ki kompaktowej konstrukcji z \u0142atwo\u015bci\u0105 pomie\u015bci GPD DUO, pozostawiaj\u0105c miejsce na niezb\u0119dne akcesoria. <\/p>\n\n<p>Etui jest wyposa\u017cone w <strong>podw\u00f3jne uchwyty<\/strong> do \u0142atwego przenoszenia i <strong>regulowany pasek na rami\u0119<\/strong>, co zapewnia elastyczno\u015b\u0107 noszenia go w spos\u00f3b, kt\u00f3ry najbardziej Ci odpowiada. Jego lekka konstrukcja sprawia, \u017ce jest idealny dla u\u017cytkownik\u00f3w w ruchu, kt\u00f3rzy chc\u0105 niezawodnej ochrony bez zb\u0119dnych kilogram\u00f3w. <\/p>\n\n<h3 class=\"wp-block-heading\"><strong>Kluczowe cechy:<\/strong><\/h3>\n\n<ul class=\"wp-block-list\">\n<li>Oficjalny produkt GPD zaprojektowany specjalnie dla GPD DUO<\/li>\n\n\n\n<li>Wytrzyma\u0142a tkanina zewn\u0119trzna dla lepszej ochrony<\/li>\n\n\n\n<li>Mi\u0119kkie, wy\u015bcie\u0142ane wn\u0119trze chroni urz\u0105dzenie przed zadrapaniami i uderzeniami.<\/li>\n\n\n\n<li>Podw\u00f3jne uchwyty i regulowany pasek na rami\u0119 zapewniaj\u0105 wszechstronne mo\u017cliwo\u015bci noszenia<\/li>\n\n\n\n<li>Kompaktowa i lekka konstrukcja zapewniaj\u0105ca maksymaln\u0105 przeno\u015bno\u015b\u0107<\/li>\n<\/ul>\n\n<p>Zabierz sw\u00f3j GPD DUO w dowolne miejsce, wiedz\u0105c, \u017ce jest chroniony przez etui, kt\u00f3re \u0142\u0105czy w sobie praktyczno\u015b\u0107, trwa\u0142o\u015b\u0107 i styl.<\/p>\n\n<p><\/p>\n","protected":false},"excerpt":{"rendered":"<ul>\n<li>Oficjalny produkt <strong>GPD<\/strong> <\/li>\n<li>Zaprojektowany specjalnie dla <strong>GPD DUO<\/strong><\/li>\n<li>Wytrzyma\u0142a tkanina zewn\u0119trzna dla lepszej ochrony<\/li>\n<li>Mi\u0119kkie, wy\u015bcie\u0142ane wn\u0119trze zapobiega zadrapaniom i uderzeniom<\/li>\n<li>Obejmuje zar\u00f3wno podw\u00f3jne uchwyty, jak i regulowany pasek na rami\u0119 dla wszechstronnych opcji przenoszenia<\/li>\n<\/ul>\n[cg_accordion title=\"INFORMACJE O P\u0141ATNO\u015aCIACH\"]<\/p>\n<p>Korzystamy z najnowszej technologii przetwarzania p\u0142atno\u015bci, kt\u00f3ra umo\u017cliwia dokonywanie p\u0142atno\u015bci za po\u015brednictwem Apple Pay, Google Pay, karty debetowej\/kredytowej, PayPal lub metod BNPL, takich jak Klarna, Affirm lub AfterPay, zapewniaj\u0105c szybkie i bezpieczne do\u015bwiadczenie.[\/cg_accordion]\n[cg_accordion title=\"GWARANCJA\"]<\/p>\n<p>2 lata gwarancji od <a href=\"https:\/\/droix.net\/\" target=\"_blank\" rel=\"nofollow noopener\">DROIX<\/a> Global dla Twojego spokoju ducha[\/cg_accordion]\n[cg_accordion title=\"CENY, PODATKI I WYSY\u0141KA\"]<\/p>\n<p><strong><u>Uwaga:<\/u><\/strong><\/p>\n<ul>\n<li>Klienci ze Stan\u00f3w Zjednoczonych: Wy\u015bwietlana cena NIE ZAWIERA PODATKU ani c\u0142a. Odpowiedzialno\u015b\u0107 za odpraw\u0119 celn\u0105 i zap\u0142at\u0119 wszelkich powi\u0105zanych podatk\u00f3w \/ ce\u0142 spoczywa na kliencie. <\/li>\n<li>Klienci z UE: Wy\u015bwietlana cena zawiera obowi\u0105zuj\u0105cy PODATEK, kt\u00f3ry mo\u017ce wynosi\u0107 do 25% w zale\u017cno\u015bci od kraju.<\/li>\n<li>Klienci z Kanady: Wy\u015bwietlana cena zawiera obowi\u0105zuj\u0105ce podatki, kt\u00f3re mog\u0105 obejmowa\u0107 5% GST i dodatkowe prowincjonalne podatki od sprzeda\u017cy (PST), zharmonizowany podatek od sprzeda\u017cy (HST) lub podatek od sprzeda\u017cy w Quebecu (QST), w zale\u017cno\u015bci od prowincji.<\/li>\n<\/ul>\n<p><strong>TYLKO dla klient\u00f3w z UE:<\/strong> Express DDP (Delivered Duty Paid). Oznacza to: <\/p>\n<ul>\n<li>Wszystkie op\u0142aty celne i podatki s\u0105 wliczone w cen\u0119 wy\u015bwietlan\u0105 na stronie produktu.<\/li>\n<li>Przy dostawie nie trzeba b\u0119dzie uiszcza\u0107 \u017cadnych dodatkowych op\u0142at.<\/li>\n<li>W rzadkich przypadkach zwi\u0105zanych z kwestiami celnymi nasz zesp\u00f3\u0142 zajmie si\u0119 procesem odprawy celnej w Twoim imieniu, aby zapewni\u0107 sprawn\u0105 dostaw\u0119.<\/li>\n<p>Wa\u017cne informacje dotycz\u0105ce zwrot\u00f3w:<\/p>\n<li>Je\u015bli zdecydujesz si\u0119 zwr\u00f3ci\u0107 zam\u00f3wienie lub za\u017c\u0105da\u0107 zwrotu pieni\u0119dzy, pami\u0119taj, \u017ce podatki i c\u0142a zap\u0142acone w Twoim imieniu zgodnie z warunkami DDP nie mog\u0105 zosta\u0107 zwr\u00f3cone.<\/li>\n<p>Szczeg\u00f3\u0142owe informacje mo\u017cna znale\u017a\u0107 w naszym <a href=\"https:\/\/gpdstore.net\/pl\/terms-of-service\/\" target=\"_blank\" rel=\"nofollow noopener\">Regulaminie<\/a>.\n<\/ul>\n<p>[\/cg_accordion]\n[cg_accordion title=\"OBS\u0141UGA KLIENTA\"]<\/p>\n<p>Masz pytanie? Wystarczy kr\u00f3tka wiadomo\u015b\u0107 tekstowa, aby rozwi\u0105za\u0107 Tw\u00f3j problem!<br \/>\n[\/cg_accordion]\n[cg_accordion title=\"CO ZAWIERA\"]<\/p>\n<ul>\n<li>1x Etui GPD DUO<\/li>\n<\/ul>\n<p>[\/cg_accordion]\n","protected":false},"featured_media":818183,"template":"","meta":{"_acf_changed":false},"product_brand":[],"product_cat":[1226],"product_tag":[15783],"woo-feed-brand":[],"class_list":{"0":"post-808701","1":"product","2":"type-product","3":"status-publish","4":"has-post-thumbnail","6":"product_cat-akcesoria","7":"product_tag-20xmsale-pl-2","8":"product_shipping_class-low-end","9":"pa_accessory-type-etui-ochronne","10":"pa_brand-gpd","12":"first","13":"instock","14":"sale","15":"taxable","16":"shipping-taxable","17":"purchasable","18":"product-type-simple"},"acf":[],"aioseo_notices":[],"_links":{"self":[{"href":"https:\/\/gpdstore.net\/pl\/wp-json\/wp\/v2\/product\/808701","targetHints":{"allow":["GET"]}}],"collection":[{"href":"https:\/\/gpdstore.net\/pl\/wp-json\/wp\/v2\/product"}],"about":[{"href":"https:\/\/gpdstore.net\/pl\/wp-json\/wp\/v2\/types\/product"}],"wp:featuredmedia":[{"embeddable":true,"href":"https:\/\/gpdstore.net\/pl\/wp-json\/wp\/v2\/media\/818183"}],"wp:attachment":[{"href":"https:\/\/gpdstore.net\/pl\/wp-json\/wp\/v2\/media?parent=808701"}],"wp:term":[{"taxonomy":"product_brand","embeddable":true,"href":"https:\/\/gpdstore.net\/pl\/wp-json\/wp\/v2\/product_brand?post=808701"},{"taxonomy":"product_cat","embeddable":true,"href":"https:\/\/gpdstore.net\/pl\/wp-json\/wp\/v2\/product_cat?post=808701"},{"taxonomy":"product_tag","embeddable":true,"href":"https:\/\/gpdstore.net\/pl\/wp-json\/wp\/v2\/product_tag?post=808701"},{"taxonomy":"woo-feed-brand","embeddable":true,"href":"https:\/\/gpdstore.net\/pl\/wp-json\/wp\/v2\/woo-feed-brand?post=808701"}],"curies":[{"name":"wp","href":"https:\/\/api.w.org\/{rel}","templated":true}]}}