{"id":8039,"date":"2023-11-17T16:30:05","date_gmt":"2023-11-17T16:30:05","guid":{"rendered":"https:\/\/gpdstore.net\/bez-kategorii\/gpd-win-max-2-2023-gaming-handheld-pc\/"},"modified":"2025-12-19T16:33:15","modified_gmt":"2025-12-19T16:33:15","slug":"gpd-win-max-2-2023","status":"publish","type":"product","link":"https:\/\/gpdstore.net\/pl\/product\/gpd-win-max-2-2023\/","title":{"rendered":"GPD WIN MAX 2 2023 Gaming Handheld PC"},"content":{"rendered":"\n<figure class=\"wp-block-video\"><video controls=\"\" muted=\"\" poster=\"https:\/\/gpdstore.net\/wp-content\/uploads\/2024\/03\/q2hzxpbiybborpwbpolh-ezgif.com-webp-to-png-converter.png\" src=\"https:\/\/gpdstore.net\/wp-content\/uploads\/2024\/05\/gpd-win-max-2.mp4\"><\/video><\/figure>\n\n<div class=\"wp-block-columns is-layout-flex wp-container-core-columns-is-layout-28f84493 wp-block-columns-is-layout-flex\">\n<div class=\"wp-block-column is-layout-flow wp-block-column-is-layout-flow\" style=\"flex-basis:33.33%\">\n<figure class=\"wp-block-image size-full\"><img fetchpriority=\"high\" decoding=\"async\" width=\"669\" height=\"582\" src=\"https:\/\/gpdstore.net\/wp-content\/uploads\/2024\/05\/7044098-1.png\" alt=\"gpd win max 2\" class=\"wp-image-1642\" srcset=\"https:\/\/gpdstore.net\/wp-content\/uploads\/2024\/05\/7044098-1.png 669w, https:\/\/gpdstore.net\/wp-content\/uploads\/2024\/05\/7044098-1-150x130.png 150w, https:\/\/gpdstore.net\/wp-content\/uploads\/2024\/05\/7044098-1-600x522.png 600w, https:\/\/gpdstore.net\/wp-content\/uploads\/2024\/05\/7044098-1-441x384.png 441w\" sizes=\"(max-width: 669px) 100vw, 669px\" \/><\/figure>\n<\/div>\n\n\n\n<div class=\"wp-block-column is-layout-flow wp-block-column-is-layout-flow\" style=\"flex-basis:66.66%\">\n<h2 class=\"wp-block-heading\"><strong>GPD WIN MAX 2 2023 Handheld Gaming PC &#8211; AMD Ryzen 7 7840U (Zen 4), 10.1&#8243; 2.5K Display, 64GB RAM, OcuLink Support<\/strong><\/h2>\n\n\n\n<p>Why pay 2025 flagship prices when the GPD WIN MAX 2 2023 remains a top-tier contender? Powered by the legendary AMD Ryzen 7 7840U, this device is the ultimate &#8220;Silicon Sweet Spot&#8221; for gamers and professionals who demand 2.5K resolution and desktop-grade multitasking without the 2025 premium.<\/p>\n<\/div>\n<\/div>\n\n<h2 class=\"wp-block-heading has-text-align-center\">Zaprojektowany dla doskona\u0142o\u015bci: Precyzyjne sterowanie, profesjonalna wszechstronno\u015b\u0107 i inteligentne ch\u0142odzenie<\/h2>\n\n<div class=\"wp-block-columns is-layout-flex wp-container-core-columns-is-layout-28f84493 wp-block-columns-is-layout-flex\">\n<div class=\"wp-block-column is-layout-flow wp-block-column-is-layout-flow\">\n<figure class=\"wp-block-image size-full\"><img decoding=\"async\" width=\"300\" height=\"300\" src=\"https:\/\/gpdstore.net\/wp-content\/uploads\/2024\/05\/074b1b41-54da-4de3-8a68-9035e22feb91.__CR880899899_PT0_SX300_V1___-1.jpg\" alt=\"usuwanie przycisk&#xF3;w dla gpd win max 2\" class=\"wp-image-1643\" srcset=\"https:\/\/gpdstore.net\/wp-content\/uploads\/2024\/05\/074b1b41-54da-4de3-8a68-9035e22feb91.__CR880899899_PT0_SX300_V1___-1.jpg 300w, https:\/\/gpdstore.net\/wp-content\/uploads\/2024\/05\/074b1b41-54da-4de3-8a68-9035e22feb91.__CR880899899_PT0_SX300_V1___-1-150x150.jpg 150w, https:\/\/gpdstore.net\/wp-content\/uploads\/2024\/05\/074b1b41-54da-4de3-8a68-9035e22feb91.__CR880899899_PT0_SX300_V1___-1-100x100.jpg 100w\" sizes=\"(max-width: 300px) 100vw, 300px\" \/><\/figure>\n\n\n\n<h3 class=\"wp-block-heading\"><strong><strong><strong>Przewaga czujnika Halla:<\/strong> jak indukcja magnetyczna eliminuje &#8220;dryft dr\u0105\u017cka&#8221; i zu\u017cycie fizyczne.<\/strong><\/strong><\/h3>\n\n\n\n<p>Tradycyjny dr\u0105\u017cek potencjometru, kt\u00f3ry opiera si\u0119 na szczotce rezystancyjnej do generowania sygna\u0142u napi\u0119cia, jest podatny na \u201edryft\u201d spowodowany zu\u017cyciem podczas d\u0142ugotrwa\u0142ego u\u017cytkowania. W WIN Max 2 2023 po raz pierwszy wprowadzili\u015bmy pa\u0142eczki z czujnikiem Halla z wbudowanymi cewkami indukcyjnymi. Zasada dzia\u0142ania indukcji magnetycznej (r\u00f3\u017cne strumienie magnetyczne s\u0105 generowane, gdy dr\u0105\u017cek obraca si\u0119 do r\u00f3\u017cnych pozycji, co z kolei generuje r\u00f3\u017cne sygna\u0142y napi\u0119ciowe) okre\u015bla, \u017ce dr\u0105\u017cki z czujnikiem Halla nie ulegaj\u0105 zu\u017cyciu, a zatem nie b\u0119d\u0105 mia\u0142y problemu z dryftem dr\u0105\u017cka<\/p>\n<\/div>\n\n\n\n<div class=\"wp-block-column is-layout-flow wp-block-column-is-layout-flow\">\n<figure class=\"wp-block-image size-full\"><img decoding=\"async\" src=\"https:\/\/gpdstore.net\/wp-content\/uploads\/\" alt=\"pokrywy magnetyczne dla gpd\" class=\"wp-image-1645\"\/><\/figure>\n\n\n\n<h3 class=\"wp-block-heading\"><strong><strong><strong><strong>Magnetic Stealth Covers:<\/strong> Hide the joysticks for a clean, professional look in meetings.<\/strong><\/strong><\/strong><\/h3>\n\n\n\n<p>Kontroler gier wbudowany w przeno\u015bny komputer do gier mo\u017ce sprawi\u0107, \u017ce nie b\u0119dzie on odpowiedni do pracy! Aby rozwi\u0105za\u0107 ten problem, dodali\u015bmy dwie os\u0142ony na dr\u0105\u017cki do WIN Max 2 2023. Magnetyczna konstrukcja zapewnia, \u017ce obie os\u0142ony nie spadn\u0105 podczas korzystania z urz\u0105dzenia. Podczas grania w gry mo\u017cna r\u00f3wnie\u017c schowa\u0107 pokrowce w tylnym schowku, co zapobiega ich przypadkowemu zgubieniu!<\/p>\n<\/div>\n\n\n\n<div class=\"wp-block-column is-layout-flow wp-block-column-is-layout-flow\">\n<figure class=\"wp-block-image size-full\"><img decoding=\"async\" width=\"300\" height=\"300\" src=\"https:\/\/gpdstore.net\/wp-content\/uploads\/2024\/05\/5f397565-522a-44f6-910c-e7d2cec4ed88.__CR107012291229_PT0_SX300_V1___-1.jpg\" alt=\"ch&#x142;odzenie win max 2\" class=\"wp-image-1646\" srcset=\"https:\/\/gpdstore.net\/wp-content\/uploads\/2024\/05\/5f397565-522a-44f6-910c-e7d2cec4ed88.__CR107012291229_PT0_SX300_V1___-1.jpg 300w, https:\/\/gpdstore.net\/wp-content\/uploads\/2024\/05\/5f397565-522a-44f6-910c-e7d2cec4ed88.__CR107012291229_PT0_SX300_V1___-1-150x150.jpg 150w, https:\/\/gpdstore.net\/wp-content\/uploads\/2024\/05\/5f397565-522a-44f6-910c-e7d2cec4ed88.__CR107012291229_PT0_SX300_V1___-1-100x100.jpg 100w\" sizes=\"(max-width: 300px) 100vw, 300px\" \/><\/figure>\n\n\n\n<h3 class=\"wp-block-heading\"><strong><strong>Zaawansowany sprz\u0119t:<\/strong> Wykorzystanie wysokowydajnego silnika turbowentylatorowego i podw\u00f3jnych rurek cieplnych dla zapewnienia stabilnego przep\u0142ywu powietrza.<\/strong><\/h3>\n\n\n\n<p>GPD WIN MAX 2 2023 jest wyposa\u017cony w ulepszony system ch\u0142odzenia klasy PC z du\u017cym turbowentylatorem i podw\u00f3jnymi ciep\u0142owodami, kt\u00f3ry mo\u017ce pochwali\u0107 si\u0119 du\u017c\u0105 obj\u0119to\u015bci\u0105 bocznego nadmuchu powietrza i wysoce inteligentn\u0105 kontrol\u0105 pr\u0119dko\u015bci. Gdy temperatura wewn\u0119trzna jest ni\u017csza ni\u017c 40\u00b0C, pr\u0119dko\u015b\u0107 wentylatora nie przekroczy 20% jego maksymalnej wydajno\u015bci. Gdy temperatura wewn\u0119trzna osi\u0105gnie warto\u015b\u0107 wy\u017csz\u0105 ni\u017c 40\u00b0C, pr\u0119dko\u015b\u0107 wentylatora wzrasta w 2% krokach PWM, a\u017c do osi\u0105gni\u0119cia maksymalnego progu (100%).<\/p>\n<\/div>\n<\/div>\n\n<h3 class=\"wp-block-heading\"><strong>WIZUALNA ROZKOSZ: 10,1-CALOWY DOTYKOWY WY\u015aWIETLACZ STERUJ\u0104CY<\/strong><\/h3>\n\n<figure class=\"wp-block-image size-large\"><img loading=\"lazy\" decoding=\"async\" width=\"1200\" height=\"782\" src=\"https:\/\/gpdstore.net\/wp-content\/uploads\/2024\/05\/7044066-1-1200x782.png\" alt=\"GPD win max z PC\" class=\"wp-image-1648\" srcset=\"https:\/\/gpdstore.net\/wp-content\/uploads\/2024\/05\/7044066-1-1200x782.png 1200w, https:\/\/gpdstore.net\/wp-content\/uploads\/2024\/05\/7044066-1-150x98.png 150w, https:\/\/gpdstore.net\/wp-content\/uploads\/2024\/05\/7044066-1-600x391.png 600w, https:\/\/gpdstore.net\/wp-content\/uploads\/2024\/05\/7044066-1-768x501.png 768w, https:\/\/gpdstore.net\/wp-content\/uploads\/2024\/05\/7044066-1-990x645.png 990w, https:\/\/gpdstore.net\/wp-content\/uploads\/2024\/05\/7044066-1-441x287.png 441w, https:\/\/gpdstore.net\/wp-content\/uploads\/2024\/05\/7044066-1.png 1442w\" sizes=\"(max-width: 1200px) 100vw, 1200px\" \/><\/figure>\n\n<p>Przygotuj si\u0119 na zaskoczenie 10,1-calowym, 10-punktowym wy\u015bwietlaczem dotykowym GPD WIN MAX 2 2023. Dzi\u0119ki proporcjom 16:10 i rozdzielczo\u015bci 1920&#215;1200, ten \u017cywy ekran zapewnia osza\u0142amiaj\u0105ce efekty wizualne. Obs\u0142uguj\u0105c rozdzielczo\u015bci do 2560&#215;1600 i g\u0119sto\u015b\u0107 pikseli 299 <a href=\"https:\/\/www.displayninja.com\/what-is-pixel-density\/\">PPI<\/a>, ka\u017cdy szczeg\u00f3\u0142 jest ostry i wyra\u017any, zapewniaj\u0105c wci\u0105gaj\u0105ce wra\u017cenia z gry.  <\/p>\n\n<h2 class=\"wp-block-heading\"><strong><strong>Zen 4 Performance: The Emulation King<\/strong><\/strong><\/h2>\n\n<p>The 7840U Phoenix architecture remains a fan favorite in 2025 for its incredible efficiency.<\/p>\n\n<p>Native OcuLink: Skip the USB4 bottlenecks. Connect directly to the GPD G1 eGPU for a 4K desktop experience.<\/p>\n\n<p>Pro-Grade Emulation: Native AVX-512 support allows for superior PS3 (RPCS3) and Xbox 360 (Xenia) performance compared to many newer, more expensive handhelds.<\/p>\n\n<p>Software Boosted: Fully compatible with AMD AFMF 2 and FSR 3.1, allowing you to play AAA titles at smooth frame rates on the 10.1&#8243; screen.<\/p>\n\n<h2 class=\"wp-block-heading\"><strong>GRAFIKA, KT\u00d3RA ZADZIWIA: PROCESOR GRAFICZNY AMD RADEON 780M<\/strong><\/h2>\n\n<p>Zachwy\u0107 si\u0119 osza\u0142amiaj\u0105c\u0105 grafik\u0105 GPD WIN MAX 2 2023 dzi\u0119ki <a href=\"https:\/\/www.notebookcheck.net\/AMD-Radeon-780M-GPU-Benchmarks-and-Specs.680539.0.html\" target=\"_blank\" rel=\"noreferrer noopener nofollow\">procesorowi graficznemu AMD Radeon 780M<\/a>. Ta pot\u0119\u017cna karta graficzna zapewnia p\u0142ynn\u0105 liczb\u0119 klatek na sekund\u0119 i zapieraj\u0105c\u0105 dech w piersiach grafik\u0119, zapewniaj\u0105c osza\u0142amiaj\u0105ce wra\u017cenia wizualne w grach.<\/p>\n\n<h2 class=\"wp-block-heading\"><strong>NIEZR\u00d3WNANA PAMI\u0118\u0106: DO 64 GB LPDDR5 RAM<\/strong><\/h2>\n\n<p>GPD WIN MAX 2 2023 jest wyposa\u017cony w b\u0142yskawiczn\u0105 pami\u0119\u0107 RAM <a href=\"https:\/\/en.wikipedia.org\/wiki\/LPDDR\">LPDDR5<\/a> o przepustowo\u015bci 6400 MT\/s, zapewniaj\u0105c\u0105 szybki czas \u0142adowania, p\u0142ynn\u0105 wielozadaniowo\u015b\u0107 i p\u0142ynn\u0105 rozgrywk\u0119 w wymagaj\u0105cych scenariuszach.<\/p>\n\n<h2 class=\"wp-block-heading\"><strong>DU\u017bA POJEMNO\u015a\u0106: M.2 NVME 2280 SSD 4TB <\/strong><\/h2>\n\n<p>Przestronny dysk SSD M.2 <a href=\"https:\/\/en.wikipedia.org\/wiki\/NVM_Express#:~:text=NVM%20Express%20(NVMe)%20or%20Non,via%20the%20PCI%20Express%20bus.\">NVME<\/a> 2280 o pojemno\u015bci a\u017c 4 TB pozwala zapomnie\u0107 o braku miejsca na dane. Po\u017cegnaj si\u0119 z usuwaniem gier z powodu braku miejsca; dzi\u0119ki GPD WIN MAX 2 2023 mo\u017cliwo\u015bci s\u0105 nieograniczone.<\/p>\n\n<h2 class=\"wp-block-heading\"><strong>POZOSTA\u0143 W KONTAKCIE: WI-FI 6 I BLUETOOTH 5.2<\/strong><\/h2>\n\n<p>\u0141\u0105czno\u015b\u0107 jest kluczowa dzi\u0119ki <a href=\"https:\/\/www.theverge.com\/2019\/2\/21\/18232026\/wi-fi-6-speed-explained-router-wifi-how-does-work\">WiFi 6<\/a>, kt\u00f3re zapewnia b\u0142yskawiczne i stabilne po\u0142\u0105czenia internetowe, zapewniaj\u0105c p\u0142ynne wra\u017cenia z gier online. <a href=\"https:\/\/www.bluetooth.com\/bluetooth-resources\/whats-new-in-core-spec-version-5-2\/\">Bluetooth 5.2<\/a> umo\u017cliwia pod\u0142\u0105czenie bezprzewodowych urz\u0105dze\u0144 peryferyjnych, zapewniaj\u0105c prawdziwie wci\u0105gaj\u0105ce wra\u017cenia z gry.<\/p>\n\n<h2 class=\"wp-block-heading\"><strong>BEZPROBLEMOWA \u0141\u0104CZNO\u015a\u0106: WSZECHSTRONNE PORTY<\/strong><\/h2>\n\n<p>GPD WIN MAX 2 2023 posiada szereg port\u00f3w dla wszystkich potrzeb zwi\u0105zanych z grami i urz\u0105dzeniami peryferyjnymi. 1x USB 4, 1x USB 3.2 Gen 2 Type-C, 2x USB 3.2 Gen 2 Type-A i port <a href=\"https:\/\/blog.fosketts.net\/2017\/06\/22\/what-is-oculink\/\" target=\"_blank\" rel=\"noreferrer noopener nofollow\">OCuLink<\/a>(SFF-8612) umo\u017cliwiaj\u0105 \u0142atwe pod\u0142\u0105czanie urz\u0105dze\u0144 zewn\u0119trznych. <\/p>\n\n<h2 class=\"wp-block-heading\"><strong>ULEPSZONE FUNKCJE DLA NIEZR\u00d3WNANEJ WYGODY<\/strong><\/h2>\n\n<p>GPD WIN MAX 2 2023 zapewnia p\u0142ynn\u0105 rozgrywk\u0119 dzi\u0119ki czujnikowi linii papilarnych do szybkiego i bezpiecznego odblokowywania urz\u0105dzenia. Microsoft Precision Touchpad (PTP) zapewnia p\u0142ynn\u0105 i dok\u0142adn\u0105 kontrol\u0119 kursora, a pod\u015bwietlana klawiatura umo\u017cliwia granie w warunkach s\u0142abego o\u015bwietlenia. <\/p>\n\n<h2 class=\"wp-block-heading\"><strong>MOC, KT\u00d3RA TRWA: D\u0141UGA \u017bYWOTNO\u015a\u0106 BATERII<\/strong><\/h2>\n\n<p>Akumulator litowo-polimerowy GPD WIN MAX 2 2023 o pojemno\u015bci 67 Wh zapewnia do 3 godzin intensywnego u\u017cytkowania, 6-8 godzin umiarkowanego u\u017cytkowania i imponuj\u0105ce 14 godzin lekkiego u\u017cytkowania, zapewniaj\u0105c niezawodne i d\u0142ugotrwa\u0142e \u017ar\u00f3d\u0142o zasilania dla graczy.<\/p>\n\n<h2 class=\"wp-block-heading\"><strong>KOMPAKTOWA I LEKKA KONSTRUKCJA<\/strong><\/h2>\n\n<p>GPD WIN MAX 2 2023 zapewnia pot\u0119\u017cn\u0105 wydajno\u015b\u0107 w kompaktowej i lekkiej konstrukcji, mierz\u0105c zaledwie 8,9 x 6,2 x 0,9 cala i wa\u017c\u0105c tylko 1005 g. Wykonany z wysokiej jako\u015bci materia\u0142\u00f3w, zapewnia trwa\u0142o\u015b\u0107 i jako\u015b\u0107 wykonania do gier w podr\u00f3\u017cy. <\/p>\n\n<h2 class=\"wp-block-heading\"><strong>PREINSTALOWANY SYSTEM WINDOWS 11 HOME<\/strong><\/h2>\n\n<p>GPD WIN MAX 2 2023 posiada preinstalowany system <a href=\"https:\/\/www.microsoft.com\/en-gb\/windows\/windows-11\" target=\"_blank\" rel=\"noreferrer noopener nofollow\">Windows 11 Home<\/a>, oferuj\u0105c zoptymalizowane wra\u017cenia z gry dzi\u0119ki intuicyjnemu interfejsowi i ulepszonym funkcjom gamingowym.<\/p>\n\n<h2 class=\"wp-block-heading\"><strong>WNIOSKI<\/strong><\/h2>\n\n<p>GPD WIN MAX 2 2023 to najlepszy przeno\u015bny komputer do gier, zapewniaj\u0105cy wysokiej klasy wydajno\u015b\u0107 w kompaktowej obudowie. Dzi\u0119ki procesorowi AMD Ryzen 7 7840U lub Ryzen 5 7640U, karcie graficznej AMD Radeon 780M i do 64 GB pami\u0119ci RAM zapewnia wyj\u0105tkow\u0105 wydajno\u015b\u0107 w wymagaj\u0105cych grach. 10,1-calowy wy\u015bwietlacz dotykowy, wszechstronne opcje \u0142\u0105czno\u015bci i wygodne funkcje sprawiaj\u0105, \u017ce granie w podr\u00f3\u017cy jest dziecinnie proste. Dzi\u0119ki d\u0142ugiemu czasowi pracy baterii i kompaktowej konstrukcji, mo\u017cesz cieszy\u0107 si\u0119 grami bez ogranicze\u0144.   <\/p>\n\n<h3 class=\"wp-block-heading\"><strong>Plusy GPD WIN MAX 2 2023:<\/strong><\/h3>\n\n<ol class=\"wp-block-list\">\n<li>Powerful Performance: AMD Ryzen 7 7840U CPU and Ryzen 5 7640U with AMD Radeon 780M GPU deliver impressive performance for demanding games.<\/li>\n\n\n\n<li>Compact and Portable: The GPD WIN MAX 2 2023 offers unparalleled portability, making it easy to game on the go.<\/li>\n\n\n\n<li>Stunning Display: The 10.1&#8243; touch control display provides vibrant visuals and a high-resolution experience.<\/li>\n\n\n\n<li>Versatile Connectivity: The GPD WIN MAX 2 2023 offers a range of ports and wireless connectivity options, ensuring seamless integration with peripherals and online gaming experiences.<\/li>\n\n\n\n<li>Ample Storage: The spacious 4TB SSD eliminates the need to constantly delete and reinstall games.<\/li>\n<\/ol>\n\n<h3 class=\"wp-block-heading\">Order Your GPD WIN MAX 2 \u2013 In Stock &amp; Ready to Ship<\/h3>\n\n<p>Get the industry\u2019s most versatile work-and-play hybrid with a full 12-month official warranty.<\/p>\n\n<ul class=\"wp-block-list\">\n<li>Status: In Stock (Ships within 24 hours).<\/li>\n\n\n\n<li>Shipping: Insured worldwide express delivery.<\/li>\n\n\n\n<li>Support: Authorized GPD technical assistance included.<\/li>\n<\/ul>\n\n<p>Przeczytaj nasz\u0105 pe\u0142n\u0105 recenzj\u0119 GPD WIN MAX 2 2023 <a href=\"https:\/\/droix.net\/blogs\/gpd-win-max-2-2023-review\/\">tutaj<\/a>, aby uzyska\u0107 szczeg\u00f3\u0142owe funkcje, testy por\u00f3wnawcze, rozgrywk\u0119 i wydajno\u015b\u0107 emulacji.<\/p>\n","protected":false},"excerpt":{"rendered":"<ul>\n<li>PROCESOR: AMD Ryzen 5 \/ 7<strong> 7640U \/ 7840U <\/strong> <\/li>\n<li>GPU: AMD Radeon<strong> 760M \/ 780M<\/strong><\/li>\n<li>Pami\u0119\u0107 RAM: do<strong> 64 GB LPDDR5X @ 6400 MT\/s<\/strong><\/li>\n<li>PRZECHOWYWANIE: do<strong> 4 TB<\/strong> PCI-E NVMe SSD <strong>3. generacji<\/strong> <\/li>\n<li>\u0141\u0104CZNO\u015a\u0106: Obs\u0142uga Wi-Fi<strong> 6<\/strong> i Bluetooth <strong>5.2<\/strong> <\/li>\n<\/ul>\n[cg_accordion title=\"INFORMACJE O P\u0141ATNO\u015aCIACH\"]<\/p>\n<p>Korzystamy z najnowszej technologii przetwarzania p\u0142atno\u015bci, kt\u00f3ra umo\u017cliwia szybkie i bezpieczne dokonywanie p\u0142atno\u015bci za pomoc\u0105 karty debetowej\/kredytowej lub PayPal.[\/cg_accordion]\n[cg_accordion title=\"GWARANCJA\"]<\/p>\n<p>2 lata gwarancji od <a href=\"https:\/\/droix.net\/\" target=\"_blank\" rel=\"nofollow noopener\">DROIX<\/a> Global dla Twojego spokoju ducha[\/cg_accordion]\n[cg_accordion title=\"ZAPEWNIENIE JAKO\u015aCI I TESTY PRZED WYSY\u0141K\u0104\"]<\/p>\n<p>Zapewnienie satysfakcji klienta na najwy\u017cszym poziomie: Ka\u017cde urz\u0105dzenie przechodzi rygorystyczne testy i wielopunktow\u0105 kontrol\u0119 jako\u015bci przed wysy\u0142k\u0105. Nasz dedykowany zesp\u00f3\u0142 weryfikuje wydajno\u015b\u0107, funkcjonalno\u015b\u0107 i integralno\u015b\u0107 komponent\u00f3w, aby zagwarantowa\u0107, \u017ce urz\u0105dzenie GPD jest w idealnym stanie po dostarczeniu, zapewniaj\u0105c pewno\u015b\u0107 i spok\u00f3j ducha. [\/cg_accordion]\n[cg_accordion title=\"CENY, PODATKI I WYSY\u0141KA\"]<\/p>\n<p><strong><u>Uwaga:<\/u><\/strong><\/p>\n<ul>\n<li>Klienci ze Stan\u00f3w Zjednoczonych: Wy\u015bwietlana cena NIE ZAWIERA PODATKU ani c\u0142a. Odpowiedzialno\u015b\u0107 za odpraw\u0119 celn\u0105 i zap\u0142at\u0119 wszelkich powi\u0105zanych podatk\u00f3w \/ ce\u0142 spoczywa na kliencie. <\/li>\n<li>Klienci z UE: Wy\u015bwietlana cena zawiera obowi\u0105zuj\u0105cy PODATEK, kt\u00f3ry mo\u017ce wynosi\u0107 do 25% w zale\u017cno\u015bci od kraju.<\/li>\n<li>Klienci z Kanady: Wy\u015bwietlana cena zawiera obowi\u0105zuj\u0105ce podatki, kt\u00f3re mog\u0105 obejmowa\u0107 5% GST i dodatkowe prowincjonalne podatki od sprzeda\u017cy (PST), zharmonizowany podatek od sprzeda\u017cy (HST) lub podatek od sprzeda\u017cy w Quebecu (QST), w zale\u017cno\u015bci od prowincji.<\/li>\n<\/ul>\n<p><strong>TYLKO dla klient\u00f3w z UE:<\/strong> Express DDP (Delivered Duty Paid). Oznacza to: <\/p>\n<ul>\n<li>Wszystkie op\u0142aty celne i podatki s\u0105 wliczone w cen\u0119 wy\u015bwietlan\u0105 na stronie produktu.<\/li>\n<li>Przy dostawie nie trzeba b\u0119dzie uiszcza\u0107 \u017cadnych dodatkowych op\u0142at.<\/li>\n<li>W rzadkich przypadkach zwi\u0105zanych z kwestiami celnymi nasz zesp\u00f3\u0142 zajmie si\u0119 procesem odprawy celnej w Twoim imieniu, aby zapewni\u0107 sprawn\u0105 dostaw\u0119.<\/li>\n<p>Wa\u017cne informacje dotycz\u0105ce zwrot\u00f3w:<\/p>\n<li>Je\u015bli zdecydujesz si\u0119 zwr\u00f3ci\u0107 zam\u00f3wienie lub za\u017c\u0105da\u0107 zwrotu pieni\u0119dzy, pami\u0119taj, \u017ce podatki i c\u0142a zap\u0142acone w Twoim imieniu zgodnie z warunkami DDP nie mog\u0105 zosta\u0107 zwr\u00f3cone.<\/li>\n<p>Szczeg\u00f3\u0142owe informacje mo\u017cna znale\u017a\u0107 w naszym <a href=\"https:\/\/droix.net\/terms-and-conditions\/\" target=\"_blank\" rel=\"nofollow noopener\">Regulaminie<\/a>.\n<\/ul>\n<p>[\/cg_accordion]\n[cg_accordion title=\"OBS\u0141UGA KLIENTA\"]<\/p>\n<p>Masz pytanie? Wystarczy kr\u00f3tka wiadomo\u015b\u0107 tekstowa, aby rozwi\u0105za\u0107 Tw\u00f3j problem! <\/p>\n<p>Szczeg\u00f3\u0142owe informacje mo\u017cna znale\u017a\u0107 w naszym <a href=\"https:\/\/gpdstore.net\/pl\/terms-of-service\/\" target=\"_blank\" rel=\"nofollow noopener\">Regulaminie<\/a>.\n<\/ul>\n<p>[\/cg_accordion]\n[cg_accordion title=\"CO ZAWIERA\"]<\/p>\n<ul>\n<li>1x GPD WIN MAX 2 2023<\/li>\n<li>1x Zasilacz<\/li>\n<li>1x Kabel USB typu C<\/li>\n<li>1x Instrukcja obs\u0142ugi<\/li>\n<\/ul>\n<p>[\/cg_accordion]\n","protected":false},"featured_media":15264,"template":"","meta":{"_acf_changed":false},"product_brand":[],"product_cat":[775],"product_tag":[15938,2200],"woo-feed-brand":[779],"class_list":{"0":"post-8039","1":"product","2":"type-product","3":"status-publish","4":"has-post-thumbnail","6":"product_cat-gpd-handheld-pc-do-gier","7":"product_tag-15xmsale-pl","8":"product_tag-gpd-win-max-2-pl","9":"product_shipping_class-premium","10":"pa_bluetooth-5-2-pl","11":"pa_brand-gpd","12":"pa_graphics-gpu-model-radeon-760m-pl","13":"pa_graphics-gpu-model-uklad-graficzny-intel-iris-xe","14":"pa_i-o-video-1x-hdmi-2-1-pl","15":"pa_i-o-video-1x-oculink-pl","16":"pa_i-o-video-przez-1x-usb-4-0-type-c-40-gb-s","17":"pa_memory-ram-capacity-16-gb-pl","18":"pa_memory-ram-capacity-32-gb-pl","19":"pa_memory-ram-capacity-64-gb-pl","20":"pa_memory-ram-technology-lpddr5x-pl","21":"pa_processor-cpu-model-amd-ryzen-5-7640u","22":"pa_processor-cpu-model-amd-ryzen-7-7840u","23":"pa_storage-capacity-1tb-pl","24":"pa_storage-capacity-2tb-pl","25":"pa_storage-capacity-4tb-pl","26":"pa_storage-technology-pcie-gen-3-pl","27":"pa_wi-fi-wi-fi-6-pl","28":"woo-feed-brand-gpd-pl","30":"first","31":"outofstock","32":"sale","33":"taxable","34":"shipping-taxable","35":"purchasable","36":"product-type-variable","37":"has-default-attributes"},"acf":[],"aioseo_notices":[],"_links":{"self":[{"href":"https:\/\/gpdstore.net\/pl\/wp-json\/wp\/v2\/product\/8039","targetHints":{"allow":["GET"]}}],"collection":[{"href":"https:\/\/gpdstore.net\/pl\/wp-json\/wp\/v2\/product"}],"about":[{"href":"https:\/\/gpdstore.net\/pl\/wp-json\/wp\/v2\/types\/product"}],"wp:featuredmedia":[{"embeddable":true,"href":"https:\/\/gpdstore.net\/pl\/wp-json\/wp\/v2\/media\/15264"}],"wp:attachment":[{"href":"https:\/\/gpdstore.net\/pl\/wp-json\/wp\/v2\/media?parent=8039"}],"wp:term":[{"taxonomy":"product_brand","embeddable":true,"href":"https:\/\/gpdstore.net\/pl\/wp-json\/wp\/v2\/product_brand?post=8039"},{"taxonomy":"product_cat","embeddable":true,"href":"https:\/\/gpdstore.net\/pl\/wp-json\/wp\/v2\/product_cat?post=8039"},{"taxonomy":"product_tag","embeddable":true,"href":"https:\/\/gpdstore.net\/pl\/wp-json\/wp\/v2\/product_tag?post=8039"},{"taxonomy":"woo-feed-brand","embeddable":true,"href":"https:\/\/gpdstore.net\/pl\/wp-json\/wp\/v2\/woo-feed-brand?post=8039"}],"curies":[{"name":"wp","href":"https:\/\/api.w.org\/{rel}","templated":true}]}}