{"id":7651,"date":"2023-03-24T15:33:39","date_gmt":"2023-03-24T15:33:39","guid":{"rendered":"https:\/\/gpdstore.net\/bez-kategorii\/etui-ochronne-gpd-win-max-2\/"},"modified":"2026-01-16T13:44:25","modified_gmt":"2026-01-16T13:44:25","slug":"gpd-win-max-2-protective-case","status":"publish","type":"product","link":"https:\/\/gpdstore.net\/pl\/product\/gpd-win-max-2-protective-case\/","title":{"rendered":"GPD WIN Sk\u00f3rzane etui Max 2 &#8211; doskona\u0142a ochrona i styl!"},"content":{"rendered":"\n<p>Protect your <strong>GPD WIN Max 2<\/strong> with this <strong>sleek and durable leather case<\/strong>. Designed for a <strong>perfect fit<\/strong>, this premium accessory keeps your device <strong>safe, secure, and stylish<\/strong>, whether at home or on the go.<\/p>\n\n<h2 class=\"wp-block-heading\"><strong>Key Features:<\/strong><\/h2>\n\n<p><strong>Premium Leather Build<\/strong> \u2013 Crafted with high-quality leather for a sophisticated look and superior durability.<\/p>\n\n<p><strong>Perfect Fit &amp; All-Round Protection<\/strong> \u2013 Custom-made for the <strong>GPD WIN Max 2<\/strong>, ensuring a <strong>secure, snug fit<\/strong> while shielding your device from scratches, dust, and minor impacts. <\/p>\n\n<p><strong>Soft Inner Lining<\/strong> \u2013 Protects your device\u2019s screen and body from abrasions while keeping it dust-free.<\/p>\n\n<p><strong>Slim &amp; Lightweight Design<\/strong> \u2013 Offers excellent protection without adding bulk, making it ideal for travel.<\/p>\n\n<p><strong>Magnetic Closure<\/strong> \u2013 Keeps your device secure while allowing quick and easy access. <\/p>\n\n<p>Upgrade your <strong>GPD WIN Max 2<\/strong> with this <strong>luxurious leather case<\/strong> \u2013 where <strong>style meets protection<\/strong>!<\/p>\n","protected":false},"excerpt":{"rendered":"<ul>\n<li><strong>Oficjalne<\/strong> sk\u00f3rzane etui GPD WIN Max 2<\/li>\n<li><strong>Wysokiej jako\u015bci sk\u00f3ra<\/strong> &#8211; elegancka, trwa\u0142a i d\u0142ugowieczna.<\/li>\n<li><strong>Mi\u0119kka wy\u015bci\u00f3\u0142ka wewn\u0119trzna<\/strong> &#8211; chroni przed zadrapaniami i kurzem.<\/li>\n<li><strong>Lekka i przeno\u015bna<\/strong> &#8211; \u0142atwa do przenoszenia bez zajmowania du\u017co miejsca.<\/li>\n<li><strong>Magnetyczne zamkni\u0119cie<\/strong> &#8211; bezpieczny i wygodny dost\u0119p.<\/li>\n<\/ul>\n[cg_accordion title=\"INFORMACJE O P\u0141ATNO\u015aCIACH\"]<\/p>\n<p>Korzystamy z najnowszej technologii przetwarzania p\u0142atno\u015bci, kt\u00f3ra umo\u017cliwia dokonywanie p\u0142atno\u015bci za po\u015brednictwem Apple Pay, Google Pay, karty debetowej\/kredytowej, PayPal lub metod BNPL, takich jak Klarna, Affirm lub AfterPay, zapewniaj\u0105c szybkie i bezpieczne do\u015bwiadczenie.[\/cg_accordion]\n[cg_accordion title=\"GWARANCJA\"]<\/p>\n<p>2 lata gwarancji od <a href=\"https:\/\/droix.net\/\" target=\"_blank\" rel=\"nofollow noopener\">DROIX<\/a> Global dla Twojego spokoju ducha[\/cg_accordion]\n[cg_accordion title=\"CENY, PODATKI I WYSY\u0141KA\"]<\/p>\n<p><strong><u>Uwaga:<\/u><\/strong><\/p>\n<ul>\n<li>Klienci ze Stan\u00f3w Zjednoczonych: Wy\u015bwietlana cena NIE ZAWIERA PODATKU ani c\u0142a. Odpowiedzialno\u015b\u0107 za odpraw\u0119 celn\u0105 i zap\u0142at\u0119 wszelkich powi\u0105zanych podatk\u00f3w \/ ce\u0142 spoczywa na kliencie. <\/li>\n<li>Klienci z UE: Wy\u015bwietlana cena zawiera obowi\u0105zuj\u0105cy PODATEK, kt\u00f3ry mo\u017ce wynosi\u0107 do 25% w zale\u017cno\u015bci od kraju.<\/li>\n<li>Klienci z Kanady: Wy\u015bwietlana cena zawiera obowi\u0105zuj\u0105ce podatki, kt\u00f3re mog\u0105 obejmowa\u0107 5% GST i dodatkowe prowincjonalne podatki od sprzeda\u017cy (PST), zharmonizowany podatek od sprzeda\u017cy (HST) lub podatek od sprzeda\u017cy w Quebecu (QST), w zale\u017cno\u015bci od prowincji.<\/li>\n<\/ul>\n<p><strong>TYLKO dla klient\u00f3w z UE:<\/strong> Express DDP (Delivered Duty Paid). Oznacza to: <\/p>\n<ul>\n<li>Wszystkie op\u0142aty celne i podatki s\u0105 wliczone w cen\u0119 wy\u015bwietlan\u0105 na stronie produktu.<\/li>\n<li>Przy dostawie nie trzeba b\u0119dzie uiszcza\u0107 \u017cadnych dodatkowych op\u0142at.<\/li>\n<li>W rzadkich przypadkach zwi\u0105zanych z kwestiami celnymi nasz zesp\u00f3\u0142 zajmie si\u0119 procesem odprawy celnej w Twoim imieniu, aby zapewni\u0107 sprawn\u0105 dostaw\u0119.<\/li>\n<p>Wa\u017cne informacje dotycz\u0105ce zwrot\u00f3w:<\/p>\n<li>Je\u015bli zdecydujesz si\u0119 zwr\u00f3ci\u0107 zam\u00f3wienie lub za\u017c\u0105da\u0107 zwrotu pieni\u0119dzy, pami\u0119taj, \u017ce podatki i c\u0142a zap\u0142acone w Twoim imieniu zgodnie z warunkami DDP nie mog\u0105 zosta\u0107 zwr\u00f3cone.<\/li>\n<p>Szczeg\u00f3\u0142owe informacje mo\u017cna znale\u017a\u0107 w naszym <a href=\"https:\/\/gpdstore.net\/pl\/terms-of-service\/\" target=\"_blank\" rel=\"nofollow noopener\">Regulaminie<\/a>.\n<\/ul>\n<p>[\/cg_accordion]\n[cg_accordion title=\"OBS\u0141UGA KLIENTA\"]<\/p>\n<p>Masz pytanie? Wystarczy kr\u00f3tka wiadomo\u015b\u0107 tekstowa, aby rozwi\u0105za\u0107 Tw\u00f3j problem!<br \/>\n[\/cg_accordion]\n[cg_accordion title=\"CO ZAWIERA\"]<\/p>\n<ul>\n<li>1x GPD WIN MAX 2 Case<\/li>\n<\/ul>\n<p>[\/cg_accordion]\n","protected":false},"featured_media":1075608,"template":"","meta":{"_acf_changed":false},"product_brand":[],"product_cat":[1226],"product_tag":[15938,1764],"woo-feed-brand":[779],"class_list":{"0":"post-7651","1":"product","2":"type-product","3":"status-publish","4":"has-post-thumbnail","6":"product_cat-akcesoria","7":"product_tag-15xmsale-pl","8":"product_tag-gpd-wm2-akcesoria","9":"product_shipping_class-low-end","10":"pa_accessory-type-etui-ochronne","11":"pa_brand-gpd","12":"woo-feed-brand-gpd-pl","14":"first","15":"instock","16":"sale","17":"taxable","18":"shipping-taxable","19":"purchasable","20":"product-type-variable","21":"has-default-attributes"},"acf":[],"aioseo_notices":[],"_links":{"self":[{"href":"https:\/\/gpdstore.net\/pl\/wp-json\/wp\/v2\/product\/7651","targetHints":{"allow":["GET"]}}],"collection":[{"href":"https:\/\/gpdstore.net\/pl\/wp-json\/wp\/v2\/product"}],"about":[{"href":"https:\/\/gpdstore.net\/pl\/wp-json\/wp\/v2\/types\/product"}],"wp:featuredmedia":[{"embeddable":true,"href":"https:\/\/gpdstore.net\/pl\/wp-json\/wp\/v2\/media\/1075608"}],"wp:attachment":[{"href":"https:\/\/gpdstore.net\/pl\/wp-json\/wp\/v2\/media?parent=7651"}],"wp:term":[{"taxonomy":"product_brand","embeddable":true,"href":"https:\/\/gpdstore.net\/pl\/wp-json\/wp\/v2\/product_brand?post=7651"},{"taxonomy":"product_cat","embeddable":true,"href":"https:\/\/gpdstore.net\/pl\/wp-json\/wp\/v2\/product_cat?post=7651"},{"taxonomy":"product_tag","embeddable":true,"href":"https:\/\/gpdstore.net\/pl\/wp-json\/wp\/v2\/product_tag?post=7651"},{"taxonomy":"woo-feed-brand","embeddable":true,"href":"https:\/\/gpdstore.net\/pl\/wp-json\/wp\/v2\/woo-feed-brand?post=7651"}],"curies":[{"name":"wp","href":"https:\/\/api.w.org\/{rel}","templated":true}]}}