{"id":7603,"date":"2023-03-26T17:56:24","date_gmt":"2023-03-26T17:56:24","guid":{"rendered":"https:\/\/gpdstore.net\/bez-kategorii\/gpd-win-max-2021-gaming-handheld-pc\/"},"modified":"2025-12-23T10:33:51","modified_gmt":"2025-12-23T10:33:51","slug":"gpd-win-max-2021","status":"publish","type":"product","link":"https:\/\/gpdstore.net\/pl\/product\/gpd-win-max-2021\/","title":{"rendered":"GPD WIN MAX 2021 Gaming Handheld PC"},"content":{"rendered":"\n<p>GPD WIN MAX 2021 to gamingowy ultrabook, kt\u00f3ry zosta\u0142 zaprojektowany z my\u015bl\u0105 o grach PC w podr\u00f3\u017cy. To pot\u0119\u017cne urz\u0105dzenie jest dost\u0119pne w dw\u00f3ch wersjach, jednej z procesorem Intel\u00ae Core\u2122 i7-1195G7 i drugiej z procesorem AMD Ryzen\u2122 7 4800U. Poza r\u00f3\u017cnymi opcjami procesora, obie wersje urz\u0105dzenia s\u0105 dok\u0142adnie takie same.  <\/p>\n\n<p>W GPD Store z dum\u0105 oferujemy GPD WIN MAX 2021 graczom, kt\u00f3rzy chc\u0105 mie\u0107 wydajny komputer przeno\u015bny do gier PC, kt\u00f3ry mog\u0105 zabra\u0107 ze sob\u0105 wsz\u0119dzie. Ten ultrabook jest idealny dla graczy, kt\u00f3rzy chc\u0105 cieszy\u0107 si\u0119 ulubionymi grami w podr\u00f3\u017cy, bez konieczno\u015bci po\u015bwi\u0119cania wydajno\u015bci lub jako\u015bci. <\/p>\n\n<p>GPD WIN MAX 2021 to pot\u0119\u017cny ultrabook dla graczy, kt\u00f3ry zosta\u0142 wyposa\u017cony w 8,0-calowy wy\u015bwietlacz dotykowy IPS o rozdzielczo\u015bci 1280 x 800 pikseli. Urz\u0105dzenie jest wyposa\u017cone w zintegrowan\u0105 kart\u0119 graficzn\u0105 Intel\u00ae Iris\u00ae Xe Graphics lub AMD Radeon\u2122 Graphics, dzi\u0119ki czemu idealnie nadaje si\u0119 do uruchamiania wymagaj\u0105cych gier i aplikacji. <\/p>\n\n<p>Je\u015bli chodzi o moc obliczeniow\u0105, GPD WIN MAX 2021 jest dost\u0119pny z procesorem Intel\u00ae Core\u2122 i7-1195G7 lub AMD Ryzen\u2122 7 4800U. Te pot\u0119\u017cne procesory zapewniaj\u0105, \u017ce urz\u0105dzenie z \u0142atwo\u015bci\u0105 poradzi sobie nawet z najbardziej wymagaj\u0105cymi grami i aplikacjami. <\/p>\n\n<p>GPD WIN MAX 2021 posiada r\u00f3wnie\u017c 16 GB pami\u0119ci RAM LPDDR4X 4266 MT\/s i 1 TB pami\u0119ci masowej M.2 NVMe SSD, zapewniaj\u0105c mn\u00f3stwo miejsca do przechowywania gier i innych danych.  Urz\u0105dzenie posiada r\u00f3wnie\u017c wiele port\u00f3w, w tym port USB typu C, port USB 3.0, port HDMI i gniazdo s\u0142uchawkowe 3,5 mm.<\/p>\n\n<p>Jedn\u0105 z wyr\u00f3\u017cniaj\u0105cych cech GPD WIN MAX 2021 jest jego kompaktowy rozmiar. Pomimo tego, \u017ce jest to pot\u0119\u017cny ultrabook, urz\u0105dzenie ma wymiary zaledwie 8,5 x 5,7 x 1,1 cala i wa\u017cy tylko 1,5 funta. Dzi\u0119ki temu mo\u017cna go \u0142atwo zabra\u0107 ze sob\u0105 wsz\u0119dzie, niezale\u017cnie od tego, czy podr\u00f3\u017cujesz, czy po prostu chcesz cieszy\u0107 si\u0119 ulubionymi grami na kanapie.  <\/p>\n\n<p>GPD WIN MAX 2021 posiada r\u00f3wnie\u017c wbudowany kontroler do gier, wyposa\u017cony w D-pad, dr\u0105\u017cki analogowe i przyciski spustowe. U\u0142atwia to granie w ulubione gry bez konieczno\u015bci pod\u0142\u0105czania zewn\u0119trznego kontrolera. Urz\u0105dzenie posiada r\u00f3wnie\u017c pe\u0142n\u0105 klawiatur\u0119 QWERTY, u\u0142atwiaj\u0105c\u0105 pisanie i poruszanie si\u0119 po menu.  <\/p>\n\n<p>W GPD Store wierzymy, \u017ce GPD WIN MAX 2021 jest idealnym ultrabookiem dla graczy, kt\u00f3rzy chc\u0105 mie\u0107 wydajny komputer PC do gier, kt\u00f3ry mog\u0105 zabra\u0107 ze sob\u0105 wsz\u0119dzie. To pot\u0119\u017cne urz\u0105dzenie jest idealne dla graczy, kt\u00f3rzy chc\u0105 cieszy\u0107 si\u0119 ulubionymi grami w podr\u00f3\u017cy, bez konieczno\u015bci po\u015bwi\u0119cania wydajno\u015bci lub jako\u015bci. <\/p>\n\n<p>Niezale\u017cnie od tego, czy jeste\u015b zwyk\u0142ym graczem, czy hardkorowym graczem, GPD WIN MAX 2021 jest idealnym urz\u0105dzeniem dla Ciebie. Dzi\u0119ki wydajnemu procesorowi, wysokiej jako\u015bci grafice i niewielkim rozmiarom jest to najlepszy ultrabook do gier PC w podr\u00f3\u017cy. Po co wi\u0119c czeka\u0107? Odwied\u017a sklep GPD ju\u017c dzi\u015b i zdob\u0105d\u017a GPD WIN MAX 2021.   <\/p>\n","protected":false},"excerpt":{"rendered":"<ul>\n<li>AMD <strong>Ryzen 7 6800U<\/strong> @2.7GHz TDP 15-28W<\/li>\n<li>AMD Radeon 680M <strong>12 procesor\u00f3w @2200 MHz<\/strong><\/li>\n<li><strong>do 32 GB LPDDR5-6400 MT\/s<\/strong><\/li>\n<li>Szybkie dyski SSD PCI-E <strong>NVMe<\/strong> <strong>o<\/strong> pojemno\u015bci <strong>do 2 TB<\/strong> <\/li>\n<li>Obs\u0142uga WiFi 6 i Bluetooth <strong>5.2<\/strong>  <\/li>\n<\/ul>\n<p> [cg_accordion title=\"INFORMACJE O P\u0141ATNO\u015aCIACH\"] Korzystamy z najnowszej technologii przetwarzania p\u0142atno\u015bci, kt\u00f3ra umo\u017cliwia dokonywanie p\u0142atno\u015bci za po\u015brednictwem Apple Pay, Google Pay, karty debetowej\/kredytowej, PayPal lub metod BNPL, takich jak Klarna, Affirm lub AfterPay, zapewniaj\u0105c szybkie i bezpieczne do\u015bwiadczenie.[\/cg_accordion] [cg_accordion title=\"GWARANCJA\"] 2 lata gwarancji od <a href=\"https:\/\/droix.net\/\" target=\"_blank\" rel=\"nofollow noopener\">DROIX<\/a> Global dla Twojego spokoju ducha[\/cg_accordion] [cg_accordion title=\"PRICING, TAXES AND SHIPPING\"] <strong><u>Uwaga:<\/u><\/strong><\/p>\n<ul>\n<li>Klienci ze Stan\u00f3w Zjednoczonych: Wy\u015bwietlana cena NIE ZAWIERA PODATKU ani c\u0142a. Odpowiedzialno\u015b\u0107 za odpraw\u0119 celn\u0105 i zap\u0142at\u0119 wszelkich powi\u0105zanych podatk\u00f3w \/ ce\u0142 spoczywa na kliencie. <\/li>\n<li>Klienci z UE: Wy\u015bwietlana cena zawiera obowi\u0105zuj\u0105cy PODATEK, kt\u00f3ry mo\u017ce wynosi\u0107 do 25% w zale\u017cno\u015bci od kraju.<\/li>\n<li>Klienci z Kanady: Wy\u015bwietlana cena zawiera obowi\u0105zuj\u0105ce podatki, kt\u00f3re mog\u0105 obejmowa\u0107 5% GST i dodatkowe prowincjonalne podatki od sprzeda\u017cy (PST), zharmonizowany podatek od sprzeda\u017cy (HST) lub podatek od sprzeda\u017cy w Quebecu (QST), w zale\u017cno\u015bci od prowincji.<\/li>\n<\/ul>\n<p><strong>TYLKO dla klient\u00f3w z UE:<\/strong> Express DDP (Delivered Duty Paid). Oznacza to: <\/p>\n<ul>\n<li style=\"list-style-type: none;\">\n<ul>\n<li>Wszystkie op\u0142aty celne i podatki s\u0105 wliczone w cen\u0119 wy\u015bwietlan\u0105 na stronie produktu.<\/li>\n<li>Przy dostawie nie trzeba b\u0119dzie uiszcza\u0107 \u017cadnych dodatkowych op\u0142at.<\/li>\n<li>W rzadkich przypadkach zwi\u0105zanych z kwestiami celnymi nasz zesp\u00f3\u0142 zajmie si\u0119 procesem odprawy celnej w Twoim imieniu, aby zapewni\u0107 sprawn\u0105 dostaw\u0119.<\/li>\n<p>Wa\u017cne informacje dotycz\u0105ce zwrot\u00f3w:<\/p>\n<li>Je\u015bli zdecydujesz si\u0119 zwr\u00f3ci\u0107 zam\u00f3wienie lub za\u017c\u0105da\u0107 zwrotu pieni\u0119dzy, pami\u0119taj, \u017ce podatki i c\u0142a zap\u0142acone w Twoim imieniu zgodnie z warunkami DDP nie mog\u0105 zosta\u0107 zwr\u00f3cone.<\/li>\n<p>Prosimy o zapoznanie si\u0119 z nasz\u0105<\/ul>\n<\/li>\n<\/ul>\n<p><a href=\"https:\/\/gpdstore.net\/pl\/terms-of-service\/\" target=\"_blank\" rel=\"nofollow noopener\">Regulamin<\/a><\/p>\n<ul>w celu uzyskania szczeg\u00f3\u0142owych informacji.<\/ul>\n<p>[\/cg_accordion] [cg_accordion title=\"OBS\u0141UGA KLIENTA\"]  Masz pytanie? Wystarczy kr\u00f3tka wiadomo\u015b\u0107 tekstowa, aby rozwi\u0105za\u0107 Tw\u00f3j problem!   [\/cg_accordion] [cg_accordion title=\"WHAT'S INCLUDED\"]<\/p>\n<ul>\n<li>1x GPD WIN MAX 2021<\/li>\n<li>1x Zasilacz<\/li>\n<li>1x Kabel USB typu C<\/li>\n<li>1x Instrukcja obs\u0142ugi<\/li>\n<\/ul>\n<p>[\/cg_accordion]<\/p>\n","protected":false},"featured_media":7607,"template":"","meta":{"_acf_changed":false},"product_brand":[],"product_cat":[775],"product_tag":[4057],"woo-feed-brand":[779],"class_list":{"0":"post-7603","1":"product","2":"type-product","3":"status-publish","4":"has-post-thumbnail","6":"product_cat-gpd-handheld-pc-do-gier","7":"product_tag-gpd-win-max-pl","8":"product_shipping_class-premium","9":"pa_bluetooth-5-pl","10":"pa_bluetooth-5-2-pl","11":"pa_display-type-h-ips-pl","12":"pa_graphics-gpu-model-grafika-radeon","13":"pa_graphics-gpu-model-uklad-graficzny-intel-iris-xe","14":"pa_i-o-video-1x-hdmi-2-0b-pl","15":"pa_memory-ram-capacity-16-gb-pl","16":"pa_memory-ram-technology-lpddr4x-pl","17":"pa_processor-cpu-model-amd-ryzen-7-4800u","18":"pa_processor-cpu-model-intel-core-i7-1195g7","19":"pa_storage-capacity-1tb-pl","20":"pa_wi-fi-wi-fi-6-pl","21":"woo-feed-brand-gpd-pl","23":"first","24":"outofstock","25":"sale","26":"taxable","27":"shipping-taxable","28":"purchasable","29":"product-type-variable","30":"has-default-attributes"},"acf":[],"aioseo_notices":[],"_links":{"self":[{"href":"https:\/\/gpdstore.net\/pl\/wp-json\/wp\/v2\/product\/7603","targetHints":{"allow":["GET"]}}],"collection":[{"href":"https:\/\/gpdstore.net\/pl\/wp-json\/wp\/v2\/product"}],"about":[{"href":"https:\/\/gpdstore.net\/pl\/wp-json\/wp\/v2\/types\/product"}],"wp:featuredmedia":[{"embeddable":true,"href":"https:\/\/gpdstore.net\/pl\/wp-json\/wp\/v2\/media\/7607"}],"wp:attachment":[{"href":"https:\/\/gpdstore.net\/pl\/wp-json\/wp\/v2\/media?parent=7603"}],"wp:term":[{"taxonomy":"product_brand","embeddable":true,"href":"https:\/\/gpdstore.net\/pl\/wp-json\/wp\/v2\/product_brand?post=7603"},{"taxonomy":"product_cat","embeddable":true,"href":"https:\/\/gpdstore.net\/pl\/wp-json\/wp\/v2\/product_cat?post=7603"},{"taxonomy":"product_tag","embeddable":true,"href":"https:\/\/gpdstore.net\/pl\/wp-json\/wp\/v2\/product_tag?post=7603"},{"taxonomy":"woo-feed-brand","embeddable":true,"href":"https:\/\/gpdstore.net\/pl\/wp-json\/wp\/v2\/woo-feed-brand?post=7603"}],"curies":[{"name":"wp","href":"https:\/\/api.w.org\/{rel}","templated":true}]}}