{"id":7572,"date":"2023-03-26T17:49:20","date_gmt":"2023-03-26T17:49:20","guid":{"rendered":"https:\/\/gpdstore.net\/bez-kategorii\/pamiec-masowa-biwin-2230-nvme\/"},"modified":"2025-12-23T10:31:12","modified_gmt":"2025-12-23T10:31:12","slug":"biwin-2230-nvme-storage","status":"publish","type":"product","link":"https:\/\/gpdstore.net\/pl\/product\/biwin-2230-nvme-storage\/","title":{"rendered":"Pami\u0119\u0107 masowa BiWin 2230 NVMe"},"content":{"rendered":"\n<p>Szukasz wydajnej pami\u0119ci masowej do swojego GPD WIN MAX 2 lub Valve Steam Deck? Nie szukaj dalej ni\u017c BiWin 22*30 PCI-e NVMe SSD! Ten kompaktowy, ale pot\u0119\u017cny dysk SSD zosta\u0142 zaprojektowany tak, aby zapewni\u0107 b\u0142yskawiczne pr\u0119dko\u015bci odczytu i zapisu, zapewniaj\u0105c szybkie \u0142adowanie i p\u0142ynne dzia\u0142anie ulubionych gier i aplikacji.  <\/p>\n\n<p>Przy zaledwie 22 mm x 30 mm, BiWin 22*30 jest jednym z najmniejszych dysk\u00f3w SSD NVMe dost\u0119pnych obecnie na rynku. Ale nie daj si\u0119 zwie\u015b\u0107 jego kompaktowym rozmiarom &#8211; ten SSD ma powa\u017cny cios! Dzi\u0119ki pr\u0119dko\u015bci odczytu do 3500 MB\/s i zapisu do 3000 MB\/s, jest on w stanie nad\u0105\u017cy\u0107 nawet za najbardziej wymagaj\u0105cymi grami i aplikacjami.  <\/p>\n\n<p>Jedn\u0105 z najwi\u0119kszych zalet BiWin 2230<em>jest jego kompatybilno\u015b\u0107 zar\u00f3wno z GPD WIN MAX 2, jak i Valve&#8217;s Steam Deck. Je\u015bli chcesz zmodernizowa\u0107 pami\u0119\u0107 masow\u0105 na jednym z tych urz\u0105dze\u0144, BiWin 22<\/em>30 jest idealnym wyborem. Wystarczy zainstalowa\u0107 dysk SSD w gnie\u017adzie NVMe urz\u0105dzenia i gotowe! <\/p>\n\n<p>Kolejn\u0105 zalet\u0105 BiWin 22*30 jest jego kompatybilno\u015b\u0107 z szerok\u0105 gam\u0105 system\u00f3w operacyjnych, w tym Windows, Linux i macOS. Sprawia to, \u017ce jest to wszechstronny wyb\u00f3r dla ka\u017cdego, kto chce zmodernizowa\u0107 swoj\u0105 pami\u0119\u0107 masow\u0105, niezale\u017cnie od u\u017cywanego systemu. <\/p>\n\n<p>Oczywi\u015bcie jednym z najlepszych miejsc do zakupu BiWin 22*30 jest sklep GPD. Jako wiod\u0105cy sprzedawca produkt\u00f3w GPD, sklep GPD Store jest idealnym miejscem do znalezienia wszystkich akcesori\u00f3w i ulepsze\u0144 potrzebnych do maksymalnego wykorzystania mo\u017cliwo\u015bci GPD WIN MAX 2 lub Steam Deck. A dzi\u0119ki szybkiej wysy\u0142ce, \u015bwietnym cenom i najwy\u017cszej jako\u015bci obs\u0142udze klienta, mo\u017cesz robi\u0107 zakupy z pewno\u015bci\u0105, wiedz\u0105c, \u017ce otrzymujesz najlepsz\u0105 mo\u017cliw\u0105 ofert\u0119.  <\/p>\n\n<p>Je\u015bli wi\u0119c szukasz wysokowydajnego dysku SSD NVMe do swojego GPD WIN MAX 2 lub Steam Deck, nie szukaj dalej ni\u017c BiWin 22*30. Dzi\u0119ki niewielkim rozmiarom, b\u0142yskawicznym pr\u0119dko\u015bciom i szerokiej kompatybilno\u015bci, jest to idealny wyb\u00f3r dla ka\u017cdego, kto chce przenie\u015b\u0107 swoje wra\u017cenia z gier i komputer\u00f3w na wy\u017cszy poziom. A dzi\u0119ki sklepowi GPD Store wystarczy jedno klikni\u0119cie, aby uzyska\u0107 produkty potrzebne do osi\u0105gni\u0119cia sukcesu!  <\/p>\n","protected":false},"excerpt":{"rendered":"<ul>\n<li>Kompatybilno\u015b\u0107 z Valve Steam Deck, GPD WIN MAX 2, GPD WIN 4<\/li>\n<li>Do 3200 MB\/s odczytu | 2600 MB\/s zapisu<\/li>\n<li>0,107 ms op\u00f3\u017anienia odczytu | 0,109 ms op\u00f3\u017anienia zapisu<\/li>\n<li>Obs\u0142uga funkcji Garbage Collection, TRIM i Modern Standby<\/li>\n<\/ul>\n[cg_accordion title=\"INFORMACJE O P\u0141ATNO\u015aCIACH\"]<\/p>\n<p>Korzystamy z najnowszej technologii przetwarzania p\u0142atno\u015bci, kt\u00f3ra umo\u017cliwia dokonywanie p\u0142atno\u015bci za po\u015brednictwem Apple Pay, Google Pay, karty debetowej\/kredytowej, PayPal lub metod BNPL, takich jak Klarna, Affirm lub AfterPay, zapewniaj\u0105c szybkie i bezpieczne do\u015bwiadczenie.[\/cg_accordion]\n[cg_accordion title=\"GWARANCJA\"]<\/p>\n<p>2 lata gwarancji od <a href=\"https:\/\/droix.net\/\" target=\"_blank\" rel=\"nofollow noopener\">DROIX<\/a> Global dla Twojego spokoju ducha[\/cg_accordion]\n[cg_accordion title=\"CENY, PODATKI I WYSY\u0141KA\"]<\/p>\n<p><strong><u>Uwaga:<\/u><\/strong><\/p>\n<ul>\n<li>Klienci ze Stan\u00f3w Zjednoczonych: Wy\u015bwietlana cena NIE ZAWIERA PODATKU ani c\u0142a. Odpowiedzialno\u015b\u0107 za odpraw\u0119 celn\u0105 i zap\u0142at\u0119 wszelkich powi\u0105zanych podatk\u00f3w \/ ce\u0142 spoczywa na kliencie. <\/li>\n<li>Klienci z UE: Wy\u015bwietlana cena zawiera obowi\u0105zuj\u0105cy PODATEK, kt\u00f3ry mo\u017ce wynosi\u0107 do 25% w zale\u017cno\u015bci od kraju.<\/li>\n<li>Klienci z Kanady: Wy\u015bwietlana cena zawiera obowi\u0105zuj\u0105ce podatki, kt\u00f3re mog\u0105 obejmowa\u0107 5% GST i dodatkowe prowincjonalne podatki od sprzeda\u017cy (PST), zharmonizowany podatek od sprzeda\u017cy (HST) lub podatek od sprzeda\u017cy w Quebecu (QST), w zale\u017cno\u015bci od prowincji.<\/li>\n<\/ul>\n<p><strong>TYLKO dla klient\u00f3w z UE:<\/strong> Express DDP (Delivered Duty Paid). Oznacza to: <\/p>\n<ul>\n<li>Wszystkie op\u0142aty celne i podatki s\u0105 wliczone w cen\u0119 wy\u015bwietlan\u0105 na stronie produktu.<\/li>\n<li>Przy dostawie nie trzeba b\u0119dzie uiszcza\u0107 \u017cadnych dodatkowych op\u0142at.<\/li>\n<li>W rzadkich przypadkach zwi\u0105zanych z kwestiami celnymi nasz zesp\u00f3\u0142 zajmie si\u0119 procesem odprawy celnej w Twoim imieniu, aby zapewni\u0107 sprawn\u0105 dostaw\u0119.<\/li>\n<p>Wa\u017cne informacje dotycz\u0105ce zwrot\u00f3w:<\/p>\n<li>Je\u015bli zdecydujesz si\u0119 zwr\u00f3ci\u0107 zam\u00f3wienie lub za\u017c\u0105da\u0107 zwrotu pieni\u0119dzy, pami\u0119taj, \u017ce podatki i c\u0142a zap\u0142acone w Twoim imieniu zgodnie z warunkami DDP nie mog\u0105 zosta\u0107 zwr\u00f3cone.<\/li>\n<p>Szczeg\u00f3\u0142owe informacje mo\u017cna znale\u017a\u0107 w naszym <a href=\"https:\/\/gpdstore.net\/pl\/terms-of-service\/\" target=\"_blank\" rel=\"nofollow noopener\">Regulaminie<\/a>.\n<\/ul>\n<p>[\/cg_accordion]\n[cg_accordion title=\"OBS\u0141UGA KLIENTA\"]<\/p>\n<p>Masz pytanie? Wystarczy kr\u00f3tka wiadomo\u015b\u0107 tekstowa, aby rozwi\u0105za\u0107 Tw\u00f3j problem!<br \/>\n[\/cg_accordion]\n[cg_accordion title=\"CO ZAWIERA\"]<\/p>\n<ul>\n<li>1x BiWIN 2230 NVMe<\/li>\n<\/ul>\n<p>[\/cg_accordion]\n","protected":false},"featured_media":7574,"template":"","meta":{"_acf_changed":false},"product_brand":[],"product_cat":[1226],"product_tag":[3952],"woo-feed-brand":[],"class_list":{"0":"post-7572","1":"product","2":"type-product","3":"status-publish","4":"has-post-thumbnail","6":"product_cat-akcesoria","7":"product_tag-hardware-pl","8":"product_shipping_class-low-end","9":"pa_accessory-type-dodatki","10":"pa_brand-biwin","12":"first","13":"outofstock","14":"sold-individually","15":"taxable","16":"shipping-taxable","17":"purchasable","18":"product-type-simple"},"acf":[],"aioseo_notices":[],"_links":{"self":[{"href":"https:\/\/gpdstore.net\/pl\/wp-json\/wp\/v2\/product\/7572","targetHints":{"allow":["GET"]}}],"collection":[{"href":"https:\/\/gpdstore.net\/pl\/wp-json\/wp\/v2\/product"}],"about":[{"href":"https:\/\/gpdstore.net\/pl\/wp-json\/wp\/v2\/types\/product"}],"wp:featuredmedia":[{"embeddable":true,"href":"https:\/\/gpdstore.net\/pl\/wp-json\/wp\/v2\/media\/7574"}],"wp:attachment":[{"href":"https:\/\/gpdstore.net\/pl\/wp-json\/wp\/v2\/media?parent=7572"}],"wp:term":[{"taxonomy":"product_brand","embeddable":true,"href":"https:\/\/gpdstore.net\/pl\/wp-json\/wp\/v2\/product_brand?post=7572"},{"taxonomy":"product_cat","embeddable":true,"href":"https:\/\/gpdstore.net\/pl\/wp-json\/wp\/v2\/product_cat?post=7572"},{"taxonomy":"product_tag","embeddable":true,"href":"https:\/\/gpdstore.net\/pl\/wp-json\/wp\/v2\/product_tag?post=7572"},{"taxonomy":"woo-feed-brand","embeddable":true,"href":"https:\/\/gpdstore.net\/pl\/wp-json\/wp\/v2\/woo-feed-brand?post=7572"}],"curies":[{"name":"wp","href":"https:\/\/api.w.org\/{rel}","templated":true}]}}