{"id":7505,"date":"2023-03-26T17:20:14","date_gmt":"2023-03-26T17:20:14","guid":{"rendered":"https:\/\/gpdstore.net\/bez-kategorii\/gpd-win-max-2-gaming-handheld-pc\/"},"modified":"2026-04-02T03:46:51","modified_gmt":"2026-04-02T03:46:51","slug":"gpd-win-max-2","status":"publish","type":"product","link":"https:\/\/gpdstore.net\/pl\/product\/gpd-win-max-2\/","title":{"rendered":"GPD WIN MAX 2 Gaming Handheld PC"},"content":{"rendered":"\n<p>GPD WIN MAX 2, dost\u0119pny w GPD Store, to imponuj\u0105cy Ultrabook, kt\u00f3ry \u0142\u0105czy prac\u0119 i zabaw\u0119 w jednym urz\u0105dzeniu. Ten przeno\u015bny komputer do gier mo\u017ce pochwali\u0107 si\u0119 wysokowydajnym procesorem AMD Ryzen 7 6800U z o\u015bmioma rdzeniami i szesnastoma w\u0105tkami, zdolnym do osi\u0105gni\u0119cia do 4,7 GHz mi\u0119dzy konfigurowalnym TDP 15W-28W. Karta graficzna AMD Radeon 680M zapewnia do 2,2 GHz mocy, gwarantuj\u0105c p\u0142ynn\u0105 grafik\u0119 na 10,1-calowym ekranie dotykowym IPS.  <\/p>\n\n<p>Mierz\u0105cy 8,9 x 6,2 x 0,9 cala (22,7 \u00d7 16,0 \u00d7 2,3 cm) i wa\u017c\u0105cy nieco ponad kilogram, GPD WIN MAX 2 jest bardzo przeno\u015bny i z \u0142atwo\u015bci\u0105 zmie\u015bci si\u0119 w torbie na laptopa lub walizce. Ten przeno\u015bny komputer do gier obs\u0142uguje do 32 GB pami\u0119ci RAM LPDDR5-6400 MT\/s i do 2 TB SSD, z dodatkowym gniazdem z ty\u0142u na dysk SSD m.2 PCIe 3.0 o pojemno\u015bci do 2 TB.  <\/p>\n\n<p>GPD WIN MAX 2 jest r\u00f3wnie\u017c wyposa\u017cona w pe\u0142ne sterowanie do gier, w tym podw\u00f3jne dr\u0105\u017cki analogowe z czujnikiem efektu halla, gamingowy D-Pad i spusty z efektem halla. Z ty\u0142u znajduj\u0105 si\u0119 nawet dwa dodatkowe przyciski, kt\u00f3re mo\u017cna skonfigurowa\u0107 wed\u0142ug w\u0142asnych upodoba\u0144. Ultrabook ten oferuje r\u00f3wnie\u017c szybkie WiFi 6 i Bluetooth 5.2, z opcjonaln\u0105 obs\u0142ug\u0105 4G LTE dla danych mobilnych.  <\/p>\n\n<p>GPD WIN MAX 2 jest zasilany bateri\u0105 litowo-polimerow\u0105 o pojemno\u015bci 67 Wh, kt\u00f3ra zapewnia do 14 godzin lekkiego u\u017cytkowania, 6-8 godzin umiarkowanego u\u017cytkowania i 3 godziny intensywnego u\u017cytkowania. Ponadto dzi\u0119ki portowi Thunderbolt 4 mo\u017cna pod\u0142\u0105czy\u0107 zewn\u0119trzn\u0105 kart\u0119 graficzn\u0105 (eGPU), aby uzyska\u0107 jeszcze szybsz\u0105 wydajno\u015b\u0107. Dost\u0119pne jest nawet wbudowane z\u0142\u0105cze HDMI 2.1 do wy\u015bwietlania obrazu na dw\u00f3ch monitorach.  <\/p>\n\n<p>Og\u00f3lnie rzecz bior\u0105c, GPD WIN MAX 2 to wyj\u0105tkowy przeno\u015bny komputer do gier, kt\u00f3ry p\u0142ynnie przechodzi mi\u0119dzy prac\u0105 a zabaw\u0105, z doskona\u0142ym czasem pracy na baterii. Niezale\u017cnie od tego, czy pracujesz nad wymagaj\u0105cymi dokumentami biurowymi, czy te\u017c oddajesz si\u0119 ulubionym grom AAA, ten ultrabook zapewni Ci ochron\u0119. <\/p>\n\n<p><\/p>\n","protected":false},"excerpt":{"rendered":"<ul>\n<li>AMD <strong>Ryzen 7 6800U<\/strong> @2.7GHz TDP 15-28W<\/li>\n<li>AMD Radeon 680M <strong>12 procesor\u00f3w @2200 MHz<\/strong><\/li>\n<li><strong>do 32 GB LPDDR5-6400 MT\/s<\/strong><\/li>\n<li>Szybkie dyski SSD PCI-E <strong>NVMe<\/strong> <strong>o<\/strong> pojemno\u015bci <strong>do 2 TB<\/strong> <\/li>\n<li>Obs\u0142uga WiFi 6 i Bluetooth <strong>5.2<\/strong>  <\/li>\n<\/ul>\n[cg_accordion title=\"INFORMACJE O P\u0141ATNO\u015aCIACH\"]<\/p>\n<p>Korzystamy z najnowszej technologii przetwarzania p\u0142atno\u015bci, kt\u00f3ra umo\u017cliwia szybkie i bezpieczne dokonywanie p\u0142atno\u015bci za pomoc\u0105 karty debetowej\/kredytowej lub PayPal.[\/cg_accordion]\n[cg_accordion title=\"GWARANCJA\"]<\/p>\n<p>2 lata gwarancji od <a href=\"https:\/\/droix.net\/\" target=\"_blank\" rel=\"nofollow noopener\">DROIX<\/a> Global dla Twojego spokoju ducha[\/cg_accordion]\n[cg_accordion title=\"CENY, PODATKI I WYSY\u0141KA\"]<\/p>\n<p><strong><u>Uwaga:<\/u><\/strong><\/p>\n<ul>\n<li>Klienci ze Stan\u00f3w Zjednoczonych: Wy\u015bwietlana cena NIE ZAWIERA PODATKU ani c\u0142a. Odpowiedzialno\u015b\u0107 za odpraw\u0119 celn\u0105 i zap\u0142at\u0119 wszelkich powi\u0105zanych podatk\u00f3w \/ ce\u0142 spoczywa na kliencie. <\/li>\n<li>Klienci z UE: Wy\u015bwietlana cena zawiera obowi\u0105zuj\u0105cy PODATEK, kt\u00f3ry mo\u017ce wynosi\u0107 do 25% w zale\u017cno\u015bci od kraju.<\/li>\n<li>Klienci z Kanady: Wy\u015bwietlana cena zawiera obowi\u0105zuj\u0105ce podatki, kt\u00f3re mog\u0105 obejmowa\u0107 5% GST i dodatkowe prowincjonalne podatki od sprzeda\u017cy (PST), zharmonizowany podatek od sprzeda\u017cy (HST) lub podatek od sprzeda\u017cy w Quebecu (QST), w zale\u017cno\u015bci od prowincji.<\/li>\n<\/ul>\n<p><strong>TYLKO dla klient\u00f3w z UE:<\/strong> Express DDP (Delivered Duty Paid). Oznacza to: <\/p>\n<ul>\n<li>Wszystkie op\u0142aty celne i podatki s\u0105 wliczone w cen\u0119 wy\u015bwietlan\u0105 na stronie produktu.<\/li>\n<li>Przy dostawie nie trzeba b\u0119dzie uiszcza\u0107 \u017cadnych dodatkowych op\u0142at.<\/li>\n<li>W rzadkich przypadkach zwi\u0105zanych z kwestiami celnymi nasz zesp\u00f3\u0142 zajmie si\u0119 procesem odprawy celnej w Twoim imieniu, aby zapewni\u0107 sprawn\u0105 dostaw\u0119.<\/li>\n<p>Wa\u017cne informacje dotycz\u0105ce zwrot\u00f3w:<\/p>\n<li>Je\u015bli zdecydujesz si\u0119 zwr\u00f3ci\u0107 zam\u00f3wienie lub za\u017c\u0105da\u0107 zwrotu pieni\u0119dzy, pami\u0119taj, \u017ce podatki i c\u0142a zap\u0142acone w Twoim imieniu zgodnie z warunkami DDP nie mog\u0105 zosta\u0107 zwr\u00f3cone.<\/li>\n<p>Szczeg\u00f3\u0142owe informacje mo\u017cna znale\u017a\u0107 w naszym <a href=\"https:\/\/droix.net\/terms-and-conditions\/\" target=\"_blank\" rel=\"nofollow noopener\">Regulaminie<\/a>.\n<\/ul>\n<p>[\/cg_accordion]\n[cg_accordion title=\"OBS\u0141UGA KLIENTA\"]<\/p>\n<p>Masz pytanie? Wystarczy kr\u00f3tka wiadomo\u015b\u0107 tekstowa, aby rozwi\u0105za\u0107 Tw\u00f3j problem! <\/p>\n<p>Szczeg\u00f3\u0142owe informacje mo\u017cna znale\u017a\u0107 w naszym <a href=\"https:\/\/gpdstore.net\/pl\/terms-of-service\/\" target=\"_blank\" rel=\"nofollow noopener\">Regulaminie<\/a>.\n<\/ul>\n<p>[\/cg_accordion]\n[cg_accordion title=\"CO ZAWIERA\"]<\/p>\n<ul>\n<li>1x GPD WIN MAX 2<\/li>\n<li>1x Zasilacz<\/li>\n<li>1x Kabel USB typu C<\/li>\n<li>1x Instrukcja obs\u0142ugi<\/li>\n<\/ul>\n<p>[\/cg_accordion]\n","protected":false},"featured_media":7507,"template":"","meta":{"_acf_changed":false},"product_brand":[],"product_cat":[775],"product_tag":[2200],"woo-feed-brand":[779],"class_list":{"0":"post-7505","1":"product","2":"type-product","3":"status-publish","4":"has-post-thumbnail","6":"product_cat-gpd-handheld-pc-do-gier","7":"product_tag-gpd-win-max-2-pl","8":"product_shipping_class-premium","9":"pa_bluetooth-5-2-pl","10":"pa_display-type-h-ips-pl","11":"pa_graphics-gpu-model-radeon-680m-pl","12":"pa_i-o-video-1x-hdmi-2-1-pl","13":"pa_i-o-video-przez-1x-usb-4-0-type-c-40-gb-s","14":"pa_memory-ram-capacity-16-gb-pl","15":"pa_memory-ram-capacity-32-gb-pl","16":"pa_memory-ram-technology-lpddr5-pl","17":"pa_processor-cpu-model-ryzen-7-6800u","18":"pa_storage-capacity-1tb-pl","19":"pa_storage-capacity-2tb-pl","20":"pa_wi-fi-wi-fi-6-pl","21":"woo-feed-brand-gpd-pl","23":"first","24":"outofstock","25":"taxable","26":"shipping-taxable","27":"purchasable","28":"product-type-variable","29":"has-default-attributes"},"acf":[],"aioseo_notices":[],"_links":{"self":[{"href":"https:\/\/gpdstore.net\/pl\/wp-json\/wp\/v2\/product\/7505","targetHints":{"allow":["GET"]}}],"collection":[{"href":"https:\/\/gpdstore.net\/pl\/wp-json\/wp\/v2\/product"}],"about":[{"href":"https:\/\/gpdstore.net\/pl\/wp-json\/wp\/v2\/types\/product"}],"wp:featuredmedia":[{"embeddable":true,"href":"https:\/\/gpdstore.net\/pl\/wp-json\/wp\/v2\/media\/7507"}],"wp:attachment":[{"href":"https:\/\/gpdstore.net\/pl\/wp-json\/wp\/v2\/media?parent=7505"}],"wp:term":[{"taxonomy":"product_brand","embeddable":true,"href":"https:\/\/gpdstore.net\/pl\/wp-json\/wp\/v2\/product_brand?post=7505"},{"taxonomy":"product_cat","embeddable":true,"href":"https:\/\/gpdstore.net\/pl\/wp-json\/wp\/v2\/product_cat?post=7505"},{"taxonomy":"product_tag","embeddable":true,"href":"https:\/\/gpdstore.net\/pl\/wp-json\/wp\/v2\/product_tag?post=7505"},{"taxonomy":"woo-feed-brand","embeddable":true,"href":"https:\/\/gpdstore.net\/pl\/wp-json\/wp\/v2\/woo-feed-brand?post=7505"}],"curies":[{"name":"wp","href":"https:\/\/api.w.org\/{rel}","templated":true}]}}