{"id":7404,"date":"2023-03-24T16:14:32","date_gmt":"2023-03-24T16:14:32","guid":{"rendered":"https:\/\/gpdstore.net\/bez-kategorii\/gpd-win-3-4-hardshell-case\/"},"modified":"2025-12-23T10:33:22","modified_gmt":"2025-12-23T10:33:22","slug":"gpd-win-3-4-hardshell-case","status":"publish","type":"product","link":"https:\/\/gpdstore.net\/pl\/product\/gpd-win-3-4-hardshell-case\/","title":{"rendered":"GPD WIN 3\/4 Hardshell Case"},"content":{"rendered":"\n<p>Chro\u0144 swoje komputery przeno\u015bne do gier GPD WIN 3 i GPD WIN 4 dzi\u0119ki naszemu wytrzyma\u0142emu, lekkiemu i stylowemu etui ochronnemu typu hardshell. Wykonane z wysokiej jako\u015bci materia\u0142\u00f3w etui zapewnia doskona\u0142\u0105 ochron\u0119 przed uderzeniami, zadrapaniami i uszkodzeniami zewn\u0119trznymi. Posiada mi\u0119kk\u0105 wewn\u0119trzn\u0105 wy\u015bci\u00f3\u0142k\u0119 i bezpieczne zamkni\u0119cie na zamek b\u0142yskawiczny, dzi\u0119ki czemu jest idealnym akcesorium do palmtopa do gier PC.  <\/p>\n","protected":false},"excerpt":{"rendered":"<ul>\n<li><strong>Oficjalne<\/strong> etui ochronne GPD dla GPD Win 3\/4<\/li>\n<li><strong>Wytrzyma\u0142a<\/strong> zewn\u0119trzna pow\u0142oka z polimeru syntetycznego<\/li>\n<li>Podszewka z mi\u0119kkiego materia\u0142u dla <strong>dodatkowej ochrony<\/strong>.<\/li>\n<li><strong>Oddzielna przegroda siatkowa<\/strong> na urz\u0105dzenia peryferyjne.<\/li>\n<li>Elegancka konstrukcja z bezpiecznym zapi\u0119ciem na suwak.<\/li>\n<\/ul>\n[cg_accordion title=\"INFORMACJE O P\u0141ATNO\u015aCIACH\"]<\/p>\n<p>Korzystamy z najnowszej technologii przetwarzania p\u0142atno\u015bci, kt\u00f3ra umo\u017cliwia dokonywanie p\u0142atno\u015bci za po\u015brednictwem Apple Pay, Google Pay, karty debetowej\/kredytowej, PayPal lub metod BNPL, takich jak Klarna, Affirm lub AfterPay, zapewniaj\u0105c szybkie i bezpieczne do\u015bwiadczenie.[\/cg_accordion]\n[cg_accordion title=\"GWARANCJA\"]<\/p>\n<p>2 lata gwarancji od <a href=\"https:\/\/droix.net\/\" target=\"_blank\" rel=\"nofollow noopener\">DROIX<\/a> Global dla Twojego spokoju ducha[\/cg_accordion]\n[cg_accordion title=\"CENY, PODATKI I WYSY\u0141KA\"]<\/p>\n<p><strong><u>Uwaga:<\/u><\/strong><\/p>\n<ul>\n<li>Klienci ze Stan\u00f3w Zjednoczonych: Wy\u015bwietlana cena NIE ZAWIERA PODATKU ani c\u0142a. Odpowiedzialno\u015b\u0107 za odpraw\u0119 celn\u0105 i zap\u0142at\u0119 wszelkich powi\u0105zanych podatk\u00f3w \/ ce\u0142 spoczywa na kliencie. <\/li>\n<li>Klienci z UE: Wy\u015bwietlana cena zawiera obowi\u0105zuj\u0105cy PODATEK, kt\u00f3ry mo\u017ce wynosi\u0107 do 25% w zale\u017cno\u015bci od kraju.<\/li>\n<li>Klienci z Kanady: Wy\u015bwietlana cena zawiera obowi\u0105zuj\u0105ce podatki, kt\u00f3re mog\u0105 obejmowa\u0107 5% GST i dodatkowe prowincjonalne podatki od sprzeda\u017cy (PST), zharmonizowany podatek od sprzeda\u017cy (HST) lub podatek od sprzeda\u017cy w Quebecu (QST), w zale\u017cno\u015bci od prowincji.<\/li>\n<\/ul>\n<p><strong>TYLKO dla klient\u00f3w z UE:<\/strong> Express DDP (Delivered Duty Paid). Oznacza to: <\/p>\n<ul>\n<li>Wszystkie op\u0142aty celne i podatki s\u0105 wliczone w cen\u0119 wy\u015bwietlan\u0105 na stronie produktu.<\/li>\n<li>Przy dostawie nie trzeba b\u0119dzie uiszcza\u0107 \u017cadnych dodatkowych op\u0142at.<\/li>\n<li>W rzadkich przypadkach zwi\u0105zanych z kwestiami celnymi nasz zesp\u00f3\u0142 zajmie si\u0119 procesem odprawy celnej w Twoim imieniu, aby zapewni\u0107 sprawn\u0105 dostaw\u0119.<\/li>\n<p>Wa\u017cne informacje dotycz\u0105ce zwrot\u00f3w:<\/p>\n<li>Je\u015bli zdecydujesz si\u0119 zwr\u00f3ci\u0107 zam\u00f3wienie lub za\u017c\u0105da\u0107 zwrotu pieni\u0119dzy, pami\u0119taj, \u017ce podatki i c\u0142a zap\u0142acone w Twoim imieniu zgodnie z warunkami DDP nie mog\u0105 zosta\u0107 zwr\u00f3cone.<\/li>\n<p>Szczeg\u00f3\u0142owe informacje mo\u017cna znale\u017a\u0107 w naszym <a href=\"https:\/\/gpdstore.net\/pl\/terms-of-service\/\" target=\"_blank\" rel=\"nofollow noopener\">Regulaminie<\/a>.\n<\/ul>\n<p>[\/cg_accordion]\n[cg_accordion title=\"OBS\u0141UGA KLIENTA\"]<\/p>\n<p>Masz pytanie? Wystarczy kr\u00f3tka wiadomo\u015b\u0107 tekstowa, aby rozwi\u0105za\u0107 Tw\u00f3j problem!<br \/>\n[\/cg_accordion]\n[cg_accordion title=\"CO ZAWIERA\"]<\/p>\n<ul>\n<li>1x Etui GPD WIN 3\/4<\/li>\n<\/ul>\n<p>[\/cg_accordion]\n","protected":false},"featured_media":7406,"template":"","meta":{"_acf_changed":false},"product_brand":[],"product_cat":[1226],"product_tag":[3852],"woo-feed-brand":[779],"class_list":{"0":"post-7404","1":"product","2":"type-product","3":"status-publish","4":"has-post-thumbnail","6":"product_cat-akcesoria","7":"product_tag-gpd-win-3-accessory-pl","8":"product_shipping_class-low-end","9":"pa_accessory-type-etui-ochronne","10":"pa_brand-gpd","11":"woo-feed-brand-gpd-pl","13":"first","14":"outofstock","15":"taxable","16":"shipping-taxable","17":"purchasable","18":"product-type-simple"},"acf":[],"aioseo_notices":[],"_links":{"self":[{"href":"https:\/\/gpdstore.net\/pl\/wp-json\/wp\/v2\/product\/7404","targetHints":{"allow":["GET"]}}],"collection":[{"href":"https:\/\/gpdstore.net\/pl\/wp-json\/wp\/v2\/product"}],"about":[{"href":"https:\/\/gpdstore.net\/pl\/wp-json\/wp\/v2\/types\/product"}],"wp:featuredmedia":[{"embeddable":true,"href":"https:\/\/gpdstore.net\/pl\/wp-json\/wp\/v2\/media\/7406"}],"wp:attachment":[{"href":"https:\/\/gpdstore.net\/pl\/wp-json\/wp\/v2\/media?parent=7404"}],"wp:term":[{"taxonomy":"product_brand","embeddable":true,"href":"https:\/\/gpdstore.net\/pl\/wp-json\/wp\/v2\/product_brand?post=7404"},{"taxonomy":"product_cat","embeddable":true,"href":"https:\/\/gpdstore.net\/pl\/wp-json\/wp\/v2\/product_cat?post=7404"},{"taxonomy":"product_tag","embeddable":true,"href":"https:\/\/gpdstore.net\/pl\/wp-json\/wp\/v2\/product_tag?post=7404"},{"taxonomy":"woo-feed-brand","embeddable":true,"href":"https:\/\/gpdstore.net\/pl\/wp-json\/wp\/v2\/woo-feed-brand?post=7404"}],"curies":[{"name":"wp","href":"https:\/\/api.w.org\/{rel}","templated":true}]}}