{"id":6901,"date":"2024-08-22T08:22:33","date_gmt":"2024-08-22T08:22:33","guid":{"rendered":"https:\/\/gpdstore.net\/bez-kategorii\/mini-laptop-gpd-p2-max-2022\/"},"modified":"2025-12-23T10:07:34","modified_gmt":"2025-12-23T10:07:34","slug":"gpd-p2-max-2022-mini-laptop","status":"publish","type":"product","link":"https:\/\/gpdstore.net\/pl\/product\/gpd-p2-max-2022-mini-laptop\/","title":{"rendered":"GPD P2 Max Mini laptop 2022"},"content":{"rendered":"\n<figure class=\"wp-block-image aligncenter\"><a href=\"https:\/\/droix.net\/wp-content\/uploads\/2022\/01\/GPD-P2-MAX-2022-MARKETING-IMAGE-1.png\"><img decoding=\"async\" src=\"https:\/\/droix.net\/wp-content\/uploads\/2022\/01\/GPD-P2-MAX-2022-MARKETING-IMAGE-1.png\" alt=\"GPD P2 Max Ultrabook 2022 z rysikiem\" class=\"wp-image-10581\"\/><\/a><\/figure>\n\n<figure class=\"wp-block-image aligncenter\"><a href=\"https:\/\/droix.net\/wp-content\/uploads\/2022\/01\/GPD-P2-MAX-2022-MARKETING-IMAGE-2.png\"><img decoding=\"async\" src=\"https:\/\/droix.net\/wp-content\/uploads\/2022\/01\/GPD-P2-MAX-2022-MARKETING-IMAGE-2.png\" alt=\"GPD P2 Max Ultrabook 2022 z klawiatur&#x105;\" class=\"wp-image-10582\"\/><\/a><\/figure>\n\n<figure class=\"wp-block-image aligncenter\"><a href=\"https:\/\/droix.net\/wp-content\/uploads\/2022\/01\/GPD-P2-MAX-2022-MARKETING-IMAGE-3.png\"><img decoding=\"async\" src=\"https:\/\/droix.net\/wp-content\/uploads\/2022\/01\/GPD-P2-MAX-2022-MARKETING-IMAGE-3.png\" alt=\"GPD P2 Max Ultrabook 2022 z czujnikiem linii papilarnych\" class=\"wp-image-10583\"\/><\/a><\/figure>\n\n<figure class=\"wp-block-image aligncenter\"><a href=\"https:\/\/droix.net\/wp-content\/uploads\/2022\/01\/GPD-P2-MAX-2022-MARKETING-IMAGE-4.png\"><img decoding=\"async\" src=\"https:\/\/droix.net\/wp-content\/uploads\/2022\/01\/GPD-P2-MAX-2022-MARKETING-IMAGE-4.png\" alt=\"GPD P2 Max Ultrabook 2022 pokazuj&#x105;cy procesor\" class=\"wp-image-10584\"\/><\/a><\/figure>\n\n<figure class=\"wp-block-image aligncenter\"><a href=\"https:\/\/droix.net\/wp-content\/uploads\/2022\/01\/GPD-P2-MAX-2022-MARKETING-IMAGE-5.png\"><img decoding=\"async\" src=\"https:\/\/droix.net\/wp-content\/uploads\/2022\/01\/GPD-P2-MAX-2022-MARKETING-IMAGE-5.png\" alt=\"GPD P2 Max Ultrabook 2022 pokazuj&#x105;cy usb c\" class=\"wp-image-10585\"\/><\/a><\/figure>\n\n<p><span data-contrast=\"none\">Nadesz\u0142o od\u015bwie\u017cenie popularnego ultrabooka! Na scen\u0119 wkracza <strong>GPD P2 Max 2022<\/strong> z szeregiem ulepsze\u0144, kt\u00f3re sprawiaj\u0105, \u017ce jest on aktualny i odpowiedni w obecnych czasach! To idealny towarzysz d\u0142ugich dojazd\u00f3w do pracy, podr\u00f3\u017cuj\u0105cego pisarza i wszystkich innych sytuacji.  <\/span><\/p>\n\n<p><span data-contrast=\"none\">Sercem <strong>P2 Max 2022<\/strong> jest procesor Intel Pentium N6000. Ten czterordzeniowy procesor \u0142\u0105czy w sobie energooszcz\u0119dno\u015b\u0107 z przyzwoit\u0105 wydajno\u015bci\u0105. Wygodnie radzi sobie z codziennymi zadaniami.  <\/span><\/p>\n\n<p><span data-contrast=\"none\"><strong>16 GB pami\u0119ci RAM LPDDR4x<\/strong> zapewnia stabiln\u0105 i niezawodn\u0105 wydajno\u015b\u0107 podczas pracy wielozadaniowej i produkcji\/edycji tre\u015bci. W po\u0142\u0105czeniu z <strong>1 TB szybkiej<\/strong> pami\u0119ci masowej <strong>NVMe<\/strong> otrzymujemy niezwykle elastyczn\u0105, a jednocze\u015bnie wysoce przeno\u015bn\u0105 stacj\u0119 robocz\u0105. <\/span><\/p>\n\n<p><span data-contrast=\"none\">Sporych rozmiar\u00f3w <strong>wy\u015bwietlacz o przek\u0105tnej 8,9 cala<\/strong> oferuje rozdzielczo\u015b\u0107 2560x1600p, zapewniaj\u0105c wyra\u017any obraz podczas ogl\u0105dania program\u00f3w, zdj\u0119\u0107, film\u00f3w i nie tylko. Ten wy\u015bwietlacz jest r\u00f3wnie\u017c <strong>wra\u017cliwy na dotyk<\/strong> i mo\u017ce by\u0107 nawet u\u017cywany z rysikami! <\/span><\/p>\n\n<p><span data-contrast=\"none\">Je\u015bli chodzi o \u0142\u0105czno\u015b\u0107, ten <strong>mini laptop<\/strong> ma wystarczaj\u0105co du\u017co dost\u0119pnych opcji, nie staj\u0105c si\u0119 zbyt niepor\u0119cznym. Z dwoma portami USB typu A, portem USB typu C, gniazdem audio 3,5 mm   <\/span><strong><span data-contrast=\"none\">oraz<\/span><\/strong><span data-contrast=\"none\">  Dzi\u0119ki portowi Micro HDMI, P2 Max 2022 jest tak samo wygodny na kolanach, jak i pod\u0142\u0105czony do stacji dokuj\u0105cej! Dla tych, kt\u00f3rzy preferuj\u0105 \u0142\u0105czno\u015b\u0107 bezprzewodow\u0105, <strong>GPD P2 Max 20<\/strong> 22 oferuje Wi-Fi 6 dla maksymalnej pr\u0119dko\u015bci i stabilno\u015bci sieci. <\/span>.<\/p>\n\n<p><\/p>\n","protected":false},"excerpt":{"rendered":"<ul>\n<li>Procesor Intel\u00ae Pentium\u00ae Silver N6000<\/li>\n<li><strong>16 GB pami\u0119ci RAM LPDDR4x<\/strong> @2933 MHz<\/li>\n<li><strong>8,9-calowy ekran dotykowy \/ skaner linii papilarnych<\/strong><\/li>\n<li><strong>1 TB<\/strong> pami\u0119ci PCI-E NVMe SSD<\/li>\n<li>Kompatybilny z <strong>Windows 11<\/strong><\/li>\n<\/ul>\n<p> [cg_accordion title=\"INFORMACJE O P\u0141ATNO\u015aCIACH\"] Korzystamy z najnowszej technologii przetwarzania p\u0142atno\u015bci, kt\u00f3ra umo\u017cliwia dokonywanie p\u0142atno\u015bci za po\u015brednictwem Apple Pay, Google Pay, karty debetowej\/kredytowej, PayPal lub metod BNPL, takich jak Klarna, Affirm lub AfterPay, zapewniaj\u0105c szybkie i bezpieczne do\u015bwiadczenie.[\/cg_accordion] [cg_accordion title=\"GWARANCJA\"] 2 lata gwarancji od <a href=\"https:\/\/droix.net\/\" target=\"_blank\" rel=\"nofollow noopener\">DROIX<\/a> Global dla Twojego spokoju ducha[\/cg_accordion] [cg_accordion title=\"PRICING, TAXES AND SHIPPING\"] <strong><u>Uwaga:<\/u><\/strong><\/p>\n<ul>\n<li>Klienci ze Stan\u00f3w Zjednoczonych: Wy\u015bwietlana cena NIE ZAWIERA PODATKU ani c\u0142a. Odpowiedzialno\u015b\u0107 za odpraw\u0119 celn\u0105 i zap\u0142at\u0119 wszelkich powi\u0105zanych podatk\u00f3w \/ ce\u0142 spoczywa na kliencie. <\/li>\n<li>Klienci z UE: Wy\u015bwietlana cena zawiera obowi\u0105zuj\u0105cy PODATEK, kt\u00f3ry mo\u017ce wynosi\u0107 do 25% w zale\u017cno\u015bci od kraju.<\/li>\n<li>Klienci z Kanady: Wy\u015bwietlana cena zawiera obowi\u0105zuj\u0105ce podatki, kt\u00f3re mog\u0105 obejmowa\u0107 5% GST i dodatkowe prowincjonalne podatki od sprzeda\u017cy (PST), zharmonizowany podatek od sprzeda\u017cy (HST) lub podatek od sprzeda\u017cy w Quebecu (QST), w zale\u017cno\u015bci od prowincji.<\/li>\n<\/ul>\n<p><strong>TYLKO dla klient\u00f3w z UE:<\/strong> Express DDP (Delivered Duty Paid). Oznacza to: <\/p>\n<ul>\n<li style=\"list-style-type: none;\">\n<ul>\n<li>Wszystkie op\u0142aty celne i podatki s\u0105 wliczone w cen\u0119 wy\u015bwietlan\u0105 na stronie produktu.<\/li>\n<li>Przy dostawie nie trzeba b\u0119dzie uiszcza\u0107 \u017cadnych dodatkowych op\u0142at.<\/li>\n<li>W rzadkich przypadkach zwi\u0105zanych z kwestiami celnymi nasz zesp\u00f3\u0142 zajmie si\u0119 procesem odprawy celnej w Twoim imieniu, aby zapewni\u0107 sprawn\u0105 dostaw\u0119.<\/li>\n<p>Wa\u017cne informacje dotycz\u0105ce zwrot\u00f3w:<\/p>\n<li>Je\u015bli zdecydujesz si\u0119 zwr\u00f3ci\u0107 zam\u00f3wienie lub za\u017c\u0105da\u0107 zwrotu pieni\u0119dzy, pami\u0119taj, \u017ce podatki i c\u0142a zap\u0142acone w Twoim imieniu zgodnie z warunkami DDP nie mog\u0105 zosta\u0107 zwr\u00f3cone.<\/li>\n<p>Prosimy o zapoznanie si\u0119 z nasz\u0105<\/ul>\n<\/li>\n<\/ul>\n<p><a href=\"https:\/\/gpdstore.net\/pl\/terms-of-service\/\" target=\"_blank\" rel=\"nofollow noopener\">Regulamin<\/a><\/p>\n<ul>w celu uzyskania szczeg\u00f3\u0142owych informacji.<\/ul>\n<p>[\/cg_accordion] [cg_accordion title=\"OBS\u0141UGA KLIENTA\"]  Masz pytanie? Wystarczy kr\u00f3tka wiadomo\u015b\u0107 tekstowa, aby rozwi\u0105za\u0107 Tw\u00f3j problem!   [\/cg_accordion] [cg_accordion title=\"WHAT'S INCLUDED\"]<\/p>\n<ul>\n<li>1x Kabel USB typu C<\/li>\n<li>1x Zasilacz<\/li>\n<li>1x Instrukcja obs\u0142ugi<\/li>\n<\/ul>\n<p>[\/cg_accordion]<\/p>\n","protected":false},"featured_media":6903,"template":"","meta":{"_acf_changed":false},"product_brand":[],"product_cat":[1441,1440],"product_tag":[3481],"woo-feed-brand":[779],"class_list":{"0":"post-6901","1":"product","2":"type-product","3":"status-publish","4":"has-post-thumbnail","6":"product_cat-laptopy","7":"product_cat-mini-laptopy-gpd","8":"product_tag-gpd-p2-max-pl-2","9":"product_shipping_class-premium","10":"pa_bluetooth-5-pl","11":"pa_brand-gpd","12":"pa_display-type-h-ips-pl","13":"pa_graphics-gpu-model-grafika-intel-uhd","14":"pa_i-o-video-przez-1x-usb-3-2-gen-2-type-c","15":"pa_memory-ram-capacity-16-gb-pl","16":"pa_memory-ram-technology-lpddr4x-pl","17":"pa_storage-capacity-1tb-pl","18":"pa_wi-fi-wi-fi-6-pl","19":"woo-feed-brand-gpd-pl","21":"first","22":"outofstock","23":"sale","24":"taxable","25":"shipping-taxable","26":"purchasable","27":"product-type-variable","28":"has-default-attributes"},"acf":[],"aioseo_notices":[],"_links":{"self":[{"href":"https:\/\/gpdstore.net\/pl\/wp-json\/wp\/v2\/product\/6901","targetHints":{"allow":["GET"]}}],"collection":[{"href":"https:\/\/gpdstore.net\/pl\/wp-json\/wp\/v2\/product"}],"about":[{"href":"https:\/\/gpdstore.net\/pl\/wp-json\/wp\/v2\/types\/product"}],"wp:featuredmedia":[{"embeddable":true,"href":"https:\/\/gpdstore.net\/pl\/wp-json\/wp\/v2\/media\/6903"}],"wp:attachment":[{"href":"https:\/\/gpdstore.net\/pl\/wp-json\/wp\/v2\/media?parent=6901"}],"wp:term":[{"taxonomy":"product_brand","embeddable":true,"href":"https:\/\/gpdstore.net\/pl\/wp-json\/wp\/v2\/product_brand?post=6901"},{"taxonomy":"product_cat","embeddable":true,"href":"https:\/\/gpdstore.net\/pl\/wp-json\/wp\/v2\/product_cat?post=6901"},{"taxonomy":"product_tag","embeddable":true,"href":"https:\/\/gpdstore.net\/pl\/wp-json\/wp\/v2\/product_tag?post=6901"},{"taxonomy":"woo-feed-brand","embeddable":true,"href":"https:\/\/gpdstore.net\/pl\/wp-json\/wp\/v2\/woo-feed-brand?post=6901"}],"curies":[{"name":"wp","href":"https:\/\/api.w.org\/{rel}","templated":true}]}}