{"id":6760,"date":"2024-08-12T15:37:31","date_gmt":"2024-08-12T15:37:31","guid":{"rendered":"https:\/\/gpdstore.net\/bez-kategorii\/droix-nt8-clear-usb-hub\/"},"modified":"2025-12-23T10:14:17","modified_gmt":"2025-12-23T10:14:17","slug":"droix-nt8-clear-usb-hub","status":"publish","type":"product","link":"https:\/\/gpdstore.net\/pl\/product\/droix-nt8-clear-usb-hub\/","title":{"rendered":"DroiX NT8 Clear USB Hub"},"content":{"rendered":"\n<h3 class=\"wp-block-heading\">DroiX NT8 Clear USB Hub: Przysz\u0142o\u015b\u0107 krystalicznie czystej \u0142\u0105czno\u015bci!  <\/h3>\n\n<h3 class=\"wp-block-heading\">Do\u015bwiadcz pr\u0119dko\u015bci Gigabit Ethernet  <\/h3>\n\n<p>Masz do\u015b\u0107 powolnego internetu? Wkrocz w przysz\u0142o\u015b\u0107 z koncentratorem USB DroiX NT8 Clear! To nie jest zwyk\u0142y koncentrator &#8211; to brama do niesamowicie szybkiego \u015bwiata 10\/100\/1000M RJ45 Gigabit Ethernet. Niezale\u017cnie od tego, czy przesy\u0142asz strumieniowo w jako\u015bci HD, podbijasz gry online, czy przegl\u0105dasz Internet z wieloma otwartymi kartami, do\u015bwiadczysz b\u0142yskawicznego i stabilnego po\u0142\u0105czenia. Po\u017cegnaj si\u0119 z buforowaniem i op\u00f3\u017anieniami &#8211; wszystko \u0142aduje si\u0119 z pr\u0119dko\u015bci\u0105 teraz!    <\/p>\n\n<h3 class=\"wp-block-heading\">Szybkie i wydajne zasilanie  <\/h3>\n\n<p>W \u015bwiecie, kt\u00f3ry nigdy si\u0119 nie zatrzymuje, Twoje urz\u0105dzenia musz\u0105 nad\u0105\u017ca\u0107. DroiX NT8 zosta\u0142 zaprojektowany z my\u015bl\u0105 o mocy, obs\u0142uguj\u0105c \u0142adowanie PD do 100 W. Niezale\u017cnie od tego, czy \u0142adujesz laptopa, przeno\u015bn\u0105 konsol\u0119 do gier, czy dowolne urz\u0105dzenie USB typu C, ten koncentrator zapewnia szybkie, niezawodne i wydajne \u0142adowanie. Koniec z czekaniem &#8211; twoje urz\u0105dzenia b\u0119d\u0105 zasilane i gotowe do pracy w ka\u017cdej chwili.   <\/p>\n\n<h3 class=\"wp-block-heading\">Osza\u0142amiaj\u0105ca grafika 4K  <\/h3>\n\n<p>Pragniesz krystalicznie czystego obrazu? Hub USB DroiX NT8 Clear zapewnia kinowe wra\u017cenia na wyci\u0105gni\u0119cie r\u0119ki. Dzi\u0119ki wyj\u015bciu wideo HDMI 2.0 mo\u017cesz cieszy\u0107 si\u0119 ultra-ostr\u0105 rozdzielczo\u015bci\u0105 4096&#215;2160 4K przy 60 Hz. Niezale\u017cnie od tego, czy chodzi o prac\u0119, rozrywk\u0119, czy gry, obraz jest tak wyra\u017any i wci\u0105gaj\u0105cy, \u017ce poczujesz si\u0119, jakby\u015b by\u0142 na miejscu akcji.   <\/p>\n\n<h3 class=\"wp-block-heading\">Niezr\u00f3wnana \u0142\u0105czno\u015b\u0107 USB  <\/h3>\n\n<p>Dlaczego ogranicza\u0107 si\u0119 tylko do kilku po\u0142\u0105cze\u0144? Hub USB DroiX NT8 Clear oferuje trzy porty USB Type-A 3.0, dzi\u0119ki czemu mo\u017cesz pod\u0142\u0105czy\u0107 wszystkie swoje urz\u0105dzenia bez \u017cadnych przeszk\u00f3d. Przesy\u0142aj dane z pr\u0119dko\u015bci\u0105 b\u0142yskawicy, pod\u0142\u0105czaj urz\u0105dzenia peryferyjne lub \u0142aduj swoje urz\u0105dzenia &#8211; wszystko to z wszechstronno\u015bci\u0105 i wydajno\u015bci\u0105, kt\u00f3rej wymagasz. Dzi\u0119ki DroiX NT8 jeste\u015b zawsze gotowy do pod\u0142\u0105czenia i pracy.   <\/p>\n\n<h3 class=\"wp-block-heading\">Najnowocze\u015bniejszy kabel USB typu C  <\/h3>\n\n<p>Przysz\u0142o\u015b\u0107 \u0142\u0105czno\u015bci nadesz\u0142a wraz z kablem USB Type-C DroiX NT8. Zaprojektowany z my\u015bl\u0105 o szybszym transferze danych i wydajnym \u0142adowaniu, to nowoczesne rozwi\u0105zanie zapewnia usprawnione, uniwersalne po\u0142\u0105czenie. Kompatybilny z szerok\u0105 gam\u0105 urz\u0105dze\u0144, hub ten jest naprawd\u0119 przysz\u0142o\u015bciow\u0105 inwestycj\u0105, kt\u00f3ra zapewnia \u0142atw\u0105 \u0142\u0105czno\u015b\u0107.  <\/p>\n\n<h3 class=\"wp-block-heading\">Bezproblemowy dost\u0119p do multimedi\u00f3w  <\/h3>\n\n<p>Dost\u0119p do plik\u00f3w multimedialnych w kilka sekund dzi\u0119ki dw\u00f3m czytnikom kart SD w DroiX NT8. Niezale\u017cnie od tego, czy s\u0105 to zdj\u0119cia, filmy czy wa\u017cne dokumenty, czytniki te obs\u0142uguj\u0105 zar\u00f3wno karty Micro SD, jak i SD, oferuj\u0105c pr\u0119dko\u015b\u0107 transferu do 480 Mb\/s. Dzi\u0119ki temu wszystkie niezb\u0119dne dane s\u0105 dost\u0119pne na wyci\u0105gni\u0119cie r\u0119ki, szybko i bezproblemowo.  <\/p>\n\n<h3 class=\"wp-block-heading\">Kompaktowa konstrukcja, ogromny wp\u0142yw  <\/h3>\n\n<p>W \u015bwiecie niepor\u0119cznych gad\u017cet\u00f3w, DroiX NT8 wyr\u00f3\u017cnia si\u0119 eleganck\u0105 i kompaktow\u0105 konstrukcj\u0105. Mierz\u0105c zaledwie 104 x 43 x 13 mm, jest idealnym towarzyszem dla os\u00f3b w ruchu. Niezale\u017cnie od tego, czy jeste\u015b w kawiarni, na spotkaniu, czy w podr\u00f3\u017cy, ten hub jest wystarczaj\u0105co ma\u0142y, aby nosi\u0107 go wsz\u0119dzie, a jednocze\u015bnie wystarczaj\u0105co wydajny, aby wywrze\u0107 du\u017cy wp\u0142yw na Twoje potrzeby w zakresie \u0142\u0105czno\u015bci.  <\/p>\n\n<h3 class=\"wp-block-heading\">Uniwersalna kompatybilno\u015b\u0107  <\/h3>\n\n<p>Hub USB DroiX NT8 Clear jest nie tylko wszechstronny, ale te\u017c uniwersalnie kompatybilny. Zaprojektowany do bezproblemowej wsp\u00f3\u0142pracy z urz\u0105dzeniami USB Type-C, takimi jak komputery PC, mini PC, laptopy, przeno\u015bne urz\u0105dzenia do gier i nie tylko, jest rozwi\u0105zaniem typu &#8220;wszystko w jednym&#8221;, kt\u00f3rego szuka\u0142e\u015b. Nigdy wi\u0119cej \u017conglowania wieloma koncentratorami &#8211; to jedyny, jakiego kiedykolwiek b\u0119dziesz potrzebowa\u0107.  <\/p>\n\n<h3 class=\"wp-block-heading\">Podsumowanie: Rewolucja w \u0142\u0105czno\u015bci  <\/h3>\n\n<p>W\u015br\u00f3d morza hub\u00f3w USB, DroiX NT8 Clear USB Hub wyr\u00f3\u017cnia si\u0119 na tle konkurencji. Dzi\u0119ki imponuj\u0105cemu zestawowi funkcji, kompaktowej konstrukcji i uniwersalnej kompatybilno\u015bci jest czym\u015b wi\u0119cej ni\u017c tylko koncentratorem &#8211; to rewolucja w \u0142\u0105czno\u015bci. Niezale\u017cnie od tego, czy jeste\u015b entuzjast\u0105 technologii, graczem, czy profesjonalist\u0105 w podr\u00f3\u017cy, DroiX NT8 jest najlepszym narz\u0119dziem, kt\u00f3re podniesie Twoje wra\u017cenia technologiczne. Wkrocz w przysz\u0142o\u015b\u0107 z DroiX NT8 &#8211; Twoje urz\u0105dzenia b\u0119d\u0105 Ci wdzi\u0119czne!   <\/p>\n\n<p>Wi\u0119cej informacji mo\u017cna znale\u017a\u0107 w naszym przewodniku <strong>&#8220;Pierwsze kroki z koncentratorem USB Droix NT8 Clear<\/strong> &#8220;.<\/p>\n","protected":false},"excerpt":{"rendered":"<ul>\n<li>DroiX<strong> NT8<\/strong> Clear USB Hub<\/li>\n<li><strong>10\/100\/1000M<\/strong> Gigabit Ethernet<\/li>\n<li>\u0141adowanie PD o mocy 100 W<\/li>\n<li><strong>Gniazdo kart MicroSD \/ SD<\/strong> 480 Mb\/s<\/li>\n<li>Wyj\u015bcie <strong>HDMI 4K<\/strong> <\/li>\n<\/ul>\n[cg_accordion title=\"INFORMACJE O P\u0141ATNO\u015aCIACH\"]<\/p>\n<p>Korzystamy z najnowszej technologii przetwarzania p\u0142atno\u015bci, kt\u00f3ra umo\u017cliwia dokonywanie p\u0142atno\u015bci za po\u015brednictwem Apple Pay, Google Pay, karty debetowej\/kredytowej, PayPal lub metod BNPL, takich jak Klarna, Affirm lub AfterPay, zapewniaj\u0105c szybkie i bezpieczne do\u015bwiadczenie.[\/cg_accordion]\n[cg_accordion title=\"GWARANCJA\"]<\/p>\n<p>2 lata gwarancji od <a href=\"https:\/\/droix.net\/\" target=\"_blank\" rel=\"nofollow noopener\">DROIX<\/a> Global dla Twojego spokoju ducha[\/cg_accordion]\n[cg_accordion title=\"CENY, PODATKI I WYSY\u0141KA\"]<\/p>\n<p><strong><u>Uwaga:<\/u><\/strong><\/p>\n<ul>\n<li>Klienci ze Stan\u00f3w Zjednoczonych: Wy\u015bwietlana cena NIE ZAWIERA PODATKU ani c\u0142a. Odpowiedzialno\u015b\u0107 za odpraw\u0119 celn\u0105 i zap\u0142at\u0119 wszelkich powi\u0105zanych podatk\u00f3w \/ ce\u0142 spoczywa na kliencie. <\/li>\n<li>Klienci z UE: Wy\u015bwietlana cena zawiera obowi\u0105zuj\u0105cy PODATEK, kt\u00f3ry mo\u017ce wynosi\u0107 do 25% w zale\u017cno\u015bci od kraju.<\/li>\n<li>Klienci z Kanady: Wy\u015bwietlana cena zawiera obowi\u0105zuj\u0105ce podatki, kt\u00f3re mog\u0105 obejmowa\u0107 5% GST i dodatkowe prowincjonalne podatki od sprzeda\u017cy (PST), zharmonizowany podatek od sprzeda\u017cy (HST) lub podatek od sprzeda\u017cy w Quebecu (QST), w zale\u017cno\u015bci od prowincji.<\/li>\n<\/ul>\n<p><strong>TYLKO dla klient\u00f3w z UE:<\/strong> Express DDP (Delivered Duty Paid). Oznacza to: <\/p>\n<ul>\n<li>Wszystkie op\u0142aty celne i podatki s\u0105 wliczone w cen\u0119 wy\u015bwietlan\u0105 na stronie produktu.<\/li>\n<li>Przy dostawie nie trzeba b\u0119dzie uiszcza\u0107 \u017cadnych dodatkowych op\u0142at.<\/li>\n<li>W rzadkich przypadkach zwi\u0105zanych z kwestiami celnymi nasz zesp\u00f3\u0142 zajmie si\u0119 procesem odprawy celnej w Twoim imieniu, aby zapewni\u0107 sprawn\u0105 dostaw\u0119.<\/li>\n<p>Wa\u017cne informacje dotycz\u0105ce zwrot\u00f3w:<\/p>\n<li>Je\u015bli zdecydujesz si\u0119 zwr\u00f3ci\u0107 zam\u00f3wienie lub za\u017c\u0105da\u0107 zwrotu pieni\u0119dzy, pami\u0119taj, \u017ce podatki i c\u0142a zap\u0142acone w Twoim imieniu zgodnie z warunkami DDP nie mog\u0105 zosta\u0107 zwr\u00f3cone.<\/li>\n<p>Szczeg\u00f3\u0142owe informacje mo\u017cna znale\u017a\u0107 w naszym <a href=\"https:\/\/gpdstore.net\/pl\/terms-of-service\/\" target=\"_blank\" rel=\"nofollow noopener\">Regulaminie<\/a>.\n<\/ul>\n<p>[\/cg_accordion]\n[cg_accordion title=\"OBS\u0141UGA KLIENTA\"]<\/p>\n<p>Masz pytanie? Wystarczy kr\u00f3tka wiadomo\u015b\u0107 tekstowa, aby rozwi\u0105za\u0107 Tw\u00f3j problem!<br \/>\n[\/cg_accordion]\n[cg_accordion title=\"CO ZAWIERA\"]<\/p>\n<ul>\n<li>1x DroiX NT8 Clear USB Hub<\/li>\n<\/ul>\n<p>[\/cg_accordion]\n","protected":false},"featured_media":17128,"template":"","meta":{"_acf_changed":false},"product_brand":[],"product_cat":[1226],"product_tag":[3151],"woo-feed-brand":[2425],"class_list":{"0":"post-6760","1":"product","2":"type-product","3":"status-publish","4":"has-post-thumbnail","6":"product_cat-akcesoria","7":"product_tag-droix-hub-pl","8":"product_shipping_class-low-end","9":"pa_i-o-video-1x-hdmi-pl","10":"woo-feed-brand-droix-pl","12":"first","13":"outofstock","14":"sale","15":"taxable","16":"shipping-taxable","17":"purchasable","18":"product-type-simple"},"acf":[],"aioseo_notices":[],"_links":{"self":[{"href":"https:\/\/gpdstore.net\/pl\/wp-json\/wp\/v2\/product\/6760","targetHints":{"allow":["GET"]}}],"collection":[{"href":"https:\/\/gpdstore.net\/pl\/wp-json\/wp\/v2\/product"}],"about":[{"href":"https:\/\/gpdstore.net\/pl\/wp-json\/wp\/v2\/types\/product"}],"wp:featuredmedia":[{"embeddable":true,"href":"https:\/\/gpdstore.net\/pl\/wp-json\/wp\/v2\/media\/17128"}],"wp:attachment":[{"href":"https:\/\/gpdstore.net\/pl\/wp-json\/wp\/v2\/media?parent=6760"}],"wp:term":[{"taxonomy":"product_brand","embeddable":true,"href":"https:\/\/gpdstore.net\/pl\/wp-json\/wp\/v2\/product_brand?post=6760"},{"taxonomy":"product_cat","embeddable":true,"href":"https:\/\/gpdstore.net\/pl\/wp-json\/wp\/v2\/product_cat?post=6760"},{"taxonomy":"product_tag","embeddable":true,"href":"https:\/\/gpdstore.net\/pl\/wp-json\/wp\/v2\/product_tag?post=6760"},{"taxonomy":"woo-feed-brand","embeddable":true,"href":"https:\/\/gpdstore.net\/pl\/wp-json\/wp\/v2\/woo-feed-brand?post=6760"}],"curies":[{"name":"wp","href":"https:\/\/api.w.org\/{rel}","templated":true}]}}