{"id":6746,"date":"2024-08-12T15:14:19","date_gmt":"2024-08-12T15:14:19","guid":{"rendered":"https:\/\/gpdstore.net\/bez-kategorii\/hub-usb-droix-nh8-z-nvme\/"},"modified":"2025-12-23T10:14:30","modified_gmt":"2025-12-23T10:14:30","slug":"droix-nh8-nvme-usb-hub","status":"publish","type":"product","link":"https:\/\/gpdstore.net\/pl\/product\/droix-nh8-nvme-usb-hub\/","title":{"rendered":"Hub USB DroiX NH8 z NVMe"},"content":{"rendered":"\n<h3 class=\"wp-block-heading\">Przedstawiamy koncentrator DroiX NH8 z gniazdem NVMe: najlepsze rozwi\u0105zanie w zakresie \u0142\u0105czno\u015bci!<\/h3>\n\n<h3 class=\"wp-block-heading\">B\u0142yskawiczny gigabitowy Ethernet<\/h3>\n\n<p>Hub DroiX NH8 to krok w przysz\u0142o\u015b\u0107 po\u0142\u0105cze\u0144 internetowych! Wyposa\u017cony w solidny port 10\/100\/1000M RJ45 Gigabit Ethernet, koncentrator ten zapewnia b\u0142yskawiczne, stabilne i wyj\u0105tkowo niezawodne po\u0142\u0105czenie internetowe. Niezale\u017cnie od tego, czy grasz, przesy\u0142asz strumieniowo, czy prowadzisz wa\u017cn\u0105 rozmow\u0119 wideo, do\u015bwiadcz p\u0142ynnej wydajno\u015bci bez op\u00f3\u017anie\u0144, kt\u00f3r\u0105 mo\u017ce zapewni\u0107 tylko po\u0142\u0105czenie przewodowe. Po\u017cegnaj si\u0119 z k\u0142opotami z Wi-Fi i przywitaj si\u0119 ze sta\u0142ym, szybkim dost\u0119pem!   <\/p>\n\n<h3 class=\"wp-block-heading\">Zapieraj\u0105ce dech w piersiach wyj\u015bcie wideo<\/h3>\n\n<p>Zmie\u0144 swoje wra\u017cenia wizualne dzi\u0119ki obs\u0142udze HDMI 2.0 przez DroiX NH8 Hub. Niezale\u017cnie od tego, czy ogl\u0105dasz film w rozdzielczo\u015bci 4K, prowadzisz prezentacj\u0119 dla klienta, czy grasz w gry w wysokiej rozdzielczo\u015bci, koncentrator wy\u015bwietla osza\u0142amiaj\u0105cy obraz w rozdzielczo\u015bci 4096&#215;2160 z p\u0142ynn\u0105 cz\u0119stotliwo\u015bci\u0105 od\u015bwie\u017cania 60 Hz. Przygotuj si\u0119 na \u017cywe kolory i wyra\u017ane szczeg\u00f3\u0142y, kt\u00f3re zanurz\u0105 Ci\u0119 w ka\u017cdej klatce.  <\/p>\n\n<h3 class=\"wp-block-heading\">Rozbudowa pami\u0119ci masowej bez wysi\u0142ku<\/h3>\n\n<p>Ko\u0144czy Ci si\u0119 pami\u0119\u0107 masowa? Koncentrator DroiX NH8 ma dla Ciebie rozwi\u0105zanie. Dzi\u0119ki wbudowanemu slotowi PCIe NVMe rozbudowa pami\u0119ci masowej nigdy nie by\u0142a \u0142atwiejsza. Idealny do wysokowydajnych aplikacji lub przechowywania du\u017cych plik\u00f3w, slot ten obs\u0142uguje niesamowicie szybkie pr\u0119dko\u015bci transferu danych, zapewniaj\u0105c p\u0142ynne i wydajne dzia\u0142anie systemu. Dostosuj pami\u0119\u0107 masow\u0105 do swoich potrzeb i zapewnij urz\u0105dzeniu najwy\u017csz\u0105 wydajno\u015b\u0107.    <\/p>\n\n<h3 class=\"wp-block-heading\">Szybki transfer danych<\/h3>\n\n<p>Potrzebujesz b\u0142yskawicznie przesy\u0142a\u0107 du\u017ce pliki? Koncentrator DroiX NH8 jest wyposa\u017cony w port USB typu A 3.0, kt\u00f3ry zapewnia szybki transfer danych, dzi\u0119ki czemu zarz\u0105dzanie plikami jest dziecinnie proste. Niezale\u017cnie od tego, czy pod\u0142\u0105czasz urz\u0105dzenia peryferyjne, \u0142adujesz urz\u0105dzenia, czy przenosisz dane, ten koncentrator zapewnia, \u017ce wszystko odbywa si\u0119 szybko i sprawnie, oszcz\u0119dzaj\u0105c cenny czas.  <\/p>\n\n<h3 class=\"wp-block-heading\">Uniwersalna kompatybilno\u015b\u0107 z USB typu C<\/h3>\n\n<p>Hub DroiX NH8 jest wyposa\u017cony we wszechstronny kabel USB typu C, oferuj\u0105cy uniwersaln\u0105 kompatybilno\u015b\u0107 z szerok\u0105 gam\u0105 urz\u0105dze\u0144. Ten uniwersalny kabel obs\u0142uguje nie tylko szybki transfer danych, ale tak\u017ce wydajne \u0142adowanie, dzi\u0119ki czemu jest niezb\u0119dnym towarzyszem dla Twoich potrzeb w zakresie \u0142\u0105czno\u015bci. Nie musisz ju\u017c m\u0119czy\u0107 si\u0119 z wieloma kablami &#8211; pozosta\u0144 w kontakcie z \u0142atwo\u015bci\u0105.  <\/p>\n\n<h3 class=\"wp-block-heading\">P\u0142ynny dost\u0119p do multimedi\u00f3w<\/h3>\n\n<p>Zintegrowany czytnik kart SD w DroiX NH8 Hub umo\u017cliwia dost\u0119p i przesy\u0142anie multimedi\u00f3w bez wysi\u0142ku. Obs\u0142uguj\u0105c zar\u00f3wno karty Micro SD, jak i SD, funkcja ta umo\u017cliwia szybkie tworzenie kopii zapasowych lub dost\u0119p do plik\u00f3w, niezale\u017cnie od tego, czy s\u0105 to zdj\u0119cia, filmy czy wa\u017cne dokumenty. Wygoda nigdy nie by\u0142a tak dost\u0119pna.  <\/p>\n\n<h3 class=\"wp-block-heading\">Niezr\u00f3wnana wszechstronno\u015b\u0107<\/h3>\n\n<p>To, co naprawd\u0119 wyr\u00f3\u017cnia koncentrator DroiX NH8, to jego niezr\u00f3wnana wszechstronno\u015b\u0107. Zaprojektowany z my\u015bl\u0105 o bezproblemowej wsp\u00f3\u0142pracy z szerok\u0105 gam\u0105 urz\u0105dze\u0144 USB typu C &#8211; niezale\u017cnie od tego, czy s\u0105 to komputery PC, mini PC, laptopy, przeno\u015bne urz\u0105dzenia do gier, czy te\u017c inne &#8211; hub ten dostosowuje si\u0119 do Twoich potrzeb, zapewniaj\u0105c najwy\u017csz\u0105 wydajno\u015b\u0107 we wszystkich zastosowaniach. To nie jest zwyk\u0142y hub; to pot\u0119ga \u0142\u0105czno\u015bci.  <\/p>\n\n<h3 class=\"wp-block-heading\">Podsumowanie: Lepsze wra\u017cenia z \u0142\u0105czno\u015bci<\/h3>\n\n<p>Hub DroiX NH8 to co\u015b wi\u0119cej ni\u017c tylko narz\u0119dzie \u0142\u0105czno\u015bci; to kompleksowe rozwi\u0105zanie zaprojektowane w celu zaspokojenia r\u00f3\u017cnorodnych potrzeb wsp\u00f3\u0142czesnych, zaawansowanych technologicznie u\u017cytkownik\u00f3w. Ka\u017cda funkcja jest odzwierciedleniem doskona\u0142ej konstrukcji, wyj\u0105tkowej wydajno\u015bci i przysz\u0142o\u015bciowego podej\u015bcia do \u0142\u0105czno\u015bci. Podnie\u015b swoje wra\u017cenia i zmie\u0144 spos\u00f3b, w jaki si\u0119 \u0142\u0105czysz dzi\u0119ki DroiX NH8 Hub!  <\/p>\n\n<p>Dowiedz si\u0119 wi\u0119cej z naszego przewodnika <strong>Pierwsze kroki z koncentratorem USB Droix NH8.<\/strong> <\/p>\n\n<p><\/p>\n","protected":false},"excerpt":{"rendered":"<ul>\n<li>Hub USB DroiX<strong> NH8 <\/strong>z NVMe<\/li>\n<li><strong>10\/100\/1000M<\/strong> Gigabit Ethernet<\/li>\n<li><strong>Wbudowane gniazdo PCIe NVMe<\/strong> do rozbudowy pami\u0119ci masowej<\/li>\n<li><strong>Wyj\u015bcie wy\u015bwietlacza 4K<\/strong> przez HDMI<\/li>\n<li><strong>Gniazdo kart MicroSD \/ SD<\/strong> &#8211; do 5 Gb\/s<\/li>\n<\/ul>\n[cg_accordion title=\"INFORMACJE O P\u0141ATNO\u015aCIACH\"]<\/p>\n<p>Korzystamy z najnowszej technologii przetwarzania p\u0142atno\u015bci, kt\u00f3ra umo\u017cliwia szybkie i bezpieczne dokonywanie p\u0142atno\u015bci za pomoc\u0105 karty debetowej\/kredytowej lub PayPal.[\/cg_accordion]\n[cg_accordion title=\"GWARANCJA\"]<\/p>\n<p>2 lata gwarancji od <a href=\"https:\/\/droix.net\/\" target=\"_blank\" rel=\"nofollow noopener\">DROIX<\/a> Global dla Twojego spokoju ducha[\/cg_accordion]\n[cg_accordion title=\"ZAPEWNIENIE JAKO\u015aCI I TESTY PRZED WYSY\u0141K\u0104\"]<\/p>\n<p>Zapewnienie satysfakcji klienta na najwy\u017cszym poziomie: Ka\u017cde urz\u0105dzenie przechodzi rygorystyczne testy i wielopunktow\u0105 kontrol\u0119 jako\u015bci przed wysy\u0142k\u0105. Nasz dedykowany zesp\u00f3\u0142 weryfikuje wydajno\u015b\u0107, funkcjonalno\u015b\u0107 i integralno\u015b\u0107 komponent\u00f3w, aby zagwarantowa\u0107, \u017ce urz\u0105dzenie GPD jest w idealnym stanie po dostarczeniu, zapewniaj\u0105c pewno\u015b\u0107 i spok\u00f3j ducha. [\/cg_accordion]\n[cg_accordion title=\"CENY, PODATKI I WYSY\u0141KA\"]<\/p>\n<p><strong><u>Uwaga:<\/u><\/strong><\/p>\n<ul>\n<li>Klienci ze Stan\u00f3w Zjednoczonych: Wy\u015bwietlana cena NIE ZAWIERA PODATKU ani c\u0142a. Odpowiedzialno\u015b\u0107 za odpraw\u0119 celn\u0105 i zap\u0142at\u0119 wszelkich powi\u0105zanych podatk\u00f3w \/ ce\u0142 spoczywa na kliencie. <\/li>\n<li>Klienci z UE: Wy\u015bwietlana cena zawiera obowi\u0105zuj\u0105cy PODATEK, kt\u00f3ry mo\u017ce wynosi\u0107 do 25% w zale\u017cno\u015bci od kraju.<\/li>\n<li>Klienci z Kanady: Wy\u015bwietlana cena zawiera obowi\u0105zuj\u0105ce podatki, kt\u00f3re mog\u0105 obejmowa\u0107 5% GST i dodatkowe prowincjonalne podatki od sprzeda\u017cy (PST), zharmonizowany podatek od sprzeda\u017cy (HST) lub podatek od sprzeda\u017cy w Quebecu (QST), w zale\u017cno\u015bci od prowincji.<\/li>\n<\/ul>\n<p><strong>TYLKO dla klient\u00f3w z UE:<\/strong> Express DDP (Delivered Duty Paid). Oznacza to: <\/p>\n<ul>\n<li>Wszystkie op\u0142aty celne i podatki s\u0105 wliczone w cen\u0119 wy\u015bwietlan\u0105 na stronie produktu.<\/li>\n<li>Przy dostawie nie trzeba b\u0119dzie uiszcza\u0107 \u017cadnych dodatkowych op\u0142at.<\/li>\n<li>W rzadkich przypadkach zwi\u0105zanych z kwestiami celnymi nasz zesp\u00f3\u0142 zajmie si\u0119 procesem odprawy celnej w Twoim imieniu, aby zapewni\u0107 sprawn\u0105 dostaw\u0119.<\/li>\n<p>Wa\u017cne informacje dotycz\u0105ce zwrot\u00f3w:<\/p>\n<li>Je\u015bli zdecydujesz si\u0119 zwr\u00f3ci\u0107 zam\u00f3wienie lub za\u017c\u0105da\u0107 zwrotu pieni\u0119dzy, pami\u0119taj, \u017ce podatki i c\u0142a zap\u0142acone w Twoim imieniu zgodnie z warunkami DDP nie mog\u0105 zosta\u0107 zwr\u00f3cone.<\/li>\n<p>Szczeg\u00f3\u0142owe informacje mo\u017cna znale\u017a\u0107 w naszym <a href=\"https:\/\/droix.net\/terms-and-conditions\/\" target=\"_blank\" rel=\"nofollow noopener\">Regulaminie<\/a>.\n<\/ul>\n<p>[\/cg_accordion]\n[cg_accordion title=\"OBS\u0141UGA KLIENTA\"]<\/p>\n<p>Masz pytanie? Wystarczy kr\u00f3tka wiadomo\u015b\u0107 tekstowa, aby rozwi\u0105za\u0107 Tw\u00f3j problem! <\/p>\n<p>Szczeg\u00f3\u0142owe informacje mo\u017cna znale\u017a\u0107 w naszym <a href=\"https:\/\/gpdstore.net\/pl\/terms-of-service\/\" target=\"_blank\" rel=\"nofollow noopener\">Regulaminie<\/a>.\n<\/ul>\n<p>[\/cg_accordion]\n[cg_accordion title=\"CO ZAWIERA\"]<\/p>\n<ul>\n<li>1x Hub USB DroiX NH8 z NVMe<\/li>\n<\/ul>\n<p>[\/cg_accordion]\n","protected":false},"featured_media":17052,"template":"","meta":{"_acf_changed":false},"product_brand":[],"product_cat":[1226],"product_tag":[14801,3151],"woo-feed-brand":[2425],"class_list":{"0":"post-6746","1":"product","2":"type-product","3":"status-publish","4":"has-post-thumbnail","6":"product_cat-akcesoria","7":"product_tag-40xmsale-pl","8":"product_tag-droix-hub-pl","9":"product_shipping_class-low-end","10":"pa_brand-droix","11":"pa_i-o-video-1x-hdmi-pl","12":"woo-feed-brand-droix-pl","14":"first","15":"outofstock","16":"sale","17":"taxable","18":"shipping-taxable","19":"purchasable","20":"product-type-variable","21":"has-default-attributes"},"acf":[],"aioseo_notices":[],"_links":{"self":[{"href":"https:\/\/gpdstore.net\/pl\/wp-json\/wp\/v2\/product\/6746","targetHints":{"allow":["GET"]}}],"collection":[{"href":"https:\/\/gpdstore.net\/pl\/wp-json\/wp\/v2\/product"}],"about":[{"href":"https:\/\/gpdstore.net\/pl\/wp-json\/wp\/v2\/types\/product"}],"wp:featuredmedia":[{"embeddable":true,"href":"https:\/\/gpdstore.net\/pl\/wp-json\/wp\/v2\/media\/17052"}],"wp:attachment":[{"href":"https:\/\/gpdstore.net\/pl\/wp-json\/wp\/v2\/media?parent=6746"}],"wp:term":[{"taxonomy":"product_brand","embeddable":true,"href":"https:\/\/gpdstore.net\/pl\/wp-json\/wp\/v2\/product_brand?post=6746"},{"taxonomy":"product_cat","embeddable":true,"href":"https:\/\/gpdstore.net\/pl\/wp-json\/wp\/v2\/product_cat?post=6746"},{"taxonomy":"product_tag","embeddable":true,"href":"https:\/\/gpdstore.net\/pl\/wp-json\/wp\/v2\/product_tag?post=6746"},{"taxonomy":"woo-feed-brand","embeddable":true,"href":"https:\/\/gpdstore.net\/pl\/wp-json\/wp\/v2\/woo-feed-brand?post=6746"}],"curies":[{"name":"wp","href":"https:\/\/api.w.org\/{rel}","templated":true}]}}