{"id":6711,"date":"2024-07-12T13:07:42","date_gmt":"2024-07-12T13:07:42","guid":{"rendered":"https:\/\/gpdstore.net\/bez-kategorii\/156-calowy-przenosny-monitor-4k-z-ekranem-dotykowym\/"},"modified":"2025-12-23T10:14:11","modified_gmt":"2025-12-23T10:14:11","slug":"15-6-4k-portable-monitor-with-touchscreen","status":"publish","type":"product","link":"https:\/\/gpdstore.net\/pl\/product\/15-6-4k-portable-monitor-with-touchscreen\/","title":{"rendered":"15,6-calowy przeno\u015bny monitor 4K z ekranem dotykowym"},"content":{"rendered":"\n<p>Przedstawiamy przeno\u015bny monitor S23b-1 4K: Lepsze wra\u017cenia wizualne w dowolnym miejscu<\/p>\n\n<p>Przeno\u015bny monitor S23b-1 4K zapewnia niezr\u00f3wnan\u0105 wyrazisto\u015b\u0107 i blask obrazu. Zaprojektowany dla tych, kt\u00f3rzy wymagaj\u0105 najlepszych przeno\u015bnych wy\u015bwietlaczy, monitor ten zapewnia osza\u0142amiaj\u0105c\u0105 rozdzielczo\u015b\u0107 4K UHD na kompaktowym 15,6-calowym ekranie. Niezale\u017cnie od tego, czy edytujesz zdj\u0119cia w wysokiej rozdzielczo\u015bci, projektujesz skomplikowan\u0105 grafik\u0119, czy zanurzasz si\u0119 we wci\u0105gaj\u0105cych \u015bwiatach gier, S23b-1 zapewnia, \u017ce ka\u017cdy szczeg\u00f3\u0142 o\u017cywa z wyj\u0105tkow\u0105 precyzj\u0105 i \u017cywymi kolorami.  <\/p>\n\n<p>Zaprojektowany z panelem TFT IPS LCD zapewnia doskona\u0142\u0105 dok\u0142adno\u015b\u0107 kolor\u00f3w i szerokie k\u0105ty widzenia, idealne do udost\u0119pniania tre\u015bci znajomym lub wsp\u00f3\u0142pracy ze wsp\u00f3\u0142pracownikami. Pojemno\u015bciowy ekran dotykowy G+G zwi\u0119ksza interakcj\u0119, oferuj\u0105c precyzyjn\u0105 kontrol\u0119 i p\u0142ynn\u0105 nawigacj\u0119 po menu i dokumentach. <\/p>\n\n<p>\u0141\u0105czno\u015b\u0107 jest \u0142atwa dzi\u0119ki mini portowi HDMI i dw\u00f3m portom Type-C, kt\u00f3re obs\u0142uguj\u0105 dostarczanie energii i szybki transfer danych mi\u0119dzy wieloma urz\u0105dzeniami. Dodatkow\u0105 wygod\u0119 zapewnia port s\u0142uchawkowy do prywatnego s\u0142uchania muzyki oraz port Micro-USB do pod\u0142\u0105czania urz\u0105dze\u0144 peryferyjnych, takich jak klawiatury i myszy. <\/p>\n\n<p>Wykonany z wytrzyma\u0142ego stopu aluminium, S23b-1 \u0142\u0105czy w sobie elegancki, niemo\u017cliwie smuk\u0142y profil z lekk\u0105 przeno\u015bno\u015bci\u0105, dzi\u0119ki czemu jest idealnym towarzyszem podr\u00f3\u017cy lub przemieszczania si\u0119 mi\u0119dzy miejscami pracy. Sk\u0142adana obudowa s\u0142u\u017cy r\u00f3wnie\u017c jako podstawka do stabilnego ustawienia na dowolnej p\u0142askiej powierzchni, zapewniaj\u0105c wszechstronno\u015b\u0107 w ka\u017cdym miejscu. <\/p>\n\n<p>Plusy:<\/p>\n\n<ul class=\"wp-block-list\">\n<li>Osza\u0142amiaj\u0105cy wy\u015bwietlacz 4K UHD zapewniaj\u0105cy wci\u0105gaj\u0105ce efekty wizualne<\/li>\n\n\n\n<li>Wszechstronne opcje \u0142\u0105czno\u015bci, w tym porty HDMI Mini i Type-C<\/li>\n\n\n\n<li>Smuk\u0142a, lekka konstrukcja wykonana z wysokiej jako\u015bci stopu aluminium<\/li>\n\n\n\n<li>Responsywny pojemno\u015bciowy ekran dotykowy G+G zapewniaj\u0105cy intuicyjn\u0105 interakcj\u0119<\/li>\n<\/ul>\n\n<p>Wady:<\/p>\n\n<ul class=\"wp-block-list\">\n<li>Ograniczenie do ekranu o przek\u0105tnej 15,6 cala<\/li>\n\n\n\n<li>Wbudowane g\u0142o\u015bniki mog\u0105 nie pasowa\u0107 do jako\u015bci d\u017awi\u0119ku zewn\u0119trznego<\/li>\n<\/ul>\n\n<p>Niezale\u017cnie od tego, czy jeste\u015b kreatywnym profesjonalist\u0105, zapalonym graczem, czy entuzjast\u0105 mobilno\u015bci, przeno\u015bny monitor S23b-1 4K na nowo definiuje doskona\u0142o\u015b\u0107 przeno\u015bnego wy\u015bwietlacza, zapewniaj\u0105c wyj\u0105tkow\u0105 wydajno\u015b\u0107 w kompaktowej obudowie.<\/p>\n","protected":false},"excerpt":{"rendered":"<ul>\n<li><strong>15,6-calowy<\/strong> przeno\u015bny monitor <strong>4K<\/strong> z ekranem dotykowym zapewniaj\u0105cy wysok\u0105 rozdzielczo\u015b\u0107<\/li>\n<li>Kompaktowy rozmiar 14,17 x 8,4 x 0,43 cala i waga <strong>920 g<\/strong><\/li>\n<li>Ekran dotykowy kompatybilny z systemem <strong>MacOS<\/strong><\/li>\n<li>Ekran dotykowy <strong>obs\u0142uguje wprowadzanie dotykowe<\/strong> na kompatybilnych urz\u0105dzeniach<\/li>\n<li><strong>Zasilany przez USB<\/strong>, obs\u0142uguje mini-HDMI, USB Type-C<\/li>\n<\/ul>\n[cg_accordion title=\"INFORMACJE O P\u0141ATNO\u015aCIACH\"]<\/p>\n<p>Korzystamy z najnowszej technologii przetwarzania p\u0142atno\u015bci, kt\u00f3ra umo\u017cliwia szybkie i bezpieczne dokonywanie p\u0142atno\u015bci za pomoc\u0105 karty debetowej\/kredytowej lub PayPal.[\/cg_accordion]\n[cg_accordion title=\"GWARANCJA\"]<\/p>\n<p>2 lata gwarancji od <a href=\"https:\/\/droix.net\/\" target=\"_blank\" rel=\"nofollow noopener\">DROIX<\/a> Global dla Twojego spokoju ducha[\/cg_accordion]\n[cg_accordion title=\"CENY, PODATKI I WYSY\u0141KA\"]<\/p>\n<p><strong><u>Uwaga:<\/u><\/strong><\/p>\n<ul>\n<li>Klienci ze Stan\u00f3w Zjednoczonych: Wy\u015bwietlana cena NIE ZAWIERA PODATKU ani c\u0142a. Odpowiedzialno\u015b\u0107 za odpraw\u0119 celn\u0105 i zap\u0142at\u0119 wszelkich powi\u0105zanych podatk\u00f3w \/ ce\u0142 spoczywa na kliencie. <\/li>\n<li>Klienci z UE: Wy\u015bwietlana cena zawiera obowi\u0105zuj\u0105cy PODATEK, kt\u00f3ry mo\u017ce wynosi\u0107 do 25% w zale\u017cno\u015bci od kraju.<\/li>\n<li>Klienci z Kanady: Wy\u015bwietlana cena zawiera obowi\u0105zuj\u0105ce podatki, kt\u00f3re mog\u0105 obejmowa\u0107 5% GST i dodatkowe prowincjonalne podatki od sprzeda\u017cy (PST), zharmonizowany podatek od sprzeda\u017cy (HST) lub podatek od sprzeda\u017cy w Quebecu (QST), w zale\u017cno\u015bci od prowincji.<\/li>\n<\/ul>\n<p><strong>TYLKO dla klient\u00f3w z UE:<\/strong> Express DDP (Delivered Duty Paid). Oznacza to: <\/p>\n<ul>\n<li>Wszystkie op\u0142aty celne i podatki s\u0105 wliczone w cen\u0119 wy\u015bwietlan\u0105 na stronie produktu.<\/li>\n<li>Przy dostawie nie trzeba b\u0119dzie uiszcza\u0107 \u017cadnych dodatkowych op\u0142at.<\/li>\n<li>W rzadkich przypadkach zwi\u0105zanych z kwestiami celnymi nasz zesp\u00f3\u0142 zajmie si\u0119 procesem odprawy celnej w Twoim imieniu, aby zapewni\u0107 sprawn\u0105 dostaw\u0119.<\/li>\n<p>Wa\u017cne informacje dotycz\u0105ce zwrot\u00f3w:<\/p>\n<li>Je\u015bli zdecydujesz si\u0119 zwr\u00f3ci\u0107 zam\u00f3wienie lub za\u017c\u0105da\u0107 zwrotu pieni\u0119dzy, pami\u0119taj, \u017ce podatki i c\u0142a zap\u0142acone w Twoim imieniu zgodnie z warunkami DDP nie mog\u0105 zosta\u0107 zwr\u00f3cone.<\/li>\n<p>Szczeg\u00f3\u0142owe informacje mo\u017cna znale\u017a\u0107 w naszym <a href=\"https:\/\/droix.net\/terms-and-conditions\/\" target=\"_blank\" rel=\"nofollow noopener\">Regulaminie<\/a>.\n<\/ul>\n<p>[\/cg_accordion]\n[cg_accordion title=\"OBS\u0141UGA KLIENTA\"]<\/p>\n<p>Masz pytanie? Wystarczy kr\u00f3tka wiadomo\u015b\u0107 tekstowa, aby rozwi\u0105za\u0107 Tw\u00f3j problem! <\/p>\n<p>Szczeg\u00f3\u0142owe informacje mo\u017cna znale\u017a\u0107 w naszym <a href=\"https:\/\/gpdstore.net\/pl\/terms-of-service\/\" target=\"_blank\" rel=\"nofollow noopener\">Regulaminie<\/a>.\n<\/ul>\n<p>[\/cg_accordion]\n[cg_accordion title=\"CO ZAWIERA\"]<\/p>\n<ul>\n<li>1x wtyczka zasilania (UE\/USA)<\/li>\n<li>1x Instrukcja obs\u0142ugi<\/li>\n<\/ul>\n<p>[\/cg_accordion]\n","protected":false},"featured_media":15928,"template":"","meta":{"_acf_changed":false},"product_brand":[],"product_cat":[2422],"product_tag":[2423,2424],"woo-feed-brand":[2425],"class_list":{"0":"post-6711","1":"product","2":"type-product","3":"status-publish","4":"has-post-thumbnail","6":"product_cat-monitory-przenosne","7":"product_tag-30gpdsale-pl","8":"product_tag-droix-portable-monitor-pl","9":"product_shipping_class-standard","10":"pa_brand-droix","11":"woo-feed-brand-droix-pl","13":"first","14":"outofstock","15":"sale","16":"taxable","17":"shipping-taxable","18":"purchasable","19":"product-type-variable","20":"has-default-attributes"},"acf":[],"aioseo_notices":[],"_links":{"self":[{"href":"https:\/\/gpdstore.net\/pl\/wp-json\/wp\/v2\/product\/6711","targetHints":{"allow":["GET"]}}],"collection":[{"href":"https:\/\/gpdstore.net\/pl\/wp-json\/wp\/v2\/product"}],"about":[{"href":"https:\/\/gpdstore.net\/pl\/wp-json\/wp\/v2\/types\/product"}],"wp:featuredmedia":[{"embeddable":true,"href":"https:\/\/gpdstore.net\/pl\/wp-json\/wp\/v2\/media\/15928"}],"wp:attachment":[{"href":"https:\/\/gpdstore.net\/pl\/wp-json\/wp\/v2\/media?parent=6711"}],"wp:term":[{"taxonomy":"product_brand","embeddable":true,"href":"https:\/\/gpdstore.net\/pl\/wp-json\/wp\/v2\/product_brand?post=6711"},{"taxonomy":"product_cat","embeddable":true,"href":"https:\/\/gpdstore.net\/pl\/wp-json\/wp\/v2\/product_cat?post=6711"},{"taxonomy":"product_tag","embeddable":true,"href":"https:\/\/gpdstore.net\/pl\/wp-json\/wp\/v2\/product_tag?post=6711"},{"taxonomy":"woo-feed-brand","embeddable":true,"href":"https:\/\/gpdstore.net\/pl\/wp-json\/wp\/v2\/woo-feed-brand?post=6711"}],"curies":[{"name":"wp","href":"https:\/\/api.w.org\/{rel}","templated":true}]}}