{"id":6697,"date":"2024-07-12T12:39:31","date_gmt":"2024-07-12T12:39:31","guid":{"rendered":"https:\/\/gpdstore.net\/bez-kategorii\/156-calowy-monitor-przenosny-4k-z-obsluga-rysika\/"},"modified":"2025-12-23T10:14:23","modified_gmt":"2025-12-23T10:14:23","slug":"15-6-4k-portable-monitor-with-stylus-support","status":"publish","type":"product","link":"https:\/\/gpdstore.net\/pl\/product\/15-6-4k-portable-monitor-with-stylus-support\/","title":{"rendered":"15,6-calowy monitor przeno\u015bny 4K z obs\u0142ug\u0105 rysika"},"content":{"rendered":"\n<p>Przedstawiamy 15,6-calowy monitor przeno\u015bny 4K: Lepsze wra\u017cenia z mobilnego ogl\u0105dania<\/p>\n\n<p>Odkryj nowy standard przeno\u015bnych wy\u015bwietlaczy dzi\u0119ki 15,6-calowemu monitorowi 4K. Zaprojektowany dla tych, kt\u00f3rzy wymagaj\u0105 najlepszej wydajno\u015bci wizualnej i elastyczno\u015bci, ten najnowocze\u015bniejszy ekran na nowo definiuje komputery w podr\u00f3\u017cy. Niezale\u017cnie od tego, czy jeste\u015b cyfrowym nomad\u0105, fotografem czy projektantem, jest to brama do p\u0142ynnej produktywno\u015bci i wci\u0105gaj\u0105cej rozrywki, gdziekolwiek jeste\u015b.  <\/p>\n\n<p>Wci\u0105gaj\u0105cy wy\u015bwietlacz 4K UHD: Twoje mobilne okno na blask<\/p>\n\n<p>Do\u015bwiadcz zapieraj\u0105cej dech w piersiach wyrazisto\u015bci na 15,6-calowym ekranie 4K UHD. Wyposa\u017cony w ekran dotykowy z pe\u0142n\u0105 laminacj\u0105 G+G i panoramiczne proporcje 16:9, jego technologia pod\u015bwietlenia LED zapewnia \u017cywe kolory i ostre kontrasty dla tre\u015bci, kt\u00f3re wyskakuj\u0105 z ekranu. Idealny do ogl\u0105dania multimedi\u00f3w 4K, edycji zdj\u0119\u0107 lub zag\u0142\u0119biania si\u0119 w projekty graficzne, jego rozdzielczo\u015b\u0107 3840 x 2160 i 10-bitowa g\u0142\u0119bia kolor\u00f3w zapewniaj\u0105 niezr\u00f3wnan\u0105 szczeg\u00f3\u0142owo\u015b\u0107.  <\/p>\n\n<p>Elegancki wygl\u0105d, intuicyjny ekran dotykowy: Zaprojektowany z my\u015bl\u0105 o \u0142atwej interakcji<\/p>\n\n<p>Wykonany z wysokiej jako\u015bci stopu aluminium, monitor \u0142\u0105czy trwa\u0142o\u015b\u0107 z eleganckim profilem. Konstrukcja z w\u0105skimi ramkami maksymalizuje przestrze\u0144 ekranu, tworz\u0105c wci\u0105gaj\u0105ce wra\u017cenia wizualne. Dzi\u0119ki responsywnemu, pojemno\u015bciowemu, 10-punktowemu ekranowi dotykowemu, nawigacja po menu, edycja zdj\u0119\u0107 lub szkicowanie pomys\u0142\u00f3w jest naturalne i intuicyjne.  <\/p>\n\n<p>Zwi\u0119kszona przyjemno\u015b\u0107 ogl\u0105dania: doskona\u0142y obraz pod ka\u017cdym k\u0105tem<\/p>\n\n<p>Wyposa\u017cony w 15,6-calowy panel o szerokich k\u0105tach widzenia 85 stopni, pozwala bez wysi\u0142ku dzieli\u0107 si\u0119 ekranem bez utraty jako\u015bci obrazu. Wysoki wsp\u00f3\u0142czynnik kontrastu 1500:1 i jasno\u015b\u0107 600 cd\/m2 zapewniaj\u0105 g\u0142\u0119bok\u0105 czer\u0144 i \u017cywe kolory, nawet w dobrze o\u015bwietlonym otoczeniu. <\/p>\n\n<p>P\u0142ynna \u0142\u0105czno\u015b\u0107, zwi\u0119kszona wszechstronno\u015b\u0107<\/p>\n\n<p>\u0141\u0105czno\u015b\u0107 jest \u0142atwa dzi\u0119ki portom HDMI Mini i Type C do przesy\u0142ania wideo i zasilania, kompatybilnym ze smartfonami, laptopami i konsolami do gier, takimi jak PlayStation 5 i Xbox. Port micro-USB z \u0142atwo\u015bci\u0105 przekszta\u0142ca go w stacj\u0119 robocz\u0105. <\/p>\n\n<p>Uwolnij kreatywno\u015b\u0107 z precyzj\u0105<\/p>\n\n<p>Z my\u015bl\u0105 o kreatywnych profesjonalistach monitor obs\u0142uguje rysik o nacisku 4096 (sprzedawany oddzielnie), oferuj\u0105c precyzyjn\u0105 kontrol\u0119 podczas szkicowania, robienia notatek lub edycji zdj\u0119\u0107 z naturaln\u0105 \u0142atwo\u015bci\u0105.<\/p>\n\n<p>Przeno\u015bny zasilacz: Praca i zabawa bez ogranicze\u0144<\/p>\n\n<p>Wbudowana bateria 10000 mAh pozwala cieszy\u0107 si\u0119 4-5 godzinami nieprzerwanej pracy &#8211; idealna do pracy w podr\u00f3\u017cy lub ogl\u0105dania ulubionych seriali. Kompaktowy i lekki, bez trudu mie\u015bci si\u0119 w torbie, zapewniaj\u0105c produktywno\u015b\u0107 i rozrywk\u0119 w wysokiej rozdzielczo\u015bci zawsze pod r\u0119k\u0105. <\/p>\n\n<p>Zwi\u0119ksz swoj\u0105 produktywno\u015b\u0107 i rozrywk\u0119<\/p>\n\n<p>Rozszerz p\u0142ynnie obszar ekranu do wielozadaniowo\u015bci, pod\u0142\u0105cz konsole do gier, aby uzyska\u0107 wci\u0105gaj\u0105c\u0105 rozgrywk\u0119, lub ogl\u0105daj filmy w osza\u0142amiaj\u0105cej rozdzielczo\u015bci 4K UHD &#8211; ten monitor przekszta\u0142ca ka\u017cde zadanie w wyj\u0105tkowe do\u015bwiadczenie.<\/p>\n\n<p>Bogaty d\u017awi\u0119k, niezawodna kompatybilno\u015b\u0107<\/p>\n\n<p>Dwa wbudowane g\u0142o\u015bniki zapewniaj\u0105 bogaty d\u017awi\u0119k, zwi\u0119kszaj\u0105c przyjemno\u015b\u0107 z ogl\u0105dania film\u00f3w, grania lub s\u0142uchania muzyki. Kompatybilny z szerok\u0105 gam\u0105 urz\u0105dze\u0144 HDMI i Type-C, z \u0142atwo\u015bci\u0105 dostosowuje si\u0119 do Twoich potrzeb. <\/p>\n\n<p>Zaprojektowany dla profesjonalist\u00f3w: Gdzie precyzja spotyka si\u0119 z wydajno\u015bci\u0105<\/p>\n\n<p>Idealny dla fotograf\u00f3w i grafik\u00f3w, jego rozdzielczo\u015b\u0107 4K UHD i dok\u0142adne odwzorowanie kolor\u00f3w zapewniaj\u0105 realistyczne efekty wizualne. Dzi\u0119ki 100% pokryciu palety sRGB i 10-bitowej g\u0142\u0119bi kolor\u00f3w, spe\u0142nia wymagania nawet najbardziej wymagaj\u0105cych profesjonalist\u00f3w. <\/p>\n\n<p>\u0141atwa konfiguracja, niezawodna konstrukcja<\/p>\n\n<p>Dzi\u0119ki prostocie plug-and-play, konfiguracja zajmuje kilka sekund &#8211; nie wymaga skomplikowanych instalacji. Intuicyjne elementy steruj\u0105ce pozwalaj\u0105 bez wysi\u0142ku dostosowa\u0107 ustawienia, takie jak jasno\u015b\u0107 i kontrast, zapewniaj\u0105c optymalny komfort podczas d\u0142ugotrwa\u0142ego u\u017cytkowania. <\/p>\n\n<p>Trwa\u0142e, stylowe i przysz\u0142o\u015bciowe<\/p>\n\n<p>Zbudowany, aby wytrzyma\u0107 dzi\u0119ki eleganckiej obudowie ze stopu aluminium, oferuje solidn\u0105 ochron\u0119 do codziennego u\u017cytku i podr\u00f3\u017cy. Jego w\u0105ska ramka \u0142\u0105czy estetyk\u0119 z funkcjonalno\u015bci\u0105, maksymalizuj\u0105c przyjemno\u015b\u0107 ogl\u0105dania bez rozpraszania uwagi. <\/p>\n\n<p>Wnioski: Przeno\u015bny monitor 4K 15,6&#8243; na nowo definiuje mobilne wy\u015bwietlanie obrazu<\/p>\n\n<p>Poznaj przysz\u0142o\u015b\u0107 mobilnych wy\u015bwietlaczy dzi\u0119ki 15,6-calowemu przeno\u015bnemu monitorowi 4K &#8211; arcydzie\u0142u wyrazisto\u015bci, wszechstronno\u015bci i przeno\u015bno\u015bci. Niezale\u017cnie od tego, czy tworzysz, grasz, czy korzystasz z rozrywki, zapewnia niezr\u00f3wnan\u0105 wydajno\u015b\u0107 wsz\u0119dzie tam, gdzie zabierze Ci\u0119 \u017cycie. <\/p>\n\n<p>Plusy:<\/p>\n\n<ul class=\"wp-block-list\">\n<li>Osza\u0142amiaj\u0105cy wy\u015bwietlacz 4K UHD<\/li>\n\n\n\n<li>Intuicyjny ekran dotykowy<\/li>\n\n\n\n<li>Wszechstronne opcje \u0142\u0105czno\u015bci<\/li>\n\n\n\n<li>Lekka i przeno\u015bna konstrukcja<\/li>\n\n\n\n<li>Trwa\u0142a i stylowa konstrukcja<\/li>\n<\/ul>\n\n<p>Wady:<\/p>\n\n<ul class=\"wp-block-list\">\n<li>Rysik sprzedawany oddzielnie<\/li>\n\n\n\n<li>Ograniczona \u017cywotno\u015b\u0107 baterii przy d\u0142u\u017cszym u\u017cytkowaniu<\/li>\n\n\n\n<li>Wbudowane g\u0142o\u015bniki mog\u0105 nie spe\u0142nia\u0107 standard\u00f3w audiofilskich<\/li>\n<\/ul>\n\n\r\n<div class=\"wp-block-jetpack-tiled-gallery aligncenter is-style-rectangular\">\r\n<div class=\"tiled-gallery__gallery\">\r\n<div class=\"tiled-gallery__row\">\r\n<div class=\"tiled-gallery__col\" style=\"flex-basis: 55.49556%;\">\r\n<figure class=\"tiled-gallery__item\"><img decoding=\"async\" src=\"https:\/\/i2.wp.com\/droix.net\/wp-content\/uploads\/2023\/04\/S23B_5-MONITOR-MARKETING-IMAGE-DONE-2.jpg?ssl=1\" alt=\"\" data-height=\"1000\" data-id=\"157015\" data-link=\"https:\/\/droix.net\/?attachment_id=157015\" data-url=\"https:\/\/droix.net\/wp-content\/uploads\/2023\/04\/S23B_5-MONITOR-MARKETING-IMAGE-DONE-2.jpg\" data-width=\"1000\" data-amp-layout=\"responsive\"><\/figure>\r\n<\/div>\r\n<div class=\"tiled-gallery__col\" style=\"flex-basis: 44.50444%;\">\r\n<figure class=\"tiled-gallery__item\"><img decoding=\"async\" src=\"https:\/\/i0.wp.com\/droix.net\/wp-content\/uploads\/2023\/04\/S23B_5-MONITOR-MARKETING-IMAGE-DONE-1.jpg?ssl=1\" alt=\"\" data-height=\"619\" data-id=\"157010\" data-link=\"https:\/\/droix.net\/?attachment_id=157010\" data-url=\"https:\/\/droix.net\/wp-content\/uploads\/2023\/04\/S23B_5-MONITOR-MARKETING-IMAGE-DONE-1.jpg\" data-width=\"1000\" data-amp-layout=\"responsive\"><\/figure>\r\n<figure class=\"tiled-gallery__item\"><img decoding=\"async\" src=\"https:\/\/i2.wp.com\/droix.net\/wp-content\/uploads\/2023\/04\/S23B_5-MONITOR-MARKETING-IMAGE-DONE-3.jpg?ssl=1\" alt=\"\" data-height=\"619\" data-id=\"157020\" data-link=\"https:\/\/droix.net\/?attachment_id=157020\" data-url=\"https:\/\/droix.net\/wp-content\/uploads\/2023\/04\/S23B_5-MONITOR-MARKETING-IMAGE-DONE-3.jpg\" data-width=\"1000\" data-amp-layout=\"responsive\"><\/figure>\r\n<\/div>\r\n<\/div>\r\n<div class=\"tiled-gallery__row\">\r\n<div class=\"tiled-gallery__col\" style=\"flex-basis: 37.61498%;\">\r\n<figure class=\"tiled-gallery__item\"><img decoding=\"async\" src=\"https:\/\/i2.wp.com\/droix.net\/wp-content\/uploads\/2023\/04\/S23B_5-MONITOR-MARKETING-IMAGE-DONE-4.jpg?ssl=1\" alt=\"\" data-height=\"1000\" data-id=\"157025\" data-link=\"https:\/\/droix.net\/?attachment_id=157025\" data-url=\"https:\/\/droix.net\/wp-content\/uploads\/2023\/04\/S23B_5-MONITOR-MARKETING-IMAGE-DONE-4.jpg\" data-width=\"1000\" data-amp-layout=\"responsive\"><\/figure>\r\n<figure class=\"tiled-gallery__item\"><img decoding=\"async\" src=\"https:\/\/i0.wp.com\/droix.net\/wp-content\/uploads\/2023\/04\/S23B_5-MONITOR-MARKETING-IMAGE-DONE-5.jpg?ssl=1\" alt=\"\" data-height=\"619\" data-id=\"157030\" data-link=\"https:\/\/droix.net\/?attachment_id=157030\" data-url=\"https:\/\/droix.net\/wp-content\/uploads\/2023\/04\/S23B_5-MONITOR-MARKETING-IMAGE-DONE-5.jpg\" data-width=\"1000\" data-amp-layout=\"responsive\"><\/figure>\r\n<\/div>\r\n<div class=\"tiled-gallery__col\" style=\"flex-basis: 62.38502%;\">\r\n<figure class=\"tiled-gallery__item\"><img decoding=\"async\" src=\"https:\/\/i0.wp.com\/droix.net\/wp-content\/uploads\/2023\/04\/S23B_5-MONITOR-MARKETING-IMAGE-DONE-6.jpg?ssl=1\" alt=\"\" data-height=\"981\" data-id=\"157035\" data-link=\"https:\/\/droix.net\/?attachment_id=157035\" data-url=\"https:\/\/droix.net\/wp-content\/uploads\/2023\/04\/S23B_5-MONITOR-MARKETING-IMAGE-DONE-6.jpg\" data-width=\"1000\" data-amp-layout=\"responsive\"><\/figure>\r\n<\/div>\r\n<\/div>\r\n<div class=\"tiled-gallery__row\">\r\n<div class=\"tiled-gallery__col\" style=\"flex-basis: 33.33333%;\">\r\n<figure class=\"tiled-gallery__item\"><img decoding=\"async\" src=\"https:\/\/i1.wp.com\/droix.net\/wp-content\/uploads\/2023\/04\/S23B_5-MONITOR-MARKETING-IMAGE-DONE-7.jpg?ssl=1\" alt=\"\" data-height=\"1000\" data-id=\"157040\" data-link=\"https:\/\/droix.net\/?attachment_id=157040\" data-url=\"https:\/\/droix.net\/wp-content\/uploads\/2023\/04\/S23B_5-MONITOR-MARKETING-IMAGE-DONE-7.jpg\" data-width=\"1000\" data-amp-layout=\"responsive\"><\/figure>\r\n<\/div>\r\n<div class=\"tiled-gallery__col\" style=\"flex-basis: 33.33333%;\">\r\n<figure class=\"tiled-gallery__item\"><img decoding=\"async\" src=\"https:\/\/i1.wp.com\/droix.net\/wp-content\/uploads\/2023\/04\/S23B_5-MONITOR-MARKETING-IMAGE-DONE-8.jpg?ssl=1\" alt=\"\" data-height=\"1000\" data-id=\"157045\" data-link=\"https:\/\/droix.net\/?attachment_id=157045\" data-url=\"https:\/\/droix.net\/wp-content\/uploads\/2023\/04\/S23B_5-MONITOR-MARKETING-IMAGE-DONE-8.jpg\" data-width=\"1000\" data-amp-layout=\"responsive\"><\/figure>\r\n<\/div>\r\n<div class=\"tiled-gallery__col\" style=\"flex-basis: 33.33333%;\">\r\n<figure class=\"tiled-gallery__item\"><img decoding=\"async\" src=\"https:\/\/i1.wp.com\/droix.net\/wp-content\/uploads\/2023\/04\/S23B_5-MONITOR-MARKETING-IMAGE-DONE-9.jpg?ssl=1\" alt=\"\" data-height=\"1000\" data-id=\"157050\" data-link=\"https:\/\/droix.net\/?attachment_id=157050\" data-url=\"https:\/\/droix.net\/wp-content\/uploads\/2023\/04\/S23B_5-MONITOR-MARKETING-IMAGE-DONE-9.jpg\" data-width=\"1000\" data-amp-layout=\"responsive\"><\/figure>\r\n<\/div>\r\n<\/div>\r\n<div class=\"tiled-gallery__row\">\r\n<div class=\"tiled-gallery__col\" style=\"flex-basis: 50.00000%;\">\r\n<figure class=\"tiled-gallery__item\"><img decoding=\"async\" src=\"https:\/\/i0.wp.com\/droix.net\/wp-content\/uploads\/2023\/04\/S23B_5-MONITOR-MARKETING-IMAGE-DONE-10.jpg?ssl=1\" alt=\"\" data-height=\"1000\" data-id=\"157055\" data-link=\"https:\/\/droix.net\/?attachment_id=157055\" data-url=\"https:\/\/droix.net\/wp-content\/uploads\/2023\/04\/S23B_5-MONITOR-MARKETING-IMAGE-DONE-10.jpg\" data-width=\"1000\" data-amp-layout=\"responsive\"><\/figure>\r\n<\/div>\r\n<div class=\"tiled-gallery__col\" style=\"flex-basis: 50.00000%;\">\r\n<figure class=\"tiled-gallery__item\"><img decoding=\"async\" src=\"https:\/\/i0.wp.com\/droix.net\/wp-content\/uploads\/2023\/04\/S23B_5-MONITOR-MARKETING-IMAGE-DONE-11.jpg?ssl=1\" alt=\"\" data-height=\"1000\" data-id=\"157060\" data-link=\"https:\/\/droix.net\/?attachment_id=157060\" data-url=\"https:\/\/droix.net\/wp-content\/uploads\/2023\/04\/S23B_5-MONITOR-MARKETING-IMAGE-DONE-11.jpg\" data-width=\"1000\" data-amp-layout=\"responsive\"><\/figure>\r\n<\/div>\r\n<\/div>\r\n<div class=\"tiled-gallery__row\">\r\n<div class=\"tiled-gallery__col\" style=\"flex-basis: 29.89199%;\">\r\n<figure class=\"tiled-gallery__item\"><img decoding=\"async\" src=\"https:\/\/i2.wp.com\/droix.net\/wp-content\/uploads\/2023\/04\/S23B_5-MONITOR-MARKETING-IMAGE-DONE-12.jpg?ssl=1\" alt=\"\" data-height=\"619\" data-id=\"157065\" data-link=\"https:\/\/droix.net\/?attachment_id=157065\" data-url=\"https:\/\/droix.net\/wp-content\/uploads\/2023\/04\/S23B_5-MONITOR-MARKETING-IMAGE-DONE-12.jpg\" data-width=\"1000\" data-amp-layout=\"responsive\"><\/figure>\r\n<figure class=\"tiled-gallery__item\"><img decoding=\"async\" src=\"https:\/\/i1.wp.com\/droix.net\/wp-content\/uploads\/2023\/04\/S23B_5-MONITOR-MARKETING-IMAGE-DONE-13.jpg?ssl=1\" alt=\"\" data-height=\"1000\" data-id=\"157070\" data-link=\"https:\/\/droix.net\/?attachment_id=157070\" data-url=\"https:\/\/droix.net\/wp-content\/uploads\/2023\/04\/S23B_5-MONITOR-MARKETING-IMAGE-DONE-13.jpg\" data-width=\"1000\" data-amp-layout=\"responsive\"><\/figure>\r\n<figure class=\"tiled-gallery__item\"><img decoding=\"async\" src=\"https:\/\/i2.wp.com\/droix.net\/wp-content\/uploads\/2023\/04\/S23B_5-MONITOR-MARKETING-IMAGE-DONE-14.jpg?ssl=1\" alt=\"\" data-height=\"822\" data-id=\"157075\" data-link=\"https:\/\/droix.net\/?attachment_id=157075\" data-url=\"https:\/\/droix.net\/wp-content\/uploads\/2023\/04\/S23B_5-MONITOR-MARKETING-IMAGE-DONE-14.jpg\" data-width=\"1000\" data-amp-layout=\"responsive\"><\/figure>\r\n<\/div>\r\n<div class=\"tiled-gallery__col\" style=\"flex-basis: 70.10801%;\">\r\n<figure class=\"tiled-gallery__item\"><img decoding=\"async\" src=\"https:\/\/i1.wp.com\/droix.net\/wp-content\/uploads\/2023\/04\/S23B_5-MONITOR-MARKETING-IMAGE-DONE-15-977x1024.jpg?ssl=1\" alt=\"\" data-height=\"1048\" data-id=\"157080\" data-link=\"https:\/\/droix.net\/?attachment_id=157080\" data-url=\"https:\/\/droix.net\/wp-content\/uploads\/2023\/04\/S23B_5-MONITOR-MARKETING-IMAGE-DONE-15-977x1024.jpg\" data-width=\"1000\" data-amp-layout=\"responsive\"><\/figure>\r\n<\/div>\r\n<\/div>\r\n<div class=\"tiled-gallery__row\">\r\n<div class=\"tiled-gallery__col\" style=\"flex-basis: 54.96322%;\">\r\n<figure class=\"tiled-gallery__item\"><img decoding=\"async\" src=\"https:\/\/i0.wp.com\/droix.net\/wp-content\/uploads\/2023\/04\/S23B_5-MONITOR-MARKETING-IMAGE-DONE-16.jpg?ssl=1\" alt=\"\" data-height=\"787\" data-id=\"157085\" data-link=\"https:\/\/droix.net\/?attachment_id=157085\" data-url=\"https:\/\/droix.net\/wp-content\/uploads\/2023\/04\/S23B_5-MONITOR-MARKETING-IMAGE-DONE-16.jpg\" data-width=\"1000\" data-amp-layout=\"responsive\"><\/figure>\r\n<\/div>\r\n<div class=\"tiled-gallery__col\" style=\"flex-basis: 45.03678%;\">\r\n<figure class=\"tiled-gallery__item\"><img decoding=\"async\" src=\"https:\/\/i1.wp.com\/droix.net\/wp-content\/uploads\/2023\/04\/S23B_5-MONITOR-MARKETING-IMAGE-DONE-17.jpg?ssl=1\" alt=\"\" data-height=\"961\" data-id=\"157090\" data-link=\"https:\/\/droix.net\/?attachment_id=157090\" data-url=\"https:\/\/droix.net\/wp-content\/uploads\/2023\/04\/S23B_5-MONITOR-MARKETING-IMAGE-DONE-17.jpg\" data-width=\"1000\" data-amp-layout=\"responsive\"><\/figure>\r\n<\/div>\r\n<\/div>\r\n<\/div>\r\n<\/div>\r\n","protected":false},"excerpt":{"rendered":"<ul>\n<li>Ekran dotykowy kompatybilny z systemem <strong>MacOS<\/strong><\/li>\n<li>Obs\u0142uga ekranu dotykowego <strong>Do\u0142\u0105czony rysik<\/strong><\/li>\n<li>Sk\u0142adana obudowa jako podstawka pod monitor<\/li>\n<li>Przeno\u015bny i lekki<\/li>\n<li><strong>Zasilany przez USB<\/strong>, obs\u0142uguje mini-HDMI, USB Type-C<\/li>\n<\/ul>\n[cg_accordion title=\"INFORMACJE O P\u0141ATNO\u015aCIACH\"]<\/p>\n<p>Korzystamy z najnowszej technologii przetwarzania p\u0142atno\u015bci, kt\u00f3ra umo\u017cliwia dokonywanie p\u0142atno\u015bci za po\u015brednictwem Apple Pay, Google Pay, karty debetowej\/kredytowej, PayPal lub metod BNPL, takich jak Klarna, Affirm lub AfterPay, zapewniaj\u0105c szybkie i bezpieczne do\u015bwiadczenie.[\/cg_accordion]\n[cg_accordion title=\"GWARANCJA\"]<\/p>\n<p>2 lata gwarancji od <a href=\"https:\/\/droix.net\/\" target=\"_blank\" rel=\"nofollow noopener\">DROIX<\/a> Global dla Twojego spokoju ducha[\/cg_accordion]\n[cg_accordion title=\"CENY, PODATKI I WYSY\u0141KA\"]<\/p>\n<p><strong><u>Uwaga:<\/u><\/strong><\/p>\n<ul>\n<li>Klienci ze Stan\u00f3w Zjednoczonych: Wy\u015bwietlana cena NIE ZAWIERA PODATKU ani c\u0142a. Odpowiedzialno\u015b\u0107 za odpraw\u0119 celn\u0105 i zap\u0142at\u0119 wszelkich powi\u0105zanych podatk\u00f3w \/ ce\u0142 spoczywa na kliencie. <\/li>\n<li>Klienci z UE: Wy\u015bwietlana cena zawiera obowi\u0105zuj\u0105cy PODATEK, kt\u00f3ry mo\u017ce wynosi\u0107 do 25% w zale\u017cno\u015bci od kraju.<\/li>\n<li>Klienci z Kanady: Wy\u015bwietlana cena zawiera obowi\u0105zuj\u0105ce podatki, kt\u00f3re mog\u0105 obejmowa\u0107 5% GST i dodatkowe prowincjonalne podatki od sprzeda\u017cy (PST), zharmonizowany podatek od sprzeda\u017cy (HST) lub podatek od sprzeda\u017cy w Quebecu (QST), w zale\u017cno\u015bci od prowincji.<\/li>\n<\/ul>\n<p><strong>TYLKO dla klient\u00f3w z UE:<\/strong> Express DDP (Delivered Duty Paid). Oznacza to: <\/p>\n<ul>\n<li>Wszystkie op\u0142aty celne i podatki s\u0105 wliczone w cen\u0119 wy\u015bwietlan\u0105 na stronie produktu.<\/li>\n<li>Przy dostawie nie trzeba b\u0119dzie uiszcza\u0107 \u017cadnych dodatkowych op\u0142at.<\/li>\n<li>W rzadkich przypadkach zwi\u0105zanych z kwestiami celnymi nasz zesp\u00f3\u0142 zajmie si\u0119 procesem odprawy celnej w Twoim imieniu, aby zapewni\u0107 sprawn\u0105 dostaw\u0119.<\/li>\n<p>Wa\u017cne informacje dotycz\u0105ce zwrot\u00f3w:<\/p>\n<li>Je\u015bli zdecydujesz si\u0119 zwr\u00f3ci\u0107 zam\u00f3wienie lub za\u017c\u0105da\u0107 zwrotu pieni\u0119dzy, pami\u0119taj, \u017ce podatki i c\u0142a zap\u0142acone w Twoim imieniu zgodnie z warunkami DDP nie mog\u0105 zosta\u0107 zwr\u00f3cone.<\/li>\n<p>Szczeg\u00f3\u0142owe informacje mo\u017cna znale\u017a\u0107 w naszym <a href=\"https:\/\/gpdstore.net\/pl\/terms-of-service\/\" target=\"_blank\" rel=\"nofollow noopener\">Regulaminie<\/a>.\n<\/ul>\n<p>[\/cg_accordion]\n[cg_accordion title=\"OBS\u0141UGA KLIENTA\"]<\/p>\n<p>Masz pytanie? Wystarczy kr\u00f3tka wiadomo\u015b\u0107 tekstowa, aby rozwi\u0105za\u0107 Tw\u00f3j problem!<br \/>\n[\/cg_accordion]\n[cg_accordion title=\"CO ZAWIERA\"]<\/p>\n<ul>\n<li>1x wtyczka zasilania (UE\/USA)<\/li>\n<li>1x Rysik<\/li>\n<li>1x Instrukcja obs\u0142ugi<\/li>\n<\/ul>\n<p>[\/cg_accordion]\n","protected":false},"featured_media":15852,"template":"","meta":{"_acf_changed":false},"product_brand":[],"product_cat":[2422],"product_tag":[2423,2424],"woo-feed-brand":[2425],"class_list":{"0":"post-6697","1":"product","2":"type-product","3":"status-publish","4":"has-post-thumbnail","6":"product_cat-monitory-przenosne","7":"product_tag-30gpdsale-pl","8":"product_tag-droix-portable-monitor-pl","9":"product_shipping_class-standard","10":"pa_brand-droix","11":"woo-feed-brand-droix-pl","13":"first","14":"outofstock","15":"sale","16":"taxable","17":"shipping-taxable","18":"purchasable","19":"product-type-variable","20":"has-default-attributes"},"acf":[],"aioseo_notices":[],"_links":{"self":[{"href":"https:\/\/gpdstore.net\/pl\/wp-json\/wp\/v2\/product\/6697","targetHints":{"allow":["GET"]}}],"collection":[{"href":"https:\/\/gpdstore.net\/pl\/wp-json\/wp\/v2\/product"}],"about":[{"href":"https:\/\/gpdstore.net\/pl\/wp-json\/wp\/v2\/types\/product"}],"wp:featuredmedia":[{"embeddable":true,"href":"https:\/\/gpdstore.net\/pl\/wp-json\/wp\/v2\/media\/15852"}],"wp:attachment":[{"href":"https:\/\/gpdstore.net\/pl\/wp-json\/wp\/v2\/media?parent=6697"}],"wp:term":[{"taxonomy":"product_brand","embeddable":true,"href":"https:\/\/gpdstore.net\/pl\/wp-json\/wp\/v2\/product_brand?post=6697"},{"taxonomy":"product_cat","embeddable":true,"href":"https:\/\/gpdstore.net\/pl\/wp-json\/wp\/v2\/product_cat?post=6697"},{"taxonomy":"product_tag","embeddable":true,"href":"https:\/\/gpdstore.net\/pl\/wp-json\/wp\/v2\/product_tag?post=6697"},{"taxonomy":"woo-feed-brand","embeddable":true,"href":"https:\/\/gpdstore.net\/pl\/wp-json\/wp\/v2\/woo-feed-brand?post=6697"}],"curies":[{"name":"wp","href":"https:\/\/api.w.org\/{rel}","templated":true}]}}