{"id":6688,"date":"2024-07-12T09:49:06","date_gmt":"2024-07-12T09:49:06","guid":{"rendered":"https:\/\/gpdstore.net\/bez-kategorii\/przenosny-monitor-156%e2%80%b3-4k-z-obsluga-adobe-rgb\/"},"modified":"2025-12-23T10:15:48","modified_gmt":"2025-12-23T10:15:48","slug":"15-6-4k-portable-monitor-with-adobe-rgb","status":"publish","type":"product","link":"https:\/\/gpdstore.net\/pl\/product\/15-6-4k-portable-monitor-with-adobe-rgb\/","title":{"rendered":"Przeno\u015bny monitor 15,6\u2033 4K z obs\u0142ug\u0105 Adobe RGB"},"content":{"rendered":"\n<p>Przedstawiamy 15,6-calowy przeno\u015bny monitor 4K S23B-5: najnowocze\u015bniejsze monitory mobilne o ultrawysokiej rozdzielczo\u015bci<\/p>\n\n<p>Szukasz przeno\u015bnego monitora, kt\u00f3ry zapewnia wyj\u0105tkow\u0105 jako\u015b\u0107 obrazu i wydajno\u015b\u0107 w podr\u00f3\u017cy? Poznaj przeno\u015bny monitor 4K S23B-5. To zaawansowane urz\u0105dzenie zapewnia mobilne wy\u015bwietlacze o ultrawysokiej rozdzielczo\u015bci na wyci\u0105gni\u0119cie r\u0119ki, oferuj\u0105c osza\u0142amiaj\u0105c\u0105 klarowno\u015b\u0107 i precyzj\u0119 4K UHD. Niezale\u017cnie od tego, czy jeste\u015b graczem, profesjonalnym monta\u017cyst\u0105 wideo, grafikiem, czy entuzjast\u0105 mobilnej produktywno\u015bci, ten przeno\u015bny monitor o wysokiej rozdzielczo\u015bci jest idealnym towarzyszem.   <\/p>\n\n<p>Wci\u0105gaj\u0105ce wra\u017cenia wizualne dzi\u0119ki monitorom podr\u00f3\u017cnym 4K UHD Przygotuj si\u0119 na wci\u0105gaj\u0105ce wra\u017cenia wizualne S23B-5. Wyposa\u017cone w 15,6-calowy monitor dotykowy, urz\u0105dzenie to mo\u017ce pochwali\u0107 si\u0119 wy\u015bwietlaczem 4K UHD, kt\u00f3ry o\u017cywia tre\u015bci z niezwyk\u0142\u0105 szczeg\u00f3\u0142owo\u015bci\u0105 i \u017cywymi kolorami. Dzi\u0119ki rozdzielczo\u015bci 3840 x 2160 i 10-bitowej g\u0142\u0119bi kolor\u00f3w, ka\u017cdy obraz i wideo na tym przeno\u015bnym ekranie 4K jest renderowany z zadziwiaj\u0105c\u0105 wyrazisto\u015bci\u0105, zapewniaj\u0105c, \u017ce \u017caden szczeg\u00f3\u0142 nie pozostanie niezauwa\u017cony. Niezale\u017cnie od tego, czy ogl\u0105dasz filmy, grasz w gry, czy edytujesz zdj\u0119cia i filmy, S23B-5 zapewnia wizualn\u0105 uczt\u0119.   <\/p>\n\n<p>Elegancki i responsywny pojemno\u015bciowy 10-punktowy ekran dotykowy Interakcja z monitorem S23B-5 jest przyjemno\u015bci\u0105 dzi\u0119ki pojemno\u015bciowemu 10-punktowemu ekranowi dotykowemu. Wyposa\u017cony w w pe\u0142ni laminowany ekran dotykowy G+G, ten przeno\u015bny monitor oferuje p\u0142ynn\u0105 i precyzyjn\u0105 reakcj\u0119 na dotyk, umo\u017cliwiaj\u0105c p\u0142ynn\u0105 nawigacj\u0119 po menu, sterowanie aplikacjami i wykonywanie polece\u0144. Niezale\u017cnie od tego, czy powi\u0119kszasz zdj\u0119cia, przewijasz strony internetowe, czy tworzysz skomplikowane projekty, ekran dotykowy S23B-5 zapewnia szybko\u015b\u0107 reakcji i dok\u0142adno\u015b\u0107, aby zwi\u0119kszy\u0107 produktywno\u015b\u0107 i kreatywno\u015b\u0107.  <\/p>\n\n<p>Uwolnij swoj\u0105 kreatywno\u015b\u0107 w podr\u00f3\u017cy Zaprojektowany dla kreatywnych profesjonalist\u00f3w, S23B-5 jest najlepszym towarzyszem do edycji wideo, projektowania graficznego i edycji zdj\u0119\u0107. Dzi\u0119ki 100% pokryciu przestrzeni barw Adobe RGB, ten przeno\u015bny monitor zapewnia realistyczne kolory, umo\u017cliwiaj\u0105c precyzyjn\u0105 regulacj\u0119 kolor\u00f3w i osza\u0142amiaj\u0105ce rezultaty. Wy\u015bwietlacz o wysokiej rozdzielczo\u015bci w po\u0142\u0105czeniu z 10-bitow\u0105 g\u0142\u0119bi\u0105 kolor\u00f3w umo\u017cliwia prac\u0119 ze skomplikowanymi szczeg\u00f3\u0142ami i osi\u0105gni\u0119cie dok\u0142adno\u015bci wizualnej krytycznej dla profesjonalnej pracy tw\u00f3rczej.  <\/p>\n\n<p>Bezproblemowa \u0142\u0105czno\u015b\u0107 dla wi\u0119kszej wszechstronno\u015bci \u0141\u0105czno\u015b\u0107 z S23B-5 nie wymaga wysi\u0142ku. Ten monitor podr\u00f3\u017cny 4K UHD jest wyposa\u017cony w port HD Mini, porty Type-C do przesy\u0142ania danych wideo i zasilania, port s\u0142uchawkowy (3,5 mm) oraz port Micro-USB do pod\u0142\u0105czania urz\u0105dze\u0144 peryferyjnych, takich jak klawiatury i myszy. Niezale\u017cnie od tego, czy pod\u0142\u0105czasz smartfon, laptop, PlayStation, Xbox czy inne kompatybilne urz\u0105dzenia, S23B-5 zapewnia kompatybilno\u015b\u0107, zwi\u0119kszaj\u0105c powierzchni\u0119 ekranu, aby zwi\u0119kszy\u0107 produktywno\u015b\u0107 lub wra\u017cenia z gry, gdziekolwiek jeste\u015b.  <\/p>\n\n<p>Wbudowana bateria zapewniaj\u0105ca nieprzerwane u\u017cytkowanie Opr\u00f3cz du\u017cej mocy i wszechstronno\u015bci, S23B-5 jest niezwykle wygodny dzi\u0119ki wbudowanej baterii polimerowej 10000 mAh. Ciesz si\u0119 nieprzerwanym u\u017cytkowaniem podczas podr\u00f3\u017cy, spotka\u0144 lub pracy zdalnej. D\u0142ugotrwa\u0142a bateria zapewnia swobod\u0119 pracy, zabawy lub tworzenia bez martwienia si\u0119 o zasilanie. Zachowaj produktywno\u015b\u0107 i rozrywk\u0119 w podr\u00f3\u017cy.   <\/p>\n\n<p>Najwy\u017csza jako\u015b\u0107 wykonania i przeno\u015bna konstrukcja Wykonany z wysokiej jako\u015bci stopu aluminium, S23B-5 jest wytrzyma\u0142y i emanuje wysokiej jako\u015bci wygl\u0105dem. Jego elegancka i smuk\u0142a konstrukcja o wymiarach zaledwie 357 x 223 x 9 mm i wadze 1300 g sprawia, \u017ce jest on bardzo przeno\u015bny i \u0142atwy do przenoszenia w torbie lub plecaku. S23B-5 zosta\u0142 zaprojektowany jako niezawodny towarzysz, zapewniaj\u0105cy bezkompromisow\u0105 produktywno\u015b\u0107 lub rozrywk\u0119, bez wzgl\u0119du na to, gdzie jeste\u015b.  <\/p>\n\n<p>Wci\u0105gaj\u0105ce wra\u017cenia d\u017awi\u0119kowe Zapewniaj\u0105c nie tylko osza\u0142amiaj\u0105ce efekty wizualne, S23B-5 zapewnia wci\u0105gaj\u0105ce wra\u017cenia d\u017awi\u0119kowe dzi\u0119ki dw\u00f3m g\u0142o\u015bnikom o mocy 1,0 W. Ciesz si\u0119 wyra\u017anym i czystym d\u017awi\u0119kiem podczas ogl\u0105dania film\u00f3w, grania w gry lub korzystania z multimedi\u00f3w. Niezale\u017cnie od tego, czy prowadzisz wideokonferencj\u0119, s\u0142uchasz muzyki, czy ogl\u0105dasz programy, S23B-5 zwi\u0119ksza wra\u017cenia sensoryczne, czyni\u0105c je wci\u0105gaj\u0105cymi i urzekaj\u0105cymi.  <\/p>\n\n<p>Zwi\u0119kszony komfort ogl\u0105dania Tw\u00f3j komfort ma znaczenie, zw\u0142aszcza podczas d\u0142ugiego czasu sp\u0119dzonego przed ekranem. S23B-5 zapewnia optymalny komfort ogl\u0105dania dzi\u0119ki szerokim k\u0105tom widzenia i regulowanym ustawieniom. K\u0105t widzenia 85 stopni we wszystkich kierunkach (U\/D\/L\/R) pozwala cieszy\u0107 si\u0119 wyra\u017anym obrazem i \u017cywymi kolorami z r\u00f3\u017cnych perspektyw. Niezale\u017cnie od tego, czy wsp\u00f3\u0142pracujesz, udost\u0119pniasz tre\u015bci, czy dostosowujesz monitor do preferowanej pozycji ogl\u0105dania, S23B-5 zapewnia wygodne i d\u0142ugotrwa\u0142e u\u017cytkowanie bez zm\u0119czenia oczu lub pogorszenia postawy.   <\/p>\n\n<p>Idealny dla entuzjast\u00f3w gier Dla entuzjast\u00f3w gier S23B-5 jest najlepszym przeno\u015bnym monitorem do gier 4K. Dzi\u0119ki rozdzielczo\u015bci 4K UHD, precyzyjnej dok\u0142adno\u015bci kolor\u00f3w i kr\u00f3tkiemu czasowi reakcji wynosz\u0105cemu 25 ms, monitor ten zapewnia niezr\u00f3wnane wra\u017cenia w grach. Zanurz si\u0119 w realistycznej grafice, bogatych kolorach i ostrych szczeg\u00f3\u0142ach, kt\u00f3re podnios\u0105 poziom Twoich przyg\u00f3d z grami. S23B-5 zapewnia wyra\u017an\u0105 ka\u017cd\u0105 klatk\u0119, umo\u017cliwiaj\u0105c szybkie reakcje i przewag\u0119 nad konkurencj\u0105 w szybkich grach akcji, wci\u0105gaj\u0105cych grach RPG lub osza\u0142amiaj\u0105cych wizualnie \u015bwiatach.   <\/p>\n\n<p>Zwi\u0119ksz produktywno\u015b\u0107 w podr\u00f3\u017cy S23B-5 to nie tylko rozrywka i gry, ale tak\u017ce pot\u0119ga produktywno\u015bci. Niezale\u017cnie od tego, czy jeste\u015b cyfrowym nomad\u0105, studentem, czy profesjonalist\u0105 potrzebuj\u0105cym przeno\u015bnego miejsca do pracy, ten monitor spe\u0142ni Twoje potrzeby. Rozszerz ekran laptopa lub smartfona, pracuj wielozadaniowo bez wysi\u0142ku i zwi\u0119ksz wydajno\u015b\u0107 oraz przep\u0142yw pracy. Edytuj dokumenty, tw\u00f3rz prezentacje lub analizuj dane dzi\u0119ki dodatkowej powierzchni ekranu oferowanej przez S23B-5. Wy\u015bwietlacz o wysokiej rozdzielczo\u015bci i dok\u0142adne odwzorowanie kolor\u00f3w zapewniaj\u0105 prac\u0119 ze skomplikowanymi szczeg\u00f3\u0142ami i zachowanie sp\u00f3jno\u015bci na r\u00f3\u017cnych urz\u0105dzeniach. S23B-5 to przeno\u015bne centrum produktywno\u015bci, kt\u00f3re pozwala osi\u0105gn\u0105\u0107 wi\u0119cej, nawet w podr\u00f3\u017cy.     <\/p>\n\n<p>Podsumowanie Podsumowuj\u0105c, przeno\u015bny monitor 4K S23B-5 to wyj\u0105tkowe urz\u0105dzenie zapewniaj\u0105ce mobilne wy\u015bwietlacze o ultrawysokiej rozdzielczo\u015bci na wyci\u0105gni\u0119cie r\u0119ki. Dzi\u0119ki rozdzielczo\u015bci 4K UHD, pojemno\u015bciowemu 10-punktowemu ekranowi dotykowemu i szerokiej gamie kolor\u00f3w, ten przeno\u015bny monitor oferuje osza\u0142amiaj\u0105ce efekty wizualne i wyj\u0105tkow\u0105 wydajno\u015b\u0107. Niezale\u017cnie od tego, czy jeste\u015b graczem, kreatywnym profesjonalist\u0105, czy cenisz sobie produktywno\u015b\u0107 w podr\u00f3\u017cy, S23B-5 jest dostosowany do Twoich potrzeb. Wszechstronne opcje \u0142\u0105czno\u015bci, wbudowana bateria i wysoka jako\u015b\u0107 wykonania sprawiaj\u0105, \u017ce jest to wyj\u0105tkowy wyb\u00f3r.   <\/p>\n\n<p>Plusy: Osza\u0142amiaj\u0105ce efekty wizualne: S23B-5 oferuje wy\u015bwietlacz 4K UHD z wyj\u0105tkow\u0105 dok\u0142adno\u015bci\u0105 kolor\u00f3w, idealny do gier, edycji wideo, projektowania graficznego i edycji zdj\u0119\u0107. Funkcjonalno\u015b\u0107 ekranu dotykowego: Pojemno\u015bciowy, 10-punktowy ekran dotykowy zapewnia responsywn\u0105 i intuicyjn\u0105 obs\u0142ug\u0119, umo\u017cliwiaj\u0105c \u0142atw\u0105 nawigacj\u0119 i precyzyjn\u0105 kontrol\u0119. Przeno\u015bno\u015b\u0107: Smuk\u0142y i lekki, S23B-5 jest wysoce przeno\u015bny do podr\u00f3\u017cy, podr\u00f3\u017cy s\u0142u\u017cbowych i pracy zdalnej. Wszechstronna \u0142\u0105czno\u015b\u0107: Wiele port\u00f3w, w tym HD Mini, typu C, s\u0142uchawkowy i Micro-USB, zapewnia kompatybilno\u015b\u0107 ze smartfonami, laptopami i konsolami do gier. Wbudowana bateria: Dzi\u0119ki baterii polimerowej o pojemno\u015bci 10000 mAh, S23B-5 zapewnia nieprzerwane u\u017cytkowanie w podr\u00f3\u017cy, bez konieczno\u015bci korzystania ze \u017ar\u00f3d\u0142a zasilania.    <\/p>\n\n<p>Wady: Ograniczone opcje rozmiar\u00f3w: Dost\u0119pny tylko w rozmiarze 15,6 cala, mo\u017ce nie odpowiada\u0107 u\u017cytkownikom preferuj\u0105cym wi\u0119ksze lub mniejsze monitory przeno\u015bne. Wyj\u015bcie audio: Wbudowane g\u0142o\u015bniki mog\u0105 nie pasowa\u0107 do zewn\u0119trznych g\u0142o\u015bnik\u00f3w lub s\u0142uchawek dla os\u00f3b poszukuj\u0105cych bardziej wci\u0105gaj\u0105cych wra\u017ce\u0144 d\u017awi\u0119kowych. <\/p>\n","protected":false},"excerpt":{"rendered":"<ul>\n<li><strong>100% gamy kolor\u00f3w Adobe<\/strong> <strong>15,6-calowy<\/strong> przeno\u015bny monitor <strong>UHD 4K<\/strong> <\/li>\n<li>10-punktowy pojemno\u015bciowy ekran dotykowy<\/li>\n<li>Ekran dotykowy kompatybilny z systemem <strong>MacOS<\/strong><\/li>\n<li>Wbudowana bateria 10000 mAh<\/li>\n<li><strong>Zasilany przez USB<\/strong>, obs\u0142uguje mini-HDMI, USB Type-C<\/li>\n<\/ul>\n[cg_accordion title=\"INFORMACJE O P\u0141ATNO\u015aCIACH\"]<\/p>\n<p>Korzystamy z najnowszej technologii przetwarzania p\u0142atno\u015bci, kt\u00f3ra umo\u017cliwia dokonywanie p\u0142atno\u015bci za po\u015brednictwem Apple Pay, Google Pay, karty debetowej\/kredytowej, PayPal lub metod BNPL, takich jak Klarna, Affirm lub AfterPay, zapewniaj\u0105c szybkie i bezpieczne do\u015bwiadczenie.[\/cg_accordion]\n[cg_accordion title=\"GWARANCJA\"]<\/p>\n<p>2 lata gwarancji od <a href=\"https:\/\/droix.net\/\" target=\"_blank\" rel=\"nofollow noopener\">DROIX<\/a> Global dla Twojego spokoju ducha[\/cg_accordion]\n[cg_accordion title=\"CENY, PODATKI I WYSY\u0141KA\"]<\/p>\n<p><strong><u>Uwaga:<\/u><\/strong><\/p>\n<ul>\n<li>Klienci ze Stan\u00f3w Zjednoczonych: Wy\u015bwietlana cena NIE ZAWIERA PODATKU ani c\u0142a. Odpowiedzialno\u015b\u0107 za odpraw\u0119 celn\u0105 i zap\u0142at\u0119 wszelkich powi\u0105zanych podatk\u00f3w \/ ce\u0142 spoczywa na kliencie. <\/li>\n<li>Klienci z UE: Wy\u015bwietlana cena zawiera obowi\u0105zuj\u0105cy PODATEK, kt\u00f3ry mo\u017ce wynosi\u0107 do 25% w zale\u017cno\u015bci od kraju.<\/li>\n<li>Klienci z Kanady: Wy\u015bwietlana cena zawiera obowi\u0105zuj\u0105ce podatki, kt\u00f3re mog\u0105 obejmowa\u0107 5% GST i dodatkowe prowincjonalne podatki od sprzeda\u017cy (PST), zharmonizowany podatek od sprzeda\u017cy (HST) lub podatek od sprzeda\u017cy w Quebecu (QST), w zale\u017cno\u015bci od prowincji.<\/li>\n<\/ul>\n<p><strong>TYLKO dla klient\u00f3w z UE:<\/strong> Express DDP (Delivered Duty Paid). Oznacza to: <\/p>\n<ul>\n<li>Wszystkie op\u0142aty celne i podatki s\u0105 wliczone w cen\u0119 wy\u015bwietlan\u0105 na stronie produktu.<\/li>\n<li>Przy dostawie nie trzeba b\u0119dzie uiszcza\u0107 \u017cadnych dodatkowych op\u0142at.<\/li>\n<li>W rzadkich przypadkach zwi\u0105zanych z kwestiami celnymi nasz zesp\u00f3\u0142 zajmie si\u0119 procesem odprawy celnej w Twoim imieniu, aby zapewni\u0107 sprawn\u0105 dostaw\u0119.<\/li>\n<p>Wa\u017cne informacje dotycz\u0105ce zwrot\u00f3w:<\/p>\n<li>Je\u015bli zdecydujesz si\u0119 zwr\u00f3ci\u0107 zam\u00f3wienie lub za\u017c\u0105da\u0107 zwrotu pieni\u0119dzy, pami\u0119taj, \u017ce podatki i c\u0142a zap\u0142acone w Twoim imieniu zgodnie z warunkami DDP nie mog\u0105 zosta\u0107 zwr\u00f3cone.<\/li>\n<p>Szczeg\u00f3\u0142owe informacje mo\u017cna znale\u017a\u0107 w naszym <a href=\"https:\/\/gpdstore.net\/pl\/terms-of-service\/\" target=\"_blank\" rel=\"nofollow noopener\">Regulaminie<\/a>.\n<\/ul>\n<p>[\/cg_accordion]\n[cg_accordion title=\"OBS\u0141UGA KLIENTA\"]<\/p>\n<p>Masz pytanie? Wystarczy kr\u00f3tka wiadomo\u015b\u0107 tekstowa, aby rozwi\u0105za\u0107 Tw\u00f3j problem!<br \/>\n[\/cg_accordion]\n[cg_accordion title=\"CO ZAWIERA\"]<\/p>\n<ul>\n<li>1x wtyczka zasilania (UE\/USA)<\/li>\n<li>1x Instrukcja obs\u0142ugi<\/li>\n<\/ul>\n<p>[\/cg_accordion]\n","protected":false},"featured_media":15841,"template":"","meta":{"_acf_changed":false},"product_brand":[],"product_cat":[2422],"product_tag":[2423,2424],"woo-feed-brand":[2425],"class_list":{"0":"post-6688","1":"product","2":"type-product","3":"status-publish","4":"has-post-thumbnail","6":"product_cat-monitory-przenosne","7":"product_tag-30gpdsale-pl","8":"product_tag-droix-portable-monitor-pl","9":"product_shipping_class-standard","10":"pa_brand-droix","11":"woo-feed-brand-droix-pl","13":"first","14":"outofstock","15":"sale","16":"taxable","17":"shipping-taxable","18":"purchasable","19":"product-type-variable","20":"has-default-attributes"},"acf":[],"aioseo_notices":[],"_links":{"self":[{"href":"https:\/\/gpdstore.net\/pl\/wp-json\/wp\/v2\/product\/6688","targetHints":{"allow":["GET"]}}],"collection":[{"href":"https:\/\/gpdstore.net\/pl\/wp-json\/wp\/v2\/product"}],"about":[{"href":"https:\/\/gpdstore.net\/pl\/wp-json\/wp\/v2\/types\/product"}],"wp:featuredmedia":[{"embeddable":true,"href":"https:\/\/gpdstore.net\/pl\/wp-json\/wp\/v2\/media\/15841"}],"wp:attachment":[{"href":"https:\/\/gpdstore.net\/pl\/wp-json\/wp\/v2\/media?parent=6688"}],"wp:term":[{"taxonomy":"product_brand","embeddable":true,"href":"https:\/\/gpdstore.net\/pl\/wp-json\/wp\/v2\/product_brand?post=6688"},{"taxonomy":"product_cat","embeddable":true,"href":"https:\/\/gpdstore.net\/pl\/wp-json\/wp\/v2\/product_cat?post=6688"},{"taxonomy":"product_tag","embeddable":true,"href":"https:\/\/gpdstore.net\/pl\/wp-json\/wp\/v2\/product_tag?post=6688"},{"taxonomy":"woo-feed-brand","embeddable":true,"href":"https:\/\/gpdstore.net\/pl\/wp-json\/wp\/v2\/woo-feed-brand?post=6688"}],"curies":[{"name":"wp","href":"https:\/\/api.w.org\/{rel}","templated":true}]}}