{"id":5558,"date":"2024-07-12T08:46:50","date_gmt":"2024-07-12T08:46:50","guid":{"rendered":"https:\/\/gpdstore.net\/bez-kategorii\/przenosny-monitor-droix-pm13-2k\/"},"modified":"2025-09-15T21:32:29","modified_gmt":"2025-09-15T21:32:29","slug":"droix-pm13-2k-portable-monitor","status":"publish","type":"product","link":"https:\/\/gpdstore.net\/pl\/product\/droix-pm13-2k-portable-monitor\/","title":{"rendered":"Przeno\u015bny monitor DroiX PM13 2K"},"content":{"rendered":"\n<figure class=\"wp-block-video\"><video controls=\"\" muted=\"\" poster=\"https:\/\/droix.net\/wp-content\/uploads\/2024\/03\/1.jpg\" src=\"https:\/\/droix.net\/wp-content\/uploads\/2024\/06\/pm131.mp4\"><\/video><\/figure>\n\n<div class=\"wp-block-columns is-layout-flex wp-container-core-columns-is-layout-28f84493 wp-block-columns-is-layout-flex\">\n<div class=\"wp-block-column is-layout-flow wp-block-column-is-layout-flow\" style=\"flex-basis:33.33%\">\n<figure class=\"wp-block-image size-large\"><a href=\"https:\/\/droix.net\/wp-content\/uploads\/2024\/03\/DROIX-S13-GENERIC-DONE-LISTING-IMAGE-1-1.png\"><img decoding=\"async\" src=\"https:\/\/droix.net\/wp-content\/uploads\/2024\/03\/DROIX-S13-GENERIC-DONE-LISTING-IMAGE-1-1-1024x1024.png\" alt=\"Obraz przeno&#x15B;nego monitora DroiX, 13 cali, 2K, ultra cienki, lekki i przeno&#x15B;ny\" class=\"wp-image-175965\"\/><\/a><\/figure>\n<\/div>\n\n\n\n<div class=\"wp-block-column is-layout-flow wp-block-column-is-layout-flow\" style=\"flex-basis:66.66%\">\n<h3 class=\"wp-block-heading\"><strong>DroiX PM13 &#8211; 13,0-calowy monitor przeno\u015bny 4K Ultra-Thin<\/strong><\/h3>\n\n\n\n<p>DroiX PM13 to elegancki i lekki jak pi\u00f3rko 13-calowy przeno\u015bny monitor 2K, wa\u017c\u0105cy zaledwie 494 gramy. Zamkni\u0119ty w smuk\u0142ej aluminiowej ramce i wyposa\u017cony w ultracienkie ramki 0,11&#8243;, mistrzowsko \u0142\u0105czy styl z wygod\u0105. \u017bywy wy\u015bwietlacz IPS oferuje bogate kolory i szeroki k\u0105t widzenia 170 stopni, zapewniaj\u0105c urzekaj\u0105ce wra\u017cenia wizualne. Dzi\u0119ki kompatybilno\u015bci z wieloma urz\u0105dzeniami za po\u015brednictwem HDMI i USB-C, PM13 jest najbardziej wszechstronnym ekranem do modernizacji konfiguracji, gdziekolwiek jeste\u015b.  <\/p>\n<\/div>\n<\/div>\n\n<div class=\"wp-block-columns is-layout-flex wp-container-core-columns-is-layout-28f84493 wp-block-columns-is-layout-flex\">\n<div class=\"wp-block-column is-layout-flow wp-block-column-is-layout-flow\">\n<h3 class=\"wp-block-heading\">Idealny przeno\u015bny monitor do laptop\u00f3w<br\/><em>Bez kompromis\u00f3w<\/em><\/h3>\n\n\n\n<p>Przeno\u015bny monitor DroiX PM13 oferuje wyj\u0105tkowe wra\u017cenia wizualne dzi\u0119ki swoim wyj\u0105tkowym funkcjom. Dzi\u0119ki wysokiej jasno\u015bci i obs\u0142udze HDR zapewnia dobr\u0105 widoczno\u015b\u0107 w ka\u017cdych warunkach o\u015bwietleniowych. 100-procentowe pokrycie palety sRGB i 16,7 miliona kolor\u00f3w zapewnia precyzyjn\u0105 dok\u0142adno\u015b\u0107 kolor\u00f3w niezb\u0119dn\u0105 do edycji zdj\u0119\u0107 i projektowania graficznego. Rozdzielczo\u015b\u0107 2K na 13-calowym ekranie gwarantuje wysok\u0105 g\u0119sto\u015b\u0107 pikseli, zapewniaj\u0105c ostry i \u017cywy obraz zar\u00f3wno w przypadku tekstu, jak i multimedi\u00f3w. To sprawia, \u017ce PM13 jest najlepszym wyborem zar\u00f3wno dla profesjonalist\u00f3w, jak i entuzjast\u00f3w.    <\/p>\n<\/div>\n\n\n\n<div class=\"wp-block-column is-layout-flow wp-block-column-is-layout-flow\">\n<figure class=\"wp-block-image size-full\"><a href=\"https:\/\/droix.net\/wp-content\/uploads\/2024\/03\/2.jpg\"><img decoding=\"async\" src=\"https:\/\/droix.net\/wp-content\/uploads\/2024\/03\/2.jpg\" alt=\"Wysokiej jako&#x15B;ci przeno&#x15B;ny wy&#x15B;wietlacz DroiX PM13 z obs&#x142;ug&#x105; HDR400, rozdzielczo&#x15B;ci&#x105; QHD 2160x1350 i 100% pokryciem palety sRGB.\" class=\"wp-image-182193\"\/><\/a><\/figure>\n<\/div>\n<\/div>\n\n<div class=\"wp-block-columns is-layout-flex wp-container-core-columns-is-layout-28f84493 wp-block-columns-is-layout-flex\">\n<div class=\"wp-block-column is-layout-flow wp-block-column-is-layout-flow\">\n<figure class=\"wp-block-image size-full\"><a href=\"https:\/\/droix.net\/wp-content\/uploads\/2024\/07\/3-1.jpg\"><img decoding=\"async\" src=\"https:\/\/droix.net\/wp-content\/uploads\/2024\/07\/3-1.jpg\" alt=\"Przeno&#x15B;ny monitor DroiX PM13 zosta&#x142; stworzony, aby na nowo zdefiniowa&#x107; kompatybilno&#x15B;&#x107; i &#x142;&#x105;czno&#x15B;&#x107; z szerok&#x105; gam&#x105; urz&#x105;dze&#x144;. Wyposa&#x17C;ony w solidn&#x105; obs&#x142;ug&#x119; technologii USB i ActiveDP, monitor ten p&#x142;ynnie integruje si&#x119; z r&#xF3;&#x17C;nymi nowoczesnymi gad&#x17C;etami, od laptop&#xF3;w po smartfony i nie tylko. Zaprojektowany z my&#x15B;l&#x105; o &#x142;atwej interakcji, PM13 wsp&#xF3;&#x142;pracuje z urz&#x105;dzeniami, kt&#xF3;re obs&#x142;uguj&#x105; DisplayPort przez USB, maj&#x105; porty Thunderbolt USB lub s&#x105; zgodne z protoko&#x142;em USB 4 dla wyj&#x15B;cia wideo. Niezale&#x17C;nie od tego, czy grasz w podr&#xF3;&#x17C;y, zwi&#x119;kszasz produktywno&#x15B;&#x107;, czy korzystasz z tre&#x15B;ci multimedialnych, PM13 jest najlepszym towarzyszem, oferuj&#x105;cym niezr&#xF3;wnan&#x105; elastyczno&#x15B;&#x107; i wydajno&#x15B;&#x107; wsz&#x119;dzie tam, gdzie jej potrzebujesz   \" class=\"wp-image-182203\"\/><\/a><\/figure>\n<\/div>\n\n\n\n<div class=\"wp-block-column is-layout-flow wp-block-column-is-layout-flow\">\n<h3 class=\"wp-block-heading\">Przeno\u015bno\u015b\u0107 i zasilanie<br\/><em>Kompatybilno\u015b\u0107<\/em><\/h3>\n\n\n\n<p>Do\u015bwiadcz najnowocze\u015bniejszej wszechstronno\u015bci przeno\u015bnego monitora DroiX PM13, stworzonego z my\u015bl\u0105 o redefinicji kompatybilno\u015bci i \u0142\u0105czno\u015bci z szerok\u0105 gam\u0105 urz\u0105dze\u0144. Wyposa\u017cony w solidn\u0105 obs\u0142ug\u0119 technologii USB i ActiveDP, monitor ten p\u0142ynnie integruje si\u0119 z r\u00f3\u017cnymi nowoczesnymi gad\u017cetami, od laptop\u00f3w po smartfony i nie tylko. <\/p>\n\n\n\n<p>Zaprojektowany z my\u015bl\u0105 o \u0142atwej interakcji, PM13 wsp\u00f3\u0142pracuje z urz\u0105dzeniami, kt\u00f3re obs\u0142uguj\u0105 DisplayPort przez USB, maj\u0105 porty USB Thunderbolt lub s\u0105 zgodne z protoko\u0142em USB 4 dla wyj\u015bcia wideo. Niezale\u017cnie od tego, czy grasz w podr\u00f3\u017cy, zwi\u0119kszasz produktywno\u015b\u0107, czy korzystasz z tre\u015bci multimedialnych, PM13 jest najlepszym towarzyszem, oferuj\u0105cym niezr\u00f3wnan\u0105 elastyczno\u015b\u0107 i wydajno\u015b\u0107 wsz\u0119dzie tam, gdzie jej potrzebujesz. <\/p>\n<\/div>\n<\/div>\n\n<div class=\"wp-block-columns is-layout-flex wp-container-core-columns-is-layout-28f84493 wp-block-columns-is-layout-flex\">\n<div class=\"wp-block-column is-layout-flow wp-block-column-is-layout-flow\">\n<h3 class=\"wp-block-heading\">Wi\u0119cej ni\u017c przeno\u015bny monitor<br\/><em>Bogactwo funkcji<\/em><\/h3>\n\n\n\n<p>Przeno\u015bny monitor DroiX PM13 charakteryzuje si\u0119 wszechstronn\u0105 konstrukcj\u0105 z regulowan\u0105 w zakresie 180\u00b0 podp\u00f3rk\u0105, umo\u017cliwiaj\u0105c\u0105 u\u017cytkownikom ustawienie ekranu pod r\u00f3\u017cnymi k\u0105tami w celu zapewnienia optymalnego komfortu ogl\u0105dania. Dodatkowo posiada zintegrowane mocowanie VESA 75x75mm, pozwalaj\u0105ce na elastyczny monta\u017c na kompatybilnych ramionach lub stojakach. Je\u015bli chodzi o d\u017awi\u0119k, PM13 posiada wbudowane g\u0142o\u015bniki stereo o mocy 1,0 W ka\u017cdy. Cho\u0107 g\u0142o\u015bniki te nie s\u0105 wyj\u0105tkowo mocne, oferuj\u0105 wygodne rozwi\u0105zanie audio bez konieczno\u015bci korzystania z urz\u0105dze\u0144 zewn\u0119trznych.   <\/p>\n\n\n\n<h3 class=\"wp-block-heading\"><br\/><\/h3>\n<\/div>\n\n\n\n<div class=\"wp-block-column is-layout-flow wp-block-column-is-layout-flow\">\n<figure class=\"wp-block-image size-full\"><a href=\"https:\/\/droix.net\/wp-content\/uploads\/2024\/07\/4.jpg\"><img decoding=\"async\" src=\"https:\/\/droix.net\/wp-content\/uploads\/2024\/07\/4.jpg\" alt=\"Przeno&#x15B;ny monitor DroiX PM13 jest wyposa&#x17C;ony w regulowan&#x105; w zakresie 180&#xB0; podp&#xF3;rk&#x119;, umo&#x17C;liwiaj&#x105;c&#x105; ustawienie ekranu pod r&#xF3;&#x17C;nymi k&#x105;tami w celu zapewnienia optymalnego komfortu ogl&#x105;dania. Monitor posiada zintegrowany uchwyt VESA 75x75 mm, kt&#xF3;ry umo&#x17C;liwia elastyczny monta&#x17C; na kompatybilnych ramionach lub stojakach. PM13 posiada r&#xF3;wnie&#x17C; wbudowane g&#x142;o&#x15B;niki stereo, ka&#x17C;dy o mocy 1,0 W, zapewniaj&#x105;c wygodne rozwi&#x105;zanie audio bez konieczno&#x15B;ci korzystania z urz&#x105;dze&#x144; zewn&#x119;trznych.  \" class=\"wp-image-182205\"\/><\/a><\/figure>\n<\/div>\n<\/div>\n\n<div class=\"wp-block-columns is-layout-flex wp-container-core-columns-is-layout-28f84493 wp-block-columns-is-layout-flex\">\n<div class=\"wp-block-column is-layout-flow wp-block-column-is-layout-flow\">\n<figure class=\"wp-block-image size-full\"><a href=\"https:\/\/droix.net\/wp-content\/uploads\/2024\/07\/5.jpg\"><img decoding=\"async\" src=\"https:\/\/droix.net\/wp-content\/uploads\/2024\/07\/5.jpg\" alt=\"Przeno&#x15B;ny monitor DroiX PM13 to przyk&#x142;ad wszechstronno&#x15B;ci dzi&#x119;ki szerokiej kompatybilno&#x15B;ci i opcjom &#x142;&#x105;czno&#x15B;ci. Posiada cztery tryby pracy: Duplicated Mode do dublowania tre&#x15B;ci, Extend Mode do rozszerzania przestrzeni roboczej, Second Screen do konsol do gier oraz Portrait Mode do orientacji pionowej. Idealny dla profesjonalist&#xF3;w, graczy i cyfrowych nomad&#xF3;w, zwi&#x119;kszaj&#x105;cy produktywno&#x15B;&#x107; i rozrywk&#x119; w r&#xF3;&#x17C;nych &#x15B;rodowiskach  \" class=\"wp-image-182206\"\/><\/a><\/figure>\n<\/div>\n\n\n\n<div class=\"wp-block-column is-layout-flow wp-block-column-is-layout-flow\">\n<h3 class=\"wp-block-heading\">Rozszerzenie, powielanie, portret i wi\u0119cej<br\/><em>Prawdziwa wszechstronno\u015b\u0107<br\/><\/em><\/h3>\n\n\n\n<p>Przeno\u015bny monitor DroiX PM13 jest przyk\u0142adem wszechstronno\u015bci dzi\u0119ki szerokiej kompatybilno\u015bci i opcjom \u0142\u0105czno\u015bci. Oferuje on cztery wszechstronne tryby: Duplicated Mode do dublowania tre\u015bci, Extend Mode do rozszerzania przestrzeni roboczej, Second Screen do konsol do gier oraz Portrait Mode do orientacji pionowej. Te mo\u017cliwo\u015bci adaptacyjne sprawiaj\u0105, \u017ce jest to idealny towarzysz dla profesjonalist\u00f3w, graczy i cyfrowych nomad\u00f3w, zwi\u0119kszaj\u0105cy produktywno\u015b\u0107 i rozrywk\u0119 w r\u00f3\u017cnych \u015brodowiskach.  <\/p>\n\n\n\n<p>4o<\/p>\n<\/div>\n<\/div>\n\n<figure class=\"wp-block-image aligncenter size-large\"><a href=\"https:\/\/droix.net\/wp-content\/uploads\/2024\/07\/7.jpg\"><img decoding=\"async\" src=\"https:\/\/droix.net\/wp-content\/uploads\/2024\/07\/7-1024x420.jpg\" alt=\"Pod&#x142;&#x105;cz swojego MacBooka z obs&#x142;ug&#x105; Thunderbolt 3 lub 4 do przeno&#x15B;nego monitora DroiX PM13 za pomoc&#x105; portu Type-C z obs&#x142;ug&#x105; DP ALT-MODE. Ta zaawansowana &#x142;&#x105;czno&#x15B;&#x107; zapewnia zar&#xF3;wno transmisj&#x119; wideo, jak i zasilanie za po&#x15B;rednictwem jednego kabla typu C, maksymalizuj&#x105;c wygod&#x119; i wydajno&#x15B;&#x107;. \" class=\"wp-image-182195\"\/><\/a><\/figure>\n\n<p>Pod\u0142\u0105cz swojego MacBooka z obs\u0142ug\u0105 Thunderbolt 3 lub 4 do przeno\u015bnego monitora DroiX PM13 za pomoc\u0105 portu Type-C z obs\u0142ug\u0105 DP ALT-MODE. Ta zaawansowana \u0142\u0105czno\u015b\u0107 zapewnia zar\u00f3wno transmisj\u0119 wideo, jak i zasilanie za po\u015brednictwem jednego kabla typu C, maksymalizuj\u0105c wygod\u0119 i wydajno\u015b\u0107. <\/p>\n\n<figure class=\"wp-block-image aligncenter size-large is-resized\"><a href=\"https:\/\/droix.net\/wp-content\/uploads\/2024\/03\/8.jpg\"><img decoding=\"async\" src=\"https:\/\/droix.net\/wp-content\/uploads\/2024\/03\/8-1024x420.jpg\" alt=\"Wykorzystaj zaawansowane mo&#x17C;liwo&#x15B;ci Thunderbolt 3, 4 lub USB 3.1 DP ALT-MODE na swoim smartfonie, aby p&#x142;ynnie po&#x142;&#x105;czy&#x107; si&#x119; z przeno&#x15B;nym monitorem DroiX PM13 zar&#xF3;wno w celu wyj&#x15B;cia wideo, jak i zasilania. Wykorzystaj port typu C z obs&#x142;ug&#x105; DP ALT-MODE w smartfonie, aby usprawni&#x107; obs&#x142;ug&#x119; za pomoc&#x105; jednego kabla obs&#x142;uguj&#x105;cego transmisj&#x119; wideo i zasilanie \" class=\"wp-image-182197\" style=\"width:900px;height:auto\"\/><\/a><\/figure>\n\n<p>Bez wysi\u0142ku pod\u0142\u0105cz sw\u00f3j laptop z systemem Windows do przeno\u015bnego monitora DroiX PM13 za pomoc\u0105 port\u00f3w HDMI i Type-C, aby zapewni\u0107 p\u0142ynn\u0105 transmisj\u0119 wideo i zasilanie. Port typu C obs\u0142uguje dostarczanie zasilania (PD), podczas gdy port HDMI zapewnia wyj\u015bcie wideo o wysokiej rozdzielczo\u015bci, pozwalaj\u0105c cieszy\u0107 si\u0119 zwi\u0119kszon\u0105 produktywno\u015bci\u0105 i rozrywk\u0105 bez \u017cadnych k\u0142opot\u00f3w. <\/p>\n\n<figure class=\"wp-block-image aligncenter size-large\"><a href=\"https:\/\/droix.net\/wp-content\/uploads\/2024\/03\/9.jpg\"><img decoding=\"async\" src=\"https:\/\/droix.net\/wp-content\/uploads\/2024\/03\/9-1024x420.jpg\" alt=\"Wykorzystaj zaawansowane mo&#x17C;liwo&#x15B;ci Thunderbolt 3, 4 lub USB 3.1 DP ALT-MODE na swoim smartfonie, aby p&#x142;ynnie po&#x142;&#x105;czy&#x107; si&#x119; z przeno&#x15B;nym monitorem DroiX PM13 zar&#xF3;wno w celu wyj&#x15B;cia wideo, jak i zasilania. Wykorzystaj port typu C z obs&#x142;ug&#x105; DP ALT-MODE w smartfonie, aby usprawni&#x107; obs&#x142;ug&#x119; za pomoc&#x105; jednego kabla obs&#x142;uguj&#x105;cego transmisj&#x119; wideo i zasilanie \" class=\"wp-image-182198\"\/><\/a><\/figure>\n\n<p>Wykorzystaj zaawansowane mo\u017cliwo\u015bci Thunderbolt 3, 4 lub USB 3.1 DP ALT-MODE w swoim smartfonie, aby p\u0142ynnie po\u0142\u0105czy\u0107 si\u0119 z przeno\u015bnym monitorem DroiX PM13 zar\u00f3wno w celu wyj\u015bcia wideo, jak i zasilania. Wykorzystuj\u0105c port typu C z obs\u0142ug\u0105 DP ALT-MODE w smartfonie, mo\u017cesz cieszy\u0107 si\u0119 usprawnionym do\u015bwiadczeniem dzi\u0119ki pojedynczemu kablowi obs\u0142uguj\u0105cemu zar\u00f3wno transmisj\u0119 wideo, jak i zasilanie. <\/p>\n\n<figure class=\"wp-block-image aligncenter size-large\"><a href=\"https:\/\/droix.net\/wp-content\/uploads\/2024\/03\/11.jpg\"><img decoding=\"async\" src=\"https:\/\/droix.net\/wp-content\/uploads\/2024\/03\/11-1024x420.jpg\" alt=\"R&#xF3;&#x17C;ne sposoby pod&#x142;&#x105;czenia przeno&#x15B;nego monitora DroiX PM13 obejmuj&#x105; porty USB, ActiveDP, DisplayPort przez USB, Thunderbolt USB i USB 4 Protocol do wyj&#x15B;cia wideo, zapewniaj&#x105;c wszechstronn&#x105; &#x142;&#x105;czno&#x15B;&#x107;.\" class=\"wp-image-182199\"\/><\/a><\/figure>\n\n<figure class=\"wp-block-image aligncenter size-large\"><a href=\"https:\/\/droix.net\/wp-content\/uploads\/2024\/03\/12.jpg\"><img decoding=\"async\" src=\"https:\/\/droix.net\/wp-content\/uploads\/2024\/03\/12-1024x420.jpg\" alt=\"Najcz&#x119;&#x15B;ciej zadawane pytania dotycz&#x105;ce przeno&#x15B;nego monitora DroiX PM13\" class=\"wp-image-182200\"\/><\/a><\/figure>\n\n<h3 class=\"wp-block-heading\"><strong>Wnioski<\/strong><\/h3>\n\n<p>DroiX PM13 na nowo definiuje istot\u0119 monitor\u00f3w przeno\u015bnych, \u0142\u0105cz\u0105c wysok\u0105 rozdzielczo\u015b\u0107, doskona\u0142\u0105 przeno\u015bno\u015b\u0107 i szerok\u0105 kompatybilno\u015b\u0107 w eleganckiej, przyjaznej dla u\u017cytkownika konstrukcji. Zosta\u0142 stworzony dla tych, kt\u00f3rzy nie uznaj\u0105 kompromis\u00f3w w zakresie jako\u015bci i funkcjonalno\u015bci, nawet w podr\u00f3\u017cy. Poznaj przysz\u0142o\u015b\u0107 monitor\u00f3w przeno\u015bnych z DroiX PM13 i do\u015bwiadcz doskona\u0142ego po\u0142\u0105czenia innowacji i wygody.  <\/p>\n\n<p>Nie przegap okazji, aby podnie\u015b\u0107 jako\u015b\u0107 swojego przeno\u015bnego monitora dzi\u0119ki DroiX PM13. Z\u0142\u00f3\u017c zam\u00f3wienie w przedsprzeda\u017cy ju\u017c teraz, aby zapewni\u0107 sobie miejsce w\u015br\u00f3d pierwszych os\u00f3b, kt\u00f3re b\u0119d\u0105 mog\u0142y cieszy\u0107 si\u0119 tym prze\u0142omowym urz\u0105dzeniem. Ze wzgl\u0119du na ograniczon\u0105 dost\u0119pno\u015b\u0107, jest to Twoja szansa, aby zrobi\u0107 krok naprz\u00f3d i do\u015bwiadczy\u0107 najwy\u017cszej jako\u015bci przeno\u015bnej technologii wy\u015bwietlania. Zam\u00f3w sw\u00f3j przeno\u015bny monitor DroiX PM13 ju\u017c dzi\u015b!   <\/p>\n\n<p>4o<\/p>\n","protected":false},"excerpt":{"rendered":"<ul>\n<li>Wy\u015bwietlacz<strong> IPS<\/strong> 2K 13&#8243;<\/li>\n<li>100% pokrycia<strong> sRGB<\/strong> <\/li>\n<li>Jasno\u015b\u0107 450 <strong>nit\u00f3w<\/strong> <\/li>\n<li>Mocowanie<strong> VESA<\/strong> 75&#215;75 mm<\/li>\n<li> <strong> Wbudowane<\/strong> g\u0142o\u015bniki<\/li>\n<\/ul>\n<p> [cg_accordion title=\"INFORMACJE O P\u0141ATNO\u015aCIACH\"] Korzystamy z najnowszej technologii przetwarzania p\u0142atno\u015bci, kt\u00f3ra umo\u017cliwia dokonywanie p\u0142atno\u015bci za pomoc\u0105 karty debetowej\/kredytowej lub PayPal, zapewniaj\u0105c szybkie i bezpieczne do\u015bwiadczenie.[\/cg_accordion] [cg_accordion title=\"GWARANCJA\"] 1 lub 2 lata* gwarancji od <a href=\"https:\/\/droix.net\/\" target=\"_blank\" rel=\"nofollow noopener\">DroiX<\/a> Global dla Twojego spokoju ducha[\/cg_accordion] [cg_accordion title=\"WYSY\u0141KA I PODATKI\"] <strong><u>Uwaga:<\/u><\/strong> Klienci ze Stan\u00f3w Zjednoczonych: Wy\u015bwietlana cena zawiera wszystkie obowi\u0105zuj\u0105ce podatki. Klienci z UE: Wy\u015bwietlana cena zawiera obowi\u0105zuj\u0105cy PODATEK, kt\u00f3ry mo\u017ce wynosi\u0107 do 25% w zale\u017cno\u015bci od kraju. Klienci z Kanady: Wy\u015bwietlana cena zawiera 5% podatku GST. Wysy\u0142ka i zwroty s\u0105 obs\u0142ugiwane przez <a href=\"https:\/\/droix.net\/\" target=\"_blank\" rel=\"nofollow noopener\">DroiX<\/a>, oficjalnego dystrybutora GPD. Oferujemy szybk\u0105 wysy\u0142k\u0119 DHL Express DDP (Delivered Duty Paid). Wszystkie c\u0142a i podatki s\u0105 wliczone w wy\u015bwietlan\u0105 cen\u0119 &#8211; \u017cadne dodatkowe op\u0142aty nie b\u0119d\u0105 wymagane przy dostawie. Je\u015bli pojawi\u0105 si\u0119 jakiekolwiek kwestie celne, nasz zesp\u00f3\u0142 zajmie si\u0119 procedurami odprawy celnej w Twoim imieniu. Wa\u017cne: W przypadku zwrot\u00f3w i zmiany zdania, podatki i c\u0142a zap\u0142acone w Twoim imieniu nie mog\u0105 zosta\u0107 zwr\u00f3cone ze wzgl\u0119du na warunki wysy\u0142ki DDP. Szczeg\u00f3\u0142owe informacje mo\u017cna znale\u017a\u0107 w naszym <a href=\"https:\/\/gpdstore.net\/pl\/terms-of-service\/\" target=\"_blank\" rel=\"nofollow noopener\">Regulaminie<\/a>.        [\/cg_accordion] [cg_accordion title=\"WHAT'S INCLUDED\"]<\/p>\n<ul>\n<li>1x Przeno\u015bny monitor DroiX PM13<\/li>\n<li>1x wtyczka zasilania (UE\/USA)<\/li>\n<li>1x Kabel HDMI<\/li>\n<li>1x Kabel USB typu C<\/li>\n<li>1x Kabel USB typu A do typu C<\/li>\n<li>1x etui ochronne<\/li>\n<li>1x Instrukcja obs\u0142ugi<\/li>\n<\/ul>\n<p>[\/cg_accordion]<\/p>\n","protected":false},"featured_media":818497,"template":"","meta":{"_acf_changed":false},"product_brand":[],"product_cat":[2422],"product_tag":[12476,2424],"woo-feed-brand":[2425],"class_list":{"0":"post-5558","1":"product","2":"type-product","3":"status-publish","4":"has-post-thumbnail","6":"product_cat-monitory-przenosne","7":"product_tag-25bfsale-pl","8":"product_tag-droix-portable-monitor-pl","9":"product_shipping_class-low-end","10":"pa_brand-droix","11":"woo-feed-brand-droix-pl","13":"first","14":"instock","15":"sale","16":"taxable","17":"shipping-taxable","18":"purchasable","19":"product-type-variable","20":"has-default-attributes"},"acf":[],"aioseo_notices":[],"_links":{"self":[{"href":"https:\/\/gpdstore.net\/pl\/wp-json\/wp\/v2\/product\/5558","targetHints":{"allow":["GET"]}}],"collection":[{"href":"https:\/\/gpdstore.net\/pl\/wp-json\/wp\/v2\/product"}],"about":[{"href":"https:\/\/gpdstore.net\/pl\/wp-json\/wp\/v2\/types\/product"}],"wp:featuredmedia":[{"embeddable":true,"href":"https:\/\/gpdstore.net\/pl\/wp-json\/wp\/v2\/media\/818497"}],"wp:attachment":[{"href":"https:\/\/gpdstore.net\/pl\/wp-json\/wp\/v2\/media?parent=5558"}],"wp:term":[{"taxonomy":"product_brand","embeddable":true,"href":"https:\/\/gpdstore.net\/pl\/wp-json\/wp\/v2\/product_brand?post=5558"},{"taxonomy":"product_cat","embeddable":true,"href":"https:\/\/gpdstore.net\/pl\/wp-json\/wp\/v2\/product_cat?post=5558"},{"taxonomy":"product_tag","embeddable":true,"href":"https:\/\/gpdstore.net\/pl\/wp-json\/wp\/v2\/product_tag?post=5558"},{"taxonomy":"woo-feed-brand","embeddable":true,"href":"https:\/\/gpdstore.net\/pl\/wp-json\/wp\/v2\/woo-feed-brand?post=5558"}],"curies":[{"name":"wp","href":"https:\/\/api.w.org\/{rel}","templated":true}]}}