{"id":5187,"date":"2024-05-08T15:41:24","date_gmt":"2024-05-08T15:41:24","guid":{"rendered":"https:\/\/gpdstore.net\/bez-kategorii\/stacja-dokujaca-gpd-win-4\/"},"modified":"2025-12-23T10:17:53","modified_gmt":"2025-12-23T10:17:53","slug":"gpd-win-4-docking-station","status":"publish","type":"product","link":"https:\/\/gpdstore.net\/pl\/product\/gpd-win-4-docking-station\/","title":{"rendered":"Stacja dokuj\u0105ca GPD WIN 4"},"content":{"rendered":"\n<h3 class=\"wp-block-heading\"><strong>Przekszta\u0142\u0107 GPD WIN 4 w komputer stacjonarny dzi\u0119ki oficjalnej stacji dokuj\u0105cej<\/strong><\/h3>\n\n<p>Dzi\u0119ki stacji dokuj\u0105cej GPD WIN 4, twoje wra\u017cenia z gier przeno\u015bnych wznios\u0105 si\u0119 na poziom komputera stacjonarnego. To niezb\u0119dne akcesorium nie tylko rozszerza opcje \u0142\u0105czno\u015bci, ale tak\u017ce zwi\u0119ksza funkcjonalno\u015b\u0107 urz\u0105dzenia, zamieniaj\u0105c je w pe\u0142ni wyposa\u017cony komputer stacjonarny. <\/p>\n\n<h3 class=\"wp-block-heading\"><strong>Ulepszona \u0142\u0105czno\u015b\u0107 USB<\/strong><\/h3>\n\n<p>Stacja dokuj\u0105ca GPD WIN 4 jest wyposa\u017cona w trzy porty USB 3.2 Gen 2 Type-A, zapewniaj\u0105ce pr\u0119dko\u015b\u0107 do 10 Gb\/s do pod\u0142\u0105czania r\u00f3\u017cnych urz\u0105dze\u0144 peryferyjnych, takich jak klawiatury, myszy i szybkie zewn\u0119trzne urz\u0105dzenia pami\u0119ci masowej.<\/p>\n\n<p>Posiada r\u00f3wnie\u017c port USB 3.2 Gen 2 Type-C przeznaczony do szybkiego \u0142adowania, obs\u0142uguj\u0105cy \u0142adowarki o du\u017cej mocy, aby szybko na\u0142adowa\u0107 urz\u0105dzenie.<\/p>\n\n<h3 class=\"wp-block-heading\"><strong>Doskona\u0142e opcje wy\u015bwietlania<\/strong><\/h3>\n\n<p>Wy\u015bwietlaj obraz w wysokiej rozdzielczo\u015bci pod\u0142\u0105czaj\u0105c GPD WIN 4 do zewn\u0119trznego monitora lub telewizora przez port HDMI 2.0. Taka konfiguracja pozwala na wykorzystanie wy\u015bwietlacza GPD WIN 4 jako dodatkowego ekranu, zwi\u0119kszaj\u0105c produktywno\u015b\u0107 i wra\u017cenia z gier dzi\u0119ki mo\u017cliwo\u015bciom podw\u00f3jnego wy\u015bwietlania. <\/p>\n\n<h3 class=\"wp-block-heading\"><strong>Szybka i bezpieczna \u0142\u0105czno\u015b\u0107 z Internetem<\/strong><\/h3>\n\n<p>Stacja dokuj\u0105ca jest wyposa\u017cona w port Ethernet RJ45 1 Gb\/s, kt\u00f3ry zapewnia szybkie i bezpieczne po\u0142\u0105czenie do przesy\u0142ania strumieniowego, gier i transferu danych, przewy\u017cszaj\u0105c szybko\u015bci\u0105 i bezpiecze\u0144stwem po\u0142\u0105czenia bezprzewodowe.<\/p>\n\n<h3 class=\"wp-block-heading\"><strong>Kompaktowa konstrukcja zapewniaj\u0105ca maksymaln\u0105 przeno\u015bno\u015b\u0107<\/strong><\/h3>\n\n<p>Stacja dokuj\u0105ca GPD WIN 4 posiada kompaktow\u0105 obudow\u0119 o wymiarach 3,4 x 5,6 x 3,2 cala i wadze zaledwie 224g. Dzi\u0119ki temu jest niezwykle przeno\u015bna i \u0142atwa do zintegrowania z ka\u017cdym miejscem pracy. Jej konstrukcja obejmuje od\u0142\u0105czany ty\u0142, kt\u00f3ry u\u0142atwia pod\u0142\u0105czenie i transport stacji dokuj\u0105cej i urz\u0105dzenia.  <\/p>\n\n<p>Co wi\u0119cej, konstrukcja stacji dokuj\u0105cej pozostawia drugi port USB typu C w GPD WIN 4 wolny, umo\u017cliwiaj\u0105c pod\u0142\u0105czenie wysokowydajnych urz\u0105dze\u0144 peryferyjnych, takich jak zewn\u0119trzny procesor graficzny, co dodatkowo zwi\u0119ksza mo\u017cliwo\u015bci konfiguracji.<\/p>\n\n<h3 class=\"wp-block-heading\"><strong>Plusy i minusy stacji dokuj\u0105cej GPD WIN 4<\/strong><\/h3>\n\n<h3 class=\"wp-block-heading\"><strong>Plusy:<\/strong><\/h3>\n\n<ul class=\"wp-block-list\">\n<li>Wiele port\u00f3w USB 3.2 Gen 2 Type-A dla r\u00f3\u017cnych urz\u0105dze\u0144 peryferyjnych<\/li>\n\n\n\n<li>Wyj\u015bcie HDMI 2.0 dla zewn\u0119trznych monitor\u00f3w lub telewizor\u00f3w<\/li>\n\n\n\n<li>Szybki Ethernet 1 Gb\/s zapewniaj\u0105cy niezawodn\u0105 \u0142\u0105czno\u015b\u0107 z Internetem<\/li>\n\n\n\n<li>Port USB typu C do szybkiego \u0142adowania urz\u0105dze\u0144<\/li>\n<\/ul>\n\n<h3 class=\"wp-block-heading\"><strong>Wady:<\/strong><\/h3>\n\n<ul class=\"wp-block-list\">\n<li>Brak dodatkowego portu USB typu C do pod\u0142\u0105czania urz\u0105dze\u0144 peryferyjnych<\/li>\n<\/ul>\n\n<h3 class=\"wp-block-heading\"><strong>Korzy\u015bci z u\u017cywania stacji dokuj\u0105cej<\/strong><\/h3>\n\n<p>Stacja dokuj\u0105ca upraszcza przep\u0142yw pracy, \u0142\u0105cz\u0105c laptopa z wieloma urz\u0105dzeniami peryferyjnymi za pomoc\u0105 jednego kabla. Pomaga to nie tylko w uporz\u0105dkowaniu przestrzeni roboczej, ale tak\u017ce zwi\u0119ksza produktywno\u015b\u0107, umo\u017cliwiaj\u0105c konfiguracj\u0119 z dwoma wy\u015bwietlaczami. Ponadto minimalizuje zu\u017cycie port\u00f3w urz\u0105dzenia, przed\u0142u\u017caj\u0105c \u017cywotno\u015b\u0107 GPD WIN 4, poniewa\u017c zmniejsza cz\u0119st\u0105 potrzeb\u0119 pod\u0142\u0105czania i od\u0142\u0105czania wielu kabli.  <\/p>\n\n<p>Zainwestuj w stacj\u0119 dokuj\u0105c\u0105 GPD WIN 4 ju\u017c dzi\u015b, aby odmieni\u0107 swoj\u0105 gamingow\u0105 konfiguracj\u0119 i usprawni\u0107 przestrze\u0144 robocz\u0105, czyni\u0105c z GPD WIN 4 nie tylko gamingowy gad\u017cet, ale kompleksow\u0105 stacj\u0119 robocz\u0105.<\/p>\n","protected":false},"excerpt":{"rendered":"<ul>\n<li>Przechowywanie i \u0142adowanie <strong>GPD WIN 4<\/strong><\/li>\n<li>Zmie\u0144 sw\u00f3j handheld w <strong>komputer stacjonarny<\/strong><\/li>\n<li>Pod\u0142\u0105cz wszystkie urz\u0105dzenia peryferyjne.<\/li>\n<li>Oficjalna stacja dokuj\u0105ca GPD zaprojektowana dla <strong>GPD WIN 4<\/strong><\/li>\n<li>Ma\u0142y, lekki i przyjazny w podr\u00f3\u017cy<\/li>\n<\/ul>\n[cg_accordion title=\"INFORMACJE O P\u0141ATNO\u015aCIACH\"]<\/p>\n<p>Korzystamy z najnowszej technologii przetwarzania p\u0142atno\u015bci, kt\u00f3ra umo\u017cliwia szybkie i bezpieczne dokonywanie p\u0142atno\u015bci za pomoc\u0105 karty debetowej\/kredytowej lub PayPal.[\/cg_accordion]\n[cg_accordion title=\"GWARANCJA\"]<\/p>\n<p>2 lata gwarancji od <a href=\"https:\/\/droix.net\/\" target=\"_blank\" rel=\"nofollow noopener\">DROIX<\/a> Global dla Twojego spokoju ducha[\/cg_accordion]\n[cg_accordion title=\"CENY, PODATKI I WYSY\u0141KA\"]<\/p>\n<p><strong><u>Uwaga:<\/u><\/strong><br \/>\n &#8211; Klienci ze Stan\u00f3w Zjednoczonych: Wy\u015bwietlana cena zawiera wszystkie obowi\u0105zuj\u0105ce podatki.<br \/>\n &#8211; Klienci z UE: Wy\u015bwietlana cena zawiera obowi\u0105zuj\u0105cy PODATEK, kt\u00f3ry mo\u017ce wynosi\u0107 do 25% w zale\u017cno\u015bci od kraju.<br \/>\n &#8211; Klienci z Kanady: Wy\u015bwietlana cena zawiera obowi\u0105zuj\u0105ce podatki, kt\u00f3re mog\u0105 obejmowa\u0107 5% GST i dodatkowe prowincjonalne podatki od sprzeda\u017cy (PST), zharmonizowany podatek od sprzeda\u017cy (HST) lub podatek od sprzeda\u017cy Quebec (QST), w zale\u017cno\u015bci od prowincji.[\/cg_accordion]\n[cg_accordion title=\"WYSY\u0141KA I ZWROTY\"]<\/p>\n<p>Organizowane przez <a href=\"https:\/\/droix.net\/\" target=\"_blank\" rel=\"nofollow noopener\">DroiX<\/a>, oficjalnego dystrybutora GPD, wysy\u0142amy za pomoc\u0105 DHL Express DDP (Delivered Duty Paid). Oznacza to: <\/p>\n<p>Express DDP (Delivered Duty Paid). Oznacza to:<br \/>\n &#8211; Wszystkie op\u0142aty celne i podatki s\u0105 wliczone w cen\u0119 wy\u015bwietlan\u0105 na stronie produktu.<br \/>\n &#8211; Nie b\u0119dziesz musia\u0142 uiszcza\u0107 \u017cadnych dodatkowych op\u0142at przy dostawie.<br \/>\n &#8211; W rzadkich przypadkach zwi\u0105zanych z kwestiami celnymi nasz zesp\u00f3\u0142 zajmie si\u0119 procesem odprawy celnej w Twoim imieniu, aby zapewni\u0107 sprawn\u0105 dostaw\u0119. <\/p>\n<p>Wa\u017cne informacje dotycz\u0105ce zwrot\u00f3w:<br \/>\n &#8211; Je\u015bli zdecydujesz si\u0119 zwr\u00f3ci\u0107 zam\u00f3wienie lub za\u017c\u0105da\u0107 zwrotu pieni\u0119dzy, pami\u0119taj, \u017ce podatki i c\u0142a zap\u0142acone w Twoim imieniu zgodnie z warunkami DDP nie mog\u0105 zosta\u0107 zwr\u00f3cone.<\/p>\n<p>Szczeg\u00f3\u0142owe informacje mo\u017cna znale\u017a\u0107 w naszym <a href=\"https:\/\/gpdstore.net\/pl\/terms-of-service\/\" target=\"_blank\" rel=\"nofollow noopener\">Regulaminie<\/a>.[\/cg_accordion]\n[cg_accordion title=\"CO ZAWIERA\"]<\/p>\n<ul>\n<li>1x Stacja dokuj\u0105ca GPD WIN 4<\/li>\n<\/ul>\n<p>[\/cg_accordion]\n","protected":false},"featured_media":12205,"template":"","meta":{"_acf_changed":false},"product_brand":[],"product_cat":[1226],"product_tag":[2130],"woo-feed-brand":[779],"class_list":{"0":"post-5187","1":"product","2":"type-product","3":"status-publish","4":"has-post-thumbnail","6":"product_cat-akcesoria","7":"product_tag-gpd-win-4-accessory-pl","8":"product_shipping_class-standard","10":"pa_accessory-type-stacja-dokujaca","11":"pa_brand-gpd","12":"woo-feed-brand-gpd-pl","14":"first","15":"outofstock","16":"taxable","17":"shipping-taxable","18":"purchasable","19":"product-type-variable","20":"has-default-attributes"},"acf":[],"aioseo_notices":[],"_links":{"self":[{"href":"https:\/\/gpdstore.net\/pl\/wp-json\/wp\/v2\/product\/5187","targetHints":{"allow":["GET"]}}],"collection":[{"href":"https:\/\/gpdstore.net\/pl\/wp-json\/wp\/v2\/product"}],"about":[{"href":"https:\/\/gpdstore.net\/pl\/wp-json\/wp\/v2\/types\/product"}],"wp:featuredmedia":[{"embeddable":true,"href":"https:\/\/gpdstore.net\/pl\/wp-json\/wp\/v2\/media\/12205"}],"wp:attachment":[{"href":"https:\/\/gpdstore.net\/pl\/wp-json\/wp\/v2\/media?parent=5187"}],"wp:term":[{"taxonomy":"product_brand","embeddable":true,"href":"https:\/\/gpdstore.net\/pl\/wp-json\/wp\/v2\/product_brand?post=5187"},{"taxonomy":"product_cat","embeddable":true,"href":"https:\/\/gpdstore.net\/pl\/wp-json\/wp\/v2\/product_cat?post=5187"},{"taxonomy":"product_tag","embeddable":true,"href":"https:\/\/gpdstore.net\/pl\/wp-json\/wp\/v2\/product_tag?post=5187"},{"taxonomy":"woo-feed-brand","embeddable":true,"href":"https:\/\/gpdstore.net\/pl\/wp-json\/wp\/v2\/woo-feed-brand?post=5187"}],"curies":[{"name":"wp","href":"https:\/\/api.w.org\/{rel}","templated":true}]}}