{"id":5129,"date":"2024-05-17T08:45:56","date_gmt":"2024-05-17T08:45:56","guid":{"rendered":"https:\/\/gpdstore.net\/bez-kategorii\/gpd-win-3-gaming-handheld-pc\/"},"modified":"2025-12-23T10:19:55","modified_gmt":"2025-12-23T10:19:55","slug":"gpd-win-3","status":"publish","type":"product","link":"https:\/\/gpdstore.net\/pl\/product\/gpd-win-3\/","title":{"rendered":"GPD WIN 3 Komputer przeno\u015bny do gier"},"content":{"rendered":"\n<h3 class=\"wp-block-heading\"><br\/>Przedstawiamy GPD WIN 3: redefinicja przeno\u015bnych komputer\u00f3w do gier<\/h3>\n\n<p>Witamy w czo\u0142\u00f3wce przeno\u015bnych gier dzi\u0119ki GPD WIN 3. Urz\u0105dzenie to stanowi du\u017cy krok naprz\u00f3d w przeno\u015bnej technologii gier, zapewniaj\u0105c niezr\u00f3wnan\u0105 wydajno\u015b\u0107, innowacyjny design i najwy\u017csz\u0105 mobilno\u015b\u0107. Zaprojektowany dla graczy, kt\u00f3rzy wymagaj\u0105 doskona\u0142o\u015bci, GPD WIN 3 \u0142\u0105czy w sobie moc stacjonarnego komputera do gier z wygod\u0105 urz\u0105dzenia przeno\u015bnego. Niezale\u017cnie od tego, czy jeste\u015b w domu, w podr\u00f3\u017cy, czy w podr\u00f3\u017cy, GPD WIN 3 zapewnia dost\u0119p do ulubionych gier na wyci\u0105gni\u0119cie r\u0119ki, wystarczy tylko wsun\u0105\u0107 klawiatur\u0119. Do\u015bwiadcz po\u0142\u0105czenia wygody i wysokiej wydajno\u015bci i odkryj now\u0105 er\u0119 gier dzi\u0119ki GPD WIN 3.    <\/p>\n\n<h3 class=\"wp-block-heading\">Przegl\u0105d produkt\u00f3w: Szczyt przeno\u015bnego gamingu<\/h3>\n\n<p>GPD WIN 3 prezentuje najnowsze osi\u0105gni\u0119cia w technologii gier przeno\u015bnych. Wa\u017c\u0105cy zaledwie 560 g i mierz\u0105cy 198 mm x 92 mm x 27 mm, ten komputer do gier zosta\u0142 zaprojektowany tak, aby wygodnie mie\u015bci\u0142 si\u0119 w d\u0142oniach lub torbie. Elegancka, wysuwana klawiatura zapewnia niesko\u0144czone mo\u017cliwo\u015bci grania, dzi\u0119ki czemu idealnie nadaje si\u0119 do grania w podr\u00f3\u017cy lub w domu.  <\/p>\n\n<p>Zasilany przez procesor Intel Core i7-1195G7, GPD WIN 3 zosta\u0142 zaprojektowany, aby zapewni\u0107 wyj\u0105tkowe wra\u017cenia w grach. Jego kompaktowa konstrukcja sprawia, \u017ce jest nie tylko pot\u0119g\u0105 w grach, ale tak\u017ce wszechstronnym narz\u0119dziem do r\u00f3\u017cnych \u015brodowisk, niezale\u017cnie od tego, czy podr\u00f3\u017cujesz, czy odpoczywasz w domu. <\/p>\n\n<h3 class=\"wp-block-heading\">Cechy szczeg\u00f3\u0142owe: Performance Unleashed<\/h3>\n\n<p><strong>Wydajno\u015b\u0107:<\/strong> GPD WIN 3 jest wyposa\u017cony w procesor Intel Core i7-1195G7 i uk\u0142ad graficzny Intel Iris Xe, wyznaczaj\u0105c nowy standard wydajno\u015bci w grach przeno\u015bnych. Dzi\u0119ki 4 rdzeniom i 8 w\u0105tkom osi\u0105gaj\u0105cym do 5,00 GHz z Turbo Boost, procesor ten zapewnia wyj\u0105tkow\u0105 wydajno\u015b\u0107. Zintegrowany procesor graficzny z 96 jednostkami wykonawczymi zapewnia du\u017ce mo\u017cliwo\u015bci graficzne, obs\u0142uguj\u0105c rozdzielczo\u015b\u0107 4K przy 60 Hz.  <\/p>\n\n<p><strong>Pami\u0119\u0107 i przechowywanie:<\/strong> Wyposa\u017cony w 16 GB pami\u0119ci RAM LPDDR4x-4266, GPD WIN 3 zapewnia szybkie \u0142adowanie gier i p\u0142ynn\u0105 wielozadaniowo\u015b\u0107. Jego 1 TB NVMe SSD oferuje du\u017co miejsca na obszern\u0105 bibliotek\u0119 gier i szybkie czasy \u0142adowania, dzi\u0119ki czemu ulubione gry i aplikacje s\u0105 gotowe do pracy. <\/p>\n\n<h3 class=\"wp-block-heading\">Do\u015bwiadczenie u\u017cytkownika: Dostosowane do potrzeb graczy<\/h3>\n\n<p>Dzia\u0142aj\u0105cy pod kontrol\u0105 systemu Windows, GPD WIN 3 obs\u0142uguje szerok\u0105 gam\u0119 aplikacji, od najnowszych gier AAA po klasyczne tytu\u0142y i aplikacje codziennego u\u017cytku. 5,5-calowy ekran dotykowy H-IPS o rozdzielczo\u015bci 1280 \u00d7 720 i 268 PPI o\u017cywia ka\u017cdy szczeg\u00f3\u0142. \u0141\u0105czno\u015b\u0107 jest wszechstronna, z Wi-Fi 6, Bluetooth 5.0 i wieloma portami USB zapewniaj\u0105cymi \u0142\u0105czno\u015b\u0107 z grami i urz\u0105dzeniami peryferyjnymi, gdziekolwiek jeste\u015b.  <\/p>\n\n<h3 class=\"wp-block-heading\">Podsumowanie: Przysz\u0142o\u015b\u0107 gier w twoich r\u0119kach<\/h3>\n\n<p>GPD WIN 3 to co\u015b wi\u0119cej ni\u017c tylko przeno\u015bne urz\u0105dzenie do gier; to wizjonerski skok w przysz\u0142o\u015b\u0107 gier. \u0141\u0105cz\u0105c wysok\u0105 wydajno\u015b\u0107 sprz\u0119tu z przeno\u015bn\u0105, innowacyjn\u0105 konstrukcj\u0105, oferuje najlepsze wra\u017cenia z gry dla os\u00f3b w ruchu. To urz\u0105dzenie to nie tylko krok naprz\u00f3d; to transformacyjny skok w przysz\u0142o\u015b\u0107 gier.  <\/p>\n","protected":false},"excerpt":{"rendered":"<ul>\n<li>Intel\u00ae<b> Core\u2122 i5-1135G7\/ i7-1165G7\/ i7-1195G7<\/b> z <b>grafik\u0105Intel Iris Xe <\/b><\/li>\n<li><strong>16 GB dwukana\u0142owej<\/strong> pami\u0119ci LPDDR4x przy 4266 MHz<\/li>\n<li>Szybka karta PCI-E <strong>NVMe<\/strong> o pojemno\u015bci <strong>1 TB<\/strong> <strong> SSD<\/strong><\/li>\n<li><strong>Port Thunderbolt 4<\/strong><\/li>\n<li>Obs\u0142uga <strong>WiFi 6<\/strong> i <strong>Bluetooth 5.1<\/strong> <\/li>\n<li>AAA <strong>Gaming Handheld<\/strong><\/li>\n<\/ul>\n[cg_accordion title=\"INFORMACJE O P\u0141ATNO\u015aCIACH\"]<\/p>\n<p>Korzystamy z najnowszej technologii przetwarzania p\u0142atno\u015bci, kt\u00f3ra umo\u017cliwia dokonywanie p\u0142atno\u015bci za po\u015brednictwem Apple Pay, Google Pay, karty debetowej\/kredytowej, PayPal lub metod BNPL, takich jak Klarna, Affirm lub AfterPay, zapewniaj\u0105c szybkie i bezpieczne do\u015bwiadczenie.[\/cg_accordion]\n[cg_accordion title=\"GWARANCJA\"]<\/p>\n<p>2 lata gwarancji od <a href=\"https:\/\/droix.net\/\" target=\"_blank\" rel=\"nofollow noopener\">DROIX<\/a> Global dla Twojego spokoju ducha[\/cg_accordion]\n[cg_accordion title=\"CENY, PODATKI I WYSY\u0141KA\"]<\/p>\n<p><strong><u>Uwaga:<\/u><\/strong><\/p>\n<ul>\n<li>Klienci ze Stan\u00f3w Zjednoczonych: Wy\u015bwietlana cena NIE ZAWIERA PODATKU ani c\u0142a. Odpowiedzialno\u015b\u0107 za odpraw\u0119 celn\u0105 i zap\u0142at\u0119 wszelkich powi\u0105zanych podatk\u00f3w \/ ce\u0142 spoczywa na kliencie. <\/li>\n<li>Klienci z UE: Wy\u015bwietlana cena zawiera obowi\u0105zuj\u0105cy PODATEK, kt\u00f3ry mo\u017ce wynosi\u0107 do 25% w zale\u017cno\u015bci od kraju.<\/li>\n<li>Klienci z Kanady: Wy\u015bwietlana cena zawiera obowi\u0105zuj\u0105ce podatki, kt\u00f3re mog\u0105 obejmowa\u0107 5% GST i dodatkowe prowincjonalne podatki od sprzeda\u017cy (PST), zharmonizowany podatek od sprzeda\u017cy (HST) lub podatek od sprzeda\u017cy w Quebecu (QST), w zale\u017cno\u015bci od prowincji.<\/li>\n<\/ul>\n<p><strong>TYLKO dla klient\u00f3w z UE:<\/strong> Express DDP (Delivered Duty Paid). Oznacza to: <\/p>\n<ul>\n<li>Wszystkie op\u0142aty celne i podatki s\u0105 wliczone w cen\u0119 wy\u015bwietlan\u0105 na stronie produktu.<\/li>\n<li>Przy dostawie nie trzeba b\u0119dzie uiszcza\u0107 \u017cadnych dodatkowych op\u0142at.<\/li>\n<li>W rzadkich przypadkach zwi\u0105zanych z kwestiami celnymi nasz zesp\u00f3\u0142 zajmie si\u0119 procesem odprawy celnej w Twoim imieniu, aby zapewni\u0107 sprawn\u0105 dostaw\u0119.<\/li>\n<p>Wa\u017cne informacje dotycz\u0105ce zwrot\u00f3w:<\/p>\n<li>Je\u015bli zdecydujesz si\u0119 zwr\u00f3ci\u0107 zam\u00f3wienie lub za\u017c\u0105da\u0107 zwrotu pieni\u0119dzy, pami\u0119taj, \u017ce podatki i c\u0142a zap\u0142acone w Twoim imieniu zgodnie z warunkami DDP nie mog\u0105 zosta\u0107 zwr\u00f3cone.<\/li>\n<p>Szczeg\u00f3\u0142owe informacje mo\u017cna znale\u017a\u0107 w naszym <a href=\"https:\/\/gpdstore.net\/pl\/terms-of-service\/\" target=\"_blank\" rel=\"nofollow noopener\">Regulaminie<\/a>.\n<\/ul>\n<p>[\/cg_accordion]\n[cg_accordion title=\"OBS\u0141UGA KLIENTA\"]<\/p>\n<p>Masz pytanie? Wystarczy kr\u00f3tka wiadomo\u015b\u0107 tekstowa, aby rozwi\u0105za\u0107 Tw\u00f3j problem!<br \/>\n[\/cg_accordion]\n[cg_accordion title=\"CO ZAWIERA\"]<\/p>\n<ul>\n<li>1x Kabel USB typu C<\/li>\n<li>1x Zasilacz<\/li>\n<li>1x Instrukcja obs\u0142ugi<\/li>\n<\/ul>\n<p>[\/cg_accordion]\n","protected":false},"featured_media":12307,"template":"","meta":{"_acf_changed":false},"product_brand":[],"product_cat":[775],"product_tag":[1999],"woo-feed-brand":[779],"class_list":{"0":"post-5129","1":"product","2":"type-product","3":"status-publish","4":"has-post-thumbnail","6":"product_cat-gpd-handheld-pc-do-gier","7":"product_tag-gpd-win-3-pl-2","8":"product_shipping_class-premium","9":"pa_bluetooth-5-1-pl","10":"pa_brand-gpd","11":"pa_graphics-gpu-model-uklad-graficzny-intel-iris-xe","12":"pa_i-o-video-core-i7-1195g7-1x-przez-thunderbolt-4-usb-type-c","13":"pa_memory-ram-capacity-16-gb-pl","14":"pa_memory-ram-technology-lpddr4x-pl","15":"pa_storage-capacity-1tb-pl","16":"pa_storage-technology-pcie-gen-4-pl","17":"pa_wi-fi-wi-fi-6-pl","18":"woo-feed-brand-gpd-pl","20":"first","21":"outofstock","22":"taxable","23":"shipping-taxable","24":"purchasable","25":"product-type-variable","26":"has-default-attributes"},"acf":[],"aioseo_notices":[],"_links":{"self":[{"href":"https:\/\/gpdstore.net\/pl\/wp-json\/wp\/v2\/product\/5129","targetHints":{"allow":["GET"]}}],"collection":[{"href":"https:\/\/gpdstore.net\/pl\/wp-json\/wp\/v2\/product"}],"about":[{"href":"https:\/\/gpdstore.net\/pl\/wp-json\/wp\/v2\/types\/product"}],"wp:featuredmedia":[{"embeddable":true,"href":"https:\/\/gpdstore.net\/pl\/wp-json\/wp\/v2\/media\/12307"}],"wp:attachment":[{"href":"https:\/\/gpdstore.net\/pl\/wp-json\/wp\/v2\/media?parent=5129"}],"wp:term":[{"taxonomy":"product_brand","embeddable":true,"href":"https:\/\/gpdstore.net\/pl\/wp-json\/wp\/v2\/product_brand?post=5129"},{"taxonomy":"product_cat","embeddable":true,"href":"https:\/\/gpdstore.net\/pl\/wp-json\/wp\/v2\/product_cat?post=5129"},{"taxonomy":"product_tag","embeddable":true,"href":"https:\/\/gpdstore.net\/pl\/wp-json\/wp\/v2\/product_tag?post=5129"},{"taxonomy":"woo-feed-brand","embeddable":true,"href":"https:\/\/gpdstore.net\/pl\/wp-json\/wp\/v2\/woo-feed-brand?post=5129"}],"curies":[{"name":"wp","href":"https:\/\/api.w.org\/{rel}","templated":true}]}}