{"id":5113,"date":"2024-05-17T08:24:33","date_gmt":"2024-05-17T08:24:33","guid":{"rendered":"https:\/\/gpdstore.net\/bez-kategorii\/stacja-dokujaca-egpu-gpd-g1-2023\/"},"modified":"2025-12-23T10:18:38","modified_gmt":"2025-12-23T10:18:38","slug":"gpd-g1-2023-egpu-docking-station","status":"publish","type":"product","link":"https:\/\/gpdstore.net\/pl\/product\/gpd-g1-2023-egpu-docking-station\/","title":{"rendered":"GPD G1 (2023) Stacja dokuj\u0105ca eGPU"},"content":{"rendered":"\n<h3 class=\"wp-block-heading\">Przedstawiamy GPD G1: Stacja dokuj\u0105ca z zewn\u0119trznym procesorem graficznym<\/h3>\n\n<p>Odblokuj najlepsze wra\u017cenia w grach dzi\u0119ki prze\u0142omowej stacji dokuj\u0105cej GPD G1. Zaprojektowane z my\u015bl\u0105 o zwi\u0119kszeniu wydajno\u015bci w grach, to innowacyjne urz\u0105dzenie jest kompatybilne z nadchodz\u0105cymi GPD WIN MAX 2 2023 z obs\u0142ug\u0105 Oculink, GPD Mini i zaktualizowanym GPD WIN 4 2023. Oferuj\u0105c kompatybilno\u015b\u0107 z Oculink i USB 4.0, GPD G1 zapewnia wszechstronno\u015b\u0107 i wygod\u0119 w konfiguracji do gier.  <\/p>\n\n<h3 class=\"wp-block-heading\">Wydajna jednostka przetwarzania grafiki<\/h3>\n\n<p>Podstawowym elementem stacji dokuj\u0105cej GPD G1 jest procesor graficzny AMD Radeon RX 7600M XT, wykorzystuj\u0105cy najnowsz\u0105 architektur\u0119 RDNA 3.0. Ten zewn\u0119trzny procesor graficzny z \u0142\u0105czno\u015bci\u0105 Oculink zapewnia osza\u0142amiaj\u0105c\u0105 grafik\u0119 i wyj\u0105tkow\u0105 wydajno\u015b\u0107. Niezale\u017cnie od tego, czy eksplorujesz rozleg\u0142e \u015bwiaty, czy jeste\u015b w ogniu walki, GPD G1 zapewnia precyzyjne odwzorowanie ka\u017cdego szczeg\u00f3\u0142u. Z zegarem bazowym 1500 MHz, zegarem gry 2300 MHz i zegarem boost 2615 MHz, GPD G1 zapewnia moc potrzebn\u0105 do zdominowania ka\u017cdej gry.   <\/p>\n\n<h3 class=\"wp-block-heading\">P\u0142ynna i responsywna rozgrywka<\/h3>\n\n<p>Wyposa\u017cony w 8 GB pami\u0119ci RAM GDDR6, GPD G1 obs\u0142uguje p\u0142ynn\u0105 wielozadaniowo\u015b\u0107 i p\u0142ynn\u0105 rozgrywk\u0119. Taktowanie pami\u0119ci na poziomie 2250 MHz gwarantuje kr\u00f3tki czas \u0142adowania i minimalne op\u00f3\u017anienia. Po\u017cegnaj si\u0119 z zacinaj\u0105c\u0105 si\u0119 liczb\u0105 klatek na sekund\u0119 i ciesz si\u0119 nieprzerwanymi sesjami gamingowymi. Dzi\u0119ki obs\u0142udze USB 4.0, GPD G1 spe\u0142nia wymagania graczy, zapewniaj\u0105c najwy\u017csz\u0105 wydajno\u015b\u0107 w ulubionych grach.   <\/p>\n\n<h3 class=\"wp-block-heading\">Uwolnij swoj\u0105 \u0142\u0105czno\u015b\u0107<\/h3>\n\n<p>Stacja dokuj\u0105ca GPD G1 oferuje szerokie opcje \u0142\u0105czno\u015bci z portami Oculink (SFF-8612) i USB 4, zapewniaj\u0105c kompatybilno\u015b\u0107 z szerok\u0105 gam\u0105 urz\u0105dze\u0144, w tym Thunderbolt 3 i Thunderbolt 4. Z \u0142atwo\u015bci\u0105 pod\u0142\u0105cz sw\u00f3j GPD WIN MAX 2 2023, GPD Mini lub zaktualizowany GPD WIN 4 przez Oculink i do\u015bwiadcz ulepszonej rozgrywki. GPD G1 obs\u0142uguje r\u00f3wnie\u017c USB 4, umo\u017cliwiaj\u0105c ulepszon\u0105 grafik\u0119 w r\u00f3\u017cnych systemach.  <\/p>\n\n<h3 class=\"wp-block-heading\">Poszerz swoje wizualne horyzonty<\/h3>\n\n<p>Rozszerz swoj\u0105 wizualn\u0105 konfiguracj\u0119 dzi\u0119ki szerokiej gamie port\u00f3w wideo GPD G1. Wyposa\u017cony w port HDMI 2.1 i dwa porty DisplayPort 1.4a, mo\u017cesz pod\u0142\u0105czy\u0107 do trzech zewn\u0119trznych ekran\u00f3w, aby uzyska\u0107 panoramiczne wra\u017cenia z gry. Zanurz si\u0119 w akcji dzi\u0119ki eGPU GPD G1, o\u017cywiaj\u0105c swoje gry z niezr\u00f3wnanym realizmem.  <\/p>\n\n<h3 class=\"wp-block-heading\">P\u0142ynny transfer danych<\/h3>\n\n<p>Stacja dokuj\u0105ca GPD G1 zawiera trzy porty USB 3.2, kt\u00f3re u\u0142atwiaj\u0105 pod\u0142\u0105czanie urz\u0105dze\u0144 peryferyjnych, zapewniaj\u0105c porz\u0105dek w konfiguracji do gier. Port SD 4.0 umo\u017cliwia szybkie przesy\u0142anie plik\u00f3w i dost\u0119p do multimedi\u00f3w. Pod\u0142\u0105cz do urz\u0105dzenia hosta USB4 i zmaksymalizuj pr\u0119dko\u015b\u0107 przesy\u0142ania danych.  <\/p>\n\n<h3 class=\"wp-block-heading\">Wydajne ch\u0142odzenie dla maksymalnej wydajno\u015bci<\/h3>\n\n<p>Aktywny system ch\u0142odzenia GPD G1 skutecznie rozprasza ciep\u0142o, zapewniaj\u0105c stabiln\u0105 temperatur\u0119 GPU podczas intensywnych sesji gamingowych. Po\u017cegnaj si\u0119 z przegrzewaniem i ciesz si\u0119 nieprzerwan\u0105 rozgrywk\u0105, dzi\u0119ki mechanizmowi ch\u0142odzenia powietrzem utrzymuj\u0105cemu optymaln\u0105 wydajno\u015b\u0107 systemu. <\/p>\n\n<h3 class=\"wp-block-heading\">Bezkompromisowe zasilanie<\/h3>\n\n<p>Stacja dokuj\u0105ca GPD G1 zawiera wbudowany zasilacz GaN o mocy 240 W, zapewniaj\u0105cy niezawodne zasilanie procesora graficznego. Dzi\u0119ki ca\u0142kowitej mocy graficznej wynosz\u0105cej 120 W, GPD G1 jest zoptymalizowana pod k\u0105tem wysokowydajnych gier, renderuj\u0105c grafik\u0119 szybko i dok\u0142adnie. <\/p>\n\n<h3 class=\"wp-block-heading\">Kompaktowa konstrukcja, du\u017ca wydajno\u015b\u0107<\/h3>\n\n<p>Pomimo kompaktowych wymiar\u00f3w (225 \u00d7 111 \u00d7 30 mm) i lekkiej konstrukcji (0,92 kg), GPD G1 oferuje pot\u0119\u017cn\u0105 wydajno\u015b\u0107. Zar\u00f3wno w domu, w podr\u00f3\u017cy, jak i na imprezach gamingowych, GPD G1 to przeno\u015bna pot\u0119ga dla ka\u017cdego entuzjasty gier. <\/p>\n\n<h3 class=\"wp-block-heading\">Wnioski<\/h3>\n\n<p>Stacja dokuj\u0105ca GPD G1 eGPU to najlepsze akcesorium dla graczy poszukuj\u0105cych mocy, wszechstronno\u015bci i wygody. Kompatybilna z nadchodz\u0105cym GPD WIN MAX 2 2023, GPD Mini i zaktualizowanym GPD WIN 4, wraz z obs\u0142ug\u0105 Oculink i USB 4.0, ta stacja dokuj\u0105ca oferuje niezr\u00f3wnan\u0105 \u0142\u0105czno\u015b\u0107. Procesor graficzny AMD Radeon RX 7600M XT zapewnia zapieraj\u0105c\u0105 dech w piersiach grafik\u0119 i wydajno\u015b\u0107, a 8 GB pami\u0119ci RAM GDDR6 zapewnia p\u0142ynn\u0105 i responsywn\u0105 rozgrywk\u0119. Rozszerz swoj\u0105 konfiguracj\u0119 wizualn\u0105, ciesz si\u0119 p\u0142ynnym transferem danych i korzystaj z wydajnego ch\u0142odzenia i niezawodnego zasilacza. Podnie\u015b swoje wra\u017cenia z gier dzi\u0119ki stacji dokuj\u0105cej GPD G1.    <\/p>\n\n<h3 class=\"wp-block-heading\">Plusy i minusy<\/h3>\n\n<p><strong>Plusy:<\/strong><\/p>\n\n<ul class=\"wp-block-list\">\n<li><strong>Wszechstronna kompatybilno\u015b\u0107:<\/strong> Obs\u0142uguje GPD WIN MAX 2 2024, GPD Mini 2024, zaktualizowane GPD WIN 4 2023 i Win 4 2024 oraz urz\u0105dzenia USB 4, oferuj\u0105c ulepszon\u0105 grafik\u0119 w wielu systemach.<\/li>\n\n\n\n<li><strong>Pot\u0119\u017cna wydajno\u015b\u0107 graficzna:<\/strong> Procesor graficzny AMD Radeon RX 7600M XT z architektur\u0105 RDNA 3.0 zapewnia wyj\u0105tkow\u0105 grafik\u0119 i p\u0142ynn\u0105 rozgrywk\u0119.<\/li>\n\n\n\n<li><strong>Rozszerzalna konfiguracja wizualna:<\/strong> Wiele port\u00f3w graficznych i wideo, w tym HDMI 2.1 i DP 1.4a, obs\u0142uguje do trzech zewn\u0119trznych ekran\u00f3w, zapewniaj\u0105c wci\u0105gaj\u0105ce wra\u017cenia z gry.<\/li>\n\n\n\n<li><strong>Wydajny system ch\u0142odzenia:<\/strong> Aktywny mechanizm ch\u0142odzenia zapobiega przegrzaniu, zapewniaj\u0105c optymaln\u0105 wydajno\u015b\u0107 podczas d\u0142ugich sesji gamingowych.<\/li>\n\n\n\n<li><strong>Przeno\u015bna i kompaktowa konstrukcja:<\/strong> Kompaktowe wymiary i lekka konstrukcja sprawiaj\u0105, \u017ce jest to bardzo przeno\u015bne urz\u0105dzenie, idealne dla graczy w podr\u00f3\u017cy.<\/li>\n<\/ul>\n\n<p><strong>Wady :<\/strong><\/p>\n\n<ul class=\"wp-block-list\">\n<li><strong>Ograniczona kompatybilno\u015b\u0107 marki:<\/strong> Kompatybilno\u015b\u0107 z urz\u0105dzeniami innych producent\u00f3w i urz\u0105dzeniami bez port\u00f3w USB 4 mo\u017ce by\u0107 ograniczona.<\/li>\n\n\n\n<li><strong>Ograniczone opcje GPU:<\/strong> Jedyn\u0105 opcj\u0105 GPU jest AMD Radeon RX 7600M XT, kt\u00f3ry mo\u017ce nie zadowoli\u0107 u\u017cytkownik\u00f3w szukaj\u0105cych r\u00f3\u017cnych lub konfigurowalnych opcji GPU.<\/li>\n<\/ul>\n","protected":false},"excerpt":{"rendered":"<ul>\n<li>GPU: AMD Radeon\u2122<strong> RX 7600M XT<\/strong> eGPU<\/li>\n<li>KOMPATYBILNO\u015a\u0106:<strong> OCuLink, USB 4, Thunderbolt 3 i 4<\/strong><\/li>\n<li>OCULINK:<strong> \u0141\u0105czno\u015b\u0107 PCI Express<\/strong><\/li>\n<li>USB 4:<strong> do 40 Gb\/s<\/strong><\/li>\n<li>URZ\u0104DZENIA GPD OCULINK: <strong>WIN 4<\/strong><strong> 2023, WIN MAX 2 2023<\/strong> i<strong> WIN Mini<\/strong><\/li>\n<\/ul>\n[cg_accordion title=\"INFORMACJE O P\u0141ATNO\u015aCIACH\"]<\/p>\n<p>Korzystamy z najnowszej technologii przetwarzania p\u0142atno\u015bci, kt\u00f3ra umo\u017cliwia szybkie i bezpieczne dokonywanie p\u0142atno\u015bci za pomoc\u0105 karty debetowej\/kredytowej lub PayPal.[\/cg_accordion]\n[cg_accordion title=\"GWARANCJA\"]<\/p>\n<p>2 lata gwarancji od <a href=\"https:\/\/droix.net\/\" target=\"_blank\" rel=\"nofollow noopener\">DROIX<\/a> Global dla Twojego spokoju ducha[\/cg_accordion]\n[cg_accordion title=\"CENY, PODATKI I WYSY\u0141KA\"]<\/p>\n<p><strong><u>Uwaga:<\/u><\/strong><\/p>\n<ul>\n<li>Klienci ze Stan\u00f3w Zjednoczonych: Wy\u015bwietlana cena NIE ZAWIERA PODATKU ani c\u0142a. Odpowiedzialno\u015b\u0107 za odpraw\u0119 celn\u0105 i zap\u0142at\u0119 wszelkich powi\u0105zanych podatk\u00f3w \/ ce\u0142 spoczywa na kliencie. <\/li>\n<li>Klienci z UE: Wy\u015bwietlana cena zawiera obowi\u0105zuj\u0105cy PODATEK, kt\u00f3ry mo\u017ce wynosi\u0107 do 25% w zale\u017cno\u015bci od kraju.<\/li>\n<li>Klienci z Kanady: Wy\u015bwietlana cena zawiera obowi\u0105zuj\u0105ce podatki, kt\u00f3re mog\u0105 obejmowa\u0107 5% GST i dodatkowe prowincjonalne podatki od sprzeda\u017cy (PST), zharmonizowany podatek od sprzeda\u017cy (HST) lub podatek od sprzeda\u017cy w Quebecu (QST), w zale\u017cno\u015bci od prowincji.<\/li>\n<\/ul>\n<p><strong>TYLKO dla klient\u00f3w z UE:<\/strong> Express DDP (Delivered Duty Paid). Oznacza to: <\/p>\n<ul>\n<li>Wszystkie op\u0142aty celne i podatki s\u0105 wliczone w cen\u0119 wy\u015bwietlan\u0105 na stronie produktu.<\/li>\n<li>Przy dostawie nie trzeba b\u0119dzie uiszcza\u0107 \u017cadnych dodatkowych op\u0142at.<\/li>\n<li>W rzadkich przypadkach zwi\u0105zanych z kwestiami celnymi nasz zesp\u00f3\u0142 zajmie si\u0119 procesem odprawy celnej w Twoim imieniu, aby zapewni\u0107 sprawn\u0105 dostaw\u0119.<\/li>\n<p>Wa\u017cne informacje dotycz\u0105ce zwrot\u00f3w:<\/p>\n<li>Je\u015bli zdecydujesz si\u0119 zwr\u00f3ci\u0107 zam\u00f3wienie lub za\u017c\u0105da\u0107 zwrotu pieni\u0119dzy, pami\u0119taj, \u017ce podatki i c\u0142a zap\u0142acone w Twoim imieniu zgodnie z warunkami DDP nie mog\u0105 zosta\u0107 zwr\u00f3cone.<\/li>\n<p>Szczeg\u00f3\u0142owe informacje mo\u017cna znale\u017a\u0107 w naszym <a href=\"https:\/\/droix.net\/terms-and-conditions\/\" target=\"_blank\" rel=\"nofollow noopener\">Regulaminie<\/a>.\n<\/ul>\n<p>[\/cg_accordion]\n[cg_accordion title=\"OBS\u0141UGA KLIENTA\"]<\/p>\n<p>Masz pytanie? Wystarczy kr\u00f3tka wiadomo\u015b\u0107 tekstowa, aby rozwi\u0105za\u0107 Tw\u00f3j problem! [\/cg_accordion]\n<p>Szczeg\u00f3\u0142owe informacje mo\u017cna znale\u017a\u0107 w naszym <a href=\"https:\/\/gpdstore.net\/pl\/terms-of-service\/\" target=\"_blank\" rel=\"nofollow noopener\">Regulaminie<\/a>.\n<\/ul>\n<p>[\/]<\/p>\n[cg_accordion title=\"CO ZAWIERA\"]<\/p>\n<ul>\n<li>1x GPD G1 2023<\/li>\n<li>1x Zasilacz<\/li>\n<li>1x Kabel USB typu C<\/li>\n<li>1x Instrukcja obs\u0142ugi<\/li>\n<\/ul>\n<p>[\/cg_accordion]\n","protected":false},"featured_media":10699,"template":"","meta":{"_acf_changed":false},"product_brand":[],"product_cat":[1226],"product_tag":[11739,1961],"woo-feed-brand":[779],"class_list":{"0":"post-5113","1":"product","2":"type-product","3":"status-publish","4":"has-post-thumbnail","6":"product_cat-akcesoria","7":"product_tag-10bfsale-pl","8":"product_tag-gpd-g1-pl","9":"product_shipping_class-premium","10":"pa_brand-biwin","11":"pa_brand-droix","12":"pa_brand-gpd","13":"pa_brand-gulikit","14":"pa_graphics-gpu-model-radeon-rx-7600m-xt-pl","15":"pa_i-o-video-1x-oculink-pl","16":"pa_i-o-video-przez-1x-usb-4-0-type-c-40-gb-s","17":"woo-feed-brand-gpd-pl","19":"first","20":"outofstock","21":"sale","22":"taxable","23":"shipping-taxable","24":"purchasable","25":"product-type-variable","26":"has-default-attributes"},"acf":[],"aioseo_notices":[],"_links":{"self":[{"href":"https:\/\/gpdstore.net\/pl\/wp-json\/wp\/v2\/product\/5113","targetHints":{"allow":["GET"]}}],"collection":[{"href":"https:\/\/gpdstore.net\/pl\/wp-json\/wp\/v2\/product"}],"about":[{"href":"https:\/\/gpdstore.net\/pl\/wp-json\/wp\/v2\/types\/product"}],"wp:featuredmedia":[{"embeddable":true,"href":"https:\/\/gpdstore.net\/pl\/wp-json\/wp\/v2\/media\/10699"}],"wp:attachment":[{"href":"https:\/\/gpdstore.net\/pl\/wp-json\/wp\/v2\/media?parent=5113"}],"wp:term":[{"taxonomy":"product_brand","embeddable":true,"href":"https:\/\/gpdstore.net\/pl\/wp-json\/wp\/v2\/product_brand?post=5113"},{"taxonomy":"product_cat","embeddable":true,"href":"https:\/\/gpdstore.net\/pl\/wp-json\/wp\/v2\/product_cat?post=5113"},{"taxonomy":"product_tag","embeddable":true,"href":"https:\/\/gpdstore.net\/pl\/wp-json\/wp\/v2\/product_tag?post=5113"},{"taxonomy":"woo-feed-brand","embeddable":true,"href":"https:\/\/gpdstore.net\/pl\/wp-json\/wp\/v2\/woo-feed-brand?post=5113"}],"curies":[{"name":"wp","href":"https:\/\/api.w.org\/{rel}","templated":true}]}}