{"id":4894,"date":"2024-04-23T16:13:31","date_gmt":"2024-04-23T16:13:31","guid":{"rendered":"https:\/\/gpdstore.net\/bez-kategorii\/rysik-gpd-dla-gpd-pocket-3-i-win-max-2\/"},"modified":"2025-11-24T11:25:39","modified_gmt":"2025-11-24T11:25:39","slug":"gpd-stylus","status":"publish","type":"product","link":"https:\/\/gpdstore.net\/pl\/product\/gpd-stylus\/","title":{"rendered":"Rysik GPD dla GPD Pocket 3 i WIN MAX 2"},"content":{"rendered":"\n<p><br\/>Przedstawiamy rysik GPD: najlepsze narz\u0119dzie zapewniaj\u0105ce precyzj\u0119 i wygod\u0119, zaprojektowane w celu zwi\u0119kszenia funkcjonalno\u015bci GPD Pocket 3 i GPD Win Max 2, a tak\u017ce kompatybilne z wieloma innymi modelami laptop\u00f3w i tablet\u00f3w. Wykonany z wytrzyma\u0142ego stopu aluminium rysik ma kszta\u0142t wygodnie dopasowany do d\u0142oni, dzi\u0119ki czemu idealnie nadaje si\u0119 do d\u0142ugotrwa\u0142ego u\u017cytkowania bez dyskomfortu. Charakteryzuje si\u0119 bardzo czu\u0142\u0105, 4096-stopniow\u0105 ko\u0144c\u00f3wk\u0105 czu\u0142\u0105 na nacisk, wykonan\u0105 z mi\u0119kkiej, elastycznej gumy, dzi\u0119ki czemu ka\u017cde poci\u0105gni\u0119cie jest tak precyzyjne i czu\u0142e jak pi\u00f3ro na papierze. Ten poziom dok\u0142adno\u015bci jest idealny do szerokiego zakresu czynno\u015bci, od szkicowania i edycji zdj\u0119\u0107 po szczeg\u00f3\u0142owe prace p\u0119dzlem i pisanie szybkich notatek.   <\/p>\n\n<p>Opr\u00f3cz swoich precyzyjnych mo\u017cliwo\u015bci, rysik GPD zosta\u0142 zaprojektowany tak, aby utrzyma\u0107 ekran w nieskazitelnym stanie, dzi\u0119ki gumowej ko\u0144c\u00f3wce, kt\u00f3ra chroni przed zadrapaniami i zanieczyszczeniami. Jest nie tylko funkcjonalny, ale tak\u017ce lekki i wygodny w przenoszeniu, wraz z por\u0119czn\u0105 klamr\u0105 u\u0142atwiaj\u0105c\u0105 przymocowanie do kieszeni lub etui &#8211; idealny dla zapracowanych profesjonalist\u00f3w lub kreatywnych w podr\u00f3\u017cy. Podnie\u015b poziom swoich cyfrowych interakcji, niezale\u017cnie od tego, czy poruszasz si\u0119 po aplikacjach, rejestrujesz pomys\u0142y, czy odkrywasz swoj\u0105 artystyczn\u0105 stron\u0119, dzi\u0119ki rysikowi GPD &#8211; doskona\u0142emu po\u0142\u0105czeniu praktyczno\u015bci i innowacyjnego wzornictwa.<\/p>\n","protected":false},"excerpt":{"rendered":"<ul>\n<li>Wsp\u00f3\u0142pracuje z<strong> GPD Pocket 3<\/strong> i GPD WIN MAX 2<\/li>\n<li><strong>4096-poziomowa<\/strong> czu\u0142o\u015b\u0107 na ci\u015bnienie<\/li>\n<li>Elegancki i ergonomiczny<\/li>\n<li>Metalowa<strong> klamra<\/strong><\/li>\n<li>Pisanie notatek i wprowadzanie znak\u00f3w<\/li>\n<\/ul>\n<p> [cg_accordion title=\"INFORMACJE O P\u0141ATNO\u015aCIACH\"] Korzystamy z najnowszej technologii przetwarzania p\u0142atno\u015bci, kt\u00f3ra umo\u017cliwia dokonywanie p\u0142atno\u015bci za po\u015brednictwem Apple Pay, Google Pay, karty debetowej\/kredytowej, PayPal lub metod BNPL, takich jak Klarna, Affirm lub AfterPay, zapewniaj\u0105c szybkie i bezpieczne do\u015bwiadczenie.[\/cg_accordion] [cg_accordion title=\"GWARANCJA\"] 2 lata gwarancji od <a href=\"https:\/\/droix.net\/\" target=\"_blank\" rel=\"nofollow noopener\">DROIX<\/a> Global dla Twojego spokoju ducha[\/cg_accordion] [cg_accordion title=\"PRICING, TAXES AND SHIPPING\"] <strong><u>Uwaga:<\/u><\/strong><\/p>\n<ul>\n<li>Klienci ze Stan\u00f3w Zjednoczonych: Wy\u015bwietlana cena NIE ZAWIERA PODATKU ani c\u0142a. Odpowiedzialno\u015b\u0107 za odpraw\u0119 celn\u0105 i zap\u0142at\u0119 wszelkich powi\u0105zanych podatk\u00f3w \/ ce\u0142 spoczywa na kliencie. <\/li>\n<li>Klienci z UE: Wy\u015bwietlana cena zawiera obowi\u0105zuj\u0105cy PODATEK, kt\u00f3ry mo\u017ce wynosi\u0107 do 25% w zale\u017cno\u015bci od kraju.<\/li>\n<li>Klienci z Kanady: Wy\u015bwietlana cena zawiera obowi\u0105zuj\u0105ce podatki, kt\u00f3re mog\u0105 obejmowa\u0107 5% GST i dodatkowe prowincjonalne podatki od sprzeda\u017cy (PST), zharmonizowany podatek od sprzeda\u017cy (HST) lub podatek od sprzeda\u017cy w Quebecu (QST), w zale\u017cno\u015bci od prowincji.<\/li>\n<\/ul>\n<p><strong>TYLKO dla klient\u00f3w z UE:<\/strong> Express DDP (Delivered Duty Paid). Oznacza to: <\/p>\n<ul>\n<li style=\"list-style-type: none;\">\n<ul>\n<li>Wszystkie op\u0142aty celne i podatki s\u0105 wliczone w cen\u0119 wy\u015bwietlan\u0105 na stronie produktu.<\/li>\n<li>Przy dostawie nie trzeba b\u0119dzie uiszcza\u0107 \u017cadnych dodatkowych op\u0142at.<\/li>\n<li>W rzadkich przypadkach zwi\u0105zanych z kwestiami celnymi nasz zesp\u00f3\u0142 zajmie si\u0119 procesem odprawy celnej w Twoim imieniu, aby zapewni\u0107 sprawn\u0105 dostaw\u0119.<\/li>\n<p>Wa\u017cne informacje dotycz\u0105ce zwrot\u00f3w:<\/p>\n<li>Je\u015bli zdecydujesz si\u0119 zwr\u00f3ci\u0107 zam\u00f3wienie lub za\u017c\u0105da\u0107 zwrotu pieni\u0119dzy, pami\u0119taj, \u017ce podatki i c\u0142a zap\u0142acone w Twoim imieniu zgodnie z warunkami DDP nie mog\u0105 zosta\u0107 zwr\u00f3cone.<\/li>\n<p>Prosimy o zapoznanie si\u0119 z nasz\u0105<\/ul>\n<\/li>\n<\/ul>\n<p><a href=\"https:\/\/gpdstore.net\/pl\/terms-of-service\/\" target=\"_blank\" rel=\"nofollow noopener\">Regulamin<\/a><\/p>\n<ul>w celu uzyskania szczeg\u00f3\u0142owych informacji.<\/ul>\n<p>[\/cg_accordion] [cg_accordion title=\"OBS\u0141UGA KLIENTA\"]  Masz pytanie? Wystarczy kr\u00f3tka wiadomo\u015b\u0107 tekstowa, aby rozwi\u0105za\u0107 Tw\u00f3j problem!   [\/cg_accordion] [cg_accordion title=\"WHAT'S INCLUDED\"]<\/p>\n<ul>\n<li>1x Rysik GPD<\/li>\n<\/ul>\n<p>[\/cg_accordion]<\/p>\n","protected":false},"featured_media":11930,"template":"","meta":{"_acf_changed":false},"product_brand":[],"product_cat":[1226],"product_tag":[15938,1764],"woo-feed-brand":[779],"class_list":{"0":"post-4894","1":"product","2":"type-product","3":"status-publish","4":"has-post-thumbnail","6":"product_cat-akcesoria","7":"product_tag-15xmsale-pl","8":"product_tag-gpd-wm2-akcesoria","9":"product_shipping_class-low-end","10":"pa_accessory-type-rysik","11":"pa_brand-gpd","12":"woo-feed-brand-gpd-pl","14":"first","15":"instock","16":"sale","17":"taxable","18":"shipping-taxable","19":"purchasable","20":"product-type-variable","21":"has-default-attributes"},"acf":[],"aioseo_notices":[],"_links":{"self":[{"href":"https:\/\/gpdstore.net\/pl\/wp-json\/wp\/v2\/product\/4894","targetHints":{"allow":["GET"]}}],"collection":[{"href":"https:\/\/gpdstore.net\/pl\/wp-json\/wp\/v2\/product"}],"about":[{"href":"https:\/\/gpdstore.net\/pl\/wp-json\/wp\/v2\/types\/product"}],"wp:featuredmedia":[{"embeddable":true,"href":"https:\/\/gpdstore.net\/pl\/wp-json\/wp\/v2\/media\/11930"}],"wp:attachment":[{"href":"https:\/\/gpdstore.net\/pl\/wp-json\/wp\/v2\/media?parent=4894"}],"wp:term":[{"taxonomy":"product_brand","embeddable":true,"href":"https:\/\/gpdstore.net\/pl\/wp-json\/wp\/v2\/product_brand?post=4894"},{"taxonomy":"product_cat","embeddable":true,"href":"https:\/\/gpdstore.net\/pl\/wp-json\/wp\/v2\/product_cat?post=4894"},{"taxonomy":"product_tag","embeddable":true,"href":"https:\/\/gpdstore.net\/pl\/wp-json\/wp\/v2\/product_tag?post=4894"},{"taxonomy":"woo-feed-brand","embeddable":true,"href":"https:\/\/gpdstore.net\/pl\/wp-json\/wp\/v2\/woo-feed-brand?post=4894"}],"curies":[{"name":"wp","href":"https:\/\/api.w.org\/{rel}","templated":true}]}}