{"id":4830,"date":"2023-03-26T13:55:57","date_gmt":"2023-03-26T13:55:57","guid":{"rendered":"https:\/\/gpdstore.net\/bez-kategorii\/gpd-pocket-3-mini-laptop\/"},"modified":"2026-03-29T15:48:12","modified_gmt":"2026-03-29T15:48:12","slug":"gpd-pocket-3","status":"publish","type":"product","link":"https:\/\/gpdstore.net\/pl\/product\/gpd-pocket-3\/","title":{"rendered":"GPD Pocket 3 Mini Laptop"},"content":{"rendered":"\n<figure class=\"wp-block-video\"><video controls=\"\" poster=\"https:\/\/gpdstore.net\/wp-content\/uploads\/2023\/03\/s-l1600-2025-11-11T121147209.webp\" src=\"https:\/\/gpdstore.net\/wp-content\/uploads\/2023\/03\/kaezXFcAdRaf7bFG0dm_1100204901809_mp4_265_hd-1.mp4\"><\/video><\/figure>\n\n<div class=\"wp-block-columns is-layout-flex wp-container-core-columns-is-layout-28f84493 wp-block-columns-is-layout-flex\">\n<div class=\"wp-block-column is-layout-flow wp-block-column-is-layout-flow\" style=\"flex-basis:33.33%\">\n<figure class=\"wp-block-image size-full\"><a href=\"https:\/\/gpdstore.net\/wp-content\/uploads\/2023\/03\/Wholesale-Price-GPD-Pocket-3-Mini-Laptop-16GB-1TB-i7-GPD-Pocket-3jpg_.webp\"><img fetchpriority=\"high\" decoding=\"async\" width=\"800\" height=\"800\" src=\"https:\/\/gpdstore.net\/wp-content\/uploads\/2023\/03\/Wholesale-Price-GPD-Pocket-3-Mini-Laptop-16GB-1TB-i7-GPD-Pocket-3jpg_.webp\" alt=\"GPD Pocket 3 to kompaktowy i wydajny mini laptop zaprojektowany z my&#x15B;l&#x105; o wszechstronnych zastosowaniach i przeno&#x15B;no&#x15B;ci.\" class=\"wp-image-1263941\" srcset=\"https:\/\/gpdstore.net\/wp-content\/uploads\/2023\/03\/Wholesale-Price-GPD-Pocket-3-Mini-Laptop-16GB-1TB-i7-GPD-Pocket-3jpg_.webp 800w, https:\/\/gpdstore.net\/wp-content\/uploads\/2023\/03\/Wholesale-Price-GPD-Pocket-3-Mini-Laptop-16GB-1TB-i7-GPD-Pocket-3jpg_-600x600.webp 600w, https:\/\/gpdstore.net\/wp-content\/uploads\/2023\/03\/Wholesale-Price-GPD-Pocket-3-Mini-Laptop-16GB-1TB-i7-GPD-Pocket-3jpg_-150x150.webp 150w, https:\/\/gpdstore.net\/wp-content\/uploads\/2023\/03\/Wholesale-Price-GPD-Pocket-3-Mini-Laptop-16GB-1TB-i7-GPD-Pocket-3jpg_-768x768.webp 768w, https:\/\/gpdstore.net\/wp-content\/uploads\/2023\/03\/Wholesale-Price-GPD-Pocket-3-Mini-Laptop-16GB-1TB-i7-GPD-Pocket-3jpg_-65x65.webp 65w, https:\/\/gpdstore.net\/wp-content\/uploads\/2023\/03\/Wholesale-Price-GPD-Pocket-3-Mini-Laptop-16GB-1TB-i7-GPD-Pocket-3jpg_-360x360.webp 360w, https:\/\/gpdstore.net\/wp-content\/uploads\/2023\/03\/Wholesale-Price-GPD-Pocket-3-Mini-Laptop-16GB-1TB-i7-GPD-Pocket-3jpg_-441x441.webp 441w, https:\/\/gpdstore.net\/wp-content\/uploads\/2023\/03\/Wholesale-Price-GPD-Pocket-3-Mini-Laptop-16GB-1TB-i7-GPD-Pocket-3jpg_-100x100.webp 100w\" sizes=\"(max-width: 800px) 100vw, 800px\" \/><\/a><\/figure>\n<\/div>\n\n\n\n<div class=\"wp-block-column is-layout-flow wp-block-column-is-layout-flow\" style=\"flex-basis:66.66%\">\n<h2 class=\"wp-block-heading\"><strong><br\/><\/strong><strong>GPD Pocket 3: Kompaktowa moc z wydajno\u015bci\u0105<br\/>Intel Pentium Gold 7505<\/strong><\/h2>\n\n\n\n<p><strong>GPD Pocket 3<\/strong> jest teraz dost\u0119pny w usprawnionej konfiguracji z <a href=\"https:\/\/www.intel.com\/content\/www\/us\/en\/products\/sku\/208667\/intel-pentium-gold-7505-processor-4m-cache-up-to-3-50-ghz-with-ipu\/specifications.html\" target=\"_blank\" rel=\"noopener nofollow\" title=\"\">procesorem Intel Pentium Gold 7505<\/a>. Z czterema rdzeniami i o\u015bmioma w\u0105tkami oraz pr\u0119dko\u015bci\u0105 taktowania do 3,5 GHz, procesor ten zapewnia solidn\u0105 wydajno\u015b\u0107 dla codziennej produktywno\u015bci i wielozadaniowo\u015bci. <\/p>\n\n\n\n<p>W po\u0142\u0105czeniu z 16 GB pami\u0119ci RAM LPDDR4x dzia\u0142aj\u0105cej z cz\u0119stotliwo\u015bci\u0105 3733 MHz i szybkim dyskiem SSD M.2 <a href=\"https:\/\/droix.net\/product\/ayn-odin-2-super-dock\/\" target=\"_blank\" rel=\"noopener nofollow\" title=\"\">NVMe<\/a>, Pocket 3 zapewnia p\u0142ynne dzia\u0142anie podczas takich zada\u0144 jak edycja dokument\u00f3w, przegl\u0105danie stron internetowych, strumieniowanie wideo i lekka praca tw\u00f3rcza. Kompaktowa konstrukcja i modu\u0142owy system port\u00f3w sprawiaj\u0105, \u017ce jest to idealne rozwi\u0105zanie dla profesjonalist\u00f3w i entuzjast\u00f3w, kt\u00f3rzy potrzebuj\u0105 wydajnego, ale przeno\u015bnego urz\u0105dzenia z systemem Windows. <\/p>\n\n\n\n<p>Niezale\u017cnie od tego, czy pracujesz zdalnie, podr\u00f3\u017cujesz, czy potrzebujesz wszechstronnego ultraprzeno\u015bnego komputera, GPD Pocket 3 z Intel Pentium Gold zapewnia idealn\u0105 r\u00f3wnowag\u0119 mi\u0119dzy wydajno\u015bci\u0105 a przeno\u015bno\u015bci\u0105.<\/p>\n<\/div>\n<\/div>\n\n<h2 class=\"wp-block-heading has-text-align-center\">Zaprojektowany dla profesjonalist\u00f3w: Wszechstronno\u015b\u0107, kontrola i doskona\u0142e wzornictwo<\/h2>\n\n<div class=\"wp-block-columns is-layout-flex wp-container-core-columns-is-layout-28f84493 wp-block-columns-is-layout-flex\">\n<div class=\"wp-block-column is-layout-flow wp-block-column-is-layout-flow\">\n<figure class=\"wp-block-image size-full\"><img decoding=\"async\" width=\"300\" height=\"300\" src=\"https:\/\/gpdstore.net\/wp-content\/uploads\/2023\/03\/87affa8a-19ce-4c6d-891b-43840ae1d1f6__CR00300300_PT0_SX300_V1___.jpg\" alt=\"Minilaptop GPD Pocket 3 z ekranem obracanym o 180 stopni i mo&#x17C;liwo&#x15B;ci&#x105; obracania o 180 stopni, oferuj&#x105;cy elastyczne opcje ogl&#x105;dania i u&#x17C;ytkowania.\" class=\"wp-image-1263942\" srcset=\"https:\/\/gpdstore.net\/wp-content\/uploads\/2023\/03\/87affa8a-19ce-4c6d-891b-43840ae1d1f6__CR00300300_PT0_SX300_V1___.jpg 300w, https:\/\/gpdstore.net\/wp-content\/uploads\/2023\/03\/87affa8a-19ce-4c6d-891b-43840ae1d1f6__CR00300300_PT0_SX300_V1___-150x150.jpg 150w, https:\/\/gpdstore.net\/wp-content\/uploads\/2023\/03\/87affa8a-19ce-4c6d-891b-43840ae1d1f6__CR00300300_PT0_SX300_V1___-65x65.jpg 65w, https:\/\/gpdstore.net\/wp-content\/uploads\/2023\/03\/87affa8a-19ce-4c6d-891b-43840ae1d1f6__CR00300300_PT0_SX300_V1___-100x100.jpg 100w\" sizes=\"(max-width: 300px) 100vw, 300px\" \/><\/figure>\n\n\n\n<h3 class=\"wp-block-heading\"><strong><strong>Wy\u015bwietlacz, kt\u00f3ry si\u0119 dostosowuje:<\/strong> Obrotowy ekran 180\u00b0 z trwa\u0142o\u015bci\u0105 metalurgii proszk\u00f3w.<\/strong><\/h3>\n\n\n\n<p>Nasz innowacyjnie zaprojektowany ekran obrotowy, wykonany przy u\u017cyciu zaawansowanej technologii metalurgii proszk\u00f3w, umo\u017cliwia p\u0142ynny obr\u00f3t o 180 stopni jedn\u0105 r\u0119k\u0105 wok\u00f3\u0142 osi Y. Pomy\u015blnie przeszed\u0142 rygorystyczne testy trwa\u0142o\u015bci, wytrzymuj\u0105c 100 000 ci\u0105g\u0142ych operacji robotycznych (w tym obracanie, otwieranie i zamykanie) z imponuj\u0105cym wska\u017anikiem serwisowalno\u015bci wynosz\u0105cym 99,3%. <\/p>\n<\/div>\n\n\n\n<div class=\"wp-block-column is-layout-flow wp-block-column-is-layout-flow\">\n<figure class=\"wp-block-image size-full\"><img decoding=\"async\" width=\"300\" height=\"300\" src=\"https:\/\/gpdstore.net\/wp-content\/uploads\/2023\/03\/9728f488-7c9a-4702-8194-6d4228a0fa83__CR00300300_PT0_SX300_V1___.jpg\" alt=\"Minilaptop GPD Pocket 3 z obs&#x142;ug&#x105; rysika, umo&#x17C;liwiaj&#x105;cy precyzyjne wprowadzanie danych i zwi&#x119;kszon&#x105; produktywno&#x15B;&#x107;.\" class=\"wp-image-1263943\" srcset=\"https:\/\/gpdstore.net\/wp-content\/uploads\/2023\/03\/9728f488-7c9a-4702-8194-6d4228a0fa83__CR00300300_PT0_SX300_V1___.jpg 300w, https:\/\/gpdstore.net\/wp-content\/uploads\/2023\/03\/9728f488-7c9a-4702-8194-6d4228a0fa83__CR00300300_PT0_SX300_V1___-150x150.jpg 150w, https:\/\/gpdstore.net\/wp-content\/uploads\/2023\/03\/9728f488-7c9a-4702-8194-6d4228a0fa83__CR00300300_PT0_SX300_V1___-65x65.jpg 65w, https:\/\/gpdstore.net\/wp-content\/uploads\/2023\/03\/9728f488-7c9a-4702-8194-6d4228a0fa83__CR00300300_PT0_SX300_V1___-100x100.jpg 100w\" sizes=\"(max-width: 300px) 100vw, 300px\" \/><\/figure>\n\n\n\n<h3 class=\"wp-block-heading\"><strong><strong><strong>Precyzyjne wprowadzanie danych:<\/strong> Wykorzystanie klawiatury QWERTY nagrodzonej Red Dot Award i 4096-poziomowego rysika.<\/strong><\/strong><\/h3>\n\n\n\n<p>Pocket 3 obs\u0142uguje aktywny rysik z 4096 poziomami czu\u0142o\u015bci na nacisk, zapewniaj\u0105c oryginaln\u0105 precyzj\u0119 pisma odr\u0119cznego. Kompatybilny z pi\u00f3rem Surface Pen za po\u015brednictwem protoko\u0142u Microsoft MPP 2.0, umo\u017cliwia p\u0142ynne tworzenie notatek, adnotacji i podpis\u00f3w, umo\u017cliwiaj\u0105c precyzyjne i kreatywne tworzenie tre\u015bci w dowolnym momencie. <\/p>\n<\/div>\n\n\n\n<div class=\"wp-block-column is-layout-flow wp-block-column-is-layout-flow\">\n<figure class=\"wp-block-image size-full\"><img loading=\"lazy\" decoding=\"async\" width=\"300\" height=\"300\" src=\"https:\/\/gpdstore.net\/wp-content\/uploads\/2023\/03\/a2d68f01-c1f4-4886-afb1-90dae8b01b16__CR00300300_PT0_SX300_V1___.jpg\" alt=\"Minilaptop GPD Pocket 3 z ultracienk&#x105; kamer&#x105; 1080P, zapewniaj&#x105;c&#x105; jako&#x15B;&#x107; wideo w wysokiej rozdzielczo&#x15B;ci dla wyra&#x17A;nych i ostrych po&#x142;&#x105;cze&#x144; wideo\" class=\"wp-image-1263944\" srcset=\"https:\/\/gpdstore.net\/wp-content\/uploads\/2023\/03\/a2d68f01-c1f4-4886-afb1-90dae8b01b16__CR00300300_PT0_SX300_V1___.jpg 300w, https:\/\/gpdstore.net\/wp-content\/uploads\/2023\/03\/a2d68f01-c1f4-4886-afb1-90dae8b01b16__CR00300300_PT0_SX300_V1___-150x150.jpg 150w, https:\/\/gpdstore.net\/wp-content\/uploads\/2023\/03\/a2d68f01-c1f4-4886-afb1-90dae8b01b16__CR00300300_PT0_SX300_V1___-65x65.jpg 65w, https:\/\/gpdstore.net\/wp-content\/uploads\/2023\/03\/a2d68f01-c1f4-4886-afb1-90dae8b01b16__CR00300300_PT0_SX300_V1___-100x100.jpg 100w\" sizes=\"(max-width: 300px) 100vw, 300px\" \/><\/figure>\n\n\n\n<h3 class=\"wp-block-heading\"><strong><strong><strong>Wyra\u017ana komunikacja:<\/strong> \u0141\u0105czno\u015b\u0107 w dowolnym miejscu dzi\u0119ki szerokok\u0105tnej kamerze 1080P Ultra-Thin.<\/strong><\/strong><\/h3>\n\n\n\n<p>Ultracienka mini kamera o wysokiej rozdzielczo\u015bci 1080P z 2 milionami pikseli i szerokim polem widzenia 77\u00b0. Pozwala to komunikowa\u0107 si\u0119 z rodzin\u0105 za po\u015brednictwem transmisji internetowej na \u017cywo lub prowadzi\u0107 wideokonferencje ze wsp\u00f3\u0142pracownikami w dowolnym miejscu i czasie. <\/p>\n<\/div>\n<\/div>\n\n<div class=\"wp-block-columns is-layout-flex wp-container-core-columns-is-layout-28f84493 wp-block-columns-is-layout-flex\">\n<div class=\"wp-block-column is-layout-flow wp-block-column-is-layout-flow\">\n<figure class=\"wp-block-image size-full\"><img loading=\"lazy\" decoding=\"async\" width=\"300\" height=\"400\" src=\"https:\/\/gpdstore.net\/wp-content\/uploads\/2023\/03\/dfaad9ca-c981-4178-9f69-19a4a5cf5f38__CR00300400_PT0_SX300_V1___.jpg\" alt=\"GPD Pocket 3 mini laptop ze sterowaniem KVM, oferuj&#x105;cy p&#x142;ynn&#x105; integracj&#x119; i zarz&#x105;dzanie wieloma urz&#x105;dzeniami z jednego interfejsu\" class=\"wp-image-1263945\" srcset=\"https:\/\/gpdstore.net\/wp-content\/uploads\/2023\/03\/dfaad9ca-c981-4178-9f69-19a4a5cf5f38__CR00300400_PT0_SX300_V1___.jpg 300w, https:\/\/gpdstore.net\/wp-content\/uploads\/2023\/03\/dfaad9ca-c981-4178-9f69-19a4a5cf5f38__CR00300400_PT0_SX300_V1___-150x200.jpg 150w\" sizes=\"(max-width: 300px) 100vw, 300px\" \/><\/figure>\n<\/div>\n\n\n\n<div class=\"wp-block-column is-layout-flow wp-block-column-is-layout-flow\">\n<h3 class=\"wp-block-heading\"><strong>Uprawnienia administracyjne IT:<\/strong> dost\u0119p do serwera na poziomie sprz\u0119towym za po\u015brednictwem modu\u0142u KVM z mo\u017cliwo\u015bci\u0105 wymiany podczas pracy.<\/h3>\n\n\n\n<p>W przeciwie\u0144stwie do &#8220;pulpitu zdalnego&#8221;, modu\u0142 sterowania KVM s\u0142u\u017cy do kontroli dost\u0119pu na poziomie sprz\u0119towym, obejmuj\u0105c ca\u0142y proces korzystania z docelowego serwera, od uruchamiania, ustawie\u0144 BIOS-u po operacje w systemie operacyjnym.<\/p>\n\n\n\n<p>Mo\u017cna go wymienia\u0107 podczas pracy, ale nie jest wyposa\u017cony w KVM IP, wi\u0119c nie obs\u0142uguje zdalnego zarz\u0105dzania i nadaje si\u0119 do zarz\u0105dzania lokalnymi urz\u0105dzeniami sieciowymi, kt\u00f3re nie maj\u0105 klawiatury, myszy i wy\u015bwietlacza.<\/p>\n\n\n\n<p>*Modu\u0142 KVM\/Modu\u0142 RS-232\/Stylus sprzedawany oddzielnie<\/p>\n<\/div>\n\n\n\n<div class=\"wp-block-column is-layout-flow wp-block-column-is-layout-flow\">\n<figure class=\"wp-block-image size-full\"><img loading=\"lazy\" decoding=\"async\" width=\"350\" height=\"175\" src=\"https:\/\/gpdstore.net\/wp-content\/uploads\/2023\/03\/c011901a-1c49-4ed6-b6e2-a74a6089bf57__CR00350175_PT0_SX350_V1___-1.jpg\" alt=\"Minilaptop GPD Pocket 3 wyposa&#x17C;ony w klawiatur&#x119; QWERTY, zaprojektowany do wygodnego i wydajnego pisania w kompaktowej obudowie.\" class=\"wp-image-1263946\" srcset=\"https:\/\/gpdstore.net\/wp-content\/uploads\/2023\/03\/c011901a-1c49-4ed6-b6e2-a74a6089bf57__CR00350175_PT0_SX350_V1___-1.jpg 350w, https:\/\/gpdstore.net\/wp-content\/uploads\/2023\/03\/c011901a-1c49-4ed6-b6e2-a74a6089bf57__CR00350175_PT0_SX350_V1___-1-150x75.jpg 150w\" sizes=\"(max-width: 350px) 100vw, 350px\" \/><\/figure>\n\n\n\n<h3 class=\"wp-block-heading\"><strong>Klawiatura &#8220;QWERTY&#8221;<\/strong><\/h3>\n\n\n\n<p>Nasza powszechnie ceniona klawiatura &#8220;QWERTY&#8221; w stylu chiclet chocolate, kt\u00f3ra zdoby\u0142a niemieck\u0105 nagrod\u0119 Red Dot Award, jest zoptymalizowana do pisania obiema r\u0119kami poprzez skoncentrowanie najwa\u017cniejszych klawiszy na \u015brodku, dzi\u0119ki czemu granie w gry sterowane klawiatur\u0105 i mysz\u0105 na tym urz\u0105dzeniu jest bardzo wygodne!<\/p>\n<\/div>\n<\/div>\n\n<h2 class=\"wp-block-heading has-text-align-center\">Profesjonalne wej\u015bcia: Sterowanie sprz\u0119towe i ergonomiczne pisanie<\/h2>\n\n<figure class=\"wp-block-image aligncenter size-full\"><img loading=\"lazy\" decoding=\"async\" width=\"1024\" height=\"678\" src=\"https:\/\/gpdstore.net\/wp-content\/uploads\/2023\/03\/GPD-POCKET-3-MARKETING-IMAGE-2-1024x678-1.jpg\" alt=\"Minilaptop GPD Pocket 3 umo&#x17C;liwia pod&#x142;&#x105;czenie wielu wy&#x15B;wietlaczy w celu zwi&#x119;kszenia produktywno&#x15B;ci i wielozadaniowo&#x15B;ci.\" class=\"wp-image-1263947\" srcset=\"https:\/\/gpdstore.net\/wp-content\/uploads\/2023\/03\/GPD-POCKET-3-MARKETING-IMAGE-2-1024x678-1.jpg 1024w, https:\/\/gpdstore.net\/wp-content\/uploads\/2023\/03\/GPD-POCKET-3-MARKETING-IMAGE-2-1024x678-1-600x397.jpg 600w, https:\/\/gpdstore.net\/wp-content\/uploads\/2023\/03\/GPD-POCKET-3-MARKETING-IMAGE-2-1024x678-1-768x509.jpg 768w, https:\/\/gpdstore.net\/wp-content\/uploads\/2023\/03\/GPD-POCKET-3-MARKETING-IMAGE-2-1024x678-1-360x238.jpg 360w, https:\/\/gpdstore.net\/wp-content\/uploads\/2023\/03\/GPD-POCKET-3-MARKETING-IMAGE-2-1024x678-1-990x655.jpg 990w, https:\/\/gpdstore.net\/wp-content\/uploads\/2023\/03\/GPD-POCKET-3-MARKETING-IMAGE-2-1024x678-1-441x292.jpg 441w, https:\/\/gpdstore.net\/wp-content\/uploads\/2023\/03\/GPD-POCKET-3-MARKETING-IMAGE-2-1024x678-1-150x99.jpg 150w\" sizes=\"(max-width: 1024px) 100vw, 1024px\" \/><\/figure>\n\n<p>GPD powraca z trzeci\u0105 iteracj\u0105 swojej popularnej linii mini laptop\u00f3w, o trafnej nazwie <strong>GPD Pocket 3<\/strong>! Ten bogaty w funkcje laptop o niewielkich rozmiarach jest w pe\u0142ni wyposa\u017cony i wystarczaj\u0105co elastyczny, aby z \u0142atwo\u015bci\u0105 zaspokoi\u0107 wszystkie codzienne potrzeby komputerowe.<\/p>\n\n<p>Opr\u00f3cz mn\u00f3stwa interfejs\u00f3w, kt\u00f3re urz\u0105dzenie ju\u017c posiada (USB, Thunderbolt, RJ45 itp.), GPD Pocket 3 posiada r\u00f3wnie\u017c &#8220;modu\u0142owy interfejs po\u0142\u0105cze\u0144&#8221;. Pozwala to na swobodne dostosowanie port\u00f3w w <strong>GPD Pocket<\/strong> 3 do w\u0142asnych potrzeb. Potrzebujesz dodatkowego portu USB dla innego urz\u0105dzenia? Nie ma problemu. Potrzebujesz po\u0142\u0105czy\u0107 si\u0119 z serwerem? To proste dzi\u0119ki dedykowanemu modu\u0142owi KVM!*.     <\/p>\n\n<p>Pod koniec dnia, <strong>GPD Pocket 3<\/strong> jest pe\u0142en przydatnych cech i funkcji. Wbudowany mikrofon? Masz go. Obracany o 360 stopni wy\u015bwietlacz? Jasne! Port HDMI? Ju\u017c jest!      <\/p>\n\n<p>Niezale\u017cnie od tego, czy jeste\u015b zainteresowany modelem high-end, czy podstawowym, otrzymasz laptop, kt\u00f3ry jest wysoce przeno\u015bny i mo\u017cna go idealnie dostosowa\u0107 do w\u0142asnych potrzeb.<\/p>\n\n<figure class=\"wp-block-image aligncenter size-full\"><img loading=\"lazy\" decoding=\"async\" width=\"970\" height=\"600\" src=\"https:\/\/gpdstore.net\/wp-content\/uploads\/2023\/03\/28ee65cf-aa50-4535-b107-c1d20069d506__CR00970600_PT0_SX970_V1___.jpg\" alt=\"Parametry systemu mini laptopa GPD Pocket 3, w tym procesor, pami&#x119;&#x107;, pami&#x119;&#x107; masowa i specyfikacja wy&#x15B;wietlacza, zapewniaj&#x105; optymaln&#x105; wydajno&#x15B;&#x107;.\" class=\"wp-image-1263948\" srcset=\"https:\/\/gpdstore.net\/wp-content\/uploads\/2023\/03\/28ee65cf-aa50-4535-b107-c1d20069d506__CR00970600_PT0_SX970_V1___.jpg 970w, https:\/\/gpdstore.net\/wp-content\/uploads\/2023\/03\/28ee65cf-aa50-4535-b107-c1d20069d506__CR00970600_PT0_SX970_V1___-600x371.jpg 600w, https:\/\/gpdstore.net\/wp-content\/uploads\/2023\/03\/28ee65cf-aa50-4535-b107-c1d20069d506__CR00970600_PT0_SX970_V1___-768x475.jpg 768w, https:\/\/gpdstore.net\/wp-content\/uploads\/2023\/03\/28ee65cf-aa50-4535-b107-c1d20069d506__CR00970600_PT0_SX970_V1___-360x223.jpg 360w, https:\/\/gpdstore.net\/wp-content\/uploads\/2023\/03\/28ee65cf-aa50-4535-b107-c1d20069d506__CR00970600_PT0_SX970_V1___-441x273.jpg 441w, https:\/\/gpdstore.net\/wp-content\/uploads\/2023\/03\/28ee65cf-aa50-4535-b107-c1d20069d506__CR00970600_PT0_SX970_V1___-150x93.jpg 150w\" sizes=\"(max-width: 970px) 100vw, 970px\" \/><\/figure>\n","protected":false},"excerpt":{"rendered":"<ul>\n<li>Intel\u00ae Pentium\u00ae Gold 7505 do 3,50 GHz; 4 rdzenie\/8 w\u0105tk\u00f3w<\/li>\n<li><strong>16 GB pami\u0119ci RAM LPDDR4x<\/strong> @3733 MHz<\/li>\n<li><strong>Thunderbolt 4 \/ 8-calowy ekran dotykowy \/ skaner linii papilarnych<\/strong><\/li>\n<li>Dysk SSD PCI-E NVMe o pojemno\u015bci <strong>do 4 TB<\/strong> <\/li>\n<li>Modu\u0142owy z <strong>portami KVM\/RS-232 <\/strong>(sprzedawany oddzielnie)<\/li>\n<\/ul>\n<p><img loading=\"lazy\" decoding=\"async\" src=\"https:\/\/gpdstore.net\/wp-content\/uploads\/2024\/08\/POCKET-4-FREEBIE-LONG.jpg\" alt=\"Baner promocyjny dla GPD Pocket 4 oferuj\u0105cy bezp\u0142atne etui ochronne. Tekst brzmi \"DARMOWE PREZENTY - FUTERA\u0141 OCHRONNY - AUTOMATYCZNIE DODANY DO KOSZYKA\", kt\u00f3remu towarzyszy obraz eleganckiego czarnego futera\u0142u ochronnego\" width=\"1000\" height=\"140\" class=\"alignnone size-full wp-image-973719\" srcset=\"https:\/\/gpdstore.net\/wp-content\/uploads\/2024\/08\/POCKET-4-FREEBIE-LONG.jpg 1000w, https:\/\/gpdstore.net\/wp-content\/uploads\/2024\/08\/POCKET-4-FREEBIE-LONG-600x84.jpg 600w, https:\/\/gpdstore.net\/wp-content\/uploads\/2024\/08\/POCKET-4-FREEBIE-LONG-768x108.jpg 768w, https:\/\/gpdstore.net\/wp-content\/uploads\/2024\/08\/POCKET-4-FREEBIE-LONG-360x50.jpg 360w, https:\/\/gpdstore.net\/wp-content\/uploads\/2024\/08\/POCKET-4-FREEBIE-LONG-990x139.jpg 990w, https:\/\/gpdstore.net\/wp-content\/uploads\/2024\/08\/POCKET-4-FREEBIE-LONG-441x62.jpg 441w, https:\/\/gpdstore.net\/wp-content\/uploads\/2024\/08\/POCKET-4-FREEBIE-LONG-150x21.jpg 150w\" sizes=\"(max-width: 1000px) 100vw, 1000px\" \/><\/p>\n<p> [cg_accordion title=\"INFORMACJE O P\u0141ATNO\u015aCIACH\"] Korzystamy z najnowszej technologii przetwarzania p\u0142atno\u015bci, kt\u00f3ra umo\u017cliwia dokonywanie p\u0142atno\u015bci za pomoc\u0105 karty debetowej\/kredytowej lub PayPal, zapewniaj\u0105c szybkie i bezpieczne do\u015bwiadczenie.[\/cg_accordion] [cg_accordion title=\"GWARANCJA\"] 2 lata gwarancji od <a href=\"https:\/\/droix.net\/\" target=\"_blank\" rel=\"nofollow noopener\">DROIX<\/a> Global dla Twojego spokoju ducha[\/cg_accordion] [cg_accordion title=\"ZAPEWNIENIE JAKO\u015aCI I TESTY PRZED WYSY\u0141K\u0104\"] Zapewnienie satysfakcji klienta na najwy\u017cszym poziomie: Ka\u017cde urz\u0105dzenie przed wysy\u0142k\u0105 przechodzi rygorystyczne testy i wielopunktow\u0105 kontrol\u0119 jako\u015bci. Nasz dedykowany zesp\u00f3\u0142 weryfikuje wydajno\u015b\u0107, funkcjonalno\u015b\u0107 i integralno\u015b\u0107 komponent\u00f3w, aby zagwarantowa\u0107, \u017ce urz\u0105dzenie GPD jest w idealnym stanie po dostarczeniu, zapewniaj\u0105c pewno\u015b\u0107 i spok\u00f3j ducha.[\/cg_accordion] [cg_accordion title=\"CENY, PODATKI I WYSY\u0141KA\"] <strong><u>Uwaga:<\/u><\/strong><\/p>\n<ul>\n<li>Klienci ze Stan\u00f3w Zjednoczonych: Wy\u015bwietlana cena NIE ZAWIERA PODATKU ani c\u0142a. Odpowiedzialno\u015b\u0107 za odpraw\u0119 celn\u0105 i zap\u0142at\u0119 wszelkich powi\u0105zanych podatk\u00f3w \/ ce\u0142 spoczywa na kliencie. <\/li>\n<li>Klienci z UE: Wy\u015bwietlana cena zawiera obowi\u0105zuj\u0105cy PODATEK, kt\u00f3ry mo\u017ce wynosi\u0107 do 25% w zale\u017cno\u015bci od kraju.<\/li>\n<li>Klienci z Kanady: Wy\u015bwietlana cena zawiera obowi\u0105zuj\u0105ce podatki, kt\u00f3re mog\u0105 obejmowa\u0107 5% GST i dodatkowe prowincjonalne podatki od sprzeda\u017cy (PST), zharmonizowany podatek od sprzeda\u017cy (HST) lub podatek od sprzeda\u017cy w Quebecu (QST), w zale\u017cno\u015bci od prowincji.<\/li>\n<\/ul>\n<p><strong>TYLKO dla klient\u00f3w z UE:<\/strong> Express DDP (Delivered Duty Paid). Oznacza to: <\/p>\n<ul>\n<li style=\"list-style-type: none;\">\n<ul>\n<li>Wszystkie op\u0142aty celne i podatki s\u0105 wliczone w cen\u0119 wy\u015bwietlan\u0105 na stronie produktu.<\/li>\n<li>Przy dostawie nie trzeba b\u0119dzie uiszcza\u0107 \u017cadnych dodatkowych op\u0142at.<\/li>\n<li>W rzadkich przypadkach zwi\u0105zanych z kwestiami celnymi nasz zesp\u00f3\u0142 zajmie si\u0119 procesem odprawy celnej w Twoim imieniu, aby zapewni\u0107 sprawn\u0105 dostaw\u0119.<\/li>\n<p>Wa\u017cne informacje dotycz\u0105ce zwrot\u00f3w:<\/p>\n<li>Je\u015bli zdecydujesz si\u0119 zwr\u00f3ci\u0107 zam\u00f3wienie lub za\u017c\u0105da\u0107 zwrotu pieni\u0119dzy, pami\u0119taj, \u017ce podatki i c\u0142a zap\u0142acone w Twoim imieniu zgodnie z warunkami DDP nie mog\u0105 zosta\u0107 zwr\u00f3cone.<\/li>\n<p>Prosimy o zapoznanie si\u0119 z nasz\u0105<\/ul>\n<\/li>\n<\/ul>\n<p><a href=\"https:\/\/droix.net\/terms-and-conditions\/\" target=\"_blank\" rel=\"nofollow noopener\">Regulamin<\/a><\/p>\n<ul>w celu uzyskania szczeg\u00f3\u0142owych informacji.<\/ul>\n<p>[\/cg_accordion] [cg_accordion title=\"OBS\u0141UGA KLIENTA\"]  Masz pytanie? Wystarczy kr\u00f3tka wiadomo\u015b\u0107 tekstowa, aby rozwi\u0105za\u0107 Tw\u00f3j problem!  Szczeg\u00f3\u0142owe informacje mo\u017cna znale\u017a\u0107 w naszym <a href=\"https:\/\/gpdstore.net\/en-gb\/terms-of-service\/\" target=\"_blank\" rel=\"nofollow noopener\">Regulaminie<\/a>.  [\/cg_accordion] [cg_accordion title=\"CO ZAWIERA\"]<\/p>\n<ul>\n<li>1x GPD Pocket 3<\/li>\n<li>1x Zasilacz<\/li>\n<li>1x Kabel USB typu C<\/li>\n<li>1x Instrukcja obs\u0142ugi<\/li>\n<li>1x Rysik GPD<\/li>\n<\/ul>\n<p>[\/cg_accordion]<\/p>\n","protected":false},"featured_media":4831,"template":"","meta":{"_acf_changed":false},"product_brand":[],"product_cat":[1441,1442,1440],"product_tag":[14537,1444],"woo-feed-brand":[779],"class_list":{"0":"post-4830","1":"product","2":"type-product","3":"status-publish","4":"has-post-thumbnail","6":"product_cat-laptopy","7":"product_cat-tablet-laptop-pl","8":"product_cat-mini-laptopy-gpd","9":"product_tag-8xmsale-pl-2","10":"product_tag-gpd-pocket-3-mini-laptop","11":"product_shipping_class-premium","12":"pa_bluetooth-5-pl","13":"pa_brand-gpd","14":"pa_display-type-h-ips-pl","15":"pa_graphics-gpu-model-core-i3-1125g4-grafika-uhd-pl","16":"pa_graphics-gpu-model-core-i7-1195g7-grafika-iris-xe-pl","17":"pa_graphics-gpu-model-pentium-gold-7505-grafika-uhd-pl","18":"pa_i-o-video-1x-hdmi-2-0b-pl","19":"pa_i-o-video-przez-1x-usb-4-0-type-c-40-gb-s","20":"pa_memory-ram-capacity-8-gb","21":"pa_memory-ram-capacity-16-gb-pl","22":"pa_memory-ram-technology-lpddr4x-pl","23":"pa_processor-cpu-model-intel-core-i3-1125g4","24":"pa_processor-cpu-model-intel-core-i7-1195g7","25":"pa_processor-cpu-model-intel-pentium-gold-7505","26":"pa_processor-cpu-model-pentium-silver-n6000","27":"pa_storage-capacity-512-gb-pl","28":"pa_storage-capacity-1tb-pl","29":"pa_wi-fi-wi-fi-6-pl","30":"woo-feed-brand-gpd-pl","32":"first","33":"instock","34":"sale","35":"taxable","36":"shipping-taxable","37":"purchasable","38":"product-type-variable","39":"has-default-attributes"},"acf":[],"aioseo_notices":[],"_links":{"self":[{"href":"https:\/\/gpdstore.net\/pl\/wp-json\/wp\/v2\/product\/4830","targetHints":{"allow":["GET"]}}],"collection":[{"href":"https:\/\/gpdstore.net\/pl\/wp-json\/wp\/v2\/product"}],"about":[{"href":"https:\/\/gpdstore.net\/pl\/wp-json\/wp\/v2\/types\/product"}],"wp:featuredmedia":[{"embeddable":true,"href":"https:\/\/gpdstore.net\/pl\/wp-json\/wp\/v2\/media\/4831"}],"wp:attachment":[{"href":"https:\/\/gpdstore.net\/pl\/wp-json\/wp\/v2\/media?parent=4830"}],"wp:term":[{"taxonomy":"product_brand","embeddable":true,"href":"https:\/\/gpdstore.net\/pl\/wp-json\/wp\/v2\/product_brand?post=4830"},{"taxonomy":"product_cat","embeddable":true,"href":"https:\/\/gpdstore.net\/pl\/wp-json\/wp\/v2\/product_cat?post=4830"},{"taxonomy":"product_tag","embeddable":true,"href":"https:\/\/gpdstore.net\/pl\/wp-json\/wp\/v2\/product_tag?post=4830"},{"taxonomy":"woo-feed-brand","embeddable":true,"href":"https:\/\/gpdstore.net\/pl\/wp-json\/wp\/v2\/woo-feed-brand?post=4830"}],"curies":[{"name":"wp","href":"https:\/\/api.w.org\/{rel}","templated":true}]}}