{"id":4490,"date":"2023-03-24T18:47:23","date_gmt":"2023-03-24T18:47:23","guid":{"rendered":"https:\/\/gpdstore.net\/bez-kategorii\/gpd-win-4-gaming-handheld-pc\/"},"modified":"2025-12-23T10:36:42","modified_gmt":"2025-12-23T10:36:42","slug":"gpd-win-4","status":"publish","type":"product","link":"https:\/\/gpdstore.net\/pl\/product\/gpd-win-4\/","title":{"rendered":"GPD WIN 4 Gaming Handheld PC"},"content":{"rendered":"\n<p>Je\u015bli jeste\u015b zapalonym graczem, kt\u00f3ry uwielbia zabiera\u0107 swoje gry w podr\u00f3\u017c, b\u0119dziesz podekscytowany s\u0142ysz\u0105c o najnowszym przeno\u015bnym komputerze do gier od GPD, GPD WIN 4. Dzi\u0119ki kompaktowym rozmiarom i pot\u0119\u017cnej specyfikacji, urz\u0105dzenie to z pewno\u015bci\u0105 zrobi wra\u017cenie nawet na najbardziej wymagaj\u0105cych graczach. <\/p>\n\n<p>Przy wymiarach zaledwie 8,6 x 3,6 x 1,10 cala (22,0 \u00d7 9,2 \u00d7 2,8 cm) i wadze tylko oko\u0142o 570 g, GPD WIN 4 jest niezwykle przeno\u015bny. Jest nawet mniejszy ni\u017c jego poprzednik, GPD WIN 3, dzi\u0119ki czemu mo\u017cna go \u0142atwo wsun\u0105\u0107 do ma\u0142ej torby lub kieszeni kurtki i zabra\u0107 ze sob\u0105 w dowolne miejsce. <\/p>\n\n<p>Jedn\u0105 z wyr\u00f3\u017cniaj\u0105cych si\u0119 cech GPD WIN 4 jest procesor AMD Ryzen 7 6800U z o\u015bmioma rdzeniami i szesnastoma w\u0105tkami pracuj\u0105cymi z cz\u0119stotliwo\u015bci\u0105 do 4,7 GHz przy 28 W TDP. To, w po\u0142\u0105czeniu z kart\u0105 graficzn\u0105 Radeon 680M o taktowaniu do 2,2 GHz, pozwala na p\u0142ynn\u0105 rozgrywk\u0119 w najnowsze gry AAA Windows na tym przeno\u015bnym komputerze do gier przy ustawieniach grywalno\u015bci. Niezale\u017cnie od tego, czy lubisz strzelanki pierwszoosobowe, gry fabularne czy symulacje sportowe, GPD WIN 4 zapewni Ci wszystko.  <\/p>\n\n<p>Je\u015bli chodzi o pami\u0119\u0107 i pami\u0119\u0107 masow\u0105, GPD WIN 4 oferuje do wyboru 16 GB lub 32 GB pami\u0119ci RAM LPDDR5-6400 MT i do 2 TB szybkiego SSD obs\u0142uguj\u0105cego do M.2 PCIe 4.0 NVMe 2280 SSD. Oznacza to, \u017ce b\u0119dziesz mie\u0107 mn\u00f3stwo miejsca na przechowywanie gier i innych plik\u00f3w, a dzi\u0119ki b\u0142yskawicznym pr\u0119dko\u015bciom odczytu i zapisu SSD nie b\u0119dziesz musia\u0142 d\u0142ugo czeka\u0107 na za\u0142adowanie gier.  <\/p>\n\n<p>GPD WIN 4 oferuje r\u00f3wnie\u017c szybk\u0105 \u0142\u0105czno\u015b\u0107 bezprzewodow\u0105 z 802.11 a\/b\/g\/n\/ac\/ax WiFi 6 i Bluetooth 5.2. A je\u015bli jeste\u015b w podr\u00f3\u017cy i potrzebujesz dost\u0119pu do Internetu, mo\u017cesz kupi\u0107 oddzielnie sprzedawany modu\u0142, kt\u00f3ry obs\u0142uguje karty nano-sim 4G LTE do mobilnej transmisji danych. <\/p>\n\n<p>Urz\u0105dzenie posiada 6-calowy ekran dotykowy H-IPS o natywnej rozdzielczo\u015bci 1920&#215;1080, obs\u0142uguj\u0105cy zar\u00f3wno 40 Hz, jak i 60 Hz dla konfigurowalnej liczby klatek na sekund\u0119. Gwarantuje to, \u017ce starsze gry b\u0119d\u0105 dzia\u0142a\u0107 p\u0142ynnie na GPD WIN 4 bez \u017cadnych problem\u00f3w z obracaniem ekranu, kt\u00f3re mog\u0105 wyst\u0105pi\u0107 w innych handheldach. <\/p>\n\n<p>GPD WIN 4 oferuje r\u00f3wnie\u017c imponuj\u0105cy schemat sterowania i projektowania przypominaj\u0105cy Sony PSP, wyposa\u017cony w podw\u00f3jne joysticki z czujnikiem halla, klasyczny D-pad i liniowe analogowe przyciski spustowe z pod\u015bwietleniem LED. Dodatkowo, z ty\u0142u urz\u0105dzenia znajduj\u0105 si\u0119 dwa konfigurowalne przyciski, pozwalaj\u0105ce na ustawienie sterowania w dowolny spos\u00f3b. <\/p>\n\n<p>Je\u015bli chcesz jeszcze bardziej zwi\u0119kszy\u0107 wydajno\u015b\u0107 GPD WIN 4, mo\u017cesz pod\u0142\u0105czy\u0107 zewn\u0119trzn\u0105 kart\u0119 graficzn\u0105 (eGPU) za po\u015brednictwem szybkiego portu USB 4, kt\u00f3ry obs\u0142uguje do 40 Gb \/ s. Urz\u0105dzenie posiada r\u00f3wnie\u017c port USB 3.2 Gen 2 do przesy\u0142ania danych i \u0142adowania, a tak\u017ce port USB Type-A dla dodatkowych urz\u0105dze\u0144 peryferyjnych. <\/p>\n\n<p>Dzi\u0119ki baterii litowo-polimerowej o pojemno\u015bci 45,62 Wh, GPD WIN 4 mo\u017ce wytrzyma\u0107 do 10 godzin przy lekkim u\u017cytkowaniu, 3-6 godzin przy umiarkowanym u\u017cytkowaniu i oko\u0142o 2 godzin przy intensywnym u\u017cytkowaniu. Oznacza to, \u017ce mo\u017cesz gra\u0107 w swoje ulubione gry w podr\u00f3\u017cy, nie martwi\u0105c si\u0119 o wyczerpanie energii. <\/p>\n\n<p>Podsumowuj\u0105c, GPD WIN 4 to wysoce przeno\u015bny komputer do gier, kt\u00f3ry idealnie nadaje si\u0119 do grania w podr\u00f3\u017cy. Niezale\u017cnie od tego, czy doje\u017cd\u017casz do pracy, podr\u00f3\u017cujesz, czy po prostu relaksujesz si\u0119 w domu, ten przeno\u015bny komputer do gier z pewno\u015bci\u0105 zapewni Ci wiele godzin rozrywki. Dlaczego wi\u0119c nie kupi\u0107 go ju\u017c dzi\u015b i nie do\u015bwiadczy\u0107 wysokiej klasy gier AAA?  <\/p>\n","protected":false},"excerpt":{"rendered":"<ul>\n<li><strong>AMD Ryzen 7 6800U<\/strong> \/ AMD Radeon 680M<\/li>\n<li><strong>do 32 GB<\/strong> LPDDR5 przy 6400 MT\/s<\/li>\n<li><strong>Do 2 TB<\/strong> szybkich dysk\u00f3w SSD PCI-E <strong>M.2<\/strong> 2280<\/li>\n<li><strong>6-calowy<\/strong> ekran dotykowy <strong>w technologii IPS<\/strong> <\/li>\n<li>Obs\u0142uga <strong>WiFi 6<\/strong> i <strong>Bluetooth 5.2<\/strong>  <\/li>\n<\/ul>\n<p><img fetchpriority=\"high\" decoding=\"async\" src=\"https:\/\/gpdstore.net\/wp-content\/uploads\/2024\/03\/WIN-4-FREE-GIFTS.jpg\" alt=\"\" width=\"2000\" height=\"500\" class=\"alignnone size-full wp-image-4175\" srcset=\"https:\/\/gpdstore.net\/wp-content\/uploads\/2024\/03\/WIN-4-FREE-GIFTS.jpg 2000w, https:\/\/gpdstore.net\/wp-content\/uploads\/2024\/03\/WIN-4-FREE-GIFTS-600x150.jpg 600w, https:\/\/gpdstore.net\/wp-content\/uploads\/2024\/03\/WIN-4-FREE-GIFTS-1200x300.jpg 1200w, https:\/\/gpdstore.net\/wp-content\/uploads\/2024\/03\/WIN-4-FREE-GIFTS-768x192.jpg 768w, https:\/\/gpdstore.net\/wp-content\/uploads\/2024\/03\/WIN-4-FREE-GIFTS-1536x384.jpg 1536w, https:\/\/gpdstore.net\/wp-content\/uploads\/2024\/03\/WIN-4-FREE-GIFTS-360x90.jpg 360w, https:\/\/gpdstore.net\/wp-content\/uploads\/2024\/03\/WIN-4-FREE-GIFTS-990x248.jpg 990w, https:\/\/gpdstore.net\/wp-content\/uploads\/2024\/03\/WIN-4-FREE-GIFTS-441x110.jpg 441w, https:\/\/gpdstore.net\/wp-content\/uploads\/2024\/03\/WIN-4-FREE-GIFTS-150x38.jpg 150w\" sizes=\"(max-width: 2000px) 100vw, 2000px\" \/><\/p>\n[cg_accordion title=\"INFORMACJE O P\u0141ATNO\u015aCIACH\"]<\/p>\n<p>Korzystamy z najnowszej technologii przetwarzania p\u0142atno\u015bci, kt\u00f3ra umo\u017cliwia szybkie i bezpieczne dokonywanie p\u0142atno\u015bci za pomoc\u0105 karty debetowej\/kredytowej lub PayPal.[\/cg_accordion]\n[cg_accordion title=\"GWARANCJA\"]<\/p>\n<p>2 lata gwarancji od <a href=\"https:\/\/droix.net\/\" target=\"_blank\" rel=\"nofollow noopener\">DROIX<\/a> Global dla Twojego spokoju ducha[\/cg_accordion]\n[cg_accordion title=\"ZAPEWNIENIE JAKO\u015aCI I TESTY PRZED WYSY\u0141K\u0104\"]<\/p>\n<p>Zapewnienie satysfakcji klienta na najwy\u017cszym poziomie: Ka\u017cde urz\u0105dzenie przechodzi rygorystyczne testy i wielopunktow\u0105 kontrol\u0119 jako\u015bci przed wysy\u0142k\u0105. Nasz dedykowany zesp\u00f3\u0142 weryfikuje wydajno\u015b\u0107, funkcjonalno\u015b\u0107 i integralno\u015b\u0107 komponent\u00f3w, aby zagwarantowa\u0107, \u017ce urz\u0105dzenie GPD jest w idealnym stanie po dostarczeniu, zapewniaj\u0105c pewno\u015b\u0107 i spok\u00f3j ducha. [\/cg_accordion]\n[cg_accordion title=\"CENY, PODATKI I WYSY\u0141KA\"]<\/p>\n<p><strong><u>Uwaga:<\/u><\/strong><\/p>\n<ul>\n<li>Klienci ze Stan\u00f3w Zjednoczonych: Wy\u015bwietlana cena NIE ZAWIERA PODATKU ani c\u0142a. Odpowiedzialno\u015b\u0107 za odpraw\u0119 celn\u0105 i zap\u0142at\u0119 wszelkich powi\u0105zanych podatk\u00f3w \/ ce\u0142 spoczywa na kliencie. <\/li>\n<li>Klienci z UE: Wy\u015bwietlana cena zawiera obowi\u0105zuj\u0105cy PODATEK, kt\u00f3ry mo\u017ce wynosi\u0107 do 25% w zale\u017cno\u015bci od kraju.<\/li>\n<li>Klienci z Kanady: Wy\u015bwietlana cena zawiera obowi\u0105zuj\u0105ce podatki, kt\u00f3re mog\u0105 obejmowa\u0107 5% GST i dodatkowe prowincjonalne podatki od sprzeda\u017cy (PST), zharmonizowany podatek od sprzeda\u017cy (HST) lub podatek od sprzeda\u017cy w Quebecu (QST), w zale\u017cno\u015bci od prowincji.<\/li>\n<\/ul>\n<p><strong>TYLKO dla klient\u00f3w z UE:<\/strong> Express DDP (Delivered Duty Paid). Oznacza to: <\/p>\n<ul>\n<li>Wszystkie op\u0142aty celne i podatki s\u0105 wliczone w cen\u0119 wy\u015bwietlan\u0105 na stronie produktu.<\/li>\n<li>Przy dostawie nie trzeba b\u0119dzie uiszcza\u0107 \u017cadnych dodatkowych op\u0142at.<\/li>\n<li>W rzadkich przypadkach zwi\u0105zanych z kwestiami celnymi nasz zesp\u00f3\u0142 zajmie si\u0119 procesem odprawy celnej w Twoim imieniu, aby zapewni\u0107 sprawn\u0105 dostaw\u0119.<\/li>\n<p>Wa\u017cne informacje dotycz\u0105ce zwrot\u00f3w:<\/p>\n<li>Je\u015bli zdecydujesz si\u0119 zwr\u00f3ci\u0107 zam\u00f3wienie lub za\u017c\u0105da\u0107 zwrotu pieni\u0119dzy, pami\u0119taj, \u017ce podatki i c\u0142a zap\u0142acone w Twoim imieniu zgodnie z warunkami DDP nie mog\u0105 zosta\u0107 zwr\u00f3cone.<\/li>\n<p>Szczeg\u00f3\u0142owe informacje mo\u017cna znale\u017a\u0107 w naszym <a href=\"https:\/\/droix.net\/terms-and-conditions\/\" target=\"_blank\" rel=\"nofollow noopener\">Regulaminie<\/a>.\n<\/ul>\n<p>[\/cg_accordion]\n[cg_accordion title=\"OBS\u0141UGA KLIENTA\"]<\/p>\n<p>Masz pytanie? Wystarczy kr\u00f3tka wiadomo\u015b\u0107 tekstowa, aby rozwi\u0105za\u0107 Tw\u00f3j problem! <\/p>\n<p>Szczeg\u00f3\u0142owe informacje mo\u017cna znale\u017a\u0107 w naszym <a href=\"https:\/\/gpdstore.net\/pl\/terms-of-service\/\" target=\"_blank\" rel=\"nofollow noopener\">Regulaminie<\/a>.\n<\/ul>\n<p>[\/cg_accordion]\n[cg_accordion title=\"CO ZAWIERA\"]<\/p>\n<ul>\n<li>1x GPD WIN 4<\/li>\n<li>1x Zasilacz<\/li>\n<li>1x Kabel USB typu C<\/li>\n<li>1x Instrukcja obs\u0142ugi<\/li>\n<\/ul>\n<p>[\/cg_accordion]\n","protected":false},"featured_media":4491,"template":"","meta":{"_acf_changed":false},"product_brand":[],"product_cat":[775],"product_tag":[777,778],"woo-feed-brand":[779],"class_list":{"0":"post-4490","1":"product","2":"type-product","3":"status-publish","4":"has-post-thumbnail","6":"product_cat-gpd-handheld-pc-do-gier","7":"product_tag-10gpdsale-pl","8":"product_tag-gpd-win-4-pl","9":"product_shipping_class-premium","10":"pa_bluetooth-5-2-pl","11":"pa_display-type-h-ips-pl","12":"pa_graphics-gpu-model-radeon-680m-pl","13":"pa_i-o-video-przez-1x-usb-4-0-type-c-40-gb-s","14":"pa_memory-ram-capacity-16-gb-pl","15":"pa_memory-ram-capacity-32-gb-pl","16":"pa_memory-ram-technology-lpddr5-pl","17":"pa_processor-cpu-model-ryzen-7-6800u","18":"pa_storage-capacity-1tb-pl","19":"pa_storage-capacity-2tb-pl","20":"pa_storage-capacity-512-gb-pl","21":"pa_wi-fi-wi-fi-6-pl","22":"woo-feed-brand-gpd-pl","24":"first","25":"outofstock","26":"sale","27":"taxable","28":"shipping-taxable","29":"purchasable","30":"product-type-variable","31":"has-default-attributes"},"acf":[],"aioseo_notices":[],"_links":{"self":[{"href":"https:\/\/gpdstore.net\/pl\/wp-json\/wp\/v2\/product\/4490","targetHints":{"allow":["GET"]}}],"collection":[{"href":"https:\/\/gpdstore.net\/pl\/wp-json\/wp\/v2\/product"}],"about":[{"href":"https:\/\/gpdstore.net\/pl\/wp-json\/wp\/v2\/types\/product"}],"wp:featuredmedia":[{"embeddable":true,"href":"https:\/\/gpdstore.net\/pl\/wp-json\/wp\/v2\/media\/4491"}],"wp:attachment":[{"href":"https:\/\/gpdstore.net\/pl\/wp-json\/wp\/v2\/media?parent=4490"}],"wp:term":[{"taxonomy":"product_brand","embeddable":true,"href":"https:\/\/gpdstore.net\/pl\/wp-json\/wp\/v2\/product_brand?post=4490"},{"taxonomy":"product_cat","embeddable":true,"href":"https:\/\/gpdstore.net\/pl\/wp-json\/wp\/v2\/product_cat?post=4490"},{"taxonomy":"product_tag","embeddable":true,"href":"https:\/\/gpdstore.net\/pl\/wp-json\/wp\/v2\/product_tag?post=4490"},{"taxonomy":"woo-feed-brand","embeddable":true,"href":"https:\/\/gpdstore.net\/pl\/wp-json\/wp\/v2\/woo-feed-brand?post=4490"}],"curies":[{"name":"wp","href":"https:\/\/api.w.org\/{rel}","templated":true}]}}