{"id":1278781,"date":"2026-02-16T12:09:41","date_gmt":"2026-02-16T12:09:41","guid":{"rendered":"https:\/\/gpdstore.net\/product\/kabel-usb-4-0-typu-c\/"},"modified":"2026-04-24T10:27:28","modified_gmt":"2026-04-24T10:27:28","slug":"usb-4-0-type-c-cable-2","status":"publish","type":"product","link":"https:\/\/gpdstore.net\/pl\/product\/usb-4-0-type-c-cable-2\/","title":{"rendered":"Kabel USB 4.0 typu C"},"content":{"rendered":"\n<h2 class=\"wp-block-heading\"><strong>Kabel USB4 USB C: najlepsze rozwi\u0105zanie do zasilania i transmisji danych Thunderbolt 4<\/strong><\/h2>\n\n<p>Kabel USB4 USB C to wysokowydajne rozwi\u0105zanie \u0142\u0105czno\u015bci zaprojektowane, aby sprosta\u0107 rygorystycznym wymaganiom nowoczesnych konfiguracji profesjonalnych i gamingowych. Niezale\u017cnie od tego, czy pod\u0142\u0105czasz wysokiej klasy MacBooka, eGPU, czy szybki dysk SSD, ten kabel zapewnia, \u017ce Tw\u00f3j sprz\u0119t dzia\u0142a na najwy\u017cszym poziomie. Poniewa\u017c integruje najnowsze standardy Thunderbolt 4, stanowi uniwersalny most dla wszystkich urz\u0105dze\u0144 typu C, zapewniaj\u0105c niezr\u00f3wnan\u0105 wszechstronno\u015b\u0107 w jednym, eleganckim opakowaniu.  <\/p>\n\n<p>Co najwa\u017cniejsze, ten kabel USB4 USB C jest idealnym towarzyszem dla najnowszej generacji ultra wydajnych przeno\u015bnych komputer\u00f3w do gier. Je\u015bli korzystasz z <a href=\"https:\/\/gpdstore.net\/pl\/product\/gpd-win-5\/\" target=\"_blank\" rel=\"noopener\" title=\"\">GPD WIN 5<\/a> lub ONEXPLAYER APEX, kabel ten pozwala w pe\u0142ni wykorzysta\u0107 ich porty USB4 40 Gb\/s do zewn\u0119trznych stacji dokuj\u0105cych GPU lub szybkiego transferu danych. <\/p>\n\n<hr class=\"wp-block-separator has-alpha-channel-opacity\"\/>\n\n<h2 class=\"wp-block-heading\"><strong>Do\u015bwiadcz niesamowitych pr\u0119dko\u015bci dzi\u0119ki kablowi USB4 40 Gb\/s USB C<\/strong><\/h2>\n\n<p>Transfer danych osi\u0105ga nowy poziom dzi\u0119ki temu kablowi, oferuj\u0105c pr\u0119dko\u015b\u0107 do 40 Gb\/s. To znacznie szybciej ni\u017c w przypadku standardowych alternatyw USB-C, umo\u017cliwiaj\u0105c przenoszenie ogromnych plik\u00f3w w ci\u0105gu sekund, a nie minut. Poniewa\u017c jest on w pe\u0142ni kompatybilny z <a href=\"https:\/\/www.thunderbolttechnology.net\/blog\/thunderbolt-3-usb-c-does-it-all\" target=\"_blank\" rel=\"noopener nofollow\" title=\"\">Thunderbolt 3<\/a> i USB 3.2, mo\u017cna go u\u017cywa\u0107 z szerok\u0105 gam\u0105 starszego i nowoczesnego sprz\u0119tu bez utraty wydajno\u015bci. W rezultacie jest to niezb\u0119dne narz\u0119dzie dla u\u017cytkownik\u00f3w, kt\u00f3rzy musz\u0105 wype\u0142ni\u0107 luk\u0119 mi\u0119dzy swoimi urz\u0105dzeniami przeno\u015bnymi a urz\u0105dzeniami peryferyjnymi klasy stacjonarnej.   <\/p>\n\n<h2 class=\"wp-block-heading\"><strong>Szybkie zasilanie 240 W dla laptop\u00f3w o wysokiej wydajno\u015bci<\/strong><\/h2>\n\n<p>Zasilanie urz\u0105dze\u0144 jest tak samo wydajne, jak przesy\u0142anie danych. Kabel USB4 USB C obs\u0142uguje standard PD 3.1 EPR, kt\u00f3ry umo\u017cliwia szybkie \u0142adowanie z moc\u0105 240 W (48 V\/5 A). Oznacza to, \u017ce z \u0142atwo\u015bci\u0105 poradzi sobie z zasilaniem 16-calowego MacBooka Pro lub najnowszych laptop\u00f3w do gier.  <\/p>\n\n<p>Aby zapewni\u0107 bezpiecze\u0144stwo podczas tych transfer\u00f3w wysokiego napi\u0119cia, kabel posiada wbudowany uk\u0142ad E-Marker, kt\u00f3ry inteligentnie zarz\u0105dza przep\u0142ywem mocy i zapobiega przegrzaniu. Ten poziom mocy jest szczeg\u00f3lnie korzystny dla <a href=\"https:\/\/gpdstore.net\/pl\/product\/gpd-win-5\/\" target=\"_blank\" rel=\"noopener\" title=\"\">GPD WIN 5<\/a>, zapewniaj\u0105c stabilne zasilanie podczas intensywnych sesji gamingowych 120W TDP lub podczas szybkiego \u0142adowania ich baterii o du\u017cej pojemno\u015bci. <\/p>\n\n<hr class=\"wp-block-separator has-alpha-channel-opacity\"\/>\n\n<h2 class=\"wp-block-heading\"><strong>Doskona\u0142o\u015b\u0107 wizualna z obs\u0142ug\u0105 8K60Hz i podw\u00f3jnego 4K<\/strong><\/h2>\n\n<p>Je\u015bli jeste\u015b kreatywnym profesjonalist\u0105 lub entuzjast\u0105 gier, mo\u017cliwo\u015bci wideo tego kabla USB4 USB C zrobi\u0105 na Tobie wra\u017cenie. Obs\u0142uguje on pojedynczy wy\u015bwietlacz 8K Ultra HD z p\u0142ynn\u0105 cz\u0119stotliwo\u015bci\u0105 od\u015bwie\u017cania 60 Hz, zapewniaj\u0105c wyra\u017ane odwzorowanie ka\u017cdego szczeg\u00f3\u0142u. Alternatywnie, kabel mo\u017ce obs\u0142ugiwa\u0107 dwa monitory 4K, co czyni go niezb\u0119dnym narz\u0119dziem do wielozadaniowo\u015bci i wci\u0105gaj\u0105cych stacji roboczych. Co wi\u0119cej, u\u017cytkownicy GPD WIN 5 mog\u0105 cieszy\u0107 si\u0119 p\u0142ynnym wyj\u015bciem 8K na zewn\u0119trzne wy\u015bwietlacze, aby uzyska\u0107 prawdziwe wra\u017cenia na biurku.   <\/p>\n\n<h2 class=\"wp-block-heading\"><strong>Solidna jako\u015b\u0107 wykonania i uniwersalna kompatybilno\u015b\u0107<\/strong><\/h2>\n\n<p>Wytrzyma\u0142o\u015b\u0107 jest podstaw\u0105 projektu. Kabel jest zbudowany z PVC i 48-\u017cy\u0142owego nylonowego oplotu, kt\u00f3ry zosta\u0142 specjalnie zaprojektowany, aby wytrzyma\u0107 ponad 10 000 zgi\u0119\u0107. Co wi\u0119cej, pow\u0142oka ze stopu aluminium zapewnia doskona\u0142e wyczucie, jednocze\u015bnie chroni\u0105c wewn\u0119trzny rdze\u0144 z miedzi beztlenowej. Ta solidna konstrukcja zapewnia, \u017ce kabel USB4 USB C pozostanie niezawodn\u0105 cz\u0119\u015bci\u0105 zestawu przez wiele lat, niezale\u017cnie od tego, czy zostanie wrzucony do torby podr\u00f3\u017cnej z urz\u0105dzeniem przeno\u015bnym, czy te\u017c na sta\u0142e zadokowany na biurku.   <\/p>\n\n<hr class=\"wp-block-separator has-alpha-channel-opacity\"\/>\n\n<h2 class=\"wp-block-heading\"><strong>Zabezpiecz sw\u00f3j kabel USB4 USB C ju\u017c dzi\u015b<\/strong><\/h2>\n\n<p>Nie pozw\u00f3l, aby wolne pr\u0119dko\u015bci transmisji danych lub s\u0142abe \u0142adowanie d\u0142u\u017cej powstrzymywa\u0142y Twoj\u0105 konfiguracj\u0119. Ten wysokiej jako\u015bci kabel jest ostatecznym ulepszeniem dla ka\u017cdego, kto u\u017cywa iPhone&#8217;a z serii 15, iPada Pro, GPD WIN 5 lub wysokowydajnego komputera PC. Popyt na ten konkretny kabel Thunderbolt 4 o mocy 240 W jest wysoki, wi\u0119c dzia\u0142aj ju\u017c teraz, aby zagwarantowa\u0107, \u017ce otrzymasz go na czas. Odwied\u017a nasz sklep ju\u017c dzi\u015b, aby do\u015bwiadczy\u0107 przysz\u0142o\u015bci \u0142\u0105czno\u015bci i upewni\u0107 si\u0119, \u017ce Twoje urz\u0105dzenia zawsze dzia\u0142aj\u0105 na pe\u0142nych obrotach!   <\/p>\n","protected":false},"excerpt":{"rendered":"<ul>\n<li><strong>Dane 40 Gb\/s<\/strong> &#8211; niesamowicie szybki transfer dla ogromnych plik\u00f3w.<\/li>\n<li><strong>\u0141adowanie 240 W<\/strong> &#8211; PD 3.1 dla laptop\u00f3w o wysokiej wydajno\u015bci.<\/li>\n<li><strong>Wideo 8K60Hz<\/strong> &#8211; obs\u0142uga wy\u015bwietlaczy Sharp 8K lub podw\u00f3jnych 4K.<\/li>\n<li><strong>E-Marker Chip<\/strong> &#8211; Inteligentne zabezpieczenie dla stabilnego dostarczania energii.<\/li>\n<li><strong>Pleciona konstrukcja<\/strong> &#8211; wzmocniona nylonowa i aluminiowa pow\u0142oka.<\/li>\n<\/ul>\n[cg_accordion title=\"INFORMACJE O P\u0141ATNO\u015aCIACH\"]<\/p>\n<p>Korzystamy z najnowszej technologii przetwarzania p\u0142atno\u015bci, kt\u00f3ra umo\u017cliwia szybkie i bezpieczne dokonywanie p\u0142atno\u015bci za pomoc\u0105 karty debetowej\/kredytowej lub PayPal.[\/cg_accordion]\n[cg_accordion title=\"GWARANCJA\"]<\/p>\n<p>1 rok gwarancji od <a href=\"https:\/\/droix.net\/\" target=\"_blank\" rel=\"nofollow noopener\">DROIX<\/a> Global dla Twojego spokoju ducha[\/cg_accordion]\n[cg_accordion title=\"ZAPEWNIENIE JAKO\u015aCI I TESTY PRZED WYSY\u0141K\u0104\"]<\/p>\n<p>Zapewnienie satysfakcji klienta na najwy\u017cszym poziomie: Ka\u017cde urz\u0105dzenie przechodzi rygorystyczne testy i wielopunktow\u0105 kontrol\u0119 jako\u015bci przed wysy\u0142k\u0105. Nasz dedykowany zesp\u00f3\u0142 weryfikuje wydajno\u015b\u0107, funkcjonalno\u015b\u0107 i integralno\u015b\u0107 komponent\u00f3w, aby zagwarantowa\u0107, \u017ce urz\u0105dzenie GPD jest w idealnym stanie po dostarczeniu, zapewniaj\u0105c pewno\u015b\u0107 i spok\u00f3j ducha. [\/cg_accordion]\n[cg_accordion title=\"CENY, PODATKI I WYSY\u0141KA\"]<\/p>\n<p><strong><u>Uwaga:<\/u><\/strong><\/p>\n<ul>\n<li>Klienci ze Stan\u00f3w Zjednoczonych: Wy\u015bwietlana cena NIE ZAWIERA PODATKU ani c\u0142a. Odpowiedzialno\u015b\u0107 za odpraw\u0119 celn\u0105 i zap\u0142at\u0119 wszelkich powi\u0105zanych podatk\u00f3w \/ ce\u0142 spoczywa na kliencie. <\/li>\n<li>Klienci z UE: Wy\u015bwietlana cena zawiera obowi\u0105zuj\u0105cy PODATEK, kt\u00f3ry mo\u017ce wynosi\u0107 do 25% w zale\u017cno\u015bci od kraju.<\/li>\n<li>Klienci z Kanady: Wy\u015bwietlana cena zawiera obowi\u0105zuj\u0105ce podatki, kt\u00f3re mog\u0105 obejmowa\u0107 5% GST i dodatkowe prowincjonalne podatki od sprzeda\u017cy (PST), zharmonizowany podatek od sprzeda\u017cy (HST) lub podatek od sprzeda\u017cy w Quebecu (QST), w zale\u017cno\u015bci od prowincji.<\/li>\n<\/ul>\n<p>Dla klient\u00f3w z USA: Zam\u00f3wienia s\u0105 wysy\u0142ane w systemie DAP (Delivered At Place). Chocia\u017c klienci s\u0105 odpowiedzialni za uiszczenie wszelkich obowi\u0105zuj\u0105cych taryf, korzystamy z naszego bogatego do\u015bwiadczenia w wysy\u0142ce z Wielkiej Brytanii, aby zapewni\u0107 jak najmniejsze op\u0142aty. Z naszych danych wynika, \u017ce op\u0142aty te zazwyczaj nie przekraczaj\u0105 10% warto\u015bci przedmiotu.  <\/p>\n<p><strong>TYLKO dla klient\u00f3w z UE:<\/strong> Express DDP (Delivered Duty Paid). Oznacza to: <\/p>\n<ul>\n<li>Wszystkie op\u0142aty celne i podatki s\u0105 wliczone w cen\u0119 wy\u015bwietlan\u0105 na stronie produktu.<\/li>\n<li>Przy dostawie nie trzeba b\u0119dzie uiszcza\u0107 \u017cadnych dodatkowych op\u0142at.<\/li>\n<li>W rzadkich przypadkach zwi\u0105zanych z kwestiami celnymi nasz zesp\u00f3\u0142 zajmie si\u0119 procesem odprawy celnej w Twoim imieniu, aby zapewni\u0107 sprawn\u0105 dostaw\u0119.<\/li>\n<p>Wa\u017cne informacje dotycz\u0105ce zwrot\u00f3w:<\/p>\n<li>Je\u015bli zdecydujesz si\u0119 zwr\u00f3ci\u0107 zam\u00f3wienie lub za\u017c\u0105da\u0107 zwrotu pieni\u0119dzy, pami\u0119taj, \u017ce podatki i c\u0142a zap\u0142acone w Twoim imieniu zgodnie z warunkami DDP nie mog\u0105 zosta\u0107 zwr\u00f3cone.<\/li>\n<p>Szczeg\u00f3\u0142owe informacje mo\u017cna znale\u017a\u0107 w naszym <a href=\"https:\/\/droix.net\/terms-and-conditions\/\" target=\"_blank\" rel=\"nofollow noopener\">Regulaminie<\/a>.\n<\/ul>\n<p>[\/cg_accordion]\n[cg_accordion title=\"OBS\u0141UGA KLIENTA\"]<\/p>\n<p>Masz pytanie? Wystarczy kr\u00f3tka wiadomo\u015b\u0107 tekstowa, aby rozwi\u0105za\u0107 Tw\u00f3j problem! <\/p>\n<p>Szczeg\u00f3\u0142owe informacje mo\u017cna znale\u017a\u0107 w naszym <a href=\"https:\/\/gpdstore.net\/pl\/terms-of-service\/\" target=\"_blank\" rel=\"nofollow noopener\">Regulaminie<\/a>.\n<\/ul>\n<p>[\/cg_accordion]\n[cg_accordion title=\"CO ZAWIERA\"]<\/p>\n<ul>\n<li>1x Kabel USB 4.0 typu C<\/li>\n<\/ul>\n<p>[\/cg_accordion]\n","protected":false},"featured_media":1278791,"template":"","meta":{"_acf_changed":false},"product_brand":[],"product_cat":[1226],"product_tag":[],"woo-feed-brand":[2425],"class_list":{"0":"post-1278781","1":"product","2":"type-product","3":"status-publish","4":"has-post-thumbnail","6":"product_cat-akcesoria","7":"product_shipping_class-low-end","8":"pa_i-o-video-1x-przez-usb-4-0-type-c-dp-8k60hz","9":"woo-feed-brand-droix-pl","11":"first","12":"instock","13":"sale","14":"taxable","15":"shipping-taxable","16":"purchasable","17":"product-type-variable","18":"has-default-attributes"},"acf":[],"aioseo_notices":[],"_links":{"self":[{"href":"https:\/\/gpdstore.net\/pl\/wp-json\/wp\/v2\/product\/1278781","targetHints":{"allow":["GET"]}}],"collection":[{"href":"https:\/\/gpdstore.net\/pl\/wp-json\/wp\/v2\/product"}],"about":[{"href":"https:\/\/gpdstore.net\/pl\/wp-json\/wp\/v2\/types\/product"}],"wp:featuredmedia":[{"embeddable":true,"href":"https:\/\/gpdstore.net\/pl\/wp-json\/wp\/v2\/media\/1278791"}],"wp:attachment":[{"href":"https:\/\/gpdstore.net\/pl\/wp-json\/wp\/v2\/media?parent=1278781"}],"wp:term":[{"taxonomy":"product_brand","embeddable":true,"href":"https:\/\/gpdstore.net\/pl\/wp-json\/wp\/v2\/product_brand?post=1278781"},{"taxonomy":"product_cat","embeddable":true,"href":"https:\/\/gpdstore.net\/pl\/wp-json\/wp\/v2\/product_cat?post=1278781"},{"taxonomy":"product_tag","embeddable":true,"href":"https:\/\/gpdstore.net\/pl\/wp-json\/wp\/v2\/product_tag?post=1278781"},{"taxonomy":"woo-feed-brand","embeddable":true,"href":"https:\/\/gpdstore.net\/pl\/wp-json\/wp\/v2\/woo-feed-brand?post=1278781"}],"curies":[{"name":"wp","href":"https:\/\/api.w.org\/{rel}","templated":true}]}}