{"id":1275903,"date":"2026-01-22T10:18:28","date_gmt":"2026-01-22T10:18:28","guid":{"rendered":"https:\/\/gpdstore.net\/product\/mini-czytnik-dyskow-ssd-biwin-rd510\/"},"modified":"2026-03-29T00:46:53","modified_gmt":"2026-03-29T00:46:53","slug":"biwin-rd510-mini-ssd-reader","status":"publish","type":"product","link":"https:\/\/gpdstore.net\/pl\/product\/biwin-rd510-mini-ssd-reader\/","title":{"rendered":"Mini czytnik dysk\u00f3w SSD Biwin RD510"},"content":{"rendered":"\n<h2 class=\"wp-block-heading\">Biwin Mini SSD Reader: Najlepsze rozwi\u0105zanie pami\u0119ci masowej USB 4.0 dla profesjonalist\u00f3w<\/h2>\n\n<p>Czytnik <strong>Biwin RD510 Mini SSD<\/strong> stanowi prze\u0142om w technologii przeno\u015bnych pami\u0119ci masowych. Ten wysokowydajny czytnik jest pierwszym w swoim rodzaju, specjalnie zaprojektowanym dla ultra-kompaktowej obudowy &#8220;Mini SSD&#8221;. Te niewielkie dyski, mierz\u0105ce zaledwie 15,0 mm \u00d7 17,0 mm \u00d7 1,4 mm, wymagaj\u0105 precyzyjnej obudowy, aby dzia\u0142a\u0107 na najwy\u017cszym poziomie<sup>.2<\/sup> Poniewa\u017c to rozwi\u0105zanie <strong>Biwin SSD<\/strong> jest dostosowane do tak ma\u0142ych rozmiar\u00f3w, oferuje poziom przeno\u015bno\u015bci wcze\u015bniej niespotykany na rynku profesjonalnego sprz\u0119tu.  <\/p>\n\n<h2 class=\"wp-block-heading\">Niesamowicie szybkie pr\u0119dko\u015bci dzi\u0119ki czytnikowi Biwin RD510 Mini SSD Reader<\/h2>\n\n<p>Wydajno\u015b\u0107 jest tam, gdzie ten <strong>mini czytnik SSD Biwin<\/strong> naprawd\u0119 b\u0142yszczy. Wykorzystuje on zaawansowany protok\u00f3\u0142 USB 4.0, aby zapewni\u0107 osza\u0142amiaj\u0105c\u0105 pr\u0119dko\u015b\u0107 transferu danych do 40 Gb\/s<sup>.3<\/sup> W rezultacie, <strong>Biwin RD510 Mini SSD Reader<\/strong> osi\u0105ga sekwencyjne pr\u0119dko\u015bci odczytu 3300 MB\/s i zapisu 3000 MB\/s<sup>.4<\/sup> Liczby te stanowi\u0105 idealne dopasowanie dla u\u017cytkownik\u00f3w, kt\u00f3rzy cz\u0119sto obs\u0142uguj\u0105 pliki wideo 8K lub ogromne repozytoria oprogramowania. <\/p>\n\n<p>Ponadto architektura <strong>sterownika biwin ssd<\/strong> jest zoptymalizowana pod k\u0105tem nowoczesnych system\u00f3w operacyjnych, aby zapewni\u0107 prostot\u0119 plug-and-play. Przekonasz si\u0119, \u017ce tworzenie kopii zapasowych danych na du\u017c\u0105 skal\u0119 trwa sekundy, a nie minuty. Poniewa\u017c interfejs jest tak wydajny, op\u00f3\u017anienia s\u0105 ograniczone do absolutnego minimum podczas intensywnych zastosowa\u0144 profesjonalnych.  <\/p>\n\n<h2 class=\"wp-block-heading\">Aktywne ch\u0142odzenie dla trwa\u0142ej wydajno\u015bci SSD Biwin<\/h2>\n\n<p>Utrzymywanie wysokich pr\u0119dko\u015bci cz\u0119sto prowadzi do wyzwa\u0144 termicznych. Dlatego <strong>Biwin RD510 Mini SSD Reader<\/strong> jest wyposa\u017cony we wbudowany wentylator ch\u0142odz\u0105cy do aktywnego zarz\u0105dzania ciep\u0142em. To rozwi\u0105zanie termiczne zapobiega spadkom wydajno\u015bci zwi\u0105zanym z przegrzaniem. W rezultacie dysk <strong>SSD Biwin<\/strong> utrzyma maksymaln\u0105 pr\u0119dko\u015b\u0107 nawet podczas wielogodzinnych migracji danych.   <\/p>\n\n<p>Solidna konstrukcja czytnika <strong>Biwin RD510 Mini SSD Reader<\/strong> zapewnia, \u017ce przetrwa on codzienne dojazdy do pracy. Podczas gdy obudowa wygl\u0105da elegancko i profesjonalnie, wewn\u0119trzne komponenty s\u0105 chronione przed wstrz\u0105sami fizycznymi. Priorytetem jest stabilna i nieprzerwana praca, co ostatecznie pomaga wyd\u0142u\u017cy\u0107 \u017cywotno\u015b\u0107 no\u015bnik\u00f3w pami\u0119ci.  <\/p>\n\n<h2 class=\"wp-block-heading\">Wieloplatformowa \u0142\u0105czno\u015b\u0107 dla czytnika Biwinn Mini SSD Reader<\/h2>\n\n<p>Wszechstronno\u015b\u0107 to podstawowa zaleta tego <strong>czytnika Biwin Mini SSD<\/strong>. Jest dostarczany z wysokiej jako\u015bci kablem USB 4.0 Type-C do Type-C, aby uwolni\u0107 pe\u0142ny potencja\u0142 sprz\u0119tu<sup>.5<\/sup> Zapewnia to, \u017ce czytnik <strong>Biwin RD510 Mini SSD<\/strong> jest kompatybilny z szerok\u0105 gam\u0105 nowoczesnych ekosystem\u00f3w. <\/p>\n\n<figure class=\"wp-block-table\"><table class=\"has-fixed-layout\"><thead><tr><td><strong>Kategoria systemu<\/strong><\/td><td><strong>Obs\u0142ugiwane platformy<\/strong><\/td><\/tr><\/thead><tbody><tr><td><strong>Komputery<\/strong><\/td><td>Windows 10\/11, macOS 11.0+<\/td><\/tr><tr><td><strong>Mobilny<\/strong><\/td><td>iOS 17.0+, Android 11.0+<\/td><\/tr><tr><td><strong>Gaming<\/strong><\/td><td>PlayStation 5 (System 08+)<\/td><\/tr><tr><td><strong>Systemy operacyjne<\/strong><\/td><td>HyperOS 1.0+, HarmonyOS 3.0+<\/td><\/tr><\/tbody><\/table><\/figure>\n","protected":false},"excerpt":{"rendered":"<ul>\n<li>Mini czytnik dysk\u00f3w SSD <strong>Biwin RD510<\/strong> USB 4.0<\/li>\n<li><strong>Interfejs USB 4.0<\/strong> &#8211; szybki transfer danych do 40 Gb\/s<\/li>\n<li><strong>3300 MB\/s odczytu i 3000 MB\/s zapisu<\/strong> &#8211; zoptymalizowany pod k\u0105tem wideo 8K i du\u017cych plik\u00f3w<\/li>\n<li><strong>Aktywny system ch\u0142odzenia<\/strong> &#8211; wbudowany wentylator zapewniaj\u0105cy sta\u0142\u0105, najwy\u017csz\u0105 wydajno\u015b\u0107<\/li>\n<li><strong>Ultraprzeno\u015bna konstrukcja<\/strong> &#8211; specjalnie zaprojektowana dla formatu Mini SSD<\/li>\n<\/ul>\n[cg_accordion title=\"INFORMACJE O P\u0141ATNO\u015aCIACH\"]<\/p>\n<p>Korzystamy z najnowszej technologii przetwarzania p\u0142atno\u015bci, kt\u00f3ra umo\u017cliwia szybkie i bezpieczne dokonywanie p\u0142atno\u015bci za pomoc\u0105 karty debetowej\/kredytowej lub PayPal.[\/cg_accordion]\n[cg_accordion title=\"GWARANCJA\"]<\/p>\n<p>2 lata gwarancji od <a href=\"https:\/\/droix.net\/\" target=\"_blank\" rel=\"nofollow noopener\">DROIX<\/a> Global dla Twojego spokoju ducha[\/cg_accordion]\n[cg_accordion title=\"ZAPEWNIENIE JAKO\u015aCI I TESTY PRZED WYSY\u0141K\u0104\"]<\/p>\n<p>Zapewnienie satysfakcji klienta na najwy\u017cszym poziomie: Ka\u017cde urz\u0105dzenie przechodzi rygorystyczne testy i wielopunktow\u0105 kontrol\u0119 jako\u015bci przed wysy\u0142k\u0105. Nasz dedykowany zesp\u00f3\u0142 weryfikuje wydajno\u015b\u0107, funkcjonalno\u015b\u0107 i integralno\u015b\u0107 komponent\u00f3w, aby zagwarantowa\u0107, \u017ce urz\u0105dzenie GPD jest w idealnym stanie po dostarczeniu, zapewniaj\u0105c pewno\u015b\u0107 i spok\u00f3j ducha. [\/cg_accordion]\n[cg_accordion title=\"CENY, PODATKI I WYSY\u0141KA\"]<\/p>\n<p><strong><u>Uwaga:<\/u><\/strong><\/p>\n<ul>\n<li>Klienci ze Stan\u00f3w Zjednoczonych: Wy\u015bwietlana cena NIE ZAWIERA PODATKU ani c\u0142a. Odpowiedzialno\u015b\u0107 za odpraw\u0119 celn\u0105 i zap\u0142at\u0119 wszelkich powi\u0105zanych podatk\u00f3w \/ ce\u0142 spoczywa na kliencie. <\/li>\n<li>Klienci z UE: Wy\u015bwietlana cena zawiera obowi\u0105zuj\u0105cy PODATEK, kt\u00f3ry mo\u017ce wynosi\u0107 do 25% w zale\u017cno\u015bci od kraju.<\/li>\n<li>Klienci z Kanady: Wy\u015bwietlana cena zawiera obowi\u0105zuj\u0105ce podatki, kt\u00f3re mog\u0105 obejmowa\u0107 5% GST i dodatkowe prowincjonalne podatki od sprzeda\u017cy (PST), zharmonizowany podatek od sprzeda\u017cy (HST) lub podatek od sprzeda\u017cy w Quebecu (QST), w zale\u017cno\u015bci od prowincji.<\/li>\n<\/ul>\n<p>Dla klient\u00f3w z USA: Zam\u00f3wienia s\u0105 wysy\u0142ane w systemie DAP (Delivered At Place). Chocia\u017c klienci s\u0105 odpowiedzialni za uiszczenie wszelkich obowi\u0105zuj\u0105cych taryf, korzystamy z naszego bogatego do\u015bwiadczenia w wysy\u0142ce z Wielkiej Brytanii, aby zapewni\u0107 jak najmniejsze op\u0142aty. Z naszych danych wynika, \u017ce op\u0142aty te zazwyczaj nie przekraczaj\u0105 10% warto\u015bci przedmiotu.  <\/p>\n<p><strong>TYLKO dla klient\u00f3w z UE:<\/strong> Express DDP (Delivered Duty Paid). Oznacza to: <\/p>\n<ul>\n<li>Wszystkie op\u0142aty celne i podatki s\u0105 wliczone w cen\u0119 wy\u015bwietlan\u0105 na stronie produktu.<\/li>\n<li>Przy dostawie nie trzeba b\u0119dzie uiszcza\u0107 \u017cadnych dodatkowych op\u0142at.<\/li>\n<li>W rzadkich przypadkach zwi\u0105zanych z kwestiami celnymi nasz zesp\u00f3\u0142 zajmie si\u0119 procesem odprawy celnej w Twoim imieniu, aby zapewni\u0107 sprawn\u0105 dostaw\u0119.<\/li>\n<p>Wa\u017cne informacje dotycz\u0105ce zwrot\u00f3w:<\/p>\n<li>Je\u015bli zdecydujesz si\u0119 zwr\u00f3ci\u0107 zam\u00f3wienie lub za\u017c\u0105da\u0107 zwrotu pieni\u0119dzy, pami\u0119taj, \u017ce podatki i c\u0142a zap\u0142acone w Twoim imieniu zgodnie z warunkami DDP nie mog\u0105 zosta\u0107 zwr\u00f3cone.<\/li>\n<p>Szczeg\u00f3\u0142owe informacje mo\u017cna znale\u017a\u0107 w naszym <a href=\"https:\/\/droix.net\/terms-and-conditions\/\" target=\"_blank\" rel=\"nofollow noopener\">Regulaminie<\/a>.\n<\/ul>\n<p>[\/cg_accordion]\n[cg_accordion title=\"OBS\u0141UGA KLIENTA\"]<\/p>\n<p>Masz pytanie? Wystarczy kr\u00f3tka wiadomo\u015b\u0107 tekstowa, aby rozwi\u0105za\u0107 Tw\u00f3j problem! <\/p>\n<p>Szczeg\u00f3\u0142owe informacje mo\u017cna znale\u017a\u0107 w naszym <a href=\"https:\/\/gpdstore.net\/terms-of-service\/\" target=\"_blank\" rel=\"nofollow noopener\">Regulaminie<\/a>.\n<\/ul>\n<p>[\/cg_accordion]\n[cg_accordion title=\"CO ZAWIERA\"]<\/p>\n<ul>\n<li>1x czytnik Mini SSD Biwin RD510<\/li>\n<\/ul>\n<p>[\/cg_accordion]\n","protected":false},"featured_media":1275910,"template":"","meta":{"_acf_changed":false},"product_brand":[],"product_cat":[1226],"product_tag":[],"woo-feed-brand":[],"class_list":{"0":"post-1275903","1":"product","2":"type-product","3":"status-publish","4":"has-post-thumbnail","6":"product_cat-akcesoria","7":"product_shipping_class-low-end","9":"pa_brand-biwin","11":"first","12":"outofstock","13":"sale","14":"taxable","15":"shipping-taxable","16":"purchasable","17":"product-type-simple"},"acf":[],"aioseo_notices":[],"_links":{"self":[{"href":"https:\/\/gpdstore.net\/pl\/wp-json\/wp\/v2\/product\/1275903","targetHints":{"allow":["GET"]}}],"collection":[{"href":"https:\/\/gpdstore.net\/pl\/wp-json\/wp\/v2\/product"}],"about":[{"href":"https:\/\/gpdstore.net\/pl\/wp-json\/wp\/v2\/types\/product"}],"wp:featuredmedia":[{"embeddable":true,"href":"https:\/\/gpdstore.net\/pl\/wp-json\/wp\/v2\/media\/1275910"}],"wp:attachment":[{"href":"https:\/\/gpdstore.net\/pl\/wp-json\/wp\/v2\/media?parent=1275903"}],"wp:term":[{"taxonomy":"product_brand","embeddable":true,"href":"https:\/\/gpdstore.net\/pl\/wp-json\/wp\/v2\/product_brand?post=1275903"},{"taxonomy":"product_cat","embeddable":true,"href":"https:\/\/gpdstore.net\/pl\/wp-json\/wp\/v2\/product_cat?post=1275903"},{"taxonomy":"product_tag","embeddable":true,"href":"https:\/\/gpdstore.net\/pl\/wp-json\/wp\/v2\/product_tag?post=1275903"},{"taxonomy":"woo-feed-brand","embeddable":true,"href":"https:\/\/gpdstore.net\/pl\/wp-json\/wp\/v2\/woo-feed-brand?post=1275903"}],"curies":[{"name":"wp","href":"https:\/\/api.w.org\/{rel}","templated":true}]}}