{"id":1274643,"date":"2025-01-09T09:45:24","date_gmt":"2025-01-09T09:45:24","guid":{"rendered":"https:\/\/gpdstore.net\/product\/gpd-win-max-2025-4g-lte-add-on\/"},"modified":"2026-03-29T00:40:29","modified_gmt":"2026-03-29T00:40:29","slug":"gpd-win-max-2-2025-4g-lte-add-on","status":"publish","type":"product","link":"https:\/\/gpdstore.net\/pl\/product\/gpd-win-max-2-2025-4g-lte-add-on\/","title":{"rendered":"GPD WIN MAX 2025 4G LTE Add-on"},"content":{"rendered":"\n<h2 class=\"wp-block-heading\">Prawdziwa przeno\u015bno\u015b\u0107 dzi\u0119ki modu\u0142owi 4G LTE dla GPD WIN MAX 2 (2025)<\/h2>\n\n<p>Przekszta\u0142\u0107 sw\u00f3j <a href=\"https:\/\/gpdstore.net\/gpd-win-max-2-2025-review\/gpd-win-max-2-2025\/\" target=\"_blank\" rel=\"noreferrer noopener\">GPD WIN MAX 2 (2025<\/a>) w najlepsze przeno\u015bne urz\u0105dzenie do gier i zwi\u0119kszania produktywno\u015bci dzi\u0119ki opcjonalnemu modu\u0142owi 4G LTE. Zaprojektowany wy\u0142\u0105cznie dla tego urz\u0105dzenia, modu\u0142 zapewnia p\u0142ynn\u0105 \u0142\u0105czno\u015b\u0107, umo\u017cliwiaj\u0105c korzystanie z Internetu w dowolnym miejscu i czasie. <\/p>\n\n<p>Zaprojektowany z my\u015bl\u0105 o precyzji i \u0142atwo\u015bci u\u017cytkowania, modu\u0142 ten obs\u0142uguje szerok\u0105 gam\u0119 sieci, w tym <strong>4G TD-LTE, FDD-LTE i 3G CDMA<\/strong>, oferuj\u0105c niezr\u00f3wnan\u0105 wszechstronno\u015b\u0107 i globaln\u0105 kompatybilno\u015b\u0107. Nie jest wymagany demonta\u017c ani skomplikowana instalacja &#8211; skierowane do ty\u0142u gniazdo modu\u0142u 4G umo\u017cliwia szybk\u0105 i prost\u0105 konfiguracj\u0119. <\/p>\n\n<p>Niezale\u017cnie od tego, czy grasz, pracujesz, czy streamujesz, modu\u0142 4G LTE zapewnia stabiln\u0105, szybk\u0105 wydajno\u015b\u0107, kt\u00f3ra konkuruje z g\u0142\u00f3wnymi laptopami. Dzi\u0119ki temu niezb\u0119dnemu akcesorium mo\u017cesz cieszy\u0107 si\u0119 nieprzerwan\u0105 rozgrywk\u0105 i produktywno\u015bci\u0105, nawet w z\u0142o\u017conych scenariuszach lub w podr\u00f3\u017cy.<\/p>\n\n<h4 class=\"wp-block-heading\">Cechy:<\/h4>\n\n<ul class=\"wp-block-list\">\n<li><strong>Specjalna konstrukcja<\/strong>: Stworzony wy\u0142\u0105cznie dla GPD WIN MAX 2 (2025), aby zapewni\u0107 idealne dopasowanie i bezproblemow\u0105 funkcjonalno\u015b\u0107.<\/li>\n\n\n\n<li><strong>Niezawodna \u0142\u0105czno\u015b\u0107<\/strong>: Umo\u017cliwia szybki dost\u0119p 4G LTE, dzi\u0119ki czemu idealnie nadaje si\u0119 do gier, przesy\u0142ania strumieniowego i pracy.<\/li>\n\n\n\n<li><strong>Obs\u0142uga sieci globalnych<\/strong>: Kompatybilny z 4G TD-LTE, FDD-LTE i 3G CDMA do u\u017cytku na ca\u0142ym \u015bwiecie.<\/li>\n\n\n\n<li><strong>\u0141atwa instalacja<\/strong>: Szybka i bezpieczna konfiguracja dzi\u0119ki umieszczonemu z ty\u0142u gniazdu modu\u0142u 4G.<\/li>\n<\/ul>\n\n<h4 class=\"wp-block-heading\">Powiadomienia:<\/h4>\n\n<ol class=\"wp-block-list\">\n<li>To akcesorium <strong>nie jest kompatybilne<\/strong> z wcze\u015bniejszymi modelami z serii GPD WIN Max, w tym z <strong>wersjami 2024, 2023 i 2021<\/strong>. Jest ono przeznaczone wy\u0142\u0105cznie dla <strong>GPD WIN Max 2 (2025)<\/strong>. <\/li>\n\n\n\n<li>Przed zakupem nale\u017cy sprawdzi\u0107 rok modelowy urz\u0105dzenia, aby zapewni\u0107 kompatybilno\u015b\u0107.<\/li>\n<\/ol>\n","protected":false},"excerpt":{"rendered":"<ul>\n<li>Zaprojektowany specjalnie dla GPD WIN MAX 2 (2025)<\/li>\n<li>Obs\u0142uga &#8211; 4G TD-LTE, FDD-LTE, 3G CDMA.<\/li>\n<li>Obs\u0142uga 4G TD-LTE, FDD-LTE i 3G CDMA<\/li>\n<li>Gniazdo Nano-SIM dla \u0142atwego u\u017cytkowania<\/li>\n<li>Quectel EG25-G Model<\/li>\n<\/ul>\n<pre><b>WA\u017bNE<\/b>\nINSTALACJA WYMAGA OTWARCIA URZ\u0104DZENIA\nKOMPONENTY S\u0104 MA\u0141E I DELIKATNE\nNIE PONOSIMY ODPOWIEDZIALNO\u015aCI ZA JAKIEKOLWIEK SZKODY WYRZ\u0104DZONE PRZEZ KLIENTA<\/pre>\n[cg_accordion title=\"INFORMACJE O P\u0141ATNO\u015aCIACH\"]<\/p>\n<p>Korzystamy z najnowszej technologii przetwarzania p\u0142atno\u015bci, kt\u00f3ra umo\u017cliwia szybkie i bezpieczne dokonywanie p\u0142atno\u015bci za pomoc\u0105 karty debetowej\/kredytowej lub PayPal.[\/cg_accordion]\n[cg_accordion title=\"GWARANCJA\"]<\/p>\n<p>2 lata gwarancji od <a href=\"https:\/\/droix.net\/\" target=\"_blank\" rel=\"nofollow noopener\">DROIX<\/a> Global dla Twojego spokoju ducha[\/cg_accordion]\n[cg_accordion title=\"ZAPEWNIENIE JAKO\u015aCI I TESTY PRZED WYSY\u0141K\u0104\"]<\/p>\n<p>Zapewnienie satysfakcji klienta na najwy\u017cszym poziomie: Ka\u017cde urz\u0105dzenie przechodzi rygorystyczne testy i wielopunktow\u0105 kontrol\u0119 jako\u015bci przed wysy\u0142k\u0105. Nasz dedykowany zesp\u00f3\u0142 weryfikuje wydajno\u015b\u0107, funkcjonalno\u015b\u0107 i integralno\u015b\u0107 komponent\u00f3w, aby zagwarantowa\u0107, \u017ce urz\u0105dzenie GPD jest w idealnym stanie po dostarczeniu, zapewniaj\u0105c pewno\u015b\u0107 i spok\u00f3j ducha. [\/cg_accordion]\n[cg_accordion title=\"CENY, PODATKI I WYSY\u0141KA\"]<\/p>\n<p><strong><u>Uwaga:<\/u><\/strong><\/p>\n<ul>\n<li>Klienci ze Stan\u00f3w Zjednoczonych: Wy\u015bwietlana cena NIE ZAWIERA PODATKU ani c\u0142a. Odpowiedzialno\u015b\u0107 za odpraw\u0119 celn\u0105 i zap\u0142at\u0119 wszelkich powi\u0105zanych podatk\u00f3w \/ ce\u0142 spoczywa na kliencie. <\/li>\n<li>Klienci z UE: Wy\u015bwietlana cena zawiera obowi\u0105zuj\u0105cy PODATEK, kt\u00f3ry mo\u017ce wynosi\u0107 do 25% w zale\u017cno\u015bci od kraju.<\/li>\n<li>Klienci z Kanady: Wy\u015bwietlana cena zawiera obowi\u0105zuj\u0105ce podatki, kt\u00f3re mog\u0105 obejmowa\u0107 5% GST i dodatkowe prowincjonalne podatki od sprzeda\u017cy (PST), zharmonizowany podatek od sprzeda\u017cy (HST) lub podatek od sprzeda\u017cy w Quebecu (QST), w zale\u017cno\u015bci od prowincji.<\/li>\n<\/ul>\n<p>Dla klient\u00f3w z USA: Zam\u00f3wienia s\u0105 wysy\u0142ane w systemie DAP (Delivered At Place). Chocia\u017c klienci s\u0105 odpowiedzialni za uiszczenie wszelkich obowi\u0105zuj\u0105cych taryf, korzystamy z naszego bogatego do\u015bwiadczenia w wysy\u0142ce z Wielkiej Brytanii, aby zapewni\u0107 jak najmniejsze op\u0142aty. Z naszych danych wynika, \u017ce op\u0142aty te zazwyczaj nie przekraczaj\u0105 10% warto\u015bci przedmiotu.  <\/p>\n<p><strong>TYLKO dla klient\u00f3w z UE:<\/strong> Express DDP (Delivered Duty Paid). Oznacza to: <\/p>\n<ul>\n<li>Wszystkie op\u0142aty celne i podatki s\u0105 wliczone w cen\u0119 wy\u015bwietlan\u0105 na stronie produktu.<\/li>\n<li>Przy dostawie nie trzeba b\u0119dzie uiszcza\u0107 \u017cadnych dodatkowych op\u0142at.<\/li>\n<li>W rzadkich przypadkach zwi\u0105zanych z kwestiami celnymi nasz zesp\u00f3\u0142 zajmie si\u0119 procesem odprawy celnej w Twoim imieniu, aby zapewni\u0107 sprawn\u0105 dostaw\u0119.<\/li>\n<p>Wa\u017cne informacje dotycz\u0105ce zwrot\u00f3w:<\/p>\n<li>Je\u015bli zdecydujesz si\u0119 zwr\u00f3ci\u0107 zam\u00f3wienie lub za\u017c\u0105da\u0107 zwrotu pieni\u0119dzy, pami\u0119taj, \u017ce podatki i c\u0142a zap\u0142acone w Twoim imieniu zgodnie z warunkami DDP nie mog\u0105 zosta\u0107 zwr\u00f3cone.<\/li>\n<p>Szczeg\u00f3\u0142owe informacje mo\u017cna znale\u017a\u0107 w naszym <a href=\"https:\/\/droix.net\/terms-and-conditions\/\" target=\"_blank\" rel=\"nofollow noopener\">Regulaminie<\/a>.\n<\/ul>\n<p>[\/cg_accordion]\n[cg_accordion title=\"OBS\u0141UGA KLIENTA\"]<\/p>\n<p>Masz pytanie? Wystarczy kr\u00f3tka wiadomo\u015b\u0107 tekstowa, aby rozwi\u0105za\u0107 Tw\u00f3j problem! <\/p>\n<p>Szczeg\u00f3\u0142owe informacje mo\u017cna znale\u017a\u0107 w naszym <a href=\"https:\/\/gpdstore.net\/terms-of-service\/\" target=\"_blank\" rel=\"nofollow noopener\">Regulaminie<\/a>.\n<\/ul>\n<p>[\/cg_accordion]\n[cg_accordion title=\"CO ZAWIERA\"]<\/p>\n<ul>\n<li>1x Modu\u0142 GPD WIN MAX 2 2025 LTE<\/li>\n<\/ul>\n<p>[\/cg_accordion]\n","protected":false},"featured_media":1015,"template":"","meta":{"_acf_changed":false},"product_brand":[],"product_cat":[1226],"product_tag":[15783,1764],"woo-feed-brand":[],"class_list":{"0":"post-1274643","1":"product","2":"type-product","3":"status-publish","4":"has-post-thumbnail","6":"product_cat-akcesoria","7":"product_tag-20xmsale-pl-2","8":"product_tag-gpd-wm2-akcesoria","9":"product_shipping_class-low-end","10":"pa_accessory-type-dodatki","11":"pa_brand-gpd","13":"first","14":"instock","15":"sale","16":"taxable","17":"shipping-taxable","18":"purchasable","19":"product-type-simple"},"acf":[],"aioseo_notices":[],"_links":{"self":[{"href":"https:\/\/gpdstore.net\/pl\/wp-json\/wp\/v2\/product\/1274643","targetHints":{"allow":["GET"]}}],"collection":[{"href":"https:\/\/gpdstore.net\/pl\/wp-json\/wp\/v2\/product"}],"about":[{"href":"https:\/\/gpdstore.net\/pl\/wp-json\/wp\/v2\/types\/product"}],"wp:featuredmedia":[{"embeddable":true,"href":"https:\/\/gpdstore.net\/pl\/wp-json\/wp\/v2\/media\/1015"}],"wp:attachment":[{"href":"https:\/\/gpdstore.net\/pl\/wp-json\/wp\/v2\/media?parent=1274643"}],"wp:term":[{"taxonomy":"product_brand","embeddable":true,"href":"https:\/\/gpdstore.net\/pl\/wp-json\/wp\/v2\/product_brand?post=1274643"},{"taxonomy":"product_cat","embeddable":true,"href":"https:\/\/gpdstore.net\/pl\/wp-json\/wp\/v2\/product_cat?post=1274643"},{"taxonomy":"product_tag","embeddable":true,"href":"https:\/\/gpdstore.net\/pl\/wp-json\/wp\/v2\/product_tag?post=1274643"},{"taxonomy":"woo-feed-brand","embeddable":true,"href":"https:\/\/gpdstore.net\/pl\/wp-json\/wp\/v2\/woo-feed-brand?post=1274643"}],"curies":[{"name":"wp","href":"https:\/\/api.w.org\/{rel}","templated":true}]}}