{"id":1261259,"date":"2025-10-23T08:14:29","date_gmt":"2025-10-23T08:14:29","guid":{"rendered":"https:\/\/gpdstore.net\/?post_type=product&#038;p=1261259"},"modified":"2026-01-19T14:38:51","modified_gmt":"2026-01-19T14:38:51","slug":"gpd-win-5-battery","status":"publish","type":"product","link":"https:\/\/gpdstore.net\/pl\/product\/gpd-win-5-battery\/","title":{"rendered":"Bateria GPD WIN 5"},"content":{"rendered":"\n<p>Akumulator <strong>litowo-jonowy GPD WIN 5<\/strong> jest niezb\u0119dnym akcesorium zaprojektowanym w celu zmaksymalizowania czasu gry na przeno\u015bnym komputerze do gier GPD WIN 5. Zaprojektowana z my\u015bl\u0105 o wysokiej wydajno\u015bci i bezproblemowej integracji, ta oryginalna zewn\u0119trzna bateria o pojemno\u015bci 80 Wh pozwala od\u0142\u0105czy\u0107 si\u0119 od \u015bciany i cieszy\u0107 si\u0119 wysokiej klasy grami PC w podr\u00f3\u017cy.<\/p>\n\n<hr class=\"wp-block-separator has-alpha-channel-opacity\"\/>\n\n<h3 class=\"wp-block-heading\">Kluczowe cechy:<\/h3>\n\n<p>Rozszerzona pojemno\u015b\u0107 80,04 Wh<\/p>\n\n<p>Dzi\u0119ki du\u017cej energii znamionowej 80,04 Wh i pojemno\u015bci znamionowej 5170 mAh, bateria ta zapewnia znaczny czas pracy, umo\u017cliwiaj\u0105c cieszenie si\u0119 d\u0142ugimi sesjami grania z dala od gniazdka elektrycznego.<\/p>\n\n<p>Wysoka moc dostarczana<\/p>\n\n<p>Dzi\u0119ki napi\u0119ciu znamionowemu 15,48 V i ograniczonemu napi\u0119ciu \u0142adowania 17,80 V, ten 4-ogniwowy akumulator litowo-jonowy jest zbudowany tak, aby sprosta\u0107 wymagaj\u0105cemu poborowi mocy pot\u0119\u017cnego APU AMD Strix Halo w GPD WIN 5.<\/p>\n\n<p>Modu\u0142owa konstrukcja z mo\u017cliwo\u015bci\u0105 szybkiego monta\u017cu<\/p>\n\n<p>Akumulator jest wyposa\u017cony w opatentowany mechanizm szybkiego pod\u0142\u0105czania, kt\u00f3ry \u0142atwo i bezpiecznie zatrzaskuje si\u0119 z ty\u0142u urz\u0105dzenia GPD WIN 5 (jak pokazano na zdj\u0119ciu), dzi\u0119ki czemu jest modu\u0142owy i mo\u017cna go wymienia\u0107 na zapasowy.<\/p>\n\n<p>Ergonomiczny i zintegrowany<\/p>\n\n<p>Zaprojektowany, aby idealnie zintegrowa\u0107 si\u0119 z obudow\u0105 GPD WIN 5, zestaw baterii zachowuje por\u0119czny kszta\u0142t urz\u0105dzenia, dodaj\u0105c jednocze\u015bnie niezb\u0119dny ergonomiczny uchwyt i \u017ar\u00f3d\u0142o zasilania.<\/p>\n\n<p>Oryginalne akcesoria GPD<\/p>\n\n<p>Jest to oficjalny akumulator litowo-jonowy GPD (Model: 5.054BAG, Model: 4ICP 77\/48\/100), zapewniaj\u0105cy doskona\u0142\u0105 kompatybilno\u015b\u0107, bezpiecze\u0144stwo i optymaln\u0105 wydajno\u015b\u0107 z GPD WIN 5.<\/p>\n\n<hr class=\"wp-block-separator has-alpha-channel-opacity\"\/>\n\n<h3 class=\"wp-block-heading\">Specyfikacje:<\/h3>\n\n<figure class=\"wp-block-table\"><table class=\"has-fixed-layout\"><thead><tr><td><strong>Szczeg\u00f3\u0142y<\/strong><\/td><td><strong>Specyfikacja<\/strong><\/td><\/tr><\/thead><tbody><tr><td><strong>Model<\/strong><\/td><td>5.054BAG (4ICP 77\/48\/100)<\/td><\/tr><tr><td><strong>Typ akumulatora<\/strong><\/td><td>Akumulator litowo-jonowy<\/td><\/tr><tr><td><strong>Energia znamionowa<\/strong><\/td><td>80.04 Wh<\/td><\/tr><tr><td><strong>Pojemno\u015b\u0107 znamionowa<\/strong><\/td><td>5170 mAh<\/td><\/tr><tr><td><strong>Napi\u0119cie znamionowe<\/strong><\/td><td>15.48 V<\/td><\/tr><tr><td><strong>Ograniczone napi\u0119cie \u0142adowania<\/strong><\/td><td>17.80 V<\/td><\/tr><tr><td><strong>Kompatybilno\u015b\u0107<\/strong><\/td><td>R\u0119czny komputer do gier GPD WIN 5<\/td><\/tr><\/tbody><\/table><\/figure>\n","protected":false},"excerpt":{"rendered":"<ul>\n<li><strong>Pojemno\u015b\u0107 80,04 Wh:<\/strong> Zapewnia wyd\u0142u\u017cony czas grania w gry przeno\u015bne o du\u017cej mocy.<\/li>\n<li><strong>Pojemno\u015b\u0107 znamionowa 5170 mAh:<\/strong> Zapewnia d\u0142ugotrwa\u0142e, niezawodne u\u017cytkowanie w podr\u00f3\u017cy.<\/li>\n<li><strong>Modu\u0142owa konstrukcja:<\/strong> Mechanizm szybkiego monta\u017cu u\u0142atwiaj\u0105cy wymian\u0119 i demonta\u017c.<\/li>\n<li><strong>Wysokie napi\u0119cie zasilania:<\/strong> Zbudowany do obs\u0142ugi pot\u0119\u017cnego APU GPD WIN 5.<\/li>\n<li><strong>Oficjalne akcesorium GPD:<\/strong> Gwarantuje idealne dopasowanie, kompatybilno\u015b\u0107 i bezpiecze\u0144stwo.<\/li>\n<\/ul>\n<pre><b>Pozycja w przedsprzeda\u017cy<\/b>\nPrzewidywana data premiery:\n<ul>\n<li>2 lutego 2026 r.<\/li><\/pre>\n<\/ul>\n[cg_accordion title=\"INFORMACJE O P\u0141ATNO\u015aCIACH\"]<\/p>\n<p>Korzystamy z najnowszej technologii przetwarzania p\u0142atno\u015bci, kt\u00f3ra umo\u017cliwia szybkie i bezpieczne dokonywanie p\u0142atno\u015bci za pomoc\u0105 karty debetowej\/kredytowej lub PayPal.[\/cg_accordion]\n[cg_accordion title=\"GWARANCJA\"]<\/p>\n<p>2 lata gwarancji od <a href=\"https:\/\/droix.net\/\" target=\"_blank\" rel=\"nofollow noopener\">DROIX<\/a> Global dla Twojego spokoju ducha[\/cg_accordion]\n[cg_accordion title=\"ZAPEWNIENIE JAKO\u015aCI I TESTY PRZED WYSY\u0141K\u0104\"]<\/p>\n<p>Zapewnienie satysfakcji klienta na najwy\u017cszym poziomie: Ka\u017cde urz\u0105dzenie przechodzi rygorystyczne testy i wielopunktow\u0105 kontrol\u0119 jako\u015bci przed wysy\u0142k\u0105. Nasz dedykowany zesp\u00f3\u0142 weryfikuje wydajno\u015b\u0107, funkcjonalno\u015b\u0107 i integralno\u015b\u0107 komponent\u00f3w, aby zagwarantowa\u0107, \u017ce urz\u0105dzenie GPD jest w idealnym stanie po dostarczeniu, zapewniaj\u0105c pewno\u015b\u0107 i spok\u00f3j ducha. [\/cg_accordion]\n[cg_accordion title=\"CENY, PODATKI I WYSY\u0141KA\"]<\/p>\n<p><strong><u>Uwaga:<\/u><\/strong><\/p>\n<ul>\n<li>Klienci ze Stan\u00f3w Zjednoczonych: Wy\u015bwietlana cena NIE ZAWIERA PODATKU ani c\u0142a. Odpowiedzialno\u015b\u0107 za odpraw\u0119 celn\u0105 i zap\u0142at\u0119 wszelkich powi\u0105zanych podatk\u00f3w \/ ce\u0142 spoczywa na kliencie. <\/li>\n<li>Klienci z UE: Wy\u015bwietlana cena zawiera obowi\u0105zuj\u0105cy PODATEK, kt\u00f3ry mo\u017ce wynosi\u0107 do 25% w zale\u017cno\u015bci od kraju.<\/li>\n<li>Klienci z Kanady: Wy\u015bwietlana cena zawiera obowi\u0105zuj\u0105ce podatki, kt\u00f3re mog\u0105 obejmowa\u0107 5% GST i dodatkowe prowincjonalne podatki od sprzeda\u017cy (PST), zharmonizowany podatek od sprzeda\u017cy (HST) lub podatek od sprzeda\u017cy w Quebecu (QST), w zale\u017cno\u015bci od prowincji.<\/li>\n<\/ul>\n<p>Dla klient\u00f3w z USA: Zam\u00f3wienia s\u0105 wysy\u0142ane w systemie DAP (Delivered At Place). Chocia\u017c klienci s\u0105 odpowiedzialni za uiszczenie wszelkich obowi\u0105zuj\u0105cych taryf, korzystamy z naszego bogatego do\u015bwiadczenia w wysy\u0142ce z Wielkiej Brytanii, aby zapewni\u0107 jak najmniejsze op\u0142aty. Z naszych danych wynika, \u017ce op\u0142aty te zazwyczaj nie przekraczaj\u0105 10% warto\u015bci przedmiotu.  <\/p>\n<p><strong>TYLKO dla klient\u00f3w z UE:<\/strong> Express DDP (Delivered Duty Paid). Oznacza to: <\/p>\n<ul>\n<li>Wszystkie op\u0142aty celne i podatki s\u0105 wliczone w cen\u0119 wy\u015bwietlan\u0105 na stronie produktu.<\/li>\n<li>Przy dostawie nie trzeba b\u0119dzie uiszcza\u0107 \u017cadnych dodatkowych op\u0142at.<\/li>\n<li>W rzadkich przypadkach zwi\u0105zanych z kwestiami celnymi nasz zesp\u00f3\u0142 zajmie si\u0119 procesem odprawy celnej w Twoim imieniu, aby zapewni\u0107 sprawn\u0105 dostaw\u0119.<\/li>\n<p>Wa\u017cne informacje dotycz\u0105ce zwrot\u00f3w:<\/p>\n<li>Je\u015bli zdecydujesz si\u0119 zwr\u00f3ci\u0107 zam\u00f3wienie lub za\u017c\u0105da\u0107 zwrotu pieni\u0119dzy, pami\u0119taj, \u017ce podatki i c\u0142a zap\u0142acone w Twoim imieniu zgodnie z warunkami DDP nie mog\u0105 zosta\u0107 zwr\u00f3cone.<\/li>\n<p>Szczeg\u00f3\u0142owe informacje mo\u017cna znale\u017a\u0107 w naszym <a href=\"https:\/\/droix.net\/terms-and-conditions\/\" target=\"_blank\" rel=\"nofollow noopener\">Regulaminie<\/a>.\n<\/ul>\n<p>[\/cg_accordion]\n[cg_accordion title=\"OBS\u0141UGA KLIENTA\"]<\/p>\n<p>Masz pytanie? Wystarczy kr\u00f3tka wiadomo\u015b\u0107 tekstowa, aby rozwi\u0105za\u0107 Tw\u00f3j problem! <\/p>\n<p>Szczeg\u00f3\u0142owe informacje mo\u017cna znale\u017a\u0107 w naszym <a href=\"https:\/\/gpdstore.net\/pl\/terms-of-service\/\" target=\"_blank\" rel=\"nofollow noopener\">Regulaminie<\/a>.\n<\/ul>\n<p>[\/cg_accordion]\n[cg_accordion title=\"CO ZAWIERA\"]<\/p>\n<ul>\n<li>1x Bateria GPD WIN 5<\/li>\n<\/ul>\n<p>[\/cg_accordion]\n","protected":false},"featured_media":1261260,"template":"","meta":{"_acf_changed":false},"product_brand":[],"product_cat":[1226],"product_tag":[],"woo-feed-brand":[779],"class_list":{"0":"post-1261259","1":"product","2":"type-product","3":"status-publish","4":"has-post-thumbnail","6":"product_cat-akcesoria","7":"product_shipping_class-low-end","8":"pa_accessory-type-dodatki","9":"pa_brand-gpd","10":"woo-feed-brand-gpd-pl","12":"first","13":"instock","14":"taxable","15":"shipping-taxable","16":"purchasable","17":"product-type-variable","18":"has-default-attributes"},"acf":[],"aioseo_notices":[],"_links":{"self":[{"href":"https:\/\/gpdstore.net\/pl\/wp-json\/wp\/v2\/product\/1261259","targetHints":{"allow":["GET"]}}],"collection":[{"href":"https:\/\/gpdstore.net\/pl\/wp-json\/wp\/v2\/product"}],"about":[{"href":"https:\/\/gpdstore.net\/pl\/wp-json\/wp\/v2\/types\/product"}],"wp:featuredmedia":[{"embeddable":true,"href":"https:\/\/gpdstore.net\/pl\/wp-json\/wp\/v2\/media\/1261260"}],"wp:attachment":[{"href":"https:\/\/gpdstore.net\/pl\/wp-json\/wp\/v2\/media?parent=1261259"}],"wp:term":[{"taxonomy":"product_brand","embeddable":true,"href":"https:\/\/gpdstore.net\/pl\/wp-json\/wp\/v2\/product_brand?post=1261259"},{"taxonomy":"product_cat","embeddable":true,"href":"https:\/\/gpdstore.net\/pl\/wp-json\/wp\/v2\/product_cat?post=1261259"},{"taxonomy":"product_tag","embeddable":true,"href":"https:\/\/gpdstore.net\/pl\/wp-json\/wp\/v2\/product_tag?post=1261259"},{"taxonomy":"woo-feed-brand","embeddable":true,"href":"https:\/\/gpdstore.net\/pl\/wp-json\/wp\/v2\/woo-feed-brand?post=1261259"}],"curies":[{"name":"wp","href":"https:\/\/api.w.org\/{rel}","templated":true}]}}