{"id":1258305,"date":"2025-10-21T14:46:01","date_gmt":"2025-10-21T14:46:01","guid":{"rendered":"https:\/\/gpdstore.net\/product\/stacja-dokujaca-gpd-win-5\/"},"modified":"2026-02-02T16:41:12","modified_gmt":"2026-02-02T16:41:12","slug":"gpd-win-5-docking-station","status":"publish","type":"product","link":"https:\/\/gpdstore.net\/pl\/product\/gpd-win-5-docking-station\/","title":{"rendered":"Stacja dokuj\u0105ca GPD WIN 5"},"content":{"rendered":"\n<p><strong>Stacja dokuj\u0105ca GPD WIN 5<\/strong> (cz\u0119sto okre\u015blana jako Smart Dock) jest niezb\u0119dnym hubem biurkowym zaprojektowanym w celu uwolnienia pe\u0142nego potencja\u0142u <a href=\"https:\/\/gpdstore.net\/pl\/product\/gpd-win-5\/\" target=\"_blank\" rel=\"noopener\" title=\"\">przeno\u015bnego komputera do gier GPD WIN 5<\/a>. Przekszta\u0142\u0107 swoj\u0105 przeno\u015bn\u0105 moc w kompletn\u0105 konfiguracj\u0119 do gier i produktywno\u015bci za pomoc\u0105 jednego prostego po\u0142\u0105czenia, zapewniaj\u0105c maksymalne dostarczanie mocy i p\u0142ynn\u0105 integracj\u0119 urz\u0105dze\u0144 peryferyjnych.<\/p>\n\n<hr class=\"wp-block-separator has-alpha-channel-opacity\"\/>\n\n<h2 class=\"wp-block-heading\">Kluczowe cechy:<\/h2>\n\n<p>Stacja dokuj\u0105ca zosta\u0142a zaprojektowana do pod\u0142\u0105czenia do dedykowanego portu zasilania <strong>GPD<\/strong> WIN 5, umo\u017cliwiaj\u0105c urz\u0105dzeniu prac\u0119 z pe\u0142n\u0105 moc\u0105 <strong>100 W<\/strong> z \u0142adowarki. Pozwala to wysokowydajnemu procesorowi Strix Halo APU na utrzymanie maksymalnego TDP dla szybko\u015bci klatek klasy desktop bez d\u0142awienia termicznego. <\/p>\n\n<p><strong>Natychmiastowa transformacja w komputer<\/strong> stacjonarny \u0141atwe dokowanie GPD WIN 5 w celu natychmiastowego pod\u0142\u0105czenia wszystkich urz\u0105dze\u0144 peryferyjnych.<sup><\/sup> Przekszta\u0142\u0107 swoj\u0105 konsol\u0119 przeno\u015bn\u0105 w pe\u0142noprawny komputer PC z systemem Windows 11, gotowy do rywalizacji w grach, pracy lub korzystania z multimedi\u00f3w.<sup><\/sup><\/p>\n\n<p>\ud83d\udda5\ufe0f <strong>Szybkie wyj\u015bcie 4K<\/strong> Wyposa\u017cony w dedykowany <strong>port HDMI 2.1<\/strong>, Smart Dock mo\u017ce przesy\u0142a\u0107 do zewn\u0119trznego monitora lub telewizora <strong>rozdzielczo\u015b\u0107 do 4K przy <sup><\/sup>144 Hz<\/strong>, zapewniaj\u0105c g\u0142adkie jak mas\u0142o, wysokiej jako\u015bci wra\u017cenia, kt\u00f3re konkuruj\u0105 z tradycyjnymi komputerami stacjonarnymi.<sup><\/sup><\/p>\n\n<p><strong>Wszechstronna rozbudowa wej\u015b\u0107\/wyj\u015b\u0107<\/strong> Znacz\u0105co rozszerza opcje \u0142\u0105czno\u015bci, aby pomie\u015bci\u0107 ca\u0142y sprz\u0119t do gier i pracy:<\/p>\n\n<ul class=\"wp-block-list\">\n<li><strong>1x port HDMI 2.1:<\/strong> Do wy\u015bwietlania obrazu o wysokiej rozdzielczo\u015bci i wysokiej cz\u0119stotliwo\u015bci od\u015bwie\u017cania.<\/li>\n\n\n\n<li><strong>3 porty USB typu A:<\/strong> Pod\u0142\u0105cz zewn\u0119trzne klawiatury, myszy, dyski flash i inne urz\u0105dzenia peryferyjne.<\/li>\n\n\n\n<li><strong>1x port Ethernet (RJ45):<\/strong> Zapewnia stabilne po\u0142\u0105czenie przewodowe o niskim poziomie op\u00f3\u017anie\u0144 dla gier online.<\/li>\n\n\n\n<li><strong>1x port USB typu C:<\/strong> Do przesy\u0142ania danych lub pod\u0142\u0105czania dodatkowych urz\u0105dze\u0144 peryferyjnych.<\/li>\n<\/ul>\n\n<p><strong>Unikalna<\/strong> konstrukcja pe\u0142ni funkcj\u0119 bezpiecznej podstawki i koncentratora zasilania. Zapewnia stabilne, pionowe miejsce spoczynku dla GPD WIN 5, jednocze\u015bnie aktywnie \u0142aduj\u0105c system i zapewniaj\u0105c niezb\u0119dn\u0105 moc do d\u0142ugotrwa\u0142ego grania z wysok\u0105 wydajno\u015bci\u0105. <\/p>\n\n<h2 class=\"wp-block-heading\">Dlaczego warto wybra\u0107 stacj\u0119 dokuj\u0105c\u0105 GPD WIN 5?<\/h2>\n\n<p>GPD WIN 5 zosta\u0142 stworzony, aby zast\u0105pi\u0107 komputer stacjonarny, a ta stacja dokuj\u0105ca Smart Dock jest jego pomostem. Eliminuje pl\u0105tanin\u0119 kabli, zapewniaj\u0105c jednocze\u015bnie, \u017ce pot\u0119\u017cny uk\u0142ad Strix Halo otrzymuje pe\u0142ne 100 W mocy, kt\u00f3rej potrzebuje, aby zapewni\u0107 wydajno\u015b\u0107 klasy RTX 4060 na du\u017cym ekranie. Jest to niezb\u0119dne akcesorium zapewniaj\u0105ce najlepsze wra\u017cenia z grania typu plug-and-play na komputerach stacjonarnych. <\/p>\n\n<hr class=\"wp-block-separator has-alpha-channel-opacity\"\/>\n\n<h3 class=\"wp-block-heading\">Specyfikacje:<\/h3>\n\n<figure class=\"wp-block-table\"><table class=\"has-fixed-layout\"><thead><tr><td>Szczeg\u00f3\u0142y<\/td><td>Specyfikacja<\/td><\/tr><\/thead><tbody><tr><td><strong>Kompatybilno\u015b\u0107<\/strong><\/td><td>R\u0119czny komputer do gier GPD WIN 5<\/td><\/tr><tr><td><strong>Wyj\u015bcie wideo<\/strong><\/td><td>1 \u00d7 HDMI 2.1 (do 4K przy 144 Hz)<\/td><\/tr><tr><td><strong>Porty USB<\/strong><\/td><td>3 \u00d7 USB typu A, 1 \u00d7 USB typu C<\/td><\/tr><tr><td><strong>Sie\u0107<\/strong><\/td><td>1\u00d7port Ethernet (RJ45)<\/td><\/tr><tr><td><strong>Wej\u015bcie zasilania<\/strong><\/td><td>Podno\u015bnik beczkowy (przeznaczony do \u0142adowarki 100 W GPD WIN 5)<\/td><\/tr><tr><td><strong>Funkcja<\/strong><\/td><td>Dokowanie, \u0142adowanie, wysuwanie wy\u015bwietlacza, podstawka<\/td><\/tr><\/tbody><\/table><\/figure>\n\n<p><\/p>\n","protected":false},"excerpt":{"rendered":"<ul>\n<li><strong>180W Power Passthrough:<\/strong> Zapewnia maksymaln\u0105 moc i wydajno\u015b\u0107.<\/li>\n<li><strong>Tryb pulpitu:<\/strong> Natychmiast przekszta\u0142ca urz\u0105dzenie przeno\u015bne w komputer stacjonarny.<\/li>\n<li><strong>4K Display Out:<\/strong> HDMI 2.1 dla zewn\u0119trznych monitor\u00f3w o wysokiej rozdzielczo\u015bci.<\/li>\n<li><strong>Gra przewodowa:<\/strong> Zawiera port Ethernet do stabilnej gry online bez op\u00f3\u017anie\u0144.<\/li>\n<li><strong>Oficjalne dopasowanie:<\/strong> Zaprojektowane na zam\u00f3wienie akcesorium GPD dla WIN 5.<\/li>\n<\/ul>\n[cg_accordion title=\"INFORMACJE O P\u0141ATNO\u015aCIACH\"]<\/p>\n<p>Korzystamy z najnowszej technologii przetwarzania p\u0142atno\u015bci, kt\u00f3ra umo\u017cliwia szybkie i bezpieczne dokonywanie p\u0142atno\u015bci za pomoc\u0105 karty debetowej\/kredytowej lub PayPal.[\/cg_accordion]\n[cg_accordion title=\"GWARANCJA\"]<\/p>\n<p>2 lata gwarancji od <a href=\"https:\/\/droix.net\/\" target=\"_blank\" rel=\"nofollow noopener\">DROIX<\/a> Global dla Twojego spokoju ducha[\/cg_accordion]\n[cg_accordion title=\"ZAPEWNIENIE JAKO\u015aCI I TESTY PRZED WYSY\u0141K\u0104\"]<\/p>\n<p>Zapewnienie satysfakcji klienta na najwy\u017cszym poziomie: Ka\u017cde urz\u0105dzenie przechodzi rygorystyczne testy i wielopunktow\u0105 kontrol\u0119 jako\u015bci przed wysy\u0142k\u0105. Nasz dedykowany zesp\u00f3\u0142 weryfikuje wydajno\u015b\u0107, funkcjonalno\u015b\u0107 i integralno\u015b\u0107 komponent\u00f3w, aby zagwarantowa\u0107, \u017ce urz\u0105dzenie GPD jest w idealnym stanie po dostarczeniu, zapewniaj\u0105c pewno\u015b\u0107 i spok\u00f3j ducha. [\/cg_accordion]\n[cg_accordion title=\"CENY, PODATKI I WYSY\u0141KA\"]<\/p>\n<p><strong><u>Uwaga:<\/u><\/strong><\/p>\n<ul>\n<li>Klienci ze Stan\u00f3w Zjednoczonych: Wy\u015bwietlana cena NIE ZAWIERA PODATKU ani c\u0142a. Odpowiedzialno\u015b\u0107 za odpraw\u0119 celn\u0105 i zap\u0142at\u0119 wszelkich powi\u0105zanych podatk\u00f3w \/ ce\u0142 spoczywa na kliencie. <\/li>\n<li>Klienci z UE: Wy\u015bwietlana cena zawiera obowi\u0105zuj\u0105cy PODATEK, kt\u00f3ry mo\u017ce wynosi\u0107 do 25% w zale\u017cno\u015bci od kraju.<\/li>\n<li>Klienci z Kanady: Wy\u015bwietlana cena zawiera obowi\u0105zuj\u0105ce podatki, kt\u00f3re mog\u0105 obejmowa\u0107 5% GST i dodatkowe prowincjonalne podatki od sprzeda\u017cy (PST), zharmonizowany podatek od sprzeda\u017cy (HST) lub podatek od sprzeda\u017cy w Quebecu (QST), w zale\u017cno\u015bci od prowincji.<\/li>\n<\/ul>\n<p>Dla klient\u00f3w z USA: Zam\u00f3wienia s\u0105 wysy\u0142ane w systemie DAP (Delivered At Place). Chocia\u017c klienci s\u0105 odpowiedzialni za uiszczenie wszelkich obowi\u0105zuj\u0105cych taryf, korzystamy z naszego bogatego do\u015bwiadczenia w wysy\u0142ce z Wielkiej Brytanii, aby zapewni\u0107 jak najmniejsze op\u0142aty. Z naszych danych wynika, \u017ce op\u0142aty te zazwyczaj nie przekraczaj\u0105 10% warto\u015bci przedmiotu.  <\/p>\n<p><strong>TYLKO dla klient\u00f3w z UE:<\/strong> Express DDP (Delivered Duty Paid). Oznacza to: <\/p>\n<ul>\n<li>Wszystkie op\u0142aty celne i podatki s\u0105 wliczone w cen\u0119 wy\u015bwietlan\u0105 na stronie produktu.<\/li>\n<li>Przy dostawie nie trzeba b\u0119dzie uiszcza\u0107 \u017cadnych dodatkowych op\u0142at.<\/li>\n<li>W rzadkich przypadkach zwi\u0105zanych z kwestiami celnymi nasz zesp\u00f3\u0142 zajmie si\u0119 procesem odprawy celnej w Twoim imieniu, aby zapewni\u0107 sprawn\u0105 dostaw\u0119.<\/li>\n<p>Wa\u017cne informacje dotycz\u0105ce zwrot\u00f3w:<\/p>\n<li>Je\u015bli zdecydujesz si\u0119 zwr\u00f3ci\u0107 zam\u00f3wienie lub za\u017c\u0105da\u0107 zwrotu pieni\u0119dzy, pami\u0119taj, \u017ce podatki i c\u0142a zap\u0142acone w Twoim imieniu zgodnie z warunkami DDP nie mog\u0105 zosta\u0107 zwr\u00f3cone.<\/li>\n<p>Szczeg\u00f3\u0142owe informacje mo\u017cna znale\u017a\u0107 w naszym <a href=\"https:\/\/droix.net\/terms-and-conditions\/\" target=\"_blank\" rel=\"nofollow noopener\">Regulaminie<\/a>.\n<\/ul>\n<p>[\/cg_accordion]\n[cg_accordion title=\"OBS\u0141UGA KLIENTA\"]<\/p>\n<p>Masz pytanie? Wystarczy kr\u00f3tka wiadomo\u015b\u0107 tekstowa, aby rozwi\u0105za\u0107 Tw\u00f3j problem! <\/p>\n<p>Szczeg\u00f3\u0142owe informacje mo\u017cna znale\u017a\u0107 w naszym <a href=\"https:\/\/gpdstore.net\/pl\/terms-of-service\/\" target=\"_blank\" rel=\"nofollow noopener\">Regulaminie<\/a>.\n<\/ul>\n<p>[\/cg_accordion]\n[cg_accordion title=\"CO ZAWIERA\"]<\/p>\n<ul>\n<li>1x Oficjalna stacja dokuj\u0105ca GPD WIN 5<\/li>\n<\/ul>\n<p>[\/cg_accordion]\n","protected":false},"featured_media":1261030,"template":"","meta":{"_acf_changed":false},"product_brand":[],"product_cat":[1226],"product_tag":[],"woo-feed-brand":[],"class_list":{"0":"post-1258305","1":"product","2":"type-product","3":"status-publish","4":"has-post-thumbnail","6":"product_cat-akcesoria","7":"product_shipping_class-low-end","8":"product_shipping_class-premium","9":"pa_accessory-type-stacja-dokujaca","10":"pa_brand-gpd","12":"first","13":"instock","14":"taxable","15":"shipping-taxable","16":"purchasable","17":"product-type-variable","18":"has-default-attributes"},"acf":[],"aioseo_notices":[],"_links":{"self":[{"href":"https:\/\/gpdstore.net\/pl\/wp-json\/wp\/v2\/product\/1258305","targetHints":{"allow":["GET"]}}],"collection":[{"href":"https:\/\/gpdstore.net\/pl\/wp-json\/wp\/v2\/product"}],"about":[{"href":"https:\/\/gpdstore.net\/pl\/wp-json\/wp\/v2\/types\/product"}],"wp:featuredmedia":[{"embeddable":true,"href":"https:\/\/gpdstore.net\/pl\/wp-json\/wp\/v2\/media\/1261030"}],"wp:attachment":[{"href":"https:\/\/gpdstore.net\/pl\/wp-json\/wp\/v2\/media?parent=1258305"}],"wp:term":[{"taxonomy":"product_brand","embeddable":true,"href":"https:\/\/gpdstore.net\/pl\/wp-json\/wp\/v2\/product_brand?post=1258305"},{"taxonomy":"product_cat","embeddable":true,"href":"https:\/\/gpdstore.net\/pl\/wp-json\/wp\/v2\/product_cat?post=1258305"},{"taxonomy":"product_tag","embeddable":true,"href":"https:\/\/gpdstore.net\/pl\/wp-json\/wp\/v2\/product_tag?post=1258305"},{"taxonomy":"woo-feed-brand","embeddable":true,"href":"https:\/\/gpdstore.net\/pl\/wp-json\/wp\/v2\/woo-feed-brand?post=1258305"}],"curies":[{"name":"wp","href":"https:\/\/api.w.org\/{rel}","templated":true}]}}