{"id":1251794,"date":"2025-10-15T11:30:11","date_gmt":"2025-10-15T11:30:11","guid":{"rendered":"https:\/\/gpdstore.net\/product\/etui-gpd-win-5\/"},"modified":"2026-02-02T16:41:09","modified_gmt":"2026-02-02T16:41:09","slug":"gpd-win-5-case","status":"publish","type":"product","link":"https:\/\/gpdstore.net\/pl\/product\/gpd-win-5-case\/","title":{"rendered":"Etui GPD WIN 5"},"content":{"rendered":"\n<p><strong>Etui GPD<\/strong> WIN 5 to wytrzyma\u0142a, dopasowana i gotowa do podr\u00f3\u017cy obudowa zaprojektowana wy\u0142\u0105cznie dla rewolucyjnego komputera do gier GPD WIN 5Etui <strong>GPD WIN 5<\/strong> to wytrzyma\u0142a, dopasowana i gotowa do podr\u00f3\u017cy obudowa zaprojektowana wy\u0142\u0105cznie dla rewolucyjnego komputera do gier GPD WIN 5. Zbudowany, aby wytrzyma\u0107 rygory podr\u00f3\u017cy i chroni\u0107 wysokowydajn\u0105 maszyn\u0119 dzi\u0119ki najwy\u017cszej jako\u015bci materia\u0142om i inteligentnej konstrukcji, ten futera\u0142 zapewnia maksymalne bezpiecze\u0144stwo i eleganck\u0105 przeno\u015bno\u015b\u0107 &#8211; idealny dla elitarnego gracza w podr\u00f3\u017cy. <\/p>\n\n<hr class=\"wp-block-separator has-alpha-channel-opacity\"\/>\n\n<h3 class=\"wp-block-heading\">Kluczowe cechy:<\/h3>\n\n<p><strong>Dopasowana ochrona dla GPD WIN 5<\/strong> Zaprojektowany wy\u0142\u0105cznie dla GPD WIN 5, ten futera\u0142 zapewnia dok\u0142adne dopasowanie do urz\u0105dzenia przeno\u015bnego, zabezpieczaj\u0105c je przed ruchem i wewn\u0119trznymi uszkodzeniami podczas transportu.<\/p>\n\n<p><strong>Wytrzyma\u0142a<\/strong> <strong>obudowa z twardej pianki EVA<\/strong> zapewnia lepsz\u0105 ochron\u0119 przed uderzeniami, upadkami i zadrapaniami, chroni\u0105c konsol\u0119 i jej pot\u0119\u017cne podzespo\u0142y wewn\u0119trzne w ka\u017cdej wymagaj\u0105cej podr\u00f3\u017cy.<sup><\/sup><\/p>\n\n<p><strong>Mi\u0119kka<\/strong> <strong>wy\u015bci\u00f3\u0142ka<\/strong> i amortyzuj\u0105ca wstrz\u0105sy pianka zapewniaj\u0105 delikatn\u0105 piel\u0119gnacj\u0119 konsoli i jej du\u017cego 7-calowego wy\u015bwietlacza, zapobiegaj\u0105c zarysowaniom i otarciom powierzchni.<\/p>\n\n<p><strong>Modu\u0142owy schowek na akcesoria<\/strong> Zawiera przestronn\u0105 <strong>wewn\u0119trzn\u0105 komor\u0119<\/strong> idealn\u0105 do przechowywania niezb\u0119dnych komponent\u00f3w, takich jak od\u0142\u0105czany akumulator 80 Wh, zasilacz 180 W lub inne ma\u0142e niezb\u0119dne elementy &#8211; dzi\u0119ki czemu ca\u0142y sprz\u0119t jest uporz\u0105dkowany i w jednym miejscu.<\/p>\n\n<p>Wytrzyma\u0142y, wysokiej jako\u015bci <strong>zamek b\u0142yskawiczny<\/strong> sprawia, \u017ce etui jest szczelnie zamkni\u0119te i chronione, zapewniaj\u0105c bezpiecze\u0144stwo cennego urz\u0105dzenia przeno\u015bnego, niezale\u017cnie od tego, czy doje\u017cd\u017casz do pracy, podr\u00f3\u017cujesz, czy je przechowujesz.<sup><\/sup><\/p>\n\n<p><strong>Smuk\u0142a i lekka<\/strong> konstrukcja Pomimo solidnej ochrony, kompaktowa obudowa zosta\u0142a zaprojektowana z my\u015bl\u0105 o maksymalnej przeno\u015bno\u015bci. Wsu\u0144 go do plecaka lub no\u015b solo z \u0142atwo\u015bci\u0105, wiedz\u0105c, \u017ce Tw\u00f3j gamingowy powerhouse jest bezpieczny. <\/p>\n\n<hr class=\"wp-block-separator has-alpha-channel-opacity\"\/>\n\n<h3 class=\"wp-block-heading\">Dlaczego warto wybra\u0107 etui GPD WIN 5?<\/h3>\n\n<p>Zaprojektowana z my\u015bl\u0105 o najbardziej wymagaj\u0105cych graczach, ta obudowa \u0142\u0105czy w sobie solidn\u0105 wytrzyma\u0142o\u015b\u0107 z przemy\u015blanym, niezb\u0119dnym miejscem do przechowywania unikalnych modu\u0142owych komponent\u00f3w GPD WIN 5 i pot\u0119\u017cnej \u0142adowarki. Niezale\u017cnie od tego, czy pod\u0142\u0105czasz si\u0119 do sesji o wysokim TDP, czy grasz bez pod\u0142\u0105czenia do sieci, etui GPD WIN 5 jest idealnym towarzyszem, kt\u00f3ry zapewnia bezpiecze\u0144stwo i gotowo\u015b\u0107 do dzia\u0142ania Twojemu handheldowi Strix Halo. \ud83d\ude80<\/p>\n\n<hr class=\"wp-block-separator has-alpha-channel-opacity\"\/>\n\n<h3 class=\"wp-block-heading\">Specyfikacje:<\/h3>\n\n<figure class=\"wp-block-table\"><table class=\"has-fixed-layout\"><thead><tr><td>Szczeg\u00f3\u0142y<\/td><td>Specyfikacja<\/td><\/tr><\/thead><tbody><tr><td><strong>Materia\u0142<\/strong><\/td><td>Twarda skorupa EVA + wn\u0119trze z mi\u0119kkiej tkaniny<\/td><\/tr><tr><td><strong>Kompatybilno\u015b\u0107<\/strong><\/td><td><a href=\"https:\/\/gpdstore.net\/pl\/product\/gpd-win-5\/\" target=\"_blank\" rel=\"noopener\" title=\"\">R\u0119czny komputer do gier GPD WIN 5<\/a><\/td><\/tr><tr><td><strong>Typ zamkni\u0119cia<\/strong><\/td><td>Zamek b\u0142yskawiczny<\/td><\/tr><tr><td><strong>Przechowywanie<\/strong><\/td><td>Wewn\u0119trzna kiesze\u0144\/komora z siatki na akcesoria (w tym od\u0142\u0105czan\u0105 bateri\u0119 i \u0142adowark\u0119)<\/td><\/tr><tr><td><strong>Wymiary<\/strong><\/td><td><strong>288 \u00d7 136 \u00d7 80 (25\/55) mm<\/strong><\/td><\/tr><\/tbody><\/table><\/figure>\n\n<p><\/p>\n","protected":false},"excerpt":{"rendered":"<ul>\n<li><strong>Oficjalne dopasowanie:<\/strong> Zaprojektowany specjalnie dla komputera kieszonkowego GPD WIN 5.<\/li>\n<li><strong>Bezpieczne paski:<\/strong> Mocno przytrzymuj\u0105 urz\u0105dzenie i zewn\u0119trzny zestaw baterii.<\/li>\n<li><strong>Mi\u0119kka wy\u015bci\u00f3\u0142ka:<\/strong> Zapobiega zarysowaniom i chroni 7-calowy wy\u015bwietlacz 120 Hz.<\/li>\n<li><strong>Pasek na r\u0119k\u0119:<\/strong> Umo\u017cliwia \u0142atwe i bezpieczne przenoszenie w podr\u00f3\u017cy.<\/li>\n<li><strong>Twarda obudowa:<\/strong> Zapewnia trwa\u0142\u0105, sztywn\u0105 ochron\u0119 dla wydajnego komputera do gier.<\/li>\n<\/ul>\n[cg_accordion title=\"INFORMACJE O P\u0141ATNO\u015aCIACH\"]<\/p>\n<p>Korzystamy z najnowszej technologii przetwarzania p\u0142atno\u015bci, kt\u00f3ra umo\u017cliwia szybkie i bezpieczne dokonywanie p\u0142atno\u015bci za pomoc\u0105 karty debetowej\/kredytowej lub PayPal.[\/cg_accordion]\n[cg_accordion title=\"GWARANCJA\"]<\/p>\n<p>2 lata gwarancji od <a href=\"https:\/\/droix.net\/\" target=\"_blank\" rel=\"nofollow noopener\">DROIX<\/a> Global dla Twojego spokoju ducha[\/cg_accordion]\n[cg_accordion title=\"ZAPEWNIENIE JAKO\u015aCI I TESTY PRZED WYSY\u0141K\u0104\"]<\/p>\n<p>Zapewnienie satysfakcji klienta na najwy\u017cszym poziomie: Ka\u017cde urz\u0105dzenie przechodzi rygorystyczne testy i wielopunktow\u0105 kontrol\u0119 jako\u015bci przed wysy\u0142k\u0105. Nasz dedykowany zesp\u00f3\u0142 weryfikuje wydajno\u015b\u0107, funkcjonalno\u015b\u0107 i integralno\u015b\u0107 komponent\u00f3w, aby zagwarantowa\u0107, \u017ce urz\u0105dzenie GPD jest w idealnym stanie po dostarczeniu, zapewniaj\u0105c pewno\u015b\u0107 i spok\u00f3j ducha. [\/cg_accordion]\n[cg_accordion title=\"CENY, PODATKI I WYSY\u0141KA\"]<\/p>\n<p><strong><u>Uwaga:<\/u><\/strong><\/p>\n<ul>\n<li>Klienci ze Stan\u00f3w Zjednoczonych: Wy\u015bwietlana cena NIE ZAWIERA PODATKU ani c\u0142a. Odpowiedzialno\u015b\u0107 za odpraw\u0119 celn\u0105 i zap\u0142at\u0119 wszelkich powi\u0105zanych podatk\u00f3w \/ ce\u0142 spoczywa na kliencie. <\/li>\n<li>Klienci z UE: Wy\u015bwietlana cena zawiera obowi\u0105zuj\u0105cy PODATEK, kt\u00f3ry mo\u017ce wynosi\u0107 do 25% w zale\u017cno\u015bci od kraju.<\/li>\n<li>Klienci z Kanady: Wy\u015bwietlana cena zawiera obowi\u0105zuj\u0105ce podatki, kt\u00f3re mog\u0105 obejmowa\u0107 5% GST i dodatkowe prowincjonalne podatki od sprzeda\u017cy (PST), zharmonizowany podatek od sprzeda\u017cy (HST) lub podatek od sprzeda\u017cy w Quebecu (QST), w zale\u017cno\u015bci od prowincji.<\/li>\n<\/ul>\n<p>Dla klient\u00f3w z USA: Zam\u00f3wienia s\u0105 wysy\u0142ane w systemie DAP (Delivered At Place). Chocia\u017c klienci s\u0105 odpowiedzialni za uiszczenie wszelkich obowi\u0105zuj\u0105cych taryf, korzystamy z naszego bogatego do\u015bwiadczenia w wysy\u0142ce z Wielkiej Brytanii, aby zapewni\u0107 jak najmniejsze op\u0142aty. Z naszych danych wynika, \u017ce op\u0142aty te zazwyczaj nie przekraczaj\u0105 10% warto\u015bci przedmiotu.  <\/p>\n<p><strong>TYLKO dla klient\u00f3w z UE:<\/strong> Express DDP (Delivered Duty Paid). Oznacza to: <\/p>\n<ul>\n<li>Wszystkie op\u0142aty celne i podatki s\u0105 wliczone w cen\u0119 wy\u015bwietlan\u0105 na stronie produktu.<\/li>\n<li>Przy dostawie nie trzeba b\u0119dzie uiszcza\u0107 \u017cadnych dodatkowych op\u0142at.<\/li>\n<li>W rzadkich przypadkach zwi\u0105zanych z kwestiami celnymi nasz zesp\u00f3\u0142 zajmie si\u0119 procesem odprawy celnej w Twoim imieniu, aby zapewni\u0107 sprawn\u0105 dostaw\u0119.<\/li>\n<p>Wa\u017cne informacje dotycz\u0105ce zwrot\u00f3w:<\/p>\n<li>Je\u015bli zdecydujesz si\u0119 zwr\u00f3ci\u0107 zam\u00f3wienie lub za\u017c\u0105da\u0107 zwrotu pieni\u0119dzy, pami\u0119taj, \u017ce podatki i c\u0142a zap\u0142acone w Twoim imieniu zgodnie z warunkami DDP nie mog\u0105 zosta\u0107 zwr\u00f3cone.<\/li>\n<p>Szczeg\u00f3\u0142owe informacje mo\u017cna znale\u017a\u0107 w naszym <a href=\"https:\/\/droix.net\/terms-and-conditions\/\" target=\"_blank\" rel=\"nofollow noopener\">Regulaminie<\/a>.\n<\/ul>\n<p>[\/cg_accordion]\n[cg_accordion title=\"OBS\u0141UGA KLIENTA\"]<\/p>\n<p>Masz pytanie? Wystarczy kr\u00f3tka wiadomo\u015b\u0107 tekstowa, aby rozwi\u0105za\u0107 Tw\u00f3j problem! <\/p>\n<p>Szczeg\u00f3\u0142owe informacje mo\u017cna znale\u017a\u0107 w naszym <a href=\"https:\/\/gpdstore.net\/pl\/terms-of-service\/\" target=\"_blank\" rel=\"nofollow noopener\">Regulaminie<\/a>.\n<\/ul>\n<p>[\/cg_accordion]\n[cg_accordion title=\"CO ZAWIERA\"]<\/p>\n<ul>\n<li>1x Etui GPD WIN 5<\/li>\n<\/ul>\n<p>[\/cg_accordion]\n","protected":false},"featured_media":1250959,"template":"","meta":{"_acf_changed":false},"product_brand":[],"product_cat":[1226],"product_tag":[],"woo-feed-brand":[],"class_list":{"0":"post-1251794","1":"product","2":"type-product","3":"status-publish","4":"has-post-thumbnail","6":"product_cat-akcesoria","7":"product_shipping_class-low-end","8":"pa_accessory-type-etui-ochronne","9":"pa_brand-gpd","11":"first","12":"instock","13":"taxable","14":"shipping-taxable","15":"purchasable","16":"product-type-variable","17":"has-default-attributes"},"acf":[],"aioseo_notices":[],"_links":{"self":[{"href":"https:\/\/gpdstore.net\/pl\/wp-json\/wp\/v2\/product\/1251794","targetHints":{"allow":["GET"]}}],"collection":[{"href":"https:\/\/gpdstore.net\/pl\/wp-json\/wp\/v2\/product"}],"about":[{"href":"https:\/\/gpdstore.net\/pl\/wp-json\/wp\/v2\/types\/product"}],"wp:featuredmedia":[{"embeddable":true,"href":"https:\/\/gpdstore.net\/pl\/wp-json\/wp\/v2\/media\/1250959"}],"wp:attachment":[{"href":"https:\/\/gpdstore.net\/pl\/wp-json\/wp\/v2\/media?parent=1251794"}],"wp:term":[{"taxonomy":"product_brand","embeddable":true,"href":"https:\/\/gpdstore.net\/pl\/wp-json\/wp\/v2\/product_brand?post=1251794"},{"taxonomy":"product_cat","embeddable":true,"href":"https:\/\/gpdstore.net\/pl\/wp-json\/wp\/v2\/product_cat?post=1251794"},{"taxonomy":"product_tag","embeddable":true,"href":"https:\/\/gpdstore.net\/pl\/wp-json\/wp\/v2\/product_tag?post=1251794"},{"taxonomy":"woo-feed-brand","embeddable":true,"href":"https:\/\/gpdstore.net\/pl\/wp-json\/wp\/v2\/woo-feed-brand?post=1251794"}],"curies":[{"name":"wp","href":"https:\/\/api.w.org\/{rel}","templated":true}]}}