{"id":4408,"date":"2023-03-23T16:49:44","date_gmt":"2023-03-23T16:49:44","guid":{"rendered":"https:\/\/gpdstore.net\/polityka-dotyczaca-plikow-cookie\/"},"modified":"2024-12-11T13:39:38","modified_gmt":"2024-12-11T13:39:38","slug":"polityka-dotyczaca-plikow-cookie","status":"publish","type":"page","link":"https:\/\/gpdstore.net\/pl\/polityka-dotyczaca-plikow-cookie\/","title":{"rendered":"Polityka dotycz\u0105ca plik\u00f3w cookie"},"content":{"rendered":"\n<p>Poni\u017csz\u0105 Polityk\u0119 plik\u00f3w cookie nale\u017cy traktowa\u0107 zgodnie (w po\u0142\u0105czeniu), &#8220;jako jedn\u0105&#8221; z <a href=\"https:\/\/gpdstore.net\/pl\/warunki-swiadczenia-uslug\/\" target=\"_blank\" data-type=\"URL\" data-id=\"\/terms-of-service\/\" rel=\"noreferrer noopener\">Warunkami<\/a>, <a href=\"https:\/\/gpdstore.net\/pl\/polityka-zwrotow\/\" target=\"_blank\" data-type=\"URL\" data-id=\"\/refund-and-returns-policy\/\" rel=\"noreferrer noopener\">Polityk\u0105 zwrot\u00f3w i refundacji<\/a> oraz <a href=\"https:\/\/gpdstore.net\/pl\/polityka-prywatnosci\/\" target=\"_blank\" data-type=\"URL\" data-id=\"\/privacy-policy\/\" rel=\"noreferrer noopener\">Polityk\u0105 prywatno\u015bci<\/a>.<\/p>\n\n<ol class=\"wp-block-list\">\n<li>Niniejsze warunki sprzeda\u017cy maj\u0105 zastosowanie do wszystkich towar\u00f3w dostarczanych przez DroiX US Corp (Dostawc\u0119).\n<ol class=\"wp-block-list\">\n<li>W niniejszej umowie odniesienia dotycz\u0105: My (DroiX US Corp) jeste\u015bmy Dostawc\u0105, a U\u017cytkownik (Klient)<\/li>\n<\/ol>\n<\/li>\n<\/ol>\n\n<ol class=\"wp-block-list\">\n<li>Witryna internetowa Dostawcy wykorzystuje pliki cookie w celu odr\u00f3\u017cnienia klienta, tj. u\u017cytkownika, od innych u\u017cytkownik\u00f3w witryny. Pomaga to Dostawcy zapewni\u0107 dobre wra\u017cenia podczas przegl\u0105dania strony internetowej Dostawcy, a tak\u017ce umo\u017cliwia Dostawcy ulepszanie naszej witryny. Kontynuuj\u0105c przegl\u0105danie witryny, u\u017cytkownik wyra\u017ca zgod\u0119 na korzystanie przez Dostawc\u0119 z plik\u00f3w cookie.  <\/li>\n\n\n\n<li>Plik cookie to ma\u0142y plik sk\u0142adaj\u0105cy si\u0119 z liter i cyfr, kt\u00f3ry Dostawca przechowuje w przegl\u0105darce lub na dysku twardym komputera lub telefonu kom\u00f3rkowego u\u017cytkownika, je\u015bli u\u017cytkownik wyrazi na to zgod\u0119. Pliki cookie zawieraj\u0105 informacje, kt\u00f3re s\u0105 przesy\u0142ane na dysk twardy komputera u\u017cytkownika. <\/li>\n\n\n\n<li>Dostawca wykorzystuje nast\u0119puj\u0105ce pliki cookie:\n<ol class=\"wp-block-list\">\n<li>Niezb\u0119dne pliki cookie. S\u0105 to pliki cookie wymagane do dzia\u0142ania strony internetowej Dostawcy. Obejmuj\u0105 one na przyk\u0142ad pliki cookie, kt\u00f3re umo\u017cliwiaj\u0105 logowanie si\u0119 do bezpiecznych obszar\u00f3w witryny internetowej Dostawcy i przeprowadzanie transakcji.  <\/li>\n\n\n\n<li>Analityczne\/wydajno\u015bciowe pliki cookie. Pozwalaj\u0105 one Dostawcy rozpozna\u0107 i policzy\u0107 liczb\u0119 odwiedzaj\u0105cych oraz zobaczy\u0107, w jaki spos\u00f3b odwiedzaj\u0105cy poruszaj\u0105 si\u0119 po stronie internetowej Dostawcy podczas korzystania z niej. Pomaga to Dostawcy poprawi\u0107 spos\u00f3b dzia\u0142ania strony internetowej, na przyk\u0142ad poprzez zapewnienie, \u017ce u\u017cytkownicy \u0142atwo i bez k\u0142opot\u00f3w znajduj\u0105 to, czego szukaj\u0105.  <\/li>\n\n\n\n<li>Dostawca korzysta z plik\u00f3w cookie Google Analytics. Google Analytics zbiera informacje anonimowo. Raportuje trendy na stronie internetowej bez identyfikowania poszczeg\u00f3lnych odwiedzaj\u0105cych. U\u017cytkownik mo\u017ce zrezygnowa\u0107 z Google Analytics bez wp\u0142ywu na spos\u00f3b odwiedzania tej witryny. Wi\u0119cej informacji na temat Google Analytics mo\u017cna znale\u017a\u0107 tutaj.    <\/li>\n\n\n\n<li>Targetuj\u0105ce pliki cookie. Te pliki cookie rejestruj\u0105 wizyt\u0119 u\u017cytkownika na stronie internetowej Dostawcy, odwiedzone strony i \u0142\u0105cza. Dostawca wykorzystuje te informacje, aby dostosowa\u0107 witryn\u0119 i wy\u015bwietlane na niej reklamy do zainteresowa\u0144 u\u017cytkownika. W tym celu Dostawca mo\u017ce r\u00f3wnie\u017c udost\u0119pnia\u0107 te informacje stronom trzecim.   <\/li>\n<\/ol>\n<\/li>\n\n\n\n<li>Nale\u017cy pami\u0119ta\u0107, \u017ce osoby trzecie (w tym na przyk\u0142ad sieci reklamowe i dostawcy us\u0142ug zewn\u0119trznych, takich jak us\u0142ugi analizy ruchu internetowego) mog\u0105 r\u00f3wnie\u017c wykorzystywa\u0107 pliki cookie, nad kt\u00f3rymi Dostawca nie ma kontroli. Te pliki cookie mog\u0105 by\u0107 analitycznymi\/wydajno\u015bciowymi plikami cookie lub ukierunkowanymi plikami cookie. <\/li>\n\n\n\n<li>U\u017cytkownik mo\u017ce zablokowa\u0107 pliki cookie, aktywuj\u0105c w przegl\u0105darce ustawienie umo\u017cliwiaj\u0105ce odrzucenie wszystkich lub niekt\u00f3rych plik\u00f3w cookie. Je\u015bli jednak u\u017cytkownik u\u017cyje ustawie\u0144 przegl\u0105darki w celu zablokowania wszystkich plik\u00f3w cookie (w tym niezb\u0119dnych plik\u00f3w cookie), mo\u017ce nie by\u0107 w stanie uzyska\u0107 dost\u0119pu do ca\u0142o\u015bci lub cz\u0119\u015bci strony internetowej Dostawcy. <\/li>\n<\/ol>\n\n<p>Ostatnia aktualizacja polityki plik\u00f3w cookie: 23 marca, 2023 &#8211; 4:48PM.<\/p>\n","protected":false},"excerpt":{"rendered":"<p>Poni\u017csz\u0105 Polityk\u0119 plik\u00f3w cookie nale\u017cy traktowa\u0107 zgodnie (w po\u0142\u0105czeniu), &#8220;jako jedn\u0105&#8221; z Warunkami, Polityk\u0105 zwrot\u00f3w i refundacji oraz Polityk\u0105 prywatno\u015bci. Ostatnia aktualizacja polityki plik\u00f3w cookie: 23 marca, 2023 &#8211; 4:48PM.<\/p>\n","protected":false},"author":1,"featured_media":0,"parent":0,"menu_order":0,"comment_status":"closed","ping_status":"closed","template":"template-fullwidth.php","meta":{"_acf_changed":false,"footnotes":""},"class_list":["post-4408","page","type-page","status-publish","hentry"],"acf":[],"aioseo_notices":[],"_links":{"self":[{"href":"https:\/\/gpdstore.net\/pl\/wp-json\/wp\/v2\/pages\/4408","targetHints":{"allow":["GET"]}}],"collection":[{"href":"https:\/\/gpdstore.net\/pl\/wp-json\/wp\/v2\/pages"}],"about":[{"href":"https:\/\/gpdstore.net\/pl\/wp-json\/wp\/v2\/types\/page"}],"author":[{"embeddable":true,"href":"https:\/\/gpdstore.net\/pl\/wp-json\/wp\/v2\/users\/1"}],"replies":[{"embeddable":true,"href":"https:\/\/gpdstore.net\/pl\/wp-json\/wp\/v2\/comments?post=4408"}],"version-history":[{"count":0,"href":"https:\/\/gpdstore.net\/pl\/wp-json\/wp\/v2\/pages\/4408\/revisions"}],"wp:attachment":[{"href":"https:\/\/gpdstore.net\/pl\/wp-json\/wp\/v2\/media?parent=4408"}],"curies":[{"name":"wp","href":"https:\/\/api.w.org\/{rel}","templated":true}]}}