{"id":4383,"date":"2023-03-23T16:38:25","date_gmt":"2023-03-23T16:38:25","guid":{"rendered":"https:\/\/gpdstore.net\/o-nas\/"},"modified":"2024-12-11T13:38:40","modified_gmt":"2024-12-11T13:38:40","slug":"o-nas","status":"publish","type":"page","link":"https:\/\/gpdstore.net\/pl\/o-nas\/","title":{"rendered":"O nas"},"content":{"rendered":"\t\t<div data-elementor-type=\"wp-page\" data-elementor-id=\"4383\" class=\"elementor elementor-4383 elementor-10\" data-elementor-settings=\"{&quot;element_pack_global_tooltip_width&quot;:{&quot;unit&quot;:&quot;px&quot;,&quot;size&quot;:&quot;&quot;,&quot;sizes&quot;:[]},&quot;element_pack_global_tooltip_width_tablet&quot;:{&quot;unit&quot;:&quot;px&quot;,&quot;size&quot;:&quot;&quot;,&quot;sizes&quot;:[]},&quot;element_pack_global_tooltip_width_mobile&quot;:{&quot;unit&quot;:&quot;px&quot;,&quot;size&quot;:&quot;&quot;,&quot;sizes&quot;:[]},&quot;element_pack_global_tooltip_padding&quot;:{&quot;unit&quot;:&quot;px&quot;,&quot;top&quot;:&quot;&quot;,&quot;right&quot;:&quot;&quot;,&quot;bottom&quot;:&quot;&quot;,&quot;left&quot;:&quot;&quot;,&quot;isLinked&quot;:true},&quot;element_pack_global_tooltip_padding_tablet&quot;:{&quot;unit&quot;:&quot;px&quot;,&quot;top&quot;:&quot;&quot;,&quot;right&quot;:&quot;&quot;,&quot;bottom&quot;:&quot;&quot;,&quot;left&quot;:&quot;&quot;,&quot;isLinked&quot;:true},&quot;element_pack_global_tooltip_padding_mobile&quot;:{&quot;unit&quot;:&quot;px&quot;,&quot;top&quot;:&quot;&quot;,&quot;right&quot;:&quot;&quot;,&quot;bottom&quot;:&quot;&quot;,&quot;left&quot;:&quot;&quot;,&quot;isLinked&quot;:true},&quot;element_pack_global_tooltip_border_radius&quot;:{&quot;unit&quot;:&quot;px&quot;,&quot;top&quot;:&quot;&quot;,&quot;right&quot;:&quot;&quot;,&quot;bottom&quot;:&quot;&quot;,&quot;left&quot;:&quot;&quot;,&quot;isLinked&quot;:true},&quot;element_pack_global_tooltip_border_radius_tablet&quot;:{&quot;unit&quot;:&quot;px&quot;,&quot;top&quot;:&quot;&quot;,&quot;right&quot;:&quot;&quot;,&quot;bottom&quot;:&quot;&quot;,&quot;left&quot;:&quot;&quot;,&quot;isLinked&quot;:true},&quot;element_pack_global_tooltip_border_radius_mobile&quot;:{&quot;unit&quot;:&quot;px&quot;,&quot;top&quot;:&quot;&quot;,&quot;right&quot;:&quot;&quot;,&quot;bottom&quot;:&quot;&quot;,&quot;left&quot;:&quot;&quot;,&quot;isLinked&quot;:true}}\" data-elementor-post-type=\"page\">\n\t\t\t\t\t\t<section class=\"elementor-section elementor-top-section elementor-element elementor-element-9ee181d elementor-section-height-min-height elementor-section-content-middle elementor-reverse-mobile elementor-section-boxed elementor-section-height-default elementor-section-items-middle\" data-id=\"9ee181d\" data-element_type=\"section\" data-settings=\"{&quot;background_background&quot;:&quot;classic&quot;,&quot;background_motion_fx_motion_fx_scrolling&quot;:&quot;yes&quot;,&quot;background_motion_fx_blur_effect&quot;:&quot;yes&quot;,&quot;background_motion_fx_range&quot;:&quot;viewport&quot;,&quot;background_motion_fx_motion_fx_mouse&quot;:&quot;yes&quot;,&quot;background_motion_fx_mouseTrack_effect&quot;:&quot;yes&quot;,&quot;background_motion_fx_blur_direction&quot;:&quot;out-in&quot;,&quot;background_motion_fx_blur_level&quot;:{&quot;unit&quot;:&quot;px&quot;,&quot;size&quot;:7,&quot;sizes&quot;:[]},&quot;background_motion_fx_blur_range&quot;:{&quot;unit&quot;:&quot;%&quot;,&quot;size&quot;:&quot;&quot;,&quot;sizes&quot;:{&quot;start&quot;:20,&quot;end&quot;:80}},&quot;background_motion_fx_devices&quot;:[&quot;desktop&quot;,&quot;tablet&quot;,&quot;mobile&quot;],&quot;background_motion_fx_mouseTrack_speed&quot;:{&quot;unit&quot;:&quot;px&quot;,&quot;size&quot;:1,&quot;sizes&quot;:[]}}\">\n\t\t\t\t\t\t<div class=\"elementor-container elementor-column-gap-no\">\n\t\t\t\t\t<div class=\"elementor-column elementor-col-100 elementor-top-column elementor-element elementor-element-53c0e4e\" data-id=\"53c0e4e\" data-element_type=\"column\" data-settings=\"{&quot;background_background&quot;:&quot;classic&quot;}\">\n\t\t\t<div class=\"elementor-widget-wrap elementor-element-populated\">\n\t\t\t\t\t\t<div class=\"elementor-element elementor-element-d21bfa3 elementor-widget elementor-widget-heading\" data-id=\"d21bfa3\" data-element_type=\"widget\" data-widget_type=\"heading.default\">\n\t\t\t\t<div class=\"elementor-widget-container\">\n\t\t\t\t\t<h2 class=\"elementor-heading-title elementor-size-default\">GPD<br>x<br>DROIX<\/h2>\t\t\t\t<\/div>\n\t\t\t\t<\/div>\n\t\t\t\t<div class=\"elementor-element elementor-element-4bf96d9 elementor-widget elementor-widget-text-editor\" data-id=\"4bf96d9\" data-element_type=\"widget\" data-widget_type=\"text-editor.default\">\n\t\t\t\t<div class=\"elementor-widget-container\">\n\t\t\t\t\t\t\t\t\t<p>Witamy w GPD Store, miejscu, w kt\u00f3rym mo\u017cna znale\u017a\u0107 najnowocze\u015bniejsze komputery do gier przeno\u015bnych na rynku.<\/p>\n<p>Jeste\u015bmy dumnym sprzedawc\u0105 produkt\u00f3w GPD (GamePad Digital), oferuj\u0105c najnowsze i najbardziej innowacyjne urz\u0105dzenia, w tym GPD WIN 4, GPD Pocket 4, GPD Pocket 3 i wiele innych gad\u017cet\u00f3w GPD. Nasze zaanga\u017cowanie w dostarczanie najwy\u017cszej jako\u015bci wra\u017ce\u0144 z gier sprawia, \u017ce jeste\u015bmy najlepszym wyborem dla entuzjast\u00f3w poszukuj\u0105cych przeno\u015bnych urz\u0105dze\u0144. <\/p>\n<p>W GPD Store rozumiemy, \u017ce doskona\u0142e wra\u017cenia z gry wykraczaj\u0105 poza samo urz\u0105dzenie. W\u0142a\u015bnie dlatego nawi\u0105zali\u015bmy wsp\u00f3\u0142prac\u0119 z DroiX, zaufan\u0105 mark\u0105 w dziedzinie logistyki i obs\u0142ugi klienta, aby zapewni\u0107 p\u0142ynn\u0105 i bezproblemow\u0105 podr\u00f3\u017c zakupow\u0105. Od z\u0142o\u017cenia zam\u00f3wienia po otrzymanie urz\u0105dzenia i nie tylko, do\u015bwiadczenie DroiX gwarantuje bezproblemowe do\u015bwiadczenie, pozwalaj\u0105c skupi\u0107 si\u0119 na tym, co najwa\u017cniejsze &#8211; nurkowaniu w ulubionych grach.  <\/p>\n<p>Nasz\u0105 misj\u0105 w GPD Store jest dostarczanie najwy\u017cszej jako\u015bci gier przeno\u015bnych, popartych naszym niezachwianym zaanga\u017cowaniem w zadowolenie klienta. Jako entuzja\u015bci gier, doceniamy znaczenie posiadania odpowiedniego urz\u0105dzenia w r\u0119kach. Dlatego te\u017c nieustannie staramy si\u0119 oferowa\u0107 najlepsze produkty GPD na rynku, wraz z obs\u0142ug\u0105 klienta na najwy\u017cszym poziomie.  <\/p>\n<p>Robi\u0105c zakupy w GPD Store, nie kupujesz tylko urz\u0105dzenia; do\u0142\u0105czasz do spo\u0142eczno\u015bci graczy, kt\u00f3rzy ceni\u0105 sobie idealn\u0105 r\u00f3wnowag\u0119 mi\u0119dzy moc\u0105 a przeno\u015bno\u015bci\u0105. Zapraszamy do zapoznania si\u0119 z nasz\u0105 ofert\u0105 produkt\u00f3w i do\u015bwiadczenia r\u00f3\u017cnicy, jak\u0105 GPD Store ma do zaoferowania. Przygotuj si\u0119 na wy\u017cszy poziom rozgrywki razem z nami!  <\/p>\n\t\t\t\t\t\t\t\t<\/div>\n\t\t\t\t<\/div>\n\t\t\t\t\t<\/div>\n\t\t<\/div>\n\t\t\t\t\t<\/div>\n\t\t<\/section>\n\t\t\t\t<\/div>\n\t\t","protected":false},"excerpt":{"rendered":"<p>GPDxDROIX Witamy w GPD Store, miejscu, w kt\u00f3rym mo\u017cna znale\u017a\u0107 najnowocze\u015bniejsze komputery do gier przeno\u015bnych na rynku. Jeste\u015bmy dumnym sprzedawc\u0105 produkt\u00f3w GPD (GamePad Digital), oferuj\u0105c najnowsze i najbardziej innowacyjne urz\u0105dzenia, w tym GPD WIN 4, GPD Pocket 4, GPD Pocket 3 i wiele innych gad\u017cet\u00f3w GPD. Nasze zaanga\u017cowanie w dostarczanie najwy\u017cszej jako\u015bci wra\u017ce\u0144 z gier [&hellip;]<\/p>\n","protected":false},"author":1,"featured_media":0,"parent":0,"menu_order":0,"comment_status":"closed","ping_status":"closed","template":"template-fullwidth-no-heading.php","meta":{"_acf_changed":false,"footnotes":""},"class_list":["post-4383","page","type-page","status-publish","hentry"],"acf":[],"aioseo_notices":[],"_links":{"self":[{"href":"https:\/\/gpdstore.net\/pl\/wp-json\/wp\/v2\/pages\/4383","targetHints":{"allow":["GET"]}}],"collection":[{"href":"https:\/\/gpdstore.net\/pl\/wp-json\/wp\/v2\/pages"}],"about":[{"href":"https:\/\/gpdstore.net\/pl\/wp-json\/wp\/v2\/types\/page"}],"author":[{"embeddable":true,"href":"https:\/\/gpdstore.net\/pl\/wp-json\/wp\/v2\/users\/1"}],"replies":[{"embeddable":true,"href":"https:\/\/gpdstore.net\/pl\/wp-json\/wp\/v2\/comments?post=4383"}],"version-history":[{"count":0,"href":"https:\/\/gpdstore.net\/pl\/wp-json\/wp\/v2\/pages\/4383\/revisions"}],"wp:attachment":[{"href":"https:\/\/gpdstore.net\/pl\/wp-json\/wp\/v2\/media?parent=4383"}],"curies":[{"name":"wp","href":"https:\/\/api.w.org\/{rel}","templated":true}]}}