{"id":8605,"date":"2024-03-19T10:11:47","date_gmt":"2024-03-19T10:11:47","guid":{"rendered":"https:\/\/gpdstore.net\/ukategorisert\/gpd-win-4-2024-gaming-handholdt-pc\/"},"modified":"2025-12-19T16:20:49","modified_gmt":"2025-12-19T16:20:49","slug":"gpd-win-4-2024","status":"publish","type":"product","link":"https:\/\/gpdstore.net\/no\/product\/gpd-win-4-2024\/","title":{"rendered":"GPD WIN 4 2024 h\u00e5ndholdt spill-PC"},"content":{"rendered":"\n<figure class=\"wp-block-video\"><video controls=\"\" poster=\"https:\/\/gpdstore.net\/wp-content\/uploads\/2024\/03\/gpd-win4-indiegogo-time-is-here-v0-te3iiclycf5a1.webp\" src=\"https:\/\/gpdstore.net\/wp-content\/uploads\/\"><\/video><\/figure>\n\n<div class=\"wp-block-columns is-layout-flex wp-container-core-columns-is-layout-28f84493 wp-block-columns-is-layout-flex\">\n<div class=\"wp-block-column is-layout-flow wp-block-column-is-layout-flow\" style=\"flex-basis:33.33%\">\n<figure class=\"wp-block-image size-full\"><img fetchpriority=\"high\" decoding=\"async\" width=\"1000\" height=\"1000\" src=\"https:\/\/gpdstore.net\/wp-content\/uploads\/2024\/05\/GPD-WIN-4-2024-WHITE-DONE-LISTING-IMAGE-5.jpg\" alt=\"GPD WIN 4 (2024) er en h&#xE5;ndholdt spill-PC med kompakt design, med en AMD Ryzen 7 8840U CPU, AMD Radeon 780M-grafikk og opptil 4 TB SSD-lagring. Ideell for spill med h&#xF8;y ytelse og omfattende lagringsbehov.\" class=\"wp-image-1555\" srcset=\"https:\/\/gpdstore.net\/wp-content\/uploads\/2024\/05\/GPD-WIN-4-2024-WHITE-DONE-LISTING-IMAGE-5.jpg 1000w, https:\/\/gpdstore.net\/wp-content\/uploads\/2024\/05\/GPD-WIN-4-2024-WHITE-DONE-LISTING-IMAGE-5-600x600.jpg 600w, https:\/\/gpdstore.net\/wp-content\/uploads\/2024\/05\/GPD-WIN-4-2024-WHITE-DONE-LISTING-IMAGE-5-150x150.jpg 150w, https:\/\/gpdstore.net\/wp-content\/uploads\/2024\/05\/GPD-WIN-4-2024-WHITE-DONE-LISTING-IMAGE-5-768x768.jpg 768w, https:\/\/gpdstore.net\/wp-content\/uploads\/2024\/05\/GPD-WIN-4-2024-WHITE-DONE-LISTING-IMAGE-5-990x990.jpg 990w, https:\/\/gpdstore.net\/wp-content\/uploads\/2024\/05\/GPD-WIN-4-2024-WHITE-DONE-LISTING-IMAGE-5-441x441.jpg 441w, https:\/\/gpdstore.net\/wp-content\/uploads\/2024\/05\/GPD-WIN-4-2024-WHITE-DONE-LISTING-IMAGE-5-100x100.jpg 100w\" sizes=\"(max-width: 1000px) 100vw, 1000px\" \/><\/figure>\n<\/div>\n\n\n\n<div class=\"wp-block-column is-layout-flow wp-block-column-is-layout-flow\" style=\"flex-basis:66.66%\">\n<h2 class=\"wp-block-heading\">Slipp friheten l\u00f8s: M\u00f8t GPD WIN 4 2024 Ultimate Portable Gaming PC<\/h2>\n\n\n\n<p>Experience the most powerful Vita-style handheld ever built. The GPD WIN 4 2024 combines AMD Ryzen 7 8840U (Hawk Point) performance with a physical slider keyboard, allowing you to dominate AAA games and stay productive without carrying a laptop. This remarkable device combines the best of a high-performance gaming PC and the convenience of a handheld device, giving you the freedom to immerse yourself in your favourite games wherever you are.<\/p>\n<\/div>\n<\/div>\n\n<h2 class=\"wp-block-heading has-text-align-center\">Bygget for seier: Presisjonskontroller, massiv lagring og avansert kj\u00f8ling<\/h2>\n\n<div class=\"wp-block-columns is-layout-flex wp-container-core-columns-is-layout-28f84493 wp-block-columns-is-layout-flex\">\n<div class=\"wp-block-column is-layout-flow wp-block-column-is-layout-flow\">\n<figure class=\"wp-block-image size-full\"><img decoding=\"async\" src=\"https:\/\/gpdstore.net\/wp-content\/uploads\/\" alt=\"GPD Win 4 (2024) h&#xE5;ndholdt spillkonsoll i perlehvit, med en stilig og elegant design for b&#xE6;rbar spilling.\" class=\"wp-image-1557\" style=\"object-fit:cover\"\/><\/figure>\n\n\n\n<h3 class=\"wp-block-heading\"><strong><strong>Ultimativ kontroll:<\/strong> Mestring av spill med ALPS 3D-joysticks og 6-akset bevegelse.<\/strong><\/h3>\n\n\n\n<p>GPD WIN 4 2024 gir en overlegen spillopplevelse med sine ALPS 3D-styrespaker og spillknapper. Disse h\u00f8ykvalitets kontrollene gir presis input og optimal tilbakemelding, noe som sikrer n\u00f8yaktig og oppslukende spilling. Med det 6-aksede gyroskopet f\u00e5r du forbedret bevegelseskontroll, noe som gir intuitive bevegelser i kompatible spill. De doble vibrasjonsmotorene forbedrer spillopplevelsen ytterligere, og gir taktil tilbakemelding som gir et nytt niv\u00e5 av innlevelse i eventyrene dine.<strong><br\/><\/strong><br\/><\/p>\n<\/div>\n\n\n\n<div class=\"wp-block-column is-layout-flow wp-block-column-is-layout-flow\">\n<figure class=\"wp-block-image size-full\"><img decoding=\"async\" width=\"300\" height=\"300\" src=\"https:\/\/gpdstore.net\/wp-content\/uploads\/2024\/05\/078c9d42-e74f-4fb3-893b-5f22ffd9d6ed.__CR1300600600_PT0_SX300_V1___.jpg\" alt=\"GPD WIN 4 (2024) h&#xE5;ndholdt spillkonsoll utstyrt med en M.2 SSD for rask lagring og raske lastetider.\" class=\"wp-image-1558\" style=\"object-fit:cover\" srcset=\"https:\/\/gpdstore.net\/wp-content\/uploads\/2024\/05\/078c9d42-e74f-4fb3-893b-5f22ffd9d6ed.__CR1300600600_PT0_SX300_V1___.jpg 300w, https:\/\/gpdstore.net\/wp-content\/uploads\/2024\/05\/078c9d42-e74f-4fb3-893b-5f22ffd9d6ed.__CR1300600600_PT0_SX300_V1___-150x150.jpg 150w, https:\/\/gpdstore.net\/wp-content\/uploads\/2024\/05\/078c9d42-e74f-4fb3-893b-5f22ffd9d6ed.__CR1300600600_PT0_SX300_V1___-100x100.jpg 100w\" sizes=\"(max-width: 300px) 100vw, 300px\" \/><\/figure>\n\n\n\n<h3 class=\"wp-block-heading\"><strong><strong>Null forsinkelse:<\/strong> Eliminerer innlastingstider med opptil 4 TB med PCIe 4.0 SSD-lagring.<\/strong><\/h3>\n\n\n\n<p>GPD WIN 4 2024 tilbyr rikelig med lagringsmuligheter for \u00e5 im\u00f8tekomme spillbiblioteket og multimediebehovene dine. Med <a href=\"https:\/\/gpdstore.net\/no\/product-attribute\/storage-technology\/pcie-gen-4-no\/\" target=\"_blank\" rel=\"noreferrer noopener\">PCIe 4.0<\/a> M.2 2280 SSD kan du velge mellom <a href=\"https:\/\/gpdstore.net\/no\/product-attribute\/storage-capacity\/512-gb-no\/\" target=\"_blank\" rel=\"noreferrer noopener\">512 GB<\/a>, <a href=\"https:\/\/gpdstore.net\/no\/product-attribute\/storage-capacity\/2-tb\/\" target=\"_blank\" rel=\"noreferrer noopener\">2<\/a> <a href=\"https:\/\/gpdstore.net\/no\/product-attribute\/storage-capacity\/2-tb\/\">TB<\/a> eller hele <a href=\"https:\/\/gpdstore.net\/no\/product-attribute\/storage-capacity\/4-tb\/\" target=\"_blank\" rel=\"noreferrer noopener\">4 TB<\/a> lagringsplass. Denne h\u00f8yhastighets SSD-en sikrer rask datatilgang og reduserte lastetider, slik at du kan hoppe inn i favorittspillene dine uten forsinkelse. Med en s\u00e5 stor lagringskapasitet trenger du aldri \u00e5 bekymre deg for \u00e5 g\u00e5 tom for plass til den voksende samlingen av spill, filmer eller andre mediefiler.<br\/><strong><br\/><\/strong><br\/><\/p>\n<\/div>\n\n\n\n<div class=\"wp-block-column is-layout-flow wp-block-column-is-layout-flow\">\n<figure class=\"wp-block-image size-full\"><img decoding=\"async\" width=\"300\" height=\"300\" src=\"https:\/\/gpdstore.net\/wp-content\/uploads\/2024\/05\/a8eb6f30-f8ed-4e5f-8fa9-fd52740523bc.__CR1530747747_PT0_SX300_V1___.jpg\" alt=\"GPD Win 4 (2024) h&#xE5;ndholdt spillkonsoll med et avansert kj&#xF8;lesystem for effektiv varmespredning og optimal ytelse under lengre spill&#xF8;kter\" class=\"wp-image-1559\" style=\"object-fit:cover\" srcset=\"https:\/\/gpdstore.net\/wp-content\/uploads\/2024\/05\/a8eb6f30-f8ed-4e5f-8fa9-fd52740523bc.__CR1530747747_PT0_SX300_V1___.jpg 300w, https:\/\/gpdstore.net\/wp-content\/uploads\/2024\/05\/a8eb6f30-f8ed-4e5f-8fa9-fd52740523bc.__CR1530747747_PT0_SX300_V1___-150x150.jpg 150w, https:\/\/gpdstore.net\/wp-content\/uploads\/2024\/05\/a8eb6f30-f8ed-4e5f-8fa9-fd52740523bc.__CR1530747747_PT0_SX300_V1___-100x100.jpg 100w\" sizes=\"(max-width: 300px) 100vw, 300px\" \/><\/figure>\n\n\n\n<h3 class=\"wp-block-heading\"><strong><strong>Topp ytelse:<\/strong> Forhindrer struping med det 50 % mer effektive kj\u00f8lesystemet med to varmer\u00f8r.<\/strong><\/h3>\n\n\n\n<p>GPD WIN 4 2024 har et sofistikert kj\u00f8lesystem for \u00e5 sikre optimal ytelse selv under lange spill\u00f8kter. Med tykke, doble varmer\u00f8r \u00f8ker denne b\u00e6rbare spill-PC-en varmeeffektiviteten med 50 % sammenlignet med tidligere modeller. Den forbedrede varmespredningen s\u00f8rger for at enheten holder seg kj\u00f8lig under tung belastning, slik at ytelsen ikke reduseres og du kan spille jevnt og uavbrutt.<strong><br\/><\/strong><br\/><\/p>\n<\/div>\n<\/div>\n\n<h2 class=\"wp-block-heading\">GPD WIN 4 2024 Et gjennombrudd innen b\u00e6rbare spill-PC-er<\/h2>\n\n<figure class=\"wp-block-image size-large\"><img decoding=\"async\" src=\"https:\/\/gpdstore.net\/wp-content\/uploads\/\" alt=\"GPD Win 4 (2024) h&#xE5;ndholdt spillkonsoll i perlehvit, med en stilig og elegant design for b&#xE6;rbar spilling.\" class=\"wp-image-1626\"\/><\/figure>\n\n<p>Experience the pinnacle of gaming with the GPD WIN 4 2024 Handheld PC. These devices herald a new era in portable gaming PCs, offering unmatched performance, innovative design, and ultimate gaming mobility. Crafted for gamers who demand excellence, the GPD WIN 4 2024 merges desktop gaming prowess with handheld convenience. Whether you&#8217;re at home, commuting, or on the go, your favorite games are just a slide-up keyboard away. Explore the fusion of convenience and powerhouse performance, and unlock the next level of gaming with GPD WIN 4 2024.<\/p>\n\n<h2 class=\"wp-block-heading\">Produktoversikt: Portabilitet omdefinert<\/h2>\n\n<p>The GPD WIN 4 2024 Handheld Gaming PC sets a fresh benchmark in portable gaming technology. Weighing just 598g and measuring 8.6 x 3.6 x 1.1 inches, these handheld gaming PCs seamlessly fit into your hands or bag. The sleek, slide-up keyboard unveils a gaming universe, perfect for gaming on-the-go or cozy setups at home.<\/p>\n\n<h2 class=\"wp-block-heading\"><strong>Unrivaled 2024 Performance in 2025<\/strong><\/h2>\n\n<p>AVX-512 Support: The gold standard for PS3 and Xbox 360 emulation.<\/p>\n\n<p>AMD Ryzen 7 8840U: 8 Cores of Zen 4 power with integrated Ryzen AI (16 TOPS).<\/p>\n\n<p>Radeon 780M Graphics: Play the latest titles at 1080p using AFMF 2 for smooth, high-frame-rate gameplay.<\/p>\n\n<p>7500MT\/s LPDDR5x RAM: Maximum bandwidth for lag-free multitasking and superior graphics performance.<\/p>\n\n<h2 class=\"wp-block-heading\">Brukeropplevelse: Skreddersydd for spillere<\/h2>\n\n<figure class=\"wp-block-image size-full\"><img decoding=\"async\" src=\"https:\/\/gpdstore.net\/wp-content\/uploads\/\" alt=\"GPD WIN 4 (2024) h&#xE5;ndholdt spillkonsoll med GPD G1, som tilbyr forbedret spillytelse og -funksjoner.\" class=\"wp-image-1625\"\/><\/figure>\n\n<h2 class=\"wp-block-heading\"><strong>Desktop-Class Expansion<\/strong>: <strong>Native OcuLink Port<\/strong><\/h2>\n\n<p>Don&#8217;t settle for slow USB4 bottlenecks. The GPD WIN 4 2024 features a native OcuLink port, allowing a direct PCIe connection to the GPD G1 eGPU.<\/p>\n\n<p>Status: In Stock \/ Ships Worldwide within 24 Hours.<\/p>\n\n<p>Work: Slide up the screen for the backlit QWERTY keyboard.<\/p>\n\n<p>Play: Connect to a 4K monitor for a full desktop gaming experience.<\/p>\n\n<h2 class=\"wp-block-heading\">Konklusjon Frihet til \u00e5 spille<\/h2>\n\n<p>The GPD WIN 4 2024 compact gaming PCs redefine portable gaming. Fusing high-performance hardware with a portable, innovative design, they offer the ultimate gaming experience for gamers on the move. It&#8217;s not just a step forward; it&#8217;s a leap into the gaming future.<\/p>\n","protected":false},"excerpt":{"rendered":"<ul>\n<li>AMD <strong>Ryzen 7 8840U<\/strong> TDP <strong>28W<\/strong><\/li>\n<li>AMD Radeon <strong>780M<\/strong> 12 CUs \/ 2700 Mhz<\/li>\n<li><strong>32 GB LPDDR5X @ 6400 MT\/s<\/strong><\/li>\n<li>Opptil 4 <strong>TB<\/strong> <strong>h\u00f8yhastighets<\/strong> PCI-E 4.0 NVMe SSD<\/li>\n<li>St\u00f8tte for WiFi <strong>6E<\/strong> og Bluetooth <strong>5.3<\/strong> <\/li>\n<\/ul>\n<p><img loading=\"lazy\" decoding=\"async\" src=\"https:\/\/gpdstore.net\/wp-content\/uploads\/2024\/03\/WIN-4-FREE-GIFTS.jpg\" alt=\"\" width=\"2000\" height=\"500\" class=\"alignnone size-full wp-image-4175\" srcset=\"https:\/\/gpdstore.net\/wp-content\/uploads\/2024\/03\/WIN-4-FREE-GIFTS.jpg 2000w, https:\/\/gpdstore.net\/wp-content\/uploads\/2024\/03\/WIN-4-FREE-GIFTS-600x150.jpg 600w, https:\/\/gpdstore.net\/wp-content\/uploads\/2024\/03\/WIN-4-FREE-GIFTS-1200x300.jpg 1200w, https:\/\/gpdstore.net\/wp-content\/uploads\/2024\/03\/WIN-4-FREE-GIFTS-768x192.jpg 768w, https:\/\/gpdstore.net\/wp-content\/uploads\/2024\/03\/WIN-4-FREE-GIFTS-1536x384.jpg 1536w, https:\/\/gpdstore.net\/wp-content\/uploads\/2024\/03\/WIN-4-FREE-GIFTS-360x90.jpg 360w, https:\/\/gpdstore.net\/wp-content\/uploads\/2024\/03\/WIN-4-FREE-GIFTS-990x248.jpg 990w, https:\/\/gpdstore.net\/wp-content\/uploads\/2024\/03\/WIN-4-FREE-GIFTS-441x110.jpg 441w, https:\/\/gpdstore.net\/wp-content\/uploads\/2024\/03\/WIN-4-FREE-GIFTS-150x38.jpg 150w\" sizes=\"(max-width: 2000px) 100vw, 2000px\" \/><\/p>\n[cg_accordion title=\"BETALINGSINFORMASJON\"]<\/p>\n<p>Vi bruker den nyeste teknologien innen betalingsbehandling, noe som gj\u00f8r at du kan betale via debet- \/ kredittkort eller PayPal for en rask og sikker opplevelse.[\/cg_accordion]\n[cg_accordion title=\"GARANTI\"]<\/p>\n<p>2 \u00e5rs garanti fra <a href=\"https:\/\/droix.net\/\" target=\"_blank\" rel=\"nofollow noopener\">DROIX Global<\/a> for din sjelefred[\/cg_accordion]\n[cg_accordion title=\"KVALITETSSIKRING OG TESTING F\u00d8R UTSENDELSE\"]<\/p>\n<p>Sikrer kundetilfredshet p\u00e5 h\u00f8yeste standard: Hver enhet gjennomg\u00e5r strenge tester og en flerpunkts kvalitetssikringskontroll f\u00f8r den sendes ut. V\u00e5rt dedikerte team verifiserer ytelse, funksjonalitet og komponentintegritet for \u00e5 garantere at GPD-enheten din er i perfekt stand ved ankomst, slik at du kan f\u00f8le deg trygg og sikker. [\/cg_accordion]\n[cg_accordion title=\"PRISER, AVGIFTER OG FRAKT\"]<\/p>\n<p><strong><u>Merk:<\/u><\/strong><\/p>\n<ul>\n<li>Kunder i USA: Den viste prisen inkluderer IKKE SKATT eller avgifter. Ansvaret for \u00e5 fortolle og betale eventuelle tilknyttede skatter\/avgifter ligger p\u00e5 kunden. <\/li>\n<li>EU-kunder: Den viste prisen inkluderer gjeldende SKATT, som kan v\u00e6re opptil 25 % avhengig av hvilket land du bor i.<\/li>\n<li>Kunder i Canada: Den viste prisen inkluderer gjeldende avgifter, som kan inkludere 5 % GST og ytterligere provinsiell omsetningsavgift (PST), harmonisert omsetningsavgift (HST) eller Quebec Sales Tax (QST), avhengig av provinsen din.<\/li>\n<\/ul>\n<p><strong>KUN for EU-kunder:<\/strong> Express DDP (Delivered Duty Paid). Dette betyr: <\/p>\n<ul>\n<li>Alle tollavgifter og skatter er inkludert i prisen som vises p\u00e5 produktsiden.<\/li>\n<li>Du trenger ikke \u00e5 betale noen ekstra kostnader ved levering.<\/li>\n<li>I sjeldne tilfeller av tollrelaterte problemer vil v\u00e5rt team h\u00e5ndtere fortollingsprosessen p\u00e5 dine vegne for \u00e5 sikre en problemfri leveringsopplevelse.<\/li>\n<p>Viktig informasjon om retur:<\/p>\n<li>Hvis du bestemmer deg for \u00e5 returnere bestillingen eller be om refusjon, m\u00e5 du v\u00e6re oppmerksom p\u00e5 at skatter og avgifter som er betalt p\u00e5 dine vegne i henhold til DDP-vilk\u00e5rene, ikke kan refunderes.<\/li>\n<p>Se v\u00e5re <a href=\"https:\/\/droix.net\/terms-and-conditions\/\" target=\"_blank\" rel=\"nofollow noopener\">vilk\u00e5r og betingelser<\/a> for detaljert informasjon.\n<\/ul>\n<p>[\/cg_accordion]\n[cg_accordion title=\"KUNDEST\u00d8TTE\"]<\/p>\n<p>Har du et sp\u00f8rsm\u00e5l? Vi er bare en kort tekstmelding unna \u00e5 l\u00f8se problemet ditt! <\/p>\n<p>Se v\u00e5re <a href=\"https:\/\/gpdstore.net\/no\/terms-of-service\/\" target=\"_blank\" rel=\"nofollow noopener\">vilk\u00e5r og betingelser<\/a> for detaljert informasjon.\n<\/ul>\n<p>[\/cg_accordion]\n[cg_accordion title=\"HVA SOM ER INKLUDERT\"]<\/p>\n<ul>\n<li>1x GPD WIN 4 2024<\/li>\n<li>1x str\u00f8madapter<\/li>\n<li>1x USB Type-C-kabel<\/li>\n<li>1x brukerh\u00e5ndbok<\/li>\n<\/ul>\n<p>[\/cg_accordion]\n","protected":false},"featured_media":11660,"template":"","meta":{"_acf_changed":false},"product_brand":[],"product_cat":[816],"product_tag":[15934,819],"woo-feed-brand":[820],"class_list":{"0":"post-8605","1":"product","2":"type-product","3":"status-publish","4":"has-post-thumbnail","6":"product_cat-gpd-handholdt-pc-for-spilling","7":"product_tag-12xmsale-no","8":"product_tag-gpd-win-4-no","9":"product_shipping_class-premium","11":"pa_bluetooth-5-3-no","12":"pa_brand-gpd","13":"pa_display-type-corning-gorilla-glass-5-no","14":"pa_display-type-h-ips-no","15":"pa_graphics-gpu-model-radeon-780m-no","16":"pa_i-o-video-1x-oculink-no","17":"pa_i-o-video-via-1x-usb-4-0-type-c-40-gb-s","18":"pa_memory-ram-capacity-32-gb-no","19":"pa_memory-ram-technology-lpddr5x-no","20":"pa_processor-cpu-model-ryzen-7-8840u","21":"pa_storage-capacity-512-gb-no","22":"pa_storage-capacity-1-tb-no","23":"pa_storage-capacity-2-tb","24":"pa_storage-capacity-4-tb","25":"pa_storage-technology-pcie-gen-4-no","26":"pa_wi-fi-wi-fi-6e-no","27":"woo-feed-brand-gpd-no","29":"first","30":"outofstock","31":"sale","32":"taxable","33":"shipping-taxable","34":"purchasable","35":"product-type-variable","36":"has-default-attributes"},"acf":[],"aioseo_notices":[],"_links":{"self":[{"href":"https:\/\/gpdstore.net\/no\/wp-json\/wp\/v2\/product\/8605","targetHints":{"allow":["GET"]}}],"collection":[{"href":"https:\/\/gpdstore.net\/no\/wp-json\/wp\/v2\/product"}],"about":[{"href":"https:\/\/gpdstore.net\/no\/wp-json\/wp\/v2\/types\/product"}],"wp:featuredmedia":[{"embeddable":true,"href":"https:\/\/gpdstore.net\/no\/wp-json\/wp\/v2\/media\/11660"}],"wp:attachment":[{"href":"https:\/\/gpdstore.net\/no\/wp-json\/wp\/v2\/media?parent=8605"}],"wp:term":[{"taxonomy":"product_brand","embeddable":true,"href":"https:\/\/gpdstore.net\/no\/wp-json\/wp\/v2\/product_brand?post=8605"},{"taxonomy":"product_cat","embeddable":true,"href":"https:\/\/gpdstore.net\/no\/wp-json\/wp\/v2\/product_cat?post=8605"},{"taxonomy":"product_tag","embeddable":true,"href":"https:\/\/gpdstore.net\/no\/wp-json\/wp\/v2\/product_tag?post=8605"},{"taxonomy":"woo-feed-brand","embeddable":true,"href":"https:\/\/gpdstore.net\/no\/wp-json\/wp\/v2\/woo-feed-brand?post=8605"}],"curies":[{"name":"wp","href":"https:\/\/api.w.org\/{rel}","templated":true}]}}