{"id":8538,"date":"2024-01-24T17:32:18","date_gmt":"2024-01-24T17:32:18","guid":{"rendered":"https:\/\/gpdstore.net\/ukategorisert\/sd1-dokkingstasjon\/"},"modified":"2025-12-23T10:21:26","modified_gmt":"2025-12-23T10:21:26","slug":"sd1-docking-station","status":"publish","type":"product","link":"https:\/\/gpdstore.net\/no\/product\/sd1-docking-station\/","title":{"rendered":"SD1 dokkingstasjon"},"content":{"rendered":"\n<h1 class=\"wp-block-heading\"><strong>Slipp l\u00f8s det fulle potensialet i h\u00e5ndholdt spilling med SD1-dokkingstasjonen!<\/strong><\/h1>\n\n<h3 class=\"wp-block-heading\">S\u00f8ml\u00f8s spillintegrasjon til fingerspissene!<\/h3>\n\n<p>Velkommen til den ultimate nyvinningen innen tilbeh\u00f8r til h\u00e5ndholdte spill-PC-er! Vi presenterer SD1 Docking Station, som er spesielt utviklet for lidenskapelige spillere som \u00f8nsker en s\u00f8ml\u00f8s og uavbrutt spillopplevelse. Med denne toppmoderne dokkingstasjonen kan spillere forbedre funksjonene til sine h\u00e5ndholdte spill-PC-er som aldri f\u00f8r. SD1 er allsidig, fra den popul\u00e6re Steam Deck til den uts\u00f8kte AYA NEO Geek 1S, og s\u00f8rger for at den h\u00e5ndholdte favorittenheten din f\u00e5r det l\u00f8ftet den trenger. Bare dokk den, koble til med USB Type-C-kabelen, og se hvordan magien utfolder seg.    <\/p>\n\n<h3 class=\"wp-block-heading\"><strong>Ultrarask og stabil Internett-tilkobling<\/strong><\/h3>\n\n<p>Ingen flere forsinkelser. Ingen flere avbrudd. Dykk ned i spilluniverset med SD1s RJ45 Gigabit Ethernet. Med hastigheter p\u00e5 opptil 1000M s\u00f8rger denne dokkingstasjonen for at du har et forsprang i flerspillerspill, og leverer ultraresponsive spill\u00f8kter. Si farvel til frustrerende ventetid og velkommen til jevn spillinteraksjon i sanntid. N\u00e5r hvert millisekund teller, s\u00f8rger SD1 for at du alltid ligger et skritt foran.     <\/p>\n\n<h3 class=\"wp-block-heading\"><strong>Levende og skarp skjermopplevelse<\/strong><\/h3>\n\n<p>L\u00f8ft den visuelle spillopplevelsen din! SD1-dokkingstasjonen er utstyrt med en HDMI 2.0-utgang, slik at spillerne kan fordype seg i fyldig 4K-grafikk med silkemyke 60 Hz. Med en oppl\u00f8sning p\u00e5 opptil 4096 x 2160 blir hver piksel levende, og du kan leve deg inn i handlingen. Opplev spill i all sin prakt, med up\u00e5klagelig detaljrikdom, levende farger og uovertruffen klarhet.   <\/p>\n\n<h3 class=\"wp-block-heading\"><strong>Rask og effektiv str\u00f8mtilf\u00f8rsel<\/strong><\/h3>\n\n<p>Kraften til \u00e5 spille i det uendelige! SD1-dokkingsstasjonen handler ikke bare om tilkoblingsmuligheter og grafikk; den s\u00f8rger ogs\u00e5 for at spillenheten din alltid er fulladet. Med en utrolig PD-ladekapasitet p\u00e5 100 W fyller den raskt opp enheten din, slik at du aldri g\u00e5r tom for batteri i kampens hete. Spill videre i trygg forvissning om at enheten din f\u00e5r kontinuerlig str\u00f8m fra et p\u00e5litelig og raskt ladesystem.   <\/p>\n\n<h3 class=\"wp-block-heading\"><strong>Tilgang til flere porter for \u00f8kt brukervennlighet<\/strong><\/h3>\n\n<p>Allsidighet p\u00e5 sitt beste! SD1 er utstyrt med tre USB Type-A 3.0-porter, noe som gir spillere muligheten til \u00e5 koble til flere eksterne enheter. Enten det er en ekstra kontroller, et hodesett eller annet USB-basert tilbeh\u00f8r, s\u00f8rger SD1-dokkingstasjonen for at du er forberedt p\u00e5 alle spillscenarioer. Opplev raskere dataoverf\u00f8ringshastigheter og nyt et spillmilj\u00f8 uten rot.   <\/p>\n\n<h3 class=\"wp-block-heading\"><strong>Robuste og effektive tilkoblingsmuligheter<\/strong><\/h3>\n\n<p>En verden av spillmuligheter med \u00e9n enkelt kabel. SD1 utnytter kraften i USB Type-C, noe som sikrer en stabil og effektiv tilkobling mellom dokkingstasjonen og den h\u00e5ndholdte spillenheten din. Denne innovative tilkoblingsl\u00f8sningen gir ikke bare raskere dataoverf\u00f8ringshastigheter, men sikrer ogs\u00e5 universell kompatibilitet med de nyeste spillenhetene.  <\/p>\n\n<h3 class=\"wp-block-heading\"><strong>Robust konstruksjon med elegant estetikk<\/strong><\/h3>\n\n<p>SD1 er ikke bare teknisk dyktig, den er ogs\u00e5 et bevis p\u00e5 elegant design og robust konstruksjon. Den er laget av gr\u00e5 aluminium og utstr\u00e5ler en f\u00f8rsteklasses f\u00f8lelse, samtidig som den lover lang levetid. For \u00e5 sikre at dine dyrebare spillenheter alltid er beskyttet, er den utstyrt med svarte silikonputer som gir et ekstra lag med sikkerhet mot riper og utilsiktede glidninger.  <\/p>\n\n<h3 class=\"wp-block-heading\"><strong>Universell kompatibilitet: En gamer-glede!<\/strong><\/h3>\n\n<p>Kjennetegnet p\u00e5 et godt tilbeh\u00f8r er at det er tilpasningsdyktig, og SD1 briljerer p\u00e5 dette punktet. Den er designet for \u00e5 passe til et bredt spekter av h\u00e5ndholdte spill-PC-er, og s\u00f8rger for at ingen spillere blir etterlatt. Enten du eier den nyeste GPD WIN 4 2023 eller ONEXPLAYER 2, er denne dokkingstasjonen din alt-i-ett-l\u00f8sning for forbedrede spillmuligheter. Testet med Steam Deck, ROG Ally, GPD WIN 4, GPD WIN 4 2023, ONEXPLAYER 2, AYA NEO 2S, AYA NEO Geek og AYA NEO Geek 1S.   <\/p>\n\n<h3 class=\"wp-block-heading\"><strong>Avslutningsvis<\/strong><\/h3>\n\n<p>Ta steget inn i fremtiden for h\u00e5ndholdte spill med SD1 Docking Station. Det er ikke bare en dokkingstasjon; det er en opplevelse, en reise, en ny m\u00e5te \u00e5 spille p\u00e5. Med SD1-dokkingstasjonen kan du l\u00f8fte spill\u00f8ktene dine og omfavne den nye \u00e6raen for h\u00e5ndholdte spill.  <\/p>\n\n<p><\/p>\n","protected":false},"excerpt":{"rendered":"<ul>\n<li><strong>SD1 <\/strong>dokkingstasjon<\/li>\n<li>Gigabit Ethernet<\/li>\n<li>100 W PD USB-C<\/li>\n<li>HDMI-utgang<\/li>\n<li><strong>Kompatibel med<\/strong> GPD WIN 4 2024 og mange flere<\/li>\n<\/ul>\n[cg_accordion title=\"BETALINGSINFORMASJON\"]<\/p>\n<p>Vi bruker den nyeste teknologien innen betalingsbehandling, som lar deg betale via Apple Pay, Google Pay, debet- \/ kredittkortet ditt, PayPal eller BNPL-metoder som Klarna, Affirm eller AfterPay for en rask og sikker opplevelse.[\/cg_accordion]\n[cg_accordion title=\"GARANTI\"]<\/p>\n<p>2 \u00e5rs garanti fra <a href=\"https:\/\/droix.net\/\" target=\"_blank\" rel=\"nofollow noopener\">DROIX Global<\/a> for din sjelefred[\/cg_accordion]\n[cg_accordion title=\"PRISER, AVGIFTER OG FRAKT\"]<\/p>\n<p><strong><u>Merk:<\/u><\/strong><\/p>\n<ul>\n<li>Kunder i USA: Den viste prisen inkluderer IKKE SKATT eller avgifter. Ansvaret for \u00e5 fortolle og betale eventuelle tilknyttede skatter\/avgifter ligger p\u00e5 kunden. <\/li>\n<li>EU-kunder: Den viste prisen inkluderer gjeldende SKATT, som kan v\u00e6re opptil 25 % avhengig av hvilket land du bor i.<\/li>\n<li>Kunder i Canada: Den viste prisen inkluderer gjeldende avgifter, som kan inkludere 5 % GST og ytterligere provinsiell omsetningsavgift (PST), harmonisert omsetningsavgift (HST) eller Quebec Sales Tax (QST), avhengig av provinsen din.<\/li>\n<\/ul>\n<p><strong>KUN for EU-kunder:<\/strong> Express DDP (Delivered Duty Paid). Dette betyr: <\/p>\n<ul>\n<li>Alle tollavgifter og skatter er inkludert i prisen som vises p\u00e5 produktsiden.<\/li>\n<li>Du trenger ikke \u00e5 betale noen ekstra kostnader ved levering.<\/li>\n<li>I sjeldne tilfeller av tollrelaterte problemer, vil v\u00e5rt team h\u00e5ndtere fortollingsprosessen p\u00e5 dine vegne for \u00e5 sikre en problemfri levering.<\/li>\n<p>Viktig informasjon om retur:<\/p>\n<li>Hvis du bestemmer deg for \u00e5 returnere bestillingen eller be om refusjon, m\u00e5 du v\u00e6re oppmerksom p\u00e5 at skatter og avgifter som er betalt p\u00e5 dine vegne i henhold til DDP-vilk\u00e5rene, ikke kan refunderes.<\/li>\n<p>Se v\u00e5re <a href=\"https:\/\/gpdstore.net\/no\/terms-of-service\/\" target=\"_blank\" rel=\"nofollow noopener\">vilk\u00e5r og betingelser<\/a> for detaljert informasjon.\n<\/ul>\n<p>[\/cg_accordion]\n[cg_accordion title=\"KUNDEST\u00d8TTE\"]<\/p>\n<p>Har du et sp\u00f8rsm\u00e5l? Vi er bare en kort tekstmelding unna \u00e5 l\u00f8se problemet ditt!<br \/>\n[\/cg_accordion]\n[cg_accordion title=\"HVA SOM ER INKLUDERT\"]<\/p>\n<ul>\n<li>1x SD1 dokkingstasjon<\/li>\n<\/ul>\n<p>[\/cg_accordion]\n","protected":false},"featured_media":11341,"template":"","meta":{"_acf_changed":false},"product_brand":[],"product_cat":[1187],"product_tag":[14802,3157],"woo-feed-brand":[2439],"class_list":{"0":"post-8538","1":"product","2":"type-product","3":"status-publish","4":"has-post-thumbnail","6":"product_cat-tilbehor","7":"product_tag-40xmsale-no","8":"product_tag-droix-hub-no","9":"product_shipping_class-standard","11":"pa_accessory-type-dokkingstasjon","12":"pa_i-o-video-1x-hdmi-no","13":"woo-feed-brand-droix-no","15":"first","16":"outofstock","17":"sale","18":"taxable","19":"shipping-taxable","20":"purchasable","21":"product-type-simple"},"acf":[],"aioseo_notices":[],"_links":{"self":[{"href":"https:\/\/gpdstore.net\/no\/wp-json\/wp\/v2\/product\/8538","targetHints":{"allow":["GET"]}}],"collection":[{"href":"https:\/\/gpdstore.net\/no\/wp-json\/wp\/v2\/product"}],"about":[{"href":"https:\/\/gpdstore.net\/no\/wp-json\/wp\/v2\/types\/product"}],"wp:featuredmedia":[{"embeddable":true,"href":"https:\/\/gpdstore.net\/no\/wp-json\/wp\/v2\/media\/11341"}],"wp:attachment":[{"href":"https:\/\/gpdstore.net\/no\/wp-json\/wp\/v2\/media?parent=8538"}],"wp:term":[{"taxonomy":"product_brand","embeddable":true,"href":"https:\/\/gpdstore.net\/no\/wp-json\/wp\/v2\/product_brand?post=8538"},{"taxonomy":"product_cat","embeddable":true,"href":"https:\/\/gpdstore.net\/no\/wp-json\/wp\/v2\/product_cat?post=8538"},{"taxonomy":"product_tag","embeddable":true,"href":"https:\/\/gpdstore.net\/no\/wp-json\/wp\/v2\/product_tag?post=8538"},{"taxonomy":"woo-feed-brand","embeddable":true,"href":"https:\/\/gpdstore.net\/no\/wp-json\/wp\/v2\/woo-feed-brand?post=8538"}],"curies":[{"name":"wp","href":"https:\/\/api.w.org\/{rel}","templated":true}]}}