{"id":8409,"date":"2024-01-23T13:57:51","date_gmt":"2024-01-23T13:57:51","guid":{"rendered":"https:\/\/gpdstore.net\/ukategorisert\/usb-4-0-type-c-kabel\/"},"modified":"2025-12-23T10:23:11","modified_gmt":"2025-12-23T10:23:11","slug":"usb-4-0-type-c-cable","status":"publish","type":"product","link":"https:\/\/gpdstore.net\/no\/product\/usb-4-0-type-c-cable\/","title":{"rendered":"USB 4.0 Type-C-kabel"},"content":{"rendered":"\n<h3 class=\"wp-block-heading\"><strong>Forbedre tilkoblingsmulighetene med v\u00e5r banebrytende USB 4.0 Type-C-kabel<\/strong><br\/><strong>Utforsk kraften i s\u00f8ml\u00f8s tilkobling<\/strong><\/h3>\n\n<h4 class=\"wp-block-heading\"><strong>Slipp l\u00f8s potensialet i data<\/strong><\/h4>\n\n<p>Slipp l\u00f8s datapotensialet med v\u00e5r revolusjonerende USB 4.0 Type-C-kabel. Med en imponerende dataoverf\u00f8ringshastighet p\u00e5 40 Gbps s\u00f8rger den for raske filoverf\u00f8ringer, slik at du slipper problemer med forsinkede overf\u00f8ringer. <\/p>\n\n<h4 class=\"wp-block-heading\"><strong>Kompatibilitet for fremtiden<\/strong><\/h4>\n\n<p>Hold deg i forkant av teknologien med v\u00e5r kabels kompatibilitet med Thunderbolt 3 og 4. Dette garanterer problemfri integrering med de nyeste enhetene og s\u00f8rger for at tilkoblingsl\u00f8sningen din forblir oppdatert langt inn i fremtiden. <\/p>\n\n<h4 class=\"wp-block-heading\"><strong>Uovertruffen kraftlevering<\/strong><\/h4>\n\n<p>Opplev f\u00f8rsteklasses str\u00f8mforsyning med v\u00e5r USB 4.0 Type-C-kabel, som leverer enest\u00e5ende 240 W. Dette betyr raskere lading og lengre driftstid for enheten, noe som gir uavbrutt tilkobling. <\/p>\n\n<h4 class=\"wp-block-heading\"><strong>Fordyp deg i eksepsjonell visuell naturtrohet<\/strong><\/h4>\n\n<p>Fordyp deg i en verden av fantastisk klarhet med st\u00f8tte for opptil 8K ved 60 Hz. Hver detalj kommer til live med bemerkelsesverdig presisjon, noe som passer for skapere av h\u00f8yoppl\u00f8st innhold, spillere og underholdningsentusiaster. <\/p>\n\n<h4 class=\"wp-block-heading\"><strong>Innovativ skjerm for str\u00f8mforbruk<\/strong><\/h4>\n\n<p>Hold deg informert om str\u00f8mforbruket med den integrerte skjermen p\u00e5 USB-kontakten, som gir informasjon om str\u00f8mforbruket i sanntid. Overv\u00e5k str\u00f8mforbruket til enhetene dine og f\u00e5 en mer effektiv og kontrollert ladeopplevelse. <\/p>\n\n<h4 class=\"wp-block-heading\"><strong>Skreddersydde l\u00f8sninger for dine behov<\/strong><\/h4>\n\n<p>Velg den lengden som passer best til ditt oppsett, med alternativer som standardkabelen p\u00e5 0,8 m og 1,5 m, eller den L-formede kabelen, som ogs\u00e5 er tilgjengelig i 0,8 m og 1,5 m varianter. Enten du prioriterer fleksibilitet eller trenger en plassbesparende l\u00f8sning, dekker USB 4.0 Type-C-kabelen dine behov for tilkoblingsmuligheter. <\/p>\n\n<h4 class=\"wp-block-heading\"><strong>Opplev tilkoblingsmuligheter uten kompromisser<\/strong><\/h4>\n\n<p>USB 4.0 Type-C-kabelen v\u00e5r er laget med presisjon og ekspertise, og er den ultimate f\u00f8lgesvennen for teknologientusiaster, kreative fagfolk og hverdagsbrukere som krever det ypperste av tilkoblingsl\u00f8sninger. Omfavn en verden av grensel\u00f8se muligheter med USB 4.0 Type-C-kabelen. <\/p>\n","protected":false},"excerpt":{"rendered":"<ul>\n<li><strong>40 Gbps<\/strong> dataoverf\u00f8ringshastighet<\/li>\n<li>Thunderbolt <strong>3<\/strong> og <strong>4<\/strong><\/li>\n<li>Opptil <strong>240 W<\/strong> str\u00f8mforsyning<\/li>\n<li>St\u00f8tter opptil <strong>8K ved 60 Hz<\/strong> videoutgang<\/li>\n<li>Innebygd <strong>wattstyrkevisning<\/strong><\/li>\n<\/ul>\n[cg_accordion title=\"BETALINGSINFORMASJON\"]<\/p>\n<p>Vi bruker den nyeste teknologien innen betalingsbehandling, noe som gj\u00f8r at du kan betale via debet- \/ kredittkort eller PayPal for en rask og sikker opplevelse.[\/cg_accordion]\n[cg_accordion title=\"GARANTI\"]<\/p>\n<p>2 \u00e5rs garanti fra <a href=\"https:\/\/droix.net\/\" target=\"_blank\" rel=\"nofollow noopener\">DROIX Global<\/a> for din sjelefred[\/cg_accordion]\n[cg_accordion title=\"PRISER, AVGIFTER OG FRAKT\"]<\/p>\n<p><strong><u>Merk:<\/u><\/strong><\/p>\n<ul>\n<li>Kunder i USA: Den viste prisen inkluderer IKKE SKATT eller avgifter. Ansvaret for \u00e5 fortolle og betale eventuelle tilknyttede skatter\/avgifter ligger p\u00e5 kunden. <\/li>\n<li>EU-kunder: Den viste prisen inkluderer gjeldende SKATT, som kan v\u00e6re opptil 25 % avhengig av hvilket land du bor i.<\/li>\n<li>Kunder i Canada: Den viste prisen inkluderer gjeldende avgifter, som kan inkludere 5 % GST og ytterligere provinsiell omsetningsavgift (PST), harmonisert omsetningsavgift (HST) eller Quebec Sales Tax (QST), avhengig av provinsen din.<\/li>\n<\/ul>\n<p><strong>KUN for EU-kunder:<\/strong> Express DDP (Delivered Duty Paid). Dette betyr: <\/p>\n<ul>\n<li>Alle tollavgifter og skatter er inkludert i prisen som vises p\u00e5 produktsiden.<\/li>\n<li>Du trenger ikke \u00e5 betale noen ekstra kostnader ved levering.<\/li>\n<li>I sjeldne tilfeller av tollrelaterte problemer vil v\u00e5rt team h\u00e5ndtere fortollingsprosessen p\u00e5 dine vegne for \u00e5 sikre en problemfri leveringsopplevelse.<\/li>\n<p>Viktig informasjon om retur:<\/p>\n<li>Hvis du bestemmer deg for \u00e5 returnere bestillingen eller be om refusjon, m\u00e5 du v\u00e6re oppmerksom p\u00e5 at skatter og avgifter som er betalt p\u00e5 dine vegne i henhold til DDP-vilk\u00e5rene, ikke kan refunderes.<\/li>\n<p>Se v\u00e5re <a href=\"https:\/\/droix.net\/terms-and-conditions\/\" target=\"_blank\" rel=\"nofollow noopener\">vilk\u00e5r og betingelser<\/a> for detaljert informasjon.\n<\/ul>\n<p>[\/cg_accordion]\n[cg_accordion title=\"KUNDEST\u00d8TTE\"]<\/p>\n<p>Har du et sp\u00f8rsm\u00e5l? Vi er bare en kort tekstmelding unna \u00e5 l\u00f8se problemet ditt! <\/p>\n<p>Se v\u00e5re <a href=\"https:\/\/gpdstore.net\/no\/terms-of-service\/\" target=\"_blank\" rel=\"nofollow noopener\">vilk\u00e5r og betingelser<\/a> for detaljert informasjon.\n<\/ul>\n<p>[\/cg_accordion]\n[cg_accordion title=\"HVA SOM ER INKLUDERT\"]<\/p>\n<ul>\n<li>1x USB 4.0 Type-C-kabel<\/li>\n<\/ul>\n<p>[\/cg_accordion]\n","protected":false},"featured_media":10967,"template":"","meta":{"_acf_changed":false},"product_brand":[],"product_cat":[1187],"product_tag":[12595,4591],"woo-feed-brand":[2439],"class_list":{"0":"post-8409","1":"product","2":"type-product","3":"status-publish","4":"has-post-thumbnail","6":"product_cat-tilbehor","7":"product_tag-40bfsale-no","8":"product_tag-generelt-tilbehor-no","9":"product_shipping_class-low-end","10":"pa_accessory-type-kabel-no","11":"pa_i-o-video-1x-via-usb-4-0-type-c-dp-8k60hz-no","12":"woo-feed-brand-droix-no","14":"first","15":"outofstock","16":"sale","17":"taxable","18":"shipping-taxable","19":"purchasable","20":"product-type-variable","21":"has-default-attributes"},"acf":[],"aioseo_notices":[],"_links":{"self":[{"href":"https:\/\/gpdstore.net\/no\/wp-json\/wp\/v2\/product\/8409","targetHints":{"allow":["GET"]}}],"collection":[{"href":"https:\/\/gpdstore.net\/no\/wp-json\/wp\/v2\/product"}],"about":[{"href":"https:\/\/gpdstore.net\/no\/wp-json\/wp\/v2\/types\/product"}],"wp:featuredmedia":[{"embeddable":true,"href":"https:\/\/gpdstore.net\/no\/wp-json\/wp\/v2\/media\/10967"}],"wp:attachment":[{"href":"https:\/\/gpdstore.net\/no\/wp-json\/wp\/v2\/media?parent=8409"}],"wp:term":[{"taxonomy":"product_brand","embeddable":true,"href":"https:\/\/gpdstore.net\/no\/wp-json\/wp\/v2\/product_brand?post=8409"},{"taxonomy":"product_cat","embeddable":true,"href":"https:\/\/gpdstore.net\/no\/wp-json\/wp\/v2\/product_cat?post=8409"},{"taxonomy":"product_tag","embeddable":true,"href":"https:\/\/gpdstore.net\/no\/wp-json\/wp\/v2\/product_tag?post=8409"},{"taxonomy":"woo-feed-brand","embeddable":true,"href":"https:\/\/gpdstore.net\/no\/wp-json\/wp\/v2\/woo-feed-brand?post=8409"}],"curies":[{"name":"wp","href":"https:\/\/api.w.org\/{rel}","templated":true}]}}