{"id":8203,"date":"2023-11-17T17:45:40","date_gmt":"2023-11-17T17:45:40","guid":{"rendered":"https:\/\/gpdstore.net\/ukategorisert\/gpd-win-mini-gaming-handholdt-pc\/"},"modified":"2025-12-19T16:28:28","modified_gmt":"2025-12-19T16:28:28","slug":"gpd-win-mini","status":"publish","type":"product","link":"https:\/\/gpdstore.net\/no\/product\/gpd-win-mini\/","title":{"rendered":"GPD WIN Mini Gaming h\u00e5ndholdt PC"},"content":{"rendered":"\n<figure class=\"wp-block-video\"><video controls=\"\" src=\"https:\/\/gpdstore.net\/wp-content\/uploads\/\"><\/video><\/figure>\n\n<div class=\"wp-block-columns is-layout-flex wp-container-core-columns-is-layout-28f84493 wp-block-columns-is-layout-flex\">\n<div class=\"wp-block-column is-layout-flow wp-block-column-is-layout-flow\" style=\"flex-basis:33.33%\">\n<figure class=\"wp-block-image size-full\"><img fetchpriority=\"high\" decoding=\"async\" width=\"640\" height=\"640\" src=\"https:\/\/gpdstore.net\/wp-content\/uploads\/2024\/03\/4ebac7a0-58e9-47ef-a036-783efd2a5e00._CR00640640_.jpg\" alt=\"gpd win mini 2024\" class=\"wp-image-1650\" srcset=\"https:\/\/gpdstore.net\/wp-content\/uploads\/2024\/03\/4ebac7a0-58e9-47ef-a036-783efd2a5e00._CR00640640_.jpg 640w, https:\/\/gpdstore.net\/wp-content\/uploads\/2024\/03\/4ebac7a0-58e9-47ef-a036-783efd2a5e00._CR00640640_-600x600.jpg 600w, https:\/\/gpdstore.net\/wp-content\/uploads\/2024\/03\/4ebac7a0-58e9-47ef-a036-783efd2a5e00._CR00640640_-150x150.jpg 150w, https:\/\/gpdstore.net\/wp-content\/uploads\/2024\/03\/4ebac7a0-58e9-47ef-a036-783efd2a5e00._CR00640640_-441x441.jpg 441w, https:\/\/gpdstore.net\/wp-content\/uploads\/2024\/03\/4ebac7a0-58e9-47ef-a036-783efd2a5e00._CR00640640_-100x100.jpg 100w\" sizes=\"(max-width: 640px) 100vw, 640px\" \/><\/figure>\n<\/div>\n\n\n\n<div class=\"wp-block-column is-layout-flow wp-block-column-is-layout-flow\" style=\"flex-basis:66.66%\">\n<h2 class=\"wp-block-heading\"><strong>GPD WIN Mini (2023 Edition) &#8211; AMD Ryzen 7 7840U Handheld Gaming PC | 7&#8243; 120Hz LTPS Screen | 32GB\/64GB LPDDR5 | OcuLink SGLM Support &#8211; Best Value UMPC<\/strong><\/h2>\n\n\n\n<p>Why pay 2025 flagship prices? The GPD WIN Mini (2023 Edition) remains the ultimate &#8220;Silicon Sweet Spot.&#8221; Powered by the legendary AMD Ryzen 7 7840U, it delivers the perfect balance of Zen 4 power and portability for gamers who demand elite performance without the &#8220;Strix Point&#8221; premium. This Mobile Gaming PC redefines on-the-go gaming by seamlessly integrating the raw power of top-tier hardware into a form factor that comfortably nestles in the palm of your hand. Brace yourself for unparalleled gaming adventures with the GPD WIN Mini, your portal to gaming excellence in a compact, lightweight, and formidable package.<\/p>\n<\/div>\n<\/div>\n\n<h2 class=\"wp-block-heading has-text-align-center\">Presisjon m\u00f8ter b\u00e6rbarhet: GPD WIN Minis avanserte kontroller og muslingeskalldesign<\/h2>\n\n<div class=\"wp-block-columns is-layout-flex wp-container-core-columns-is-layout-28f84493 wp-block-columns-is-layout-flex\">\n<div class=\"wp-block-column is-layout-flow wp-block-column-is-layout-flow\">\n<figure class=\"wp-block-image size-full\"><img decoding=\"async\" width=\"300\" height=\"300\" src=\"https:\/\/gpdstore.net\/wp-content\/uploads\/2024\/03\/cc2489ee-271a-4803-836e-eb3326d46fd8.__CR1310638638_PT0_SX300_V1___-1.png\" alt=\"GPD Win Mini styrespaker\" class=\"wp-image-1652\" srcset=\"https:\/\/gpdstore.net\/wp-content\/uploads\/2024\/03\/cc2489ee-271a-4803-836e-eb3326d46fd8.__CR1310638638_PT0_SX300_V1___-1.png 300w, https:\/\/gpdstore.net\/wp-content\/uploads\/2024\/03\/cc2489ee-271a-4803-836e-eb3326d46fd8.__CR1310638638_PT0_SX300_V1___-1-150x150.png 150w, https:\/\/gpdstore.net\/wp-content\/uploads\/2024\/03\/cc2489ee-271a-4803-836e-eb3326d46fd8.__CR1310638638_PT0_SX300_V1___-1-100x100.png 100w\" sizes=\"(max-width: 300px) 100vw, 300px\" \/><\/figure>\n\n\n\n<h3 class=\"wp-block-heading\"><strong><strong>Null d\u00f8de soner:<\/strong> Oppn\u00e5 37,5 % bedre n\u00f8yaktighet med mini-joysticks med hall-effekt.<\/strong><\/h3>\n\n\n\n<p>De innebygde ministeystickene med hall-effekt har en nedsunket design med st\u00f8tte for \u00e5 trykke ned L3 og R3, og de er trinnl\u00f8st justerbare og superline\u00e6re. Etter kalibrering har Hall Effect-joystickene forbedret return\u00f8yaktigheten og spenningsdelingspresisjonen med henholdsvis 37,5 % og 25 % sammenlignet med standard joysticks, noe som nesten helt eliminerer sjansen for at det oppst\u00e5r d\u00f8de soner i midtpunktet. <\/p>\n<\/div>\n\n\n\n<div class=\"wp-block-column is-layout-flow wp-block-column-is-layout-flow\">\n<figure class=\"wp-block-image size-full\"><img decoding=\"async\" src=\"https:\/\/gpdstore.net\/wp-content\/uploads\/\" alt=\"GPD Win Mini L2 R2\" class=\"wp-image-1654\"\/><\/figure>\n\n\n\n<h3 class=\"wp-block-heading\"><strong><strong>Oppslukende realisme:<\/strong> Simulering av skyting og akselerasjon med line\u00e6re, analoge L2\/R2-utl\u00f8sere.<\/strong><\/h3>\n\n\n\n<p>Sammenlignet med WIN 2 har L2\/R2-utl\u00f8serne p\u00e5 WIN Mini blitt endret til line\u00e6re analoge utl\u00f8serknapper, som simulerer n\u00f8yaktig knapperesponsen under ulike intensiteter og gir mulighet for presis skyting, akselerasjon og andre operasjoner. Dette gir en mer realistisk opplevelse av de dynamiske endringene i spill, komfortabel bruk av kontrolleren og \u00f8kt innlevelse og spillbarhet i spill. <\/p>\n<\/div>\n\n\n\n<div class=\"wp-block-column is-layout-flow wp-block-column-is-layout-flow\">\n<figure class=\"wp-block-image size-full\"><img decoding=\"async\" width=\"300\" height=\"300\" src=\"https:\/\/gpdstore.net\/wp-content\/uploads\/2024\/05\/81bbfc87-3418-4c8a-90fa-bd4c521a3eba.__CR1710559559_PT0_SX300_V1___-1.png\" alt=\"GPD Win Mini SSD\" class=\"wp-image-1655\" srcset=\"https:\/\/gpdstore.net\/wp-content\/uploads\/2024\/05\/81bbfc87-3418-4c8a-90fa-bd4c521a3eba.__CR1710559559_PT0_SX300_V1___-1.png 300w, https:\/\/gpdstore.net\/wp-content\/uploads\/2024\/05\/81bbfc87-3418-4c8a-90fa-bd4c521a3eba.__CR1710559559_PT0_SX300_V1___-1-150x150.png 150w, https:\/\/gpdstore.net\/wp-content\/uploads\/2024\/05\/81bbfc87-3418-4c8a-90fa-bd4c521a3eba.__CR1710559559_PT0_SX300_V1___-1-65x65.png 65w, https:\/\/gpdstore.net\/wp-content\/uploads\/2024\/05\/81bbfc87-3418-4c8a-90fa-bd4c521a3eba.__CR1710559559_PT0_SX300_V1___-1-100x100.png 100w\" sizes=\"(max-width: 300px) 100vw, 300px\" \/><\/figure>\n\n\n\n<h3 class=\"wp-block-heading\"><strong><strong>Null forsinkelse: Eliminerer innlastingstider med opptil 4 TB med PCIe 4.0 SSD-lagring.<\/strong><\/strong><\/h3>\n\n\n\n<p>AMD Ryzen 7 7840U st\u00f8tter PCIe Gen4-spesifikasjonen med en teoretisk maksimal gjennomstr\u00f8mning p\u00e5 opptil 7,877 GB\/s. Den offisielle konfigurasjonen inkluderer en 512 GB til 2 TB WD SN740 M.2 2230 SSD (PCIe Gen4), med en m\u00e5lt sekvensiell lese- og skrivehastighet p\u00e5 opptil 5150 MB\/s, og den kan utvides uten begrensninger.  <br\/><\/p>\n<\/div>\n<\/div>\n\n<h2 class=\"wp-block-heading has-text-align-center\">Frigj\u00f8r det fulle potensialet: Tilkobling, tilpasning og \u00f8kosystem<\/h2>\n\n<div class=\"wp-block-columns is-layout-flex wp-container-core-columns-is-layout-28f84493 wp-block-columns-is-layout-flex\">\n<div class=\"wp-block-column is-layout-flow wp-block-column-is-layout-flow\" style=\"flex-basis:33.33%\">\n<figure class=\"wp-block-image size-full\"><img loading=\"lazy\" decoding=\"async\" width=\"300\" height=\"300\" src=\"https:\/\/gpdstore.net\/wp-content\/uploads\/2024\/03\/49ca9adf-2d79-4de3-8125-bfa7036712ac.__CR00742742_PT0_SX300_V1___.png\" alt=\"65W\" class=\"wp-image-1656\" srcset=\"https:\/\/gpdstore.net\/wp-content\/uploads\/2024\/03\/49ca9adf-2d79-4de3-8125-bfa7036712ac.__CR00742742_PT0_SX300_V1___.png 300w, https:\/\/gpdstore.net\/wp-content\/uploads\/2024\/03\/49ca9adf-2d79-4de3-8125-bfa7036712ac.__CR00742742_PT0_SX300_V1___-150x150.png 150w, https:\/\/gpdstore.net\/wp-content\/uploads\/2024\/03\/49ca9adf-2d79-4de3-8125-bfa7036712ac.__CR00742742_PT0_SX300_V1___-65x65.png 65w, https:\/\/gpdstore.net\/wp-content\/uploads\/2024\/03\/49ca9adf-2d79-4de3-8125-bfa7036712ac.__CR00742742_PT0_SX300_V1___-100x100.png 100w\" sizes=\"(max-width: 300px) 100vw, 300px\" \/><\/figure>\n<\/div>\n\n\n\n<div class=\"wp-block-column is-layout-flow wp-block-column-is-layout-flow\" style=\"flex-basis:66.66%\">\n<h3 class=\"wp-block-heading\"><br\/><br\/>Type-C-port med full funksjonalitet<\/h3>\n\n\n\n<p>N\u00e5r USB4-porten brukes, kan WIN Mini fortsatt lade og overf\u00f8re lyd, video og data via denne fullverdige Type-C-porten med en b\u00e5ndbredde p\u00e5 10 Gbps (USB 3.2 Gen 2) og st\u00f8tte for en ekstern 8K@60Hz-skjerm.<\/p>\n<\/div>\n<\/div>\n\n<h2 class=\"wp-block-heading\"><strong>Slipp l\u00f8s uovertruffen prosesseringsevne: AMD Ryzen-dominans<\/strong><\/h2>\n\n<p>Zen 4 Performance: The Legendary 7840U &#8220;Phoenix&#8221;<\/p>\n\n<p>The Emulation King: Native AVX-512 support makes the 7840U faster than many newer chips for PS3 (RPCS3) and Xbox 360 (Xenia) emulation.<\/p>\n\n<p>Radeon 780M + AFMF 2: Boost your frame rates in AAA titles like <em>Cyberpunk 2077<\/em> using the latest AMD Fluid Motion Frames software.<\/p>\n\n<p>64GB LPDDR5 Power: One of the few ultra-portables offering massive RAM configurations for heavy multitasking and virtualization.<\/p>\n\n<p>This Portable Gaming PC fearlessly tackles the most demanding gaming titles and resource-intensive applications, showcasing unparalleled prowess. Immerse yourself in seamless multitasking, accelerated load times, and ultra-smooth gameplay as you traverse the expansive gaming universe on the go.<\/p>\n\n<p>The AMD Ryzen 7 7840U remains a fan favorite in 2025 for its incredible efficiency-to-power ratio.<\/p>\n\n<h2 class=\"wp-block-heading\"><strong>L\u00f8fter det visuelle utover virkeligheten: AMD Radeon-grafikk<\/strong><\/h2>\n\n<p>Unn deg spillopplevelser som overg\u00e5r virkeligheten, takket v\u00e6re AMD Radeon-grafikken i GPD WIN Mini. <g id=\"gid_0\">AMD Radeon 780M<\/g> (7840U-modellen), med 12 beregningsenheter og klokkehastigheter p\u00e5 opptil 2700 MHz, eller AMD Radeon 760M (7640U-modellen) med 8 beregningsenheter og klokkehastigheter p\u00e5 opptil 2600 MHz, leverer fantastisk naturtro grafikk og ultraresponsive framerates. Fordyp deg i frodige landskap, realistiske milj\u00f8er og eksplosiv action, alt presentert p\u00e5 det h\u00e5ndflatestore lerretet til dette b\u00e6rbare spillvidunderet.  <\/p>\n\n<h2 class=\"wp-block-heading\"><strong>Uendelig minne og lagringsplass: Kraftfull ytelse<\/strong><\/h2>\n\n<p>Nekt \u00e5 g\u00e5 p\u00e5 kompromiss n\u00e5r det gjelder minne og lagringsplass. GPD WIN Mini har to RAM-alternativer: svimlende 64 GB <a href=\"https:\/\/en.wikipedia.org\/wiki\/LPDDR\">LPDDR5<\/a> 6400 MT\/s med 7840U-modellen, eller robuste 16 GB LPDDR5 6400 MT\/s med 7640U-modellen. Det sikrer at du er rustet til \u00e5 h\u00e5ndtere de mest intensive multitasking-scenarioene s\u00f8ml\u00f8st. Med lagringsalternativer p\u00e5 opptil kolossale 2 TB PCIe 4.0 x 4 NVMe 1.3\/1.4 kan du glede deg over rikelig med plass til ditt omfattende spillbibliotek, multimediefiler og mye mer. Ingen flere kompromisser, bare ren kraft til fingerspissene.    <\/p>\n\n<h2 class=\"wp-block-heading\"><strong>Forh\u00f8yet visuell mestring: Avduking av 7-tommers 120 Hz spillskjerm med h\u00f8y oppdateringsfrekvens<\/strong><\/h2>\n\n<p>Kast deg ut i en verden av visuell perfeksjon med den revolusjonerende 7-tommers spillskjermen, en symfoni av LTPS-teknologi og en fantastisk h\u00f8y oppdateringsfrekvens p\u00e5 120 Hz. Skjermen er innkapslet i sjette generasjons Corning Gorilla Glass og imponerer med lavere responstid, mens AF+AR-antirefleksbelegget s\u00f8rger for en refleksjonsfri skjerm med en str\u00e5lende lysstyrke p\u00e5 500 nit. En 1080P-oppl\u00f8sning gjengir hver eneste piksel, og muligheten til \u00e5 veksle mellom 60 Hz og 120 Hz oppdateringsfrekvens gir deg en visuell opplevelse. Ved 314PPI konvergerer skarphet og innlevelse, og innovasjonen tar ikke slutt &#8211; DC-dimming s\u00f8rger for flimmerfri nytelse av spillverdenens underverker.   <\/p>\n\n<h2 class=\"wp-block-heading\"><strong>Turbolad GPD WIN Mini med GPD G1 eGPU-dokkstasjonen<\/strong><\/h2>\n\n<p>GPD G1 eGPU Docking Station med grafikkort omdefinerer spillytelsen med sin AMD Radeon RX 7600M XT GPU med RDNA 3.0-arkitektur, som gir fantastisk grafikk og jevn spilling. Med 8 GB GDDR6 RAM blir multitasking s\u00f8ml\u00f8st, og lynraske innlastingstider l\u00f8fter spillopplevelsen din. <g id=\"gid_0\">OCuLink-<\/g> og USB 4-kompatibiliteten sikrer allsidige tilkoblingsmuligheter p\u00e5 tvers av enheter, inkludert GPD WIN Mini, mens flere grafikk- og videoporter gj\u00f8r det mulig \u00e5 koble til tre eksterne skjermer for et oppslukende oppsett. Det aktive kj\u00f8lesystemet p\u00e5 GPD G1 s\u00f8rger for optimal ytelse under intense \u00f8kter.   <\/p>\n\n<h2 class=\"wp-block-heading\"><strong>Spillkontroller: En revolusjon innen presisjon<\/strong><\/h2>\n\n<p>GPD WIN Mini l\u00f8fter spillkontrollene til neste niv\u00e5. Doble Hall Effect Joysticks gir presis og responsiv input, mens den uendelige, ultraline\u00e6re designen eliminerer d\u00f8de soner og s\u00f8rger for at hver bevegelse teller. L3\/R3-funksjonaliteten gir et ekstra lag med kontroll n\u00e5r den trykkes ned. Linear Analog Trigger L2- og R2-knappene har uovertruffen f\u00f8lsomhet, slik at du kan finjustere handlingene dine. Med de programmerbare makroknappene, den klassiske D-paden og menyknappene kan du tilpasse spillopplevelsen ned til minste detalj.    <\/p>\n\n<h2 class=\"wp-block-heading\"><strong>Forbedret inndataopplevelse: Tastatur og pekeplate i toppklasse<\/strong><\/h2>\n\n<p>Den h\u00e5ndholdte spilldatamaskinen GPD WIN Mini har et komplett QWERTY-tastatur med saksebryter og bakgrunnsbelysning, og er mer enn bare en spillcomputer. Den forvandles til et produktivt kraftverk n\u00e5r du er p\u00e5 farten, slik at du s\u00f8ml\u00f8st kan veksle mellom arbeid og lek. Den presise styreplaten, med st\u00f8tte for opptil fire fingerbevegelser, gir deg et nytt niv\u00e5 av kontroll, enten du navigerer i menyer eller redigerer dokumenter. Denne b\u00e6rbare spill-PC-en handler ikke bare om spilling; den handler om \u00e5 forbedre hele den b\u00e6rbare databehandlingsopplevelsen din.   <\/p>\n\n<h2 class=\"wp-block-heading\"><strong>Oppslukende audiovisuelt materiale: DTS:X Ultra-lydeffekter<\/strong><\/h2>\n\n<p>Gj\u00f8r deg klar for en oppslukende audiovisuell opplevelse som overg\u00e5r alle forventninger. GPD WIN Mini har to innebygde hyperline\u00e6re h\u00f8yttalere som suppleres av <a href=\"DTS:X%20Ultra%20Sound%20Effects\">DTS:X Ultra Sound Effects.<\/a> Disse effektene simulerer lydopplevelsen av et fysisk 7.1-kanaloppsett, og omslutter deg med hver eneste lyd, enten det er rasling av l\u00f8v eller eksplosivt dr\u00f8nn av skudd. Med st\u00f8tte for hodetelefoner og h\u00f8yttalere er du garantert et auditivt eventyr som matcher det visuelle skuespillet.   <\/p>\n\n<h2 class=\"wp-block-heading\"><strong>Tilkoblingsmuligheter utover alle grenser: Wi-Fi 6 og Bluetooth 5.2<\/strong><\/h2>\n\n<p>Hold kontakten uansett hvor spillreisen tar deg. GPD WIN Mini st\u00f8tter Wi-Fi 6 IEEE 802.11 a\/b\/g\/n\/ac\/ax med st\u00f8tte for 2,4G\/5G dobbelt frekvensb\u00e5nd og en maksimal overf\u00f8ringshastighet p\u00e5 2402 Mbps med to kanaler. Dette sikrer problemfri spilling p\u00e5 nettet, raske nedlastinger og s\u00f8ml\u00f8s str\u00f8mming. Med Bluetooth 5.2 kan du enkelt koble til eksterne enheter, hodetelefoner og mer, noe som gj\u00f8r denne kompakte spill-PC-en til ditt ultimate mobile spillsenter.   <\/p>\n\n<h2 class=\"wp-block-heading\"><strong>Allsidige I\/O-grensesnitt: USB4 og USB 3.2 Gen 2 Type-C<\/strong><\/h2>\n\n<p>GPD WIN Mini er utstyrt med et bredt utvalg av I\/O-grensesnitt, inkludert en lynrask USB4-port med hastigheter p\u00e5 opptil 40 Gbps. I tillegg gir USB 3.2 Gen 2 Type-C-porten hastigheter p\u00e5 opptil 10 Gbps, noe som sikrer lynrask dataoverf\u00f8ring og smidig tilkobling av periferiutstyr. OCuLink-porten (SFF-8612) gj\u00f8r denne b\u00e6rbare spillcomputeren enda mer allsidig, og gj\u00f8r den til et knutepunkt for alle dine tilkoblingsbehov.  <\/p>\n\n<h2 class=\"wp-block-heading\"><strong>Utvidbar lagringsplass: microSD-spor for ekstra bekvemmelighet<\/strong><\/h2>\n\n<p>GPD WIN Mini stopper ikke ved rikelig med intern lagringsplass. Den har et microSD-spor med SD 3.0-protokoll, st\u00f8tte for UHS-I-bussgrensesnitt, Video Speed Class V30 og imponerende I\/O-ytelse. Med en teoretisk lesehastighet p\u00e5 160 MB\/s og skrivehastighet p\u00e5 120 MB\/s kan du enkelt utvide lagringsplassen n\u00e5r du er p\u00e5 farten. Kompatibel med microSDHC-, microSDXC- og microSDUC-kort, slik at du kan ta med deg medier, dokumenter og filer p\u00e5 en enkel m\u00e5te.   <\/p>\n\n<h2 class=\"wp-block-heading\"><strong>Lengre spill\u00f8kter: Batteri med lang levetid<\/strong><\/h2>\n\n<p>Spill i lengre tid uten \u00e5 bekymre deg for \u00e5 g\u00e5 tom for batteri. GPD WIN Mini er utstyrt med et 44,24 Wh litiumpolymerbatteri som tilpasser seg bruken din. Enten du er oppslukt i tunge spill\u00f8kter eller trenger \u00e5 utf\u00f8re arbeidsoppgaver, vil batterilevetiden ikke skuffe deg. Opplev opptil 3 timer med tung bruk, 6-8 timer med moderat bruk eller imponerende 14 timer med lett bruk, avhengig av ditt spesifikke bruksscenario.   <\/p>\n\n<h2 class=\"wp-block-heading\"><strong>Laget for eleganse: Rustfarget muslingeskalldesign<\/strong><\/h2>\n\n<p>GPD WIN Mini er ikke bare et kraftverk n\u00e5r det gjelder ytelse; den er ogs\u00e5 et mesterverk n\u00e5r det gjelder design. Det rustfargede muslingeskalldesignet, som er laget av en f\u00f8rsteklasses aluminiumslegering, utstr\u00e5ler ikke bare eleganse, men sikrer ogs\u00e5 holdbarhet. Det kompakte formatet p\u00e5 6,6 x 4,2 x 1,02 tommer (16,8\u00d710,9\u00d72,6 cm) og en vekt p\u00e5 bare 520 g gj\u00f8r den enkel \u00e5 putte i vesken eller lommen, slik at du alltid har spillkvalitet innen rekkevidde.  <\/p>\n\n<h2 class=\"wp-block-heading\"><strong>Hvorfor du b\u00f8r velge GPD WIN Mini<\/strong><\/h2>\n\n<p>GPD WIN Mini Portable Gaming PC er ikke bare en spillmaskin; den er et b\u00e6rbart kraftverk som garanterer kompromissl\u00f8s ytelse, eksepsjonell allsidighet og en oppslukende spillopplevelse som overg\u00e5r forventningene. Med f\u00f8rsteklasses maskinvare, gjennomtenkt design og en formfaktor som omdefinerer b\u00e6rbarhet, er denne kompakte spill-PC-en din inngangsport til storspill p\u00e5 farten. L\u00f8ft spilllivsstilen din med GPD WIN Mini, og legg ut p\u00e5 en reise som visker ut grensene mellom virkelighet og virtuelle verdener.  <\/p>\n\n<h3 class=\"wp-block-heading\"><strong>Order Your GPD WIN Mini \u2013 In Stock &amp; Ready to Ship<\/strong><\/h3>\n\n<p>Secure the best-value ultra-portable on the market. Get flagship power without the flagship price tag.<\/p>\n\n<ul class=\"wp-block-list\">\n<li>Authentic GPD Product: Guaranteed genuine Zen 4 hardware.<\/li>\n\n\n\n<li>12-Month Official Warranty: Full support for your high-performance investment.<\/li>\n\n\n\n<li>Global Express Shipping: Tracked and insured delivery to your door.<\/li>\n<\/ul>\n\n<p>Utforsk hele v\u00e5r anmeldelse av GPD WIN Mini <a href=\"https:\/\/droix.net\/blogs\/gpd-win-mini-review\/\">her.<\/a> Er du interessert i GPD G1 eGPU-dokkingstasjonen for \u00e5 forbedre spillytelsen din? Dykk ned i v\u00e5r grundige anmeldelse av GPD G1 eGPU-dokkingstasjonen <a href=\"https:\/\/droix.net\/blogs\/gpd-g1-egpu-docking-station-review\/\">her.<\/a><\/p>\n","protected":false},"excerpt":{"rendered":"<ul>\n<li>PROSESSOR: AMD Ryzen 5 \/ 7<strong> 7640U \/ 7840U <\/strong> <\/li>\n<li>GPU: AMD Radeon<strong> 760M \/ 780M<\/strong><\/li>\n<li>RAM: opptil<strong> 64 GB LPDDR5 @ 6400 MT\/s<\/strong><\/li>\n<li>OPPBEVARING: opptil<strong> 2 TB<\/strong> <strong>Gen 4<\/strong> PCI-E NVMe SSD<\/li>\n<li>TILKOBLING: St\u00f8tte for Wi-Fi<strong> 6<\/strong> og Bluetooth <strong>5.2<\/strong> <\/li>\n<\/ul>\n[cg_accordion title=\"BETALINGSINFORMASJON\"]<\/p>\n<p>Vi bruker den nyeste teknologien innen betalingsbehandling, noe som gj\u00f8r at du kan betale via debet- \/ kredittkort eller PayPal for en rask og sikker opplevelse.[\/cg_accordion]\n[cg_accordion title=\"GARANTI\"]<\/p>\n<p>2 \u00e5rs garanti fra <a href=\"https:\/\/droix.net\/\" target=\"_blank\" rel=\"nofollow noopener\">DROIX Global<\/a> for din sjelefred[\/cg_accordion]\n[cg_accordion title=\"KVALITETSSIKRING OG TESTING F\u00d8R UTSENDELSE\"]<\/p>\n<p>Sikrer kundetilfredshet p\u00e5 h\u00f8yeste standard: Hver enhet gjennomg\u00e5r strenge tester og en flerpunkts kvalitetssikringskontroll f\u00f8r den sendes ut. V\u00e5rt dedikerte team verifiserer ytelse, funksjonalitet og komponentintegritet for \u00e5 garantere at GPD-enheten din er i perfekt stand ved ankomst, slik at du kan f\u00f8le deg trygg og sikker. [\/cg_accordion]\n[cg_accordion title=\"PRISER, AVGIFTER OG FRAKT\"]<\/p>\n<p><strong><u>Merk:<\/u><\/strong><\/p>\n<ul>\n<li>Kunder i USA: Den viste prisen inkluderer IKKE SKATT eller avgifter. Ansvaret for \u00e5 fortolle og betale eventuelle tilknyttede skatter\/avgifter ligger p\u00e5 kunden. <\/li>\n<li>EU-kunder: Den viste prisen inkluderer gjeldende SKATT, som kan v\u00e6re opptil 25 % avhengig av hvilket land du bor i.<\/li>\n<li>Kunder i Canada: Den viste prisen inkluderer gjeldende avgifter, som kan inkludere 5 % GST og ytterligere provinsiell omsetningsavgift (PST), harmonisert omsetningsavgift (HST) eller Quebec Sales Tax (QST), avhengig av provinsen din.<\/li>\n<\/ul>\n<p><strong>KUN for EU-kunder:<\/strong> Express DDP (Delivered Duty Paid). Dette betyr: <\/p>\n<ul>\n<li>Alle tollavgifter og skatter er inkludert i prisen som vises p\u00e5 produktsiden.<\/li>\n<li>Du trenger ikke \u00e5 betale noen ekstra kostnader ved levering.<\/li>\n<li>I sjeldne tilfeller av tollrelaterte problemer vil v\u00e5rt team h\u00e5ndtere fortollingsprosessen p\u00e5 dine vegne for \u00e5 sikre en problemfri leveringsopplevelse.<\/li>\n<p>Viktig informasjon om retur:<\/p>\n<li>Hvis du bestemmer deg for \u00e5 returnere bestillingen eller be om refusjon, m\u00e5 du v\u00e6re oppmerksom p\u00e5 at skatter og avgifter som er betalt p\u00e5 dine vegne i henhold til DDP-vilk\u00e5rene, ikke kan refunderes.<\/li>\n<p>Se v\u00e5re <a href=\"https:\/\/droix.net\/terms-and-conditions\/\" target=\"_blank\" rel=\"nofollow noopener\">vilk\u00e5r og betingelser<\/a> for detaljert informasjon.\n<\/ul>\n<p>[\/cg_accordion]\n[cg_accordion title=\"KUNDEST\u00d8TTE\"]<\/p>\n<p>Har du et sp\u00f8rsm\u00e5l? Vi er bare en kort tekstmelding unna \u00e5 l\u00f8se problemet ditt! <\/p>\n<p>Se v\u00e5re <a href=\"https:\/\/gpdstore.net\/no\/terms-of-service\/\" target=\"_blank\" rel=\"nofollow noopener\">vilk\u00e5r og betingelser<\/a> for detaljert informasjon.\n<\/ul>\n<p>[\/cg_accordion]\n[cg_accordion title=\"HVA SOM ER INKLUDERT\"]<\/p>\n<ul>\n<li>1x GPD WIN Mini<\/li>\n<li>1x USB-C-kabel<\/li>\n<li>1x str\u00f8mkontakt<\/li>\n<li>1x b\u00e6restropp<\/li>\n<li>1x USB C &gt; A-omformer<\/li>\n<li>1x brukerveiledning<\/li>\n<\/ul>\n<p>[\/cg_accordion]\n","protected":false},"featured_media":10505,"template":"","meta":{"_acf_changed":false},"product_brand":[],"product_cat":[816],"product_tag":[16892,4415],"woo-feed-brand":[820],"class_list":{"0":"post-8203","1":"product","2":"type-product","3":"status-publish","4":"has-post-thumbnail","6":"product_cat-gpd-handholdt-pc-for-spilling","7":"product_tag-13xmsale-no","8":"product_tag-gpd-win-mini-no","9":"product_shipping_class-premium","10":"pa_bluetooth-5-2-no","11":"pa_brand-gpd","12":"pa_graphics-gpu-model-radeon-760m-no","13":"pa_graphics-gpu-model-intel-iris-xe-grafikk","14":"pa_i-o-video-1x-oculink-no","15":"pa_i-o-video-via-1x-usb-3-2-gen-2-type-c-no","16":"pa_i-o-video-via-1x-usb-4-0-type-c-40-gb-s","17":"pa_memory-ram-capacity-16-gb-no","18":"pa_memory-ram-capacity-32-gb-no","19":"pa_memory-ram-capacity-64-gb-no","20":"pa_memory-ram-technology-lpddr5-no","21":"pa_processor-cpu-model-amd-ryzen-5-7640u","22":"pa_processor-cpu-model-amd-ryzen-7-7840u","23":"pa_storage-capacity-512-gb-no","24":"pa_storage-capacity-1-tb-no","25":"pa_storage-capacity-4-tb","26":"pa_storage-technology-pcie-gen-4-no","27":"pa_wi-fi-wi-fi-6-no","28":"woo-feed-brand-gpd-no","30":"first","31":"outofstock","32":"sale","33":"taxable","34":"shipping-taxable","35":"purchasable","36":"product-type-variable","37":"has-default-attributes"},"acf":[],"aioseo_notices":[],"_links":{"self":[{"href":"https:\/\/gpdstore.net\/no\/wp-json\/wp\/v2\/product\/8203","targetHints":{"allow":["GET"]}}],"collection":[{"href":"https:\/\/gpdstore.net\/no\/wp-json\/wp\/v2\/product"}],"about":[{"href":"https:\/\/gpdstore.net\/no\/wp-json\/wp\/v2\/types\/product"}],"wp:featuredmedia":[{"embeddable":true,"href":"https:\/\/gpdstore.net\/no\/wp-json\/wp\/v2\/media\/10505"}],"wp:attachment":[{"href":"https:\/\/gpdstore.net\/no\/wp-json\/wp\/v2\/media?parent=8203"}],"wp:term":[{"taxonomy":"product_brand","embeddable":true,"href":"https:\/\/gpdstore.net\/no\/wp-json\/wp\/v2\/product_brand?post=8203"},{"taxonomy":"product_cat","embeddable":true,"href":"https:\/\/gpdstore.net\/no\/wp-json\/wp\/v2\/product_cat?post=8203"},{"taxonomy":"product_tag","embeddable":true,"href":"https:\/\/gpdstore.net\/no\/wp-json\/wp\/v2\/product_tag?post=8203"},{"taxonomy":"woo-feed-brand","embeddable":true,"href":"https:\/\/gpdstore.net\/no\/wp-json\/wp\/v2\/woo-feed-brand?post=8203"}],"curies":[{"name":"wp","href":"https:\/\/api.w.org\/{rel}","templated":true}]}}