{"id":808700,"date":"2024-11-21T09:56:41","date_gmt":"2024-11-21T09:56:41","guid":{"rendered":"https:\/\/gpdstore.net\/?post_type=product&#038;p=808700"},"modified":"2025-12-23T10:03:49","modified_gmt":"2025-12-23T10:03:49","slug":"gpd-duo-protective-case","status":"publish","type":"product","link":"https:\/\/gpdstore.net\/no\/product\/gpd-duo-protective-case\/","title":{"rendered":"GPD DUO beskyttelsesveske"},"content":{"rendered":"\n<p>Beskytt din GPD DUO med stil med det <strong>offisielle GPD DUO-beskyttelsesetuiet<\/strong>. Dette elegante og slitesterke etuiet er designet eksklusivt for GPD DUO, og tilbyr den perfekte kombinasjonen av funksjonalitet og beskyttelse. Enten du pendler, er p\u00e5 reise eller bare oppbevarer enheten, s\u00f8rger dette etuiet for at GPD DUO forblir trygg og sikker.  <\/p>\n\n<p>Etuiet har et <strong>robust ytre i stoff<\/strong> som beskytter enheten mot ytre skader, og et <strong>mykt, polstret indre<\/strong> som beskytter mot riper og st\u00f8t. Det kompakte designet gj\u00f8r at GPD DUO lett f\u00e5r plass til GPD DUO, samtidig som det er plass til viktig tilbeh\u00f8r. <\/p>\n\n<p>Vesken er utstyrt med <strong>doble h\u00e5ndtak<\/strong> for enkel b\u00e6ring og en <strong>justerbar skulderrem<\/strong>, slik at du kan b\u00e6re den p\u00e5 den m\u00e5ten som passer deg best. Den lette konstruksjonen gj\u00f8r den ideell for brukere som er p\u00e5 farten og \u00f8nsker p\u00e5litelig beskyttelse uten un\u00f8dvendig masse. <\/p>\n\n<h3 class=\"wp-block-heading\"><strong>N\u00f8kkelfunksjoner:<\/strong><\/h3>\n\n<ul class=\"wp-block-list\">\n<li>Offisielt GPD-produkt utviklet spesielt for GPD DUO<\/li>\n\n\n\n<li>Slitesterkt stoff p\u00e5 utsiden for bedre beskyttelse<\/li>\n\n\n\n<li>Myk, polstret innside som beskytter enheten din mot riper og st\u00f8t<\/li>\n\n\n\n<li>Doble h\u00e5ndtak og justerbar skulderrem for allsidige b\u00e6realternativer<\/li>\n\n\n\n<li>Kompakt og lett design for maksimal b\u00e6rbarhet<\/li>\n<\/ul>\n\n<p>Ta med deg GPD DUO hvor som helst, vel vitende om at den er beskyttet av et etui som kombinerer praktisk funksjonalitet, holdbarhet og stil.<\/p>\n\n<p><\/p>\n","protected":false},"excerpt":{"rendered":"<ul>\n<li>Offisielt <strong>GPD-produkt<\/strong> <\/li>\n<li>Utviklet spesielt for <strong>GPD DUO<\/strong><\/li>\n<li>Slitesterkt stoff p\u00e5 utsiden for bedre beskyttelse<\/li>\n<li>Myk, polstret innside for \u00e5 forhindre riper og st\u00f8t<\/li>\n<li>Inkluderer b\u00e5de doble h\u00e5ndtak og en justerbar skulderrem for allsidige b\u00e6realternativer<\/li>\n<\/ul>\n[cg_accordion title=\"BETALINGSINFORMASJON\"]<\/p>\n<p>Vi bruker den nyeste teknologien innen betalingsbehandling, som lar deg betale via Apple Pay, Google Pay, debet- \/ kredittkortet ditt, PayPal eller BNPL-metoder som Klarna, Affirm eller AfterPay for en rask og sikker opplevelse.[\/cg_accordion]\n[cg_accordion title=\"GARANTI\"]<\/p>\n<p>2 \u00e5rs garanti fra <a href=\"https:\/\/droix.net\/\" target=\"_blank\" rel=\"nofollow noopener\">DROIX Global<\/a> for din sjelefred[\/cg_accordion]\n[cg_accordion title=\"PRISER, AVGIFTER OG FRAKT\"]<\/p>\n<p><strong><u>Merk:<\/u><\/strong><\/p>\n<ul>\n<li>Kunder i USA: Den viste prisen inkluderer IKKE SKATT eller avgifter. Ansvaret for \u00e5 fortolle og betale eventuelle tilknyttede skatter\/avgifter ligger p\u00e5 kunden. <\/li>\n<li>EU-kunder: Den viste prisen inkluderer gjeldende SKATT, som kan v\u00e6re opptil 25 % avhengig av hvilket land du bor i.<\/li>\n<li>Kunder i Canada: Den viste prisen inkluderer gjeldende avgifter, som kan inkludere 5 % GST og ytterligere provinsiell omsetningsavgift (PST), harmonisert omsetningsavgift (HST) eller Quebec Sales Tax (QST), avhengig av provinsen din.<\/li>\n<\/ul>\n<p><strong>KUN for EU-kunder:<\/strong> Express DDP (Delivered Duty Paid). Dette betyr: <\/p>\n<ul>\n<li>Alle tollavgifter og skatter er inkludert i prisen som vises p\u00e5 produktsiden.<\/li>\n<li>Du trenger ikke \u00e5 betale noen ekstra kostnader ved levering.<\/li>\n<li>I sjeldne tilfeller av tollrelaterte problemer vil v\u00e5rt team h\u00e5ndtere fortollingsprosessen p\u00e5 dine vegne for \u00e5 sikre en problemfri leveringsopplevelse.<\/li>\n<p>Viktig informasjon om retur:<\/p>\n<li>Hvis du bestemmer deg for \u00e5 returnere bestillingen eller be om refusjon, m\u00e5 du v\u00e6re oppmerksom p\u00e5 at skatter og avgifter som er betalt p\u00e5 dine vegne i henhold til DDP-vilk\u00e5rene, ikke kan refunderes.<\/li>\n<p>Se v\u00e5re <a href=\"https:\/\/gpdstore.net\/no\/terms-of-service\/\" target=\"_blank\" rel=\"nofollow noopener\">vilk\u00e5r og betingelser<\/a> for detaljert informasjon.\n<\/ul>\n<p>[\/cg_accordion]\n[cg_accordion title=\"KUNDEST\u00d8TTE\"]<\/p>\n<p>Har du et sp\u00f8rsm\u00e5l? Vi er bare en kort tekstmelding unna \u00e5 l\u00f8se problemet ditt!<br \/>\n[\/cg_accordion]\n[cg_accordion title=\"HVA SOM ER INKLUDERT\"]<\/p>\n<ul>\n<li>1x GPD DUO-etui<\/li>\n<\/ul>\n<p>[\/cg_accordion]\n","protected":false},"featured_media":818182,"template":"","meta":{"_acf_changed":false},"product_brand":[],"product_cat":[1187],"product_tag":[15802],"woo-feed-brand":[],"class_list":{"0":"post-808700","1":"product","2":"type-product","3":"status-publish","4":"has-post-thumbnail","6":"product_cat-tilbehor","7":"product_tag-20xmsale-no-2","8":"product_shipping_class-low-end","9":"pa_accessory-type-beskyttende-etui","10":"pa_brand-gpd","12":"first","13":"instock","14":"sale","15":"taxable","16":"shipping-taxable","17":"purchasable","18":"product-type-simple"},"acf":[],"aioseo_notices":[],"_links":{"self":[{"href":"https:\/\/gpdstore.net\/no\/wp-json\/wp\/v2\/product\/808700","targetHints":{"allow":["GET"]}}],"collection":[{"href":"https:\/\/gpdstore.net\/no\/wp-json\/wp\/v2\/product"}],"about":[{"href":"https:\/\/gpdstore.net\/no\/wp-json\/wp\/v2\/types\/product"}],"wp:featuredmedia":[{"embeddable":true,"href":"https:\/\/gpdstore.net\/no\/wp-json\/wp\/v2\/media\/818182"}],"wp:attachment":[{"href":"https:\/\/gpdstore.net\/no\/wp-json\/wp\/v2\/media?parent=808700"}],"wp:term":[{"taxonomy":"product_brand","embeddable":true,"href":"https:\/\/gpdstore.net\/no\/wp-json\/wp\/v2\/product_brand?post=808700"},{"taxonomy":"product_cat","embeddable":true,"href":"https:\/\/gpdstore.net\/no\/wp-json\/wp\/v2\/product_cat?post=808700"},{"taxonomy":"product_tag","embeddable":true,"href":"https:\/\/gpdstore.net\/no\/wp-json\/wp\/v2\/product_tag?post=808700"},{"taxonomy":"woo-feed-brand","embeddable":true,"href":"https:\/\/gpdstore.net\/no\/wp-json\/wp\/v2\/woo-feed-brand?post=808700"}],"curies":[{"name":"wp","href":"https:\/\/api.w.org\/{rel}","templated":true}]}}