{"id":7955,"date":"2023-11-17T14:17:25","date_gmt":"2023-11-17T14:17:25","guid":{"rendered":"https:\/\/gpdstore.net\/ukategorisert\/gpd-win-4-2023-gaming-handholdt-pc\/"},"modified":"2026-01-09T00:12:40","modified_gmt":"2026-01-09T00:12:40","slug":"gpd-win-4-2023","status":"publish","type":"product","link":"https:\/\/gpdstore.net\/no\/product\/gpd-win-4-2023\/","title":{"rendered":"GPD WIN 4 2023 H\u00e5ndholdt spill-PC"},"content":{"rendered":"\n<figure class=\"wp-block-video\"><video controls=\"\" muted=\"\" poster=\"https:\/\/gpdstore.net\/wp-content\/uploads\/2024\/03\/gpd-win4-indiegogo-time-is-here-v0-te3iiclycf5a1.webp\" src=\"https:\/\/gpdstore.net\/wp-content\/uploads\/\"><\/video><\/figure>\n\n<div class=\"wp-block-columns is-layout-flex wp-container-core-columns-is-layout-28f84493 wp-block-columns-is-layout-flex\">\n<div class=\"wp-block-column is-layout-flow wp-block-column-is-layout-flow\" style=\"flex-basis:33.33%\">\n<figure class=\"wp-block-image size-full\"><img fetchpriority=\"high\" decoding=\"async\" width=\"1000\" height=\"1000\" src=\"https:\/\/gpdstore.net\/wp-content\/uploads\/2024\/05\/GPD-WIN-4-2024-WHITE-DONE-LISTING-IMAGE-5.jpg\" alt=\"gpd win 4 i hvit\" class=\"wp-image-1555\" srcset=\"https:\/\/gpdstore.net\/wp-content\/uploads\/2024\/05\/GPD-WIN-4-2024-WHITE-DONE-LISTING-IMAGE-5.jpg 1000w, https:\/\/gpdstore.net\/wp-content\/uploads\/2024\/05\/GPD-WIN-4-2024-WHITE-DONE-LISTING-IMAGE-5-600x600.jpg 600w, https:\/\/gpdstore.net\/wp-content\/uploads\/2024\/05\/GPD-WIN-4-2024-WHITE-DONE-LISTING-IMAGE-5-150x150.jpg 150w, https:\/\/gpdstore.net\/wp-content\/uploads\/2024\/05\/GPD-WIN-4-2024-WHITE-DONE-LISTING-IMAGE-5-768x768.jpg 768w, https:\/\/gpdstore.net\/wp-content\/uploads\/2024\/05\/GPD-WIN-4-2024-WHITE-DONE-LISTING-IMAGE-5-990x990.jpg 990w, https:\/\/gpdstore.net\/wp-content\/uploads\/2024\/05\/GPD-WIN-4-2024-WHITE-DONE-LISTING-IMAGE-5-441x441.jpg 441w, https:\/\/gpdstore.net\/wp-content\/uploads\/2024\/05\/GPD-WIN-4-2024-WHITE-DONE-LISTING-IMAGE-5-100x100.jpg 100w\" sizes=\"(max-width: 1000px) 100vw, 1000px\" \/><\/figure>\n<\/div>\n\n\n\n<div class=\"wp-block-column is-layout-flow wp-block-column-is-layout-flow\" style=\"flex-basis:66.66%\">\n<h2 class=\"wp-block-heading\"><strong>Velkommen til GPD WIN 4 2023: Din ultimate spillopplevelse p\u00e5 farten<\/strong><\/h2>\n\n\n\n<p>Si farvel til begrensningene i spilloppsettet hjemme og god dag til friheten til \u00e5 spille hvor som helst, n\u00e5r som helst! Vi presenterer <strong>GPD WIN 4 2023<\/strong>, den ultimate b\u00e6rbare spill-PC-en som gir deg muligheten til \u00e5 slippe l\u00f8s dine spillegenskaper n\u00e5r du er p\u00e5 farten. Denne ekstraordin\u00e6re enheten kombinerer s\u00f8ml\u00f8st kraften til en spill-PC med h\u00f8y ytelse med bekvemmeligheten til en h\u00e5ndholdt enhet, slik at du kan dykke ned i favorittspillene dine uansett hvor livet tar deg.  <br\/><\/p>\n<\/div>\n<\/div>\n\n<h2 class=\"wp-block-heading has-text-align-center\">Bygget for seier: Presisjonskontroller, massiv lagring og avansert kj\u00f8ling<\/h2>\n\n<div class=\"wp-block-columns is-layout-flex wp-container-core-columns-is-layout-28f84493 wp-block-columns-is-layout-flex\">\n<div class=\"wp-block-column is-layout-flow wp-block-column-is-layout-flow\">\n<figure class=\"wp-block-image size-full\"><img decoding=\"async\" src=\"https:\/\/gpdstore.net\/wp-content\/uploads\/\" alt=\"analog pinne for gpd win 4\" class=\"wp-image-1557\"\/><\/figure>\n\n\n\n<h3 class=\"wp-block-heading\"><strong><strong><strong>Ultimativ kontroll:<\/strong> Mestring av spill med ALPS 3D-joysticks og 6-akset bevegelse.<\/strong><\/strong><\/h3>\n\n\n\n<p>GPD WIN 4 2023 gir en overlegen spillopplevelse med sine ALPS 3D-styrespaker og spillknapper. Disse h\u00f8ykvalitets kontrollene gir presis input og optimal tilbakemelding, noe som sikrer n\u00f8yaktig og oppslukende spilling. Med det 6-aksede gyroskopet f\u00e5r du forbedret bevegelseskontroll, noe som gir intuitive bevegelser i kompatible spill. De doble vibrasjonsmotorene forbedrer spillopplevelsen ytterligere, og gir taktil tilbakemelding som gir et nytt niv\u00e5 av innlevelse i eventyrene dine.   <\/p>\n<\/div>\n\n\n\n<div class=\"wp-block-column is-layout-flow wp-block-column-is-layout-flow\">\n<figure class=\"wp-block-image size-full\"><img decoding=\"async\" width=\"300\" height=\"300\" src=\"https:\/\/gpdstore.net\/wp-content\/uploads\/2024\/05\/078c9d42-e74f-4fb3-893b-5f22ffd9d6ed.__CR1300600600_PT0_SX300_V1___.jpg\" alt=\"ssd i gpd win 4\" class=\"wp-image-1558\" srcset=\"https:\/\/gpdstore.net\/wp-content\/uploads\/2024\/05\/078c9d42-e74f-4fb3-893b-5f22ffd9d6ed.__CR1300600600_PT0_SX300_V1___.jpg 300w, https:\/\/gpdstore.net\/wp-content\/uploads\/2024\/05\/078c9d42-e74f-4fb3-893b-5f22ffd9d6ed.__CR1300600600_PT0_SX300_V1___-150x150.jpg 150w, https:\/\/gpdstore.net\/wp-content\/uploads\/2024\/05\/078c9d42-e74f-4fb3-893b-5f22ffd9d6ed.__CR1300600600_PT0_SX300_V1___-100x100.jpg 100w\" sizes=\"(max-width: 300px) 100vw, 300px\" \/><\/figure>\n\n\n\n<h3 class=\"wp-block-heading\"><strong><strong><strong>Null forsinkelse:<\/strong> Eliminerer innlastingstider med opptil 4 TB med PCIe 4.0 SSD-lagring.<\/strong><\/strong><\/h3>\n\n\n\n<p>GPD WIN 4 2023 tilbyr rikelig med lagringsmuligheter for \u00e5 im\u00f8tekomme spillbiblioteket og multimediebehovene dine. Med PCIe 4.0 M.2 2280 SSD kan du velge mellom 512 GB, 2 TB eller hele 4 TB lagringsplass. Denne h\u00f8yhastighets SSD-en sikrer rask datatilgang og reduserte lastetider, slik at du kan hoppe inn i favorittspillene dine uten forsinkelse. Med en s\u00e5 stor lagringskapasitet trenger du aldri \u00e5 bekymre deg for \u00e5 g\u00e5 tom for plass til den voksende samlingen av spill, filmer eller andre mediefiler.    <\/p>\n<\/div>\n\n\n\n<div class=\"wp-block-column is-layout-flow wp-block-column-is-layout-flow\">\n<figure class=\"wp-block-image size-full\"><img decoding=\"async\" width=\"300\" height=\"300\" src=\"https:\/\/gpdstore.net\/wp-content\/uploads\/2024\/05\/a8eb6f30-f8ed-4e5f-8fa9-fd52740523bc.__CR1530747747_PT0_SX300_V1___.jpg\" alt=\"kj&#xF8;lesystem for gpd win mini\" class=\"wp-image-1559\" srcset=\"https:\/\/gpdstore.net\/wp-content\/uploads\/2024\/05\/a8eb6f30-f8ed-4e5f-8fa9-fd52740523bc.__CR1530747747_PT0_SX300_V1___.jpg 300w, https:\/\/gpdstore.net\/wp-content\/uploads\/2024\/05\/a8eb6f30-f8ed-4e5f-8fa9-fd52740523bc.__CR1530747747_PT0_SX300_V1___-150x150.jpg 150w, https:\/\/gpdstore.net\/wp-content\/uploads\/2024\/05\/a8eb6f30-f8ed-4e5f-8fa9-fd52740523bc.__CR1530747747_PT0_SX300_V1___-100x100.jpg 100w\" sizes=\"(max-width: 300px) 100vw, 300px\" \/><\/figure>\n\n\n\n<h3 class=\"wp-block-heading\"><strong><strong><strong>Topp ytelse:<\/strong> Forhindrer struping med det 50 % mer effektive kj\u00f8lesystemet med to varmer\u00f8r.<\/strong><\/strong><\/h3>\n\n\n\n<p>GPD WIN 4 2023 har et sofistikert kj\u00f8lesystem for \u00e5 sikre optimal ytelse selv under lengre spill\u00f8kter. Med tykke, doble varmer\u00f8r \u00f8ker denne b\u00e6rbare spill-PC-en varmeeffektiviteten med 50 % sammenlignet med tidligere modeller. Den forbedrede varmespredningen s\u00f8rger for at enheten holder seg kj\u00f8lig under tung belastning, slik at ytelsen ikke reduseres og du kan spille jevnt og uavbrutt.  <\/p>\n<\/div>\n<\/div>\n\n<h2 class=\"wp-block-heading\">GPD WIN 4 2024 Et gjennombrudd innen b\u00e6rbare spill-PC-er<\/h2>\n\n<figure class=\"wp-block-image size-large\"><img decoding=\"async\" src=\"https:\/\/gpdstore.net\/wp-content\/uploads\/\" alt=\"gpd win 4 i hvit\" class=\"wp-image-1626\"\/><\/figure>\n\n<h2 class=\"wp-block-heading\"><strong>Uovertruffen ytelse: Med AMD Ryzen 7- og 5-prosessorer<\/strong><\/h2>\n\n<p>I kjernen av <strong>GPD WIN 5 2023<\/strong> kan du velge mellom <a href=\"https:\/\/www.amd.com\/en\/products\/apu\/amd-ryzen-7-7840u\" target=\"_blank\" rel=\"noreferrer noopener\">AMD Ryzen 7 7840U-prosessoren<\/a>, som har 8 kjerner og 16 tr\u00e5der med en hastighet p\u00e5 opptil 5,1 GHz, og <a href=\"https:\/\/www.amd.com\/en\/products\/apu\/amd-ryzen-5-7640u\" target=\"_blank\" rel=\"noreferrer noopener\">AMD Ryzen 5 7640U<\/a> med 6 kjerner og 12 tr\u00e5der, som n\u00e5r hastigheter p\u00e5 opptil 4,9 GHz. Sammen med AMD Radeon GPU-er s\u00f8rger <strong>GPD WIN 4 2023<\/strong> for jevn spilling i selv de mest krevende titlene. Det kraftige grafikkortet leverer fantastisk grafikk og jevn bildefrekvens, noe som gir en oppslukende spillopplevelse enten du utforsker store \u00e5pne verdener eller deltar i intense flerspillerkamper.<\/p>\n\n<h2 class=\"wp-block-heading\"><strong>Slipp kreativiteten l\u00f8s: Opptil 64 GB LPDDR5X RAM<\/strong><\/h2>\n\n<p>For \u00e5 utfylle den utrolige ytelsen er <strong>GPD WIN 4 2023<\/strong> utstyrt med 32 GB eller 64 GB LPDDR5X RAM p\u00e5 7840U-modellen og 16 GB <a href=\"https:\/\/en.wikipedia.org\/wiki\/LPDDR\" target=\"_blank\" rel=\"noreferrer noopener\">LPDDR5X<\/a> RAM p\u00e5 7640U-modellen. Med en lynrask minnehastighet p\u00e5 6400 MT\/s kan du oppleve raske innlastingstider og s\u00f8ml\u00f8s multitasking. Ta farvel med etterslep og nyt uavbrutt spilling mens du erobrer oppdrag, utforsker nye riker eller lager virtuelle mesterverk.<\/p>\n\n<h2 class=\"wp-block-heading\"><strong>Fengslende grafikk: 6&#8243; ber\u00f8ringsskjerm<\/strong><\/h2>\n\n<p>Opplev spilling som aldri f\u00f8r med <strong>GPD WIN 4 2023s<\/strong> fantastiske 6-tommers ber\u00f8ringsskjerm. Med Full HD-oppl\u00f8sning (1920&#215;1080) og en pikseltetthet p\u00e5 368 <a href=\"https:\/\/en.wikipedia.org\/wiki\/Pixel_density\" target=\"_blank\" rel=\"noreferrer noopener\">PPI<\/a>, blir hvert eneste bilde gjengitt med presisjon og klarhet. Skjermen st\u00f8tter en oppdateringsfrekvens p\u00e5 44 Hz og 60 Hz, noe som sikrer jevn spilling og minimerer bevegelsesuskarphet. Fordyp deg i de fengslende verdenene i favorittspillene dine med levende bilder.   <\/p>\n\n<h2 class=\"wp-block-heading\"><strong>Uanstrengt skriving: QWERTY-tastatur med justerbar bakgrunnsbelysning<\/strong><\/h2>\n\n<p><strong>GPD WIN 4 2023<\/strong> er designet for \u00e5 v\u00e6re praktisk, og har et QWERTY-tastatur med saksebrytertaster. Tastaturet gir en taktil skriveopplevelse og gj\u00f8r det enkelt \u00e5 chatte med venner, surfe p\u00e5 nettet eller ta notater. Den justerbare bakgrunnsbelysningen som alltid er p\u00e5, s\u00f8rger for at du kan fortsette \u00e5 spille eller jobbe selv i omgivelser med svak belysning. G\u00e5 s\u00f8ml\u00f8st over fra spilling til produktivitet med det komfortable og allsidige tastaturet <strong>GPD WIN 4 2023<\/strong>.   <\/p>\n\n<h2 class=\"wp-block-heading\"><strong>Flytende navigasjon: Optisk fingernavigering<\/strong><\/h2>\n\n<p>Det er enkelt \u00e5 navigere gjennom favorittspillene og -applikasjonene dine med den optiske fingernavigasjonen p\u00e5 <strong>GPD WIN 4 2023<\/strong>. Si farvel til tungvinte ber\u00f8ringsplater, og nyt den presise og responsive kontrollen med denne intuitive funksjonen. Enten du blar gjennom menyer eller utforsker store milj\u00f8er, gir den optiske fingernavigasjonen jevn og n\u00f8yaktig navigering for en s\u00f8ml\u00f8s brukeropplevelse.  <\/p>\n\n<h2 class=\"wp-block-heading\"><strong>Allsidige tilkoblingsmuligheter: USB4, OCuLink, USB Type-C og microSD-kortspor<\/strong><\/h2>\n\n<figure class=\"wp-block-image size-full\"><img decoding=\"async\" src=\"https:\/\/gpdstore.net\/wp-content\/uploads\/\" alt=\"gpd win 4 med gpd g1\" class=\"wp-image-1625\"\/><\/figure>\n\n<p><strong>GPD WIN 4 2023<\/strong> dekker dine behov for tilkoblingsmuligheter med en rekke alternativer. USB4-porten gj\u00f8r at du kan koble til eksterne enheter og periferiutstyr, noe som utvider spillmulighetene dine. <a href=\"https:\/\/droix.net\/blogs\/oculink-transforming-graphics-card-connectivity\/\" target=\"_blank\" rel=\"noreferrer noopener\">OCuLink-porten<\/a> gir en direkte <a href=\"https:\/\/en.wikipedia.org\/wiki\/PCI_Express\" target=\"_blank\" rel=\"noreferrer noopener\">PCIe<\/a> Gen4 x4-tilkobling med en imponerende effektiv b\u00e5ndbredde p\u00e5 63 Gbps, noe som st\u00f8tter lynrask dataoverf\u00f8ring, og GPD G1 Docking Station gir flere tilkoblingsmuligheter. USB Type-C-porten sikrer kompatibilitet med en rekke enheter, og microSD-kortsporet gir mulighet for praktisk lagringsutvidelse.   <\/p>\n\n<h2 class=\"wp-block-heading\"><strong>Tilkoblingsmuligheter med h\u00f8y hastighet: Wi-Fi 6 og Bluetooth 5.2<\/strong><\/h2>\n\n<p>Hold deg s\u00f8ml\u00f8st tilkoblet med <strong>GPD WIN 4 2023s<\/strong> Wi-Fi 6-funksjonalitet. Med hastigheter p\u00e5 opptil 2042 Mbps kan du glede deg over forsinkelsesfrie nettspill, jevn str\u00f8mming og raske nedlastinger. Ta farvel med etterslep og nyt en stabil og responsiv tilkobling uansett hvor eventyrene dine tar deg. Enten du kjemper mot motstandere p\u00e5 nettet eller str\u00f8mmer favorittinnholdet ditt, holder <strong>GPD WIN 4 2023<\/strong> deg tilkoblet med uovertruffen hastighet.   <\/p>\n\n<h2 class=\"wp-block-heading\"><strong>Valgfri 4G LTE-modul: Hold deg tilkoblet hvor som helst<\/strong><\/h2>\n\n<p>For de som \u00f8nsker uavbrutt tilkobling utenfor Wi-Fi-nettverk, tilbyr <strong>GPD WIN 4 2023<\/strong> en valgfri GPD 4G LTE-modul. Denne modulen st\u00f8tter 4G TD-LTE, FDD-LTE og 3G CDMA-nettverk, og s\u00f8rger for at du kan holde deg tilkoblet uansett hvor du er. Bare sett inn et Nano-SIM-kort, s\u00e5 har du tilgang til raske og p\u00e5litelige mobildata n\u00e5r du er p\u00e5 farten. Hold kontakten med venner, delta i flerspillerspill p\u00e5 nettet og nyt str\u00f8mmeunderholdning uten \u00e5 v\u00e6re avhengig av Wi-Fi-nettverk.   <\/p>\n\n<h2 class=\"wp-block-heading\"><strong>Vi introduserer MotionAssistant: Gj\u00f8r spillopplevelsen din enda bedre<\/strong><\/h2>\n\n<p>For \u00e5 forbedre spillopplevelsen ytterligere er <strong>GPD WIN 4 2023<\/strong> utstyrt med den kraftige programvaren MotionAssistant. Dette verkt\u00f8yet er spesielt utviklet for GPD-serien med h\u00e5ndholdte spillenheter, og tilbyr en rekke optimaliseringsfunksjoner for \u00e5 finjustere spillopplevelsen din. Du har full kontroll over enhetens ytelse, fra TDP -innstilling i trinn p\u00e5 1 W til GPU-l\u00e5sefrekvens. Forh\u00e5ndsdefinerte str\u00f8mforbruksinnstillinger gj\u00f8r at du kan balansere ytelse og batterilevetid i henhold til dine behov. Programvaren har ogs\u00e5 hurtigtaster for forgrunnsbytte, overlegg p\u00e5 spillskjermen for rask tilgang til viktige funksjoner og tilpasset tilordning av bakknappene til hurtigtaster. Med MotionAssistant kan du endre innstillinger uten \u00e5 avbryte spillingen, noe som gj\u00f8r det enklere enn noensinne \u00e5 optimalisere spillopplevelsen.     <\/p>\n\n<h2 class=\"wp-block-heading\"><strong>Avslutningsvis<\/strong><\/h2>\n\n<p><strong>GPD WIN 4 2023<\/strong> omdefinerer spilling p\u00e5 farten, og tilbyr en kompakt formfaktor med kraftig maskinvare, en fengslende skjerm, komfortable kontroller og allsidige tilkoblingsmuligheter. Enten du er en casual gamer som liker favorittspillene dine eller en seri\u00f8s entusiast som \u00f8nsker \u00e5 spille med h\u00f8y ytelse n\u00e5r du er p\u00e5 farten, er <strong>GPD WIN 4 2023<\/strong> den perfekte f\u00f8lgesvenn. Slipp l\u00f8s spillkraften din hvor som helst og n\u00e5r som helst med denne bemerkelsesverdige enheten. Gj\u00f8r deg klar til \u00e5 omdefinere b\u00e6rbar gaming med <strong>GPD WIN 4 2023<\/strong>.   <\/p>\n\n<h3 class=\"wp-block-heading\"><strong>Fordeler med GPD WIN 4 2023:<\/strong><\/h3>\n\n<ol class=\"wp-block-list\">\n<li><strong>Kraftig ytelse:<\/strong> Med CPU og GPU i AMD Ryzen 5- og 7-serien med h\u00f8y ytelse, som gir eksepsjonell spillytelse og multitasking-egenskaper.<\/li>\n\n\n\n<li><strong>Kompakt og b\u00e6rbar design:<\/strong> Den h\u00e5ndholdte formfaktoren gj\u00f8r det enkelt \u00e5 spille n\u00e5r du er p\u00e5 farten. Den er lett og f\u00e5r enkelt plass i vesken, slik at du kan spille uansett hvor du er. <\/li>\n\n\n\n<li><strong>Allsidige tilkoblingsmuligheter:<\/strong> Tilbyr en rekke tilkoblingsmuligheter, inkludert USB4, Oculink, USB Type-C og et microSD-kortspor. Disse alternativene gir fleksibilitet for tilkobling av eksterne enheter og utvidelse av lagringsplass. <\/li>\n\n\n\n<li><strong>Tilpasningsmuligheter:<\/strong> Med MotionAssistant-programvaren kan du finjustere og optimalisere spillopplevelsen din. Du kan tilpasse enheten til dine preferanser, fra TDP -innstilling til tilpasset tilordning av knapper. <\/li>\n\n\n\n<li><strong>Alt-i-ett-l\u00f8sning for spilling:<\/strong> Kombinerer funksjonaliteten til en spill-PC med b\u00e6rbarheten til en h\u00e5ndholdt enhet, noe som eliminerer behovet for separate spillkonsoller og gj\u00f8r at du kan nyte et bredt spekter av spill i \u00e9n og samme enhet.<\/li>\n<\/ol>\n\n<h3 class=\"wp-block-heading\"><strong>Ulemper med GPD WIN 4 2023:<\/strong><\/h3>\n\n<ol class=\"wp-block-list\">\n<li><strong>Begrenset skjermst\u00f8rrelse:<\/strong> Ber\u00f8ringsskjermen p\u00e5 6 tommer kan f\u00f8les liten sammenlignet med st\u00f8rre h\u00e5ndholdte spillkonsoller eller stasjon\u00e6re skjermer, noe som kan p\u00e5virke opplevelsen for enkelte spillere.<\/li>\n\n\n\n<li><strong>Redusert tastaturst\u00f8rrelse:<\/strong> P\u00e5 grunn av den kompakte formfaktoren er tastaturet mindre, og det kan ta litt tid \u00e5 venne seg til det for brukere som er vant til tastaturer i full st\u00f8rrelse.<\/li>\n\n\n\n<li><strong>Avhengig av batteri:<\/strong> Siden GPD WIN 4 2023 er en b\u00e6rbar enhet, er den avhengig av det interne batteriet for \u00e5 f\u00e5 str\u00f8m. Lange spill\u00f8kter kan kreve hyppig opplading, noe som begrenser mengden uavbrutt spilling. <\/li>\n<\/ol>\n","protected":false},"excerpt":{"rendered":"<ul>\n<li>PROSESSOR: AMD Ryzen 5 \/ 7<strong> 7640U \/ 7840U <\/strong> <\/li>\n<li>GPU: AMD Radeon<strong> 760M \/ 780M<\/strong><\/li>\n<li>RAM: opptil<strong> 64 GB LPDDR5X @ 6400 MT\/s<\/strong><\/li>\n<li>OPPBEVARING: opptil<strong> 4 TB<\/strong> <strong>Gen 4<\/strong> PCI-E NVMe SSD<\/li>\n<li>TILKOBLING: St\u00f8tte for Wi-Fi<strong> 6<\/strong> og Bluetooth <strong>5.2<\/strong> <\/li>\n<\/ul>\n<p><img loading=\"lazy\" decoding=\"async\" src=\"https:\/\/gpdstore.net\/wp-content\/uploads\/2024\/03\/WIN-4-FREE-GIFTS.jpg\" alt=\"\" width=\"2000\" height=\"500\" class=\"alignnone size-full wp-image-4175\" srcset=\"https:\/\/gpdstore.net\/wp-content\/uploads\/2024\/03\/WIN-4-FREE-GIFTS.jpg 2000w, https:\/\/gpdstore.net\/wp-content\/uploads\/2024\/03\/WIN-4-FREE-GIFTS-600x150.jpg 600w, https:\/\/gpdstore.net\/wp-content\/uploads\/2024\/03\/WIN-4-FREE-GIFTS-1200x300.jpg 1200w, https:\/\/gpdstore.net\/wp-content\/uploads\/2024\/03\/WIN-4-FREE-GIFTS-768x192.jpg 768w, https:\/\/gpdstore.net\/wp-content\/uploads\/2024\/03\/WIN-4-FREE-GIFTS-1536x384.jpg 1536w, https:\/\/gpdstore.net\/wp-content\/uploads\/2024\/03\/WIN-4-FREE-GIFTS-360x90.jpg 360w, https:\/\/gpdstore.net\/wp-content\/uploads\/2024\/03\/WIN-4-FREE-GIFTS-990x248.jpg 990w, https:\/\/gpdstore.net\/wp-content\/uploads\/2024\/03\/WIN-4-FREE-GIFTS-441x110.jpg 441w, https:\/\/gpdstore.net\/wp-content\/uploads\/2024\/03\/WIN-4-FREE-GIFTS-150x38.jpg 150w\" sizes=\"(max-width: 2000px) 100vw, 2000px\" \/><\/p>\n[cg_accordion title=\"BETALINGSINFORMASJON\"]<\/p>\n<p>Vi bruker den nyeste teknologien innen betalingsbehandling, noe som gj\u00f8r at du kan betale via debet- \/ kredittkort eller PayPal for en rask og sikker opplevelse.[\/cg_accordion]\n[cg_accordion title=\"GARANTI\"]<\/p>\n<p>2 \u00e5rs garanti fra <a href=\"https:\/\/droix.net\/\" target=\"_blank\" rel=\"nofollow noopener\">DROIX Global<\/a> for din sjelefred[\/cg_accordion]\n[cg_accordion title=\"KVALITETSSIKRING OG TESTING F\u00d8R UTSENDELSE\"]<\/p>\n<p>Sikrer kundetilfredshet p\u00e5 h\u00f8yeste standard: Hver enhet gjennomg\u00e5r strenge tester og en flerpunkts kvalitetssikringskontroll f\u00f8r den sendes ut. V\u00e5rt dedikerte team verifiserer ytelse, funksjonalitet og komponentintegritet for \u00e5 garantere at GPD-enheten din er i perfekt stand ved ankomst, slik at du kan f\u00f8le deg trygg og sikker. [\/cg_accordion]\n[cg_accordion title=\"PRISER, AVGIFTER OG FRAKT\"]<\/p>\n<p><strong><u>Merk:<\/u><\/strong><\/p>\n<ul>\n<li>Kunder i USA: Den viste prisen inkluderer IKKE SKATT eller avgifter. Ansvaret for \u00e5 fortolle og betale eventuelle tilknyttede skatter\/avgifter ligger p\u00e5 kunden. <\/li>\n<li>EU-kunder: Den viste prisen inkluderer gjeldende SKATT, som kan v\u00e6re opptil 25 % avhengig av hvilket land du bor i.<\/li>\n<li>Kunder i Canada: Den viste prisen inkluderer gjeldende avgifter, som kan inkludere 5 % GST og ytterligere provinsiell omsetningsavgift (PST), harmonisert omsetningsavgift (HST) eller Quebec Sales Tax (QST), avhengig av provinsen din.<\/li>\n<\/ul>\n<p><strong>KUN for EU-kunder:<\/strong> Express DDP (Delivered Duty Paid). Dette betyr: <\/p>\n<ul>\n<li>Alle tollavgifter og skatter er inkludert i prisen som vises p\u00e5 produktsiden.<\/li>\n<li>Du trenger ikke \u00e5 betale noen ekstra kostnader ved levering.<\/li>\n<li>I sjeldne tilfeller av tollrelaterte problemer vil v\u00e5rt team h\u00e5ndtere fortollingsprosessen p\u00e5 dine vegne for \u00e5 sikre en problemfri leveringsopplevelse.<\/li>\n<p>Viktig informasjon om retur:<\/p>\n<li>Hvis du bestemmer deg for \u00e5 returnere bestillingen eller be om refusjon, m\u00e5 du v\u00e6re oppmerksom p\u00e5 at skatter og avgifter som er betalt p\u00e5 dine vegne i henhold til DDP-vilk\u00e5rene, ikke kan refunderes.<\/li>\n<p>Se v\u00e5re <a href=\"https:\/\/droix.net\/terms-and-conditions\/\" target=\"_blank\" rel=\"nofollow noopener\">vilk\u00e5r og betingelser<\/a> for detaljert informasjon.\n<\/ul>\n<p>[\/cg_accordion]\n[cg_accordion title=\"KUNDEST\u00d8TTE\"]<\/p>\n<p>Har du et sp\u00f8rsm\u00e5l? Vi er bare en kort tekstmelding unna \u00e5 l\u00f8se problemet ditt! <\/p>\n<p>Se v\u00e5re <a href=\"https:\/\/gpdstore.net\/no\/terms-of-service\/\" target=\"_blank\" rel=\"nofollow noopener\">vilk\u00e5r og betingelser<\/a> for detaljert informasjon.\n<\/ul>\n<p>[\/cg_accordion]\n[cg_accordion title=\"HVA SOM ER INKLUDERT\"]<\/p>\n<ul>\n<li>1x GPD WIN 4 2023<\/li>\n<li>1x str\u00f8madapter<\/li>\n<li>1x USB Type-C-kabel<\/li>\n<li>1x brukerh\u00e5ndbok<\/li>\n<\/ul>\n<p>[\/cg_accordion]\n","protected":false},"featured_media":10288,"template":"","meta":{"_acf_changed":false},"product_brand":[],"product_cat":[816],"product_tag":[819],"woo-feed-brand":[820],"class_list":{"0":"post-7955","1":"product","2":"type-product","3":"status-publish","4":"has-post-thumbnail","6":"product_cat-gpd-handholdt-pc-for-spilling","7":"product_tag-gpd-win-4-no","8":"product_shipping_class-premium","9":"pa_bluetooth-5-2-no","10":"pa_brand-gpd","11":"pa_graphics-gpu-model-radeon-760m-no","12":"pa_graphics-gpu-model-radeon-780m-no","13":"pa_i-o-video-1x-oculink-no","14":"pa_i-o-video-via-1x-usb-4-0-type-c-40-gb-s","15":"pa_memory-ram-capacity-16-gb-no","16":"pa_memory-ram-capacity-32-gb-no","17":"pa_memory-ram-capacity-64-gb-no","18":"pa_memory-ram-technology-lpddr5x-no","19":"pa_processor-cpu-model-amd-ryzen-5-7640u","20":"pa_processor-cpu-model-amd-ryzen-7-7840u","21":"pa_storage-capacity-1-tb-no","22":"pa_storage-capacity-2-tb","23":"pa_storage-capacity-4-tb","24":"pa_storage-capacity-512-gb-no","25":"pa_storage-technology-pcie-gen-4-no","26":"pa_wi-fi-wi-fi-6-no","27":"woo-feed-brand-gpd-no","29":"first","30":"outofstock","31":"sale","32":"taxable","33":"shipping-taxable","34":"purchasable","35":"product-type-variable","36":"has-default-attributes"},"acf":[],"aioseo_notices":[],"_links":{"self":[{"href":"https:\/\/gpdstore.net\/no\/wp-json\/wp\/v2\/product\/7955","targetHints":{"allow":["GET"]}}],"collection":[{"href":"https:\/\/gpdstore.net\/no\/wp-json\/wp\/v2\/product"}],"about":[{"href":"https:\/\/gpdstore.net\/no\/wp-json\/wp\/v2\/types\/product"}],"wp:featuredmedia":[{"embeddable":true,"href":"https:\/\/gpdstore.net\/no\/wp-json\/wp\/v2\/media\/10288"}],"wp:attachment":[{"href":"https:\/\/gpdstore.net\/no\/wp-json\/wp\/v2\/media?parent=7955"}],"wp:term":[{"taxonomy":"product_brand","embeddable":true,"href":"https:\/\/gpdstore.net\/no\/wp-json\/wp\/v2\/product_brand?post=7955"},{"taxonomy":"product_cat","embeddable":true,"href":"https:\/\/gpdstore.net\/no\/wp-json\/wp\/v2\/product_cat?post=7955"},{"taxonomy":"product_tag","embeddable":true,"href":"https:\/\/gpdstore.net\/no\/wp-json\/wp\/v2\/product_tag?post=7955"},{"taxonomy":"woo-feed-brand","embeddable":true,"href":"https:\/\/gpdstore.net\/no\/wp-json\/wp\/v2\/woo-feed-brand?post=7955"}],"curies":[{"name":"wp","href":"https:\/\/api.w.org\/{rel}","templated":true}]}}