{"id":7711,"date":"2023-03-24T15:40:26","date_gmt":"2023-03-24T15:40:26","guid":{"rendered":"https:\/\/gpdstore.net\/ukategorisert\/hardshell-etui-for-gpd-micro-pc\/"},"modified":"2025-12-23T10:33:56","modified_gmt":"2025-12-23T10:33:56","slug":"hardshell-case-for-gpd-micro-pc","status":"publish","type":"product","link":"https:\/\/gpdstore.net\/no\/product\/hardshell-case-for-gpd-micro-pc\/","title":{"rendered":"Hardshell-etui for GPD Micro PC"},"content":{"rendered":"\n<p>Beskytt din GPD Micro PC Professional Ultrabook med v\u00e5rt h\u00f8ykvalitets hardshell-etui! Etuiet er laget av slitesterke materialer og gir overlegen beskyttelse mot riper, fall og andre vanlige farer som kan skade enheten din. De presise utskj\u00e6ringene og den perfekte passformen s\u00f8rger for at GPD Micro PC forblir sikker og tilgjengelig til enhver tid. Bestill n\u00e5 for \u00e5 holde din ultrabook i perfekt stand!   <\/p>\n","protected":false},"excerpt":{"rendered":"<ul>\n<li><strong>Offisielt GPD-produkt<\/strong> <\/li>\n<li>Designet for <strong>GPD Micro PC<\/strong><\/li>\n<li>Rom for tilbeh\u00f8r<\/li>\n<\/ul>\n[cg_accordion title=\"BETALINGSINFORMASJON\"]<\/p>\n<p>Vi bruker den nyeste teknologien innen betalingsbehandling, som lar deg betale via Apple Pay, Google Pay, debet- \/ kredittkortet ditt, PayPal eller BNPL-metoder som Klarna, Affirm eller AfterPay for en rask og sikker opplevelse.[\/cg_accordion]\n[cg_accordion title=\"GARANTI\"]<\/p>\n<p>2 \u00e5rs garanti fra <a href=\"https:\/\/droix.net\/\" target=\"_blank\" rel=\"nofollow noopener\">DROIX Global<\/a> for din sjelefred[\/cg_accordion]\n[cg_accordion title=\"PRISER, AVGIFTER OG FRAKT\"]<\/p>\n<p><strong><u>Merk:<\/u><\/strong><\/p>\n<ul>\n<li>Kunder i USA: Den viste prisen inkluderer IKKE SKATT eller avgifter. Ansvaret for \u00e5 fortolle og betale eventuelle tilknyttede skatter\/avgifter ligger p\u00e5 kunden. <\/li>\n<li>EU-kunder: Den viste prisen inkluderer gjeldende SKATT, som kan v\u00e6re opptil 25 % avhengig av hvilket land du bor i.<\/li>\n<li>Kunder i Canada: Den viste prisen inkluderer gjeldende avgifter, som kan inkludere 5 % GST og ytterligere provinsiell omsetningsavgift (PST), harmonisert omsetningsavgift (HST) eller Quebec Sales Tax (QST), avhengig av provinsen din.<\/li>\n<\/ul>\n<p><strong>KUN for EU-kunder:<\/strong> Express DDP (Delivered Duty Paid). Dette betyr: <\/p>\n<ul>\n<li>Alle tollavgifter og skatter er inkludert i prisen som vises p\u00e5 produktsiden.<\/li>\n<li>Du trenger ikke \u00e5 betale noen ekstra kostnader ved levering.<\/li>\n<li>I sjeldne tilfeller av tollrelaterte problemer vil v\u00e5rt team h\u00e5ndtere fortollingsprosessen p\u00e5 dine vegne for \u00e5 sikre en problemfri leveringsopplevelse.<\/li>\n<p>Viktig informasjon om retur:<\/p>\n<li>Hvis du bestemmer deg for \u00e5 returnere bestillingen eller be om refusjon, m\u00e5 du v\u00e6re oppmerksom p\u00e5 at skatter og avgifter som er betalt p\u00e5 dine vegne i henhold til DDP-vilk\u00e5rene, ikke kan refunderes.<\/li>\n<p>Se v\u00e5re <a href=\"https:\/\/gpdstore.net\/no\/terms-of-service\/\" target=\"_blank\" rel=\"nofollow noopener\">vilk\u00e5r og betingelser<\/a> for detaljert informasjon.\n<\/ul>\n<p>[\/cg_accordion]\n[cg_accordion title=\"KUNDEST\u00d8TTE\"]<\/p>\n<p>Har du et sp\u00f8rsm\u00e5l? Vi er bare en kort tekstmelding unna \u00e5 l\u00f8se problemet ditt!<br \/>\n[\/cg_accordion]\n[cg_accordion title=\"HVA SOM ER INKLUDERT\"]<\/p>\n<ul>\n<li>1x GPD Micro PC-etui<\/li>\n<\/ul>\n<p>[\/cg_accordion]\n","protected":false},"featured_media":7712,"template":"","meta":{"_acf_changed":false},"product_brand":[],"product_cat":[1187],"product_tag":[15802,3872],"woo-feed-brand":[820],"class_list":{"0":"post-7711","1":"product","2":"type-product","3":"status-publish","4":"has-post-thumbnail","6":"product_cat-tilbehor","7":"product_tag-20xmsale-no-2","8":"product_tag-gpd-micro-pc-accessory-no","9":"product_shipping_class-low-end","10":"pa_accessory-type-beskyttende-etui","11":"pa_brand-gpd","12":"woo-feed-brand-gpd-no","14":"first","15":"outofstock","16":"sale","17":"taxable","18":"shipping-taxable","19":"purchasable","20":"product-type-simple"},"acf":[],"aioseo_notices":[],"_links":{"self":[{"href":"https:\/\/gpdstore.net\/no\/wp-json\/wp\/v2\/product\/7711","targetHints":{"allow":["GET"]}}],"collection":[{"href":"https:\/\/gpdstore.net\/no\/wp-json\/wp\/v2\/product"}],"about":[{"href":"https:\/\/gpdstore.net\/no\/wp-json\/wp\/v2\/types\/product"}],"wp:featuredmedia":[{"embeddable":true,"href":"https:\/\/gpdstore.net\/no\/wp-json\/wp\/v2\/media\/7712"}],"wp:attachment":[{"href":"https:\/\/gpdstore.net\/no\/wp-json\/wp\/v2\/media?parent=7711"}],"wp:term":[{"taxonomy":"product_brand","embeddable":true,"href":"https:\/\/gpdstore.net\/no\/wp-json\/wp\/v2\/product_brand?post=7711"},{"taxonomy":"product_cat","embeddable":true,"href":"https:\/\/gpdstore.net\/no\/wp-json\/wp\/v2\/product_cat?post=7711"},{"taxonomy":"product_tag","embeddable":true,"href":"https:\/\/gpdstore.net\/no\/wp-json\/wp\/v2\/product_tag?post=7711"},{"taxonomy":"woo-feed-brand","embeddable":true,"href":"https:\/\/gpdstore.net\/no\/wp-json\/wp\/v2\/woo-feed-brand?post=7711"}],"curies":[{"name":"wp","href":"https:\/\/api.w.org\/{rel}","templated":true}]}}