{"id":7579,"date":"2023-03-26T17:56:24","date_gmt":"2023-03-26T17:56:24","guid":{"rendered":"https:\/\/gpdstore.net\/ukategorisert\/gpd-win-max-2021-gaming-handholdt-pc\/"},"modified":"2025-12-23T10:33:43","modified_gmt":"2025-12-23T10:33:43","slug":"gpd-win-max-2021","status":"publish","type":"product","link":"https:\/\/gpdstore.net\/no\/product\/gpd-win-max-2021\/","title":{"rendered":"GPD WIN MAX 2021 h\u00e5ndholdt spill-PC"},"content":{"rendered":"\n<p>GPD WIN MAX 2021 er en ultrabook for gaming som er designet for PC-spill p\u00e5 farten. Denne kraftige enheten kommer i to versjoner, den ene med Intel\u00ae Core\u2122 i7-1195G7-prosessor og den andre med AMD Ryzen\u2122 7 4800U cpu. Bortsett fra de forskjellige CPU-alternativene, er begge versjonene av enheten n\u00f8yaktig de samme.  <\/p>\n\n<p>Hos GPD Store er vi stolte av \u00e5 kunne tilby GPD WIN MAX 2021 til spillere som \u00f8nsker en h\u00f8ytytende PC-spillh\u00e5ndholdt enhet som de kan ta med seg hvor som helst. Denne ultrabooken er perfekt for gamere som \u00f8nsker \u00e5 spille favorittspillene sine p\u00e5 farten, uten \u00e5 m\u00e5tte g\u00e5 p\u00e5 bekostning av ytelse eller kvalitet. <\/p>\n\n<p>GPD WIN MAX 2021 er en kraftig ultrabook for spill som har en 8,0 tommers IPS-ber\u00f8ringsskjerm med en oppl\u00f8sning p\u00e5 1280 x 800 piksler. Enheten leveres med integrert Intel\u00ae Iris\u00ae Xe-grafikk eller AMD Radeon\u2122-grafikk, noe som gj\u00f8r den perfekt til \u00e5 kj\u00f8re krevende spill og programmer. <\/p>\n\n<p>N\u00e5r det gjelder prosessorkraft, er GPD WIN MAX 2021 tilgjengelig med enten Intel\u00ae Core\u2122 i7-1195G7-prosessor eller AMD Ryzen\u2122 7 4800U CPU. Disse kraftige prosessorene s\u00f8rger for at enheten enkelt kan h\u00e5ndtere selv de mest krevende spillene og programmene. <\/p>\n\n<p>GPD WIN MAX 2021 har ogs\u00e5 16 GB LPDDR4X 4266 MT\/s RAM og 1 TB M.2 NVMe SSD-lagring, noe som sikrer at du har god plass til \u00e5 lagre spill og andre data.  Enheten har ogs\u00e5 en rekke porter, inkludert en USB Type-C-port, en USB 3.0-port, en HDMI-port og en 3,5 mm hodetelefonkontakt.<\/p>\n\n<p>En av de fremtredende egenskapene til GPD WIN MAX 2021 er den kompakte st\u00f8rrelsen. Til tross for at det er en kraftig ultrabook, m\u00e5ler enheten bare 8,5 x 5,7 x 1,1 tommer og veier bare 1,5 kilo. Dette gj\u00f8r det enkelt \u00e5 ta den med seg overalt, enten du er p\u00e5 reise eller bare vil nyte favorittspillene dine i sofaen.  <\/p>\n\n<p>GPD WIN MAX 2021 har ogs\u00e5 en innebygd spillkontroller, komplett med D-pad, analoge pinner og avtrekkerknapper. Dette gj\u00f8r det enkelt \u00e5 spille favorittspillene dine uten \u00e5 m\u00e5tte koble til en ekstern kontroller. Enheten har ogs\u00e5 et komplett QWERTY-tastatur, noe som gj\u00f8r det enkelt \u00e5 skrive og navigere gjennom menyer.  <\/p>\n\n<p>Hos GPD Store mener vi at GPD WIN MAX 2021 er den perfekte ultrabooken for gamere som \u00f8nsker en PC med h\u00f8y ytelse som de kan ta med seg hvor som helst. Denne kraftige enheten er perfekt for gamere som vil ha glede av favorittspillene sine n\u00e5r de er p\u00e5 farten, uten \u00e5 m\u00e5tte ofre ytelse eller kvalitet. <\/p>\n\n<p>Enten du er en casual gamer eller en hardcore gamer, er GPD WIN MAX 2021 den perfekte enheten for deg. Med sin kraftige prosessor, grafikk av h\u00f8y kvalitet og kompakte st\u00f8rrelse er den den ultimate ultrabooken for PC-spill p\u00e5 farten. S\u00e5 hvorfor vente? Bes\u00f8k GPD Store i dag og f\u00e5 tak i GPD WIN MAX 2021.   <\/p>\n","protected":false},"excerpt":{"rendered":"<ul>\n<li>AMD <strong>Ryzen 7 6800U<\/strong> @ 2,7 GHz TDP 15-28 W<\/li>\n<li>AMD Radeon 680M <strong>12 CUs @2200 MHz<\/strong><\/li>\n<li><strong>opptil 32 GB LPDDR5-6400 MT\/s<\/strong><\/li>\n<li><strong>opptil 2 TB<\/strong> h\u00f8yhastighets PCI-E <strong>NVMe<\/strong> SSD<\/li>\n<li>St\u00f8tte for WiFi 6 og Bluetooth <strong>5.2<\/strong>  <\/li>\n<\/ul>\n<p> [cg_accordion title=\"BETALINGSINFORMASJON\"] Vi bruker den nyeste teknologien innen betalingsbehandling, som lar deg betale via Apple Pay, Google Pay, debet- \/ kredittkortet ditt, PayPal eller BNPL-metoder som Klarna, Affirm eller AfterPay for en rask og sikker opplevelse.[\/cg_accordion] [cg_accordion title=\"GARANTI\"] 2 \u00e5rs garanti fra <a href=\"https:\/\/droix.net\/\" target=\"_blank\" rel=\"nofollow noopener\">DROIX Global<\/a> for din trygghet[\/cg_accordion] [cg_accordion title=\"PRICING, TAXES AND SHIPPING\"] <strong><u>Merk deg dette:<\/u><\/strong><\/p>\n<ul>\n<li>Kunder i USA: Den viste prisen inkluderer IKKE SKATT eller avgifter. Ansvaret for \u00e5 fortolle og betale eventuelle tilknyttede skatter\/avgifter ligger p\u00e5 kunden. <\/li>\n<li>EU-kunder: Den viste prisen inkluderer gjeldende SKATT, som kan v\u00e6re opptil 25 % avhengig av hvilket land du bor i.<\/li>\n<li>Kunder i Canada: Den viste prisen inkluderer gjeldende avgifter, som kan inkludere 5 % GST og ytterligere provinsiell omsetningsavgift (PST), harmonisert omsetningsavgift (HST) eller Quebec Sales Tax (QST), avhengig av provinsen din.<\/li>\n<\/ul>\n<p><strong>KUN for EU-kunder:<\/strong> Express DDP (Delivered Duty Paid). Dette betyr: <\/p>\n<ul>\n<li style=\"list-style-type: none;\">\n<ul>\n<li>Alle tollavgifter og skatter er inkludert i prisen som vises p\u00e5 produktsiden.<\/li>\n<li>Du trenger ikke \u00e5 betale noen ekstra kostnader ved levering.<\/li>\n<li>I sjeldne tilfeller av tollrelaterte problemer vil v\u00e5rt team h\u00e5ndtere fortollingsprosessen p\u00e5 dine vegne for \u00e5 sikre en problemfri leveringsopplevelse.<\/li>\n<p>Viktig informasjon om retur:<\/p>\n<li>Hvis du bestemmer deg for \u00e5 returnere bestillingen eller be om refusjon, m\u00e5 du v\u00e6re oppmerksom p\u00e5 at skatter og avgifter som er betalt p\u00e5 dine vegne i henhold til DDP-vilk\u00e5rene, ikke kan refunderes.<\/li>\n<p>Vennligst se v\u00e5r<\/ul>\n<\/li>\n<\/ul>\n<p><a href=\"https:\/\/gpdstore.net\/no\/terms-of-service\/\" target=\"_blank\" rel=\"nofollow noopener\">Vilk\u00e5r og betingelser<\/a><\/p>\n<ul>for detaljert informasjon.<\/ul>\n<p>[\/cg_accordion] [cg_accordion title=\"KUNDEST\u00d8TTE\"]  Har du et sp\u00f8rsm\u00e5l? Vi er bare en kort tekstmelding unna \u00e5 l\u00f8se problemet ditt!   [\/cg_accordion] [cg_accordion title=\"WHAT'S INCLUDED\"]<\/p>\n<ul>\n<li>1x GPD WIN MAX 2021<\/li>\n<li>1x str\u00f8madapter<\/li>\n<li>1x USB Type-C-kabel<\/li>\n<li>1x brukerh\u00e5ndbok<\/li>\n<\/ul>\n<p>[\/cg_accordion]<\/p>\n","protected":false},"featured_media":7581,"template":"","meta":{"_acf_changed":false},"product_brand":[],"product_cat":[816],"product_tag":[3971],"woo-feed-brand":[820],"class_list":{"0":"post-7579","1":"product","2":"type-product","3":"status-publish","4":"has-post-thumbnail","6":"product_cat-gpd-handholdt-pc-for-spilling","7":"product_tag-gpd-win-max-no","8":"product_shipping_class-premium","9":"pa_bluetooth-5-no","10":"pa_bluetooth-5-2-no","11":"pa_display-type-h-ips-no","12":"pa_graphics-gpu-model-intel-iris-xe-grafikk","13":"pa_graphics-gpu-model-radeon-grafikk","14":"pa_i-o-video-1x-hdmi-2-0b-no","15":"pa_memory-ram-capacity-16-gb-no","16":"pa_memory-ram-technology-lpddr4x-no","17":"pa_processor-cpu-model-amd-ryzen-7-4800u","18":"pa_processor-cpu-model-intel-core-i7-1195g7","19":"pa_storage-capacity-1-tb-no","20":"pa_wi-fi-wi-fi-6-no","21":"woo-feed-brand-gpd-no","23":"first","24":"outofstock","25":"sale","26":"taxable","27":"shipping-taxable","28":"purchasable","29":"product-type-variable","30":"has-default-attributes"},"acf":[],"aioseo_notices":[],"_links":{"self":[{"href":"https:\/\/gpdstore.net\/no\/wp-json\/wp\/v2\/product\/7579","targetHints":{"allow":["GET"]}}],"collection":[{"href":"https:\/\/gpdstore.net\/no\/wp-json\/wp\/v2\/product"}],"about":[{"href":"https:\/\/gpdstore.net\/no\/wp-json\/wp\/v2\/types\/product"}],"wp:featuredmedia":[{"embeddable":true,"href":"https:\/\/gpdstore.net\/no\/wp-json\/wp\/v2\/media\/7581"}],"wp:attachment":[{"href":"https:\/\/gpdstore.net\/no\/wp-json\/wp\/v2\/media?parent=7579"}],"wp:term":[{"taxonomy":"product_brand","embeddable":true,"href":"https:\/\/gpdstore.net\/no\/wp-json\/wp\/v2\/product_brand?post=7579"},{"taxonomy":"product_cat","embeddable":true,"href":"https:\/\/gpdstore.net\/no\/wp-json\/wp\/v2\/product_cat?post=7579"},{"taxonomy":"product_tag","embeddable":true,"href":"https:\/\/gpdstore.net\/no\/wp-json\/wp\/v2\/product_tag?post=7579"},{"taxonomy":"woo-feed-brand","embeddable":true,"href":"https:\/\/gpdstore.net\/no\/wp-json\/wp\/v2\/woo-feed-brand?post=7579"}],"curies":[{"name":"wp","href":"https:\/\/api.w.org\/{rel}","templated":true}]}}