{"id":7576,"date":"2023-03-26T17:49:20","date_gmt":"2023-03-26T17:49:20","guid":{"rendered":"https:\/\/gpdstore.net\/ukategorisert\/biwin-2230-nvme-lagring\/"},"modified":"2025-12-23T10:31:11","modified_gmt":"2025-12-23T10:31:11","slug":"biwin-2230-nvme-storage","status":"publish","type":"product","link":"https:\/\/gpdstore.net\/no\/product\/biwin-2230-nvme-storage\/","title":{"rendered":"BiWin 2230 NVMe-lagring"},"content":{"rendered":"\n<p>Leter du etter en lagringsoppgradering med h\u00f8y ytelse til din GPD WIN MAX 2 eller Valve Steam Deck? Da er BiWin 22*30 PCI-e NVMe SSD det rette valget! Denne kompakte, men kraftige SSD-enheten er designet for \u00e5 levere lynraske lese- og skrivehastigheter, slik at favorittspillene og -applikasjonene dine lastes raskt og kj\u00f8rer problemfritt.  <\/p>\n\n<p>Med sine 22 mm x 30 mm er BiWin 22*30 en av de minste NVMe SSD-enhetene p\u00e5 markedet i dag. Men ikke la deg lure av den kompakte st\u00f8rrelsen &#8211; denne SSD har en skikkelig punch! Med lesehastigheter p\u00e5 opptil 3500 MB\/s og skrivehastigheter p\u00e5 opptil 3000 MB\/s er den mer enn i stand til \u00e5 holde tritt med selv de mest krevende spillene og programmene.  <\/p>\n\n<p>En av de st\u00f8rste fordelene med BiWin 2230<em>er kompatibiliteten med b\u00e5de GPD WIN MAX 2 og Valves Steam Deck. Hvis du \u00f8nsker \u00e5 oppgradere lagringsplassen p\u00e5 en av disse enhetene<\/em>, er<em>BiWin 2230<\/em>det perfekte valget. Bare installer SSD-en i enhetens NVMe-spor, s\u00e5 er du klar til \u00e5 sette i gang! <\/p>\n\n<p>En annen fordel med BiWin 22*30 er at den er kompatibel med et bredt spekter av operativsystemer, inkludert Windows, Linux og macOS. Dette gj\u00f8r den til et allsidig valg for alle som \u00f8nsker \u00e5 oppgradere lagringsmediet sitt, uansett hvilket system de bruker. <\/p>\n\n<p>Et av de beste stedene \u00e5 kj\u00f8pe BiWin 22*30 er selvf\u00f8lgelig i GPD Store. Som en ledende forhandler av GPD-produkter er GPD Store det perfekte stedet \u00e5 finne alt tilbeh\u00f8ret og oppgraderingene du trenger for \u00e5 f\u00e5 mest mulig ut av din GPD WIN MAX 2 eller Steam Deck. Og med rask levering, gode priser og f\u00f8rsteklasses kundeservice, kan du handle i trygg forvissning om at du f\u00e5r det beste tilbudet.  <\/p>\n\n<p>S\u00e5 hvis du er p\u00e5 utkikk etter en NVMe SSD-oppgradering med h\u00f8y ytelse til din GPD WIN MAX 2 eller Steam Deck, trenger du ikke lete lenger enn til BiWin 22*30. Med sin kompakte st\u00f8rrelse, lynraske hastigheter og brede kompatibilitet er den det perfekte valget for alle som \u00f8nsker \u00e5 ta spill- og databehandlingsopplevelsen til neste niv\u00e5. Og med GPD Store bare et klikk unna, har det aldri v\u00e6rt enklere \u00e5 f\u00e5 tak i produktene du trenger for \u00e5 lykkes!  <\/p>\n","protected":false},"excerpt":{"rendered":"<ul>\n<li>Kompatibel med Valve Steam Deck, GPD WIN MAX 2, GPD WIN 4<\/li>\n<li>Opptil 3200 MB\/s lesing | 2600 MB\/s skriving<\/li>\n<li>0,107 ms leseforsinkelse | 0,109 ms skriveforsinkelse<\/li>\n<li>St\u00f8tte for s\u00f8ppelsamling, TRIM og Modern Standby<\/li>\n<\/ul>\n[cg_accordion title=\"BETALINGSINFORMASJON\"]<\/p>\n<p>Vi bruker den nyeste teknologien innen betalingsbehandling, som lar deg betale via Apple Pay, Google Pay, debet- \/ kredittkortet ditt, PayPal eller BNPL-metoder som Klarna, Affirm eller AfterPay for en rask og sikker opplevelse.[\/cg_accordion]\n[cg_accordion title=\"GARANTI\"]<\/p>\n<p>2 \u00e5rs garanti fra <a href=\"https:\/\/droix.net\/\" target=\"_blank\" rel=\"nofollow noopener\">DROIX Global<\/a> for din sjelefred[\/cg_accordion]\n[cg_accordion title=\"PRISER, AVGIFTER OG FRAKT\"]<\/p>\n<p><strong><u>Merk:<\/u><\/strong><\/p>\n<ul>\n<li>Kunder i USA: Den viste prisen inkluderer IKKE SKATT eller avgifter. Ansvaret for \u00e5 fortolle og betale eventuelle tilknyttede skatter\/avgifter ligger p\u00e5 kunden. <\/li>\n<li>EU-kunder: Den viste prisen inkluderer gjeldende SKATT, som kan v\u00e6re opptil 25 % avhengig av hvilket land du bor i.<\/li>\n<li>Kunder i Canada: Den viste prisen inkluderer gjeldende avgifter, som kan inkludere 5 % GST og ytterligere provinsiell omsetningsavgift (PST), harmonisert omsetningsavgift (HST) eller Quebec Sales Tax (QST), avhengig av provinsen din.<\/li>\n<\/ul>\n<p><strong>KUN for EU-kunder:<\/strong> Express DDP (Delivered Duty Paid). Dette betyr: <\/p>\n<ul>\n<li>Alle tollavgifter og skatter er inkludert i prisen som vises p\u00e5 produktsiden.<\/li>\n<li>Du trenger ikke \u00e5 betale noen ekstra kostnader ved levering.<\/li>\n<li>I sjeldne tilfeller av tollrelaterte problemer vil v\u00e5rt team h\u00e5ndtere fortollingsprosessen p\u00e5 dine vegne for \u00e5 sikre en problemfri leveringsopplevelse.<\/li>\n<p>Viktig informasjon om retur:<\/p>\n<li>Hvis du bestemmer deg for \u00e5 returnere bestillingen eller be om refusjon, m\u00e5 du v\u00e6re oppmerksom p\u00e5 at skatter og avgifter som er betalt p\u00e5 dine vegne i henhold til DDP-vilk\u00e5rene, ikke kan refunderes.<\/li>\n<p>Se v\u00e5re <a href=\"https:\/\/gpdstore.net\/no\/terms-of-service\/\" target=\"_blank\" rel=\"nofollow noopener\">vilk\u00e5r og betingelser<\/a> for detaljert informasjon.\n<\/ul>\n<p>[\/cg_accordion]\n[cg_accordion title=\"KUNDEST\u00d8TTE\"]<\/p>\n<p>Har du et sp\u00f8rsm\u00e5l? Vi er bare en kort tekstmelding unna \u00e5 l\u00f8se problemet ditt!<br \/>\n[\/cg_accordion]\n[cg_accordion title=\"HVA SOM ER INKLUDERT\"]<\/p>\n<ul>\n<li>1x BiWIN 2230 NVMe<\/li>\n<\/ul>\n<p>[\/cg_accordion]\n","protected":false},"featured_media":7577,"template":"","meta":{"_acf_changed":false},"product_brand":[],"product_cat":[1187],"product_tag":[3956],"woo-feed-brand":[],"class_list":{"0":"post-7576","1":"product","2":"type-product","3":"status-publish","4":"has-post-thumbnail","6":"product_cat-tilbehor","7":"product_tag-hardware-no","8":"product_shipping_class-low-end","9":"pa_accessory-type-tillegg","10":"pa_brand-biwin","12":"first","13":"outofstock","14":"sold-individually","15":"taxable","16":"shipping-taxable","17":"purchasable","18":"product-type-simple"},"acf":[],"aioseo_notices":[],"_links":{"self":[{"href":"https:\/\/gpdstore.net\/no\/wp-json\/wp\/v2\/product\/7576","targetHints":{"allow":["GET"]}}],"collection":[{"href":"https:\/\/gpdstore.net\/no\/wp-json\/wp\/v2\/product"}],"about":[{"href":"https:\/\/gpdstore.net\/no\/wp-json\/wp\/v2\/types\/product"}],"wp:featuredmedia":[{"embeddable":true,"href":"https:\/\/gpdstore.net\/no\/wp-json\/wp\/v2\/media\/7577"}],"wp:attachment":[{"href":"https:\/\/gpdstore.net\/no\/wp-json\/wp\/v2\/media?parent=7576"}],"wp:term":[{"taxonomy":"product_brand","embeddable":true,"href":"https:\/\/gpdstore.net\/no\/wp-json\/wp\/v2\/product_brand?post=7576"},{"taxonomy":"product_cat","embeddable":true,"href":"https:\/\/gpdstore.net\/no\/wp-json\/wp\/v2\/product_cat?post=7576"},{"taxonomy":"product_tag","embeddable":true,"href":"https:\/\/gpdstore.net\/no\/wp-json\/wp\/v2\/product_tag?post=7576"},{"taxonomy":"woo-feed-brand","embeddable":true,"href":"https:\/\/gpdstore.net\/no\/wp-json\/wp\/v2\/woo-feed-brand?post=7576"}],"curies":[{"name":"wp","href":"https:\/\/api.w.org\/{rel}","templated":true}]}}